{"id":9200,"date":"2020-12-17T17:50:50","date_gmt":"2020-12-17T17:50:50","guid":{"rendered":"https:\/\/augmentir.com\/?page_id=9200"},"modified":"2021-10-21T01:42:27","modified_gmt":"2021-10-21T01:42:27","slug":"solution-overview","status":"publish","type":"page","link":"https:\/\/www.augmentir.com\/fr\/solutions\/cisco-webex-expert-on-demand\/solution-overview","title":{"rendered":"Pr\u00e9sentation de la solution \u2013 Augmentir et Cisco Webex Expert \u00e0 la demande"},"content":{"rendered":"<div id='av_section_1'  class='avia-section main_color avia-section-small avia-no-border-styling avia-bg-style-scroll  avia-builder-el-0  el_before_av_section  avia-builder-el-first   container_wrap sidebar_right' style=' '  ><div class='container' ><main  role=\"main\" itemprop=\"mainContentOfPage\"  class='template-page content  av-content-small alpha units'><div class='post-entry post-entry-type-page post-entry-9200'><div class='entry-content-wrapper clearfix'>\n<section class=\"av_textblock_section\"  itemscope=\"itemscope\" itemtype=\"https:\/\/schema.org\/CreativeWork\" ><div class='avia_textblock eyebrow-headline av_inherit_color'  style='font-size:18px; '  itemprop=\"text\" ><p>Vue d&#039;ensemble de la solution<\/p>\n<\/div><\/section>\n<div class=\"flex_column av_three_fourth  av-break-at-tablet flex_column_div av-zero-column-padding first  avia-builder-el-2  el_after_av_textblock  el_before_av_one_fourth  column-top-margin\" style='margin-top:0px; margin-bottom:0px; border-radius:0px; '><p><div  style='padding-bottom:10px; margin:10px 0px 0px 0px; color:#222222;font-size:40px;' class='av-special-heading av-special-heading-h1 custom-color-heading blockquote modern-quote  avia-builder-el-3  el_before_av_codeblock  avia-builder-el-first  av-inherit-size'><h1 class='av-special-heading-tag'  itemprop=\"headline\"  >Augmenter et <span style=\"white-space: nowrap;\">CiscoWebex<\/span> <span style=\"white-space: nowrap;\">Expert \u00e0 la demande<\/span><\/h1><div class='special-heading-border'><div class='special-heading-inner-border' style='border-color:#222222'><\/div><\/div><\/div><br \/>\n<br \/>\n<div  style='padding-bottom:10px; ' class='av-special-heading av-special-heading-h2  blockquote modern-quote  avia-builder-el-5  el_after_av_codeblock  el_before_av_textblock'><h2 class='av-special-heading-tag'  itemprop=\"headline\"  >Aper\u00e7u<\/h2><div class='special-heading-border'><div class='special-heading-inner-border' ><\/div><\/div><\/div><br \/>\n<section class=\"av_textblock_section\"  itemscope=\"itemscope\" itemtype=\"https:\/\/schema.org\/CreativeWork\" ><div class='avia_textblock'   itemprop=\"text\" ><p><span style=\"font-weight: 400;\">Les clients et partenaires de Cisco peuvent d\u00e9sormais am\u00e9liorer Cisco Webex et \u00e9tendre la valeur \u00e0 leur main-d&#039;\u0153uvre de premi\u00e8re ligne avec une solution compl\u00e8te de travail connect\u00e9.\u00a0<\/span><\/p>\n<p><span style=\"font-weight: 400;\">Combin\u00e9 \u00e0 la plate-forme de travail connect\u00e9 aliment\u00e9e par l&#039;IA d&#039;Augmentir, Cisco Webex et Expert on Demand offrent ensemble une solution puissante qui aide \u00e0 guider intelligemment et \u00e0 soutenir \u00e0 distance les travailleurs de premi\u00e8re ligne afin qu&#039;ils puissent donner le meilleur d&#039;eux-m\u00eames.<\/span><\/p>\n<p><span style=\"font-weight: 400;\">Avec la suite d&#039;outils logiciels aliment\u00e9s par l&#039;IA d&#039;Augmentir, les \u00e9quipes de fabrication et de service peuvent utiliser de mani\u00e8re transparente les puissants outils Cisco via une interface unifi\u00e9e, permettant \u00e0 votre personnel de donner le meilleur d&#039;eux-m\u00eames.<\/span><\/p>\n<\/div><\/section><br \/>\n<br \/>\n<div  style='padding-bottom:10px; ' class='av-special-heading av-special-heading-h2  blockquote modern-quote  avia-builder-el-8  el_after_av_codeblock  el_before_av_image'><h2 class='av-special-heading-tag'  itemprop=\"headline\"  >Architecture des solutions<\/h2><div class='special-heading-border'><div class='special-heading-inner-border' ><\/div><\/div><\/div><br \/>\n<div  class='avia-image-container  av-styling-    avia-builder-el-9  el_after_av_heading  el_before_av_codeblock  solution-architecture avia-align-center'  itemprop=\"image\" itemscope=\"itemscope\" itemtype=\"https:\/\/schema.org\/ImageObject\"  ><div class='avia-image-container-inner'><div class='avia-image-overlay-wrap'><img class='avia_image' src='https:\/\/www.augmentir.com\/wp-content\/uploads\/2020\/12\/augmentir-cisco-solution-architecture.png' alt='' title=''   itemprop=\"thumbnailUrl\"  \/><\/div><\/div><\/div><br \/>\n<br \/>\n<div  style='padding-bottom:10px; ' class='av-special-heading av-special-heading-h2  blockquote modern-quote  avia-builder-el-11  el_after_av_codeblock  el_before_av_textblock'><h2 class='av-special-heading-tag'  itemprop=\"headline\"  >Capacit\u00e9s cl\u00e9s<\/h2><div class='special-heading-border'><div class='special-heading-inner-border' ><\/div><\/div><\/div><br \/>\n<section class=\"av_textblock_section\"  itemscope=\"itemscope\" itemtype=\"https:\/\/schema.org\/CreativeWork\" ><div class='avia_textblock'   itemprop=\"text\" ><p><strong>Guidez intelligemment vos travailleurs de premi\u00e8re ligne<\/strong><br \/>\nLes outils de flux de travail num\u00e9riques d&#039;Augmentir permettent la cr\u00e9ation et la livraison rapides d&#039;instructions de travail augment\u00e9es pour aider \u00e0 guider les travailleurs dans les t\u00e2ches quotidiennes.<\/p>\n<p><strong>Acc\u00e8s mains libres \u00e0 des experts \u00e0 distance<\/strong><br \/>\nCombin\u00e9 avec Cisco Webex Expert on Demand, Augmentir donne aux travailleurs la possibilit\u00e9 de se connecter et de collaborer rapidement avec des experts distants o\u00f9 qu&#039;ils se trouvent. En utilisant le RealWear HMT-1, un casque portable industriel mains libres, Augmentir et Expert on Demand transforment le HMT-1 en un outil de guidage et de collaboration \u00e0 commande vocale pour les travailleurs de premi\u00e8re ligne - le tout enti\u00e8rement mains libres.<\/p>\n<p><strong>Stimulez l&#039;am\u00e9lioration continue avec des informations op\u00e9rationnelles et sur les travailleurs<\/strong><br \/>\nL&#039;IA d&#039;Augmentir offre une visibilit\u00e9 sans pr\u00e9c\u00e9dent sur les travailleurs et les processus de travail dans l&#039;ensemble de votre exploitation, vous aidant \u00e0\u00a0:<\/p>\n<ul>\n<li>Am\u00e9liorer la qualit\u00e9 et la s\u00e9curit\u00e9 des proc\u00e9dures de travail<\/li>\n<li>Am\u00e9liorer les processus internes et la conformit\u00e9<\/li>\n<li>Augmentez la productivit\u00e9 et la performance des employ\u00e9s<\/li>\n<li>Identifier les besoins de formation<\/li>\n<li>D\u00e9couvrez les tendances commerciales et les domaines d&#039;opportunit\u00e9<\/li>\n<\/ul>\n<\/div><\/section><br \/>\n<br \/>\n<div  style='padding-bottom:10px; ' class='av-special-heading av-special-heading-h2  blockquote modern-quote  avia-builder-el-14  el_after_av_codeblock  el_before_av_textblock'><h2 class='av-special-heading-tag'  itemprop=\"headline\"  >Avantages<\/h2><div class='special-heading-border'><div class='special-heading-inner-border' ><\/div><\/div><\/div><br \/>\n<section class=\"av_textblock_section\"  itemscope=\"itemscope\" itemtype=\"https:\/\/schema.org\/CreativeWork\" ><div class='avia_textblock'   itemprop=\"text\" ><p>Webex Expert on Demand et la plate-forme de travailleurs connect\u00e9s aliment\u00e9e par l&#039;IA d&#039;Augmentir offrent ensemble une combinaison unique de technologies et d&#039;outils n\u00e9cessaires pour aider \u00e0 am\u00e9liorer la s\u00e9curit\u00e9, la qualit\u00e9 et la productivit\u00e9 des travailleurs de premi\u00e8re ligne effectuant des travaux industriels dans la fabrication et les services.<\/p>\n<p><strong>Am\u00e9liorez la qualit\u00e9 du travail gr\u00e2ce aux instructions de travail num\u00e9ris\u00e9es<\/strong><br \/>\nAm\u00e9liorez la qualit\u00e9 en passant d&#039;instructions de travail \u00e9tape par \u00e9tape sur papier \u00e0 des instructions de travail \u00e9tape par \u00e9tape enrichies de m\u00e9dias enrichis, de donn\u00e9es contextuelles et d&#039;exp\u00e9riences de r\u00e9alit\u00e9 mixte.<\/p>\n<p><strong>Permettre un travail s\u00fbr et ind\u00e9pendant<\/strong><br \/>\nCr\u00e9ez et attribuez des instructions de travail num\u00e9riques \u00e0 votre main-d&#039;\u0153uvre de premi\u00e8re ligne, qui peuvent \u00eatre compl\u00e9t\u00e9es par des documents de r\u00e9f\u00e9rence utiles afin que vos employ\u00e9s aient toujours les bonnes informations devant eux, leur permettant de prendre les bonnes d\u00e9cisions, conduisant \u00e0 des r\u00e9sultats plus s\u00fbrs.<\/p>\n<p><strong>Stimulez la collaboration pour r\u00e9duire le d\u00e9lai de r\u00e9solution<\/strong><br \/>\nAvec Augmentir et Webex, vos \u00e9quipes peuvent collaborer et acc\u00e9der \u00e0 l&#039;aide instantan\u00e9e d&#039;experts \u00e0 tout moment, de n&#039;importe o\u00f9 dans le monde pour r\u00e9soudre les probl\u00e8mes plus rapidement.<\/p>\n<p><strong>Acc\u00e8s \u00e0 la demande \u00e0 des experts<\/strong><br \/>\nLes conseils d&#039;experts \u00e0 distance permettent \u00e0 votre main-d&#039;\u0153uvre distante et \u00e0 vos clients de collaborer virtuellement et d&#039;obtenir l&#039;assistance d&#039;experts en la mati\u00e8re, o\u00f9 qu&#039;ils se trouvent. L&#039;IA d&#039;Augmentir capture et accumule les connaissances tribales des PME et les transforme en un actif d&#039;entreprise partageable.<\/p>\n<p><strong>Effectuez des op\u00e9rations mains libres<\/strong><br \/>\nAugmentir et Webex Expert on Demand fonctionnent sur n&#039;importe quel appareil mobile ou technologie portable adapt\u00e9 au travail. Offrez \u00e0 votre personnel un fonctionnement enti\u00e8rement mains libres avec Augmentir sur le RealWear HMT-1.<\/p>\n<p><strong>R\u00e9duire les co\u00fbts op\u00e9rationnels<\/strong><br \/>\nL&#039;IA d&#039;Augmentir capture les donn\u00e9es de vos travailleurs connect\u00e9s et identifie les domaines dans lesquels les am\u00e9liorations les plus importantes peuvent \u00eatre apport\u00e9es au sein de votre personnel et dans votre organisation.<\/p>\n<\/div><\/section><br \/>\n<div  style='height:50px' class='hr hr-invisible   avia-builder-el-16  el_after_av_textblock  avia-builder-el-last'><span class='hr-inner' ><span class='hr-inner-style'><\/span><\/span><\/div><\/p><\/div><div class=\"flex_column av_one_fourth  av-hide-on-mobile  av-break-at-tablet flex_column_div av-zero-column-padding   avia-builder-el-17  el_after_av_three_fourth  avia-builder-el-last  border-column column-top-margin\" style='margin-top:0px; margin-bottom:0px; border-radius:0px; '><p><div  style='padding-bottom:10px; ' class='av-special-heading av-special-heading-h3  blockquote modern-quote  avia-builder-el-18  el_before_av_textblock  avia-builder-el-first'><h3 class='av-special-heading-tag'  itemprop=\"headline\"  >Table des mati\u00e8res<\/h3><div class='special-heading-border'><div class='special-heading-inner-border' ><\/div><\/div><\/div><br \/>\n<section class=\"av_textblock_section\"  itemscope=\"itemscope\" itemtype=\"https:\/\/schema.org\/CreativeWork\" ><div class='avia_textblock'   itemprop=\"text\" ><p><a href=\"#overview\">Aper\u00e7u<\/a><\/p>\n<p><a href=\"#solution-architecture\">Architecture des solutions<\/a><\/p>\n<p><a href=\"#key-capabilities\">Capacit\u00e9s cl\u00e9s<\/a><\/p>\n<p><a href=\"#benefits\">Avantages<\/a><\/p>\n<\/div><\/section><\/p><\/div>\n\n<\/div><\/div><\/main><!-- close content main element --><\/div><\/div><div id='av_section_2'  class='avia-section main_color avia-section-default avia-no-border-styling avia-bg-style-scroll  avia-builder-el-20  el_after_av_section  el_before_av_section   av-desktop-hide av-medium-hide av-small-hide av-mini-hide container_wrap sidebar_right' style=' '  ><div class='container' ><div class='template-page content  av-content-small alpha units'><div class='post-entry post-entry-type-page post-entry-9200'><div class='entry-content-wrapper clearfix'>\n<div class=\"flex_column av_one_full  flex_column_div av-zero-column-padding first  avia-builder-el-21  avia-builder-el-no-sibling  border-column\" style='border-radius:0px; '><p><div  class='avia-button-wrap avia-button-left  avia-builder-el-22  el_before_av_hr  avia-builder-el-first' ><a href=''  class='avia-button   avia-icon_select-yes-left-icon avia-color-custom avia-size-small avia-position-left'  style='background-color:#ffffff; border-color:#ffffff; color:#666666; ' ><span class='avia_button_icon avia_button_icon_left' aria-hidden='true' data-av_icon='\ue82d' data-av_iconfont='entypo-fontello'><\/span><span class='avia_iconbox_title' >T\u00e9l\u00e9charger le PDF<\/span><\/a><\/div><br \/>\n<div  style='height:12px' class='hr hr-invisible   avia-builder-el-23  el_after_av_button  el_before_av_button'><span class='hr-inner' ><span class='hr-inner-style'><\/span><\/span><\/div><br \/>\n<div  class='avia-button-wrap avia-button-left  avia-builder-el-24  el_after_av_hr  el_before_av_hr' ><a href='https:\/\/www.augmentir.com\/solutions\/cisco-webex-expert-on-demand\/faq'  class='avia-button   avia-icon_select-yes-left-icon avia-color-custom avia-size-small avia-position-left'  style='background-color:#ffffff; border-color:#ffffff; color:#666666; ' ><span class='avia_button_icon avia_button_icon_left' aria-hidden='true' data-av_icon='\ue81d' data-av_iconfont='entypo-fontello'><\/span><span class='avia_iconbox_title' >Voir la FAQ<\/span><\/a><\/div><br \/>\n<div  style='height:12px' class='hr hr-invisible   avia-builder-el-25  el_after_av_button  el_before_av_button'><span class='hr-inner' ><span class='hr-inner-style'><\/span><\/span><\/div><br \/>\n<div  class='avia-button-wrap avia-button-left  avia-builder-el-26  el_after_av_hr  avia-builder-el-last' ><a href='https:\/\/www.augmentir.com\/contact'  class='avia-button   avia-icon_select-yes-left-icon avia-color-custom avia-size-small avia-position-left'  style='background-color:#ffffff; border-color:#ffffff; color:#666666; ' ><span class='avia_button_icon avia_button_icon_left' aria-hidden='true' data-av_icon='\ue83c' data-av_iconfont='entypo-fontello'><\/span><span class='avia_iconbox_title' >Contactez-nous<\/span><\/a><\/div><\/p><\/div>\n\n<\/div><\/div><\/div><!-- close content main div --><\/div><\/div><div id='av_section_3'  class='avia-section main_color avia-section-huge avia-no-border-styling avia-bg-style-scroll  avia-builder-el-27  el_after_av_section  avia-builder-el-last   container_wrap sidebar_right' style='background-color: #efefef;  '  ><div class='container' ><div class='template-page content  av-content-small alpha units'><div class='post-entry post-entry-type-page post-entry-9200'><div class='entry-content-wrapper clearfix'>\n<div class=\"flex_column av_one_full  flex_column_div first  avia-builder-el-28  avia-builder-el-no-sibling\" style='padding:0px 20% 0px 20% ; border-radius:0px; '><p><div  style='padding-bottom:20px; font-size:42px;' class='av-special-heading av-special-heading-h2  blockquote modern-quote modern-centered  avia-builder-el-29  el_before_av_textblock  avia-builder-el-first  av-inherit-size'><h2 class='av-special-heading-tag'  itemprop=\"headline\"  >Int\u00e9ress\u00e9? Parlons<\/h2><div class='special-heading-border'><div class='special-heading-inner-border' ><\/div><\/div><\/div><br \/>\n<section class=\"av_textblock_section\"  itemscope=\"itemscope\" itemtype=\"https:\/\/schema.org\/CreativeWork\" ><div class='avia_textblock'   itemprop=\"text\" ><p style=\"text-align: center;\">Autonomisez votre personnel de premi\u00e8re ligne avec Augmentir et Cisco Webex Expert on Demand, une solution int\u00e9gr\u00e9e qui guide et soutient intelligemment vos \u00e9quipes.<\/p>\n<\/div><\/section><br \/>\n<div  style='height:20px' class='hr hr-invisible   avia-builder-el-31  el_after_av_textblock  el_before_av_textblock'><span class='hr-inner' ><span class='hr-inner-style'><\/span><\/span><\/div><br \/>\n<section class=\"av_textblock_section\"  itemscope=\"itemscope\" itemtype=\"https:\/\/schema.org\/CreativeWork\" ><div class='avia_textblock'   itemprop=\"text\" ><div class=\"avia-button-wrap\" style=\"text-align: center; width: 100%; margin: 0px auto;\"><a class=\"open-popup-link avia-button avia-icon_select-no avia-color-custom avia-size-large no-scroll\" style=\"filter: none !important; background: #FC704A; border: 1px solid #FC704A; color: #ffffff; font-weight: bold; font-size: 14px; cursor: pointer;\" href=\"#contact-form-popup\"><span class=\"avia_iconbox_title\">Contactez-nous<\/span><\/a><\/div>\n<\/div><\/section><br \/>\n<\/p><\/div><\/div><\/div><\/div><!-- close content main div --><\/div><\/div><div id='after_section_3'  class='main_color av_default_container_wrap container_wrap sidebar_right' style=' '  ><div class='container' ><div class='template-page content  av-content-small alpha units'><div class='post-entry post-entry-type-page post-entry-9200'><div class='entry-content-wrapper clearfix'>","protected":false},"excerpt":{"rendered":"","protected":false},"author":1,"featured_media":10188,"parent":9089,"menu_order":0,"comment_status":"closed","ping_status":"closed","template":"","meta":{"inline_featured_image":false,"_lmt_disableupdate":"no","_lmt_disable":"","footnotes":""},"class_list":["post-9200","page","type-page","status-publish","has-post-thumbnail","hentry"],"yoast_head":"<!-- This site is optimized with the Yoast SEO plugin v27.2 - https:\/\/yoast.com\/product\/yoast-seo-wordpress\/ -->\n<title>Solution Overview - Augmentir and Cisco Webex Expert on Demand - Augmentir<\/title>\n<meta name=\"robots\" content=\"index, follow, max-snippet:-1, max-image-preview:large, max-video-preview:-1\" \/>\n<link rel=\"canonical\" href=\"https:\/\/www.augmentir.com\/fr\/solutions\/cisco-webex-expert-on-demand\/solution-overview\" \/>\n<meta property=\"og:locale\" content=\"fr_FR\" \/>\n<meta property=\"og:type\" content=\"article\" \/>\n<meta property=\"og:title\" content=\"Solution Overview - Augmentir and Cisco Webex Expert on Demand - Augmentir\" \/>\n<meta property=\"og:url\" content=\"https:\/\/www.augmentir.com\/fr\/solutions\/cisco-webex-expert-on-demand\/solution-overview\" \/>\n<meta property=\"og:site_name\" content=\"Augmentir\" \/>\n<meta property=\"article:modified_time\" content=\"2021-10-21T01:42:27+00:00\" \/>\n<meta property=\"og:image\" content=\"https:\/\/www.augmentir.com\/wp-content\/uploads\/2021\/05\/augmentir-cisco-solution.png\" \/>\n\t<meta property=\"og:image:width\" content=\"1\" \/>\n\t<meta property=\"og:image:height\" content=\"1\" \/>\n\t<meta property=\"og:image:type\" content=\"image\/png\" \/>\n<meta name=\"twitter:card\" content=\"summary_large_image\" \/>\n<meta name=\"twitter:site\" content=\"@augmentir\" \/>\n<script type=\"application\/ld+json\" class=\"yoast-schema-graph\">{\"@context\":\"https:\/\/schema.org\",\"@graph\":[{\"@type\":\"WebPage\",\"@id\":\"https:\/\/www.augmentir.com\/solutions\/cisco-webex-expert-on-demand\/solution-overview\",\"url\":\"https:\/\/www.augmentir.com\/solutions\/cisco-webex-expert-on-demand\/solution-overview\",\"name\":\"Solution Overview - Augmentir and Cisco Webex Expert on Demand - Augmentir\",\"isPartOf\":{\"@id\":\"https:\/\/www.augmentir.com\/#website\"},\"primaryImageOfPage\":{\"@id\":\"https:\/\/www.augmentir.com\/solutions\/cisco-webex-expert-on-demand\/solution-overview#primaryimage\"},\"image\":{\"@id\":\"https:\/\/www.augmentir.com\/solutions\/cisco-webex-expert-on-demand\/solution-overview#primaryimage\"},\"thumbnailUrl\":\"https:\/\/www.augmentir.com\/wp-content\/uploads\/2021\/05\/augmentir-cisco-solution.png\",\"datePublished\":\"2020-12-17T17:50:50+00:00\",\"dateModified\":\"2021-10-21T01:42:27+00:00\",\"breadcrumb\":{\"@id\":\"https:\/\/www.augmentir.com\/solutions\/cisco-webex-expert-on-demand\/solution-overview#breadcrumb\"},\"inLanguage\":\"fr-FR\",\"potentialAction\":[{\"@type\":\"ReadAction\",\"target\":[\"https:\/\/www.augmentir.com\/solutions\/cisco-webex-expert-on-demand\/solution-overview\"]}]},{\"@type\":\"ImageObject\",\"inLanguage\":\"fr-FR\",\"@id\":\"https:\/\/www.augmentir.com\/solutions\/cisco-webex-expert-on-demand\/solution-overview#primaryimage\",\"url\":\"https:\/\/www.augmentir.com\/wp-content\/uploads\/2021\/05\/augmentir-cisco-solution.png\",\"contentUrl\":\"https:\/\/www.augmentir.com\/wp-content\/uploads\/2021\/05\/augmentir-cisco-solution.png\",\"caption\":\"Augmentir Connected Worker Platform and Cisco Webex for Frontline Workers\"},{\"@type\":\"BreadcrumbList\",\"@id\":\"https:\/\/www.augmentir.com\/solutions\/cisco-webex-expert-on-demand\/solution-overview#breadcrumb\",\"itemListElement\":[{\"@type\":\"ListItem\",\"position\":1,\"name\":\"Home\",\"item\":\"https:\/\/www.augmentir.com\/\"},{\"@type\":\"ListItem\",\"position\":2,\"name\":\"Industry Solutions and Use Cases\",\"item\":\"https:\/\/www.augmentir.com\/solutions\"},{\"@type\":\"ListItem\",\"position\":3,\"name\":\"Cisco Webex Expert on Demand and Augmentir\",\"item\":\"https:\/\/www.augmentir.com\/solutions\/cisco-webex-expert-on-demand\"},{\"@type\":\"ListItem\",\"position\":4,\"name\":\"Solution Overview &#8211; Augmentir and Cisco Webex Expert on Demand\"}]},{\"@type\":\"WebSite\",\"@id\":\"https:\/\/www.augmentir.com\/#website\",\"url\":\"https:\/\/www.augmentir.com\/\",\"name\":\"Augmentir\",\"description\":\"AI-Powered Connected Worker Platform\",\"publisher\":{\"@id\":\"https:\/\/www.augmentir.com\/#organization\"},\"potentialAction\":[{\"@type\":\"SearchAction\",\"target\":{\"@type\":\"EntryPoint\",\"urlTemplate\":\"https:\/\/www.augmentir.com\/?s={search_term_string}\"},\"query-input\":{\"@type\":\"PropertyValueSpecification\",\"valueRequired\":true,\"valueName\":\"search_term_string\"}}],\"inLanguage\":\"fr-FR\"},{\"@type\":\"Organization\",\"@id\":\"https:\/\/www.augmentir.com\/#organization\",\"name\":\"Augmentir, Inc.\",\"url\":\"https:\/\/www.augmentir.com\/\",\"logo\":{\"@type\":\"ImageObject\",\"inLanguage\":\"fr-FR\",\"@id\":\"https:\/\/www.augmentir.com\/#\/schema\/logo\/image\/\",\"url\":\"https:\/\/www.augmentir.com\/wp-content\/uploads\/2021\/10\/Augmentir_Logo.svg\",\"contentUrl\":\"https:\/\/www.augmentir.com\/wp-content\/uploads\/2021\/10\/Augmentir_Logo.svg\",\"width\":\"1200\",\"height\":\"1200\",\"caption\":\"Augmentir, Inc.\"},\"image\":{\"@id\":\"https:\/\/www.augmentir.com\/#\/schema\/logo\/image\/\"},\"sameAs\":[\"https:\/\/x.com\/augmentir\",\"https:\/\/www.linkedin.com\/company\/augmentir\"]}]}<\/script>\n<!-- \/ Yoast SEO plugin. -->","yoast_head_json":{"title":"Solution Overview - Augmentir and Cisco Webex Expert on Demand - Augmentir","robots":{"index":"index","follow":"follow","max-snippet":"max-snippet:-1","max-image-preview":"max-image-preview:large","max-video-preview":"max-video-preview:-1"},"canonical":"https:\/\/www.augmentir.com\/fr\/solutions\/cisco-webex-expert-on-demand\/solution-overview","og_locale":"fr_FR","og_type":"article","og_title":"Solution Overview - Augmentir and Cisco Webex Expert on Demand - Augmentir","og_url":"https:\/\/www.augmentir.com\/fr\/solutions\/cisco-webex-expert-on-demand\/solution-overview","og_site_name":"Augmentir","article_modified_time":"2021-10-21T01:42:27+00:00","og_image":[{"url":"https:\/\/www.augmentir.com\/wp-content\/uploads\/2021\/05\/augmentir-cisco-solution.png","width":1,"height":1,"type":"image\/png"}],"twitter_card":"summary_large_image","twitter_site":"@augmentir","schema":{"@context":"https:\/\/schema.org","@graph":[{"@type":"WebPage","@id":"https:\/\/www.augmentir.com\/solutions\/cisco-webex-expert-on-demand\/solution-overview","url":"https:\/\/www.augmentir.com\/solutions\/cisco-webex-expert-on-demand\/solution-overview","name":"Solution Overview - Augmentir and Cisco Webex Expert on Demand - Augmentir","isPartOf":{"@id":"https:\/\/www.augmentir.com\/#website"},"primaryImageOfPage":{"@id":"https:\/\/www.augmentir.com\/solutions\/cisco-webex-expert-on-demand\/solution-overview#primaryimage"},"image":{"@id":"https:\/\/www.augmentir.com\/solutions\/cisco-webex-expert-on-demand\/solution-overview#primaryimage"},"thumbnailUrl":"https:\/\/www.augmentir.com\/wp-content\/uploads\/2021\/05\/augmentir-cisco-solution.png","datePublished":"2020-12-17T17:50:50+00:00","dateModified":"2021-10-21T01:42:27+00:00","breadcrumb":{"@id":"https:\/\/www.augmentir.com\/solutions\/cisco-webex-expert-on-demand\/solution-overview#breadcrumb"},"inLanguage":"fr-FR","potentialAction":[{"@type":"ReadAction","target":["https:\/\/www.augmentir.com\/solutions\/cisco-webex-expert-on-demand\/solution-overview"]}]},{"@type":"ImageObject","inLanguage":"fr-FR","@id":"https:\/\/www.augmentir.com\/solutions\/cisco-webex-expert-on-demand\/solution-overview#primaryimage","url":"https:\/\/www.augmentir.com\/wp-content\/uploads\/2021\/05\/augmentir-cisco-solution.png","contentUrl":"https:\/\/www.augmentir.com\/wp-content\/uploads\/2021\/05\/augmentir-cisco-solution.png","caption":"Augmentir Connected Worker Platform and Cisco Webex for Frontline Workers"},{"@type":"BreadcrumbList","@id":"https:\/\/www.augmentir.com\/solutions\/cisco-webex-expert-on-demand\/solution-overview#breadcrumb","itemListElement":[{"@type":"ListItem","position":1,"name":"Home","item":"https:\/\/www.augmentir.com\/"},{"@type":"ListItem","position":2,"name":"Industry Solutions and Use Cases","item":"https:\/\/www.augmentir.com\/solutions"},{"@type":"ListItem","position":3,"name":"Cisco Webex Expert on Demand and Augmentir","item":"https:\/\/www.augmentir.com\/solutions\/cisco-webex-expert-on-demand"},{"@type":"ListItem","position":4,"name":"Solution Overview &#8211; Augmentir and Cisco Webex Expert on Demand"}]},{"@type":"WebSite","@id":"https:\/\/www.augmentir.com\/#website","url":"https:\/\/www.augmentir.com\/","name":"Augmentir","description":"AI-Powered Connected Worker Platform","publisher":{"@id":"https:\/\/www.augmentir.com\/#organization"},"potentialAction":[{"@type":"SearchAction","target":{"@type":"EntryPoint","urlTemplate":"https:\/\/www.augmentir.com\/?s={search_term_string}"},"query-input":{"@type":"PropertyValueSpecification","valueRequired":true,"valueName":"search_term_string"}}],"inLanguage":"fr-FR"},{"@type":"Organization","@id":"https:\/\/www.augmentir.com\/#organization","name":"Augmentir, Inc.","url":"https:\/\/www.augmentir.com\/","logo":{"@type":"ImageObject","inLanguage":"fr-FR","@id":"https:\/\/www.augmentir.com\/#\/schema\/logo\/image\/","url":"https:\/\/www.augmentir.com\/wp-content\/uploads\/2021\/10\/Augmentir_Logo.svg","contentUrl":"https:\/\/www.augmentir.com\/wp-content\/uploads\/2021\/10\/Augmentir_Logo.svg","width":"1200","height":"1200","caption":"Augmentir, Inc."},"image":{"@id":"https:\/\/www.augmentir.com\/#\/schema\/logo\/image\/"},"sameAs":["https:\/\/x.com\/augmentir","https:\/\/www.linkedin.com\/company\/augmentir"]}]}},"_links":{"self":[{"href":"https:\/\/www.augmentir.com\/fr\/wp-json\/wp\/v2\/pages\/9200","targetHints":{"allow":["GET"]}}],"collection":[{"href":"https:\/\/www.augmentir.com\/fr\/wp-json\/wp\/v2\/pages"}],"about":[{"href":"https:\/\/www.augmentir.com\/fr\/wp-json\/wp\/v2\/types\/page"}],"author":[{"embeddable":true,"href":"https:\/\/www.augmentir.com\/fr\/wp-json\/wp\/v2\/users\/1"}],"replies":[{"embeddable":true,"href":"https:\/\/www.augmentir.com\/fr\/wp-json\/wp\/v2\/comments?post=9200"}],"version-history":[{"count":0,"href":"https:\/\/www.augmentir.com\/fr\/wp-json\/wp\/v2\/pages\/9200\/revisions"}],"up":[{"embeddable":true,"href":"https:\/\/www.augmentir.com\/fr\/wp-json\/wp\/v2\/pages\/9089"}],"wp:featuredmedia":[{"embeddable":true,"href":"https:\/\/www.augmentir.com\/fr\/wp-json\/wp\/v2\/media\/10188"}],"wp:attachment":[{"href":"https:\/\/www.augmentir.com\/fr\/wp-json\/wp\/v2\/media?parent=9200"}],"curies":[{"name":"wp","href":"https:\/\/api.w.org\/{rel}","templated":true}]}}