{"id":9150,"date":"2020-12-17T14:20:21","date_gmt":"2020-12-17T14:20:21","guid":{"rendered":"https:\/\/augmentir.com\/?page_id=9150"},"modified":"2021-10-21T01:45:38","modified_gmt":"2021-10-21T01:45:38","slug":"faq","status":"publish","type":"page","link":"https:\/\/www.augmentir.com\/fr\/solutions\/cisco-webex-expert-on-demand\/faq","title":{"rendered":"FAQ \u2013 Augmentir et Cisco Webex Expert \u00e0 la demande"},"content":{"rendered":"<div id='av_section_1'  class='avia-section main_color avia-section-small avia-no-border-styling avia-bg-style-scroll  avia-builder-el-0  el_before_av_section  avia-builder-el-first   container_wrap sidebar_right' style=' '  ><div class='container' ><main  role=\"main\" itemprop=\"mainContentOfPage\"  class='template-page content  av-content-small alpha units'><div class='post-entry post-entry-type-page post-entry-9150'><div class='entry-content-wrapper clearfix'>\n<section class=\"av_textblock_section\"  itemscope=\"itemscope\" itemtype=\"https:\/\/schema.org\/CreativeWork\" ><div class='avia_textblock eyebrow-headline'  style='font-size:18px; '  itemprop=\"text\" ><p>Questions fr\u00e9quemment pos\u00e9es<\/p>\n<\/div><\/section>\n<div  style='padding-bottom:10px; margin:10px 0px 0px 0px; color:#222222;font-size:40px;' class='av-special-heading av-special-heading-h1 custom-color-heading blockquote modern-quote  avia-builder-el-2  el_after_av_textblock  avia-builder-el-last  av-inherit-size'><h1 class='av-special-heading-tag'  itemprop=\"headline\"  >Augmenter et <span style=\"white-space: nowrap;\">CiscoWebex<\/span> <span style=\"white-space: nowrap;\">Expert \u00e0 la demande<\/span><\/h1><div class='special-heading-border'><div class='special-heading-inner-border' style='border-color:#222222'><\/div><\/div><\/div>\n<\/div><\/div><\/main><!-- close content main element --><\/div><\/div><div id='av_section_2'  class='avia-section main_color avia-section-small avia-no-border-styling avia-bg-style-scroll  avia-builder-el-3  el_after_av_section  avia-builder-el-last   container_wrap sidebar_right' style=' '  ><div class='container' ><div class='template-page content  av-content-small alpha units'><div class='post-entry post-entry-type-page post-entry-9150'><div class='entry-content-wrapper clearfix'>\n<section class=\"av_textblock_section\"  itemscope=\"itemscope\" itemtype=\"https:\/\/schema.org\/CreativeWork\" ><div class='avia_textblock'   itemprop=\"text\" ><p>Cisco Webex combin\u00e9 \u00e0 la plate-forme de travail connect\u00e9 aliment\u00e9e par l&#039;IA d&#039;Augmentir est utilis\u00e9 pour guider intelligemment et soutenir \u00e0 distance les travailleurs de premi\u00e8re ligne afin qu&#039;ils puissent donner le meilleur d&#039;eux-m\u00eames.<\/p>\n<\/div><\/section>\n<div  style='padding-bottom:10px; margin:0px 0px 0px 0px; ' class='av-special-heading av-special-heading-h2  blockquote modern-quote  avia-builder-el-5  el_after_av_textblock  el_before_av_textblock'><h2 class='av-special-heading-tag'  itemprop=\"headline\"  >FAQ<\/h2><div class='special-heading-border'><div class='special-heading-inner-border' ><\/div><\/div><\/div>\n<section class=\"av_textblock_section\"  itemscope=\"itemscope\" itemtype=\"https:\/\/schema.org\/CreativeWork\" ><div class='avia_textblock'   itemprop=\"text\" ><p><b>Q\u00a0: Qu&#039;est-ce que la solution combin\u00e9e Augmentir et Cisco\u00a0?<\/b><\/p>\n<p><b>UN: <\/b><span style=\"font-weight: 400;\">La solution Augmentir Connected Worker est une solution int\u00e9gr\u00e9e approuv\u00e9e par Cisco qui fonctionne de mani\u00e8re transparente avec votre infrastructure. La solution combine Cisco Webex avec la plate-forme de travailleurs connect\u00e9s aliment\u00e9e par l&#039;IA d&#039;Augmentir, pour aider \u00e0 guider intelligemment et \u00e0 soutenir \u00e0 distance les travailleurs de premi\u00e8re ligne afin qu&#039;ils puissent donner le meilleur d&#039;eux-m\u00eames.<\/span><b><\/b><\/p>\n<p><span style=\"font-weight: 400;\">La solution est con\u00e7ue pour fonctionner sur le casque portable industriel RealWear HMT-1. Augmentir et Webex Expert on Demand sur RealWear transforment le produit RealWear HMT-1 en un casque de guidage et de collaboration \u00e0 commande vocale qui connecte le travailleur de premi\u00e8re ligne au reste de l&#039;organisation. Cela permet aux entreprises de fournir des instructions de travail augment\u00e9es pour aider \u00e0 guider les travailleurs pendant le travail et permet aux travailleurs de premi\u00e8re ligne de se connecter avec les meilleurs experts en cas de besoin.<\/span><\/p>\n<\/div><\/section>\n<section class=\"av_textblock_section\"  itemscope=\"itemscope\" itemtype=\"https:\/\/schema.org\/CreativeWork\" ><div class='avia_textblock'   itemprop=\"text\" ><p><b>Q\u00a0: Comment fonctionne la solution\u00a0?<\/b><\/p>\n<p><b>UN: <\/b><span style=\"font-weight: 400;\">La solution permet aux personnes portant des appareils RealWear d&#039;exploiter de mani\u00e8re transparente la plate-forme Augmentir Digital Workflow avec la plate-forme Webex.<\/span><b><\/b><\/p>\n<p><span style=\"font-weight: 400;\">Les outils de flux de travail num\u00e9riques d&#039;Augmentir permettent la cr\u00e9ation et la livraison rapides d&#039;instructions de travail augment\u00e9es pour aider \u00e0 guider les travailleurs dans les t\u00e2ches quotidiennes. Cette valeur est \u00e9tendue avec Cisco Webex Expert on Demand, qui donne aux employ\u00e9s la possibilit\u00e9 de se connecter et de collaborer rapidement avec des experts distants o\u00f9 qu&#039;ils se trouvent.<\/span><\/p>\n<\/div><\/section>\n<section class=\"av_textblock_section\"  itemscope=\"itemscope\" itemtype=\"https:\/\/schema.org\/CreativeWork\" ><div class='avia_textblock'   itemprop=\"text\" ><p><b>Q\u00a0: Quels sont les principaux secteurs d&#039;activit\u00e9 et les cas d&#039;utilisation\u00a0?<\/b><\/p>\n<p><b>UN: <span style=\"font-weight: 400;\">Cette solution peut \u00eatre utilis\u00e9e pour am\u00e9liorer la s\u00e9curit\u00e9, la qualit\u00e9 et la productivit\u00e9 des travailleurs de premi\u00e8re ligne dans n&#039;importe quel environnement industriel o\u00f9 les travailleurs de premi\u00e8re ligne sont au c\u0153ur de la livraison de valeur.<\/span><\/b><\/p>\n<table>\n<tbody>\n<tr>\n<td><span style=\"font-weight: 400;\">Industrie<\/span><\/td>\n<td><span style=\"font-weight: 400;\">Cas d&#039;utilisation<\/span><\/td>\n<td><span style=\"font-weight: 400;\">Avantage<\/span><\/td>\n<\/tr>\n<tr>\n<td><span style=\"font-weight: 400;\">Fabrication<\/span><\/td>\n<td>\n<ul>\n<li style=\"font-weight: 400;\"><span style=\"font-weight: 400;\">Entretien pr\u00e9ventif et inspection<\/span><\/li>\n<li style=\"font-weight: 400;\"><span style=\"font-weight: 400;\">Prendre en charge les pannes, la maintenance et les r\u00e9parations<\/span><\/li>\n<li style=\"font-weight: 400;\"><span style=\"font-weight: 400;\">Tests de produits R et D \u00e0 distance<\/span><\/li>\n<li style=\"font-weight: 400;\"><span style=\"font-weight: 400;\">Soutenir la logistique \u00e0 distance<\/span><\/li>\n<li style=\"font-weight: 400;\"><span style=\"font-weight: 400;\">Formation \u00e0 distance<\/span><\/li>\n<\/ul>\n<\/td>\n<td>\n<ul>\n<li style=\"font-weight: 400;\"><span style=\"font-weight: 400;\">Am\u00e9lioration des taux de r\u00e9paration \u00e0 la premi\u00e8re intervention<\/span><\/li>\n<li style=\"font-weight: 400;\"><span style=\"font-weight: 400;\">Vitesse de r\u00e9solution plus rapide<\/span><\/li>\n<li style=\"font-weight: 400;\"><span style=\"font-weight: 400;\">Diminution des temps d&#039;arr\u00eat, r\u00e9sultant en une meilleure utilisation de l&#039;\u00e9quipement<\/span><\/li>\n<li style=\"font-weight: 400;\"><span style=\"font-weight: 400;\">Productivit\u00e9 accrue<\/span><\/li>\n<li style=\"font-weight: 400;\"><span style=\"font-weight: 400;\">D\u00e9penses op\u00e9rationnelles r\u00e9duites<\/span><\/li>\n<li style=\"font-weight: 400;\"><span style=\"font-weight: 400;\">Temps de productivit\u00e9 plus rapide<\/span><\/li>\n<\/ul>\n<\/td>\n<\/tr>\n<tr>\n<td><span style=\"font-weight: 400;\">Gaz de p\u00e9trole<\/span><\/td>\n<td>\n<ul>\n<li style=\"font-weight: 400;\"><span style=\"font-weight: 400;\">Entretien pr\u00e9ventif et inspection<\/span><\/li>\n<li style=\"font-weight: 400;\"><span style=\"font-weight: 400;\">R\u00e9parations et pannes en temps r\u00e9el<\/span><\/li>\n<li style=\"font-weight: 400;\"><span style=\"font-weight: 400;\">Capacit\u00e9 de former \u00e0 distance et d&#039;acc\u00e9l\u00e9rer l&#039;apprentissage dans des endroits \u00e9loign\u00e9s\u00a0<\/span><\/li>\n<\/ul>\n<\/td>\n<td>\n<ul>\n<li style=\"font-weight: 400;\"><span style=\"font-weight: 400;\">Am\u00e9lioration des taux de r\u00e9paration \u00e0 la premi\u00e8re intervention<\/span><\/li>\n<li style=\"font-weight: 400;\"><span style=\"font-weight: 400;\">Meilleure qualit\u00e9 de r\u00e9paration\u00a0<\/span><\/li>\n<li style=\"font-weight: 400;\"><span style=\"font-weight: 400;\">Frais de d\u00e9placement r\u00e9duits pour les experts sp\u00e9cialis\u00e9s<\/span><\/li>\n<li style=\"font-weight: 400;\"><span style=\"font-weight: 400;\">Diminution des incidents de travail et am\u00e9lioration de la s\u00e9curit\u00e9<\/span><\/li>\n<li style=\"font-weight: 400;\"><span style=\"font-weight: 400;\">Augmentation des rendements des produits<\/span><\/li>\n<li style=\"font-weight: 400;\"><span style=\"font-weight: 400;\">Temps de productivit\u00e9 plus rapide\u00a0<\/span><\/li>\n<\/ul>\n<\/td>\n<\/tr>\n<tr>\n<td><span style=\"font-weight: 400;\">\u00c9nergie et services publics<\/span><\/td>\n<td>\n<ul>\n<li style=\"font-weight: 400;\"><span style=\"font-weight: 400;\">Donnez aux travailleurs sur le terrain la possibilit\u00e9 de communiquer avec des experts \u00e0 distance dans des environnements de plus en plus complexes<\/span><\/li>\n<li style=\"font-weight: 400;\"><span style=\"font-weight: 400;\">Capacit\u00e9s d&#039;\u00e9valuation avant et apr\u00e8s les dommages<\/span><\/li>\n<li style=\"font-weight: 400;\"><span style=\"font-weight: 400;\">Entretien pr\u00e9ventif, inspection et r\u00e9paration<\/span><\/li>\n<li style=\"font-weight: 400;\"><span style=\"font-weight: 400;\">Formation \u00e0 distance<\/span><\/li>\n<\/ul>\n<\/td>\n<td>\n<ul>\n<li style=\"font-weight: 400;\"><span style=\"font-weight: 400;\">R\u00e9duction des d\u00e9penses d&#039;exploitation gr\u00e2ce \u00e0 la capacit\u00e9 de travailler avec une flotte et des co\u00fbts de carburant r\u00e9duits<\/span><\/li>\n<li style=\"font-weight: 400;\"><span style=\"font-weight: 400;\">Am\u00e9lioration de la productivit\u00e9 des employ\u00e9s<\/span><\/li>\n<li style=\"font-weight: 400;\"><span style=\"font-weight: 400;\">Am\u00e9lioration de la satisfaction des employ\u00e9s<\/span><\/li>\n<li style=\"font-weight: 400;\"><span style=\"font-weight: 400;\">Temps de productivit\u00e9 plus rapide<\/span><\/li>\n<li style=\"font-weight: 400;\"><span style=\"font-weight: 400;\">Temps de r\u00e9solution plus rapide<\/span><\/li>\n<\/ul>\n<\/td>\n<\/tr>\n<\/tbody>\n<\/table>\n<\/div><\/section>\n<\/div><\/div><\/div><!-- close content main div --><\/div><\/div><div id='after_section_2'  class='main_color av_default_container_wrap container_wrap sidebar_right' style=' '  ><div class='container' ><div class='template-page content  av-content-small alpha units'><div class='post-entry post-entry-type-page post-entry-9150'><div class='entry-content-wrapper clearfix'><\/p>","protected":false},"excerpt":{"rendered":"","protected":false},"author":1,"featured_media":0,"parent":9089,"menu_order":0,"comment_status":"closed","ping_status":"closed","template":"","meta":{"inline_featured_image":false,"_lmt_disableupdate":"no","_lmt_disable":"","footnotes":""},"class_list":["post-9150","page","type-page","status-publish","hentry"],"yoast_head":"<!-- This site is optimized with the Yoast SEO plugin v27.2 - https:\/\/yoast.com\/product\/yoast-seo-wordpress\/ -->\n<title>FAQ - Augmentir and Cisco Webex Expert on Demand - Augmentir<\/title>\n<meta name=\"robots\" content=\"index, follow, max-snippet:-1, max-image-preview:large, max-video-preview:-1\" \/>\n<link rel=\"canonical\" href=\"https:\/\/www.augmentir.com\/fr\/solutions\/cisco-webex-expert-on-demand\/faq\" \/>\n<meta property=\"og:locale\" content=\"fr_FR\" \/>\n<meta property=\"og:type\" content=\"article\" \/>\n<meta property=\"og:title\" content=\"FAQ - Augmentir and Cisco Webex Expert on Demand - Augmentir\" \/>\n<meta property=\"og:url\" content=\"https:\/\/www.augmentir.com\/fr\/solutions\/cisco-webex-expert-on-demand\/faq\" \/>\n<meta property=\"og:site_name\" content=\"Augmentir\" \/>\n<meta property=\"article:modified_time\" content=\"2021-10-21T01:45:38+00:00\" \/>\n<meta name=\"twitter:card\" content=\"summary_large_image\" \/>\n<meta name=\"twitter:site\" content=\"@augmentir\" \/>\n<script type=\"application\/ld+json\" class=\"yoast-schema-graph\">{\"@context\":\"https:\/\/schema.org\",\"@graph\":[{\"@type\":\"WebPage\",\"@id\":\"https:\/\/www.augmentir.com\/solutions\/cisco-webex-expert-on-demand\/faq\",\"url\":\"https:\/\/www.augmentir.com\/solutions\/cisco-webex-expert-on-demand\/faq\",\"name\":\"FAQ - Augmentir and Cisco Webex Expert on Demand - Augmentir\",\"isPartOf\":{\"@id\":\"https:\/\/www.augmentir.com\/#website\"},\"datePublished\":\"2020-12-17T14:20:21+00:00\",\"dateModified\":\"2021-10-21T01:45:38+00:00\",\"breadcrumb\":{\"@id\":\"https:\/\/www.augmentir.com\/solutions\/cisco-webex-expert-on-demand\/faq#breadcrumb\"},\"inLanguage\":\"fr-FR\",\"potentialAction\":[{\"@type\":\"ReadAction\",\"target\":[\"https:\/\/www.augmentir.com\/solutions\/cisco-webex-expert-on-demand\/faq\"]}]},{\"@type\":\"BreadcrumbList\",\"@id\":\"https:\/\/www.augmentir.com\/solutions\/cisco-webex-expert-on-demand\/faq#breadcrumb\",\"itemListElement\":[{\"@type\":\"ListItem\",\"position\":1,\"name\":\"Home\",\"item\":\"https:\/\/www.augmentir.com\/\"},{\"@type\":\"ListItem\",\"position\":2,\"name\":\"Industry Solutions and Use Cases\",\"item\":\"https:\/\/www.augmentir.com\/solutions\"},{\"@type\":\"ListItem\",\"position\":3,\"name\":\"Cisco Webex Expert on Demand and Augmentir\",\"item\":\"https:\/\/www.augmentir.com\/solutions\/cisco-webex-expert-on-demand\"},{\"@type\":\"ListItem\",\"position\":4,\"name\":\"FAQ &#8211; Augmentir and Cisco Webex Expert on Demand\"}]},{\"@type\":\"WebSite\",\"@id\":\"https:\/\/www.augmentir.com\/#website\",\"url\":\"https:\/\/www.augmentir.com\/\",\"name\":\"Augmentir\",\"description\":\"AI-Powered Connected Worker Platform\",\"publisher\":{\"@id\":\"https:\/\/www.augmentir.com\/#organization\"},\"potentialAction\":[{\"@type\":\"SearchAction\",\"target\":{\"@type\":\"EntryPoint\",\"urlTemplate\":\"https:\/\/www.augmentir.com\/?s={search_term_string}\"},\"query-input\":{\"@type\":\"PropertyValueSpecification\",\"valueRequired\":true,\"valueName\":\"search_term_string\"}}],\"inLanguage\":\"fr-FR\"},{\"@type\":\"Organization\",\"@id\":\"https:\/\/www.augmentir.com\/#organization\",\"name\":\"Augmentir, Inc.\",\"url\":\"https:\/\/www.augmentir.com\/\",\"logo\":{\"@type\":\"ImageObject\",\"inLanguage\":\"fr-FR\",\"@id\":\"https:\/\/www.augmentir.com\/#\/schema\/logo\/image\/\",\"url\":\"https:\/\/www.augmentir.com\/wp-content\/uploads\/2021\/10\/Augmentir_Logo.svg\",\"contentUrl\":\"https:\/\/www.augmentir.com\/wp-content\/uploads\/2021\/10\/Augmentir_Logo.svg\",\"width\":\"1200\",\"height\":\"1200\",\"caption\":\"Augmentir, Inc.\"},\"image\":{\"@id\":\"https:\/\/www.augmentir.com\/#\/schema\/logo\/image\/\"},\"sameAs\":[\"https:\/\/x.com\/augmentir\",\"https:\/\/www.linkedin.com\/company\/augmentir\"]}]}<\/script>\n<!-- \/ Yoast SEO plugin. -->","yoast_head_json":{"title":"FAQ - Augmentir and Cisco Webex Expert on Demand - Augmentir","robots":{"index":"index","follow":"follow","max-snippet":"max-snippet:-1","max-image-preview":"max-image-preview:large","max-video-preview":"max-video-preview:-1"},"canonical":"https:\/\/www.augmentir.com\/fr\/solutions\/cisco-webex-expert-on-demand\/faq","og_locale":"fr_FR","og_type":"article","og_title":"FAQ - Augmentir and Cisco Webex Expert on Demand - Augmentir","og_url":"https:\/\/www.augmentir.com\/fr\/solutions\/cisco-webex-expert-on-demand\/faq","og_site_name":"Augmentir","article_modified_time":"2021-10-21T01:45:38+00:00","twitter_card":"summary_large_image","twitter_site":"@augmentir","schema":{"@context":"https:\/\/schema.org","@graph":[{"@type":"WebPage","@id":"https:\/\/www.augmentir.com\/solutions\/cisco-webex-expert-on-demand\/faq","url":"https:\/\/www.augmentir.com\/solutions\/cisco-webex-expert-on-demand\/faq","name":"FAQ - Augmentir and Cisco Webex Expert on Demand - Augmentir","isPartOf":{"@id":"https:\/\/www.augmentir.com\/#website"},"datePublished":"2020-12-17T14:20:21+00:00","dateModified":"2021-10-21T01:45:38+00:00","breadcrumb":{"@id":"https:\/\/www.augmentir.com\/solutions\/cisco-webex-expert-on-demand\/faq#breadcrumb"},"inLanguage":"fr-FR","potentialAction":[{"@type":"ReadAction","target":["https:\/\/www.augmentir.com\/solutions\/cisco-webex-expert-on-demand\/faq"]}]},{"@type":"BreadcrumbList","@id":"https:\/\/www.augmentir.com\/solutions\/cisco-webex-expert-on-demand\/faq#breadcrumb","itemListElement":[{"@type":"ListItem","position":1,"name":"Home","item":"https:\/\/www.augmentir.com\/"},{"@type":"ListItem","position":2,"name":"Industry Solutions and Use Cases","item":"https:\/\/www.augmentir.com\/solutions"},{"@type":"ListItem","position":3,"name":"Cisco Webex Expert on Demand and Augmentir","item":"https:\/\/www.augmentir.com\/solutions\/cisco-webex-expert-on-demand"},{"@type":"ListItem","position":4,"name":"FAQ &#8211; Augmentir and Cisco Webex Expert on Demand"}]},{"@type":"WebSite","@id":"https:\/\/www.augmentir.com\/#website","url":"https:\/\/www.augmentir.com\/","name":"Augmentir","description":"AI-Powered Connected Worker Platform","publisher":{"@id":"https:\/\/www.augmentir.com\/#organization"},"potentialAction":[{"@type":"SearchAction","target":{"@type":"EntryPoint","urlTemplate":"https:\/\/www.augmentir.com\/?s={search_term_string}"},"query-input":{"@type":"PropertyValueSpecification","valueRequired":true,"valueName":"search_term_string"}}],"inLanguage":"fr-FR"},{"@type":"Organization","@id":"https:\/\/www.augmentir.com\/#organization","name":"Augmentir, Inc.","url":"https:\/\/www.augmentir.com\/","logo":{"@type":"ImageObject","inLanguage":"fr-FR","@id":"https:\/\/www.augmentir.com\/#\/schema\/logo\/image\/","url":"https:\/\/www.augmentir.com\/wp-content\/uploads\/2021\/10\/Augmentir_Logo.svg","contentUrl":"https:\/\/www.augmentir.com\/wp-content\/uploads\/2021\/10\/Augmentir_Logo.svg","width":"1200","height":"1200","caption":"Augmentir, Inc."},"image":{"@id":"https:\/\/www.augmentir.com\/#\/schema\/logo\/image\/"},"sameAs":["https:\/\/x.com\/augmentir","https:\/\/www.linkedin.com\/company\/augmentir"]}]}},"_links":{"self":[{"href":"https:\/\/www.augmentir.com\/fr\/wp-json\/wp\/v2\/pages\/9150","targetHints":{"allow":["GET"]}}],"collection":[{"href":"https:\/\/www.augmentir.com\/fr\/wp-json\/wp\/v2\/pages"}],"about":[{"href":"https:\/\/www.augmentir.com\/fr\/wp-json\/wp\/v2\/types\/page"}],"author":[{"embeddable":true,"href":"https:\/\/www.augmentir.com\/fr\/wp-json\/wp\/v2\/users\/1"}],"replies":[{"embeddable":true,"href":"https:\/\/www.augmentir.com\/fr\/wp-json\/wp\/v2\/comments?post=9150"}],"version-history":[{"count":0,"href":"https:\/\/www.augmentir.com\/fr\/wp-json\/wp\/v2\/pages\/9150\/revisions"}],"up":[{"embeddable":true,"href":"https:\/\/www.augmentir.com\/fr\/wp-json\/wp\/v2\/pages\/9089"}],"wp:attachment":[{"href":"https:\/\/www.augmentir.com\/fr\/wp-json\/wp\/v2\/media?parent=9150"}],"curies":[{"name":"wp","href":"https:\/\/api.w.org\/{rel}","templated":true}]}}