{"id":14034,"date":"2024-06-18T01:48:08","date_gmt":"2024-06-18T01:48:08","guid":{"rendered":"https:\/\/www.augmentir.com\/?page_id=14034"},"modified":"2024-06-18T01:48:08","modified_gmt":"2024-06-18T01:48:08","slug":"ccpa-commitment","status":"publish","type":"page","link":"https:\/\/www.augmentir.com\/fr\/ccpa-commitment","title":{"rendered":"Augmenter l\u2019engagement du CCPA"},"content":{"rendered":"<h1 style=\"padding-bottom: 24px;\">Augmenter l\u2019engagement du CCPA<\/h1>\n<p style=\"padding-bottom: 24px;\">Derni\u00e8re modification : 17 juin 2024<\/p>\n<p>Augmentir se conforme au California Consumer Privacy Act (CCPA) et soutient la conformit\u00e9 de nos clients au CCPA.<\/p>\n<p>La plateforme de travail connect\u00e9 d&#039;Augmentir est fournie en tant que service \u00e0 nos clients. En vertu du CCPA, Augmentir est un fournisseur de services. Nous travaillerons avec nos clients pour r\u00e9pondre \u00e0 toute demande de droit de savoir, de droit de suppression ou de d\u00e9sinscription.<\/p>\n<p>Notre <a href=\"https:\/\/www.augmentir.com\/privacy\">politique de confidentialit\u00e9<\/a> d\u00e9crit les donn\u00e9es collect\u00e9es par Augmentir. En g\u00e9n\u00e9ral, les cat\u00e9gories d&#039;informations personnelles collect\u00e9es sont limit\u00e9es. Augmentir ne vend pas les informations personnelles que nous collectons.<\/p>\n<h2>Comment les consommateurs californiens peuvent exercer leurs droits en vertu du CCPA<\/h2>\n<p>\u00c9tant donn\u00e9 qu&#039;Augmentir est un fournisseur de services en vertu de la CCPA, les consommateurs californiens doivent travailler avec leur employeur, notre client, pour exercer leurs droits. Augmentir peut toujours aider \u00e0 faciliter la demande en nous contactant \u00e0 Privacy@augmentir.com. Augmentir prendra des pr\u00e9cautions raisonnables pour v\u00e9rifier l&#039;identit\u00e9 des consommateurs et des administrateurs clients avant de traiter toute demande. Les demandes des consommateurs seront trait\u00e9es dans les d\u00e9lais \u00e9nonc\u00e9s dans le CCPA.<\/p>\n<h3>Le droit de savoir<\/h3>\n<p>Sous r\u00e9serve de certaines limitations, la CCPA accorde aux consommateurs californiens le droit de demander plus de d\u00e9tails sur les cat\u00e9gories et les informations personnelles sp\u00e9cifiques que nous collectons. Augmentir s&#039;efforcera d&#039;identifier le client afin d&#039;orienter la demande vers le bon client.<\/p>\n<h3>Droit de suppression<\/h3>\n<p>Sous r\u00e9serve de certaines limitations, la CCPA accorde aux consommateurs californiens le droit de supprimer leurs informations personnelles. \u00c9tant donn\u00e9 qu&#039;Augmentir est un fournisseur de services, Augmentir travaillera avec le client afin de d\u00e9terminer si les informations de profil peuvent \u00eatre supprim\u00e9es.<\/p>\n<h3>Demande de refus de la vente d&#039;informations personnelles<\/h3>\n<p>Augmentir ne vend pas d&#039;informations personnelles au sens o\u00f9 ce terme est d\u00e9fini dans le CCPA et ne vendra pas d&#039;informations personnelles sans accorder un droit futur de retrait d&#039;une telle vente.<\/p>","protected":false},"excerpt":{"rendered":"<p>Engagement CCPA d&#039;Augmentir Derni\u00e8re modification : 17 juin 2024 Augmentir se conforme \u00e0 la California Consumer Privacy Act (CCPA) et soutient la conformit\u00e9 de ses clients avec la CCPA. La plateforme de travailleurs connect\u00e9s d&#039;Augmentir est fournie en tant que service \u00e0 nos clients. En vertu de la CCPA, Augmentir est un fournisseur de services. Nous travaillerons avec nos clients pour r\u00e9pondre \u00e0 toute [\u2026]<\/p>","protected":false},"author":1,"featured_media":0,"parent":0,"menu_order":0,"comment_status":"closed","ping_status":"closed","template":"","meta":{"inline_featured_image":false,"_lmt_disableupdate":"no","_lmt_disable":"","footnotes":""},"class_list":["post-14034","page","type-page","status-publish","hentry"],"yoast_head":"<!-- This site is optimized with the Yoast SEO plugin v27.2 - https:\/\/yoast.com\/product\/yoast-seo-wordpress\/ -->\n<title>Augmentir CCPA Commitment - Augmentir<\/title>\n<meta name=\"robots\" content=\"index, follow, max-snippet:-1, max-image-preview:large, max-video-preview:-1\" \/>\n<link rel=\"canonical\" href=\"https:\/\/www.augmentir.com\/fr\/ccpa-commitment\" \/>\n<meta property=\"og:locale\" content=\"fr_FR\" \/>\n<meta property=\"og:type\" content=\"article\" \/>\n<meta property=\"og:title\" content=\"Augmentir CCPA Commitment - Augmentir\" \/>\n<meta property=\"og:description\" content=\"Augmentir CCPA Commitment Last Modified: June 17, 2024 Augmentir complies with the California Consumer Privacy Act (CCPA) and supports our customers compliance with the CCPA. Augmentir\u2019s connected worker platform is provided as a service to our customers. Under the CCPA Augmentir is a service provider. We will work with our customers to respond to any [&hellip;]\" \/>\n<meta property=\"og:url\" content=\"https:\/\/www.augmentir.com\/fr\/ccpa-commitment\" \/>\n<meta property=\"og:site_name\" content=\"Augmentir\" \/>\n<meta name=\"twitter:card\" content=\"summary_large_image\" \/>\n<meta name=\"twitter:site\" content=\"@augmentir\" \/>\n<script type=\"application\/ld+json\" class=\"yoast-schema-graph\">{\"@context\":\"https:\/\/schema.org\",\"@graph\":[{\"@type\":\"WebPage\",\"@id\":\"https:\/\/www.augmentir.com\/ccpa-commitment\",\"url\":\"https:\/\/www.augmentir.com\/ccpa-commitment\",\"name\":\"Augmentir CCPA Commitment - Augmentir\",\"isPartOf\":{\"@id\":\"https:\/\/www.augmentir.com\/#website\"},\"datePublished\":\"2024-06-18T01:48:08+00:00\",\"breadcrumb\":{\"@id\":\"https:\/\/www.augmentir.com\/ccpa-commitment#breadcrumb\"},\"inLanguage\":\"fr-FR\",\"potentialAction\":[{\"@type\":\"ReadAction\",\"target\":[\"https:\/\/www.augmentir.com\/ccpa-commitment\"]}]},{\"@type\":\"BreadcrumbList\",\"@id\":\"https:\/\/www.augmentir.com\/ccpa-commitment#breadcrumb\",\"itemListElement\":[{\"@type\":\"ListItem\",\"position\":1,\"name\":\"Home\",\"item\":\"https:\/\/www.augmentir.com\/\"},{\"@type\":\"ListItem\",\"position\":2,\"name\":\"Augmentir CCPA Commitment\"}]},{\"@type\":\"WebSite\",\"@id\":\"https:\/\/www.augmentir.com\/#website\",\"url\":\"https:\/\/www.augmentir.com\/\",\"name\":\"Augmentir\",\"description\":\"AI-Powered Connected Worker Platform\",\"publisher\":{\"@id\":\"https:\/\/www.augmentir.com\/#organization\"},\"potentialAction\":[{\"@type\":\"SearchAction\",\"target\":{\"@type\":\"EntryPoint\",\"urlTemplate\":\"https:\/\/www.augmentir.com\/?s={search_term_string}\"},\"query-input\":{\"@type\":\"PropertyValueSpecification\",\"valueRequired\":true,\"valueName\":\"search_term_string\"}}],\"inLanguage\":\"fr-FR\"},{\"@type\":\"Organization\",\"@id\":\"https:\/\/www.augmentir.com\/#organization\",\"name\":\"Augmentir, Inc.\",\"url\":\"https:\/\/www.augmentir.com\/\",\"logo\":{\"@type\":\"ImageObject\",\"inLanguage\":\"fr-FR\",\"@id\":\"https:\/\/www.augmentir.com\/#\/schema\/logo\/image\/\",\"url\":\"https:\/\/www.augmentir.com\/wp-content\/uploads\/2021\/10\/Augmentir_Logo.svg\",\"contentUrl\":\"https:\/\/www.augmentir.com\/wp-content\/uploads\/2021\/10\/Augmentir_Logo.svg\",\"width\":\"1200\",\"height\":\"1200\",\"caption\":\"Augmentir, Inc.\"},\"image\":{\"@id\":\"https:\/\/www.augmentir.com\/#\/schema\/logo\/image\/\"},\"sameAs\":[\"https:\/\/x.com\/augmentir\",\"https:\/\/www.linkedin.com\/company\/augmentir\"]}]}<\/script>\n<!-- \/ Yoast SEO plugin. -->","yoast_head_json":{"title":"Augmentir CCPA Commitment - Augmentir","robots":{"index":"index","follow":"follow","max-snippet":"max-snippet:-1","max-image-preview":"max-image-preview:large","max-video-preview":"max-video-preview:-1"},"canonical":"https:\/\/www.augmentir.com\/fr\/ccpa-commitment","og_locale":"fr_FR","og_type":"article","og_title":"Augmentir CCPA Commitment - Augmentir","og_description":"Augmentir CCPA Commitment Last Modified: June 17, 2024 Augmentir complies with the California Consumer Privacy Act (CCPA) and supports our customers compliance with the CCPA. Augmentir\u2019s connected worker platform is provided as a service to our customers. Under the CCPA Augmentir is a service provider. We will work with our customers to respond to any [&hellip;]","og_url":"https:\/\/www.augmentir.com\/fr\/ccpa-commitment","og_site_name":"Augmentir","twitter_card":"summary_large_image","twitter_site":"@augmentir","schema":{"@context":"https:\/\/schema.org","@graph":[{"@type":"WebPage","@id":"https:\/\/www.augmentir.com\/ccpa-commitment","url":"https:\/\/www.augmentir.com\/ccpa-commitment","name":"Augmentir CCPA Commitment - Augmentir","isPartOf":{"@id":"https:\/\/www.augmentir.com\/#website"},"datePublished":"2024-06-18T01:48:08+00:00","breadcrumb":{"@id":"https:\/\/www.augmentir.com\/ccpa-commitment#breadcrumb"},"inLanguage":"fr-FR","potentialAction":[{"@type":"ReadAction","target":["https:\/\/www.augmentir.com\/ccpa-commitment"]}]},{"@type":"BreadcrumbList","@id":"https:\/\/www.augmentir.com\/ccpa-commitment#breadcrumb","itemListElement":[{"@type":"ListItem","position":1,"name":"Home","item":"https:\/\/www.augmentir.com\/"},{"@type":"ListItem","position":2,"name":"Augmentir CCPA Commitment"}]},{"@type":"WebSite","@id":"https:\/\/www.augmentir.com\/#website","url":"https:\/\/www.augmentir.com\/","name":"Augmentir","description":"AI-Powered Connected Worker Platform","publisher":{"@id":"https:\/\/www.augmentir.com\/#organization"},"potentialAction":[{"@type":"SearchAction","target":{"@type":"EntryPoint","urlTemplate":"https:\/\/www.augmentir.com\/?s={search_term_string}"},"query-input":{"@type":"PropertyValueSpecification","valueRequired":true,"valueName":"search_term_string"}}],"inLanguage":"fr-FR"},{"@type":"Organization","@id":"https:\/\/www.augmentir.com\/#organization","name":"Augmentir, Inc.","url":"https:\/\/www.augmentir.com\/","logo":{"@type":"ImageObject","inLanguage":"fr-FR","@id":"https:\/\/www.augmentir.com\/#\/schema\/logo\/image\/","url":"https:\/\/www.augmentir.com\/wp-content\/uploads\/2021\/10\/Augmentir_Logo.svg","contentUrl":"https:\/\/www.augmentir.com\/wp-content\/uploads\/2021\/10\/Augmentir_Logo.svg","width":"1200","height":"1200","caption":"Augmentir, Inc."},"image":{"@id":"https:\/\/www.augmentir.com\/#\/schema\/logo\/image\/"},"sameAs":["https:\/\/x.com\/augmentir","https:\/\/www.linkedin.com\/company\/augmentir"]}]}},"_links":{"self":[{"href":"https:\/\/www.augmentir.com\/fr\/wp-json\/wp\/v2\/pages\/14034","targetHints":{"allow":["GET"]}}],"collection":[{"href":"https:\/\/www.augmentir.com\/fr\/wp-json\/wp\/v2\/pages"}],"about":[{"href":"https:\/\/www.augmentir.com\/fr\/wp-json\/wp\/v2\/types\/page"}],"author":[{"embeddable":true,"href":"https:\/\/www.augmentir.com\/fr\/wp-json\/wp\/v2\/users\/1"}],"replies":[{"embeddable":true,"href":"https:\/\/www.augmentir.com\/fr\/wp-json\/wp\/v2\/comments?post=14034"}],"version-history":[{"count":0,"href":"https:\/\/www.augmentir.com\/fr\/wp-json\/wp\/v2\/pages\/14034\/revisions"}],"wp:attachment":[{"href":"https:\/\/www.augmentir.com\/fr\/wp-json\/wp\/v2\/media?parent=14034"}],"curies":[{"name":"wp","href":"https:\/\/api.w.org\/{rel}","templated":true}]}}