{"id":14032,"date":"2024-06-18T01:25:23","date_gmt":"2024-06-18T01:25:23","guid":{"rendered":"https:\/\/www.augmentir.com\/?page_id=14032"},"modified":"2024-06-18T01:25:23","modified_gmt":"2024-06-18T01:25:23","slug":"gdpr-commitment","status":"publish","type":"page","link":"https:\/\/www.augmentir.com\/fr\/gdpr-commitment","title":{"rendered":"Engagement RGPD Augmentir"},"content":{"rendered":"<h1 style=\"padding-bottom: 24px;\">Engagement RGPD Augmentir<\/h1>\n<p style=\"padding-bottom: 24px;\">Derni\u00e8re modification : 17 juin 2024<\/p>\n<p>Augmentir s&#039;engage \u00e0 prot\u00e9ger la vie priv\u00e9e et les droits aux donn\u00e9es des individus conform\u00e9ment au R\u00e8glement G\u00e9n\u00e9ral sur la Protection des Donn\u00e9es (RGPD). Ce document d\u00e9crit notre approche en mati\u00e8re de conformit\u00e9 au RGPD et les mesures que nous prenons pour garantir que nous respectons nos obligations en vertu du r\u00e8glement.<\/p>\n<p>R\u00e9sidence de donn\u00e9es \u2013 Augmentir propose son service soit dans une instance bas\u00e9e aux \u00c9tats-Unis, soit dans une instance bas\u00e9e dans l&#039;UE. Les clients peuvent choisir entre les instances am\u00e9ricaines ou europ\u00e9ennes pour r\u00e9pondre au mieux \u00e0 leurs besoins en mati\u00e8re de r\u00e9sidence de donn\u00e9es. Augmentir maintient une liste de sous-traitants qui r\u00e9pertorie les donn\u00e9es trait\u00e9es, o\u00f9 et par qui, disponibles pour chaque instance.<\/p>\n<p>La prise en charge des transferts de donn\u00e9es internationaux est prise en charge par la signature d&#039;un accord de traitement des donn\u00e9es (DPA) qui est disponible pour tous les clients selon leurs besoins.<\/p>\n<h2>Les principes cl\u00e9s<\/h2>\n<ul>\n<li>Lic\u00e9it\u00e9, \u00e9quit\u00e9 et transparence\u00a0: nous garantissons que les donn\u00e9es personnelles sont trait\u00e9es de mani\u00e8re licite, \u00e9quitable et transparente, et que les individus sont inform\u00e9s de la mani\u00e8re dont leurs donn\u00e9es sont utilis\u00e9es.<\/li>\n<li>Limitation de la finalit\u00e9\u00a0: Nous collectons et traitons des donn\u00e9es personnelles \u00e0 des fins sp\u00e9cifi\u00e9es, explicites et l\u00e9gitimes, et nous n&#039;utilisons pas les donn\u00e9es \u00e0 des fins incompatibles avec ces finalit\u00e9s.<\/li>\n<li>Minimisation des donn\u00e9es\u00a0: nous collectons et traitons uniquement les donn\u00e9es personnelles n\u00e9cessaires aux fins pour lesquelles elles sont trait\u00e9es.<\/li>\n<li>Exactitude\u00a0: nous prenons des mesures raisonnables pour garantir que les donn\u00e9es personnelles sont exactes et \u00e0 jour, et nous avons mis en place des proc\u00e9dures permettant aux individus de corriger les inexactitudes dans leurs donn\u00e9es.<\/li>\n<li>Limitation de stockage\u00a0: Nous ne conservons pas les donn\u00e9es personnelles plus longtemps que n\u00e9cessaire aux fins pour lesquelles elles sont trait\u00e9es.<\/li>\n<li>Int\u00e9grit\u00e9 et confidentialit\u00e9\u00a0: nous avons mis en place des mesures pour garantir la s\u00e9curit\u00e9, l&#039;int\u00e9grit\u00e9 et la confidentialit\u00e9 des donn\u00e9es personnelles, y compris des proc\u00e9dures de protection des donn\u00e9es contre tout acc\u00e8s, divulgation, alt\u00e9ration ou destruction non autoris\u00e9s.<\/li>\n<li>Responsabilit\u00e9\u00a0: nous avons mis en place des m\u00e9canismes pour d\u00e9montrer notre conformit\u00e9 aux exigences du RGPD, notamment en conservant une documentation sur nos activit\u00e9s de traitement de donn\u00e9es et en mettant en \u0153uvre des mesures techniques et organisationnelles appropri\u00e9es pour prot\u00e9ger les donn\u00e9es personnelles.<\/li>\n<\/ul>\n<h2>R\u00f4les et responsabilit\u00e9s<\/h2>\n<ul>\n<li>Haute direction\u00a0: la haute direction est charg\u00e9e de superviser la conformit\u00e9 au RGPD et de veiller \u00e0 ce que des ressources ad\u00e9quates soient allou\u00e9es pour assurer la conformit\u00e9.<\/li>\n<li>D\u00e9l\u00e9gu\u00e9 \u00e0 la protection des donn\u00e9es (DPO)\u00a0: le DPO est charg\u00e9 de donner des conseils sur la conformit\u00e9 au RGPD, de surveiller le respect des exigences du RGPD et d&#039;agir en tant que point de contact pour les personnes concern\u00e9es et les autorit\u00e9s de contr\u00f4le.<\/li>\n<li>Employ\u00e9s\u00a0: tous les employ\u00e9s sont responsables du respect des exigences du RGPD dans le cadre de leur travail et de signaler tout probl\u00e8me potentiel en mati\u00e8re de protection des donn\u00e9es au personnel appropri\u00e9.<\/li>\n<\/ul>\n<h2>Principales mesures de conformit\u00e9<\/h2>\n<ul>\n<li>Inventaire et cartographie des donn\u00e9es\u00a0: nous tenons un inventaire de toutes les donn\u00e9es personnelles collect\u00e9es et trait\u00e9es par le service Augmentir lui-m\u00eame, y compris des informations sur les types de donn\u00e9es, les finalit\u00e9s du traitement et les flux de donn\u00e9es.\n<ul>\n<li>Les clients peuvent utiliser le service Augmentir pour cr\u00e9er des proc\u00e9dures afin de collecter des donn\u00e9es suppl\u00e9mentaires\/autres. Augmentir n&#039;inventaire ni ne cartographie ces autres donn\u00e9es collect\u00e9es par les clients.<\/li>\n<\/ul>\n<\/li>\n<li>Augmentir ne collecte ni ne traite de donn\u00e9es \u00e0 haut risque.<\/li>\n<li>Plan de r\u00e9ponse aux violations de donn\u00e9es\u00a0: nous avons mis en place un plan document\u00e9 pour r\u00e9pondre aux incidents ou aux violations de donn\u00e9es, y compris des proc\u00e9dures de notification des personnes concern\u00e9es et des autorit\u00e9s de contr\u00f4le.<\/li>\n<li>Formation des employ\u00e9s\u00a0: nous proposons r\u00e9guli\u00e8rement des formations aux employ\u00e9s sur leurs responsabilit\u00e9s en vertu du RGPD et sur les meilleures pratiques en mati\u00e8re de protection et de s\u00e9curit\u00e9 des donn\u00e9es.<\/li>\n<li>Gestion des fournisseurs\u00a0: nous avons mis en place des proc\u00e9dures pour \u00e9valuer la conformit\u00e9 au RGPD des fournisseurs tiers et pour inclure une protection appropri\u00e9e des donn\u00e9es.<\/li>\n<li>Dispositions des contrats avec les fournisseurs qui traitent les donn\u00e9es personnelles en notre nom.<\/li>\n<\/ul>\n<h2>Am\u00e9lioration continue<\/h2>\n<p>Nous nous engageons \u00e0 surveiller et \u00e0 am\u00e9liorer en permanence nos efforts de conformit\u00e9 au RGPD afin de nous adapter aux exigences r\u00e9glementaires changeantes et aux meilleures pratiques en mati\u00e8re de protection des donn\u00e9es.<\/p>\n<h2>Transferts de donn\u00e9es internationaux<\/h2>\n<p>Pour nous conformer aux lois de l&#039;UE sur la protection des donn\u00e9es concernant les transferts internationaux de donn\u00e9es vers les \u00c9tats-Unis, nous proposons de conclure des accords de traitement des donn\u00e9es. Augmentir dispose d&#039;un DPA standard qui d\u00e9crit nos politiques strictes de s\u00e9curit\u00e9 et de protection des donn\u00e9es en place, bas\u00e9es sur des certifications, des codes de conduite ou des normes internationales de l&#039;UE. Augmentir est autocertifi\u00e9 et le DPA contient des clauses contractuelles standard pour r\u00e9pondre aux exigences d&#039;ad\u00e9quation et de s\u00e9curit\u00e9 de nos clients qui op\u00e8rent dans l&#039;UE ou ont des employ\u00e9s de l&#039;UE.<\/p>","protected":false},"excerpt":{"rendered":"<p>Engagement d&#039;Augmentir concernant le RGPD Derni\u00e8re modification : 17 juin 2024 Augmentir s&#039;engage \u00e0 prot\u00e9ger la vie priv\u00e9e et les droits relatifs aux donn\u00e9es des personnes conform\u00e9ment au R\u00e8glement g\u00e9n\u00e9ral sur la protection des donn\u00e9es (RGPD). Ce document d\u00e9crit notre approche de la conformit\u00e9 au RGPD et les mesures que nous prenons pour garantir que nous respectons nos obligations en vertu du r\u00e8glement. R\u00e9sidence des donn\u00e9es [\u2026]<\/p>","protected":false},"author":1,"featured_media":0,"parent":0,"menu_order":0,"comment_status":"closed","ping_status":"closed","template":"","meta":{"inline_featured_image":false,"_lmt_disableupdate":"no","_lmt_disable":"","footnotes":""},"class_list":["post-14032","page","type-page","status-publish","hentry"],"yoast_head":"<!-- This site is optimized with the Yoast SEO plugin v27.2 - https:\/\/yoast.com\/product\/yoast-seo-wordpress\/ -->\n<title>Augmentir GDPR Commitment - Augmentir<\/title>\n<meta name=\"robots\" content=\"index, follow, max-snippet:-1, max-image-preview:large, max-video-preview:-1\" \/>\n<link rel=\"canonical\" href=\"https:\/\/www.augmentir.com\/fr\/gdpr-commitment\" \/>\n<meta property=\"og:locale\" content=\"fr_FR\" \/>\n<meta property=\"og:type\" content=\"article\" \/>\n<meta property=\"og:title\" content=\"Augmentir GDPR Commitment - Augmentir\" \/>\n<meta property=\"og:description\" content=\"Augmentir GDPR Commitment Last Modified: June 17, 2024 Augmentir is committed to protecting the privacy and data rights of individuals in accordance with the General Data Protection Regulation (GDPR). This document outlines our approach to GDPR compliance and the steps we are taking to ensure that we meet our obligations under the regulation. Data Residency [&hellip;]\" \/>\n<meta property=\"og:url\" content=\"https:\/\/www.augmentir.com\/fr\/gdpr-commitment\" \/>\n<meta property=\"og:site_name\" content=\"Augmentir\" \/>\n<meta name=\"twitter:card\" content=\"summary_large_image\" \/>\n<meta name=\"twitter:site\" content=\"@augmentir\" \/>\n<script type=\"application\/ld+json\" class=\"yoast-schema-graph\">{\"@context\":\"https:\/\/schema.org\",\"@graph\":[{\"@type\":\"WebPage\",\"@id\":\"https:\/\/www.augmentir.com\/gdpr-commitment\",\"url\":\"https:\/\/www.augmentir.com\/gdpr-commitment\",\"name\":\"Augmentir GDPR Commitment - Augmentir\",\"isPartOf\":{\"@id\":\"https:\/\/www.augmentir.com\/#website\"},\"datePublished\":\"2024-06-18T01:25:23+00:00\",\"breadcrumb\":{\"@id\":\"https:\/\/www.augmentir.com\/gdpr-commitment#breadcrumb\"},\"inLanguage\":\"fr-FR\",\"potentialAction\":[{\"@type\":\"ReadAction\",\"target\":[\"https:\/\/www.augmentir.com\/gdpr-commitment\"]}]},{\"@type\":\"BreadcrumbList\",\"@id\":\"https:\/\/www.augmentir.com\/gdpr-commitment#breadcrumb\",\"itemListElement\":[{\"@type\":\"ListItem\",\"position\":1,\"name\":\"Home\",\"item\":\"https:\/\/www.augmentir.com\/\"},{\"@type\":\"ListItem\",\"position\":2,\"name\":\"Augmentir GDPR Commitment\"}]},{\"@type\":\"WebSite\",\"@id\":\"https:\/\/www.augmentir.com\/#website\",\"url\":\"https:\/\/www.augmentir.com\/\",\"name\":\"Augmentir\",\"description\":\"AI-Powered Connected Worker Platform\",\"publisher\":{\"@id\":\"https:\/\/www.augmentir.com\/#organization\"},\"potentialAction\":[{\"@type\":\"SearchAction\",\"target\":{\"@type\":\"EntryPoint\",\"urlTemplate\":\"https:\/\/www.augmentir.com\/?s={search_term_string}\"},\"query-input\":{\"@type\":\"PropertyValueSpecification\",\"valueRequired\":true,\"valueName\":\"search_term_string\"}}],\"inLanguage\":\"fr-FR\"},{\"@type\":\"Organization\",\"@id\":\"https:\/\/www.augmentir.com\/#organization\",\"name\":\"Augmentir, Inc.\",\"url\":\"https:\/\/www.augmentir.com\/\",\"logo\":{\"@type\":\"ImageObject\",\"inLanguage\":\"fr-FR\",\"@id\":\"https:\/\/www.augmentir.com\/#\/schema\/logo\/image\/\",\"url\":\"https:\/\/www.augmentir.com\/wp-content\/uploads\/2021\/10\/Augmentir_Logo.svg\",\"contentUrl\":\"https:\/\/www.augmentir.com\/wp-content\/uploads\/2021\/10\/Augmentir_Logo.svg\",\"width\":\"1200\",\"height\":\"1200\",\"caption\":\"Augmentir, Inc.\"},\"image\":{\"@id\":\"https:\/\/www.augmentir.com\/#\/schema\/logo\/image\/\"},\"sameAs\":[\"https:\/\/x.com\/augmentir\",\"https:\/\/www.linkedin.com\/company\/augmentir\"]}]}<\/script>\n<!-- \/ Yoast SEO plugin. -->","yoast_head_json":{"title":"Augmentir GDPR Commitment - Augmentir","robots":{"index":"index","follow":"follow","max-snippet":"max-snippet:-1","max-image-preview":"max-image-preview:large","max-video-preview":"max-video-preview:-1"},"canonical":"https:\/\/www.augmentir.com\/fr\/gdpr-commitment","og_locale":"fr_FR","og_type":"article","og_title":"Augmentir GDPR Commitment - Augmentir","og_description":"Augmentir GDPR Commitment Last Modified: June 17, 2024 Augmentir is committed to protecting the privacy and data rights of individuals in accordance with the General Data Protection Regulation (GDPR). This document outlines our approach to GDPR compliance and the steps we are taking to ensure that we meet our obligations under the regulation. Data Residency [&hellip;]","og_url":"https:\/\/www.augmentir.com\/fr\/gdpr-commitment","og_site_name":"Augmentir","twitter_card":"summary_large_image","twitter_site":"@augmentir","schema":{"@context":"https:\/\/schema.org","@graph":[{"@type":"WebPage","@id":"https:\/\/www.augmentir.com\/gdpr-commitment","url":"https:\/\/www.augmentir.com\/gdpr-commitment","name":"Augmentir GDPR Commitment - Augmentir","isPartOf":{"@id":"https:\/\/www.augmentir.com\/#website"},"datePublished":"2024-06-18T01:25:23+00:00","breadcrumb":{"@id":"https:\/\/www.augmentir.com\/gdpr-commitment#breadcrumb"},"inLanguage":"fr-FR","potentialAction":[{"@type":"ReadAction","target":["https:\/\/www.augmentir.com\/gdpr-commitment"]}]},{"@type":"BreadcrumbList","@id":"https:\/\/www.augmentir.com\/gdpr-commitment#breadcrumb","itemListElement":[{"@type":"ListItem","position":1,"name":"Home","item":"https:\/\/www.augmentir.com\/"},{"@type":"ListItem","position":2,"name":"Augmentir GDPR Commitment"}]},{"@type":"WebSite","@id":"https:\/\/www.augmentir.com\/#website","url":"https:\/\/www.augmentir.com\/","name":"Augmentir","description":"AI-Powered Connected Worker Platform","publisher":{"@id":"https:\/\/www.augmentir.com\/#organization"},"potentialAction":[{"@type":"SearchAction","target":{"@type":"EntryPoint","urlTemplate":"https:\/\/www.augmentir.com\/?s={search_term_string}"},"query-input":{"@type":"PropertyValueSpecification","valueRequired":true,"valueName":"search_term_string"}}],"inLanguage":"fr-FR"},{"@type":"Organization","@id":"https:\/\/www.augmentir.com\/#organization","name":"Augmentir, Inc.","url":"https:\/\/www.augmentir.com\/","logo":{"@type":"ImageObject","inLanguage":"fr-FR","@id":"https:\/\/www.augmentir.com\/#\/schema\/logo\/image\/","url":"https:\/\/www.augmentir.com\/wp-content\/uploads\/2021\/10\/Augmentir_Logo.svg","contentUrl":"https:\/\/www.augmentir.com\/wp-content\/uploads\/2021\/10\/Augmentir_Logo.svg","width":"1200","height":"1200","caption":"Augmentir, Inc."},"image":{"@id":"https:\/\/www.augmentir.com\/#\/schema\/logo\/image\/"},"sameAs":["https:\/\/x.com\/augmentir","https:\/\/www.linkedin.com\/company\/augmentir"]}]}},"_links":{"self":[{"href":"https:\/\/www.augmentir.com\/fr\/wp-json\/wp\/v2\/pages\/14032","targetHints":{"allow":["GET"]}}],"collection":[{"href":"https:\/\/www.augmentir.com\/fr\/wp-json\/wp\/v2\/pages"}],"about":[{"href":"https:\/\/www.augmentir.com\/fr\/wp-json\/wp\/v2\/types\/page"}],"author":[{"embeddable":true,"href":"https:\/\/www.augmentir.com\/fr\/wp-json\/wp\/v2\/users\/1"}],"replies":[{"embeddable":true,"href":"https:\/\/www.augmentir.com\/fr\/wp-json\/wp\/v2\/comments?post=14032"}],"version-history":[{"count":0,"href":"https:\/\/www.augmentir.com\/fr\/wp-json\/wp\/v2\/pages\/14032\/revisions"}],"wp:attachment":[{"href":"https:\/\/www.augmentir.com\/fr\/wp-json\/wp\/v2\/media?parent=14032"}],"curies":[{"name":"wp","href":"https:\/\/api.w.org\/{rel}","templated":true}]}}