{"id":13692,"date":"2023-11-11T00:26:09","date_gmt":"2023-11-11T00:26:09","guid":{"rendered":"https:\/\/www.augmentir.com\/?page_id=13692"},"modified":"2025-01-12T01:05:30","modified_gmt":"2025-01-12T01:05:30","slug":"daily-management-system","status":"publish","type":"page","link":"https:\/\/www.augmentir.com\/fr\/glossary\/daily-management-system","title":{"rendered":"Syst\u00e8me de gestion quotidienne (DMS)"},"content":{"rendered":"<div id='av_section_1'  class='avia-section main_color avia-section-small avia-no-border-styling avia-bg-style-scroll  avia-builder-el-0  el_before_av_section  avia-builder-el-first  glossary-container  container_wrap sidebar_right' style=' margin-top:10px; margin-bottom:0px; '  ><div class='container' ><main  role=\"main\" itemprop=\"mainContentOfPage\"  class='template-page content  av-content-small alpha units'><div class='post-entry post-entry-type-page post-entry-13692'><div class='entry-content-wrapper clearfix'>\n<div class=\"flex_column av_one_full  flex_column_div av-zero-column-padding first  avia-builder-el-1  avia-builder-el-no-sibling\" style='border-radius:0px; '><p><div  style='padding-bottom:10px; margin-top:16px; font-size:44px;' class='av-special-heading av-special-heading-h1  blockquote modern-quote  avia-builder-el-2  el_before_av_textblock  avia-builder-el-first  av-inherit-size'><h1 class='av-special-heading-tag'  itemprop=\"headline\"  >Syst\u00e8me de gestion quotidienne (DMS)<\/h1><div class='special-heading-border'><div class='special-heading-inner-border' ><\/div><\/div><\/div><br \/>\n<section class=\"av_textblock_section\"  itemscope=\"itemscope\" itemtype=\"https:\/\/schema.org\/CreativeWork\" ><div class='avia_textblock'   itemprop=\"text\" ><p>Un syst\u00e8me de gestion quotidienne Lean (DMS) dans le secteur manufacturier est une approche syst\u00e9matique de la gestion des op\u00e9rations quotidiennes en mettant l&#039;accent sur l&#039;am\u00e9lioration continue et la r\u00e9duction des d\u00e9chets. Il fait partie int\u00e9grante de la philosophie de fabrication Lean, qui met l&#039;accent sur la fourniture de valeur aux clients avec le moins de d\u00e9chets possible dans les processus.<\/p>\n<p>Lisez notre article ci-dessous pour en savoir plus sur les syst\u00e8mes de gestion quotidiens et comment en mettre en \u0153uvre un au sein de votre organisation\u00a0:<\/p>\n<ul>\n<li><a href=\"#what-is-a-daily-management-system\">Qu&#039;est-ce qu&#039;un syst\u00e8me de gestion quotidienne\u00a0?<\/a><\/li>\n<li><a href=\"#the-key-components-of-a-lean-daily-management-system\">Les \u00e9l\u00e9ments cl\u00e9s d\u2019un syst\u00e8me de management quotidien Lean<\/a><\/li>\n<li><a href=\"#implementing-daily-management-with-a-frontline-operations-platform\">Mise en \u0153uvre de la gestion quotidienne avec une plateforme d&#039;op\u00e9rations de premi\u00e8re ligne<\/a><\/li>\n<\/ul>\n<\/div><\/section><\/p><\/div>\n\n<\/div><\/div><\/main><!-- close content main element --><\/div><\/div><div id='first-time-right-defined'  class='avia-section main_color avia-section-no-padding avia-no-border-styling avia-bg-style-scroll  avia-builder-el-4  el_after_av_section  el_before_av_section  glossary-container  container_wrap sidebar_right' style=' '  ><div class='container' ><div class='template-page content  av-content-small alpha units'><div class='post-entry post-entry-type-page post-entry-13692'><div class='entry-content-wrapper clearfix'>\n<div class=\"flex_column av_one_full  flex_column_div av-zero-column-padding first  avia-builder-el-5  avia-builder-el-no-sibling\" style='border-radius:0px; '><div  class='avia-image-container  av-styling-    avia-builder-el-6  avia-builder-el-no-sibling  avia-align-center'  itemprop=\"image\" itemscope=\"itemscope\" itemtype=\"https:\/\/schema.org\/ImageObject\"  ><div class='avia-image-container-inner'><div class='avia-image-overlay-wrap'><img class='avia_image' src='https:\/\/www.augmentir.com\/wp-content\/uploads\/2023\/11\/lean-daily-management-system.webp' alt='syst\u00e8me de gestion quotidienne lean' title='' height=\"675\" width=\"1200\"  itemprop=\"thumbnailUrl\"  \/><\/div><\/div><\/div><\/div>\n\n<\/div><\/div><\/div><!-- close content main div --><\/div><\/div><div id='what-is-a-daily-management-system'  class='avia-section main_color avia-section-no-padding avia-no-border-styling avia-bg-style-scroll  avia-builder-el-7  el_after_av_section  el_before_av_section  glossary-container  container_wrap sidebar_right' style=' '  ><div class='container' ><div class='template-page content  av-content-small alpha units'><div class='post-entry post-entry-type-page post-entry-13692'><div class='entry-content-wrapper clearfix'>\n<div class=\"flex_column av_one_full  flex_column_div av-zero-column-padding first  avia-builder-el-8  avia-builder-el-no-sibling\" style='border-radius:0px; '><p><div  style='padding-bottom:10px; font-size:32px;' class='av-special-heading av-special-heading-h2  blockquote modern-quote  avia-builder-el-9  el_before_av_textblock  avia-builder-el-first  av-inherit-size'><h2 class='av-special-heading-tag'  itemprop=\"headline\"  >Qu&#039;est-ce qu&#039;un syst\u00e8me de gestion quotidienne\u00a0?<\/h2><div class='special-heading-border'><div class='special-heading-inner-border' ><\/div><\/div><\/div><br \/>\n<section class=\"av_textblock_section\"  itemscope=\"itemscope\" itemtype=\"https:\/\/schema.org\/CreativeWork\" ><div class='avia_textblock'   itemprop=\"text\" ><p>Dans le contexte du Lean Manufacturing, un syst\u00e8me de gestion quotidienne (DMS) fait r\u00e9f\u00e9rence \u00e0 une approche structur\u00e9e pour g\u00e9rer et am\u00e9liorer les op\u00e9rations quotidiennes dans un environnement de fabrication. Il s&#039;agit d&#039;un \u00e9l\u00e9ment cl\u00e9 de la m\u00e9thodologie Lean, qui vise \u00e0 \u00e9liminer le gaspillage, \u00e0 am\u00e9liorer l&#039;efficacit\u00e9 et \u00e0 maximiser la valeur pour le client.<\/p>\n<p>Un syst\u00e8me de gestion quotidienne vise \u00e0 cr\u00e9er un processus routinier et syst\u00e9matique de surveillance, de gestion et d&#039;am\u00e9lioration continue des performances au niveau op\u00e9rationnel. Il met l&#039;accent sur la visibilit\u00e9 en temps r\u00e9el, la communication et la r\u00e9solution des probl\u00e8mes.<\/p>\n<\/div><\/section><\/p><\/div><\/div><\/div><\/div><!-- close content main div --><\/div><\/div><div id='the-key-components-of-a-lean-daily-management-system'  class='avia-section main_color avia-section-no-padding avia-no-border-styling avia-bg-style-scroll  avia-builder-el-11  el_after_av_section  el_before_av_section  glossary-container  container_wrap sidebar_right' style=' '  ><div class='container' ><div class='template-page content  av-content-small alpha units'><div class='post-entry post-entry-type-page post-entry-13692'><div class='entry-content-wrapper clearfix'>\n<div class=\"flex_column av_one_full  flex_column_div av-zero-column-padding first  avia-builder-el-12  avia-builder-el-no-sibling\" style='border-radius:0px; '><p><div  style='padding-bottom:10px; font-size:32px;' class='av-special-heading av-special-heading-h2  blockquote modern-quote  avia-builder-el-13  el_before_av_textblock  avia-builder-el-first  av-inherit-size'><h2 class='av-special-heading-tag'  itemprop=\"headline\"  >Les \u00e9l\u00e9ments cl\u00e9s d\u2019un syst\u00e8me de management quotidien Lean<\/h2><div class='special-heading-border'><div class='special-heading-inner-border' ><\/div><\/div><\/div><br \/>\n<section class=\"av_textblock_section\"  itemscope=\"itemscope\" itemtype=\"https:\/\/schema.org\/CreativeWork\" ><div class='avia_textblock'   itemprop=\"text\" ><p>Les principales caract\u00e9ristiques d&#039;un syst\u00e8me de gestion quotidienne dans le contexte du Lean Manufacturing comprennent\u00a0:<\/p>\n<ol>\n<li><strong>Management visuel:<\/strong> L&#039;utilisation d&#039;outils visuels tels que des tableaux, des graphiques et des affichages pour rendre les informations pertinentes facilement accessibles \u00e0 tous sur le lieu de travail. Cela inclut souvent l&#039;affichage d&#039;indicateurs de performance cl\u00e9s (KPI), de calendriers de production et d&#039;autres donn\u00e9es critiques.<\/li>\n<li><strong>R\u00e9unions ou caucus quotidiens\u00a0:<\/strong> De courtes r\u00e9unions r\u00e9guli\u00e8res, souvent quotidiennes, au cours desquelles les \u00e9quipes se r\u00e9unissent pour examiner les mesures de performance, discuter de tout probl\u00e8me ou d\u00e9fi et planifier des actions pour les r\u00e9soudre. Ces r\u00e9unions sont g\u00e9n\u00e9ralement br\u00e8ves et ax\u00e9es sur la r\u00e9solution de probl\u00e8mes et l&#039;am\u00e9lioration continue.<\/li>\n<li><strong>R\u00e9solution de probl\u00e8me:<\/strong> Le syst\u00e8me de gestion quotidienne encourage une culture de r\u00e9solution des probl\u00e8mes \u00e0 la racine. Lorsque des probl\u00e8mes surviennent, les \u00e9quipes doivent enqu\u00eater et r\u00e9soudre les probl\u00e8mes sous-jacents plut\u00f4t que de s\u2019attaquer uniquement aux sympt\u00f4mes.<\/li>\n<li><strong>Travail standardis\u00e9\u00a0:<\/strong> Des proc\u00e9dures op\u00e9rationnelles standard (SOP) clairement d\u00e9finies et document\u00e9es qui \u00e9tablissent la mani\u00e8re la plus connue d&#039;effectuer les t\u00e2ches. Le travail standardis\u00e9 contribue \u00e0 garantir la coh\u00e9rence, la qualit\u00e9 et l\u2019efficacit\u00e9 des op\u00e9rations quotidiennes.<\/li>\n<li><strong>Promenades Gemba\u00a0:<\/strong> Gemba est un terme japonais qui signifie \u00ab le lieu r\u00e9el \u00bb. Les promenades Gemba impliquent que les managers et les dirigeants se rendent dans l&#039;atelier ou sur le lieu de travail pour observer les op\u00e9rations, dialoguer avec les employ\u00e9s et identifier les opportunit\u00e9s d&#039;am\u00e9lioration.<\/li>\n<li><strong>Indicateurs de performance:<\/strong> D\u00e9finir et suivre des indicateurs de performance cl\u00e9s (KPI) qui correspondent aux objectifs de l&#039;organisation. Ces donn\u00e9es aident les \u00e9quipes \u00e0 mesurer leurs performances et \u00e0 identifier les domaines \u00e0 am\u00e9liorer.<\/li>\n<li><strong>Implication des employ\u00e9s\u00a0:<\/strong> Impliquer activement les employ\u00e9s dans le processus de prise de d\u00e9cision et les encourager \u00e0 apporter des id\u00e9es d&#039;am\u00e9lioration. L&#039;engagement des employ\u00e9s est un aspect fondamental de la philosophie Lean.<\/li>\n<li><strong>Am\u00e9lioration continue:<\/strong> Organiser des \u00e9v\u00e9nements ou des ateliers Kaizen pour r\u00e9soudre des probl\u00e8mes sp\u00e9cifiques, rationaliser les processus et apporter des am\u00e9liorations progressives. \u00c9tablir des boucles de r\u00e9troaction pour recueillir les suggestions et les id\u00e9es d&#039;am\u00e9lioration des employ\u00e9s \u00e0 tous les niveaux. Cela encourage les \u00e9quipes \u00e0 apporter r\u00e9guli\u00e8rement de petits changements progressifs, plut\u00f4t que d\u2019attendre des refontes majeures.<\/li>\n<\/ol>\n<\/div><\/section><\/p><\/div>\n<\/p>\n<\/div><\/div><\/div><!-- close content main div --><\/div><\/div><div id='implementing-daily-management-with-a-frontline-operations-platform'  class='avia-section main_color avia-section-no-padding avia-no-border-styling avia-bg-style-scroll  avia-builder-el-15  el_after_av_section  el_before_av_section  glossary-container  container_wrap sidebar_right' style=' '  ><div class='container' ><div class='template-page content  av-content-small alpha units'><div class='post-entry post-entry-type-page post-entry-13692'><div class='entry-content-wrapper clearfix'>\n<div class=\"flex_column av_one_full  flex_column_div av-zero-column-padding first  avia-builder-el-16  avia-builder-el-no-sibling\" style='border-radius:0px; '><p><div  style='padding-bottom:10px; font-size:32px;' class='av-special-heading av-special-heading-h2  blockquote modern-quote  avia-builder-el-17  el_before_av_textblock  avia-builder-el-first  av-inherit-size'><h2 class='av-special-heading-tag'  itemprop=\"headline\"  >Mise en \u0153uvre d&#039;un syst\u00e8me de gestion quotidienne avec une plateforme d&#039;op\u00e9rations de premi\u00e8re ligne<\/h2><div class='special-heading-border'><div class='special-heading-inner-border' ><\/div><\/div><\/div><br \/>\n<section class=\"av_textblock_section\"  itemscope=\"itemscope\" itemtype=\"https:\/\/schema.org\/CreativeWork\" ><div class='avia_textblock'   itemprop=\"text\" ><p>La mise en \u0153uvre d&#039;un syst\u00e8me de gestion quotidienne Lean n\u00e9cessite un changement culturel et un engagement de la part de tous les niveaux de l&#039;organisation. Cela comprend la mise en \u0153uvre d&#039;un ensemble d&#039;outils et de pratiques ainsi qu&#039;une philosophie qui encourage une approche proactive et collaborative de la gestion des op\u00e9rations quotidiennes et de l&#039;am\u00e9lioration continue.<\/p>\n<p>Un aspect important de la gestion quotidienne consiste \u00e0 num\u00e9riser l\u2019ensemble des outils et des processus pour garantir que les activit\u00e9s quotidiennes sont g\u00e9r\u00e9es efficacement et am\u00e9lior\u00e9es en permanence. En fait, selon <a href=\"https:\/\/blog.lnsresearch.com\/what-is-digital-performance-excellence\" target=\"_blank\" rel=\"noopener\">Recherche LNS<\/a>, la majorit\u00e9 des leaders de la transformation industrielle digitalisent la gestion de leurs op\u00e9rations avec des syst\u00e8mes logiciels num\u00e9riques.<\/p>\n<p><strong>C&#039;est l\u00e0 qu&#039;interviennent les plateformes d&#039;op\u00e9rations de premi\u00e8re ligne.<\/strong><\/p>\n<p>Les plateformes d\u2019op\u00e9rations de premi\u00e8re ligne connect\u00e9es sont des outils logiciels num\u00e9riques qui peuvent aider \u00e0 standardiser et \u00e0 am\u00e9liorer les op\u00e9rations de fabrication. Ils sont utilis\u00e9s pour suivre les activit\u00e9s quotidiennes, am\u00e9liorer la communication, la formation, la collaboration, l&#039;orientation et le soutien des travailleurs dans l&#039;atelier, et constituent un aspect essentiel de la gestion quotidienne Lean.<\/p>\n<p>Augmentir est le premier logiciel au monde bas\u00e9 sur l&#039;IA \u00e0 standardiser et optimiser les proc\u00e9dures de travail qui aident les travailleurs de premi\u00e8re ligne \u00e0 exceller dans leur domaine. La solution pour travailleurs connect\u00e9s d&#039;Augmentir peut vous aider \u00e0 \u00e9liminer le gaspillage et \u00e0 r\u00e9duire les co\u00fbts en optimisant les processus de production et en minimisant les d\u00e9fauts et les erreurs.<\/p>\n<p>La solution d&#039;Augmentir comprend\u00a0:<\/p>\n<ul>\n<li>Rapports visuels sur les horaires de travail, le travail standard et les KPI<\/li>\n<li>Outils de gestion des probl\u00e8mes qui permettent aux employ\u00e9s de soulever des probl\u00e8mes, de suivre et de g\u00e9rer num\u00e9riquement les notifications de maintenance avec un tableau Kanban visuel<\/li>\n<li>Horaires de travail standards<\/li>\n<li>G\u00e9n\u00e9rateur de flux de travail num\u00e9rique qui vous permet de cr\u00e9er des instructions et des proc\u00e9dures de travail num\u00e9riques<\/li>\n<\/ul>\n<\/div><\/section><br \/>\n<div  class='avia-image-container  av-styling-    avia-builder-el-19  el_after_av_textblock  el_before_av_textblock  avia-align-center'  itemprop=\"image\" itemscope=\"itemscope\" itemtype=\"https:\/\/schema.org\/ImageObject\"  ><div class='avia-image-container-inner'><div class='avia-image-overlay-wrap'><img class='avia_image' src='https:\/\/www.augmentir.com\/wp-content\/uploads\/2022\/12\/manufacturing-kpi-first-time-right.png' alt='kpi de fabrication correct du premier coup' title='' height=\"2154\" width=\"5240\"  itemprop=\"thumbnailUrl\"  \/><\/div><\/div><\/div><br \/>\n<section class=\"av_textblock_section\"  itemscope=\"itemscope\" itemtype=\"https:\/\/schema.org\/CreativeWork\" ><div class='avia_textblock'   itemprop=\"text\" ><p>Contactez-nous aujourd&#039;hui pour un <a href=\"https:\/\/www.augmentir.com\/request-a-demo\">d\u00e9mo en direct<\/a>.<\/p>\n<\/div><\/section><\/p><\/div>\n\n<\/div><\/div><\/div><!-- close content main div --><\/div><\/div><div id='av_section_6'  class='avia-section main_color avia-section-no-padding avia-no-border-styling avia-bg-style-scroll  avia-builder-el-21  el_after_av_section  avia-builder-el-last  glossary-container  container_wrap sidebar_right' style=' margin-top:0px; margin-bottom:50px; '  ><div class='container' ><div class='template-page content  av-content-small alpha units'><div class='post-entry post-entry-type-page post-entry-13692'><div class='entry-content-wrapper clearfix'>\n<section class=\"av_textblock_section\"  itemscope=\"itemscope\" itemtype=\"https:\/\/schema.org\/CreativeWork\" ><div class='avia_textblock'   itemprop=\"text\" ><div class=\"cta\"><div class=\"content\"><div class=\"eyebrow-headline\">Voir Augmentir en action<\/div><div class=\"heading\">Contactez-nous pour une d\u00e9mo personnalis\u00e9e<\/div><div class=\"copy\" style=\"min-height:30px;\"><\/div><div class=\"link\"><a class=\"btn btn-white\" href=\"\/request-a-demo\">R\u00e9server une d\u00e9mo<\/a><\/div><\/div><div class=\"dashboard\"><\/div><\/div>\n<\/div><\/section>\n<\/div><\/div><\/div><!-- close content main div --><\/div><\/div><div id='after_section_6'  class='main_color av_default_container_wrap container_wrap sidebar_right' style=' '  ><div class='container' ><div class='template-page content  av-content-small alpha units'><div class='post-entry post-entry-type-page post-entry-13692'><div class='entry-content-wrapper clearfix'>","protected":false},"excerpt":{"rendered":"","protected":false},"author":1,"featured_media":0,"parent":11161,"menu_order":0,"comment_status":"closed","ping_status":"closed","template":"","meta":{"inline_featured_image":false,"_lmt_disableupdate":"no","_lmt_disable":"","footnotes":""},"class_list":["post-13692","page","type-page","status-publish","hentry"],"yoast_head":"<!-- This site is optimized with the Yoast SEO plugin v27.2 - https:\/\/yoast.com\/product\/yoast-seo-wordpress\/ -->\n<title>Daily Management System (DMS) - Augmentir<\/title>\n<meta name=\"description\" content=\"Learn what a lean daily management system is, its key components, and how to implement a DMS within your manufacturing organization.\" \/>\n<meta name=\"robots\" content=\"index, follow, max-snippet:-1, max-image-preview:large, max-video-preview:-1\" \/>\n<link rel=\"canonical\" href=\"https:\/\/www.augmentir.com\/fr\/glossary\/daily-management-system\" \/>\n<meta property=\"og:locale\" content=\"fr_FR\" \/>\n<meta property=\"og:type\" content=\"article\" \/>\n<meta property=\"og:title\" content=\"Daily Management System (DMS) - Augmentir\" \/>\n<meta property=\"og:description\" content=\"Learn what a lean daily management system is, its key components, and how to implement a DMS within your manufacturing organization.\" \/>\n<meta property=\"og:url\" content=\"https:\/\/www.augmentir.com\/fr\/glossary\/daily-management-system\" \/>\n<meta property=\"og:site_name\" content=\"Augmentir\" \/>\n<meta property=\"article:modified_time\" content=\"2025-01-12T01:05:30+00:00\" \/>\n<meta name=\"twitter:card\" content=\"summary_large_image\" \/>\n<meta name=\"twitter:site\" content=\"@augmentir\" \/>\n<script type=\"application\/ld+json\" class=\"yoast-schema-graph\">{\"@context\":\"https:\/\/schema.org\",\"@graph\":[{\"@type\":\"WebPage\",\"@id\":\"https:\/\/www.augmentir.com\/glossary\/daily-management-system\",\"url\":\"https:\/\/www.augmentir.com\/glossary\/daily-management-system\",\"name\":\"Daily Management System (DMS) - Augmentir\",\"isPartOf\":{\"@id\":\"https:\/\/www.augmentir.com\/#website\"},\"datePublished\":\"2023-11-11T00:26:09+00:00\",\"dateModified\":\"2025-01-12T01:05:30+00:00\",\"description\":\"Learn what a lean daily management system is, its key components, and how to implement a DMS within your manufacturing organization.\",\"breadcrumb\":{\"@id\":\"https:\/\/www.augmentir.com\/glossary\/daily-management-system#breadcrumb\"},\"inLanguage\":\"fr-FR\",\"potentialAction\":[{\"@type\":\"ReadAction\",\"target\":[\"https:\/\/www.augmentir.com\/glossary\/daily-management-system\"]}]},{\"@type\":\"BreadcrumbList\",\"@id\":\"https:\/\/www.augmentir.com\/glossary\/daily-management-system#breadcrumb\",\"itemListElement\":[{\"@type\":\"ListItem\",\"position\":1,\"name\":\"Home\",\"item\":\"https:\/\/www.augmentir.com\/\"},{\"@type\":\"ListItem\",\"position\":2,\"name\":\"Topics\",\"item\":\"https:\/\/www.augmentir.com\/glossary\"},{\"@type\":\"ListItem\",\"position\":3,\"name\":\"Daily Management System (DMS)\"}]},{\"@type\":\"WebSite\",\"@id\":\"https:\/\/www.augmentir.com\/#website\",\"url\":\"https:\/\/www.augmentir.com\/\",\"name\":\"Augmentir\",\"description\":\"AI-Powered Connected Worker Platform\",\"publisher\":{\"@id\":\"https:\/\/www.augmentir.com\/#organization\"},\"potentialAction\":[{\"@type\":\"SearchAction\",\"target\":{\"@type\":\"EntryPoint\",\"urlTemplate\":\"https:\/\/www.augmentir.com\/?s={search_term_string}\"},\"query-input\":{\"@type\":\"PropertyValueSpecification\",\"valueRequired\":true,\"valueName\":\"search_term_string\"}}],\"inLanguage\":\"fr-FR\"},{\"@type\":\"Organization\",\"@id\":\"https:\/\/www.augmentir.com\/#organization\",\"name\":\"Augmentir, Inc.\",\"url\":\"https:\/\/www.augmentir.com\/\",\"logo\":{\"@type\":\"ImageObject\",\"inLanguage\":\"fr-FR\",\"@id\":\"https:\/\/www.augmentir.com\/#\/schema\/logo\/image\/\",\"url\":\"https:\/\/www.augmentir.com\/wp-content\/uploads\/2021\/10\/Augmentir_Logo.svg\",\"contentUrl\":\"https:\/\/www.augmentir.com\/wp-content\/uploads\/2021\/10\/Augmentir_Logo.svg\",\"width\":\"1200\",\"height\":\"1200\",\"caption\":\"Augmentir, Inc.\"},\"image\":{\"@id\":\"https:\/\/www.augmentir.com\/#\/schema\/logo\/image\/\"},\"sameAs\":[\"https:\/\/x.com\/augmentir\",\"https:\/\/www.linkedin.com\/company\/augmentir\"]}]}<\/script>\n<!-- \/ Yoast SEO plugin. -->","yoast_head_json":{"title":"Daily Management System (DMS) - Augmentir","description":"Learn what a lean daily management system is, its key components, and how to implement a DMS within your manufacturing organization.","robots":{"index":"index","follow":"follow","max-snippet":"max-snippet:-1","max-image-preview":"max-image-preview:large","max-video-preview":"max-video-preview:-1"},"canonical":"https:\/\/www.augmentir.com\/fr\/glossary\/daily-management-system","og_locale":"fr_FR","og_type":"article","og_title":"Daily Management System (DMS) - Augmentir","og_description":"Learn what a lean daily management system is, its key components, and how to implement a DMS within your manufacturing organization.","og_url":"https:\/\/www.augmentir.com\/fr\/glossary\/daily-management-system","og_site_name":"Augmentir","article_modified_time":"2025-01-12T01:05:30+00:00","twitter_card":"summary_large_image","twitter_site":"@augmentir","schema":{"@context":"https:\/\/schema.org","@graph":[{"@type":"WebPage","@id":"https:\/\/www.augmentir.com\/glossary\/daily-management-system","url":"https:\/\/www.augmentir.com\/glossary\/daily-management-system","name":"Daily Management System (DMS) - Augmentir","isPartOf":{"@id":"https:\/\/www.augmentir.com\/#website"},"datePublished":"2023-11-11T00:26:09+00:00","dateModified":"2025-01-12T01:05:30+00:00","description":"Learn what a lean daily management system is, its key components, and how to implement a DMS within your manufacturing organization.","breadcrumb":{"@id":"https:\/\/www.augmentir.com\/glossary\/daily-management-system#breadcrumb"},"inLanguage":"fr-FR","potentialAction":[{"@type":"ReadAction","target":["https:\/\/www.augmentir.com\/glossary\/daily-management-system"]}]},{"@type":"BreadcrumbList","@id":"https:\/\/www.augmentir.com\/glossary\/daily-management-system#breadcrumb","itemListElement":[{"@type":"ListItem","position":1,"name":"Home","item":"https:\/\/www.augmentir.com\/"},{"@type":"ListItem","position":2,"name":"Topics","item":"https:\/\/www.augmentir.com\/glossary"},{"@type":"ListItem","position":3,"name":"Daily Management System (DMS)"}]},{"@type":"WebSite","@id":"https:\/\/www.augmentir.com\/#website","url":"https:\/\/www.augmentir.com\/","name":"Augmentir","description":"AI-Powered Connected Worker Platform","publisher":{"@id":"https:\/\/www.augmentir.com\/#organization"},"potentialAction":[{"@type":"SearchAction","target":{"@type":"EntryPoint","urlTemplate":"https:\/\/www.augmentir.com\/?s={search_term_string}"},"query-input":{"@type":"PropertyValueSpecification","valueRequired":true,"valueName":"search_term_string"}}],"inLanguage":"fr-FR"},{"@type":"Organization","@id":"https:\/\/www.augmentir.com\/#organization","name":"Augmentir, Inc.","url":"https:\/\/www.augmentir.com\/","logo":{"@type":"ImageObject","inLanguage":"fr-FR","@id":"https:\/\/www.augmentir.com\/#\/schema\/logo\/image\/","url":"https:\/\/www.augmentir.com\/wp-content\/uploads\/2021\/10\/Augmentir_Logo.svg","contentUrl":"https:\/\/www.augmentir.com\/wp-content\/uploads\/2021\/10\/Augmentir_Logo.svg","width":"1200","height":"1200","caption":"Augmentir, Inc."},"image":{"@id":"https:\/\/www.augmentir.com\/#\/schema\/logo\/image\/"},"sameAs":["https:\/\/x.com\/augmentir","https:\/\/www.linkedin.com\/company\/augmentir"]}]}},"_links":{"self":[{"href":"https:\/\/www.augmentir.com\/fr\/wp-json\/wp\/v2\/pages\/13692","targetHints":{"allow":["GET"]}}],"collection":[{"href":"https:\/\/www.augmentir.com\/fr\/wp-json\/wp\/v2\/pages"}],"about":[{"href":"https:\/\/www.augmentir.com\/fr\/wp-json\/wp\/v2\/types\/page"}],"author":[{"embeddable":true,"href":"https:\/\/www.augmentir.com\/fr\/wp-json\/wp\/v2\/users\/1"}],"replies":[{"embeddable":true,"href":"https:\/\/www.augmentir.com\/fr\/wp-json\/wp\/v2\/comments?post=13692"}],"version-history":[{"count":0,"href":"https:\/\/www.augmentir.com\/fr\/wp-json\/wp\/v2\/pages\/13692\/revisions"}],"up":[{"embeddable":true,"href":"https:\/\/www.augmentir.com\/fr\/wp-json\/wp\/v2\/pages\/11161"}],"wp:attachment":[{"href":"https:\/\/www.augmentir.com\/fr\/wp-json\/wp\/v2\/media?parent=13692"}],"curies":[{"name":"wp","href":"https:\/\/api.w.org\/{rel}","templated":true}]}}