{"id":13575,"date":"2023-08-22T00:45:28","date_gmt":"2023-08-22T00:45:28","guid":{"rendered":"https:\/\/www.augmentir.com\/?page_id=13575"},"modified":"2024-12-20T18:01:46","modified_gmt":"2024-12-20T18:01:46","slug":"lockout-tagout","status":"publish","type":"page","link":"https:\/\/www.augmentir.com\/fr\/glossary\/lockout-tagout","title":{"rendered":"Que sont les proc\u00e9dures de verrouillage et d&#039;\u00e9tiquetage (LOTO) dans la fabrication\u00a0?"},"content":{"rendered":"<div id='av_section_1'  class='avia-section main_color avia-section-small avia-no-border-styling avia-bg-style-scroll  avia-builder-el-0  el_before_av_section  avia-builder-el-first  glossary-container  container_wrap sidebar_right' style=' margin-top:10px; margin-bottom:0px; '  ><div class='container' ><main  role=\"main\" itemprop=\"mainContentOfPage\"  class='template-page content  av-content-small alpha units'><div class='post-entry post-entry-type-page post-entry-13575'><div class='entry-content-wrapper clearfix'>\n<div class=\"flex_column av_one_full  flex_column_div av-zero-column-padding first  avia-builder-el-1  avia-builder-el-no-sibling\" style='border-radius:0px; '><p><div  style='padding-bottom:10px; margin-top:16px; font-size:44px;' class='av-special-heading av-special-heading-h1  blockquote modern-quote  avia-builder-el-2  el_before_av_textblock  avia-builder-el-first  av-inherit-size'><h1 class='av-special-heading-tag'  itemprop=\"headline\"  >Que sont les proc\u00e9dures de verrouillage et d&#039;\u00e9tiquetage (LOTO) dans la fabrication\u00a0?<\/h1><div class='special-heading-border'><div class='special-heading-inner-border' ><\/div><\/div><\/div><br \/>\n<section class=\"av_textblock_section\"  itemscope=\"itemscope\" itemtype=\"https:\/\/schema.org\/CreativeWork\" ><div class='avia_textblock'   itemprop=\"text\" ><p>Les environnements de fabrication regorgent de machines et d&#039;\u00e9quipements qui, s&#039;ils ne sont pas correctement contr\u00f4l\u00e9s pendant la maintenance, peuvent entra\u00eener des d\u00e9marrages inattendus, des \u00e9lectrocutions, des br\u00fblures, des incidents d&#039;\u00e9crasement, etc. Les proc\u00e9dures de verrouillage\/\u00e9tiquetage (LOTO) n\u00e9cessitent une formation appropri\u00e9e pour les employ\u00e9s autoris\u00e9s, y compris l&#039;identification des sources d&#039;\u00e9nergie, les m\u00e9thodes de contr\u00f4le et l&#039;application des dispositifs de verrouillage\/\u00e9tiquetage. Ces proc\u00e9dures \u00e9vitent non seulement les accidents imm\u00e9diats, mais prolongent \u00e9galement la dur\u00e9e de vie globale des machines et des \u00e9quipements.<\/p>\n<p>Cependant, les violations LOTO se classent syst\u00e9matiquement parmi les dix violations OSHA les plus fr\u00e9quemment cit\u00e9es, co\u00fbtant en moyenne $19 000 en amendes par citation. De plus, on estime que la conformit\u00e9 au LOTO pourrait contribuer \u00e0 pr\u00e9venir environ 120 d\u00e9c\u00e8s et 50 000 blessures chaque ann\u00e9e. Apprenez-en davantage sur les processus LOTO ci-dessous et sur la mani\u00e8re dont ils assurent la s\u00e9curit\u00e9 des op\u00e9rations de fabrication et des travailleurs de premi\u00e8re ligne\u00a0:<\/p>\n<ul>\n<li><a href=\"#what-is-loto\">Qu&#039;est-ce que le LOTO ?<\/a><\/li>\n<li><a href=\"#benefits-of-improving-loto-compliance\">Avantages de l\u2019am\u00e9lioration de la conformit\u00e9 LOTO<\/a><\/li>\n<li><a href=\"#digitize-loto-procedures-with-augmentir\">Num\u00e9risez les proc\u00e9dures LOTO avec Augmentir<\/a><\/li>\n<\/ul>\n<\/div><\/section><\/p><\/div>\n\n<\/div><\/div><\/main><!-- close content main element --><\/div><\/div><div id='what-is-loto'  class='avia-section main_color avia-section-no-padding avia-no-border-styling avia-bg-style-scroll  avia-builder-el-4  el_after_av_section  el_before_av_section  glossary-container  container_wrap sidebar_right' style=' '  ><div class='container' ><div class='template-page content  av-content-small alpha units'><div class='post-entry post-entry-type-page post-entry-13575'><div class='entry-content-wrapper clearfix'>\n<div class=\"flex_column av_one_full  flex_column_div av-zero-column-padding first  avia-builder-el-5  avia-builder-el-no-sibling\" style='border-radius:0px; '><p><div  style='padding-bottom:10px; font-size:32px;' class='av-special-heading av-special-heading-h2  blockquote modern-quote  avia-builder-el-6  el_before_av_textblock  avia-builder-el-first  av-inherit-size'><h2 class='av-special-heading-tag'  itemprop=\"headline\"  >Qu&#039;est-ce que le LOTO ?<\/h2><div class='special-heading-border'><div class='special-heading-inner-border' ><\/div><\/div><\/div><br \/>\n<section class=\"av_textblock_section\"  itemscope=\"itemscope\" itemtype=\"https:\/\/schema.org\/CreativeWork\" ><div class='avia_textblock'   itemprop=\"text\" ><p>Les proc\u00e9dures de verrouillage et d&#039;\u00e9tiquetage (LOTO) sont des processus de s\u00e9curit\u00e9 essentiels dans le secteur manufacturier qui visent \u00e0 prot\u00e9ger les travailleurs contre la lib\u00e9ration d&#039;\u00e9nergie dangereuse lors de la maintenance des \u00e9quipements. Ce processus consiste \u00e0 isoler et \u00e0 verrouiller les sources d&#039;\u00e9nergie, telles qu&#039;\u00e9lectriques, m\u00e9caniques et thermiques, pour \u00e9viter les accidents et les blessures. Conformit\u00e9 aux normes LOTO, telles que celles d\u00e9crites par <a href=\"https:\/\/www.osha.gov\/laws-regs\/regulations\/standardnumber\/1910\/1910.147\">OSHA<\/a>, garantit que les travailleurs sont correctement form\u00e9s, que les machines sont correctement isol\u00e9es et que les \u00e9nergies potentiellement dangereuses sont efficacement contr\u00f4l\u00e9es.<\/p>\n<\/div><\/section><br \/>\n<div  class='avia-image-container  av-styling-    avia-builder-el-8  el_after_av_textblock  el_before_av_textblock  avia-align-center'  itemprop=\"image\" itemscope=\"itemscope\" itemtype=\"https:\/\/schema.org\/ImageObject\"  ><div class='avia-image-container-inner'><div class='avia-image-overlay-wrap'><img class='avia_image' src='https:\/\/www.augmentir.com\/wp-content\/uploads\/2021\/10\/use-case-safety-hero.jpg' alt='Outils de travail connect\u00e9s pour les proc\u00e9dures de s\u00e9curit\u00e9 et de verrouillage (loto)' title='' height=\"844\" width=\"1500\"  itemprop=\"thumbnailUrl\"  \/><\/div><\/div><\/div><br \/>\n<section class=\"av_textblock_section\"  itemscope=\"itemscope\" itemtype=\"https:\/\/schema.org\/CreativeWork\" ><div class='avia_textblock'   itemprop=\"text\" ><p>LOTO sp\u00e9cifie deux approches g\u00e9n\u00e9rales pour garantir que les employ\u00e9s sont prot\u00e9g\u00e9s des \u00e9quipements dangereux lors des activit\u00e9s de maintenance\u00a0:<\/p>\n<ol>\n<li><strong>Verrouillage<\/strong>, qui limite physiquement l&#039;acc\u00e8s \u00e0 certains \u00e9quipements gr\u00e2ce \u00e0 des dispositifs de verrouillage con\u00e7us pour emp\u00eacher les machines d&#039;\u00eatre mises sous tension et dans une position s\u00fbre ou \u00ab\u00a0\u00e9teinte\u00a0\u00bb.<\/li>\n<li><strong>\u00c9tiqueter<\/strong>, qui informe les employ\u00e9s des dangers potentiels gr\u00e2ce \u00e0 des \u00e9tiquettes d&#039;avertissement g\u00e9n\u00e9ralement attach\u00e9es aux dispositifs d&#039;isolation \u00e9nerg\u00e9tique, indiquant aux employ\u00e9s de ne pas allumer ou \u00ab remettre sous tension \u00bb les machines qui subissent des proc\u00e9dures de maintenance.<\/li>\n<\/ol>\n<\/div><\/section><br \/>\n<\/p><\/div>\n\n<\/div><\/div><\/div><!-- close content main div --><\/div><\/div><div id='benefits-of-improving-loto-compliance'  class='avia-section main_color avia-section-no-padding avia-no-border-styling avia-bg-style-scroll  avia-builder-el-11  el_after_av_section  el_before_av_section  glossary-container  container_wrap sidebar_right' style=' '  ><div class='container' ><div class='template-page content  av-content-small alpha units'><div class='post-entry post-entry-type-page post-entry-13575'><div class='entry-content-wrapper clearfix'>\n<div class=\"flex_column av_one_full  flex_column_div av-zero-column-padding first  avia-builder-el-12  avia-builder-el-no-sibling\" style='border-radius:0px; '><p><div  style='padding-bottom:10px; font-size:32px;' class='av-special-heading av-special-heading-h2  blockquote modern-quote  avia-builder-el-13  el_before_av_textblock  avia-builder-el-first  av-inherit-size'><h2 class='av-special-heading-tag'  itemprop=\"headline\"  >Avantages de l\u2019am\u00e9lioration de la conformit\u00e9 LOTO<\/h2><div class='special-heading-border'><div class='special-heading-inner-border' ><\/div><\/div><\/div><br \/>\n<section class=\"av_textblock_section\"  itemscope=\"itemscope\" itemtype=\"https:\/\/schema.org\/CreativeWork\" ><div class='avia_textblock'   itemprop=\"text\" ><p>L&#039;am\u00e9lioration de la conformit\u00e9 LOTO (Lockout Tagout) dans les environnements de fabrication offre plusieurs avantages significatifs pour la s\u00e9curit\u00e9 des travailleurs et l&#039;efficacit\u00e9 op\u00e9rationnelle. Ces avantages comprennent\u00a0:<\/p>\n<ul>\n<li><strong>R\u00e9duction des accidents du travail<\/strong>: En isolant efficacement les sources d&#039;\u00e9nergie, le risque d&#039;\u00e9lectrocutions, de br\u00fblures, d&#039;\u00e9crasements et d&#039;autres blessures est minimis\u00e9.<\/li>\n<li><strong>R\u00e9duction des temps d&#039;arr\u00eat<\/strong>: Les accidents r\u00e9sultant de proc\u00e9dures LOTO inad\u00e9quates peuvent entra\u00eener des temps d&#039;arr\u00eat prolong\u00e9s pendant les r\u00e9parations et les enqu\u00eates de l&#039;\u00e9quipement. L&#039;augmentation de la conformit\u00e9 LOTO permet de pr\u00e9venir ces incidents, en r\u00e9duisant la fr\u00e9quence et la dur\u00e9e des interruptions op\u00e9rationnelles.<\/li>\n<li><strong>Long\u00e9vit\u00e9 am\u00e9lior\u00e9e des \u00e9quipements<\/strong>: Des proc\u00e9dures LOTO correctement ex\u00e9cut\u00e9es garantissent que l&#039;\u00e9quipement est entretenu correctement et sans d\u00e9gagements d&#039;\u00e9nergie soudains. Cela contribue \u00e0 la long\u00e9vit\u00e9 des machines, en r\u00e9duisant la fr\u00e9quence des pannes et le besoin de remplacements pr\u00e9matur\u00e9s.<\/li>\n<li><strong>\u00c9conomies de co\u00fbts<\/strong>: Moins d&#039;accidents signifie moins de frais m\u00e9dicaux, de demandes d&#039;indemnisation des accidents du travail et de responsabilit\u00e9s juridiques potentielles. De plus, la r\u00e9duction des temps d\u2019arr\u00eat et l\u2019augmentation de la dur\u00e9e de vie des \u00e9quipements se traduisent par des \u00e9conomies de co\u00fbts \u00e0 long terme.<\/li>\n<li><strong>Productivit\u00e9 accrue<\/strong>: Avec moins d&#039;accidents et moins de temps d&#039;arr\u00eat, les employ\u00e9s peuvent se concentrer sur leurs t\u00e2ches sans interruptions inutiles, ce qui entra\u00eene une productivit\u00e9 accrue et une meilleure efficacit\u00e9 op\u00e9rationnelle globale.<\/li>\n<\/ul>\n<p>L&#039;accent mis sur la conformit\u00e9 LOTO favorise une culture soucieuse de la s\u00e9curit\u00e9 au sein des organisations de fabrication. Ce changement de culture peut s&#039;\u00e9tendre au-del\u00e0 des proc\u00e9dures LOTO, en influen\u00e7ant les pratiques et attitudes globales en mati\u00e8re de s\u00e9curit\u00e9 sur le lieu de travail. La conformit\u00e9 LOTO g\u00e9n\u00e8re une multitude d&#039;avantages qui ont un impact positif sur la s\u00e9curit\u00e9 des travailleurs, l&#039;efficacit\u00e9 op\u00e9rationnelle et la r\u00e9putation de l&#039;entreprise. Il cr\u00e9e un environnement de travail plus s\u00fbr, r\u00e9duit les accidents et les temps d&#039;arr\u00eat et promeut une culture de s\u00e9curit\u00e9 qui profite \u00e0 la fois aux employ\u00e9s et \u00e0 l&#039;organisation dans son ensemble.<\/p>\n<\/div><\/section><\/p><\/div>\n\n<\/div><\/div><\/div><!-- close content main div --><\/div><\/div><div id='digitize-loto-procedures-with-augmentir'  class='avia-section main_color avia-section-no-padding avia-no-border-styling avia-bg-style-scroll  avia-builder-el-15  el_after_av_section  el_before_av_section  glossary-container  container_wrap sidebar_right' style=' '  ><div class='container' ><div class='template-page content  av-content-small alpha units'><div class='post-entry post-entry-type-page post-entry-13575'><div class='entry-content-wrapper clearfix'>\n<div class=\"flex_column av_one_full  flex_column_div av-zero-column-padding first  avia-builder-el-16  avia-builder-el-no-sibling\" style='border-radius:0px; '><p><div  style='padding-bottom:10px; font-size:32px;' class='av-special-heading av-special-heading-h2  blockquote modern-quote  avia-builder-el-17  el_before_av_textblock  avia-builder-el-first  av-inherit-size'><h2 class='av-special-heading-tag'  itemprop=\"headline\"  >Num\u00e9risez les proc\u00e9dures de consignation avec Augmentir<\/h2><div class='special-heading-border'><div class='special-heading-inner-border' ><\/div><\/div><\/div><br \/>\n<section class=\"av_textblock_section\"  itemscope=\"itemscope\" itemtype=\"https:\/\/schema.org\/CreativeWork\" ><div class='avia_textblock'   itemprop=\"text\" ><p>Les solutions d\u2019IA et de travailleurs connect\u00e9s r\u00e9volutionnent <a href=\"https:\/\/www.augmentir.com\/use-cases\/safety\">s\u00e9curit\u00e9<\/a> pratiques dans les organisations industrielles en fournissant des technologies et des capacit\u00e9s avanc\u00e9es qui am\u00e9liorent la gestion des risques, la pr\u00e9vention des accidents et les performances globales en mati\u00e8re de s\u00e9curit\u00e9.<\/p>\n<p>Gr\u00e2ce \u00e0 des applications et des solutions connect\u00e9es pour les travailleurs de premi\u00e8re ligne, les organisations manufacturi\u00e8res peuvent optimiser, normaliser et num\u00e9riser les proc\u00e9dures de cadenassage pour garantir la conformit\u00e9 et prot\u00e9ger les travailleurs des situations dangereuses. Des options telles que l&#039;approbation \u00e0 distance, les notifications automatiques aux \u00e9quipes et au personnel concern\u00e9s, ainsi que d&#039;autres avantages des technologies de s\u00e9curit\u00e9 connect\u00e9es, r\u00e9duisent le nombre d&#039;incidents et de blessures li\u00e9s au LOTO, ainsi que bien d&#039;autres.<\/p>\n<\/div><\/section><br \/>\n<div  class='avia-image-container  av-styling-no-styling    avia-builder-el-19  el_after_av_textblock  el_before_av_textblock  product-feature-image avia-align-center'  itemprop=\"image\" itemscope=\"itemscope\" itemtype=\"https:\/\/schema.org\/ImageObject\"  ><div class='avia-image-container-inner'><div class='avia-image-overlay-wrap'><img class='avia_image' src='https:\/\/www.augmentir.com\/wp-content\/uploads\/2023\/08\/lockout-tagout-procedure.png' alt='proc\u00e9dure de consignation num\u00e9rique \u00e0 l&#039;aide d&#039;augmentir' title='' height=\"700\" width=\"1239\"  itemprop=\"thumbnailUrl\"  \/><\/div><\/div><\/div><br \/>\n<section class=\"av_textblock_section\"  itemscope=\"itemscope\" itemtype=\"https:\/\/schema.org\/CreativeWork\" ><div class='avia_textblock'   itemprop=\"text\" ><p>Augmentir est la premi\u00e8re plateforme de travailleurs connect\u00e9s au monde aliment\u00e9e par l&#039;IA qui aide les travailleurs industriels de premi\u00e8re ligne \u00e0 num\u00e9riser les processus LOTO, \u00e0 am\u00e9liorer la conformit\u00e9 LOTO et \u00e0 garantir la s\u00e9curit\u00e9 des travailleurs de premi\u00e8re ligne dans la fabrication \u00e0 l&#039;aide d&#039;une technologie intelligente. D\u00e9couvrez comment des fabricants de classe mondiale utilisent Augmentir pour am\u00e9liorer leurs op\u00e9rations industrielles \u2013 contactez-nous pour un <a href=\"https:\/\/www.augmentir.com\/request-a-demo\">d\u00e9mo aujourd&#039;hui<\/a>!<\/p>\n<\/div><\/section><\/p><\/div>\n\n<\/div><\/div><\/div><!-- close content main div --><\/div><\/div><div id='av_section_5'  class='avia-section main_color avia-section-default avia-no-border-styling avia-bg-style-scroll  avia-builder-el-21  el_after_av_section  avia-builder-el-last   container_wrap sidebar_right' style=' margin-top:0px; margin-bottom:50px; '  ><div class='container' ><div class='template-page content  av-content-small alpha units'><div class='post-entry post-entry-type-page post-entry-13575'><div class='entry-content-wrapper clearfix'>\n\n<\/div><\/div><\/div><!-- close content main div --><\/div><\/div><div id='after_section_5'  class='main_color av_default_container_wrap container_wrap sidebar_right' style=' '  ><div class='container' ><div class='template-page content  av-content-small alpha units'><div class='post-entry post-entry-type-page post-entry-13575'><div class='entry-content-wrapper clearfix'>","protected":false},"excerpt":{"rendered":"","protected":false},"author":1,"featured_media":11597,"parent":11161,"menu_order":0,"comment_status":"closed","ping_status":"closed","template":"","meta":{"inline_featured_image":false,"_lmt_disableupdate":"no","_lmt_disable":"","footnotes":""},"class_list":["post-13575","page","type-page","status-publish","has-post-thumbnail","hentry"],"yoast_head":"<!-- This site is optimized with the Yoast SEO plugin v27.2 - https:\/\/yoast.com\/product\/yoast-seo-wordpress\/ -->\n<title>What are Lockout Tagout (LOTO) Procedures in Manufacturing? - Augmentir<\/title>\n<meta name=\"description\" content=\"Learn about lockout tagout procedures in manufacturing, how it keeps workers safe, and the benefits of improving LOTO compliance.\" \/>\n<meta name=\"robots\" content=\"index, follow, max-snippet:-1, max-image-preview:large, max-video-preview:-1\" \/>\n<link rel=\"canonical\" href=\"https:\/\/www.augmentir.com\/fr\/glossary\/lockout-tagout\" \/>\n<meta property=\"og:locale\" content=\"fr_FR\" \/>\n<meta property=\"og:type\" content=\"article\" \/>\n<meta property=\"og:title\" content=\"What are Lockout Tagout (LOTO) Procedures in Manufacturing? - Augmentir\" \/>\n<meta property=\"og:description\" content=\"Learn about lockout tagout procedures in manufacturing, how it keeps workers safe, and the benefits of improving LOTO compliance.\" \/>\n<meta property=\"og:url\" content=\"https:\/\/www.augmentir.com\/fr\/glossary\/lockout-tagout\" \/>\n<meta property=\"og:site_name\" content=\"Augmentir\" \/>\n<meta property=\"article:modified_time\" content=\"2024-12-20T18:01:46+00:00\" \/>\n<meta property=\"og:image\" content=\"https:\/\/www.augmentir.com\/wp-content\/uploads\/2021\/10\/use-case-safety-hero.jpg\" \/>\n\t<meta property=\"og:image:width\" content=\"1500\" \/>\n\t<meta property=\"og:image:height\" content=\"844\" \/>\n\t<meta property=\"og:image:type\" content=\"image\/jpeg\" \/>\n<meta name=\"twitter:card\" content=\"summary_large_image\" \/>\n<meta name=\"twitter:site\" content=\"@augmentir\" \/>\n<script type=\"application\/ld+json\" class=\"yoast-schema-graph\">{\"@context\":\"https:\/\/schema.org\",\"@graph\":[{\"@type\":\"WebPage\",\"@id\":\"https:\/\/www.augmentir.com\/glossary\/lockout-tagout\",\"url\":\"https:\/\/www.augmentir.com\/glossary\/lockout-tagout\",\"name\":\"What are Lockout Tagout (LOTO) Procedures in Manufacturing? - Augmentir\",\"isPartOf\":{\"@id\":\"https:\/\/www.augmentir.com\/#website\"},\"primaryImageOfPage\":{\"@id\":\"https:\/\/www.augmentir.com\/glossary\/lockout-tagout#primaryimage\"},\"image\":{\"@id\":\"https:\/\/www.augmentir.com\/glossary\/lockout-tagout#primaryimage\"},\"thumbnailUrl\":\"https:\/\/www.augmentir.com\/wp-content\/uploads\/2021\/10\/use-case-safety-hero.jpg\",\"datePublished\":\"2023-08-22T00:45:28+00:00\",\"dateModified\":\"2024-12-20T18:01:46+00:00\",\"description\":\"Learn about lockout tagout procedures in manufacturing, how it keeps workers safe, and the benefits of improving LOTO compliance.\",\"breadcrumb\":{\"@id\":\"https:\/\/www.augmentir.com\/glossary\/lockout-tagout#breadcrumb\"},\"inLanguage\":\"fr-FR\",\"potentialAction\":[{\"@type\":\"ReadAction\",\"target\":[\"https:\/\/www.augmentir.com\/glossary\/lockout-tagout\"]}]},{\"@type\":\"ImageObject\",\"inLanguage\":\"fr-FR\",\"@id\":\"https:\/\/www.augmentir.com\/glossary\/lockout-tagout#primaryimage\",\"url\":\"https:\/\/www.augmentir.com\/wp-content\/uploads\/2021\/10\/use-case-safety-hero.jpg\",\"contentUrl\":\"https:\/\/www.augmentir.com\/wp-content\/uploads\/2021\/10\/use-case-safety-hero.jpg\",\"width\":1500,\"height\":844,\"caption\":\"Connected worker tools for safety and lockout tagout (loto) procedures\"},{\"@type\":\"BreadcrumbList\",\"@id\":\"https:\/\/www.augmentir.com\/glossary\/lockout-tagout#breadcrumb\",\"itemListElement\":[{\"@type\":\"ListItem\",\"position\":1,\"name\":\"Home\",\"item\":\"https:\/\/www.augmentir.com\/\"},{\"@type\":\"ListItem\",\"position\":2,\"name\":\"Topics\",\"item\":\"https:\/\/www.augmentir.com\/glossary\"},{\"@type\":\"ListItem\",\"position\":3,\"name\":\"What are Lockout Tagout (LOTO) Procedures in Manufacturing?\"}]},{\"@type\":\"WebSite\",\"@id\":\"https:\/\/www.augmentir.com\/#website\",\"url\":\"https:\/\/www.augmentir.com\/\",\"name\":\"Augmentir\",\"description\":\"AI-Powered Connected Worker Platform\",\"publisher\":{\"@id\":\"https:\/\/www.augmentir.com\/#organization\"},\"potentialAction\":[{\"@type\":\"SearchAction\",\"target\":{\"@type\":\"EntryPoint\",\"urlTemplate\":\"https:\/\/www.augmentir.com\/?s={search_term_string}\"},\"query-input\":{\"@type\":\"PropertyValueSpecification\",\"valueRequired\":true,\"valueName\":\"search_term_string\"}}],\"inLanguage\":\"fr-FR\"},{\"@type\":\"Organization\",\"@id\":\"https:\/\/www.augmentir.com\/#organization\",\"name\":\"Augmentir, Inc.\",\"url\":\"https:\/\/www.augmentir.com\/\",\"logo\":{\"@type\":\"ImageObject\",\"inLanguage\":\"fr-FR\",\"@id\":\"https:\/\/www.augmentir.com\/#\/schema\/logo\/image\/\",\"url\":\"https:\/\/www.augmentir.com\/wp-content\/uploads\/2021\/10\/Augmentir_Logo.svg\",\"contentUrl\":\"https:\/\/www.augmentir.com\/wp-content\/uploads\/2021\/10\/Augmentir_Logo.svg\",\"width\":\"1200\",\"height\":\"1200\",\"caption\":\"Augmentir, Inc.\"},\"image\":{\"@id\":\"https:\/\/www.augmentir.com\/#\/schema\/logo\/image\/\"},\"sameAs\":[\"https:\/\/x.com\/augmentir\",\"https:\/\/www.linkedin.com\/company\/augmentir\"]}]}<\/script>\n<!-- \/ Yoast SEO plugin. -->","yoast_head_json":{"title":"What are Lockout Tagout (LOTO) Procedures in Manufacturing? - Augmentir","description":"Learn about lockout tagout procedures in manufacturing, how it keeps workers safe, and the benefits of improving LOTO compliance.","robots":{"index":"index","follow":"follow","max-snippet":"max-snippet:-1","max-image-preview":"max-image-preview:large","max-video-preview":"max-video-preview:-1"},"canonical":"https:\/\/www.augmentir.com\/fr\/glossary\/lockout-tagout","og_locale":"fr_FR","og_type":"article","og_title":"What are Lockout Tagout (LOTO) Procedures in Manufacturing? - Augmentir","og_description":"Learn about lockout tagout procedures in manufacturing, how it keeps workers safe, and the benefits of improving LOTO compliance.","og_url":"https:\/\/www.augmentir.com\/fr\/glossary\/lockout-tagout","og_site_name":"Augmentir","article_modified_time":"2024-12-20T18:01:46+00:00","og_image":[{"width":1500,"height":844,"url":"https:\/\/www.augmentir.com\/wp-content\/uploads\/2021\/10\/use-case-safety-hero.jpg","type":"image\/jpeg"}],"twitter_card":"summary_large_image","twitter_site":"@augmentir","schema":{"@context":"https:\/\/schema.org","@graph":[{"@type":"WebPage","@id":"https:\/\/www.augmentir.com\/glossary\/lockout-tagout","url":"https:\/\/www.augmentir.com\/glossary\/lockout-tagout","name":"What are Lockout Tagout (LOTO) Procedures in Manufacturing? - Augmentir","isPartOf":{"@id":"https:\/\/www.augmentir.com\/#website"},"primaryImageOfPage":{"@id":"https:\/\/www.augmentir.com\/glossary\/lockout-tagout#primaryimage"},"image":{"@id":"https:\/\/www.augmentir.com\/glossary\/lockout-tagout#primaryimage"},"thumbnailUrl":"https:\/\/www.augmentir.com\/wp-content\/uploads\/2021\/10\/use-case-safety-hero.jpg","datePublished":"2023-08-22T00:45:28+00:00","dateModified":"2024-12-20T18:01:46+00:00","description":"Learn about lockout tagout procedures in manufacturing, how it keeps workers safe, and the benefits of improving LOTO compliance.","breadcrumb":{"@id":"https:\/\/www.augmentir.com\/glossary\/lockout-tagout#breadcrumb"},"inLanguage":"fr-FR","potentialAction":[{"@type":"ReadAction","target":["https:\/\/www.augmentir.com\/glossary\/lockout-tagout"]}]},{"@type":"ImageObject","inLanguage":"fr-FR","@id":"https:\/\/www.augmentir.com\/glossary\/lockout-tagout#primaryimage","url":"https:\/\/www.augmentir.com\/wp-content\/uploads\/2021\/10\/use-case-safety-hero.jpg","contentUrl":"https:\/\/www.augmentir.com\/wp-content\/uploads\/2021\/10\/use-case-safety-hero.jpg","width":1500,"height":844,"caption":"Connected worker tools for safety and lockout tagout (loto) procedures"},{"@type":"BreadcrumbList","@id":"https:\/\/www.augmentir.com\/glossary\/lockout-tagout#breadcrumb","itemListElement":[{"@type":"ListItem","position":1,"name":"Home","item":"https:\/\/www.augmentir.com\/"},{"@type":"ListItem","position":2,"name":"Topics","item":"https:\/\/www.augmentir.com\/glossary"},{"@type":"ListItem","position":3,"name":"What are Lockout Tagout (LOTO) Procedures in Manufacturing?"}]},{"@type":"WebSite","@id":"https:\/\/www.augmentir.com\/#website","url":"https:\/\/www.augmentir.com\/","name":"Augmentir","description":"AI-Powered Connected Worker Platform","publisher":{"@id":"https:\/\/www.augmentir.com\/#organization"},"potentialAction":[{"@type":"SearchAction","target":{"@type":"EntryPoint","urlTemplate":"https:\/\/www.augmentir.com\/?s={search_term_string}"},"query-input":{"@type":"PropertyValueSpecification","valueRequired":true,"valueName":"search_term_string"}}],"inLanguage":"fr-FR"},{"@type":"Organization","@id":"https:\/\/www.augmentir.com\/#organization","name":"Augmentir, Inc.","url":"https:\/\/www.augmentir.com\/","logo":{"@type":"ImageObject","inLanguage":"fr-FR","@id":"https:\/\/www.augmentir.com\/#\/schema\/logo\/image\/","url":"https:\/\/www.augmentir.com\/wp-content\/uploads\/2021\/10\/Augmentir_Logo.svg","contentUrl":"https:\/\/www.augmentir.com\/wp-content\/uploads\/2021\/10\/Augmentir_Logo.svg","width":"1200","height":"1200","caption":"Augmentir, Inc."},"image":{"@id":"https:\/\/www.augmentir.com\/#\/schema\/logo\/image\/"},"sameAs":["https:\/\/x.com\/augmentir","https:\/\/www.linkedin.com\/company\/augmentir"]}]}},"_links":{"self":[{"href":"https:\/\/www.augmentir.com\/fr\/wp-json\/wp\/v2\/pages\/13575","targetHints":{"allow":["GET"]}}],"collection":[{"href":"https:\/\/www.augmentir.com\/fr\/wp-json\/wp\/v2\/pages"}],"about":[{"href":"https:\/\/www.augmentir.com\/fr\/wp-json\/wp\/v2\/types\/page"}],"author":[{"embeddable":true,"href":"https:\/\/www.augmentir.com\/fr\/wp-json\/wp\/v2\/users\/1"}],"replies":[{"embeddable":true,"href":"https:\/\/www.augmentir.com\/fr\/wp-json\/wp\/v2\/comments?post=13575"}],"version-history":[{"count":0,"href":"https:\/\/www.augmentir.com\/fr\/wp-json\/wp\/v2\/pages\/13575\/revisions"}],"up":[{"embeddable":true,"href":"https:\/\/www.augmentir.com\/fr\/wp-json\/wp\/v2\/pages\/11161"}],"wp:featuredmedia":[{"embeddable":true,"href":"https:\/\/www.augmentir.com\/fr\/wp-json\/wp\/v2\/media\/11597"}],"wp:attachment":[{"href":"https:\/\/www.augmentir.com\/fr\/wp-json\/wp\/v2\/media?parent=13575"}],"curies":[{"name":"wp","href":"https:\/\/api.w.org\/{rel}","templated":true}]}}