{"id":13543,"date":"2023-08-11T18:14:51","date_gmt":"2023-08-11T18:14:51","guid":{"rendered":"https:\/\/www.augmentir.com\/?page_id=13543"},"modified":"2025-04-28T17:42:28","modified_gmt":"2025-04-28T17:42:28","slug":"lns-research-2023-connected-frontline-workforce-ssm-guidebook","status":"publish","type":"page","link":"https:\/\/www.augmentir.com\/fr\/lns-research-2023-connected-frontline-workforce-ssm-guidebook","title":{"rendered":"Guide de recherche LNS sur la gestion des effectifs de premi\u00e8re ligne connect\u00e9s"},"content":{"rendered":"<div id='top-section'  class='avia-section main_color avia-section-default avia-no-border-styling avia-bg-style-scroll  avia-builder-el-0  avia-builder-el-no-sibling   container_wrap sidebar_right' style='background-repeat: repeat-y; background-image: url(https:\/\/www.augmentir.com\/wp-content\/uploads\/2021\/10\/page-half-background.png);background-attachment: scroll; background-position: center center;  '  data-section-bg-repeat='repeat-y'><div class='container' ><main  role=\"main\" itemprop=\"mainContentOfPage\"  class='template-page content  av-content-small alpha units'><div class='post-entry post-entry-type-page post-entry-13543'><div class='entry-content-wrapper clearfix'>\n<div class=\"flex_column av_one_half  av-break-at-tablet flex_column_div first  avia-builder-el-1  el_before_av_one_half  avia-builder-el-first\" style='padding:0px 30px 0px 0px ; border-radius:0px; '><p><section class=\"av_textblock_section\"  itemscope=\"itemscope\" itemtype=\"https:\/\/schema.org\/CreativeWork\" ><div class='avia_textblock eyebrow-headline av_inherit_color'  style='color:#222222; '  itemprop=\"text\" ><p>Solutions de travail connect\u00e9<\/p>\n<\/div><\/section><br \/>\n<div  style='padding-bottom:0px; margin-top:0px; font-size:40px;' class='av-special-heading av-special-heading-h1  blockquote modern-quote  avia-builder-el-3  el_after_av_textblock  el_before_av_textblock  h1-page-title av-inherit-size'><h1 class='av-special-heading-tag'  itemprop=\"headline\"  >Un nouveau rapport de recherche du LNS met en avant Augmentir en tant que solution leader pour les travailleurs connect\u00e9s<\/h1><div class='special-heading-border'><div class='special-heading-inner-border' ><\/div><\/div><\/div><br \/>\n<section class=\"av_textblock_section\"  itemscope=\"itemscope\" itemtype=\"https:\/\/schema.org\/CreativeWork\" ><div class='avia_textblock'   itemprop=\"text\" ><div class=\"page\" title=\"Page 1\">\n<div class=\"section\">\n<div class=\"layoutArea\">\n<div class=\"column\">\n<p>LNS Research a examin\u00e9 des dizaines de fournisseurs au sein de l&#039;\u00e9cosyst\u00e8me CFW et les a class\u00e9s en fonction de divers crit\u00e8res cl\u00e9s, notamment les capacit\u00e9s des produits, le potentiel du march\u00e9 et la pr\u00e9sence de l&#039;entreprise.\u00a0 <strong>Augmentir a \u00e9t\u00e9 nomm\u00e9 par LNS comme l&#039;un des principaux innovateurs de solutions CFW.<\/strong><\/p>\n<\/div>\n<\/div>\n<\/div>\n<\/div>\n<\/div><\/section><br \/>\n<div  class='avia-image-container  av-styling-no-styling    avia-builder-el-5  el_after_av_textblock  el_before_av_hr  image-white-background avia-align-center'  itemprop=\"image\" itemscope=\"itemscope\" itemtype=\"https:\/\/schema.org\/ImageObject\"  ><div class='avia-image-container-inner'><div class='avia-image-overlay-wrap'><img class='avia_image' src='https:\/\/www.augmentir.com\/wp-content\/uploads\/2023\/08\/ssm-matrix.png' alt='matrice ssm de travailleur connect\u00e9' title='' height=\"3600\" width=\"2700\"  itemprop=\"thumbnailUrl\"  \/><\/div><\/div><\/div><br \/>\n<div  style='height:30px' class='hr hr-invisible  av-small-hide av-mini-hide  avia-builder-el-6  el_after_av_image  el_before_av_textblock'><span class='hr-inner' ><span class='hr-inner-style'><\/span><\/span><\/div><br \/>\n<section class=\"av_textblock_section  av-small-hide av-mini-hide\"  itemscope=\"itemscope\" itemtype=\"https:\/\/schema.org\/CreativeWork\" ><div class='avia_textblock'  style='font-size:16px; '  itemprop=\"text\" ><p>Selon LNS Research, Augmentir est bien positionn\u00e9 pour une croissance future, avec une trajectoire qui lui donne le potentiel de faire partie d&#039;un petit groupe de leaders probables du march\u00e9 dans l&#039;espace CFW Applications. Cette \u00e9valuation est bas\u00e9e en partie sur la force des capacit\u00e9s diff\u00e9renci\u00e9es de sa suite de solutions bas\u00e9es sur l&#039;IA pour permettre une am\u00e9lioration proactive des performances bas\u00e9e sur les donn\u00e9es, la personnalisation de l&#039;assistance et de la formation \u00e0 l&#039;ex\u00e9cution du travail, et l&#039;int\u00e9gration des comp\u00e9tences et des qualifications individuelles et d&#039;\u00e9quipe pour guider le d\u00e9veloppement de la main-d&#039;\u0153uvre. et affectation de travail sp\u00e9cifique \u00e0 chaque quart de travail.<\/p>\n<p>D&#039;autres facteurs cl\u00e9s ayant un impact sur le potentiel d&#039;Augmentir sont la force et l&#039;exp\u00e9rience \u00e9prouv\u00e9e des \u00e9quipes de direction et de gestion, une forte dynamique sur le march\u00e9, un historique d&#039;innovation produit r\u00e9ussie, des partenariats d&#039;\u00e9cosyst\u00e8me et probablement un acc\u00e8s continu \u00e0 un financement et des ressources ad\u00e9quats pour soutenir l&#039;expansion de go -initiatives de mise sur le march\u00e9. Les ant\u00e9c\u00e9dents d&#039;Augmentir indiquent une forte probabilit\u00e9 de croissance continue et le potentiel au fil du temps de faire partie d&#039;un groupe restreint de leaders du march\u00e9 dans l&#039;espace CFW Applications.<\/p>\n<\/div><\/section><\/p><\/div><div class=\"flex_column av_one_half  av-break-at-tablet flex_column_div   avia-builder-el-8  el_after_av_one_half  avia-builder-el-last  form-container-column\" style='padding:0px 0px 0px 30px ; border-radius:0px; '><p><section class=\"av_textblock_section\"  itemscope=\"itemscope\" itemtype=\"https:\/\/schema.org\/CreativeWork\" ><div class='avia_textblock eyebrow-headline av_inherit_color'  style='color:#ffffff; '  itemprop=\"text\" ><p>Lire le rapport complet<\/p>\n<\/div><\/section><br \/>\n<div  style='padding-bottom:0px; margin-top:0px; color:#ffffff;font-size:32px;' class='av-special-heading av-special-heading-h2 custom-color-heading blockquote modern-quote  avia-builder-el-10  el_after_av_textblock  el_before_av_codeblock  av-inherit-size'><h2 class='av-special-heading-tag'  itemprop=\"headline\"  >Matrice de s\u00e9lection des solutions de travail connect\u00e9 de LNS Research<\/h2><div class='special-heading-border'><div class='special-heading-inner-border' style='border-color:#ffffff'><\/div><\/div><\/div><br \/>\n<\/p><\/div><\/div><\/div><\/main><!-- close content main element --><\/div><\/div><div id='after_section_1'  class='main_color av_default_container_wrap container_wrap sidebar_right' style=' '  ><div class='container' ><div class='template-page content  av-content-small alpha units'><div class='post-entry post-entry-type-page post-entry-13543'><div class='entry-content-wrapper clearfix'>","protected":false},"excerpt":{"rendered":"","protected":false},"author":1,"featured_media":13546,"parent":0,"menu_order":0,"comment_status":"closed","ping_status":"closed","template":"","meta":{"inline_featured_image":false,"_lmt_disableupdate":"no","_lmt_disable":"","footnotes":""},"class_list":["post-13543","page","type-page","status-publish","has-post-thumbnail","hentry"],"yoast_head":"<!-- This site is optimized with the Yoast SEO plugin v27.2 - https:\/\/yoast.com\/product\/yoast-seo-wordpress\/ -->\n<title>LNS Research Connected Frontline Workforce SSM Guidebook - Augmentir<\/title>\n<meta name=\"description\" content=\"Download the LNS Research Solution Selection Matrix\u2122 Guidebook for Connected Frontline Workforce (CFW) solutions.\" \/>\n<meta name=\"robots\" content=\"index, follow, max-snippet:-1, max-image-preview:large, max-video-preview:-1\" \/>\n<link rel=\"canonical\" href=\"https:\/\/www.augmentir.com\/fr\/lns-research-2023-connected-frontline-workforce-ssm-guidebook\" \/>\n<meta property=\"og:locale\" content=\"fr_FR\" \/>\n<meta property=\"og:type\" content=\"article\" \/>\n<meta property=\"og:title\" content=\"LNS Research Connected Frontline Workforce SSM Guidebook - Augmentir\" \/>\n<meta property=\"og:description\" content=\"Download the LNS Research Solution Selection Matrix\u2122 Guidebook for Connected Frontline Workforce (CFW) solutions.\" \/>\n<meta property=\"og:url\" content=\"https:\/\/www.augmentir.com\/fr\/lns-research-2023-connected-frontline-workforce-ssm-guidebook\" \/>\n<meta property=\"og:site_name\" content=\"Augmentir\" \/>\n<meta property=\"article:modified_time\" content=\"2025-04-28T17:42:28+00:00\" \/>\n<meta property=\"og:image\" content=\"https:\/\/www.augmentir.com\/wp-content\/uploads\/2023\/08\/lns-research-cw-ssm.png\" \/>\n\t<meta property=\"og:image:width\" content=\"1200\" \/>\n\t<meta property=\"og:image:height\" content=\"630\" \/>\n\t<meta property=\"og:image:type\" content=\"image\/png\" \/>\n<meta name=\"twitter:card\" content=\"summary_large_image\" \/>\n<meta name=\"twitter:site\" content=\"@augmentir\" \/>\n<script type=\"application\/ld+json\" class=\"yoast-schema-graph\">{\"@context\":\"https:\/\/schema.org\",\"@graph\":[{\"@type\":\"WebPage\",\"@id\":\"https:\/\/www.augmentir.com\/lns-research-2023-connected-frontline-workforce-ssm-guidebook\",\"url\":\"https:\/\/www.augmentir.com\/lns-research-2023-connected-frontline-workforce-ssm-guidebook\",\"name\":\"LNS Research Connected Frontline Workforce SSM Guidebook - Augmentir\",\"isPartOf\":{\"@id\":\"https:\/\/www.augmentir.com\/#website\"},\"primaryImageOfPage\":{\"@id\":\"https:\/\/www.augmentir.com\/lns-research-2023-connected-frontline-workforce-ssm-guidebook#primaryimage\"},\"image\":{\"@id\":\"https:\/\/www.augmentir.com\/lns-research-2023-connected-frontline-workforce-ssm-guidebook#primaryimage\"},\"thumbnailUrl\":\"https:\/\/www.augmentir.com\/wp-content\/uploads\/2023\/08\/lns-research-cw-ssm.png\",\"datePublished\":\"2023-08-11T18:14:51+00:00\",\"dateModified\":\"2025-04-28T17:42:28+00:00\",\"description\":\"Download the LNS Research Solution Selection Matrix\u2122 Guidebook for Connected Frontline Workforce (CFW) solutions.\",\"breadcrumb\":{\"@id\":\"https:\/\/www.augmentir.com\/lns-research-2023-connected-frontline-workforce-ssm-guidebook#breadcrumb\"},\"inLanguage\":\"fr-FR\",\"potentialAction\":[{\"@type\":\"ReadAction\",\"target\":[\"https:\/\/www.augmentir.com\/lns-research-2023-connected-frontline-workforce-ssm-guidebook\"]}]},{\"@type\":\"ImageObject\",\"inLanguage\":\"fr-FR\",\"@id\":\"https:\/\/www.augmentir.com\/lns-research-2023-connected-frontline-workforce-ssm-guidebook#primaryimage\",\"url\":\"https:\/\/www.augmentir.com\/wp-content\/uploads\/2023\/08\/lns-research-cw-ssm.png\",\"contentUrl\":\"https:\/\/www.augmentir.com\/wp-content\/uploads\/2023\/08\/lns-research-cw-ssm.png\",\"width\":1200,\"height\":630,\"caption\":\"LNS Research Connected Worker Solution Selection Matrix\"},{\"@type\":\"BreadcrumbList\",\"@id\":\"https:\/\/www.augmentir.com\/lns-research-2023-connected-frontline-workforce-ssm-guidebook#breadcrumb\",\"itemListElement\":[{\"@type\":\"ListItem\",\"position\":1,\"name\":\"Home\",\"item\":\"https:\/\/www.augmentir.com\/\"},{\"@type\":\"ListItem\",\"position\":2,\"name\":\"LNS Research Connected Frontline Workforce SSM Guidebook\"}]},{\"@type\":\"WebSite\",\"@id\":\"https:\/\/www.augmentir.com\/#website\",\"url\":\"https:\/\/www.augmentir.com\/\",\"name\":\"Augmentir\",\"description\":\"AI-Powered Connected Worker Platform\",\"publisher\":{\"@id\":\"https:\/\/www.augmentir.com\/#organization\"},\"potentialAction\":[{\"@type\":\"SearchAction\",\"target\":{\"@type\":\"EntryPoint\",\"urlTemplate\":\"https:\/\/www.augmentir.com\/?s={search_term_string}\"},\"query-input\":{\"@type\":\"PropertyValueSpecification\",\"valueRequired\":true,\"valueName\":\"search_term_string\"}}],\"inLanguage\":\"fr-FR\"},{\"@type\":\"Organization\",\"@id\":\"https:\/\/www.augmentir.com\/#organization\",\"name\":\"Augmentir, Inc.\",\"url\":\"https:\/\/www.augmentir.com\/\",\"logo\":{\"@type\":\"ImageObject\",\"inLanguage\":\"fr-FR\",\"@id\":\"https:\/\/www.augmentir.com\/#\/schema\/logo\/image\/\",\"url\":\"https:\/\/www.augmentir.com\/wp-content\/uploads\/2021\/10\/Augmentir_Logo.svg\",\"contentUrl\":\"https:\/\/www.augmentir.com\/wp-content\/uploads\/2021\/10\/Augmentir_Logo.svg\",\"width\":\"1200\",\"height\":\"1200\",\"caption\":\"Augmentir, Inc.\"},\"image\":{\"@id\":\"https:\/\/www.augmentir.com\/#\/schema\/logo\/image\/\"},\"sameAs\":[\"https:\/\/x.com\/augmentir\",\"https:\/\/www.linkedin.com\/company\/augmentir\"]}]}<\/script>\n<!-- \/ Yoast SEO plugin. -->","yoast_head_json":{"title":"LNS Research Connected Frontline Workforce SSM Guidebook - Augmentir","description":"Download the LNS Research Solution Selection Matrix\u2122 Guidebook for Connected Frontline Workforce (CFW) solutions.","robots":{"index":"index","follow":"follow","max-snippet":"max-snippet:-1","max-image-preview":"max-image-preview:large","max-video-preview":"max-video-preview:-1"},"canonical":"https:\/\/www.augmentir.com\/fr\/lns-research-2023-connected-frontline-workforce-ssm-guidebook","og_locale":"fr_FR","og_type":"article","og_title":"LNS Research Connected Frontline Workforce SSM Guidebook - Augmentir","og_description":"Download the LNS Research Solution Selection Matrix\u2122 Guidebook for Connected Frontline Workforce (CFW) solutions.","og_url":"https:\/\/www.augmentir.com\/fr\/lns-research-2023-connected-frontline-workforce-ssm-guidebook","og_site_name":"Augmentir","article_modified_time":"2025-04-28T17:42:28+00:00","og_image":[{"width":1200,"height":630,"url":"https:\/\/www.augmentir.com\/wp-content\/uploads\/2023\/08\/lns-research-cw-ssm.png","type":"image\/png"}],"twitter_card":"summary_large_image","twitter_site":"@augmentir","schema":{"@context":"https:\/\/schema.org","@graph":[{"@type":"WebPage","@id":"https:\/\/www.augmentir.com\/lns-research-2023-connected-frontline-workforce-ssm-guidebook","url":"https:\/\/www.augmentir.com\/lns-research-2023-connected-frontline-workforce-ssm-guidebook","name":"LNS Research Connected Frontline Workforce SSM Guidebook - Augmentir","isPartOf":{"@id":"https:\/\/www.augmentir.com\/#website"},"primaryImageOfPage":{"@id":"https:\/\/www.augmentir.com\/lns-research-2023-connected-frontline-workforce-ssm-guidebook#primaryimage"},"image":{"@id":"https:\/\/www.augmentir.com\/lns-research-2023-connected-frontline-workforce-ssm-guidebook#primaryimage"},"thumbnailUrl":"https:\/\/www.augmentir.com\/wp-content\/uploads\/2023\/08\/lns-research-cw-ssm.png","datePublished":"2023-08-11T18:14:51+00:00","dateModified":"2025-04-28T17:42:28+00:00","description":"Download the LNS Research Solution Selection Matrix\u2122 Guidebook for Connected Frontline Workforce (CFW) solutions.","breadcrumb":{"@id":"https:\/\/www.augmentir.com\/lns-research-2023-connected-frontline-workforce-ssm-guidebook#breadcrumb"},"inLanguage":"fr-FR","potentialAction":[{"@type":"ReadAction","target":["https:\/\/www.augmentir.com\/lns-research-2023-connected-frontline-workforce-ssm-guidebook"]}]},{"@type":"ImageObject","inLanguage":"fr-FR","@id":"https:\/\/www.augmentir.com\/lns-research-2023-connected-frontline-workforce-ssm-guidebook#primaryimage","url":"https:\/\/www.augmentir.com\/wp-content\/uploads\/2023\/08\/lns-research-cw-ssm.png","contentUrl":"https:\/\/www.augmentir.com\/wp-content\/uploads\/2023\/08\/lns-research-cw-ssm.png","width":1200,"height":630,"caption":"LNS Research Connected Worker Solution Selection Matrix"},{"@type":"BreadcrumbList","@id":"https:\/\/www.augmentir.com\/lns-research-2023-connected-frontline-workforce-ssm-guidebook#breadcrumb","itemListElement":[{"@type":"ListItem","position":1,"name":"Home","item":"https:\/\/www.augmentir.com\/"},{"@type":"ListItem","position":2,"name":"LNS Research Connected Frontline Workforce SSM Guidebook"}]},{"@type":"WebSite","@id":"https:\/\/www.augmentir.com\/#website","url":"https:\/\/www.augmentir.com\/","name":"Augmentir","description":"AI-Powered Connected Worker Platform","publisher":{"@id":"https:\/\/www.augmentir.com\/#organization"},"potentialAction":[{"@type":"SearchAction","target":{"@type":"EntryPoint","urlTemplate":"https:\/\/www.augmentir.com\/?s={search_term_string}"},"query-input":{"@type":"PropertyValueSpecification","valueRequired":true,"valueName":"search_term_string"}}],"inLanguage":"fr-FR"},{"@type":"Organization","@id":"https:\/\/www.augmentir.com\/#organization","name":"Augmentir, Inc.","url":"https:\/\/www.augmentir.com\/","logo":{"@type":"ImageObject","inLanguage":"fr-FR","@id":"https:\/\/www.augmentir.com\/#\/schema\/logo\/image\/","url":"https:\/\/www.augmentir.com\/wp-content\/uploads\/2021\/10\/Augmentir_Logo.svg","contentUrl":"https:\/\/www.augmentir.com\/wp-content\/uploads\/2021\/10\/Augmentir_Logo.svg","width":"1200","height":"1200","caption":"Augmentir, Inc."},"image":{"@id":"https:\/\/www.augmentir.com\/#\/schema\/logo\/image\/"},"sameAs":["https:\/\/x.com\/augmentir","https:\/\/www.linkedin.com\/company\/augmentir"]}]}},"_links":{"self":[{"href":"https:\/\/www.augmentir.com\/fr\/wp-json\/wp\/v2\/pages\/13543","targetHints":{"allow":["GET"]}}],"collection":[{"href":"https:\/\/www.augmentir.com\/fr\/wp-json\/wp\/v2\/pages"}],"about":[{"href":"https:\/\/www.augmentir.com\/fr\/wp-json\/wp\/v2\/types\/page"}],"author":[{"embeddable":true,"href":"https:\/\/www.augmentir.com\/fr\/wp-json\/wp\/v2\/users\/1"}],"replies":[{"embeddable":true,"href":"https:\/\/www.augmentir.com\/fr\/wp-json\/wp\/v2\/comments?post=13543"}],"version-history":[{"count":0,"href":"https:\/\/www.augmentir.com\/fr\/wp-json\/wp\/v2\/pages\/13543\/revisions"}],"wp:featuredmedia":[{"embeddable":true,"href":"https:\/\/www.augmentir.com\/fr\/wp-json\/wp\/v2\/media\/13546"}],"wp:attachment":[{"href":"https:\/\/www.augmentir.com\/fr\/wp-json\/wp\/v2\/media?parent=13543"}],"curies":[{"name":"wp","href":"https:\/\/api.w.org\/{rel}","templated":true}]}}