{"id":13460,"date":"2023-06-04T01:52:13","date_gmt":"2023-06-04T01:52:13","guid":{"rendered":"https:\/\/www.augmentir.com\/?page_id=13460"},"modified":"2025-06-23T13:00:28","modified_gmt":"2025-06-23T13:00:28","slug":"gemba-walk-manufacturing","status":"publish","type":"page","link":"https:\/\/www.augmentir.com\/fr\/glossary\/gemba-walk-manufacturing","title":{"rendered":"Gemba Walk in Manufacturing : qu&#039;est-ce que c&#039;est et quels sont les avantages ?"},"content":{"rendered":"<div id='av_section_1'  class='avia-section main_color avia-section-small avia-no-border-styling avia-bg-style-scroll  avia-builder-el-0  el_before_av_section  avia-builder-el-first  glossary-container  container_wrap sidebar_right' style=' margin-top:10px; margin-bottom:0px; '  ><div class='container' ><main  role=\"main\" itemprop=\"mainContentOfPage\"  class='template-page content  av-content-small alpha units'><div class='post-entry post-entry-type-page post-entry-13460'><div class='entry-content-wrapper clearfix'>\n<div class=\"flex_column av_one_full  flex_column_div av-zero-column-padding first  avia-builder-el-1  avia-builder-el-no-sibling\" style='border-radius:0px; '><p><div  style='padding-bottom:10px; margin-top:16px; font-size:44px;' class='av-special-heading av-special-heading-h1  blockquote modern-quote  avia-builder-el-2  el_before_av_textblock  avia-builder-el-first  av-inherit-size'><h1 class='av-special-heading-tag'  itemprop=\"headline\"  >Qu&#039;est-ce qu&#039;une promenade Gemba dans la fabrication\u00a0?<\/h1><div class='special-heading-border'><div class='special-heading-inner-border' ><\/div><\/div><\/div><br \/>\n<section class=\"av_textblock_section\"  itemscope=\"itemscope\" itemtype=\"https:\/\/schema.org\/CreativeWork\" ><div class='avia_textblock'   itemprop=\"text\" ><p>Une marche gemba est une visite guid\u00e9e du lieu de travail qui observe les travailleurs, comment ils ex\u00e9cutent leurs t\u00e2ches et identifie les domaines \u00e0 am\u00e9liorer. Il vient du mot japonais Gemba, ou le &quot;vrai lieu&quot; - la zone o\u00f9 le travail r\u00e9el a lieu.<\/p>\n<p>En fin de compte, une marche gemba dans la fabrication est une approche de fabrication all\u00e9g\u00e9e puissante pour r\u00e9duire les d\u00e9chets et promouvoir l&#039;am\u00e9lioration continue des travailleurs et des machines.<\/p>\n<p>En savoir plus sur les \u00e9l\u00e9ments cl\u00e9s d&#039;une marche gemba et comment en mener une:<\/p>\n<ul>\n<li><a href=\"#gemba-walk-defined-and-its-importance\">La promenade Gemba d\u00e9finie et son importance<\/a><\/li>\n<li><a href=\"#key-elements-of-a-gemba-walk\">\u00c9l\u00e9ments cl\u00e9s d&#039;une promenade gemba<\/a><\/li>\n<li><a href=\"#how-to-do-a-gemba-walk\">Comment faire une marche gemba<\/a><\/li>\n<li><a href=\"#how-the-manufacturing-industry-can-benefit-from-gemba-walks\">Comment l&#039;industrie manufacturi\u00e8re peut b\u00e9n\u00e9ficier des promenades gemba<\/a><\/li>\n<\/ul>\n<\/div><\/section><\/p><\/div>\n\n<\/div><\/div><\/main><!-- close content main element --><\/div><\/div><div id='gemba-walk-defined-and-its-importance'  class='avia-section main_color avia-section-no-padding avia-no-border-styling avia-bg-style-scroll  avia-builder-el-4  el_after_av_section  el_before_av_section  glossary-container  container_wrap sidebar_right' style=' '  ><div class='container' ><div class='template-page content  av-content-small alpha units'><div class='post-entry post-entry-type-page post-entry-13460'><div class='entry-content-wrapper clearfix'>\n<div class=\"flex_column av_one_full  flex_column_div av-zero-column-padding first  avia-builder-el-5  avia-builder-el-no-sibling\" style='border-radius:0px; '><p><div  style='padding-bottom:10px; font-size:32px;' class='av-special-heading av-special-heading-h2  blockquote modern-quote  avia-builder-el-6  el_before_av_textblock  avia-builder-el-first  first-section-header av-inherit-size'><h2 class='av-special-heading-tag'  itemprop=\"headline\"  >La promenade Gemba d\u00e9finie et son importance<\/h2><div class='special-heading-border'><div class='special-heading-inner-border' ><\/div><\/div><\/div><br \/>\n<section class=\"av_textblock_section\"  itemscope=\"itemscope\" itemtype=\"https:\/\/schema.org\/CreativeWork\" ><div class='avia_textblock'   itemprop=\"text\" ><p>Une marche gemba est le processus d&#039;observation du travail en cours et des proc\u00e9dures d&#039;atelier de premi\u00e8re main. En observant et en s&#039;engageant avec les employ\u00e9s, un responsable ou un dirigeant peut mieux comprendre le processus de fabrication et o\u00f9 les d\u00e9chets de production peuvent \u00eatre \u00e9limin\u00e9s. Ces informations peuvent ensuite \u00eatre utilis\u00e9es pour cr\u00e9er ou am\u00e9liorer des protocoles de fabrication.<\/p>\n<p>Les promenades Gemba dans la fabrication sont extr\u00eamement importantes. Ils donnent \u00e0 la direction une bonne id\u00e9e de ce \u00e0 quoi ressemblent les processus d&#039;atelier. Ils aident \u00e9galement \u00e0 r\u00e9duire les hypoth\u00e8ses erron\u00e9es sur la main-d&#039;\u0153uvre.<\/p>\n<p>En cons\u00e9quence, ces proc\u00e9dures pas \u00e0 pas permettent aux entreprises manufacturi\u00e8res de s&#039;efforcer de s&#039;am\u00e9liorer continuellement et d&#039;\u00e9viter tout d\u00e9calage entre la vision du leadership et l&#039;application r\u00e9elle des processus op\u00e9rationnels.<\/p>\n<\/div><\/section><br \/>\n<div  class='avia-image-container  av-styling-    avia-builder-el-8  el_after_av_textblock  avia-builder-el-last  avia-align-center'  itemprop=\"image\" itemscope=\"itemscope\" itemtype=\"https:\/\/schema.org\/ImageObject\"  ><div class='avia-image-container-inner'><div class='avia-image-overlay-wrap'><img class='avia_image' src='https:\/\/www.augmentir.com\/wp-content\/uploads\/2023\/06\/gemba-walk-manufacturing.jpg' alt='fabrication de marche gemba' title='' height=\"630\" width=\"1200\"  itemprop=\"thumbnailUrl\"  \/><\/div><\/div><\/div><\/p><\/div><\/div><\/div><\/div><!-- close content main div --><\/div><\/div><div id='key-elements-of-a-gemba-walk'  class='avia-section main_color avia-section-no-padding avia-no-border-styling avia-bg-style-scroll  avia-builder-el-9  el_after_av_section  el_before_av_section  glossary-container  container_wrap sidebar_right' style=' '  ><div class='container' ><div class='template-page content  av-content-small alpha units'><div class='post-entry post-entry-type-page post-entry-13460'><div class='entry-content-wrapper clearfix'>\n<div class=\"flex_column av_one_full  flex_column_div av-zero-column-padding first  avia-builder-el-10  avia-builder-el-no-sibling\" style='border-radius:0px; '><p><div  style='padding-bottom:10px; font-size:32px;' class='av-special-heading av-special-heading-h2  blockquote modern-quote  avia-builder-el-11  el_before_av_textblock  avia-builder-el-first  av-inherit-size'><h2 class='av-special-heading-tag'  itemprop=\"headline\"  >\u00c9l\u00e9ments cl\u00e9s d&#039;une promenade gemba<\/h2><div class='special-heading-border'><div class='special-heading-inner-border' ><\/div><\/div><\/div><br \/>\n<section class=\"av_textblock_section\"  itemscope=\"itemscope\" itemtype=\"https:\/\/schema.org\/CreativeWork\" ><div class='avia_textblock'   itemprop=\"text\" ><p>Les promenades Gemba sont un moyen d&#039;atteindre pratiquement les principes de <a href=\"https:\/\/www.augmentir.com\/glossary\/what-is-kaizen-continuous-improvement\">Kaizen<\/a>, la m\u00e9thodologie japonaise de mise en \u0153uvre de l&#039;am\u00e9lioration continue.<\/p>\n<p>Certains \u00e9l\u00e9ments cl\u00e9s des promenades gemba incluent:<\/p>\n<ul>\n<li><strong>Prioriser les zones de production avec des \u00e9carts d&#039;indicateurs de performance cl\u00e9s (KPI)<\/strong>: Les opportunit\u00e9s d&#039;am\u00e9lioration sont plus faciles \u00e0 voir en observant le travail en temps r\u00e9el dans l&#039;atelier. Il est imp\u00e9ratif de recueillir des donn\u00e9es tout en effectuant des promenades pour voir quels domaines n\u00e9cessitent une attention et combler l&#039;\u00e9cart.<\/li>\n<li><strong>Incorporer des listes de contr\u00f4le num\u00e9riques<\/strong>: Les listes de contr\u00f4le de marche Gemba servent de guide pour ce qu&#039;il faut rechercher et d&#039;un endroit pour enregistrer toutes les observations.<\/li>\n<li><strong>Programmer des promenades gemba<\/strong>: Il est toujours pr\u00e9f\u00e9rable de programmer une promenade gemba \u00e0 l&#039;avance. N&#039;effectuez jamais de promenades sur place car cela pourrait mettre les travailleurs mal \u00e0 l&#039;aise et penser qu&#039;ils ont des ennuis.<\/li>\n<li><strong>Poser des questions<\/strong>: Poser des questions, \u00e0 la fois pr\u00e9par\u00e9es et ad hoc, peut cr\u00e9er des interactions positives avec les employ\u00e9s qui \u00e9tablissent de meilleures relations et comblent les \u00e9carts de production.<\/li>\n<li><strong>Les notes et les images sont utiles<\/strong>: Il est crucial d&#039;\u00e9crire les r\u00e9sultats observ\u00e9s et de prendre des photos pour avoir une documentation visuelle. Cela peut aider la direction \u00e0 reconna\u00eetre les mod\u00e8les d&#039;am\u00e9lioration.<\/li>\n<li><strong>Il s&#039;agit du processus, pas des travailleurs<\/strong>: Les marches Gemba sont destin\u00e9es \u00e0 observer les processus de fabrication, pas les employ\u00e9s individuels. \u00c9vitez de faire des suggestions ou de partager des opinions personnelles. Il est pr\u00e9f\u00e9rable d&#039;\u00e9couter et d&#039;apprendre sur chaque processus et d&#039;avoir un aper\u00e7u des travailleurs.<\/li>\n<\/ul>\n<\/div><\/section><\/p><\/div>\n<\/p>\n<\/div><\/div><\/div><!-- close content main div --><\/div><\/div><div id='how-to-do-a-gemba-walk'  class='avia-section main_color avia-section-no-padding avia-no-border-styling avia-bg-style-scroll  avia-builder-el-13  el_after_av_section  el_before_av_section  glossary-container  container_wrap sidebar_right' style=' '  ><div class='container' ><div class='template-page content  av-content-small alpha units'><div class='post-entry post-entry-type-page post-entry-13460'><div class='entry-content-wrapper clearfix'>\n<div class=\"flex_column av_one_full  flex_column_div av-zero-column-padding first  avia-builder-el-14  avia-builder-el-no-sibling\" style='border-radius:0px; '><p><div  style='padding-bottom:10px; font-size:32px;' class='av-special-heading av-special-heading-h2  blockquote modern-quote  avia-builder-el-15  el_before_av_textblock  avia-builder-el-first  av-inherit-size'><h2 class='av-special-heading-tag'  itemprop=\"headline\"  >Comment faire une marche gemba<\/h2><div class='special-heading-border'><div class='special-heading-inner-border' ><\/div><\/div><\/div><br \/>\n<section class=\"av_textblock_section\"  itemscope=\"itemscope\" itemtype=\"https:\/\/schema.org\/CreativeWork\" ><div class='avia_textblock'   itemprop=\"text\" ><p>Les promenades Gemba sont id\u00e9ales pour voir quels domaines de production doivent \u00eatre trait\u00e9s. Bien que les processus d&#039;atelier varient d&#039;une entreprise \u00e0 l&#039;autre, les \u00e9tapes suivantes peuvent \u00eatre appliqu\u00e9es aux gemba walks dans la fabrication.<\/p>\n<h3>\u00c9tape\u00a01\u00a0: Pr\u00e9venez les travailleurs<\/h3>\n<p>Il est important d&#039;informer les employ\u00e9s \u00e0 l&#039;avance avant d&#039;effectuer une marche gemba pour \u00e9viter les sentiments d&#039;inqui\u00e9tude ou d&#039;actes r\u00e9pr\u00e9hensibles. Cela minimisera les soucis et aidera les travailleurs \u00e0 \u00eatre plus naturels dans l&#039;ex\u00e9cution de leurs t\u00e2ches de routine.<\/p>\n<h3>\u00c9tape 2 : Pr\u00e9parer les questions des travailleurs<\/h3>\n<p>La cr\u00e9ation d&#039;une liste de questions \u00e0 poser aux travailleurs lors d&#039;une marche gemba permet de s&#039;assurer que des \u00e9l\u00e9ments importants ne sont pas oubli\u00e9s. Des questions suppl\u00e9mentaires peuvent surgir, mais le fait d&#039;avoir une liste pr\u00e9par\u00e9e aidera le chef \u00e0 mieux comprendre comment les op\u00e9rations sont ex\u00e9cut\u00e9es et g\u00e9r\u00e9es.<\/p>\n<h3>\u00c9tape 3 : Observez, n&#039;entravez pas<\/h3>\n<p>L&#039;objectif est d&#039;observer et de recueillir les informations n\u00e9cessaires, pas d&#039;appeler les travailleurs sur place. \u00catre un observateur et maintenir une attitude respectueuse peut aider \u00e0 renforcer la confiance et le moral des employ\u00e9s.<\/p>\n<h3>\u00c9tape 4 : Enregistrer les r\u00e9sultats<\/h3>\n<p>Quoi que vous fassiez, il est de la plus haute importance d&#039;enregistrer des observations pour identifier les domaines de r\u00e9ussite et les domaines n\u00e9cessitant des am\u00e9liorations.<\/p>\n<\/div><\/section><\/p><\/div>\n\n<\/div><\/div><\/div><!-- close content main div --><\/div><\/div><div id='how-the-manufacturing-industry-can-benefit-from-gemba-walks'  class='avia-section main_color avia-section-no-padding avia-no-border-styling avia-bg-style-scroll  avia-builder-el-17  el_after_av_section  el_before_av_section  glossary-container  container_wrap sidebar_right' style=' '  ><div class='container' ><div class='template-page content  av-content-small alpha units'><div class='post-entry post-entry-type-page post-entry-13460'><div class='entry-content-wrapper clearfix'>\n<div class=\"flex_column av_one_full  flex_column_div av-zero-column-padding first  avia-builder-el-18  avia-builder-el-no-sibling\" style='border-radius:0px; '><p><div  style='padding-bottom:10px; font-size:32px;' class='av-special-heading av-special-heading-h2  blockquote modern-quote  avia-builder-el-19  el_before_av_textblock  avia-builder-el-first  av-inherit-size'><h2 class='av-special-heading-tag'  itemprop=\"headline\"  >Comment l&#039;industrie manufacturi\u00e8re peut b\u00e9n\u00e9ficier des promenades gemba<\/h2><div class='special-heading-border'><div class='special-heading-inner-border' ><\/div><\/div><\/div><br \/>\n<section class=\"av_textblock_section\"  itemscope=\"itemscope\" itemtype=\"https:\/\/schema.org\/CreativeWork\" ><div class='avia_textblock'   itemprop=\"text\" ><p>Les marches Gemba peuvent aider les entreprises manufacturi\u00e8res \u00e0 \u00e9valuer o\u00f9 se situent les incoh\u00e9rences de production et \u00e0 combler les \u00e9carts.<\/p>\n<p>Certains si les avantages incluent:<\/p>\n<ul>\n<li>Des produits de meilleure qualit\u00e9<\/li>\n<li>Am\u00e9lioration de la productivit\u00e9 des travailleurs et de l&#039;efficacit\u00e9 des \u00e9quipements<\/li>\n<li>Engagement accru des travailleurs<\/li>\n<li>\u00c9conomies de co\u00fbts<\/li>\n<li>Des protocoles de s\u00e9curit\u00e9 renforc\u00e9s<\/li>\n<\/ul>\n<p>Gardez \u00e0 l&#039;esprit que la fr\u00e9quence des gemba walks d\u00e9pendra des objectifs de l&#039;entreprise, de la taille du personnel et de la disponibilit\u00e9 des responsables capables de mener les walkthroughs. Par exemple, si votre objectif est de r\u00e9pondre syst\u00e9matiquement aux attentes en mati\u00e8re de qualit\u00e9 des produits, vous pouvez effectuer une marche gemba plus souvent (par exemple, hebdomadaire, mensuelle ou trimestrielle). Les grandes usines de fabrication peuvent effectuer des visites plus fr\u00e9quemment en raison de la taille de l&#039;usine et des employ\u00e9s.<\/p>\n<p>Augmentir peut aider les fabricants \u00e0 cr\u00e9er des <a href=\"https:\/\/www.augmentir.com\/glossary\/what-are-digital-work-instructions\">instructions de travail num\u00e9riques<\/a> pour effectuer des promenades gemba et de nombreux autres processus avec notre <a href=\"https:\/\/www.augmentir.com\/product\">solution de travail connect\u00e9<\/a>. Nous nous donnons pour mission d&#039;am\u00e9liorer les op\u00e9rations de premi\u00e8re ligne, la productivit\u00e9 des travailleurs et l&#039;efficacit\u00e9 des machines.<\/p>\n<\/div><\/section><\/p><\/div>\n\n<\/div><\/div><\/div><!-- close content main div --><\/div><\/div><div id='av_section_6'  class='avia-section main_color avia-section-default avia-no-border-styling avia-bg-style-scroll  avia-builder-el-21  el_after_av_section  el_before_av_section   container_wrap sidebar_right' style=' margin-top:20px; margin-bottom:20px; '  ><div class='container' ><div class='template-page content  av-content-small alpha units'><div class='post-entry post-entry-type-page post-entry-13460'><div class='entry-content-wrapper clearfix'>\n\n\n<\/div><\/div><\/div><!-- close content main div --><\/div><\/div><div id='faq'  class='avia-section main_color avia-section-default avia-no-border-styling avia-bg-style-scroll  avia-builder-el-23  el_after_av_section  avia-builder-el-last  glossary-container  container_wrap sidebar_right' style='background-color: #eff2f4;  margin-top:0px; margin-bottom:0px; '  ><div class='container' ><div class='template-page content  av-content-small alpha units'><div class='post-entry post-entry-type-page post-entry-13460'><div class='entry-content-wrapper clearfix'>\n<div class=\"flex_column av_one_full  flex_column_div av-zero-column-padding first  avia-builder-el-24  avia-builder-el-no-sibling\" style='border-radius:0px; '><p><div  style='padding-bottom:36px; font-size:32px;' class='av-special-heading av-special-heading-h2  blockquote modern-quote  avia-builder-el-25  el_before_av_textblock  avia-builder-el-first  av-inherit-size'><h2 class='av-special-heading-tag'  itemprop=\"headline\"  >Foire aux questions (FAQ)<\/h2><div class='special-heading-border'><div class='special-heading-inner-border' ><\/div><\/div><\/div><br \/>\n<section class=\"av_textblock_section\"  itemscope=\"itemscope\" itemtype=\"https:\/\/schema.org\/CreativeWork\" ><div class='avia_textblock'   itemprop=\"text\" ><\/div><\/section><br \/>\n<\/p><\/div><\/div><\/div><\/div><!-- close content main div --><\/div><\/div><div id='after_section_7'  class='main_color av_default_container_wrap container_wrap sidebar_right' style=' '  ><div class='container' ><div class='template-page content  av-content-small alpha units'><div class='post-entry post-entry-type-page post-entry-13460'><div class='entry-content-wrapper clearfix'>","protected":false},"excerpt":{"rendered":"","protected":false},"author":1,"featured_media":0,"parent":11161,"menu_order":0,"comment_status":"closed","ping_status":"closed","template":"","meta":{"inline_featured_image":false,"_lmt_disableupdate":"no","_lmt_disable":"","footnotes":""},"class_list":["post-13460","page","type-page","status-publish","hentry"],"yoast_head":"<!-- This site is optimized with the Yoast SEO plugin v27.2 - https:\/\/yoast.com\/product\/yoast-seo-wordpress\/ -->\n<title>Gemba Walk in Manufacturing: What is It and What are the Benefits? - Augmentir<\/title>\n<meta name=\"description\" content=\"Learn what a gemba walk in manufacturing is, the steps involved in conducting one, and how to digitize data collection using Augmentir.\" \/>\n<meta name=\"robots\" content=\"index, follow, max-snippet:-1, max-image-preview:large, max-video-preview:-1\" \/>\n<link rel=\"canonical\" href=\"https:\/\/www.augmentir.com\/fr\/glossary\/gemba-walk-manufacturing\" \/>\n<meta property=\"og:locale\" content=\"fr_FR\" \/>\n<meta property=\"og:type\" content=\"article\" \/>\n<meta property=\"og:title\" content=\"Gemba Walk in Manufacturing: What is It and What are the Benefits? - Augmentir\" \/>\n<meta property=\"og:description\" content=\"Learn what a gemba walk in manufacturing is, the steps involved in conducting one, and how to digitize data collection using Augmentir.\" \/>\n<meta property=\"og:url\" content=\"https:\/\/www.augmentir.com\/fr\/glossary\/gemba-walk-manufacturing\" \/>\n<meta property=\"og:site_name\" content=\"Augmentir\" \/>\n<meta property=\"article:modified_time\" content=\"2025-06-23T13:00:28+00:00\" \/>\n<meta name=\"twitter:card\" content=\"summary_large_image\" \/>\n<meta name=\"twitter:site\" content=\"@augmentir\" \/>\n<script type=\"application\/ld+json\" class=\"yoast-schema-graph\">{\"@context\":\"https:\/\/schema.org\",\"@graph\":[{\"@type\":\"WebPage\",\"@id\":\"https:\/\/www.augmentir.com\/glossary\/gemba-walk-manufacturing\",\"url\":\"https:\/\/www.augmentir.com\/glossary\/gemba-walk-manufacturing\",\"name\":\"Gemba Walk in Manufacturing: What is It and What are the Benefits? - Augmentir\",\"isPartOf\":{\"@id\":\"https:\/\/www.augmentir.com\/#website\"},\"datePublished\":\"2023-06-04T01:52:13+00:00\",\"dateModified\":\"2025-06-23T13:00:28+00:00\",\"description\":\"Learn what a gemba walk in manufacturing is, the steps involved in conducting one, and how to digitize data collection using Augmentir.\",\"breadcrumb\":{\"@id\":\"https:\/\/www.augmentir.com\/glossary\/gemba-walk-manufacturing#breadcrumb\"},\"inLanguage\":\"fr-FR\",\"potentialAction\":[{\"@type\":\"ReadAction\",\"target\":[\"https:\/\/www.augmentir.com\/glossary\/gemba-walk-manufacturing\"]}]},{\"@type\":\"BreadcrumbList\",\"@id\":\"https:\/\/www.augmentir.com\/glossary\/gemba-walk-manufacturing#breadcrumb\",\"itemListElement\":[{\"@type\":\"ListItem\",\"position\":1,\"name\":\"Home\",\"item\":\"https:\/\/www.augmentir.com\/\"},{\"@type\":\"ListItem\",\"position\":2,\"name\":\"Topics\",\"item\":\"https:\/\/www.augmentir.com\/glossary\"},{\"@type\":\"ListItem\",\"position\":3,\"name\":\"Gemba Walk in Manufacturing: What is It and What are the Benefits?\"}]},{\"@type\":\"WebSite\",\"@id\":\"https:\/\/www.augmentir.com\/#website\",\"url\":\"https:\/\/www.augmentir.com\/\",\"name\":\"Augmentir\",\"description\":\"AI-Powered Connected Worker Platform\",\"publisher\":{\"@id\":\"https:\/\/www.augmentir.com\/#organization\"},\"potentialAction\":[{\"@type\":\"SearchAction\",\"target\":{\"@type\":\"EntryPoint\",\"urlTemplate\":\"https:\/\/www.augmentir.com\/?s={search_term_string}\"},\"query-input\":{\"@type\":\"PropertyValueSpecification\",\"valueRequired\":true,\"valueName\":\"search_term_string\"}}],\"inLanguage\":\"fr-FR\"},{\"@type\":\"Organization\",\"@id\":\"https:\/\/www.augmentir.com\/#organization\",\"name\":\"Augmentir, Inc.\",\"url\":\"https:\/\/www.augmentir.com\/\",\"logo\":{\"@type\":\"ImageObject\",\"inLanguage\":\"fr-FR\",\"@id\":\"https:\/\/www.augmentir.com\/#\/schema\/logo\/image\/\",\"url\":\"https:\/\/www.augmentir.com\/wp-content\/uploads\/2021\/10\/Augmentir_Logo.svg\",\"contentUrl\":\"https:\/\/www.augmentir.com\/wp-content\/uploads\/2021\/10\/Augmentir_Logo.svg\",\"width\":\"1200\",\"height\":\"1200\",\"caption\":\"Augmentir, Inc.\"},\"image\":{\"@id\":\"https:\/\/www.augmentir.com\/#\/schema\/logo\/image\/\"},\"sameAs\":[\"https:\/\/x.com\/augmentir\",\"https:\/\/www.linkedin.com\/company\/augmentir\"]}]}<\/script>\n<!-- \/ Yoast SEO plugin. -->","yoast_head_json":{"title":"Gemba Walk in Manufacturing: What is It and What are the Benefits? - Augmentir","description":"Learn what a gemba walk in manufacturing is, the steps involved in conducting one, and how to digitize data collection using Augmentir.","robots":{"index":"index","follow":"follow","max-snippet":"max-snippet:-1","max-image-preview":"max-image-preview:large","max-video-preview":"max-video-preview:-1"},"canonical":"https:\/\/www.augmentir.com\/fr\/glossary\/gemba-walk-manufacturing","og_locale":"fr_FR","og_type":"article","og_title":"Gemba Walk in Manufacturing: What is It and What are the Benefits? - Augmentir","og_description":"Learn what a gemba walk in manufacturing is, the steps involved in conducting one, and how to digitize data collection using Augmentir.","og_url":"https:\/\/www.augmentir.com\/fr\/glossary\/gemba-walk-manufacturing","og_site_name":"Augmentir","article_modified_time":"2025-06-23T13:00:28+00:00","twitter_card":"summary_large_image","twitter_site":"@augmentir","schema":{"@context":"https:\/\/schema.org","@graph":[{"@type":"WebPage","@id":"https:\/\/www.augmentir.com\/glossary\/gemba-walk-manufacturing","url":"https:\/\/www.augmentir.com\/glossary\/gemba-walk-manufacturing","name":"Gemba Walk in Manufacturing: What is It and What are the Benefits? - Augmentir","isPartOf":{"@id":"https:\/\/www.augmentir.com\/#website"},"datePublished":"2023-06-04T01:52:13+00:00","dateModified":"2025-06-23T13:00:28+00:00","description":"Learn what a gemba walk in manufacturing is, the steps involved in conducting one, and how to digitize data collection using Augmentir.","breadcrumb":{"@id":"https:\/\/www.augmentir.com\/glossary\/gemba-walk-manufacturing#breadcrumb"},"inLanguage":"fr-FR","potentialAction":[{"@type":"ReadAction","target":["https:\/\/www.augmentir.com\/glossary\/gemba-walk-manufacturing"]}]},{"@type":"BreadcrumbList","@id":"https:\/\/www.augmentir.com\/glossary\/gemba-walk-manufacturing#breadcrumb","itemListElement":[{"@type":"ListItem","position":1,"name":"Home","item":"https:\/\/www.augmentir.com\/"},{"@type":"ListItem","position":2,"name":"Topics","item":"https:\/\/www.augmentir.com\/glossary"},{"@type":"ListItem","position":3,"name":"Gemba Walk in Manufacturing: What is It and What are the Benefits?"}]},{"@type":"WebSite","@id":"https:\/\/www.augmentir.com\/#website","url":"https:\/\/www.augmentir.com\/","name":"Augmentir","description":"AI-Powered Connected Worker Platform","publisher":{"@id":"https:\/\/www.augmentir.com\/#organization"},"potentialAction":[{"@type":"SearchAction","target":{"@type":"EntryPoint","urlTemplate":"https:\/\/www.augmentir.com\/?s={search_term_string}"},"query-input":{"@type":"PropertyValueSpecification","valueRequired":true,"valueName":"search_term_string"}}],"inLanguage":"fr-FR"},{"@type":"Organization","@id":"https:\/\/www.augmentir.com\/#organization","name":"Augmentir, Inc.","url":"https:\/\/www.augmentir.com\/","logo":{"@type":"ImageObject","inLanguage":"fr-FR","@id":"https:\/\/www.augmentir.com\/#\/schema\/logo\/image\/","url":"https:\/\/www.augmentir.com\/wp-content\/uploads\/2021\/10\/Augmentir_Logo.svg","contentUrl":"https:\/\/www.augmentir.com\/wp-content\/uploads\/2021\/10\/Augmentir_Logo.svg","width":"1200","height":"1200","caption":"Augmentir, Inc."},"image":{"@id":"https:\/\/www.augmentir.com\/#\/schema\/logo\/image\/"},"sameAs":["https:\/\/x.com\/augmentir","https:\/\/www.linkedin.com\/company\/augmentir"]}]}},"_links":{"self":[{"href":"https:\/\/www.augmentir.com\/fr\/wp-json\/wp\/v2\/pages\/13460","targetHints":{"allow":["GET"]}}],"collection":[{"href":"https:\/\/www.augmentir.com\/fr\/wp-json\/wp\/v2\/pages"}],"about":[{"href":"https:\/\/www.augmentir.com\/fr\/wp-json\/wp\/v2\/types\/page"}],"author":[{"embeddable":true,"href":"https:\/\/www.augmentir.com\/fr\/wp-json\/wp\/v2\/users\/1"}],"replies":[{"embeddable":true,"href":"https:\/\/www.augmentir.com\/fr\/wp-json\/wp\/v2\/comments?post=13460"}],"version-history":[{"count":0,"href":"https:\/\/www.augmentir.com\/fr\/wp-json\/wp\/v2\/pages\/13460\/revisions"}],"up":[{"embeddable":true,"href":"https:\/\/www.augmentir.com\/fr\/wp-json\/wp\/v2\/pages\/11161"}],"wp:attachment":[{"href":"https:\/\/www.augmentir.com\/fr\/wp-json\/wp\/v2\/media?parent=13460"}],"curies":[{"name":"wp","href":"https:\/\/api.w.org\/{rel}","templated":true}]}}