{"id":13457,"date":"2023-06-03T03:05:42","date_gmt":"2023-06-03T03:05:42","guid":{"rendered":"https:\/\/www.augmentir.com\/?page_id=13457"},"modified":"2024-12-20T17:59:15","modified_gmt":"2024-12-20T17:59:15","slug":"just-in-time-manufacturing","status":"publish","type":"page","link":"https:\/\/www.augmentir.com\/fr\/glossary\/just-in-time-manufacturing","title":{"rendered":"Qu&#039;est-ce que la fabrication juste \u00e0 temps"},"content":{"rendered":"<div id='av_section_1'  class='avia-section main_color avia-section-small avia-no-border-styling avia-bg-style-scroll  avia-builder-el-0  el_before_av_section  avia-builder-el-first  glossary-container  container_wrap sidebar_right' style=' margin-top:10px; margin-bottom:0px; '  ><div class='container' ><main  role=\"main\" itemprop=\"mainContentOfPage\"  class='template-page content  av-content-small alpha units'><div class='post-entry post-entry-type-page post-entry-13457'><div class='entry-content-wrapper clearfix'>\n<div class=\"flex_column av_one_full  flex_column_div av-zero-column-padding first  avia-builder-el-1  avia-builder-el-no-sibling\" style='border-radius:0px; '><p><div  style='padding-bottom:10px; margin-top:16px; font-size:44px;' class='av-special-heading av-special-heading-h1  blockquote modern-quote  avia-builder-el-2  el_before_av_textblock  avia-builder-el-first  av-inherit-size'><h1 class='av-special-heading-tag'  itemprop=\"headline\"  >Qu&#039;est-ce que la fabrication juste \u00e0 temps ?<\/h1><div class='special-heading-border'><div class='special-heading-inner-border' ><\/div><\/div><\/div><br \/>\n<section class=\"av_textblock_section\"  itemscope=\"itemscope\" itemtype=\"https:\/\/schema.org\/CreativeWork\" ><div class='avia_textblock'   itemprop=\"text\" ><p>La fabrication juste \u00e0 temps (JIT) est une m\u00e9thodologie de flux de travail japonaise qui s&#039;efforce de r\u00e9duire les temps de flux de production et de r\u00e9duire les d\u00e9chets. Cela implique de travailler en \u00e9troite collaboration avec les fournisseurs, les fabricants et les distributeurs pour s&#039;assurer que les produits sont livr\u00e9s \u00e0 temps et sans erreur.<\/p>\n<p>En fin de compte, le JIT n\u00e9cessite une cha\u00eene d&#039;approvisionnement r\u00e9active et flexible qui s&#039;adapte aux changements de la demande de produits et des crit\u00e8res de production. C&#039;\u00e9tait d&#039;abord <a href=\"https:\/\/global.toyota\/en\/company\/vision-and-philosophy\/production-system\/\" target=\"_blank\" rel=\"noopener\">pr\u00e9sent\u00e9 par Toyota<\/a> dans les ann\u00e9es 1970 et est depuis devenue une strat\u00e9gie largement adopt\u00e9e par les industries manufacturi\u00e8res du monde entier.<\/p>\n<p>La fabrication JIT a \u00e9t\u00e9 reconnue pour avoir am\u00e9lior\u00e9 la qualit\u00e9 des produits, r\u00e9duit les co\u00fbts et am\u00e9lior\u00e9 la satisfaction des clients en distribuant les marchandises rapidement et efficacement.<\/p>\n<p>La strat\u00e9gie est tr\u00e8s similaire \u00e0 <a href=\"https:\/\/www.augmentir.com\/lean-manufacturing\">fabrication au plus juste<\/a>, le processus de minimisation des d\u00e9chets tout en maximisant la productivit\u00e9 - et les deux termes sont g\u00e9n\u00e9ralement utilis\u00e9s de mani\u00e8re interchangeable.<\/p>\n<p>Poursuivez votre lecture pour en savoir plus sur le fonctionnement interne du JIT et sur la mani\u00e8re de le mettre en \u0153uvre dans l&#039;atelier\u00a0:<\/p>\n<ul>\n<li><a href=\"#5-principles-of-jit-manufacturing\">5 principes de fabrication JAT<\/a><\/li>\n<li><a href=\"#benefits-and-disadvantages-of-just-in-time-manufacturing\">Avantages et inconv\u00e9nients de la fabrication juste \u00e0 temps<\/a><\/li>\n<li><a href=\"#implementing-jit-manufacturing\">Mise en \u0153uvre de la fabrication JAT<\/a><\/li>\n<\/ul>\n<\/div><\/section><\/p><\/div>\n\n<\/div><\/div><\/main><!-- close content main element --><\/div><\/div><div id='5-principles-of-jit-manufacturing'  class='avia-section main_color avia-section-no-padding avia-no-border-styling avia-bg-style-scroll  avia-builder-el-4  el_after_av_section  el_before_av_section  glossary-container  container_wrap sidebar_right' style=' '  ><div class='container' ><div class='template-page content  av-content-small alpha units'><div class='post-entry post-entry-type-page post-entry-13457'><div class='entry-content-wrapper clearfix'>\n<div class=\"flex_column av_one_full  flex_column_div av-zero-column-padding first  avia-builder-el-5  avia-builder-el-no-sibling\" style='border-radius:0px; '><p><div  style='padding-bottom:10px; font-size:32px;' class='av-special-heading av-special-heading-h2  blockquote modern-quote  avia-builder-el-6  el_before_av_textblock  avia-builder-el-first  av-inherit-size'><h2 class='av-special-heading-tag'  itemprop=\"headline\"  >5 principes de fabrication JAT<\/h2><div class='special-heading-border'><div class='special-heading-inner-border' ><\/div><\/div><\/div><br \/>\n<section class=\"av_textblock_section\"  itemscope=\"itemscope\" itemtype=\"https:\/\/schema.org\/CreativeWork\" ><div class='avia_textblock'   itemprop=\"text\" ><p>JIT permet de cr\u00e9er un flux fluide et continu de produits fabriqu\u00e9s pour r\u00e9pondre \u00e0 la demande des clients, de l&#039;assemblage \u00e0 la livraison.<\/p>\n<p>Par exemple, une entreprise qui fabrique des meubles sur mesure attendra pour commencer \u00e0 assembler des produits jusqu&#039;\u00e0 ce qu&#039;une commande client soit re\u00e7ue. Le fabricant trouvera les mat\u00e9riaux appropri\u00e9s pour compl\u00e9ter un produit dans un court laps de temps. L&#039;objectif du JIT est de cr\u00e9er des produits uniquement lorsque les commandes arrivent pour \u00e9viter les co\u00fbts inutiles et l&#039;espace de stockage pour les stocks exc\u00e9dentaires.<\/p>\n<p>JIT se compose de cinq principes appel\u00e9s les cinq z\u00e9ros\u00a0:<\/p>\n<ol>\n<li><strong>Z\u00e9ro stock<\/strong>: L&#039;objectif est d&#039;\u00e9viter de produire des biens qui n&#039;ont pas de commandes clients en attente. La cr\u00e9ation d&#039;un surplus de produits n&#039;est pas rentable et n&#039;ajoute pas de valeur.<\/li>\n<li><strong>Z\u00e9ro retard<\/strong>: Chaque \u00e9tape du processus de production doit \u00eatre rapide et efficace. Cela signifie ne pas attendre une longue p\u00e9riode de temps pour que les mat\u00e9riaux arrivent \u00e0 l&#039;usine de fabrication ou pour que les travailleurs terminent l&#039;assemblage et la distribution.<\/li>\n<li><strong>Z\u00e9ro \u00e9chec<\/strong>: On s&#039;attend \u00e0 ce que toutes les machines fonctionnent de mani\u00e8re fiable sans aucun retard ni panne. Pour ce faire, les fabricants peuvent mettre en place une maintenance pr\u00e9ventive avec des inspections r\u00e9guli\u00e8res pour \u00e9viter les probl\u00e8mes inattendus.<\/li>\n<li><strong>Aucun d\u00e9faut<\/strong>: L&#039;objectif est de r\u00e9duire les d\u00e9fauts des pi\u00e8ces (\u00e0 z\u00e9ro si possible) afin d&#039;\u00e9viter les traitements correctifs, les retours clients et les atteintes \u00e0 la r\u00e9putation d&#039;une entreprise.<\/li>\n<li><strong>Z\u00e9ro papier<\/strong>: L&#039;automatisation des processus de production et de la collecte de donn\u00e9es augmente l&#039;efficacit\u00e9 et r\u00e9duit les d\u00e9chets.<\/li>\n<\/ol>\n<\/div><\/section><br \/>\n<div  class='avia-image-container  av-styling-    avia-builder-el-8  el_after_av_textblock  avia-builder-el-last  avia-align-center'  itemprop=\"image\" itemscope=\"itemscope\" itemtype=\"https:\/\/schema.org\/ImageObject\"  ><div class='avia-image-container-inner'><div class='avia-image-overlay-wrap'><img class='avia_image' src='https:\/\/www.augmentir.com\/wp-content\/uploads\/2023\/06\/jit-manufacturing.jpg' alt='fabrication de jit' title='' height=\"719\" width=\"1200\"  itemprop=\"thumbnailUrl\"  \/><\/div><\/div><\/div><\/p><\/div>\n\n<\/div><\/div><\/div><!-- close content main div --><\/div><\/div><div id='benefits-and-disadvantages-of-just-in-time-manufacturing'  class='avia-section main_color avia-section-no-padding avia-no-border-styling avia-bg-style-scroll  avia-builder-el-9  el_after_av_section  el_before_av_section  glossary-container  container_wrap sidebar_right' style=' '  ><div class='container' ><div class='template-page content  av-content-small alpha units'><div class='post-entry post-entry-type-page post-entry-13457'><div class='entry-content-wrapper clearfix'>\n<div class=\"flex_column av_one_full  flex_column_div av-zero-column-padding first  avia-builder-el-10  avia-builder-el-no-sibling\" style='border-radius:0px; '><p><div  style='padding-bottom:10px; font-size:32px;' class='av-special-heading av-special-heading-h2  blockquote modern-quote  avia-builder-el-11  el_before_av_textblock  avia-builder-el-first  av-inherit-size'><h2 class='av-special-heading-tag'  itemprop=\"headline\"  >Avantages et inconv\u00e9nients de la fabrication juste \u00e0 temps<\/h2><div class='special-heading-border'><div class='special-heading-inner-border' ><\/div><\/div><\/div><br \/>\n<section class=\"av_textblock_section\"  itemscope=\"itemscope\" itemtype=\"https:\/\/schema.org\/CreativeWork\" ><div class='avia_textblock'   itemprop=\"text\" ><p>La fabrication JIT peut offrir un certain nombre d&#039;avantages lorsqu&#039;elle est utilis\u00e9e de mani\u00e8re strat\u00e9gique pour cr\u00e9er des biens que les clients veulent et dont ils ont besoin.<\/p>\n<p>Certains de ses avantages sont :<\/p>\n<ul>\n<li><strong>Meilleur contr\u00f4le qualit\u00e9<\/strong>: Cette m\u00e9thodologie met l&#039;accent sur la n\u00e9cessit\u00e9 d&#039;un contr\u00f4le qualit\u00e9 efficace tout au long de la cha\u00eene de montage pour r\u00e9duire les d\u00e9fauts et am\u00e9liorer la qualit\u00e9 du produit.<\/li>\n<li><strong>Diminution des co\u00fbts d&#039;inventaire<\/strong>: Cette strat\u00e9gie minimise la n\u00e9cessit\u00e9 de cr\u00e9er et de stocker de grandes quantit\u00e9s d&#039;inventaire. En contrepartie, les co\u00fbts d&#039;entreposage et de d\u00e9tention des stocks sont r\u00e9duits.<\/li>\n<li><strong>Flexibilit\u00e9 \u00e0 la demande des clients<\/strong>: Cette m\u00e9thode donne aux fabricants la flexibilit\u00e9 de r\u00e9pondre rapidement aux changements de la demande des clients (par exemple, en ajustant les niveaux et les horaires de production pour satisfaire les consommateurs).<\/li>\n<li><strong>Am\u00e9lioration de l&#039;efficacit\u00e9 du processus de production<\/strong>: Cette technique favorise l&#039;am\u00e9lioration continue et la rationalisation des processus qui peuvent conduire \u00e0 une plus grande efficacit\u00e9 sur le lieu de travail.<\/li>\n<\/ul>\n<p>Bien que le JAT puisse consid\u00e9rablement am\u00e9liorer la mani\u00e8re et le moment de la fabrication des produits, il pr\u00e9sente certains inconv\u00e9nients, tels que\u00a0:<\/p>\n<ul>\n<li><strong>Un risque accru pour la cha\u00eene d&#039;approvisionnement<\/strong>: JAT n\u00e9cessite une cha\u00eene d&#039;approvisionnement fiable et efficace pour distribuer les produits en temps opportun. Toute interruption de la cha\u00eene d&#039;approvisionnement (par exemple, pi\u00e8ces d\u00e9fectueuses, probl\u00e8mes de fournisseur, pannes de machine, etc.) peut entra\u00eener des retards dans la distribution des produits.<\/li>\n<li><strong>Plus de coordination et de planification<\/strong>: Le JIT n\u00e9cessite une coordination et une planification approfondies entre les fournisseurs pour s&#039;assurer que les mat\u00e9riaux et les pi\u00e8ces sont disponibles en cas de besoin. Cela peut impliquer des ressources suppl\u00e9mentaires et une attention de la part de la direction pour s&#039;assurer que tous les aspects du processus de production se d\u00e9roulent sans heurts.<\/li>\n<li><strong>Co\u00fbts de production plus \u00e9lev\u00e9s<\/strong>: Cette technique peut n\u00e9cessiter des commandes et des livraisons de mat\u00e9riaux plus fr\u00e9quentes, ce qui peut augmenter les co\u00fbts de transport et de distribution.<\/li>\n<\/ul>\n<\/div><\/section><\/p><\/div>\n\n<\/div><\/div><\/div><!-- close content main div --><\/div><\/div><div id='implementing-jit-manufacturing'  class='avia-section main_color avia-section-no-padding avia-no-border-styling avia-bg-style-scroll  avia-builder-el-13  el_after_av_section  el_before_av_section  glossary-container  container_wrap sidebar_right' style=' '  ><div class='container' ><div class='template-page content  av-content-small alpha units'><div class='post-entry post-entry-type-page post-entry-13457'><div class='entry-content-wrapper clearfix'>\n<div class=\"flex_column av_one_full  flex_column_div av-zero-column-padding first  avia-builder-el-14  avia-builder-el-no-sibling\" style='border-radius:0px; '><p><div  style='padding-bottom:10px; font-size:32px;' class='av-special-heading av-special-heading-h2  blockquote modern-quote  avia-builder-el-15  el_before_av_textblock  avia-builder-el-first  av-inherit-size'><h2 class='av-special-heading-tag'  itemprop=\"headline\"  >Mise en \u0153uvre de la fabrication JAT<\/h2><div class='special-heading-border'><div class='special-heading-inner-border' ><\/div><\/div><\/div><br \/>\n<section class=\"av_textblock_section\"  itemscope=\"itemscope\" itemtype=\"https:\/\/schema.org\/CreativeWork\" ><div class='avia_textblock'   itemprop=\"text\" ><p>L&#039;application de JIT aux processus de fabrication quotidiens n\u00e9cessite une planification et une coordination minutieuses pour atteindre les cinq z\u00e9ros d\u00e9crits dans la section ci-dessus. Lisez la suite pour savoir comment mettre en \u0153uvre cette approche dans les processus de la cha\u00eene de montage.<\/p>\n<h3>\u00c9tape 1 : \u00c9valuer le processus de production actuel<\/h3>\n<p>Commencez par \u00e9valuer votre processus de production actuel pour identifier les domaines qui peuvent \u00eatre am\u00e9lior\u00e9s. Cela peut impliquer de rationaliser les processus, de r\u00e9duire les d\u00e9chets et de renforcer le contr\u00f4le de la qualit\u00e9.<\/p>\n<h3>\u00c9tape 2 : Identifier les fournisseurs importants<\/h3>\n<p>Ensuite, identifiez les fournisseurs n\u00e9cessaires pour maintenir une cha\u00eene d&#039;approvisionnement fiable et efficace. Assurez-vous qu&#039;ils peuvent livrer les pi\u00e8ces en temps opportun.<\/p>\n<h3>\u00c9tape 3 : Cr\u00e9er un plan de production<\/h3>\n<p>Il est crucial de d\u00e9velopper un plan de cha\u00eene de montage d\u00e9taill\u00e9 qui d\u00e9crit les mat\u00e9riaux et les proc\u00e9dures n\u00e9cessaires \u00e0 chaque \u00e9tape du processus de fabrication. Il est \u00e9galement imp\u00e9ratif d&#039;inclure un calendrier de livraison pour chaque produit.<\/p>\n<h3>\u00c9tape 4 : D\u00e9velopper un syst\u00e8me de communication<\/h3>\n<p>Mettre en place un syst\u00e8me de communication avec les fournisseurs afin qu&#039;ils soient au courant de tout changement apport\u00e9 aux calendriers de production ou aux exigences des produits. Cela permet de s&#039;assurer que les mati\u00e8res premi\u00e8res sont livr\u00e9es \u00e0 temps et dans les bonnes quantit\u00e9s.<\/p>\n<h3>\u00c9tape 5 : Former les travailleurs<\/h3>\n<p>Former les travailleurs sur les proc\u00e9dures de fabrication JAT afin qu&#039;ils sachent comment les mettre en \u0153uvre dans l&#039;atelier. Il est important de fournir tous les outils et ressources dont ils ont besoin pour accomplir les t\u00e2ches d\u00e8s la premi\u00e8re fois.<\/p>\n<h3>\u00c9tape 6 : Appliquer les protocoles de contr\u00f4le qualit\u00e9<\/h3>\n<p>Appliquez des mesures de contr\u00f4le de la qualit\u00e9 \u00e0 tous les processus de votre cha\u00eene de montage pour confirmer que les produits finaux r\u00e9pondent \u00e0 toutes les normes de conformit\u00e9.<\/p>\n<h3>\u00c9tape 7 : Surveiller et ajuster les processus<\/h3>\n<p>Surveillez la qualit\u00e9 de la mise en \u0153uvre des proc\u00e9dures afin de pouvoir ajuster tout ce qui ne fonctionne pas.<\/p>\n<p>Augmentir est le tout premier produit aliment\u00e9 par l&#039;IA <a href=\"https:\/\/www.augmentir.com\/product\">solution de travail connect\u00e9<\/a> qui aide les entreprises industrielles \u00e0 r\u00e9colter les b\u00e9n\u00e9fices de la fabrication juste \u00e0 temps. Notre logiciel aide \u00e0 rationaliser les processus afin que vous n&#039;ayez pas \u00e0 vous soucier de rencontrer des d\u00e9fauts et des probl\u00e8mes \u00e9vitables.<\/p>\n<\/div><\/section><\/p><\/div>\n\n<\/div><\/div><\/div><!-- close content main div --><\/div><\/div><div id='av_section_5'  class='avia-section main_color avia-section-no-padding avia-no-border-styling avia-bg-style-scroll  avia-builder-el-17  el_after_av_section  avia-builder-el-last  glossary-container  container_wrap sidebar_right' style=' margin-top:0px; margin-bottom:50px; '  ><div class='container' ><div class='template-page content  av-content-small alpha units'><div class='post-entry post-entry-type-page post-entry-13457'><div class='entry-content-wrapper clearfix'>\n<section class=\"av_textblock_section\"  itemscope=\"itemscope\" itemtype=\"https:\/\/schema.org\/CreativeWork\" ><div class='avia_textblock'   itemprop=\"text\" ><p><strong>Laissez-nous vous aider \u00e0 rationaliser vos op\u00e9rations de premi\u00e8re ligne pour am\u00e9liorer la qualit\u00e9 de la production gr\u00e2ce \u00e0 des proc\u00e9dures de travail num\u00e9ris\u00e9es. Contactez-nous pour un <a href=\"https:\/\/www.augmentir.com\/request-a-demo\">demo gratuite<\/a>.<\/strong><\/p>\n<\/div><\/section>\n<\/div><\/div><\/div><!-- close content main div --><\/div><\/div><div id='after_section_5'  class='main_color av_default_container_wrap container_wrap sidebar_right' style=' '  ><div class='container' ><div class='template-page content  av-content-small alpha units'><div class='post-entry post-entry-type-page post-entry-13457'><div class='entry-content-wrapper clearfix'>","protected":false},"excerpt":{"rendered":"","protected":false},"author":1,"featured_media":0,"parent":11161,"menu_order":0,"comment_status":"closed","ping_status":"closed","template":"","meta":{"inline_featured_image":false,"_lmt_disableupdate":"no","_lmt_disable":"","footnotes":""},"class_list":["post-13457","page","type-page","status-publish","hentry"],"yoast_head":"<!-- This site is optimized with the Yoast SEO plugin v27.2 - https:\/\/yoast.com\/product\/yoast-seo-wordpress\/ -->\n<title>What is Just in Time Manufacturing - Augmentir<\/title>\n<meta name=\"description\" content=\"Learn how just-in-time (JIT) manufacturing can help decrease flow times in production and cut waste from Augmentir.\" \/>\n<meta name=\"robots\" content=\"index, follow, max-snippet:-1, max-image-preview:large, max-video-preview:-1\" \/>\n<link rel=\"canonical\" href=\"https:\/\/www.augmentir.com\/fr\/glossary\/just-in-time-manufacturing\" \/>\n<meta property=\"og:locale\" content=\"fr_FR\" \/>\n<meta property=\"og:type\" content=\"article\" \/>\n<meta property=\"og:title\" content=\"What is Just in Time Manufacturing - Augmentir\" \/>\n<meta property=\"og:description\" content=\"Learn how just-in-time (JIT) manufacturing can help decrease flow times in production and cut waste from Augmentir.\" \/>\n<meta property=\"og:url\" content=\"https:\/\/www.augmentir.com\/fr\/glossary\/just-in-time-manufacturing\" \/>\n<meta property=\"og:site_name\" content=\"Augmentir\" \/>\n<meta property=\"article:modified_time\" content=\"2024-12-20T17:59:15+00:00\" \/>\n<meta name=\"twitter:card\" content=\"summary_large_image\" \/>\n<meta name=\"twitter:site\" content=\"@augmentir\" \/>\n<script type=\"application\/ld+json\" class=\"yoast-schema-graph\">{\"@context\":\"https:\/\/schema.org\",\"@graph\":[{\"@type\":\"WebPage\",\"@id\":\"https:\/\/www.augmentir.com\/glossary\/just-in-time-manufacturing\",\"url\":\"https:\/\/www.augmentir.com\/glossary\/just-in-time-manufacturing\",\"name\":\"What is Just in Time Manufacturing - Augmentir\",\"isPartOf\":{\"@id\":\"https:\/\/www.augmentir.com\/#website\"},\"datePublished\":\"2023-06-03T03:05:42+00:00\",\"dateModified\":\"2024-12-20T17:59:15+00:00\",\"description\":\"Learn how just-in-time (JIT) manufacturing can help decrease flow times in production and cut waste from Augmentir.\",\"breadcrumb\":{\"@id\":\"https:\/\/www.augmentir.com\/glossary\/just-in-time-manufacturing#breadcrumb\"},\"inLanguage\":\"fr-FR\",\"potentialAction\":[{\"@type\":\"ReadAction\",\"target\":[\"https:\/\/www.augmentir.com\/glossary\/just-in-time-manufacturing\"]}]},{\"@type\":\"BreadcrumbList\",\"@id\":\"https:\/\/www.augmentir.com\/glossary\/just-in-time-manufacturing#breadcrumb\",\"itemListElement\":[{\"@type\":\"ListItem\",\"position\":1,\"name\":\"Home\",\"item\":\"https:\/\/www.augmentir.com\/\"},{\"@type\":\"ListItem\",\"position\":2,\"name\":\"Topics\",\"item\":\"https:\/\/www.augmentir.com\/glossary\"},{\"@type\":\"ListItem\",\"position\":3,\"name\":\"What is Just in Time Manufacturing\"}]},{\"@type\":\"WebSite\",\"@id\":\"https:\/\/www.augmentir.com\/#website\",\"url\":\"https:\/\/www.augmentir.com\/\",\"name\":\"Augmentir\",\"description\":\"AI-Powered Connected Worker Platform\",\"publisher\":{\"@id\":\"https:\/\/www.augmentir.com\/#organization\"},\"potentialAction\":[{\"@type\":\"SearchAction\",\"target\":{\"@type\":\"EntryPoint\",\"urlTemplate\":\"https:\/\/www.augmentir.com\/?s={search_term_string}\"},\"query-input\":{\"@type\":\"PropertyValueSpecification\",\"valueRequired\":true,\"valueName\":\"search_term_string\"}}],\"inLanguage\":\"fr-FR\"},{\"@type\":\"Organization\",\"@id\":\"https:\/\/www.augmentir.com\/#organization\",\"name\":\"Augmentir, Inc.\",\"url\":\"https:\/\/www.augmentir.com\/\",\"logo\":{\"@type\":\"ImageObject\",\"inLanguage\":\"fr-FR\",\"@id\":\"https:\/\/www.augmentir.com\/#\/schema\/logo\/image\/\",\"url\":\"https:\/\/www.augmentir.com\/wp-content\/uploads\/2021\/10\/Augmentir_Logo.svg\",\"contentUrl\":\"https:\/\/www.augmentir.com\/wp-content\/uploads\/2021\/10\/Augmentir_Logo.svg\",\"width\":\"1200\",\"height\":\"1200\",\"caption\":\"Augmentir, Inc.\"},\"image\":{\"@id\":\"https:\/\/www.augmentir.com\/#\/schema\/logo\/image\/\"},\"sameAs\":[\"https:\/\/x.com\/augmentir\",\"https:\/\/www.linkedin.com\/company\/augmentir\"]}]}<\/script>\n<!-- \/ Yoast SEO plugin. -->","yoast_head_json":{"title":"What is Just in Time Manufacturing - Augmentir","description":"Learn how just-in-time (JIT) manufacturing can help decrease flow times in production and cut waste from Augmentir.","robots":{"index":"index","follow":"follow","max-snippet":"max-snippet:-1","max-image-preview":"max-image-preview:large","max-video-preview":"max-video-preview:-1"},"canonical":"https:\/\/www.augmentir.com\/fr\/glossary\/just-in-time-manufacturing","og_locale":"fr_FR","og_type":"article","og_title":"What is Just in Time Manufacturing - Augmentir","og_description":"Learn how just-in-time (JIT) manufacturing can help decrease flow times in production and cut waste from Augmentir.","og_url":"https:\/\/www.augmentir.com\/fr\/glossary\/just-in-time-manufacturing","og_site_name":"Augmentir","article_modified_time":"2024-12-20T17:59:15+00:00","twitter_card":"summary_large_image","twitter_site":"@augmentir","schema":{"@context":"https:\/\/schema.org","@graph":[{"@type":"WebPage","@id":"https:\/\/www.augmentir.com\/glossary\/just-in-time-manufacturing","url":"https:\/\/www.augmentir.com\/glossary\/just-in-time-manufacturing","name":"What is Just in Time Manufacturing - Augmentir","isPartOf":{"@id":"https:\/\/www.augmentir.com\/#website"},"datePublished":"2023-06-03T03:05:42+00:00","dateModified":"2024-12-20T17:59:15+00:00","description":"Learn how just-in-time (JIT) manufacturing can help decrease flow times in production and cut waste from Augmentir.","breadcrumb":{"@id":"https:\/\/www.augmentir.com\/glossary\/just-in-time-manufacturing#breadcrumb"},"inLanguage":"fr-FR","potentialAction":[{"@type":"ReadAction","target":["https:\/\/www.augmentir.com\/glossary\/just-in-time-manufacturing"]}]},{"@type":"BreadcrumbList","@id":"https:\/\/www.augmentir.com\/glossary\/just-in-time-manufacturing#breadcrumb","itemListElement":[{"@type":"ListItem","position":1,"name":"Home","item":"https:\/\/www.augmentir.com\/"},{"@type":"ListItem","position":2,"name":"Topics","item":"https:\/\/www.augmentir.com\/glossary"},{"@type":"ListItem","position":3,"name":"What is Just in Time Manufacturing"}]},{"@type":"WebSite","@id":"https:\/\/www.augmentir.com\/#website","url":"https:\/\/www.augmentir.com\/","name":"Augmentir","description":"AI-Powered Connected Worker Platform","publisher":{"@id":"https:\/\/www.augmentir.com\/#organization"},"potentialAction":[{"@type":"SearchAction","target":{"@type":"EntryPoint","urlTemplate":"https:\/\/www.augmentir.com\/?s={search_term_string}"},"query-input":{"@type":"PropertyValueSpecification","valueRequired":true,"valueName":"search_term_string"}}],"inLanguage":"fr-FR"},{"@type":"Organization","@id":"https:\/\/www.augmentir.com\/#organization","name":"Augmentir, Inc.","url":"https:\/\/www.augmentir.com\/","logo":{"@type":"ImageObject","inLanguage":"fr-FR","@id":"https:\/\/www.augmentir.com\/#\/schema\/logo\/image\/","url":"https:\/\/www.augmentir.com\/wp-content\/uploads\/2021\/10\/Augmentir_Logo.svg","contentUrl":"https:\/\/www.augmentir.com\/wp-content\/uploads\/2021\/10\/Augmentir_Logo.svg","width":"1200","height":"1200","caption":"Augmentir, Inc."},"image":{"@id":"https:\/\/www.augmentir.com\/#\/schema\/logo\/image\/"},"sameAs":["https:\/\/x.com\/augmentir","https:\/\/www.linkedin.com\/company\/augmentir"]}]}},"_links":{"self":[{"href":"https:\/\/www.augmentir.com\/fr\/wp-json\/wp\/v2\/pages\/13457","targetHints":{"allow":["GET"]}}],"collection":[{"href":"https:\/\/www.augmentir.com\/fr\/wp-json\/wp\/v2\/pages"}],"about":[{"href":"https:\/\/www.augmentir.com\/fr\/wp-json\/wp\/v2\/types\/page"}],"author":[{"embeddable":true,"href":"https:\/\/www.augmentir.com\/fr\/wp-json\/wp\/v2\/users\/1"}],"replies":[{"embeddable":true,"href":"https:\/\/www.augmentir.com\/fr\/wp-json\/wp\/v2\/comments?post=13457"}],"version-history":[{"count":0,"href":"https:\/\/www.augmentir.com\/fr\/wp-json\/wp\/v2\/pages\/13457\/revisions"}],"up":[{"embeddable":true,"href":"https:\/\/www.augmentir.com\/fr\/wp-json\/wp\/v2\/pages\/11161"}],"wp:attachment":[{"href":"https:\/\/www.augmentir.com\/fr\/wp-json\/wp\/v2\/media?parent=13457"}],"curies":[{"name":"wp","href":"https:\/\/api.w.org\/{rel}","templated":true}]}}