{"id":13422,"date":"2023-04-25T02:50:36","date_gmt":"2023-04-25T02:50:36","guid":{"rendered":"https:\/\/www.augmentir.com\/?page_id=13422"},"modified":"2023-04-25T02:51:28","modified_gmt":"2023-04-25T02:51:28","slug":"frost-sullivan-2023-connected-worker-company-of-the-year","status":"publish","type":"page","link":"https:\/\/www.augmentir.com\/fr\/frost-sullivan-2023-connected-worker-company-of-the-year","title":{"rendered":"Frost &amp; Sullivan 2023 Connected Worker Entreprise de l&#039;ann\u00e9e"},"content":{"rendered":"<div id='top-section'  class='avia-section main_color avia-section-default avia-no-border-styling avia-bg-style-scroll  avia-builder-el-0  avia-builder-el-no-sibling   container_wrap sidebar_right' style='background-repeat: repeat-y; background-image: url(https:\/\/www.augmentir.com\/wp-content\/uploads\/2021\/10\/page-half-background.png);background-attachment: scroll; background-position: center center;  '  data-section-bg-repeat='repeat-y'><div class='container' ><main  role=\"main\" itemprop=\"mainContentOfPage\"  class='template-page content  av-content-small alpha units'><div class='post-entry post-entry-type-page post-entry-13422'><div class='entry-content-wrapper clearfix'>\n<div class=\"flex_column av_one_half  av-break-at-tablet flex_column_div first  avia-builder-el-1  el_before_av_one_half  avia-builder-el-first\" style='padding:0px 30px 0px 0px ; border-radius:0px; '><p><section class=\"av_textblock_section\"  itemscope=\"itemscope\" itemtype=\"https:\/\/schema.org\/CreativeWork\" ><div class='avia_textblock eyebrow-headline av_inherit_color'  style='color:#222222; '  itemprop=\"text\" ><p>Solutions de travail connect\u00e9<\/p>\n<\/div><\/section><br \/>\n<div  style='padding-bottom:0px; margin-top:0px; font-size:40px;' class='av-special-heading av-special-heading-h1  blockquote modern-quote  avia-builder-el-3  el_after_av_textblock  el_before_av_textblock  h1-page-title av-inherit-size'><h1 class='av-special-heading-tag'  itemprop=\"headline\"  >Gel <span class='special_amp'>&amp;<\/span> Sullivan 2023 Entreprise de l&#039;ann\u00e9e<\/h1><div class='special-heading-border'><div class='special-heading-inner-border' ><\/div><\/div><\/div><br \/>\n<section class=\"av_textblock_section\"  itemscope=\"itemscope\" itemtype=\"https:\/\/schema.org\/CreativeWork\" ><div class='avia_textblock'   itemprop=\"text\" ><div class=\"page\" title=\"Page 1\">\n<div class=\"section\">\n<div class=\"layoutArea\">\n<div class=\"column\">\n<p>Frost &amp; Sullivan a nomm\u00e9 Augmentir Entreprise de travailleurs connect\u00e9s de l&#039;ann\u00e9e 2023 en reconnaissance de la croissance de son activit\u00e9, de son impact sur les clients et de son innovation produit in\u00e9gal\u00e9e.<\/p>\n<\/div>\n<\/div>\n<\/div>\n<\/div>\n<\/div><\/section><br \/>\n<div  class='avia-image-container  av-styling-    avia-builder-el-5  el_after_av_textblock  el_before_av_hr  avia-align-center'  itemprop=\"image\" itemscope=\"itemscope\" itemtype=\"https:\/\/schema.org\/ImageObject\"  ><div class='avia-image-container-inner'><div class='avia-image-overlay-wrap'><img class='avia_image' src='https:\/\/www.augmentir.com\/wp-content\/uploads\/2023\/04\/frost-sullivan-coy-award-augmentir-2023-report.png' alt='Augmentir nomm\u00e9e entreprise de l&#039;ann\u00e9e 2023 pour les travailleurs connect\u00e9s par frost et sullivan' title='' height=\"811\" width=\"1200\"  itemprop=\"thumbnailUrl\"  \/><\/div><\/div><\/div><br \/>\n<div  style='height:30px' class='hr hr-invisible  av-small-hide av-mini-hide  avia-builder-el-6  el_after_av_image  el_before_av_textblock'><span class='hr-inner' ><span class='hr-inner-style'><\/span><\/span><\/div><br \/>\n<section class=\"av_textblock_section  av-small-hide av-mini-hide\"  itemscope=\"itemscope\" itemtype=\"https:\/\/schema.org\/CreativeWork\" ><div class='avia_textblock'  style='font-size:16px; '  itemprop=\"text\" ><div class=\"page\" title=\"Page 2\">\n<div class=\"section\">\n<div class=\"layoutArea\">\n<div class=\"column\">\n<p>Selon Michelle Funke, analyste de recherche sur les meilleures pratiques chez Frost &amp; Sullivan, \u00ab les solutions d&#039;Augmentir sont essentiellement bas\u00e9es sur l&#039;IA ; il s&#039;agit d&#039;un \u00e9norme facteur de diff\u00e9renciation, car toutes les plates-formes des autres concurrents ne disposent pas de cette capacit\u00e9 fondamentale. L&#039;entreprise adopte une approche en quatre volets du travail connect\u00e9 en ciblant la gestion des comp\u00e9tences, les flux de travail num\u00e9riques, la collaboration et le partage des connaissances afin d&#039;apporter des r\u00e9sultats de bout en bout aux organisations industrielles et aux employ\u00e9s.<\/p>\n<p>Les solutions d&#039;Augmentir bas\u00e9es sur l&#039;IA favorisent une main-d&#039;\u0153uvre connect\u00e9e, g\u00e9n\u00e9rant des donn\u00e9es \u00e9tendues qui permettent aux clients de fournir des instructions et des conseils de travail plus personnalis\u00e9s et plus pr\u00e9cis. La technologie facilite une communication plus rationalis\u00e9e et efficace, contribuant ainsi \u00e0 l&#039;am\u00e9lioration continue de la s\u00e9curit\u00e9 et de la qualit\u00e9. Les capacit\u00e9s de gestion des comp\u00e9tences d&#039;Augmentir, contrairement aux solutions traditionnelles, supervisent les certifications, les approbations et les permis des travailleurs pour am\u00e9liorer la s\u00e9curit\u00e9 et la conformit\u00e9 aux r\u00e9glementations gouvernementales, \u00e9largissant ainsi la port\u00e9e du march\u00e9 d&#039;Augmentir et \u00e9largissant la port\u00e9e de ses fonctionnalit\u00e9s. Augmentir entretient de solides relations avec ses clients pour garantir une satisfaction continue et maintenir un lien vital avec le march\u00e9, lui permettant de r\u00e9pondre efficacement aux tendances \u00e9mergentes et aux points faibles.<\/p>\n<p>\u00ab L&#039;engagement in\u00e9branlable d&#039;Augmentir envers la valeur client, l&#039;innovation et les solutions de qualit\u00e9 a propuls\u00e9 sa croissance substantielle, malgr\u00e9 les r\u00e9cents d\u00e9fis macro\u00e9conomiques et g\u00e9opolitiques. La soci\u00e9t\u00e9 a tripl\u00e9 son chiffre d&#039;affaires l&#039;ann\u00e9e derni\u00e8re, acquis des dizaines de nouveaux clients, conclu plusieurs contrats pluriannuels avec des clients existants et a r\u00e9cemment annonc\u00e9 une nouvelle ronde de financement \u00bb, a ajout\u00e9 Sebastian Trolli, analyste industriel principal, technologies industrielles chez Frost &amp; Sullivan.<\/p>\n<p>Pour ses strat\u00e9gies centr\u00e9es sur le client, la mise en \u0153uvre des meilleures pratiques et ses solides performances globales, Augmentir remporte le prix de l&#039;entreprise mondiale de l&#039;ann\u00e9e 2023 d\u00e9cern\u00e9 par Frost &amp; Sullivan dans le secteur des solutions pour travailleurs connect\u00e9s.<\/p>\n<div class=\"page\" title=\"Page 3\">\n<div class=\"section\">\n<div class=\"layoutArea\">\n<div class=\"column\"><\/div>\n<\/div>\n<\/div>\n<\/div>\n<\/div>\n<\/div>\n<\/div>\n<\/div>\n<\/div><\/section><\/p><\/div><div class=\"flex_column av_one_half  av-break-at-tablet flex_column_div   avia-builder-el-8  el_after_av_one_half  avia-builder-el-last  form-container-column\" style='padding:0px 0px 0px 30px ; border-radius:0px; '><p><section class=\"av_textblock_section\"  itemscope=\"itemscope\" itemtype=\"https:\/\/schema.org\/CreativeWork\" ><div class='avia_textblock eyebrow-headline av_inherit_color'  style='color:#ffffff; '  itemprop=\"text\" ><p>Lire le rapport complet<\/p>\n<\/div><\/section><br \/>\n<div  style='padding-bottom:0px; margin-top:0px; color:#ffffff;font-size:32px;' class='av-special-heading av-special-heading-h2 custom-color-heading blockquote modern-quote  avia-builder-el-10  el_after_av_textblock  el_before_av_codeblock  av-inherit-size'><h2 class='av-special-heading-tag'  itemprop=\"headline\"  >Augmentir nomm\u00e9e Entreprise de l&#039;ann\u00e9e \u2013 Global Connected Worker Solutions<\/h2><div class='special-heading-border'><div class='special-heading-inner-border' style='border-color:#ffffff'><\/div><\/div><\/div><br \/>\n<\/p><\/div><\/div><\/div><\/main><!-- close content main element --><\/div><\/div><div id='after_section_1'  class='main_color av_default_container_wrap container_wrap sidebar_right' style=' '  ><div class='container' ><div class='template-page content  av-content-small alpha units'><div class='post-entry post-entry-type-page post-entry-13422'><div class='entry-content-wrapper clearfix'>","protected":false},"excerpt":{"rendered":"","protected":false},"author":1,"featured_media":13049,"parent":0,"menu_order":0,"comment_status":"closed","ping_status":"closed","template":"","meta":{"inline_featured_image":false,"_lmt_disableupdate":"no","_lmt_disable":"","footnotes":""},"class_list":["post-13422","page","type-page","status-publish","has-post-thumbnail","hentry"],"yoast_head":"<!-- This site is optimized with the Yoast SEO plugin v27.2 - https:\/\/yoast.com\/product\/yoast-seo-wordpress\/ -->\n<title>Frost &amp; Sullivan 2023 Connected Worker Company of the Year - Augmentir<\/title>\n<meta name=\"description\" content=\"For its customer-centric strategies, best practices implementation, and strong overall performance, Augmentir earns Frost &amp; Sullivan\u2019s 2023 Global Company of the Year Award in the connected worker solutions industry.\" \/>\n<meta name=\"robots\" content=\"index, follow, max-snippet:-1, max-image-preview:large, max-video-preview:-1\" \/>\n<link rel=\"canonical\" href=\"https:\/\/www.augmentir.com\/fr\/frost-sullivan-2023-connected-worker-company-of-the-year\" \/>\n<meta property=\"og:locale\" content=\"fr_FR\" \/>\n<meta property=\"og:type\" content=\"article\" \/>\n<meta property=\"og:title\" content=\"Frost &amp; Sullivan 2023 Connected Worker Company of the Year - Augmentir\" \/>\n<meta property=\"og:description\" content=\"For its customer-centric strategies, best practices implementation, and strong overall performance, Augmentir earns Frost &amp; Sullivan\u2019s 2023 Global Company of the Year Award in the connected worker solutions industry.\" \/>\n<meta property=\"og:url\" content=\"https:\/\/www.augmentir.com\/fr\/frost-sullivan-2023-connected-worker-company-of-the-year\" \/>\n<meta property=\"og:site_name\" content=\"Augmentir\" \/>\n<meta property=\"article:modified_time\" content=\"2023-04-25T02:51:28+00:00\" \/>\n<meta property=\"og:image\" content=\"https:\/\/www.augmentir.com\/wp-content\/uploads\/2022\/08\/manufacturing-labor-gap-and-future-of-work.png\" \/>\n\t<meta property=\"og:image:width\" content=\"1200\" \/>\n\t<meta property=\"og:image:height\" content=\"630\" \/>\n\t<meta property=\"og:image:type\" content=\"image\/png\" \/>\n<meta name=\"twitter:card\" content=\"summary_large_image\" \/>\n<meta name=\"twitter:site\" content=\"@augmentir\" \/>\n<script type=\"application\/ld+json\" class=\"yoast-schema-graph\">{\"@context\":\"https:\/\/schema.org\",\"@graph\":[{\"@type\":\"WebPage\",\"@id\":\"https:\/\/www.augmentir.com\/frost-sullivan-2023-connected-worker-company-of-the-year\",\"url\":\"https:\/\/www.augmentir.com\/frost-sullivan-2023-connected-worker-company-of-the-year\",\"name\":\"Frost & Sullivan 2023 Connected Worker Company of the Year - Augmentir\",\"isPartOf\":{\"@id\":\"https:\/\/www.augmentir.com\/#website\"},\"primaryImageOfPage\":{\"@id\":\"https:\/\/www.augmentir.com\/frost-sullivan-2023-connected-worker-company-of-the-year#primaryimage\"},\"image\":{\"@id\":\"https:\/\/www.augmentir.com\/frost-sullivan-2023-connected-worker-company-of-the-year#primaryimage\"},\"thumbnailUrl\":\"https:\/\/www.augmentir.com\/wp-content\/uploads\/2022\/08\/manufacturing-labor-gap-and-future-of-work.png\",\"datePublished\":\"2023-04-25T02:50:36+00:00\",\"dateModified\":\"2023-04-25T02:51:28+00:00\",\"description\":\"For its customer-centric strategies, best practices implementation, and strong overall performance, Augmentir earns Frost & Sullivan\u2019s 2023 Global Company of the Year Award in the connected worker solutions industry.\",\"breadcrumb\":{\"@id\":\"https:\/\/www.augmentir.com\/frost-sullivan-2023-connected-worker-company-of-the-year#breadcrumb\"},\"inLanguage\":\"fr-FR\",\"potentialAction\":[{\"@type\":\"ReadAction\",\"target\":[\"https:\/\/www.augmentir.com\/frost-sullivan-2023-connected-worker-company-of-the-year\"]}]},{\"@type\":\"ImageObject\",\"inLanguage\":\"fr-FR\",\"@id\":\"https:\/\/www.augmentir.com\/frost-sullivan-2023-connected-worker-company-of-the-year#primaryimage\",\"url\":\"https:\/\/www.augmentir.com\/wp-content\/uploads\/2022\/08\/manufacturing-labor-gap-and-future-of-work.png\",\"contentUrl\":\"https:\/\/www.augmentir.com\/wp-content\/uploads\/2022\/08\/manufacturing-labor-gap-and-future-of-work.png\",\"width\":1200,\"height\":630,\"caption\":\"manufacturing labor gap and the future of work\"},{\"@type\":\"BreadcrumbList\",\"@id\":\"https:\/\/www.augmentir.com\/frost-sullivan-2023-connected-worker-company-of-the-year#breadcrumb\",\"itemListElement\":[{\"@type\":\"ListItem\",\"position\":1,\"name\":\"Home\",\"item\":\"https:\/\/www.augmentir.com\/\"},{\"@type\":\"ListItem\",\"position\":2,\"name\":\"Frost &#038; Sullivan 2023 Connected Worker Company of the Year\"}]},{\"@type\":\"WebSite\",\"@id\":\"https:\/\/www.augmentir.com\/#website\",\"url\":\"https:\/\/www.augmentir.com\/\",\"name\":\"Augmentir\",\"description\":\"AI-Powered Connected Worker Platform\",\"publisher\":{\"@id\":\"https:\/\/www.augmentir.com\/#organization\"},\"potentialAction\":[{\"@type\":\"SearchAction\",\"target\":{\"@type\":\"EntryPoint\",\"urlTemplate\":\"https:\/\/www.augmentir.com\/?s={search_term_string}\"},\"query-input\":{\"@type\":\"PropertyValueSpecification\",\"valueRequired\":true,\"valueName\":\"search_term_string\"}}],\"inLanguage\":\"fr-FR\"},{\"@type\":\"Organization\",\"@id\":\"https:\/\/www.augmentir.com\/#organization\",\"name\":\"Augmentir, Inc.\",\"url\":\"https:\/\/www.augmentir.com\/\",\"logo\":{\"@type\":\"ImageObject\",\"inLanguage\":\"fr-FR\",\"@id\":\"https:\/\/www.augmentir.com\/#\/schema\/logo\/image\/\",\"url\":\"https:\/\/www.augmentir.com\/wp-content\/uploads\/2021\/10\/Augmentir_Logo.svg\",\"contentUrl\":\"https:\/\/www.augmentir.com\/wp-content\/uploads\/2021\/10\/Augmentir_Logo.svg\",\"width\":\"1200\",\"height\":\"1200\",\"caption\":\"Augmentir, Inc.\"},\"image\":{\"@id\":\"https:\/\/www.augmentir.com\/#\/schema\/logo\/image\/\"},\"sameAs\":[\"https:\/\/x.com\/augmentir\",\"https:\/\/www.linkedin.com\/company\/augmentir\"]}]}<\/script>\n<!-- \/ Yoast SEO plugin. -->","yoast_head_json":{"title":"Frost & Sullivan 2023 Connected Worker Company of the Year - Augmentir","description":"For its customer-centric strategies, best practices implementation, and strong overall performance, Augmentir earns Frost & Sullivan\u2019s 2023 Global Company of the Year Award in the connected worker solutions industry.","robots":{"index":"index","follow":"follow","max-snippet":"max-snippet:-1","max-image-preview":"max-image-preview:large","max-video-preview":"max-video-preview:-1"},"canonical":"https:\/\/www.augmentir.com\/fr\/frost-sullivan-2023-connected-worker-company-of-the-year","og_locale":"fr_FR","og_type":"article","og_title":"Frost & Sullivan 2023 Connected Worker Company of the Year - Augmentir","og_description":"For its customer-centric strategies, best practices implementation, and strong overall performance, Augmentir earns Frost & Sullivan\u2019s 2023 Global Company of the Year Award in the connected worker solutions industry.","og_url":"https:\/\/www.augmentir.com\/fr\/frost-sullivan-2023-connected-worker-company-of-the-year","og_site_name":"Augmentir","article_modified_time":"2023-04-25T02:51:28+00:00","og_image":[{"width":1200,"height":630,"url":"https:\/\/www.augmentir.com\/wp-content\/uploads\/2022\/08\/manufacturing-labor-gap-and-future-of-work.png","type":"image\/png"}],"twitter_card":"summary_large_image","twitter_site":"@augmentir","schema":{"@context":"https:\/\/schema.org","@graph":[{"@type":"WebPage","@id":"https:\/\/www.augmentir.com\/frost-sullivan-2023-connected-worker-company-of-the-year","url":"https:\/\/www.augmentir.com\/frost-sullivan-2023-connected-worker-company-of-the-year","name":"Frost & Sullivan 2023 Connected Worker Company of the Year - Augmentir","isPartOf":{"@id":"https:\/\/www.augmentir.com\/#website"},"primaryImageOfPage":{"@id":"https:\/\/www.augmentir.com\/frost-sullivan-2023-connected-worker-company-of-the-year#primaryimage"},"image":{"@id":"https:\/\/www.augmentir.com\/frost-sullivan-2023-connected-worker-company-of-the-year#primaryimage"},"thumbnailUrl":"https:\/\/www.augmentir.com\/wp-content\/uploads\/2022\/08\/manufacturing-labor-gap-and-future-of-work.png","datePublished":"2023-04-25T02:50:36+00:00","dateModified":"2023-04-25T02:51:28+00:00","description":"For its customer-centric strategies, best practices implementation, and strong overall performance, Augmentir earns Frost & Sullivan\u2019s 2023 Global Company of the Year Award in the connected worker solutions industry.","breadcrumb":{"@id":"https:\/\/www.augmentir.com\/frost-sullivan-2023-connected-worker-company-of-the-year#breadcrumb"},"inLanguage":"fr-FR","potentialAction":[{"@type":"ReadAction","target":["https:\/\/www.augmentir.com\/frost-sullivan-2023-connected-worker-company-of-the-year"]}]},{"@type":"ImageObject","inLanguage":"fr-FR","@id":"https:\/\/www.augmentir.com\/frost-sullivan-2023-connected-worker-company-of-the-year#primaryimage","url":"https:\/\/www.augmentir.com\/wp-content\/uploads\/2022\/08\/manufacturing-labor-gap-and-future-of-work.png","contentUrl":"https:\/\/www.augmentir.com\/wp-content\/uploads\/2022\/08\/manufacturing-labor-gap-and-future-of-work.png","width":1200,"height":630,"caption":"manufacturing labor gap and the future of work"},{"@type":"BreadcrumbList","@id":"https:\/\/www.augmentir.com\/frost-sullivan-2023-connected-worker-company-of-the-year#breadcrumb","itemListElement":[{"@type":"ListItem","position":1,"name":"Home","item":"https:\/\/www.augmentir.com\/"},{"@type":"ListItem","position":2,"name":"Frost &#038; Sullivan 2023 Connected Worker Company of the Year"}]},{"@type":"WebSite","@id":"https:\/\/www.augmentir.com\/#website","url":"https:\/\/www.augmentir.com\/","name":"Augmentir","description":"AI-Powered Connected Worker Platform","publisher":{"@id":"https:\/\/www.augmentir.com\/#organization"},"potentialAction":[{"@type":"SearchAction","target":{"@type":"EntryPoint","urlTemplate":"https:\/\/www.augmentir.com\/?s={search_term_string}"},"query-input":{"@type":"PropertyValueSpecification","valueRequired":true,"valueName":"search_term_string"}}],"inLanguage":"fr-FR"},{"@type":"Organization","@id":"https:\/\/www.augmentir.com\/#organization","name":"Augmentir, Inc.","url":"https:\/\/www.augmentir.com\/","logo":{"@type":"ImageObject","inLanguage":"fr-FR","@id":"https:\/\/www.augmentir.com\/#\/schema\/logo\/image\/","url":"https:\/\/www.augmentir.com\/wp-content\/uploads\/2021\/10\/Augmentir_Logo.svg","contentUrl":"https:\/\/www.augmentir.com\/wp-content\/uploads\/2021\/10\/Augmentir_Logo.svg","width":"1200","height":"1200","caption":"Augmentir, Inc."},"image":{"@id":"https:\/\/www.augmentir.com\/#\/schema\/logo\/image\/"},"sameAs":["https:\/\/x.com\/augmentir","https:\/\/www.linkedin.com\/company\/augmentir"]}]}},"_links":{"self":[{"href":"https:\/\/www.augmentir.com\/fr\/wp-json\/wp\/v2\/pages\/13422","targetHints":{"allow":["GET"]}}],"collection":[{"href":"https:\/\/www.augmentir.com\/fr\/wp-json\/wp\/v2\/pages"}],"about":[{"href":"https:\/\/www.augmentir.com\/fr\/wp-json\/wp\/v2\/types\/page"}],"author":[{"embeddable":true,"href":"https:\/\/www.augmentir.com\/fr\/wp-json\/wp\/v2\/users\/1"}],"replies":[{"embeddable":true,"href":"https:\/\/www.augmentir.com\/fr\/wp-json\/wp\/v2\/comments?post=13422"}],"version-history":[{"count":0,"href":"https:\/\/www.augmentir.com\/fr\/wp-json\/wp\/v2\/pages\/13422\/revisions"}],"wp:featuredmedia":[{"embeddable":true,"href":"https:\/\/www.augmentir.com\/fr\/wp-json\/wp\/v2\/media\/13049"}],"wp:attachment":[{"href":"https:\/\/www.augmentir.com\/fr\/wp-json\/wp\/v2\/media?parent=13422"}],"curies":[{"name":"wp","href":"https:\/\/api.w.org\/{rel}","templated":true}]}}