{"id":13370,"date":"2023-03-23T16:03:28","date_gmt":"2023-03-23T16:03:28","guid":{"rendered":"https:\/\/www.augmentir.com\/?page_id=13370"},"modified":"2025-06-09T00:57:10","modified_gmt":"2025-06-09T00:57:10","slug":"best-practices-techniques","status":"publish","type":"page","link":"https:\/\/www.augmentir.com\/fr\/world-class-manufacturing\/best-practices-techniques","title":{"rendered":"Meilleures pratiques et techniques de fabrication de classe mondiale"},"content":{"rendered":"<div id='av_section_1'  class='avia-section main_color avia-section-small avia-no-border-styling avia-bg-style-scroll  avia-builder-el-0  el_before_av_section  avia-builder-el-first  glossary-container  container_wrap sidebar_right' style=' margin-top:10px; margin-bottom:0px; '  ><div class='container' ><main  role=\"main\" itemprop=\"mainContentOfPage\"  class='template-page content  av-content-small alpha units'><div class='post-entry post-entry-type-page post-entry-13370'><div class='entry-content-wrapper clearfix'>\n<div class=\"flex_column av_one_full  flex_column_div av-zero-column-padding first  avia-builder-el-1  avia-builder-el-no-sibling\" style='border-radius:0px; '><p><div  style='padding-bottom:10px; margin-top:16px; font-size:44px;' class='av-special-heading av-special-heading-h1  blockquote modern-quote  avia-builder-el-2  el_before_av_textblock  avia-builder-el-first  av-inherit-size'><h1 class='av-special-heading-tag'  itemprop=\"headline\"  >Meilleures pratiques et techniques de fabrication de classe mondiale<\/h1><div class='special-heading-border'><div class='special-heading-inner-border' ><\/div><\/div><\/div><br \/>\n<section class=\"av_textblock_section\"  itemscope=\"itemscope\" itemtype=\"https:\/\/schema.org\/CreativeWork\" ><div class='avia_textblock'   itemprop=\"text\" ><p>La fabrication de classe mondiale (WCM) est une strat\u00e9gie organisationnelle pour cr\u00e9er les meilleurs services ou biens les plus \u00e9conomiques en temps opportun. En un mot, il s&#039;agit de garantir d&#039;excellents produits, une livraison rapide et des prix abordables pour que les entreprises manufacturi\u00e8res restent comp\u00e9titives sur le march\u00e9 en constante \u00e9volution d&#039;aujourd&#039;hui.<\/p>\n<p>Ceci peut \u00eatre r\u00e9alis\u00e9 en mettant en \u0153uvre les meilleures pratiques et techniques WCM dans l&#039;atelier pour maximiser la productivit\u00e9 et la production des travailleurs. L&#039;am\u00e9lioration continue des produits, des proc\u00e9dures et des op\u00e9rations quotidiennes permet aux entreprises d&#039;acqu\u00e9rir un avantage concurrentiel sur le march\u00e9 mondial.<\/p>\n<p>En savoir plus sur les meilleures pratiques et techniques WCM dans les rubriques ci-dessous\u00a0:<\/p>\n<ul>\n<li><a href=\"#world-class-manufacturing-best-practices\">Meilleures pratiques de fabrication de classe mondiale<\/a><\/li>\n<li><a href=\"#world-class-manufacturing-techniques\">Techniques de fabrication de classe mondiale<\/a><\/li>\n<li><a href=\"#benefits-of-wcm-best-practices-and-techniques\">Avantages des meilleures pratiques et techniques WCM<\/a><\/li>\n<\/ul>\n<\/div><\/section><br \/>\n<div  class='avia-image-container  av-styling-    avia-builder-el-4  el_after_av_textblock  avia-builder-el-last  avia-align-center'  itemprop=\"image\" itemscope=\"itemscope\" itemtype=\"https:\/\/schema.org\/ImageObject\"  ><div class='avia-image-container-inner'><div class='avia-image-overlay-wrap'><img class='avia_image' src='https:\/\/www.augmentir.com\/wp-content\/uploads\/2023\/03\/wcm-vs-lean.jpg' alt='wcm vs maigre' title='' height=\"630\" width=\"1200\"  itemprop=\"thumbnailUrl\"  \/><\/div><\/div><\/div><\/p><\/div>\n\n<\/div><\/div><\/main><!-- close content main element --><\/div><\/div><div id='world-class-manufacturing-best-practices'  class='avia-section main_color avia-section-no-padding avia-no-border-styling avia-bg-style-scroll  avia-builder-el-5  el_after_av_section  el_before_av_section  glossary-container  container_wrap sidebar_right' style=' '  ><div class='container' ><div class='template-page content  av-content-small alpha units'><div class='post-entry post-entry-type-page post-entry-13370'><div class='entry-content-wrapper clearfix'>\n<div class=\"flex_column av_one_full  flex_column_div av-zero-column-padding first  avia-builder-el-6  avia-builder-el-no-sibling\" style='border-radius:0px; '><p><div  style='padding-bottom:10px; font-size:32px;' class='av-special-heading av-special-heading-h2  blockquote modern-quote  avia-builder-el-7  el_before_av_textblock  avia-builder-el-first  av-inherit-size'><h2 class='av-special-heading-tag'  itemprop=\"headline\"  >Meilleures pratiques de fabrication de classe mondiale<\/h2><div class='special-heading-border'><div class='special-heading-inner-border' ><\/div><\/div><\/div><br \/>\n<section class=\"av_textblock_section\"  itemscope=\"itemscope\" itemtype=\"https:\/\/schema.org\/CreativeWork\" ><div class='avia_textblock'   itemprop=\"text\" ><p>R\u00e9colter les b\u00e9n\u00e9fices de <a href=\"https:\/\/www.augmentir.com\/world-class-manufacturing\">Fabrication de classe mondiale<\/a> d\u00e9pend de la fa\u00e7on dont une entreprise int\u00e8gre la gestion de la qualit\u00e9 totale et la fabrication au plus juste. Ces deux philosophies d\u00e9coulent de l&#039;id\u00e9e que chaque travailleur doit faire sa part pour minimiser les d\u00e9chets et maximiser la production pour dynamiser les processus op\u00e9rationnels.<\/p>\n<p>Cela peut \u00eatre fait en ex\u00e9cutant certaines des meilleures pratiques WCM suivantes\u00a0:<\/p>\n<ul>\n<li><strong>Standardiser et automatiser les proc\u00e9dures<\/strong> <strong>et les op\u00e9rations quotidiennes<\/strong> pour am\u00e9liorer la qualit\u00e9 des processus de fabrication et assurer la coh\u00e9rence et la qualit\u00e9.<\/li>\n<li><strong>Augmenter l&#039;engagement des employ\u00e9s <\/strong>pour s&#039;assurer que tout le personnel, des ouvriers de l&#039;atelier \u00e0 la direction, cr\u00e9e et livre des produits de haute qualit\u00e9 aux clients.<\/li>\n<li><strong>Appliquer la maintenance pr\u00e9ventive <\/strong>pour pr\u00e9venir les pannes de machines et r\u00e9duire les temps d&#039;arr\u00eat des \u00e9quipements et des employ\u00e9s.<\/li>\n<li><strong>Utiliser des outils visuels <\/strong>comme les tableaux Kanban et <a href=\"https:\/\/www.augmentir.com\/glossary\/andon\">Syst\u00e8mes Andon<\/a> pour montrer o\u00f9 se trouve chaque produit dans le processus de production.<\/li>\n<li><strong>Viser l&#039;am\u00e9lioration continue <\/strong>pour permettre aux travailleurs de d\u00e9panner et de r\u00e9soudre les probl\u00e8mes \u00e0 n&#039;importe quelle \u00e9tape du processus de fabrication.<\/li>\n<\/ul>\n<p>La mise en \u0153uvre de ces meilleures pratiques peut aider \u00e0 cr\u00e9er une main-d&#039;\u0153uvre plus \u00e9quilibr\u00e9e et plus efficace. Cela d\u00e9montre que l&#039;entreprise valorise la satisfaction du client et permet aux travailleurs de continuer \u00e0 am\u00e9liorer chaque aspect du processus de production, de la cr\u00e9ation du produit \u00e0 la distribution.<\/p>\n<\/div><\/section><\/p><\/div><\/div><\/div><\/div><!-- close content main div --><\/div><\/div><div id='world-class-manufacturing-techniques'  class='avia-section main_color avia-section-no-padding avia-no-border-styling avia-bg-style-scroll  avia-builder-el-9  el_after_av_section  el_before_av_section  glossary-container  container_wrap sidebar_right' style=' '  ><div class='container' ><div class='template-page content  av-content-small alpha units'><div class='post-entry post-entry-type-page post-entry-13370'><div class='entry-content-wrapper clearfix'>\n<div class=\"flex_column av_one_full  flex_column_div av-zero-column-padding first  avia-builder-el-10  avia-builder-el-no-sibling\" style='border-radius:0px; '><p><div  style='padding-bottom:10px; font-size:32px;' class='av-special-heading av-special-heading-h2  blockquote modern-quote  avia-builder-el-11  el_before_av_textblock  avia-builder-el-first  av-inherit-size'><h2 class='av-special-heading-tag'  itemprop=\"headline\"  >Techniques de fabrication de classe mondiale<\/h2><div class='special-heading-border'><div class='special-heading-inner-border' ><\/div><\/div><\/div><br \/>\n<section class=\"av_textblock_section\"  itemscope=\"itemscope\" itemtype=\"https:\/\/schema.org\/CreativeWork\" ><div class='avia_textblock'   itemprop=\"text\" ><p>Il existe \u00e9galement plusieurs techniques WCM que la direction peut d\u00e9ployer pour s&#039;appuyer sur les meilleures pratiques r\u00e9pertori\u00e9es ci-dessus et dynamiser les op\u00e9rations de l&#039;atelier.<\/p>\n<p>Certains d&#039;entre eux incluent:<\/p>\n<ul>\n<li><a href=\"https:\/\/www.augmentir.com\/lean-manufacturing\"><strong>Fabrication au plus juste<\/strong><\/a> pour r\u00e9duire les rejets de produits, les carences, la surproduction, les temps d&#039;inactivit\u00e9, etc.<\/li>\n<li><a href=\"https:\/\/www.augmentir.com\/de\/glossary\/what-is-total-productive-maintenance\"><strong>Maintenance productive totale<\/strong><\/a> optimiser la disponibilit\u00e9 et les performances des \u00e9quipements en s&#039;assurant que chaque membre de l&#039;\u00e9quipe fait sa part pour r\u00e9duire les d\u00e9chets.<\/li>\n<li><strong>Six Sigma<\/strong> r\u00e9duire les erreurs de production gr\u00e2ce \u00e0 l&#039;utilisation d&#039;outils statistiques et \u00e0 l&#039;analyse de donn\u00e9es pour identifier les domaines d&#039;am\u00e9lioration.<\/li>\n<li><a href=\"https:\/\/www.augmentir.com\/glossary\/what-is-kaizen-continuous-improvement\"><strong>Kaizen<\/strong><\/a> pour dynamiser les op\u00e9rations de la cha\u00eene de montage \u00e0 chaque \u00e9tape du processus de production.<\/li>\n<li><strong>Kanban<\/strong> (un syst\u00e8me de gestion de projet de cartes d&#039;aide visuelle qui r\u00e9pertorie les informations importantes sur les t\u00e2ches) pour aider \u00e0 montrer les diff\u00e9rents niveaux du processus de fabrication.<\/li>\n<\/ul>\n<\/div><\/section><br \/>\n<div  class='avia-image-container  av-styling-no-styling    avia-builder-el-13  el_after_av_textblock  avia-builder-el-last  product-feature-image avia-align-center'  itemprop=\"image\" itemscope=\"itemscope\" itemtype=\"https:\/\/schema.org\/ImageObject\"  ><div class='avia-image-container-inner'><div class='avia-image-overlay-wrap'><img class='avia_image' src='https:\/\/www.augmentir.com\/wp-content\/uploads\/2023\/02\/collaboration-communication.png' alt='logiciel de gestion d&#039;actifs collaboratif' title='' height=\"1762\" width=\"2593\"  itemprop=\"thumbnailUrl\"  \/><\/div><\/div><\/div><\/p><\/div>\n<\/p>\n<\/div><\/div><\/div><!-- close content main div --><\/div><\/div><div id='benefits-of-wcm-best-practices-and-techniques'  class='avia-section main_color avia-section-no-padding avia-no-border-styling avia-bg-style-scroll  avia-builder-el-14  el_after_av_section  el_before_av_section  glossary-container  container_wrap sidebar_right' style=' '  ><div class='container' ><div class='template-page content  av-content-small alpha units'><div class='post-entry post-entry-type-page post-entry-13370'><div class='entry-content-wrapper clearfix'>\n<div class=\"flex_column av_one_full  flex_column_div av-zero-column-padding first  avia-builder-el-15  avia-builder-el-no-sibling\" style='border-radius:0px; '><p><div  style='padding-bottom:10px; font-size:32px;' class='av-special-heading av-special-heading-h2  blockquote modern-quote  avia-builder-el-16  el_before_av_textblock  avia-builder-el-first  av-inherit-size'><h2 class='av-special-heading-tag'  itemprop=\"headline\"  >Avantages des meilleures pratiques et techniques WCM<\/h2><div class='special-heading-border'><div class='special-heading-inner-border' ><\/div><\/div><\/div><br \/>\n<section class=\"av_textblock_section\"  itemscope=\"itemscope\" itemtype=\"https:\/\/schema.org\/CreativeWork\" ><div class='avia_textblock'   itemprop=\"text\" ><p>Les techniques de fabrication de classe mondiale et les meilleures pratiques sont destin\u00e9es \u00e0 guider la direction dans la cr\u00e9ation d&#039;un lieu de travail bien organis\u00e9 et efficace. S&#039;ils sont ex\u00e9cut\u00e9s correctement, ils peuvent am\u00e9liorer consid\u00e9rablement la fa\u00e7on dont les fabricants fabriquent les produits, livrent les marchandises et fonctionnent au quotidien.<\/p>\n<p>Les avantages de la mise en \u0153uvre des m\u00e9thodes et strat\u00e9gies ci-dessus sont les suivants\u00a0:<\/p>\n<ul>\n<li><strong>Aide \u00e0 \u00e9liminer les d\u00e9chets<\/strong> en normalisant et en optimisant les t\u00e2ches et les processus automatis\u00e9s pour accro\u00eetre l&#039;efficacit\u00e9 de la fabrication.<\/li>\n<li><strong>Am\u00e9liore la satisfaction des clients<\/strong> en ex\u00e9cutant soigneusement la cr\u00e9ation et la livraison des produits pour satisfaire les demandes des clients.<\/li>\n<li><strong>R\u00e9duit les accidents du travail<\/strong> par l&#039;entretien pr\u00e9ventif et l&#039;entretien de base de la machine.<\/li>\n<li><strong>Cultive la productivit\u00e9 des travailleurs<\/strong> en am\u00e9liorant la gestion des t\u00e2ches quotidiennes.<\/li>\n<li><strong>Diminue les co\u00fbts et augmente les profits<\/strong> en \u00e9liminant les processus inutiles, les rejets de produits et les mati\u00e8res premi\u00e8res inutiles.<\/li>\n<li><strong>Donne aux entreprises un avantage concurrentiel<\/strong> en r\u00e9duisant le nombre de produits d\u00e9fectueux pour r\u00e9pondre aux attentes des consommateurs.<\/li>\n<\/ul>\n<p>Augmentir peut aider votre entreprise \u00e0 mettre en \u0153uvre les meilleures pratiques et techniques de fabrication de classe mondiale gr\u00e2ce \u00e0 notre solution de travail connect\u00e9 \u00e0 la pointe de la technologie. Notre logiciel aliment\u00e9 par l&#039;IA a aid\u00e9 des milliers de travailleurs industriels \u00e0 maximiser la production de produits et \u00e0 r\u00e9duire les erreurs de production.<\/p>\n<p><strong>Laissez-nous vous aider \u00e0 convertir votre entreprise en une plateforme num\u00e9rique! Demander un <a href=\"https:\/\/www.augmentir.com\/request-a-demo\">d\u00e9mo en direct<\/a> aujourd&#039;hui.<\/strong><\/p>\n<\/div><\/section><\/p><\/div>\n\n<\/div><\/div><\/div><!-- close content main div --><\/div><\/div><div id='av_section_5'  class='avia-section main_color avia-section-no-padding avia-no-border-styling avia-bg-style-scroll  avia-builder-el-18  el_after_av_section  avia-builder-el-last   container_wrap sidebar_right' style=' '  ><div class='container' ><div class='template-page content  av-content-small alpha units'><div class='post-entry post-entry-type-page post-entry-13370'><div class='entry-content-wrapper clearfix'><\/div><\/div><\/div><!-- close content main div --><\/div><\/div><div id='after_section_5'  class='main_color av_default_container_wrap container_wrap sidebar_right' style=' '  ><div class='container' ><div class='template-page content  av-content-small alpha units'><div class='post-entry post-entry-type-page post-entry-13370'><div class='entry-content-wrapper clearfix'>","protected":false},"excerpt":{"rendered":"","protected":false},"author":1,"featured_media":0,"parent":13330,"menu_order":0,"comment_status":"closed","ping_status":"closed","template":"","meta":{"inline_featured_image":false,"_lmt_disableupdate":"no","_lmt_disable":"","footnotes":""},"class_list":["post-13370","page","type-page","status-publish","hentry"],"yoast_head":"<!-- This site is optimized with the Yoast SEO plugin v27.2 - https:\/\/yoast.com\/product\/yoast-seo-wordpress\/ -->\n<title>World Class Manufacturing Best Practices and Techniques - Augmentir<\/title>\n<meta name=\"description\" content=\"Learn about world class manufacturing best practices and techniques to improve products, procedures, and everyday operations from Augmentir.\" \/>\n<meta name=\"robots\" content=\"index, follow, max-snippet:-1, max-image-preview:large, max-video-preview:-1\" \/>\n<link rel=\"canonical\" href=\"https:\/\/www.augmentir.com\/fr\/world-class-manufacturing\/best-practices-techniques\" \/>\n<meta property=\"og:locale\" content=\"fr_FR\" \/>\n<meta property=\"og:type\" content=\"article\" \/>\n<meta property=\"og:title\" content=\"World Class Manufacturing Best Practices and Techniques - Augmentir\" \/>\n<meta property=\"og:description\" content=\"Learn about world class manufacturing best practices and techniques to improve products, procedures, and everyday operations from Augmentir.\" \/>\n<meta property=\"og:url\" content=\"https:\/\/www.augmentir.com\/fr\/world-class-manufacturing\/best-practices-techniques\" \/>\n<meta property=\"og:site_name\" content=\"Augmentir\" \/>\n<meta property=\"article:modified_time\" content=\"2025-06-09T00:57:10+00:00\" \/>\n<meta name=\"twitter:card\" content=\"summary_large_image\" \/>\n<meta name=\"twitter:site\" content=\"@augmentir\" \/>\n<script type=\"application\/ld+json\" class=\"yoast-schema-graph\">{\"@context\":\"https:\/\/schema.org\",\"@graph\":[{\"@type\":\"WebPage\",\"@id\":\"https:\/\/www.augmentir.com\/world-class-manufacturing\/best-practices-techniques\",\"url\":\"https:\/\/www.augmentir.com\/world-class-manufacturing\/best-practices-techniques\",\"name\":\"World Class Manufacturing Best Practices and Techniques - Augmentir\",\"isPartOf\":{\"@id\":\"https:\/\/www.augmentir.com\/#website\"},\"datePublished\":\"2023-03-23T16:03:28+00:00\",\"dateModified\":\"2025-06-09T00:57:10+00:00\",\"description\":\"Learn about world class manufacturing best practices and techniques to improve products, procedures, and everyday operations from Augmentir.\",\"breadcrumb\":{\"@id\":\"https:\/\/www.augmentir.com\/world-class-manufacturing\/best-practices-techniques#breadcrumb\"},\"inLanguage\":\"fr-FR\",\"potentialAction\":[{\"@type\":\"ReadAction\",\"target\":[\"https:\/\/www.augmentir.com\/world-class-manufacturing\/best-practices-techniques\"]}]},{\"@type\":\"BreadcrumbList\",\"@id\":\"https:\/\/www.augmentir.com\/world-class-manufacturing\/best-practices-techniques#breadcrumb\",\"itemListElement\":[{\"@type\":\"ListItem\",\"position\":1,\"name\":\"Home\",\"item\":\"https:\/\/www.augmentir.com\/\"},{\"@type\":\"ListItem\",\"position\":2,\"name\":\"World Class Manufacturing (WCM) Guide\",\"item\":\"https:\/\/www.augmentir.com\/world-class-manufacturing\"},{\"@type\":\"ListItem\",\"position\":3,\"name\":\"World Class Manufacturing Best Practices and Techniques\"}]},{\"@type\":\"WebSite\",\"@id\":\"https:\/\/www.augmentir.com\/#website\",\"url\":\"https:\/\/www.augmentir.com\/\",\"name\":\"Augmentir\",\"description\":\"AI-Powered Connected Worker Platform\",\"publisher\":{\"@id\":\"https:\/\/www.augmentir.com\/#organization\"},\"potentialAction\":[{\"@type\":\"SearchAction\",\"target\":{\"@type\":\"EntryPoint\",\"urlTemplate\":\"https:\/\/www.augmentir.com\/?s={search_term_string}\"},\"query-input\":{\"@type\":\"PropertyValueSpecification\",\"valueRequired\":true,\"valueName\":\"search_term_string\"}}],\"inLanguage\":\"fr-FR\"},{\"@type\":\"Organization\",\"@id\":\"https:\/\/www.augmentir.com\/#organization\",\"name\":\"Augmentir, Inc.\",\"url\":\"https:\/\/www.augmentir.com\/\",\"logo\":{\"@type\":\"ImageObject\",\"inLanguage\":\"fr-FR\",\"@id\":\"https:\/\/www.augmentir.com\/#\/schema\/logo\/image\/\",\"url\":\"https:\/\/www.augmentir.com\/wp-content\/uploads\/2021\/10\/Augmentir_Logo.svg\",\"contentUrl\":\"https:\/\/www.augmentir.com\/wp-content\/uploads\/2021\/10\/Augmentir_Logo.svg\",\"width\":\"1200\",\"height\":\"1200\",\"caption\":\"Augmentir, Inc.\"},\"image\":{\"@id\":\"https:\/\/www.augmentir.com\/#\/schema\/logo\/image\/\"},\"sameAs\":[\"https:\/\/x.com\/augmentir\",\"https:\/\/www.linkedin.com\/company\/augmentir\"]}]}<\/script>\n<!-- \/ Yoast SEO plugin. -->","yoast_head_json":{"title":"World Class Manufacturing Best Practices and Techniques - Augmentir","description":"Learn about world class manufacturing best practices and techniques to improve products, procedures, and everyday operations from Augmentir.","robots":{"index":"index","follow":"follow","max-snippet":"max-snippet:-1","max-image-preview":"max-image-preview:large","max-video-preview":"max-video-preview:-1"},"canonical":"https:\/\/www.augmentir.com\/fr\/world-class-manufacturing\/best-practices-techniques","og_locale":"fr_FR","og_type":"article","og_title":"World Class Manufacturing Best Practices and Techniques - Augmentir","og_description":"Learn about world class manufacturing best practices and techniques to improve products, procedures, and everyday operations from Augmentir.","og_url":"https:\/\/www.augmentir.com\/fr\/world-class-manufacturing\/best-practices-techniques","og_site_name":"Augmentir","article_modified_time":"2025-06-09T00:57:10+00:00","twitter_card":"summary_large_image","twitter_site":"@augmentir","schema":{"@context":"https:\/\/schema.org","@graph":[{"@type":"WebPage","@id":"https:\/\/www.augmentir.com\/world-class-manufacturing\/best-practices-techniques","url":"https:\/\/www.augmentir.com\/world-class-manufacturing\/best-practices-techniques","name":"World Class Manufacturing Best Practices and Techniques - Augmentir","isPartOf":{"@id":"https:\/\/www.augmentir.com\/#website"},"datePublished":"2023-03-23T16:03:28+00:00","dateModified":"2025-06-09T00:57:10+00:00","description":"Learn about world class manufacturing best practices and techniques to improve products, procedures, and everyday operations from Augmentir.","breadcrumb":{"@id":"https:\/\/www.augmentir.com\/world-class-manufacturing\/best-practices-techniques#breadcrumb"},"inLanguage":"fr-FR","potentialAction":[{"@type":"ReadAction","target":["https:\/\/www.augmentir.com\/world-class-manufacturing\/best-practices-techniques"]}]},{"@type":"BreadcrumbList","@id":"https:\/\/www.augmentir.com\/world-class-manufacturing\/best-practices-techniques#breadcrumb","itemListElement":[{"@type":"ListItem","position":1,"name":"Home","item":"https:\/\/www.augmentir.com\/"},{"@type":"ListItem","position":2,"name":"World Class Manufacturing (WCM) Guide","item":"https:\/\/www.augmentir.com\/world-class-manufacturing"},{"@type":"ListItem","position":3,"name":"World Class Manufacturing Best Practices and Techniques"}]},{"@type":"WebSite","@id":"https:\/\/www.augmentir.com\/#website","url":"https:\/\/www.augmentir.com\/","name":"Augmentir","description":"AI-Powered Connected Worker Platform","publisher":{"@id":"https:\/\/www.augmentir.com\/#organization"},"potentialAction":[{"@type":"SearchAction","target":{"@type":"EntryPoint","urlTemplate":"https:\/\/www.augmentir.com\/?s={search_term_string}"},"query-input":{"@type":"PropertyValueSpecification","valueRequired":true,"valueName":"search_term_string"}}],"inLanguage":"fr-FR"},{"@type":"Organization","@id":"https:\/\/www.augmentir.com\/#organization","name":"Augmentir, Inc.","url":"https:\/\/www.augmentir.com\/","logo":{"@type":"ImageObject","inLanguage":"fr-FR","@id":"https:\/\/www.augmentir.com\/#\/schema\/logo\/image\/","url":"https:\/\/www.augmentir.com\/wp-content\/uploads\/2021\/10\/Augmentir_Logo.svg","contentUrl":"https:\/\/www.augmentir.com\/wp-content\/uploads\/2021\/10\/Augmentir_Logo.svg","width":"1200","height":"1200","caption":"Augmentir, Inc."},"image":{"@id":"https:\/\/www.augmentir.com\/#\/schema\/logo\/image\/"},"sameAs":["https:\/\/x.com\/augmentir","https:\/\/www.linkedin.com\/company\/augmentir"]}]}},"_links":{"self":[{"href":"https:\/\/www.augmentir.com\/fr\/wp-json\/wp\/v2\/pages\/13370","targetHints":{"allow":["GET"]}}],"collection":[{"href":"https:\/\/www.augmentir.com\/fr\/wp-json\/wp\/v2\/pages"}],"about":[{"href":"https:\/\/www.augmentir.com\/fr\/wp-json\/wp\/v2\/types\/page"}],"author":[{"embeddable":true,"href":"https:\/\/www.augmentir.com\/fr\/wp-json\/wp\/v2\/users\/1"}],"replies":[{"embeddable":true,"href":"https:\/\/www.augmentir.com\/fr\/wp-json\/wp\/v2\/comments?post=13370"}],"version-history":[{"count":0,"href":"https:\/\/www.augmentir.com\/fr\/wp-json\/wp\/v2\/pages\/13370\/revisions"}],"up":[{"embeddable":true,"href":"https:\/\/www.augmentir.com\/fr\/wp-json\/wp\/v2\/pages\/13330"}],"wp:attachment":[{"href":"https:\/\/www.augmentir.com\/fr\/wp-json\/wp\/v2\/media?parent=13370"}],"curies":[{"name":"wp","href":"https:\/\/api.w.org\/{rel}","templated":true}]}}