{"id":13333,"date":"2023-03-08T15:59:32","date_gmt":"2023-03-08T15:59:32","guid":{"rendered":"https:\/\/www.augmentir.com\/?page_id=13333"},"modified":"2024-11-23T11:49:36","modified_gmt":"2024-11-23T11:49:36","slug":"wcm-vs-lean","status":"publish","type":"page","link":"https:\/\/www.augmentir.com\/fr\/world-class-manufacturing\/wcm-vs-lean","title":{"rendered":"Fabrication de classe mondiale contre fabrication au plus juste"},"content":{"rendered":"<div id='av_section_1'  class='avia-section main_color avia-section-small avia-no-border-styling avia-bg-style-scroll  avia-builder-el-0  el_before_av_section  avia-builder-el-first  glossary-container  container_wrap sidebar_right' style=' margin-top:10px; margin-bottom:0px; '  ><div class='container' ><main  role=\"main\" itemprop=\"mainContentOfPage\"  class='template-page content  av-content-small alpha units'><div class='post-entry post-entry-type-page post-entry-13333'><div class='entry-content-wrapper clearfix'>\n<div class=\"flex_column av_one_full  flex_column_div av-zero-column-padding first  avia-builder-el-1  avia-builder-el-no-sibling\" style='border-radius:0px; '><p><div  style='padding-bottom:10px; margin-top:16px; font-size:44px;' class='av-special-heading av-special-heading-h1  blockquote modern-quote  avia-builder-el-2  el_before_av_textblock  avia-builder-el-first  av-inherit-size'><h1 class='av-special-heading-tag'  itemprop=\"headline\"  >Fabrication de classe mondiale contre fabrication au plus juste<\/h1><div class='special-heading-border'><div class='special-heading-inner-border' ><\/div><\/div><\/div><br \/>\n<section class=\"av_textblock_section\"  itemscope=\"itemscope\" itemtype=\"https:\/\/schema.org\/CreativeWork\" ><div class='avia_textblock'   itemprop=\"text\" ><p>La fabrication de classe mondiale (WCM) et la fabrication all\u00e9g\u00e9e sont des m\u00e9thodologies de production qui permettent d&#039;am\u00e9liorer l&#039;efficacit\u00e9 des produits, de r\u00e9duire les co\u00fbts, de stimuler l&#039;innovation et de r\u00e9duire les d\u00e9lais de mise sur le march\u00e9. Les deux sont souvent utilis\u00e9s conjointement pour minimiser les d\u00e9chets et am\u00e9liorer les op\u00e9rations quotidiennes.<\/p>\n<p>Plus pr\u00e9cis\u00e9ment, la fabrication de classe mondiale est une approche de gestion pour produire les meilleurs produits ou services, les plus opportuns et les plus rentables. La fabrication all\u00e9g\u00e9e, quant \u00e0 elle, vise \u00e0 r\u00e9duire les d\u00e9chets et \u00e0 maximiser la productivit\u00e9 pour am\u00e9liorer les processus de la cha\u00eene de montage.<\/p>\n<p>Lorsqu&#039;elles sont correctement mises en \u0153uvre, les deux strat\u00e9gies peuvent vous donner l&#039;avantage concurrentiel que vous recherchez. Explorez les sujets suivants pour en savoir plus sur la fabrication de classe mondiale par rapport \u00e0 la fabrication au plus juste\u00a0:<\/p>\n<ul>\n<li><a href=\"#difference-between-wcm-and-lean-manufacturing\">Diff\u00e9rence entre WCM et lean manufacturing<\/a><\/li>\n<li><a href=\"#benefits-of-world-class-manufacturing\">Avantages d&#039;une fabrication de classe mondiale<\/a><\/li>\n<li><a href=\"#lean-manufacturing-advantages\">Avantages de la fabrication au plus juste<\/a><\/li>\n<\/ul>\n<\/div><\/section><br \/>\n<div  class='avia-image-container  av-styling-    avia-builder-el-4  el_after_av_textblock  avia-builder-el-last  avia-align-center'  itemprop=\"image\" itemscope=\"itemscope\" itemtype=\"https:\/\/schema.org\/ImageObject\"  ><div class='avia-image-container-inner'><div class='avia-image-overlay-wrap'><img class='avia_image' src='https:\/\/www.augmentir.com\/wp-content\/uploads\/2022\/06\/lean-manufacturing.jpg' alt='fabrication au plus juste' title='' height=\"630\" width=\"1200\"  itemprop=\"thumbnailUrl\"  \/><\/div><\/div><\/div><\/p><\/div>\n\n<\/div><\/div><\/main><!-- close content main element --><\/div><\/div><div id='difference-between-wcm-and-lean-manufacturing'  class='avia-section main_color avia-section-no-padding avia-no-border-styling avia-bg-style-scroll  avia-builder-el-5  el_after_av_section  el_before_av_section  glossary-container  container_wrap sidebar_right' style=' '  ><div class='container' ><div class='template-page content  av-content-small alpha units'><div class='post-entry post-entry-type-page post-entry-13333'><div class='entry-content-wrapper clearfix'>\n<div class=\"flex_column av_one_full  flex_column_div av-zero-column-padding first  avia-builder-el-6  avia-builder-el-no-sibling\" style='border-radius:0px; '><p><div  style='padding-bottom:10px; font-size:32px;' class='av-special-heading av-special-heading-h2  blockquote modern-quote  avia-builder-el-7  el_before_av_textblock  avia-builder-el-first  av-inherit-size'><h2 class='av-special-heading-tag'  itemprop=\"headline\"  >Diff\u00e9rence entre WCM et lean manufacturing<\/h2><div class='special-heading-border'><div class='special-heading-inner-border' ><\/div><\/div><\/div><br \/>\n<section class=\"av_textblock_section\"  itemscope=\"itemscope\" itemtype=\"https:\/\/schema.org\/CreativeWork\" ><div class='avia_textblock'   itemprop=\"text\" ><p>En bref, le WCM est une m\u00e9thodologie g\u00e9n\u00e9rale qui peut \u00eatre appliqu\u00e9e \u00e0 l&#039;ensemble du mod\u00e8le \u00e9conomique d&#039;une entreprise, tandis que le lean manufacturing est une approche sp\u00e9cifique utilis\u00e9e pour r\u00e9duire les d\u00e9chets dans la cha\u00eene de production.<\/p>\n<p>Commencer avec, <a href=\"https:\/\/www.augmentir.com\/lean-manufacturing\">fabrication au plus juste<\/a> reconnu au d\u00e9but du 20<sup>e<\/sup> si\u00e8cle apr\u00e8s que la fabrication \u00e0 la cha\u00eene de montage \u00e0 grande \u00e9chelle est devenue courante. Puis dans les ann\u00e9es 1950, Shigeo Shingo et Taiichi Ohno de Toyota Motor Corporation ont cr\u00e9\u00e9 le <a href=\"https:\/\/www.toyota-europe.com\/about-us\/toyota-vision-and-philosophy\/toyota-production-system\" target=\"_blank\" rel=\"noopener\">Syst\u00e8me de production Toyota<\/a>, qui est finalement devenu le fondement de la production all\u00e9g\u00e9e en Am\u00e9rique.<\/p>\n<p>Parmi ses avantages, la production all\u00e9g\u00e9e permet de raccourcir les d\u00e9lais de livraison et d&#039;acc\u00e9l\u00e9rer les r\u00e9ponses aux demandes des consommateurs. Cette vitesse peut \u00eatre obtenue en \u00e9liminant les d\u00e9chets du processus de production, qui est d\u00e9fini comme tout processus de fabrication qui n&#039;apporte pas de valeur au client.<\/p>\n<p>Des exemples de d\u00e9chets peuvent inclure :<\/p>\n<ul>\n<li>Attendre des travailleurs ou des machines inactives<\/li>\n<li>Exc\u00e9dent de marchandises et demande limit\u00e9e<\/li>\n<li>Des d\u00e9fauts trop chers \u00e0 corriger<\/li>\n<li>Transport inutile<\/li>\n<li>Appliquer des fonctionnalit\u00e9s inutiles \u00e0 un produit<\/li>\n<\/ul>\n<p><a href=\"https:\/\/www.augmentir.com\/world-class-manufacturing\">Fabrication de classe mondiale<\/a> est une strat\u00e9gie organisationnelle pour produire des produits abordables, sans d\u00e9chets et durables sur une base coh\u00e9rente. Il est guid\u00e9 par trois grands principes, le lean manufacturing \u00e9tant l&#039;un d&#039;entre eux\u00a0:<\/p>\n<ol>\n<li><strong>Utilisation de techniques de fabrication au plus juste et de juste-\u00e0-temps<\/strong> pour r\u00e9duire les d\u00e9chets et les co\u00fbts de production. Les deux m\u00e9thodes sont utilis\u00e9es en tandem pour garantir que les articles sont d\u00e9velopp\u00e9s pour r\u00e9pondre \u00e0 la demande des clients plut\u00f4t qu&#039;en surplus. Cela peut \u00eatre fait en \u00e9liminant tout processus de cha\u00eene de montage qui ne profite pas au client.<\/li>\n<li><strong>Int\u00e9grer la gestion de la qualit\u00e9 totale<\/strong> pour r\u00e9duire le nombre de d\u00e9fauts des produits et am\u00e9liorer la gratification des consommateurs. Cette approche est ancr\u00e9e dans l&#039;id\u00e9e que chaque employ\u00e9 se consacre \u00e0 cultiver en permanence les processus de fabrication et \u00e0 d\u00e9velopper des articles de haute qualit\u00e9.<\/li>\n<li><strong>Postuler <\/strong><a href=\"https:\/\/www.augmentir.com\/glossary\/what-is-total-productive-maintenance\"><strong>maintenance productive totale<\/strong><\/a><strong> (TPM)<\/strong> pour d\u00e9panner et r\u00e9parer toute d\u00e9faillance op\u00e9rationnelle pouvant entra\u00eener des \u00e9quipements et des machines d\u00e9fectueux.<\/li>\n<\/ol>\n<p>En savoir plus sur <a href=\"https:\/\/www.augmentir.com\/world-class-manufacturing\/best-practices-techniques\">meilleures pratiques et techniques de fabrication de classe mondiale<\/a>.<\/p>\n<p>Pour r\u00e9sumer, WCM utilise diff\u00e9rentes techniques pour garantir la qualit\u00e9 des produits et des produits \u00e0 des prix raisonnables, tandis que la fabrication au plus juste est enracin\u00e9e dans le syst\u00e8me de production Toyota pour supprimer les processus de production qui n&#039;apportent pas de valeur au consommateur.<\/p>\n<\/div><\/section><\/p><\/div>\n\n<\/div><\/div><\/div><!-- close content main div --><\/div><\/div><div id='benefits-of-world-class-manufacturing'  class='avia-section main_color avia-section-no-padding avia-no-border-styling avia-bg-style-scroll  avia-builder-el-9  el_after_av_section  el_before_av_section  glossary-container  container_wrap sidebar_right' style=' '  ><div class='container' ><div class='template-page content  av-content-small alpha units'><div class='post-entry post-entry-type-page post-entry-13333'><div class='entry-content-wrapper clearfix'>\n<div class=\"flex_column av_one_full  flex_column_div av-zero-column-padding first  avia-builder-el-10  avia-builder-el-no-sibling\" style='border-radius:0px; '><p><div  style='padding-bottom:10px; font-size:32px;' class='av-special-heading av-special-heading-h2  blockquote modern-quote  avia-builder-el-11  el_before_av_textblock  avia-builder-el-first  av-inherit-size'><h2 class='av-special-heading-tag'  itemprop=\"headline\"  >Avantages d&#039;une fabrication de classe mondiale<\/h2><div class='special-heading-border'><div class='special-heading-inner-border' ><\/div><\/div><\/div><br \/>\n<section class=\"av_textblock_section\"  itemscope=\"itemscope\" itemtype=\"https:\/\/schema.org\/CreativeWork\" ><div class='avia_textblock'   itemprop=\"text\" ><p>La fabrication de classe mondiale est un principe directeur pour g\u00e9rer et exploiter efficacement une entreprise de fabrication. Il s&#039;efforce d&#039;am\u00e9liorer les biens, les proc\u00e9dures et les services \u00e0 toutes les \u00e9tapes du processus de la cha\u00eene de montage.<\/p>\n<p>L&#039;application d&#039;une fabrication de classe mondiale dans l&#039;atelier pr\u00e9sente un certain nombre d&#039;avantages, notamment\u00a0:<\/p>\n<ul>\n<li>Am\u00e9liore la qualit\u00e9 des produits en r\u00e9duisant les d\u00e9chets dans tous les domaines du processus de production<\/li>\n<li>R\u00e9duit les co\u00fbts associ\u00e9s \u00e0 l&#039;\u00e9limination des processus d&#039;atelier inutiles, des machines d\u00e9fectueuses, etc.<\/li>\n<li>Augmente l&#039;efficacit\u00e9 de l&#039;\u00e9quipement et les mesures pr\u00e9ventives pour entretenir les machines<\/li>\n<li>Am\u00e9liore l&#039;engagement des employ\u00e9s en encourageant tout le personnel, de la direction aux travailleurs de la cha\u00eene de montage, \u00e0 am\u00e9liorer continuellement les processus de fabrication<\/li>\n<li>Donne aux entreprises un avantage concurrentiel lorsque des produits abordables et de haute qualit\u00e9 sont livr\u00e9s de mani\u00e8re constante<\/li>\n<\/ul>\n<\/div><\/section><\/p><\/div>\n\n<\/div><\/div><\/div><!-- close content main div --><\/div><\/div><div id='lean-manufacturing-advantages'  class='avia-section main_color avia-section-no-padding avia-no-border-styling avia-bg-style-scroll  avia-builder-el-13  el_after_av_section  el_before_av_section  glossary-container  container_wrap sidebar_right' style=' '  ><div class='container' ><div class='template-page content  av-content-small alpha units'><div class='post-entry post-entry-type-page post-entry-13333'><div class='entry-content-wrapper clearfix'>\n<div class=\"flex_column av_one_full  flex_column_div av-zero-column-padding first  avia-builder-el-14  avia-builder-el-no-sibling\" style='border-radius:0px; '><p><div  style='padding-bottom:10px; font-size:32px;' class='av-special-heading av-special-heading-h2  blockquote modern-quote  avia-builder-el-15  el_before_av_textblock  avia-builder-el-first  av-inherit-size'><h2 class='av-special-heading-tag'  itemprop=\"headline\"  >Avantages de la fabrication au plus juste<\/h2><div class='special-heading-border'><div class='special-heading-inner-border' ><\/div><\/div><\/div><br \/>\n<section class=\"av_textblock_section\"  itemscope=\"itemscope\" itemtype=\"https:\/\/schema.org\/CreativeWork\" ><div class='avia_textblock'   itemprop=\"text\" ><p>La fabrication au plus juste aide les entreprises \u00e0 r\u00e9duire les d\u00e9chets et \u00e0 accro\u00eetre l&#039;efficacit\u00e9 des processus de production.<\/p>\n<p>Certains avantages de cette technique sont :<\/p>\n<ul>\n<li>Inventaire r\u00e9duit<\/li>\n<li>Une production plus rapide \u00e0 des co\u00fbts r\u00e9duits<\/li>\n<li>Moins de produits d\u00e9fectueux et plus de produits de haute qualit\u00e9<\/li>\n<li>Une plus grande satisfaction des clients lorsque les besoins des produits sont satisfaits<\/li>\n<li>T\u00e2ches de fabrication rationalis\u00e9es et standardis\u00e9es<\/li>\n<li>Moins de pannes de machines et de processus<\/li>\n<\/ul>\n<\/div><\/section><br \/>\n<div  class='avia-image-container  av-styling-    avia-builder-el-17  el_after_av_textblock  avia-builder-el-last  glossary-inline-image avia-align-center'  itemprop=\"image\" itemscope=\"itemscope\" itemtype=\"https:\/\/schema.org\/ImageObject\"  ><div class='avia-image-container-inner'><div class='avia-image-overlay-wrap'><img class='avia_image' src='https:\/\/www.augmentir.com\/wp-content\/uploads\/2022\/07\/product-connected-worker-suite.png' alt='plateforme de travail connect\u00e9' title='' height=\"2154\" width=\"5240\"  itemprop=\"thumbnailUrl\"  \/><\/div><\/div><\/div><\/p><\/div>\n\n<\/div><\/div><\/div><!-- close content main div --><\/div><\/div><div id='av_section_5'  class='avia-section main_color avia-section-no-padding avia-no-border-styling avia-bg-style-scroll  avia-builder-el-18  el_after_av_section  avia-builder-el-last  glossary-container  container_wrap sidebar_right' style=' margin-top:0px; margin-bottom:50px; '  ><div class='container' ><div class='template-page content  av-content-small alpha units'><div class='post-entry post-entry-type-page post-entry-13333'><div class='entry-content-wrapper clearfix'>\n<section class=\"av_textblock_section\"  itemscope=\"itemscope\" itemtype=\"https:\/\/schema.org\/CreativeWork\" ><div class='avia_textblock'   itemprop=\"text\" ><p><strong>Augmentir est le premier logiciel au monde aliment\u00e9 par l&#039;IA pour aider les entreprises \u00e0 devenir des fabricants de classe mondiale qui adoptent des techniques de gestion all\u00e9g\u00e9e pour dynamiser les op\u00e9rations quotidiennes.<\/strong><\/p>\n<p><strong>Notre solution de travail connect\u00e9 peut transformer la fa\u00e7on dont vous g\u00e9rez les proc\u00e9dures quotidiennes de l&#039;atelier. Demander un <a href=\"https:\/\/www.augmentir.com\/request-a-demo\">d\u00e9mo en direct<\/a> pour commencer sur la voie de la transformation de vos op\u00e9rations de premi\u00e8re ligne.<\/strong><\/p>\n<\/div><\/section>\n<\/div><\/div><\/div><!-- close content main div --><\/div><\/div><div id='after_section_5'  class='main_color av_default_container_wrap container_wrap sidebar_right' style=' '  ><div class='container' ><div class='template-page content  av-content-small alpha units'><div class='post-entry post-entry-type-page post-entry-13333'><div class='entry-content-wrapper clearfix'>","protected":false},"excerpt":{"rendered":"","protected":false},"author":1,"featured_media":0,"parent":13330,"menu_order":0,"comment_status":"closed","ping_status":"closed","template":"","meta":{"inline_featured_image":false,"_lmt_disableupdate":"no","_lmt_disable":"","footnotes":""},"class_list":["post-13333","page","type-page","status-publish","hentry"],"yoast_head":"<!-- This site is optimized with the Yoast SEO plugin v27.2 - https:\/\/yoast.com\/product\/yoast-seo-wordpress\/ -->\n<title>World Class Manufacturing vs Lean Manufacturing - Augmentir<\/title>\n<meta name=\"description\" content=\"Learn about world class manufacturing vs. lean manufacturing to ensure top-notch products free of defects and greater customer satisfaction.\" \/>\n<meta name=\"robots\" content=\"index, follow, max-snippet:-1, max-image-preview:large, max-video-preview:-1\" \/>\n<link rel=\"canonical\" href=\"https:\/\/www.augmentir.com\/fr\/world-class-manufacturing\/wcm-vs-lean\" \/>\n<meta property=\"og:locale\" content=\"fr_FR\" \/>\n<meta property=\"og:type\" content=\"article\" \/>\n<meta property=\"og:title\" content=\"World Class Manufacturing vs Lean Manufacturing - Augmentir\" \/>\n<meta property=\"og:description\" content=\"Learn about world class manufacturing vs. lean manufacturing to ensure top-notch products free of defects and greater customer satisfaction.\" \/>\n<meta property=\"og:url\" content=\"https:\/\/www.augmentir.com\/fr\/world-class-manufacturing\/wcm-vs-lean\" \/>\n<meta property=\"og:site_name\" content=\"Augmentir\" \/>\n<meta property=\"article:modified_time\" content=\"2024-11-23T11:49:36+00:00\" \/>\n<meta name=\"twitter:card\" content=\"summary_large_image\" \/>\n<meta name=\"twitter:site\" content=\"@augmentir\" \/>\n<script type=\"application\/ld+json\" class=\"yoast-schema-graph\">{\"@context\":\"https:\/\/schema.org\",\"@graph\":[{\"@type\":\"WebPage\",\"@id\":\"https:\/\/www.augmentir.com\/world-class-manufacturing\/wcm-vs-lean\",\"url\":\"https:\/\/www.augmentir.com\/world-class-manufacturing\/wcm-vs-lean\",\"name\":\"World Class Manufacturing vs Lean Manufacturing - Augmentir\",\"isPartOf\":{\"@id\":\"https:\/\/www.augmentir.com\/#website\"},\"datePublished\":\"2023-03-08T15:59:32+00:00\",\"dateModified\":\"2024-11-23T11:49:36+00:00\",\"description\":\"Learn about world class manufacturing vs. lean manufacturing to ensure top-notch products free of defects and greater customer satisfaction.\",\"breadcrumb\":{\"@id\":\"https:\/\/www.augmentir.com\/world-class-manufacturing\/wcm-vs-lean#breadcrumb\"},\"inLanguage\":\"fr-FR\",\"potentialAction\":[{\"@type\":\"ReadAction\",\"target\":[\"https:\/\/www.augmentir.com\/world-class-manufacturing\/wcm-vs-lean\"]}]},{\"@type\":\"BreadcrumbList\",\"@id\":\"https:\/\/www.augmentir.com\/world-class-manufacturing\/wcm-vs-lean#breadcrumb\",\"itemListElement\":[{\"@type\":\"ListItem\",\"position\":1,\"name\":\"Home\",\"item\":\"https:\/\/www.augmentir.com\/\"},{\"@type\":\"ListItem\",\"position\":2,\"name\":\"World Class Manufacturing (WCM) Guide\",\"item\":\"https:\/\/www.augmentir.com\/world-class-manufacturing\"},{\"@type\":\"ListItem\",\"position\":3,\"name\":\"World Class Manufacturing vs Lean Manufacturing\"}]},{\"@type\":\"WebSite\",\"@id\":\"https:\/\/www.augmentir.com\/#website\",\"url\":\"https:\/\/www.augmentir.com\/\",\"name\":\"Augmentir\",\"description\":\"AI-Powered Connected Worker Platform\",\"publisher\":{\"@id\":\"https:\/\/www.augmentir.com\/#organization\"},\"potentialAction\":[{\"@type\":\"SearchAction\",\"target\":{\"@type\":\"EntryPoint\",\"urlTemplate\":\"https:\/\/www.augmentir.com\/?s={search_term_string}\"},\"query-input\":{\"@type\":\"PropertyValueSpecification\",\"valueRequired\":true,\"valueName\":\"search_term_string\"}}],\"inLanguage\":\"fr-FR\"},{\"@type\":\"Organization\",\"@id\":\"https:\/\/www.augmentir.com\/#organization\",\"name\":\"Augmentir, Inc.\",\"url\":\"https:\/\/www.augmentir.com\/\",\"logo\":{\"@type\":\"ImageObject\",\"inLanguage\":\"fr-FR\",\"@id\":\"https:\/\/www.augmentir.com\/#\/schema\/logo\/image\/\",\"url\":\"https:\/\/www.augmentir.com\/wp-content\/uploads\/2021\/10\/Augmentir_Logo.svg\",\"contentUrl\":\"https:\/\/www.augmentir.com\/wp-content\/uploads\/2021\/10\/Augmentir_Logo.svg\",\"width\":\"1200\",\"height\":\"1200\",\"caption\":\"Augmentir, Inc.\"},\"image\":{\"@id\":\"https:\/\/www.augmentir.com\/#\/schema\/logo\/image\/\"},\"sameAs\":[\"https:\/\/x.com\/augmentir\",\"https:\/\/www.linkedin.com\/company\/augmentir\"]}]}<\/script>\n<!-- \/ Yoast SEO plugin. -->","yoast_head_json":{"title":"World Class Manufacturing vs Lean Manufacturing - Augmentir","description":"Learn about world class manufacturing vs. lean manufacturing to ensure top-notch products free of defects and greater customer satisfaction.","robots":{"index":"index","follow":"follow","max-snippet":"max-snippet:-1","max-image-preview":"max-image-preview:large","max-video-preview":"max-video-preview:-1"},"canonical":"https:\/\/www.augmentir.com\/fr\/world-class-manufacturing\/wcm-vs-lean","og_locale":"fr_FR","og_type":"article","og_title":"World Class Manufacturing vs Lean Manufacturing - Augmentir","og_description":"Learn about world class manufacturing vs. lean manufacturing to ensure top-notch products free of defects and greater customer satisfaction.","og_url":"https:\/\/www.augmentir.com\/fr\/world-class-manufacturing\/wcm-vs-lean","og_site_name":"Augmentir","article_modified_time":"2024-11-23T11:49:36+00:00","twitter_card":"summary_large_image","twitter_site":"@augmentir","schema":{"@context":"https:\/\/schema.org","@graph":[{"@type":"WebPage","@id":"https:\/\/www.augmentir.com\/world-class-manufacturing\/wcm-vs-lean","url":"https:\/\/www.augmentir.com\/world-class-manufacturing\/wcm-vs-lean","name":"World Class Manufacturing vs Lean Manufacturing - Augmentir","isPartOf":{"@id":"https:\/\/www.augmentir.com\/#website"},"datePublished":"2023-03-08T15:59:32+00:00","dateModified":"2024-11-23T11:49:36+00:00","description":"Learn about world class manufacturing vs. lean manufacturing to ensure top-notch products free of defects and greater customer satisfaction.","breadcrumb":{"@id":"https:\/\/www.augmentir.com\/world-class-manufacturing\/wcm-vs-lean#breadcrumb"},"inLanguage":"fr-FR","potentialAction":[{"@type":"ReadAction","target":["https:\/\/www.augmentir.com\/world-class-manufacturing\/wcm-vs-lean"]}]},{"@type":"BreadcrumbList","@id":"https:\/\/www.augmentir.com\/world-class-manufacturing\/wcm-vs-lean#breadcrumb","itemListElement":[{"@type":"ListItem","position":1,"name":"Home","item":"https:\/\/www.augmentir.com\/"},{"@type":"ListItem","position":2,"name":"World Class Manufacturing (WCM) Guide","item":"https:\/\/www.augmentir.com\/world-class-manufacturing"},{"@type":"ListItem","position":3,"name":"World Class Manufacturing vs Lean Manufacturing"}]},{"@type":"WebSite","@id":"https:\/\/www.augmentir.com\/#website","url":"https:\/\/www.augmentir.com\/","name":"Augmentir","description":"AI-Powered Connected Worker Platform","publisher":{"@id":"https:\/\/www.augmentir.com\/#organization"},"potentialAction":[{"@type":"SearchAction","target":{"@type":"EntryPoint","urlTemplate":"https:\/\/www.augmentir.com\/?s={search_term_string}"},"query-input":{"@type":"PropertyValueSpecification","valueRequired":true,"valueName":"search_term_string"}}],"inLanguage":"fr-FR"},{"@type":"Organization","@id":"https:\/\/www.augmentir.com\/#organization","name":"Augmentir, Inc.","url":"https:\/\/www.augmentir.com\/","logo":{"@type":"ImageObject","inLanguage":"fr-FR","@id":"https:\/\/www.augmentir.com\/#\/schema\/logo\/image\/","url":"https:\/\/www.augmentir.com\/wp-content\/uploads\/2021\/10\/Augmentir_Logo.svg","contentUrl":"https:\/\/www.augmentir.com\/wp-content\/uploads\/2021\/10\/Augmentir_Logo.svg","width":"1200","height":"1200","caption":"Augmentir, Inc."},"image":{"@id":"https:\/\/www.augmentir.com\/#\/schema\/logo\/image\/"},"sameAs":["https:\/\/x.com\/augmentir","https:\/\/www.linkedin.com\/company\/augmentir"]}]}},"_links":{"self":[{"href":"https:\/\/www.augmentir.com\/fr\/wp-json\/wp\/v2\/pages\/13333","targetHints":{"allow":["GET"]}}],"collection":[{"href":"https:\/\/www.augmentir.com\/fr\/wp-json\/wp\/v2\/pages"}],"about":[{"href":"https:\/\/www.augmentir.com\/fr\/wp-json\/wp\/v2\/types\/page"}],"author":[{"embeddable":true,"href":"https:\/\/www.augmentir.com\/fr\/wp-json\/wp\/v2\/users\/1"}],"replies":[{"embeddable":true,"href":"https:\/\/www.augmentir.com\/fr\/wp-json\/wp\/v2\/comments?post=13333"}],"version-history":[{"count":0,"href":"https:\/\/www.augmentir.com\/fr\/wp-json\/wp\/v2\/pages\/13333\/revisions"}],"up":[{"embeddable":true,"href":"https:\/\/www.augmentir.com\/fr\/wp-json\/wp\/v2\/pages\/13330"}],"wp:attachment":[{"href":"https:\/\/www.augmentir.com\/fr\/wp-json\/wp\/v2\/media?parent=13333"}],"curies":[{"name":"wp","href":"https:\/\/api.w.org\/{rel}","templated":true}]}}