{"id":13194,"date":"2022-11-18T02:21:20","date_gmt":"2022-11-18T02:21:20","guid":{"rendered":"https:\/\/www.augmentir.com\/?page_id=13194"},"modified":"2025-06-19T22:06:26","modified_gmt":"2025-06-19T22:06:26","slug":"what-are-digital-sops","status":"publish","type":"page","link":"https:\/\/www.augmentir.com\/fr\/glossary\/what-are-digital-sops","title":{"rendered":"Que sont les SOP num\u00e9riques\u00a0?"},"content":{"rendered":"<div id='av_section_1'  class='avia-section main_color avia-section-small avia-no-border-styling avia-bg-style-scroll  avia-builder-el-0  el_before_av_section  avia-builder-el-first  glossary-container  container_wrap sidebar_right' style=' margin-top:10px; margin-bottom:0px; '  ><div class='container' ><main  role=\"main\" itemprop=\"mainContentOfPage\"  class='template-page content  av-content-small alpha units'><div class='post-entry post-entry-type-page post-entry-13194'><div class='entry-content-wrapper clearfix'>\n<div class=\"flex_column av_one_full  flex_column_div av-zero-column-padding first  avia-builder-el-1  avia-builder-el-no-sibling\" style='border-radius:0px; '><p><div  style='padding-bottom:10px; margin-top:16px; font-size:44px;' class='av-special-heading av-special-heading-h1  blockquote modern-quote  avia-builder-el-2  el_before_av_textblock  avia-builder-el-first  av-inherit-size'><h1 class='av-special-heading-tag'  itemprop=\"headline\"  >Que sont les proc\u00e9dures op\u00e9rationnelles standard num\u00e9riques\u00a0?<\/h1><div class='special-heading-border'><div class='special-heading-inner-border' ><\/div><\/div><\/div><br \/>\n<section class=\"av_textblock_section\"  itemscope=\"itemscope\" itemtype=\"https:\/\/schema.org\/CreativeWork\" ><div class='avia_textblock'   itemprop=\"text\" ><p>Les proc\u00e9dures d&#039;exploitation standard (SOP) sont des instructions \u00e9tape par \u00e9tape sur la fa\u00e7on d&#039;effectuer les t\u00e2ches de production de routine. La num\u00e9risation de vos processus d&#039;exploitation papier peut grandement am\u00e9liorer l&#039;efficacit\u00e9 du flux de travail, accro\u00eetre la conformit\u00e9 r\u00e9glementaire et r\u00e9duire les erreurs dans l&#039;atelier.<\/p>\n<p>Les responsables op\u00e9rationnels attribuent des SOP aux travailleurs pour s&#039;assurer que les t\u00e2ches sont effectu\u00e9es de mani\u00e8re unifi\u00e9e, \u00e0 l&#039;\u00e9chelle de l&#039;usine. Cependant, de nombreuses entreprises utilisent encore des instructions sur papier, ce qui peut limiter consid\u00e9rablement leur efficacit\u00e9.<\/p>\n<p>En effet, les documents manuels deviennent obsol\u00e8tes et sont souvent m\u00e9lang\u00e9s ou perdus. Au fil du temps, l&#039;utilisation de processus papier peut nuire \u00e0 la productivit\u00e9 des travailleurs d&#039;une mani\u00e8re que vous ne r\u00e9alisez m\u00eame pas.<\/p>\n<p>La mise en \u0153uvre d&#039;un logiciel SOP num\u00e9rique \u00e0 la place peut rationaliser vos processus de travail. Poursuivez votre lecture pour en savoir plus sur le fonctionnement interne des SOP \u00e9lectroniques et sur la mani\u00e8re dont elles peuvent am\u00e9liorer la qualit\u00e9 de la production\u00a0:<\/p>\n<ul>\n<li><a href=\"#purpose-of-electronic-sops\">Objectif des SOP \u00e9lectroniques<\/a><\/li>\n<li><a href=\"#features-of-digital-sop-software\">Fonctionnalit\u00e9s du logiciel SOP num\u00e9rique<\/a><\/li>\n<li><a href=\"#how-digital-sops-can-improve-production-quality\">Comment les SOP num\u00e9riques peuvent am\u00e9liorer la qualit\u00e9 de la production<\/a><\/li>\n<\/ul>\n<\/div><\/section><\/p><\/div>\n\n<\/div><\/div><\/main><!-- close content main element --><\/div><\/div><div id='purpose-of-electronic-sops'  class='avia-section main_color avia-section-no-padding avia-no-border-styling avia-bg-style-scroll  avia-builder-el-4  el_after_av_section  el_before_av_section  glossary-container  container_wrap sidebar_right' style=' '  ><div class='container' ><div class='template-page content  av-content-small alpha units'><div class='post-entry post-entry-type-page post-entry-13194'><div class='entry-content-wrapper clearfix'>\n<div class=\"flex_column av_one_full  flex_column_div av-zero-column-padding first  avia-builder-el-5  avia-builder-el-no-sibling\" style='border-radius:0px; '><p><div  style='padding-bottom:10px; font-size:32px;' class='av-special-heading av-special-heading-h2  blockquote modern-quote  avia-builder-el-6  el_before_av_textblock  avia-builder-el-first  av-inherit-size'><h2 class='av-special-heading-tag'  itemprop=\"headline\"  >Objectif des SOP \u00e9lectroniques<\/h2><div class='special-heading-border'><div class='special-heading-inner-border' ><\/div><\/div><\/div><br \/>\n<section class=\"av_textblock_section\"  itemscope=\"itemscope\" itemtype=\"https:\/\/schema.org\/CreativeWork\" ><div class='avia_textblock'   itemprop=\"text\" ><p>Les SOP num\u00e9riques peuvent transformer des documents pratiques difficiles \u00e0 lire en flux de travail interactifs bien con\u00e7us.<\/p>\n<p>Les SOP doivent \u00eatre claires et concises pour \u00e9viter toute confusion. Mais les versions num\u00e9riques peuvent inclure des \u00e9l\u00e9ments multim\u00e9dias pour guider les travailleurs \u00e0 travers des proc\u00e9dures complexes. Par exemple, les photos, les vid\u00e9os et les graphiques sont le compl\u00e9ment parfait aux processus qui ont besoin de visuels pour mieux communiquer les t\u00e2ches.<\/p>\n<p>De plus, lorsque les proc\u00e9dures op\u00e9rationnelles standard sont num\u00e9ris\u00e9es \u00e0 l&#039;aide d&#039;une plate-forme de travail connect\u00e9e, un syst\u00e8me de gestion bas\u00e9 sur le cloud permet \u00e0 la direction de cr\u00e9er, d&#039;attribuer, de g\u00e9rer et de surveiller le travail en cours. Cette solution logicielle SOP peut \u00e9liminer le besoin de rapports sur papier et aider \u00e0 garder une trace de <a href=\"https:\/\/www.augmentir.com\/use-cases\/quality\">qualit\u00e9 de fabrication<\/a> en temps r\u00e9el.<\/p>\n<\/div><\/section><br \/>\n<div  class='avia-image-container  av-styling-    avia-builder-el-8  el_after_av_textblock  avia-builder-el-last  avia-align-center'  itemprop=\"image\" itemscope=\"itemscope\" itemtype=\"https:\/\/schema.org\/ImageObject\"  ><div class='avia-image-container-inner'><div class='avia-image-overlay-wrap'><img class='avia_image' src='https:\/\/www.augmentir.com\/wp-content\/uploads\/2025\/06\/digital-sop-in-manufacturing.webp' alt='SOP num\u00e9rique dans la fabrication' title='' height=\"1093\" width=\"1600\"  itemprop=\"thumbnailUrl\"  \/><\/div><\/div><\/div><\/p><\/div>\n\n<\/div><\/div><\/div><!-- close content main div --><\/div><\/div><div id='features-of-digital-sop-software'  class='avia-section main_color avia-section-no-padding avia-no-border-styling avia-bg-style-scroll  avia-builder-el-9  el_after_av_section  el_before_av_section  glossary-container  container_wrap sidebar_right' style=' '  ><div class='container' ><div class='template-page content  av-content-small alpha units'><div class='post-entry post-entry-type-page post-entry-13194'><div class='entry-content-wrapper clearfix'>\n<div class=\"flex_column av_one_full  flex_column_div av-zero-column-padding first  avia-builder-el-10  avia-builder-el-no-sibling\" style='border-radius:0px; '><p><div  style='padding-bottom:10px; font-size:32px;' class='av-special-heading av-special-heading-h2  blockquote modern-quote  avia-builder-el-11  el_before_av_textblock  avia-builder-el-first  av-inherit-size'><h2 class='av-special-heading-tag'  itemprop=\"headline\"  >Fonctionnalit\u00e9s du logiciel SOP num\u00e9rique<\/h2><div class='special-heading-border'><div class='special-heading-inner-border' ><\/div><\/div><\/div><br \/>\n<section class=\"av_textblock_section\"  itemscope=\"itemscope\" itemtype=\"https:\/\/schema.org\/CreativeWork\" ><div class='avia_textblock'   itemprop=\"text\" ><p>Il existe un certain nombre de solutions logicielles SOP qui peuvent fournir \u00e0 la direction les outils n\u00e9cessaires pour documenter, enregistrer et transformer les proc\u00e9dures en actions de travail compr\u00e9hensibles. Un logiciel efficace doit fournir aux travailleurs le soutien dont ils ont besoin pour am\u00e9liorer leurs performances professionnelles.<\/p>\n<p>Nous avons dress\u00e9 une liste de fonctionnalit\u00e9s que le logiciel SOP de base devrait avoir ou ex\u00e9cuter\u00a0:<\/p>\n<p><strong>Hub centralis\u00e9 pour les SOP<\/strong>: Un syst\u00e8me unifi\u00e9 devrait avoir une sorte de hub auquel les travailleurs peuvent acc\u00e9der pour rechercher et trouver des documents mis \u00e0 jour en un seul endroit. Cela garantit que les employ\u00e9s peuvent trouver tout ce dont ils ont besoin quand ils en ont besoin.<\/p>\n<p><strong>Workflows d&#039;approbation SOP<\/strong>: Les SOP doivent passer par un processus d&#039;assurance qualit\u00e9 pour s&#039;assurer que les produits r\u00e9pondent aux exigences avant la distribution au client. Le bon programme doit saisir qui approuve quoi afin qu&#039;il y ait une piste d&#039;audit claire des proc\u00e9dures qui ont \u00e9t\u00e9 approuv\u00e9es et quand. Cela permet d&#039;\u00e9liminer toute confusion entourant les proc\u00e9dures et constitue une m\u00e9thode de tenue de dossiers fiable \u00e0 laquelle se r\u00e9f\u00e9rer en cas de roulement du personnel.<\/p>\n<p><strong>Capacit\u00e9s de partage et d&#039;autorisation<\/strong>: Quel que soit le logiciel SOP num\u00e9rique que vous choisissez, il doit disposer de privil\u00e8ges de partage et d&#039;autorisation tout en prot\u00e9geant les documents confidentiels contre tout acc\u00e8s non autoris\u00e9. Le fait d&#039;avoir des proc\u00e9dures facilement accessibles garantit une collaboration de qualit\u00e9 entre tous les travailleurs impliqu\u00e9s dans un projet.<\/p>\n<p><strong>Mod\u00e8les de POS<\/strong>: Le logiciel doit \u00eatre livr\u00e9 avec des mod\u00e8les standard \u00e0 utiliser. Celles-ci vous feront gagner du temps lors de la cr\u00e9ation de documents et vous donneront une meilleure id\u00e9e de ce \u00e0 quoi ressemblent les SOP.<\/p>\n<p><strong>Capacit\u00e9 \u00e0 standardiser les proc\u00e9dures internes<\/strong>: Un syst\u00e8me d&#039;exploitation doit \u00eatre capable d&#039;organiser et de standardiser efficacement les proc\u00e9dures \u00e0 chaque \u00e9tape du processus de cr\u00e9ation de documents, y compris la mise \u00e0 jour et l&#039;audit. Cela peut consid\u00e9rablement am\u00e9liorer la fa\u00e7on dont les usines de fabrication cr\u00e9ent des SOP et conduire \u00e0 une meilleure documentation \u00e0 long terme.<\/p>\n<p><strong>Module de formation et de certification des employ\u00e9s<\/strong>: Un programme logiciel efficace devrait inclure un module qui indique aux travailleurs quels cours de formation doivent \u00eatre suivis pour montrer qu&#039;ils comprennent le mat\u00e9riel de la POS. Le suivi de ces informations aide \u00e9galement la direction \u00e0 mieux comprendre qui ne suit pas les directives de conformit\u00e9 SOP et comment combler les lacunes dans les connaissances.<\/p>\n<\/div><\/section><\/p><\/div>\n\n<\/div><\/div><\/div><!-- close content main div --><\/div><\/div><div id='how-digital-sops-can-improve-production-quality'  class='avia-section main_color avia-section-no-padding avia-no-border-styling avia-bg-style-scroll  avia-builder-el-13  el_after_av_section  el_before_av_section  glossary-container  container_wrap sidebar_right' style=' '  ><div class='container' ><div class='template-page content  av-content-small alpha units'><div class='post-entry post-entry-type-page post-entry-13194'><div class='entry-content-wrapper clearfix'>\n<div class=\"flex_column av_one_full  flex_column_div av-zero-column-padding first  avia-builder-el-14  avia-builder-el-no-sibling\" style='border-radius:0px; '><p><div  style='padding-bottom:10px; font-size:32px;' class='av-special-heading av-special-heading-h2  blockquote modern-quote  avia-builder-el-15  el_before_av_textblock  avia-builder-el-first  av-inherit-size'><h2 class='av-special-heading-tag'  itemprop=\"headline\"  >Comment les SOP num\u00e9riques peuvent am\u00e9liorer la qualit\u00e9 de la production<\/h2><div class='special-heading-border'><div class='special-heading-inner-border' ><\/div><\/div><\/div><br \/>\n<section class=\"av_textblock_section\"  itemscope=\"itemscope\" itemtype=\"https:\/\/schema.org\/CreativeWork\" ><div class='avia_textblock'   itemprop=\"text\" ><p>Les SOP papier ne sont ni pratiques ni \u00e9conomiques pour votre entreprise - et il n&#039;est pas rare que la direction retarde leur mise \u00e0 jour en raison du temps qu&#039;il faut pour les modifier, les imprimer et les distribuer aux membres de l&#039;\u00e9quipe. En fin de compte, les proc\u00e9dures papier deviennent des manuels volumineux qui sont oubli\u00e9s ou n\u00e9glig\u00e9s par les travailleurs occup\u00e9s, ce qui peut avoir des effets d\u00e9vastateurs sur la qualit\u00e9 de la production.<\/p>\n<p>Consid\u00e9rez les SOP num\u00e9riques comme votre guide qui peut vous faire gagner du temps lors de l&#039;ach\u00e8vement du processus, am\u00e9liorer la qualit\u00e9 des produits et garantir la conformit\u00e9.<\/p>\n<p>Les logiciels bas\u00e9s sur le cloud sont accessibles de n&#039;importe o\u00f9, n&#039;importe quand. Cette visibilit\u00e9 instantan\u00e9e \u00e9vite aux travailleurs de passer du temps \u00e0 rechercher des proc\u00e9dures ou \u00e0 attendre des mises \u00e0 jour papier pour terminer des projets. Avoir un endroit responsable pour rechercher et trouver des documents peut augmenter les niveaux de productivit\u00e9 des travailleurs et garantir que la qualit\u00e9 de la production est conforme aux normes de conformit\u00e9.<\/p>\n<p>M\u00eame de petites infractions peuvent entra\u00eener des sanctions s\u00e9v\u00e8res en cas de non-conformit\u00e9. Les SOP num\u00e9riques facilitent le suivi des t\u00e2ches termin\u00e9es et fournissent la preuve que les travailleurs suivent les protocoles.<\/p>\n<p>Avanc\u00e9 d&#039;Augmentir <a href=\"\/product\">solution de travail connect\u00e9<\/a> peut aider votre entreprise \u00e0 passer au reporting num\u00e9rique des SOP. Notre suite d&#039;outils logiciels facilite la conversion de vos SOP papier en SOP num\u00e9riques et am\u00e9liore la qualit\u00e9 de la production.<\/p>\n<\/div><\/section><\/p><\/div>\n\n<\/div><\/div><\/div><!-- close content main div --><\/div><\/div><div id='av_section_5'  class='avia-section main_color avia-section-no-padding avia-no-border-styling avia-bg-style-scroll  avia-builder-el-17  el_after_av_section  el_before_av_section  glossary-container  container_wrap sidebar_right' style=' margin-top:0px; margin-bottom:50px; '  ><div class='container' ><div class='template-page content  av-content-small alpha units'><div class='post-entry post-entry-type-page post-entry-13194'><div class='entry-content-wrapper clearfix'>\n<section class=\"av_textblock_section\"  itemscope=\"itemscope\" itemtype=\"https:\/\/schema.org\/CreativeWork\" ><div class='avia_textblock'   itemprop=\"text\" ><p><strong>Laissez-nous vous aider \u00e0 rationaliser vos op\u00e9rations de premi\u00e8re ligne pour am\u00e9liorer la qualit\u00e9 de la production gr\u00e2ce \u00e0 des proc\u00e9dures de travail num\u00e9ris\u00e9es. Contactez-nous pour un <a href=\"https:\/\/www.augmentir.com\/request-a-demo\">demo gratuite<\/a>.<\/strong><\/p>\n<\/div><\/section>\n\n<\/div><\/div><\/div><!-- close content main div --><\/div><\/div><div id='faq'  class='avia-section main_color avia-section-default avia-no-border-styling avia-bg-style-scroll  avia-builder-el-19  el_after_av_section  avia-builder-el-last  glossary-container  container_wrap sidebar_right' style='background-color: #eff2f4;  margin-top:0px; margin-bottom:0px; '  ><div class='container' ><div class='template-page content  av-content-small alpha units'><div class='post-entry post-entry-type-page post-entry-13194'><div class='entry-content-wrapper clearfix'>\n<div class=\"flex_column av_one_full  flex_column_div av-zero-column-padding first  avia-builder-el-20  avia-builder-el-no-sibling\" style='border-radius:0px; '><p><div  style='padding-bottom:36px; font-size:32px;' class='av-special-heading av-special-heading-h2  blockquote modern-quote  avia-builder-el-21  el_before_av_textblock  avia-builder-el-first  av-inherit-size'><h2 class='av-special-heading-tag'  itemprop=\"headline\"  >Foire aux questions (FAQ)<\/h2><div class='special-heading-border'><div class='special-heading-inner-border' ><\/div><\/div><\/div><br \/>\n<section class=\"av_textblock_section\"  itemscope=\"itemscope\" itemtype=\"https:\/\/schema.org\/CreativeWork\" ><div class='avia_textblock'   itemprop=\"text\" ><\/div><\/section><br \/>\n<\/p><\/div><\/div><\/div><\/div><!-- close content main div --><\/div><\/div><div id='after_section_6'  class='main_color av_default_container_wrap container_wrap sidebar_right' style=' '  ><div class='container' ><div class='template-page content  av-content-small alpha units'><div class='post-entry post-entry-type-page post-entry-13194'><div class='entry-content-wrapper clearfix'>","protected":false},"excerpt":{"rendered":"","protected":false},"author":1,"featured_media":0,"parent":11161,"menu_order":0,"comment_status":"closed","ping_status":"closed","template":"","meta":{"inline_featured_image":false,"_lmt_disableupdate":"no","_lmt_disable":"","footnotes":""},"class_list":["post-13194","page","type-page","status-publish","hentry"],"yoast_head":"<!-- This site is optimized with the Yoast SEO plugin v27.2 - https:\/\/yoast.com\/product\/yoast-seo-wordpress\/ -->\n<title>What are Digital SOPs? - Augmentir<\/title>\n<meta name=\"description\" content=\"Learn what digital standard operating procedures (SOPs) are and how they can be used to improve production quality in manufacturing.\" \/>\n<meta name=\"robots\" content=\"index, follow, max-snippet:-1, max-image-preview:large, max-video-preview:-1\" \/>\n<link rel=\"canonical\" href=\"https:\/\/www.augmentir.com\/fr\/glossary\/what-are-digital-sops\" \/>\n<meta property=\"og:locale\" content=\"fr_FR\" \/>\n<meta property=\"og:type\" content=\"article\" \/>\n<meta property=\"og:title\" content=\"What are Digital SOPs? - Augmentir\" \/>\n<meta property=\"og:description\" content=\"Learn what digital standard operating procedures (SOPs) are and how they can be used to improve production quality in manufacturing.\" \/>\n<meta property=\"og:url\" content=\"https:\/\/www.augmentir.com\/fr\/glossary\/what-are-digital-sops\" \/>\n<meta property=\"og:site_name\" content=\"Augmentir\" \/>\n<meta property=\"article:modified_time\" content=\"2025-06-19T22:06:26+00:00\" \/>\n<meta name=\"twitter:card\" content=\"summary_large_image\" \/>\n<meta name=\"twitter:site\" content=\"@augmentir\" \/>\n<script type=\"application\/ld+json\" class=\"yoast-schema-graph\">{\"@context\":\"https:\/\/schema.org\",\"@graph\":[{\"@type\":\"WebPage\",\"@id\":\"https:\/\/www.augmentir.com\/glossary\/what-are-digital-sops\",\"url\":\"https:\/\/www.augmentir.com\/glossary\/what-are-digital-sops\",\"name\":\"What are Digital SOPs? - Augmentir\",\"isPartOf\":{\"@id\":\"https:\/\/www.augmentir.com\/#website\"},\"datePublished\":\"2022-11-18T02:21:20+00:00\",\"dateModified\":\"2025-06-19T22:06:26+00:00\",\"description\":\"Learn what digital standard operating procedures (SOPs) are and how they can be used to improve production quality in manufacturing.\",\"breadcrumb\":{\"@id\":\"https:\/\/www.augmentir.com\/glossary\/what-are-digital-sops#breadcrumb\"},\"inLanguage\":\"fr-FR\",\"potentialAction\":[{\"@type\":\"ReadAction\",\"target\":[\"https:\/\/www.augmentir.com\/glossary\/what-are-digital-sops\"]}]},{\"@type\":\"BreadcrumbList\",\"@id\":\"https:\/\/www.augmentir.com\/glossary\/what-are-digital-sops#breadcrumb\",\"itemListElement\":[{\"@type\":\"ListItem\",\"position\":1,\"name\":\"Home\",\"item\":\"https:\/\/www.augmentir.com\/\"},{\"@type\":\"ListItem\",\"position\":2,\"name\":\"Topics\",\"item\":\"https:\/\/www.augmentir.com\/glossary\"},{\"@type\":\"ListItem\",\"position\":3,\"name\":\"What are Digital SOPs?\"}]},{\"@type\":\"WebSite\",\"@id\":\"https:\/\/www.augmentir.com\/#website\",\"url\":\"https:\/\/www.augmentir.com\/\",\"name\":\"Augmentir\",\"description\":\"AI-Powered Connected Worker Platform\",\"publisher\":{\"@id\":\"https:\/\/www.augmentir.com\/#organization\"},\"potentialAction\":[{\"@type\":\"SearchAction\",\"target\":{\"@type\":\"EntryPoint\",\"urlTemplate\":\"https:\/\/www.augmentir.com\/?s={search_term_string}\"},\"query-input\":{\"@type\":\"PropertyValueSpecification\",\"valueRequired\":true,\"valueName\":\"search_term_string\"}}],\"inLanguage\":\"fr-FR\"},{\"@type\":\"Organization\",\"@id\":\"https:\/\/www.augmentir.com\/#organization\",\"name\":\"Augmentir, Inc.\",\"url\":\"https:\/\/www.augmentir.com\/\",\"logo\":{\"@type\":\"ImageObject\",\"inLanguage\":\"fr-FR\",\"@id\":\"https:\/\/www.augmentir.com\/#\/schema\/logo\/image\/\",\"url\":\"https:\/\/www.augmentir.com\/wp-content\/uploads\/2021\/10\/Augmentir_Logo.svg\",\"contentUrl\":\"https:\/\/www.augmentir.com\/wp-content\/uploads\/2021\/10\/Augmentir_Logo.svg\",\"width\":\"1200\",\"height\":\"1200\",\"caption\":\"Augmentir, Inc.\"},\"image\":{\"@id\":\"https:\/\/www.augmentir.com\/#\/schema\/logo\/image\/\"},\"sameAs\":[\"https:\/\/x.com\/augmentir\",\"https:\/\/www.linkedin.com\/company\/augmentir\"]}]}<\/script>\n<!-- \/ Yoast SEO plugin. -->","yoast_head_json":{"title":"What are Digital SOPs? - Augmentir","description":"Learn what digital standard operating procedures (SOPs) are and how they can be used to improve production quality in manufacturing.","robots":{"index":"index","follow":"follow","max-snippet":"max-snippet:-1","max-image-preview":"max-image-preview:large","max-video-preview":"max-video-preview:-1"},"canonical":"https:\/\/www.augmentir.com\/fr\/glossary\/what-are-digital-sops","og_locale":"fr_FR","og_type":"article","og_title":"What are Digital SOPs? - Augmentir","og_description":"Learn what digital standard operating procedures (SOPs) are and how they can be used to improve production quality in manufacturing.","og_url":"https:\/\/www.augmentir.com\/fr\/glossary\/what-are-digital-sops","og_site_name":"Augmentir","article_modified_time":"2025-06-19T22:06:26+00:00","twitter_card":"summary_large_image","twitter_site":"@augmentir","schema":{"@context":"https:\/\/schema.org","@graph":[{"@type":"WebPage","@id":"https:\/\/www.augmentir.com\/glossary\/what-are-digital-sops","url":"https:\/\/www.augmentir.com\/glossary\/what-are-digital-sops","name":"What are Digital SOPs? - Augmentir","isPartOf":{"@id":"https:\/\/www.augmentir.com\/#website"},"datePublished":"2022-11-18T02:21:20+00:00","dateModified":"2025-06-19T22:06:26+00:00","description":"Learn what digital standard operating procedures (SOPs) are and how they can be used to improve production quality in manufacturing.","breadcrumb":{"@id":"https:\/\/www.augmentir.com\/glossary\/what-are-digital-sops#breadcrumb"},"inLanguage":"fr-FR","potentialAction":[{"@type":"ReadAction","target":["https:\/\/www.augmentir.com\/glossary\/what-are-digital-sops"]}]},{"@type":"BreadcrumbList","@id":"https:\/\/www.augmentir.com\/glossary\/what-are-digital-sops#breadcrumb","itemListElement":[{"@type":"ListItem","position":1,"name":"Home","item":"https:\/\/www.augmentir.com\/"},{"@type":"ListItem","position":2,"name":"Topics","item":"https:\/\/www.augmentir.com\/glossary"},{"@type":"ListItem","position":3,"name":"What are Digital SOPs?"}]},{"@type":"WebSite","@id":"https:\/\/www.augmentir.com\/#website","url":"https:\/\/www.augmentir.com\/","name":"Augmentir","description":"AI-Powered Connected Worker Platform","publisher":{"@id":"https:\/\/www.augmentir.com\/#organization"},"potentialAction":[{"@type":"SearchAction","target":{"@type":"EntryPoint","urlTemplate":"https:\/\/www.augmentir.com\/?s={search_term_string}"},"query-input":{"@type":"PropertyValueSpecification","valueRequired":true,"valueName":"search_term_string"}}],"inLanguage":"fr-FR"},{"@type":"Organization","@id":"https:\/\/www.augmentir.com\/#organization","name":"Augmentir, Inc.","url":"https:\/\/www.augmentir.com\/","logo":{"@type":"ImageObject","inLanguage":"fr-FR","@id":"https:\/\/www.augmentir.com\/#\/schema\/logo\/image\/","url":"https:\/\/www.augmentir.com\/wp-content\/uploads\/2021\/10\/Augmentir_Logo.svg","contentUrl":"https:\/\/www.augmentir.com\/wp-content\/uploads\/2021\/10\/Augmentir_Logo.svg","width":"1200","height":"1200","caption":"Augmentir, Inc."},"image":{"@id":"https:\/\/www.augmentir.com\/#\/schema\/logo\/image\/"},"sameAs":["https:\/\/x.com\/augmentir","https:\/\/www.linkedin.com\/company\/augmentir"]}]}},"_links":{"self":[{"href":"https:\/\/www.augmentir.com\/fr\/wp-json\/wp\/v2\/pages\/13194","targetHints":{"allow":["GET"]}}],"collection":[{"href":"https:\/\/www.augmentir.com\/fr\/wp-json\/wp\/v2\/pages"}],"about":[{"href":"https:\/\/www.augmentir.com\/fr\/wp-json\/wp\/v2\/types\/page"}],"author":[{"embeddable":true,"href":"https:\/\/www.augmentir.com\/fr\/wp-json\/wp\/v2\/users\/1"}],"replies":[{"embeddable":true,"href":"https:\/\/www.augmentir.com\/fr\/wp-json\/wp\/v2\/comments?post=13194"}],"version-history":[{"count":0,"href":"https:\/\/www.augmentir.com\/fr\/wp-json\/wp\/v2\/pages\/13194\/revisions"}],"up":[{"embeddable":true,"href":"https:\/\/www.augmentir.com\/fr\/wp-json\/wp\/v2\/pages\/11161"}],"wp:attachment":[{"href":"https:\/\/www.augmentir.com\/fr\/wp-json\/wp\/v2\/media?parent=13194"}],"curies":[{"name":"wp","href":"https:\/\/api.w.org\/{rel}","templated":true}]}}