{"id":13152,"date":"2022-09-29T14:21:12","date_gmt":"2022-09-29T14:21:12","guid":{"rendered":"https:\/\/www.augmentir.com\/?page_id=13152"},"modified":"2024-12-20T18:00:58","modified_gmt":"2024-12-20T18:00:58","slug":"operator-rounds","status":"publish","type":"page","link":"https:\/\/www.augmentir.com\/fr\/glossary\/operator-rounds","title":{"rendered":"Rondes d&#039;op\u00e9rateurs - Num\u00e9risez la maintenance de l&#039;usine avec des rondes d&#039;op\u00e9rateurs mobiles"},"content":{"rendered":"<div id='av_section_1'  class='avia-section main_color avia-section-small avia-no-border-styling avia-bg-style-scroll  avia-builder-el-0  el_before_av_section  avia-builder-el-first  glossary-container  container_wrap sidebar_right' style=' margin-top:10px; margin-bottom:0px; '  ><div class='container' ><main  role=\"main\" itemprop=\"mainContentOfPage\"  class='template-page content  av-content-small alpha units'><div class='post-entry post-entry-type-page post-entry-13152'><div class='entry-content-wrapper clearfix'>\n<div class=\"flex_column av_one_full  flex_column_div av-zero-column-padding first  avia-builder-el-1  avia-builder-el-no-sibling\" style='border-radius:0px; '><p><div  style='padding-bottom:10px; margin-top:16px; font-size:44px;' class='av-special-heading av-special-heading-h1  blockquote modern-quote  avia-builder-el-2  el_before_av_textblock  avia-builder-el-first  av-inherit-size'><h1 class='av-special-heading-tag'  itemprop=\"headline\"  >Rondes d&#039;op\u00e9rateurs dans les op\u00e9rations de maintenance<\/h1><div class='special-heading-border'><div class='special-heading-inner-border' ><\/div><\/div><\/div><br \/>\n<section class=\"av_textblock_section\"  itemscope=\"itemscope\" itemtype=\"https:\/\/schema.org\/CreativeWork\" ><div class='avia_textblock'   itemprop=\"text\" ><p>L&#039;inspection r\u00e9guli\u00e8re des zones de travail et de l&#039;\u00e9quipement est essentielle pour maintenir une op\u00e9ration de fabrication s\u00fbre et efficace. Les rondes d&#039;op\u00e9rateurs offrent la solution parfaite pour un entretien efficace.<\/p>\n<p>Pendant les tourn\u00e9es, les travailleurs inspectent et surveillent l&#039;\u00e9tat et les performances des actifs et des machines. Les d\u00e9tails de chaque contr\u00f4le sont enregistr\u00e9s sur un journal de bord.<\/p>\n<p>Malheureusement, ces journaux de quart ne sont pas toujours mis \u00e0 jour. Ne pas informer les \u00e9quipes de toute d\u00e9faillance de la machine peut entra\u00eener des pannes d&#039;\u00e9quipement au fil du temps, voire perturber les processus de production.<\/p>\n<p>C&#039;est l\u00e0 que la num\u00e9risation des tourn\u00e9es de vos op\u00e9rateurs entre en jeu. Les instructions de travail num\u00e9riques fournissent aux op\u00e9rateurs les informations dont ils ont besoin pour effectuer avec succ\u00e8s les inspections de routine.<\/p>\n<p>Pour en savoir plus sur les tourn\u00e9es des op\u00e9rateurs et sur la fa\u00e7on de les num\u00e9riser, lisez la suite pendant que nous r\u00e9pondons aux questions suivantes\u00a0:<\/p>\n<ul>\n<li><a href=\"#what-are-operator-rounds\">Qu&#039;est-ce qu&#039;un tour d&#039;op\u00e9rateur\u00a0?<\/a><\/li>\n<li><a href=\"#what-are-mobile-operator-rounds\">Que sont les tourn\u00e9es des op\u00e9rateurs mobiles\u00a0?<\/a><\/li>\n<li><a href=\"#how-will-mobile-operator-rounds-transform-maintenance-operations\">Comment les tourn\u00e9es des op\u00e9rateurs mobiles vont-elles transformer les processus de production\u00a0?<\/a><\/li>\n<li><a href=\"#how-can-you-digitize-operator-rounds\">Comment num\u00e9riser les tourn\u00e9es des op\u00e9rateurs ?<\/a><\/li>\n<\/ul>\n<\/div><\/section><\/p><\/div>\n\n<\/div><\/div><\/main><!-- close content main element --><\/div><\/div><div id='what-are-operator-rounds'  class='avia-section main_color avia-section-no-padding avia-no-border-styling avia-bg-style-scroll  avia-builder-el-4  el_after_av_section  el_before_av_section  glossary-container  container_wrap sidebar_right' style=' '  ><div class='container' ><div class='template-page content  av-content-small alpha units'><div class='post-entry post-entry-type-page post-entry-13152'><div class='entry-content-wrapper clearfix'>\n<div class=\"flex_column av_one_full  flex_column_div av-zero-column-padding first  avia-builder-el-5  avia-builder-el-no-sibling\" style='border-radius:0px; '><p><div  style='padding-bottom:10px; font-size:32px;' class='av-special-heading av-special-heading-h2  blockquote modern-quote  avia-builder-el-6  el_before_av_textblock  avia-builder-el-first  av-inherit-size'><h2 class='av-special-heading-tag'  itemprop=\"headline\"  >Qu&#039;est-ce qu&#039;un tour d&#039;op\u00e9rateur\u00a0?<\/h2><div class='special-heading-border'><div class='special-heading-inner-border' ><\/div><\/div><\/div><br \/>\n<section class=\"av_textblock_section\"  itemscope=\"itemscope\" itemtype=\"https:\/\/schema.org\/CreativeWork\" ><div class='avia_textblock'   itemprop=\"text\" ><p>Les tourn\u00e9es des op\u00e9rateurs sont essentiellement des v\u00e9rifications de routine de l&#039;usine pour rechercher des \u00e9quipements d\u00e9fectueux, des probl\u00e8mes techniques et d&#039;autres pannes. Mais plut\u00f4t qu&#039;un technicien effectuant ces tourn\u00e9es, les ouvriers d\u00e9di\u00e9s \u00e0 un \u00e9quipement particulier peuvent le v\u00e9rifier plus efficacement.<\/p>\n<p>Les op\u00e9rateurs sont la premi\u00e8re ligne de d\u00e9fense pour la protection des \u00e9quipements. Ils sont charg\u00e9s d&#039;inspecter les actifs, d&#039;observer le fonctionnement des machines et de d\u00e9panner les d\u00e9fauts.<\/p>\n<p>En un mot, des inspections de maintenance fr\u00e9quentes peuvent am\u00e9liorer les performances de la machine et augmenter vos r\u00e9sultats.<\/p>\n<p>Mais les tourn\u00e9es des op\u00e9rateurs ne sont qu&#039;un aspect de la cr\u00e9ation d&#039;une op\u00e9ration de fabrication efficace. La num\u00e9risation est la prochaine \u00e9tape, ce qui peut aider \u00e0 garantir l&#039;exactitude et \u00e0 construire une int\u00e9gration transparente entre la direction et les travailleurs.<\/p>\n<p>En effet, cr\u00e9er un syst\u00e8me unifi\u00e9 pour enregistrer les tourn\u00e9es des op\u00e9rateurs peut \u00eatre difficile si vous utilisez encore un crayon et du papier. Votre entreprise peut \u00eatre expos\u00e9e \u00e0 des contr\u00f4les de maintenance manqu\u00e9s et \u00e0 des erreurs humaines si vous utilisez des m\u00e9thodes d&#039;enregistrement traditionnelles.<\/p>\n<\/div><\/section><\/p><\/div>\n\n<\/div><\/div><\/div><!-- close content main div --><\/div><\/div><div id='what-are-mobile-operator-rounds'  class='avia-section main_color avia-section-no-padding avia-no-border-styling avia-bg-style-scroll  avia-builder-el-8  el_after_av_section  el_before_av_section  glossary-container  container_wrap sidebar_right' style=' '  ><div class='container' ><div class='template-page content  av-content-small alpha units'><div class='post-entry post-entry-type-page post-entry-13152'><div class='entry-content-wrapper clearfix'>\n<div class=\"flex_column av_one_full  flex_column_div av-zero-column-padding first  avia-builder-el-9  avia-builder-el-no-sibling\" style='border-radius:0px; '><p><div  style='padding-bottom:10px; font-size:32px;' class='av-special-heading av-special-heading-h2  blockquote modern-quote  avia-builder-el-10  el_before_av_textblock  avia-builder-el-first  av-inherit-size'><h2 class='av-special-heading-tag'  itemprop=\"headline\"  >Que sont les tourn\u00e9es des op\u00e9rateurs mobiles\u00a0?<\/h2><div class='special-heading-border'><div class='special-heading-inner-border' ><\/div><\/div><\/div><br \/>\n<section class=\"av_textblock_section\"  itemscope=\"itemscope\" itemtype=\"https:\/\/schema.org\/CreativeWork\" ><div class='avia_textblock'   itemprop=\"text\" ><p>Dites adieu aux presse-papiers et aux listes de contr\u00f4le papier avec les rondes d&#039;exploitation mobiles. Elles sont identiques aux inspections r\u00e9guli\u00e8res, avec un seul \u00e9l\u00e9ment suppl\u00e9mentaire\u00a0: la technologie.<\/p>\n<p>Au lieu de se fier au papier pour noter les d\u00e9tails de chaque inspection, les travailleurs pourront capturer leurs notes via une application fonctionnant sur un appareil mobile, tel qu&#039;un t\u00e9l\u00e9phone ou une tablette. Cette application, qui fait partie d&#039;un ensemble complet <a href=\"https:\/\/www.augmentir.com\/glossary\/what-is-a-connected-worker-platform\">plateforme de travail connect\u00e9<\/a>, est un guichet unique pour la conduite de toutes vos op\u00e9rations de maintenance.<\/p>\n<\/div><\/section><br \/>\n<div  class='avia-image-container  av-styling-    avia-builder-el-12  el_after_av_textblock  el_before_av_textblock  image-padding avia-align-center'  itemprop=\"image\" itemscope=\"itemscope\" itemtype=\"https:\/\/schema.org\/ImageObject\"  ><div class='avia-image-container-inner'><div class='avia-image-overlay-wrap'><img class='avia_image' src='https:\/\/www.augmentir.com\/wp-content\/uploads\/2022\/09\/mobile-operator-rounds-maintenance.jpg' alt='maintenance des tourn\u00e9es de l&#039;op\u00e9rateur mobile' title='' height=\"1067\" width=\"1600\"  itemprop=\"thumbnailUrl\"  \/><\/div><\/div><\/div><br \/>\n<section class=\"av_textblock_section\"  itemscope=\"itemscope\" itemtype=\"https:\/\/schema.org\/CreativeWork\" ><div class='avia_textblock'   itemprop=\"text\" ><p>L\u00e0, vos travailleurs auront \u00e9galement acc\u00e8s \u00e0 des instructions de travail num\u00e9riques lors de leurs tourn\u00e9es aupr\u00e8s de l&#039;op\u00e9rateur mobile. Ces instructions peuvent montrer comment effectuer des contr\u00f4les de maintenance, automatiser la capture de donn\u00e9es et aider \u00e0 garantir la conformit\u00e9 et la responsabilit\u00e9.<\/p>\n<\/div><\/section><\/p><\/div>\n\n<\/div><\/div><\/div><!-- close content main div --><\/div><\/div><div id='how-will-mobile-operator-rounds-transform-maintenance-operations'  class='avia-section main_color avia-section-no-padding avia-no-border-styling avia-bg-style-scroll  avia-builder-el-14  el_after_av_section  el_before_av_section  glossary-container  container_wrap sidebar_right' style=' '  ><div class='container' ><div class='template-page content  av-content-small alpha units'><div class='post-entry post-entry-type-page post-entry-13152'><div class='entry-content-wrapper clearfix'>\n<div class=\"flex_column av_one_full  flex_column_div av-zero-column-padding first  avia-builder-el-15  avia-builder-el-no-sibling\" style='border-radius:0px; '><p><div  style='padding-bottom:10px; font-size:32px;' class='av-special-heading av-special-heading-h2  blockquote modern-quote  avia-builder-el-16  el_before_av_textblock  avia-builder-el-first  av-inherit-size'><h2 class='av-special-heading-tag'  itemprop=\"headline\"  >Comment les tourn\u00e9es des op\u00e9rateurs mobiles vont-elles transformer les op\u00e9rations de maintenance\u00a0?<\/h2><div class='special-heading-border'><div class='special-heading-inner-border' ><\/div><\/div><\/div><br \/>\n<section class=\"av_textblock_section\"  itemscope=\"itemscope\" itemtype=\"https:\/\/schema.org\/CreativeWork\" ><div class='avia_textblock'   itemprop=\"text\" ><p>Le paysage manufacturier d&#039;aujourd&#039;hui subit des changements rapides, en particulier dans la mani\u00e8re dont les inspections des lieux de travail sont men\u00e9es. Les entreprises doivent \u00eatre flexibles et adopter des proc\u00e9dures plus efficaces pour garder une longueur d&#039;avance.<\/p>\n<p>Les tourn\u00e9es des op\u00e9rateurs mobiles sont la r\u00e9ponse. Ils peuvent transformer la fa\u00e7on dont vous ex\u00e9cutez les processus et avoir un impact sur la long\u00e9vit\u00e9 de votre \u00e9quipement et, en fin de compte, sur votre entreprise.<\/p>\n<p>Les tourn\u00e9es des op\u00e9rateurs mobiles r\u00e9duisent le risque d&#039;indisponibilit\u00e9 de l&#039;\u00e9quipement. Il fournit aux travailleurs les informations dont ils ont besoin pour prendre des d\u00e9cisions de maintenance sur place et fournit \u00e0 la direction les enregistrements num\u00e9riques dont ils ont besoin. Enfin, mettre vos proc\u00e9dures op\u00e9rationnelles, sch\u00e9mas d&#039;\u00e9quipement et autres informations cl\u00e9s sur une plate-forme connect\u00e9e partag\u00e9e peut augmenter la productivit\u00e9 et la s\u00e9curit\u00e9.<\/p>\n<p>L&#039;automatisation des contr\u00f4les de l&#039;usine garantira\u00a0:<\/p>\n<ul>\n<li>Donn\u00e9es d&#039;inspection et suivi en temps r\u00e9el<\/li>\n<li>Productivit\u00e9 et conformit\u00e9 accrues<\/li>\n<li>Am\u00e9lioration du moral et de la r\u00e9tention des travailleurs<\/li>\n<li>Plus grande comp\u00e9tence op\u00e9rationnelle<\/li>\n<li>Meilleure transparence des donn\u00e9es<\/li>\n<li>Normes de s\u00e9curit\u00e9 am\u00e9lior\u00e9es<\/li>\n<\/ul>\n<\/div><\/section><\/p><\/div>\n\n<\/div><\/div><\/div><!-- close content main div --><\/div><\/div><div id='how-can-you-digitize-operator-rounds'  class='avia-section main_color avia-section-no-padding avia-no-border-styling avia-bg-style-scroll  avia-builder-el-18  el_after_av_section  el_before_av_section  glossary-container  container_wrap sidebar_right' style=' '  ><div class='container' ><div class='template-page content  av-content-small alpha units'><div class='post-entry post-entry-type-page post-entry-13152'><div class='entry-content-wrapper clearfix'>\n<div class=\"flex_column av_one_full  flex_column_div av-zero-column-padding first  avia-builder-el-19  avia-builder-el-no-sibling\" style='border-radius:0px; '><p><div  style='padding-bottom:10px; font-size:32px;' class='av-special-heading av-special-heading-h2  blockquote modern-quote  avia-builder-el-20  el_before_av_textblock  avia-builder-el-first  av-inherit-size'><h2 class='av-special-heading-tag'  itemprop=\"headline\"  >Comment num\u00e9riser les tourn\u00e9es des op\u00e9rateurs ?<\/h2><div class='special-heading-border'><div class='special-heading-inner-border' ><\/div><\/div><\/div><br \/>\n<section class=\"av_textblock_section\"  itemscope=\"itemscope\" itemtype=\"https:\/\/schema.org\/CreativeWork\" ><div class='avia_textblock'   itemprop=\"text\" ><p>La num\u00e9risation des tourn\u00e9es des op\u00e9rateurs peut \u00e9viter les probl\u00e8mes de double travail ou d&#039;\u00e9tapes manqu\u00e9es. Il assure \u00e9galement une visibilit\u00e9 en temps r\u00e9el entre les d\u00e9partements. Mais comment num\u00e9risez-vous exactement les ch\u00e8ques d&#039;atelier\u00a0?<\/p>\n<p>Il existe diff\u00e9rents outils logiciels num\u00e9riques qui offrent des capacit\u00e9s d&#039;instruction de travail partageables. Vous pouvez personnaliser les tableaux de bord avec des proc\u00e9dures, des vid\u00e9os explicatives, des fonctions de suivi, etc. Ces outils intelligents peuvent am\u00e9liorer la qualit\u00e9, la productivit\u00e9 et les connaissances dans toutes les op\u00e9rations de fabrication.<\/p>\n<p>La solution de travail connect\u00e9 d&#039;Augmentir, par exemple, offre des solutions sur mesure pour am\u00e9liorer un large \u00e9ventail de processus op\u00e9rationnels, y compris les tourn\u00e9es des op\u00e9rateurs.<\/p>\n<\/div><\/section><br \/>\n<div  class='avia-image-container  av-styling-    avia-builder-el-22  el_after_av_textblock  el_before_av_textblock  glossary-inline-image avia-align-center'  itemprop=\"image\" itemscope=\"itemscope\" itemtype=\"https:\/\/schema.org\/ImageObject\"  ><div class='avia-image-container-inner'><div class='avia-image-overlay-wrap'><img class='avia_image' src='https:\/\/www.augmentir.com\/wp-content\/uploads\/2022\/07\/suite-digital-work-instructions.png' alt='tourn\u00e9es des op\u00e9rateurs mobiles' title='' height=\"1532\" width=\"2363\"  itemprop=\"thumbnailUrl\"  \/><\/div><\/div><\/div><br \/>\n<section class=\"av_textblock_section\"  itemscope=\"itemscope\" itemtype=\"https:\/\/schema.org\/CreativeWork\" ><div class='avia_textblock'   itemprop=\"text\" ><p>Notre logiciel d&#039;instructions de travail num\u00e9riques peut aider \u00e0 num\u00e9riser facilement les tourn\u00e9es des op\u00e9rateurs et tout processus de travail de premi\u00e8re ligne. \u00c0 l&#039;aide du g\u00e9n\u00e9rateur de flux de travail No-Code d&#039;Augmentir, les entreprises peuvent rapidement convertir des instructions et des listes de contr\u00f4le sur papier au format num\u00e9rique et adapter ces instructions num\u00e9riques pour r\u00e9pondre aux besoins de chaque op\u00e9rateur avec une formation en ligne, une collaboration int\u00e9gr\u00e9e et une assistance au d\u00e9pannage.<\/p>\n<\/div><\/section><\/p><\/div>\n\n<\/div><\/div><\/div><!-- close content main div --><\/div><\/div><div id='av_section_6'  class='avia-section main_color avia-section-no-padding avia-no-border-styling avia-bg-style-scroll  avia-builder-el-24  el_after_av_section  avia-builder-el-last  glossary-container  container_wrap sidebar_right' style=' margin-top:0px; margin-bottom:50px; '  ><div class='container' ><div class='template-page content  av-content-small alpha units'><div class='post-entry post-entry-type-page post-entry-13152'><div class='entry-content-wrapper clearfix'>\n<section class=\"av_textblock_section\"  itemscope=\"itemscope\" itemtype=\"https:\/\/schema.org\/CreativeWork\" ><div class='avia_textblock'   itemprop=\"text\" ><p><strong>Vous souhaitez savoir comment la solution de travail connect\u00e9 d&#039;Augmentir peut vous aider \u00e0 mettre en place des tourn\u00e9es d&#039;op\u00e9rateurs mobiles au sein de votre usine de fabrication\u00a0? Contactez-nous pour un <a href=\"https:\/\/www.augmentir.com\/request-a-demo\">demo gratuite<\/a>.<\/strong><\/p>\n<p><strong><br \/>\n<div class=\"cta\"><div class=\"content\"><div class=\"eyebrow-headline\">Voir Augmentir en action<\/div><div class=\"heading\">Contactez-nous pour une d\u00e9mo personnalis\u00e9e<\/div><div class=\"copy\" style=\"min-height:30px;\"><\/div><div class=\"link\"><a class=\"btn btn-white\" href=\"\/request-a-demo\">R\u00e9server une d\u00e9mo<\/a><\/div><\/div><div class=\"dashboard\"><\/div><\/div><\/strong><\/p>\n<\/div><\/section>\n<\/div><\/div><\/div><!-- close content main div --><\/div><\/div><div id='after_section_6'  class='main_color av_default_container_wrap container_wrap sidebar_right' style=' '  ><div class='container' ><div class='template-page content  av-content-small alpha units'><div class='post-entry post-entry-type-page post-entry-13152'><div class='entry-content-wrapper clearfix'>","protected":false},"excerpt":{"rendered":"","protected":false},"author":1,"featured_media":0,"parent":11161,"menu_order":0,"comment_status":"closed","ping_status":"closed","template":"","meta":{"inline_featured_image":false,"_lmt_disableupdate":"no","_lmt_disable":"","footnotes":""},"class_list":["post-13152","page","type-page","status-publish","hentry"],"yoast_head":"<!-- This site is optimized with the Yoast SEO plugin v27.2 - https:\/\/yoast.com\/product\/yoast-seo-wordpress\/ -->\n<title>Operator Rounds - Digitize Plant Maintenance with Mobile Operator Rounds - Augmentir<\/title>\n<meta name=\"description\" content=\"Learn about operator rounds and how they can be digitized to transform manufacturing maintenance operations.\" \/>\n<meta name=\"robots\" content=\"index, follow, max-snippet:-1, max-image-preview:large, max-video-preview:-1\" \/>\n<link rel=\"canonical\" href=\"https:\/\/www.augmentir.com\/fr\/glossary\/operator-rounds\" \/>\n<meta property=\"og:locale\" content=\"fr_FR\" \/>\n<meta property=\"og:type\" content=\"article\" \/>\n<meta property=\"og:title\" content=\"Operator Rounds - Digitize Plant Maintenance with Mobile Operator Rounds - Augmentir\" \/>\n<meta property=\"og:description\" content=\"Learn about operator rounds and how they can be digitized to transform manufacturing maintenance operations.\" \/>\n<meta property=\"og:url\" content=\"https:\/\/www.augmentir.com\/fr\/glossary\/operator-rounds\" \/>\n<meta property=\"og:site_name\" content=\"Augmentir\" \/>\n<meta property=\"article:modified_time\" content=\"2024-12-20T18:00:58+00:00\" \/>\n<meta name=\"twitter:card\" content=\"summary_large_image\" \/>\n<meta name=\"twitter:site\" content=\"@augmentir\" \/>\n<script type=\"application\/ld+json\" class=\"yoast-schema-graph\">{\"@context\":\"https:\/\/schema.org\",\"@graph\":[{\"@type\":\"WebPage\",\"@id\":\"https:\/\/www.augmentir.com\/glossary\/operator-rounds\",\"url\":\"https:\/\/www.augmentir.com\/glossary\/operator-rounds\",\"name\":\"Operator Rounds - Digitize Plant Maintenance with Mobile Operator Rounds - Augmentir\",\"isPartOf\":{\"@id\":\"https:\/\/www.augmentir.com\/#website\"},\"datePublished\":\"2022-09-29T14:21:12+00:00\",\"dateModified\":\"2024-12-20T18:00:58+00:00\",\"description\":\"Learn about operator rounds and how they can be digitized to transform manufacturing maintenance operations.\",\"breadcrumb\":{\"@id\":\"https:\/\/www.augmentir.com\/glossary\/operator-rounds#breadcrumb\"},\"inLanguage\":\"fr-FR\",\"potentialAction\":[{\"@type\":\"ReadAction\",\"target\":[\"https:\/\/www.augmentir.com\/glossary\/operator-rounds\"]}]},{\"@type\":\"BreadcrumbList\",\"@id\":\"https:\/\/www.augmentir.com\/glossary\/operator-rounds#breadcrumb\",\"itemListElement\":[{\"@type\":\"ListItem\",\"position\":1,\"name\":\"Home\",\"item\":\"https:\/\/www.augmentir.com\/\"},{\"@type\":\"ListItem\",\"position\":2,\"name\":\"Topics\",\"item\":\"https:\/\/www.augmentir.com\/glossary\"},{\"@type\":\"ListItem\",\"position\":3,\"name\":\"Operator Rounds &#8211; Digitize Plant Maintenance with Mobile Operator Rounds\"}]},{\"@type\":\"WebSite\",\"@id\":\"https:\/\/www.augmentir.com\/#website\",\"url\":\"https:\/\/www.augmentir.com\/\",\"name\":\"Augmentir\",\"description\":\"AI-Powered Connected Worker Platform\",\"publisher\":{\"@id\":\"https:\/\/www.augmentir.com\/#organization\"},\"potentialAction\":[{\"@type\":\"SearchAction\",\"target\":{\"@type\":\"EntryPoint\",\"urlTemplate\":\"https:\/\/www.augmentir.com\/?s={search_term_string}\"},\"query-input\":{\"@type\":\"PropertyValueSpecification\",\"valueRequired\":true,\"valueName\":\"search_term_string\"}}],\"inLanguage\":\"fr-FR\"},{\"@type\":\"Organization\",\"@id\":\"https:\/\/www.augmentir.com\/#organization\",\"name\":\"Augmentir, Inc.\",\"url\":\"https:\/\/www.augmentir.com\/\",\"logo\":{\"@type\":\"ImageObject\",\"inLanguage\":\"fr-FR\",\"@id\":\"https:\/\/www.augmentir.com\/#\/schema\/logo\/image\/\",\"url\":\"https:\/\/www.augmentir.com\/wp-content\/uploads\/2021\/10\/Augmentir_Logo.svg\",\"contentUrl\":\"https:\/\/www.augmentir.com\/wp-content\/uploads\/2021\/10\/Augmentir_Logo.svg\",\"width\":\"1200\",\"height\":\"1200\",\"caption\":\"Augmentir, Inc.\"},\"image\":{\"@id\":\"https:\/\/www.augmentir.com\/#\/schema\/logo\/image\/\"},\"sameAs\":[\"https:\/\/x.com\/augmentir\",\"https:\/\/www.linkedin.com\/company\/augmentir\"]}]}<\/script>\n<!-- \/ Yoast SEO plugin. -->","yoast_head_json":{"title":"Operator Rounds - Digitize Plant Maintenance with Mobile Operator Rounds - Augmentir","description":"Learn about operator rounds and how they can be digitized to transform manufacturing maintenance operations.","robots":{"index":"index","follow":"follow","max-snippet":"max-snippet:-1","max-image-preview":"max-image-preview:large","max-video-preview":"max-video-preview:-1"},"canonical":"https:\/\/www.augmentir.com\/fr\/glossary\/operator-rounds","og_locale":"fr_FR","og_type":"article","og_title":"Operator Rounds - Digitize Plant Maintenance with Mobile Operator Rounds - Augmentir","og_description":"Learn about operator rounds and how they can be digitized to transform manufacturing maintenance operations.","og_url":"https:\/\/www.augmentir.com\/fr\/glossary\/operator-rounds","og_site_name":"Augmentir","article_modified_time":"2024-12-20T18:00:58+00:00","twitter_card":"summary_large_image","twitter_site":"@augmentir","schema":{"@context":"https:\/\/schema.org","@graph":[{"@type":"WebPage","@id":"https:\/\/www.augmentir.com\/glossary\/operator-rounds","url":"https:\/\/www.augmentir.com\/glossary\/operator-rounds","name":"Operator Rounds - Digitize Plant Maintenance with Mobile Operator Rounds - Augmentir","isPartOf":{"@id":"https:\/\/www.augmentir.com\/#website"},"datePublished":"2022-09-29T14:21:12+00:00","dateModified":"2024-12-20T18:00:58+00:00","description":"Learn about operator rounds and how they can be digitized to transform manufacturing maintenance operations.","breadcrumb":{"@id":"https:\/\/www.augmentir.com\/glossary\/operator-rounds#breadcrumb"},"inLanguage":"fr-FR","potentialAction":[{"@type":"ReadAction","target":["https:\/\/www.augmentir.com\/glossary\/operator-rounds"]}]},{"@type":"BreadcrumbList","@id":"https:\/\/www.augmentir.com\/glossary\/operator-rounds#breadcrumb","itemListElement":[{"@type":"ListItem","position":1,"name":"Home","item":"https:\/\/www.augmentir.com\/"},{"@type":"ListItem","position":2,"name":"Topics","item":"https:\/\/www.augmentir.com\/glossary"},{"@type":"ListItem","position":3,"name":"Operator Rounds &#8211; Digitize Plant Maintenance with Mobile Operator Rounds"}]},{"@type":"WebSite","@id":"https:\/\/www.augmentir.com\/#website","url":"https:\/\/www.augmentir.com\/","name":"Augmentir","description":"AI-Powered Connected Worker Platform","publisher":{"@id":"https:\/\/www.augmentir.com\/#organization"},"potentialAction":[{"@type":"SearchAction","target":{"@type":"EntryPoint","urlTemplate":"https:\/\/www.augmentir.com\/?s={search_term_string}"},"query-input":{"@type":"PropertyValueSpecification","valueRequired":true,"valueName":"search_term_string"}}],"inLanguage":"fr-FR"},{"@type":"Organization","@id":"https:\/\/www.augmentir.com\/#organization","name":"Augmentir, Inc.","url":"https:\/\/www.augmentir.com\/","logo":{"@type":"ImageObject","inLanguage":"fr-FR","@id":"https:\/\/www.augmentir.com\/#\/schema\/logo\/image\/","url":"https:\/\/www.augmentir.com\/wp-content\/uploads\/2021\/10\/Augmentir_Logo.svg","contentUrl":"https:\/\/www.augmentir.com\/wp-content\/uploads\/2021\/10\/Augmentir_Logo.svg","width":"1200","height":"1200","caption":"Augmentir, Inc."},"image":{"@id":"https:\/\/www.augmentir.com\/#\/schema\/logo\/image\/"},"sameAs":["https:\/\/x.com\/augmentir","https:\/\/www.linkedin.com\/company\/augmentir"]}]}},"_links":{"self":[{"href":"https:\/\/www.augmentir.com\/fr\/wp-json\/wp\/v2\/pages\/13152","targetHints":{"allow":["GET"]}}],"collection":[{"href":"https:\/\/www.augmentir.com\/fr\/wp-json\/wp\/v2\/pages"}],"about":[{"href":"https:\/\/www.augmentir.com\/fr\/wp-json\/wp\/v2\/types\/page"}],"author":[{"embeddable":true,"href":"https:\/\/www.augmentir.com\/fr\/wp-json\/wp\/v2\/users\/1"}],"replies":[{"embeddable":true,"href":"https:\/\/www.augmentir.com\/fr\/wp-json\/wp\/v2\/comments?post=13152"}],"version-history":[{"count":0,"href":"https:\/\/www.augmentir.com\/fr\/wp-json\/wp\/v2\/pages\/13152\/revisions"}],"up":[{"embeddable":true,"href":"https:\/\/www.augmentir.com\/fr\/wp-json\/wp\/v2\/pages\/11161"}],"wp:attachment":[{"href":"https:\/\/www.augmentir.com\/fr\/wp-json\/wp\/v2\/media?parent=13152"}],"curies":[{"name":"wp","href":"https:\/\/api.w.org\/{rel}","templated":true}]}}