{"id":13141,"date":"2022-09-26T16:07:43","date_gmt":"2022-09-26T16:07:43","guid":{"rendered":"https:\/\/www.augmentir.com\/?page_id=13141"},"modified":"2022-09-28T21:05:45","modified_gmt":"2022-09-28T21:05:45","slug":"leaphr","status":"publish","type":"page","link":"https:\/\/www.augmentir.com\/fr\/lp\/leaphr","title":{"rendered":"Leap HR Manufacturing \u2013 eBook sur la gestion des comp\u00e9tences"},"content":{"rendered":"<div id='top-section'  class='avia-section main_color avia-section-default avia-no-border-styling avia-bg-style-scroll  avia-builder-el-0  avia-builder-el-no-sibling   container_wrap sidebar_right' style='background-repeat: repeat-y; background-image: url(https:\/\/www.augmentir.com\/wp-content\/uploads\/2021\/10\/page-half-background.png);background-attachment: scroll; background-position: center center;  '  data-section-bg-repeat='repeat-y'><div class='container' ><main  role=\"main\" itemprop=\"mainContentOfPage\"  class='template-page content  av-content-small alpha units'><div class='post-entry post-entry-type-page post-entry-13141'><div class='entry-content-wrapper clearfix'>\n<div class=\"flex_column av_one_half  av-break-at-tablet flex_column_div first  avia-builder-el-1  el_before_av_one_half  avia-builder-el-first  first-column\" style='padding:0px 30px 0px 0px ; border-radius:0px; '><p><section class=\"av_textblock_section\"  itemscope=\"itemscope\" itemtype=\"https:\/\/schema.org\/CreativeWork\" ><div class='avia_textblock eyebrow-headline av_inherit_color'  style='color:#222222; '  itemprop=\"text\" ><p>livre \u00e9lectronique<\/p>\n<\/div><\/section><br \/>\n<div  style='padding-bottom:0px; margin-top:0px; font-size:40px;' class='av-special-heading av-special-heading-h1  blockquote modern-quote  avia-builder-el-3  el_after_av_textblock  el_before_av_textblock  h1-page-title av-thin-font av-inherit-size'><h1 class='av-special-heading-tag'  itemprop=\"headline\"  ><strong>L&#039;avenir du travail\u00a0:<\/strong><br \/>\nCombler le foss\u00e9 entre la gestion des comp\u00e9tences et l&#039;ex\u00e9cution du travail<\/h1><div class='special-heading-border'><div class='special-heading-inner-border' ><\/div><\/div><\/div><br \/>\n<section class=\"av_textblock_section\"  itemscope=\"itemscope\" itemtype=\"https:\/\/schema.org\/CreativeWork\" ><div class='avia_textblock'   itemprop=\"text\" ><div class=\"page\" title=\"Page 1\">\n<div class=\"section\">\n<div class=\"layoutArea\">\n<div class=\"column\">\n<p>Comment <b><i>intelligente<\/i><\/b> Le logiciel de gestion des comp\u00e9tences aide les fabricants \u00e0 combler le foss\u00e9 entre la formation, les comp\u00e9tences et le travail pour constituer une main-d&#039;\u0153uvre plus r\u00e9siliente et agile.<\/p>\n<\/div>\n<\/div>\n<\/div>\n<\/div>\n<\/div><\/section><br \/>\n<div  class='avia-image-container  av-styling-   av-medium-hide av-small-hide av-mini-hide  avia-builder-el-5  el_after_av_textblock  el_before_av_hr  avia-align-center'  itemprop=\"image\" itemscope=\"itemscope\" itemtype=\"https:\/\/schema.org\/ImageObject\"  ><div class='avia-image-container-inner'><div class='avia-image-overlay-wrap'><img class='avia_image' src='https:\/\/www.augmentir.com\/wp-content\/uploads\/2022\/09\/the-future-of-training-and-skills-management.png' alt='l&#039;avenir de la formation et de la gestion des comp\u00e9tences' title='' height=\"630\" width=\"1200\"  itemprop=\"thumbnailUrl\"  \/><\/div><\/div><\/div><br \/>\n<div  style='height:30px' class='hr hr-invisible  av-small-hide av-mini-hide  avia-builder-el-6  el_after_av_image  el_before_av_textblock'><span class='hr-inner' ><span class='hr-inner-style'><\/span><\/span><\/div><br \/>\n<section class=\"av_textblock_section  av-medium-hide av-small-hide av-mini-hide\"  itemscope=\"itemscope\" itemtype=\"https:\/\/schema.org\/CreativeWork\" ><div class='avia_textblock'  style='font-size:16px; '  itemprop=\"text\" ><div class=\"page\" title=\"Page 2\">\n<div class=\"section\">\n<div class=\"layoutArea\">\n<div class=\"column\">\n<p>Dans n&#039;importe quel environnement de fabrication, il peut \u00eatre difficile de suivre efficacement les aptitudes et les comp\u00e9tences des travailleurs. Mais lorsqu&#039;il est bien fait, il peut aider les entreprises \u00e0 prendre des d\u00e9cisions plus \u00e9clair\u00e9es et \u00e0 am\u00e9liorer la productivit\u00e9 globale.<\/p>\n<p>Le d\u00e9veloppement d&#039;un programme de gestion des comp\u00e9tences et des comp\u00e9tences peut aider \u00e0 organiser, standardiser et suivre les comp\u00e9tences de votre main-d&#039;\u0153uvre. Ceci est particuli\u00e8rement utile dans les grandes entreprises, o\u00f9 la gestion manuelle des dossiers individuels des travailleurs peut \u00eatre rapide et co\u00fbteuse.<\/p>\n<p>Lorsqu&#039;une organisation conna\u00eet les aptitudes et les comp\u00e9tences de sa main-d&#039;\u0153uvre, les gestionnaires peuvent mieux attribuer des t\u00e2ches et remplir des r\u00f4les sp\u00e9cifiques, fournir une formation cibl\u00e9e et identifier les lacunes en mati\u00e8re de comp\u00e9tences.<\/p>\n<p><b>Logiciel de gestion des comp\u00e9tences <\/b>est de plus en plus utilis\u00e9 pour aider \u00e0 organiser, automatiser et simplifier le processus de validation et de suivi des comp\u00e9tences des employ\u00e9s.<\/p>\n<div class=\"page\" title=\"Page 3\">\n<div class=\"section\">\n<div class=\"layoutArea\">\n<div class=\"column\"><\/div>\n<\/div>\n<\/div>\n<\/div>\n<\/div>\n<\/div>\n<\/div>\n<\/div>\n<\/div><\/section><\/p><\/div><div class=\"flex_column av_one_half  av-break-at-tablet flex_column_div   avia-builder-el-8  el_after_av_one_half  avia-builder-el-last  form-container-column\" style='padding:0px 0px 0px 30px ; border-radius:0px; '><p><section class=\"av_textblock_section  av-medium-hide av-small-hide av-mini-hide\"  itemscope=\"itemscope\" itemtype=\"https:\/\/schema.org\/CreativeWork\" ><div class='avia_textblock  av_inherit_color'  style='color:#ffffff; '  itemprop=\"text\" ><p>La combinaison d&#039;une main-d&#039;\u0153uvre connect\u00e9e et de la num\u00e9risation de la gestion des comp\u00e9tences aide les fabricants \u00e0 combler le foss\u00e9 entre la formation, les comp\u00e9tences et le travail pour la main-d&#039;\u0153uvre en constante \u00e9volution.<\/p>\n<p>Gr\u00e2ce \u00e0 la num\u00e9risation intelligente, les entreprises peuvent offrir une valeur continue. Plus pr\u00e9cis\u00e9ment, des informations en temps r\u00e9el sur la main-d&#039;\u0153uvre qui peuvent fournir des informations sur les besoins de formation, d&#039;orientation et d&#039;assistance, ainsi que des informations r\u00e9elles et exploitables sur les opportunit\u00e9s d&#039;am\u00e9lioration continue.<\/p>\n<p>T\u00e9l\u00e9chargez notre eBook pour en savoir plus.<\/p>\n<\/div><\/section><br \/>\n<div  style='height:50px' class='hr hr-invisible  av-medium-hide av-small-hide av-mini-hide  avia-builder-el-10  el_after_av_textblock  el_before_av_image'><span class='hr-inner' ><span class='hr-inner-style'><\/span><\/span><\/div><br \/>\n<div  class='avia-image-container  av-styling-   av-desktop-hide  avia-builder-el-11  el_after_av_hr  el_before_av_button  avia-align-center'  itemprop=\"image\" itemscope=\"itemscope\" itemtype=\"https:\/\/schema.org\/ImageObject\"  ><div class='avia-image-container-inner'><div class='avia-image-overlay-wrap'><img class='avia_image' src='https:\/\/www.augmentir.com\/wp-content\/uploads\/2022\/09\/the-future-of-training-and-skills-management-m.png' alt='L&#039;avenir de la formation et de la gestion des comp\u00e9tences' title='' height=\"630\" width=\"1200\"  itemprop=\"thumbnailUrl\"  \/><\/div><\/div><\/div><br \/>\n<div  class='avia-button-wrap avia-button-center  avia-builder-el-12  el_after_av_image  el_before_av_codeblock' ><a href='#download-form'  class='avia-button   av-desktop-hide avia-icon_select-yes-right-icon avia-color-custom avia-size-small avia-position-center'  style='background-color:#061d27; border-color:#061d27; color:#ffffff; ' ><span class='avia_iconbox_title' >T\u00e9l\u00e9charger le livre \u00e9lectronique<\/span><span class='avia_button_icon avia_button_icon_right' aria-hidden='true' data-av_icon='\ue87b' data-av_iconfont='entypo-fontello'><\/span><\/a><\/div><br \/>\n<\/p><\/div><\/div><\/div><\/main><!-- close content main element --><\/div><\/div><div id='after_section_1'  class='main_color av_default_container_wrap container_wrap sidebar_right' style=' '  ><div class='container' ><div class='template-page content  av-content-small alpha units'><div class='post-entry post-entry-type-page post-entry-13141'><div class='entry-content-wrapper clearfix'>","protected":false},"excerpt":{"rendered":"","protected":false},"author":1,"featured_media":13142,"parent":3846,"menu_order":0,"comment_status":"closed","ping_status":"closed","template":"","meta":{"inline_featured_image":false,"_lmt_disableupdate":"no","_lmt_disable":"","footnotes":""},"class_list":["post-13141","page","type-page","status-publish","has-post-thumbnail","hentry"],"yoast_head":"<!-- This site is optimized with the Yoast SEO plugin v27.2 - https:\/\/yoast.com\/product\/yoast-seo-wordpress\/ -->\n<title>Leap HR Manufacturing - Skills Management eBook - Augmentir<\/title>\n<meta name=\"description\" content=\"How Smart Skills Management Software is helping manufacturers bridge the gap between training, skills, and work for today\u2019s changing workforce.\" \/>\n<meta name=\"robots\" content=\"index, follow, max-snippet:-1, max-image-preview:large, max-video-preview:-1\" \/>\n<link rel=\"canonical\" href=\"https:\/\/www.augmentir.com\/fr\/lp\/leaphr\" \/>\n<meta property=\"og:locale\" content=\"fr_FR\" \/>\n<meta property=\"og:type\" content=\"article\" \/>\n<meta property=\"og:title\" content=\"Leap HR Manufacturing - Skills Management eBook - Augmentir\" \/>\n<meta property=\"og:description\" content=\"How Smart Skills Management Software is helping manufacturers bridge the gap between training, skills, and work for today\u2019s changing workforce.\" \/>\n<meta property=\"og:url\" content=\"https:\/\/www.augmentir.com\/fr\/lp\/leaphr\" \/>\n<meta property=\"og:site_name\" content=\"Augmentir\" \/>\n<meta property=\"article:modified_time\" content=\"2022-09-28T21:05:45+00:00\" \/>\n<meta property=\"og:image\" content=\"https:\/\/www.augmentir.com\/wp-content\/uploads\/2022\/09\/the-future-of-training-and-skills-management.png\" \/>\n\t<meta property=\"og:image:width\" content=\"1200\" \/>\n\t<meta property=\"og:image:height\" content=\"630\" \/>\n\t<meta property=\"og:image:type\" content=\"image\/png\" \/>\n<meta name=\"twitter:card\" content=\"summary_large_image\" \/>\n<meta name=\"twitter:site\" content=\"@augmentir\" \/>\n<script type=\"application\/ld+json\" class=\"yoast-schema-graph\">{\"@context\":\"https:\/\/schema.org\",\"@graph\":[{\"@type\":\"WebPage\",\"@id\":\"https:\/\/www.augmentir.com\/lp\/leaphr\",\"url\":\"https:\/\/www.augmentir.com\/lp\/leaphr\",\"name\":\"Leap HR Manufacturing - Skills Management eBook - Augmentir\",\"isPartOf\":{\"@id\":\"https:\/\/www.augmentir.com\/#website\"},\"primaryImageOfPage\":{\"@id\":\"https:\/\/www.augmentir.com\/lp\/leaphr#primaryimage\"},\"image\":{\"@id\":\"https:\/\/www.augmentir.com\/lp\/leaphr#primaryimage\"},\"thumbnailUrl\":\"https:\/\/www.augmentir.com\/wp-content\/uploads\/2022\/09\/the-future-of-training-and-skills-management.png\",\"datePublished\":\"2022-09-26T16:07:43+00:00\",\"dateModified\":\"2022-09-28T21:05:45+00:00\",\"description\":\"How Smart Skills Management Software is helping manufacturers bridge the gap between training, skills, and work for today\u2019s changing workforce.\",\"breadcrumb\":{\"@id\":\"https:\/\/www.augmentir.com\/lp\/leaphr#breadcrumb\"},\"inLanguage\":\"fr-FR\",\"potentialAction\":[{\"@type\":\"ReadAction\",\"target\":[\"https:\/\/www.augmentir.com\/lp\/leaphr\"]}]},{\"@type\":\"ImageObject\",\"inLanguage\":\"fr-FR\",\"@id\":\"https:\/\/www.augmentir.com\/lp\/leaphr#primaryimage\",\"url\":\"https:\/\/www.augmentir.com\/wp-content\/uploads\/2022\/09\/the-future-of-training-and-skills-management.png\",\"contentUrl\":\"https:\/\/www.augmentir.com\/wp-content\/uploads\/2022\/09\/the-future-of-training-and-skills-management.png\",\"width\":1200,\"height\":630,\"caption\":\"the future of training and skills management\"},{\"@type\":\"BreadcrumbList\",\"@id\":\"https:\/\/www.augmentir.com\/lp\/leaphr#breadcrumb\",\"itemListElement\":[{\"@type\":\"ListItem\",\"position\":1,\"name\":\"Home\",\"item\":\"https:\/\/www.augmentir.com\/\"},{\"@type\":\"ListItem\",\"position\":2,\"name\":\"Augmentir &#8211; Augmented Operations Platform\",\"item\":\"https:\/\/www.augmentir.com\/lp\"},{\"@type\":\"ListItem\",\"position\":3,\"name\":\"Leap HR Manufacturing &#8211; Skills Management eBook\"}]},{\"@type\":\"WebSite\",\"@id\":\"https:\/\/www.augmentir.com\/#website\",\"url\":\"https:\/\/www.augmentir.com\/\",\"name\":\"Augmentir\",\"description\":\"AI-Powered Connected Worker Platform\",\"publisher\":{\"@id\":\"https:\/\/www.augmentir.com\/#organization\"},\"potentialAction\":[{\"@type\":\"SearchAction\",\"target\":{\"@type\":\"EntryPoint\",\"urlTemplate\":\"https:\/\/www.augmentir.com\/?s={search_term_string}\"},\"query-input\":{\"@type\":\"PropertyValueSpecification\",\"valueRequired\":true,\"valueName\":\"search_term_string\"}}],\"inLanguage\":\"fr-FR\"},{\"@type\":\"Organization\",\"@id\":\"https:\/\/www.augmentir.com\/#organization\",\"name\":\"Augmentir, Inc.\",\"url\":\"https:\/\/www.augmentir.com\/\",\"logo\":{\"@type\":\"ImageObject\",\"inLanguage\":\"fr-FR\",\"@id\":\"https:\/\/www.augmentir.com\/#\/schema\/logo\/image\/\",\"url\":\"https:\/\/www.augmentir.com\/wp-content\/uploads\/2021\/10\/Augmentir_Logo.svg\",\"contentUrl\":\"https:\/\/www.augmentir.com\/wp-content\/uploads\/2021\/10\/Augmentir_Logo.svg\",\"width\":\"1200\",\"height\":\"1200\",\"caption\":\"Augmentir, Inc.\"},\"image\":{\"@id\":\"https:\/\/www.augmentir.com\/#\/schema\/logo\/image\/\"},\"sameAs\":[\"https:\/\/x.com\/augmentir\",\"https:\/\/www.linkedin.com\/company\/augmentir\"]}]}<\/script>\n<!-- \/ Yoast SEO plugin. -->","yoast_head_json":{"title":"Leap HR Manufacturing - Skills Management eBook - Augmentir","description":"How Smart Skills Management Software is helping manufacturers bridge the gap between training, skills, and work for today\u2019s changing workforce.","robots":{"index":"index","follow":"follow","max-snippet":"max-snippet:-1","max-image-preview":"max-image-preview:large","max-video-preview":"max-video-preview:-1"},"canonical":"https:\/\/www.augmentir.com\/fr\/lp\/leaphr","og_locale":"fr_FR","og_type":"article","og_title":"Leap HR Manufacturing - Skills Management eBook - Augmentir","og_description":"How Smart Skills Management Software is helping manufacturers bridge the gap between training, skills, and work for today\u2019s changing workforce.","og_url":"https:\/\/www.augmentir.com\/fr\/lp\/leaphr","og_site_name":"Augmentir","article_modified_time":"2022-09-28T21:05:45+00:00","og_image":[{"width":1200,"height":630,"url":"https:\/\/www.augmentir.com\/wp-content\/uploads\/2022\/09\/the-future-of-training-and-skills-management.png","type":"image\/png"}],"twitter_card":"summary_large_image","twitter_site":"@augmentir","schema":{"@context":"https:\/\/schema.org","@graph":[{"@type":"WebPage","@id":"https:\/\/www.augmentir.com\/lp\/leaphr","url":"https:\/\/www.augmentir.com\/lp\/leaphr","name":"Leap HR Manufacturing - Skills Management eBook - Augmentir","isPartOf":{"@id":"https:\/\/www.augmentir.com\/#website"},"primaryImageOfPage":{"@id":"https:\/\/www.augmentir.com\/lp\/leaphr#primaryimage"},"image":{"@id":"https:\/\/www.augmentir.com\/lp\/leaphr#primaryimage"},"thumbnailUrl":"https:\/\/www.augmentir.com\/wp-content\/uploads\/2022\/09\/the-future-of-training-and-skills-management.png","datePublished":"2022-09-26T16:07:43+00:00","dateModified":"2022-09-28T21:05:45+00:00","description":"How Smart Skills Management Software is helping manufacturers bridge the gap between training, skills, and work for today\u2019s changing workforce.","breadcrumb":{"@id":"https:\/\/www.augmentir.com\/lp\/leaphr#breadcrumb"},"inLanguage":"fr-FR","potentialAction":[{"@type":"ReadAction","target":["https:\/\/www.augmentir.com\/lp\/leaphr"]}]},{"@type":"ImageObject","inLanguage":"fr-FR","@id":"https:\/\/www.augmentir.com\/lp\/leaphr#primaryimage","url":"https:\/\/www.augmentir.com\/wp-content\/uploads\/2022\/09\/the-future-of-training-and-skills-management.png","contentUrl":"https:\/\/www.augmentir.com\/wp-content\/uploads\/2022\/09\/the-future-of-training-and-skills-management.png","width":1200,"height":630,"caption":"the future of training and skills management"},{"@type":"BreadcrumbList","@id":"https:\/\/www.augmentir.com\/lp\/leaphr#breadcrumb","itemListElement":[{"@type":"ListItem","position":1,"name":"Home","item":"https:\/\/www.augmentir.com\/"},{"@type":"ListItem","position":2,"name":"Augmentir &#8211; Augmented Operations Platform","item":"https:\/\/www.augmentir.com\/lp"},{"@type":"ListItem","position":3,"name":"Leap HR Manufacturing &#8211; Skills Management eBook"}]},{"@type":"WebSite","@id":"https:\/\/www.augmentir.com\/#website","url":"https:\/\/www.augmentir.com\/","name":"Augmentir","description":"AI-Powered Connected Worker Platform","publisher":{"@id":"https:\/\/www.augmentir.com\/#organization"},"potentialAction":[{"@type":"SearchAction","target":{"@type":"EntryPoint","urlTemplate":"https:\/\/www.augmentir.com\/?s={search_term_string}"},"query-input":{"@type":"PropertyValueSpecification","valueRequired":true,"valueName":"search_term_string"}}],"inLanguage":"fr-FR"},{"@type":"Organization","@id":"https:\/\/www.augmentir.com\/#organization","name":"Augmentir, Inc.","url":"https:\/\/www.augmentir.com\/","logo":{"@type":"ImageObject","inLanguage":"fr-FR","@id":"https:\/\/www.augmentir.com\/#\/schema\/logo\/image\/","url":"https:\/\/www.augmentir.com\/wp-content\/uploads\/2021\/10\/Augmentir_Logo.svg","contentUrl":"https:\/\/www.augmentir.com\/wp-content\/uploads\/2021\/10\/Augmentir_Logo.svg","width":"1200","height":"1200","caption":"Augmentir, Inc."},"image":{"@id":"https:\/\/www.augmentir.com\/#\/schema\/logo\/image\/"},"sameAs":["https:\/\/x.com\/augmentir","https:\/\/www.linkedin.com\/company\/augmentir"]}]}},"_links":{"self":[{"href":"https:\/\/www.augmentir.com\/fr\/wp-json\/wp\/v2\/pages\/13141","targetHints":{"allow":["GET"]}}],"collection":[{"href":"https:\/\/www.augmentir.com\/fr\/wp-json\/wp\/v2\/pages"}],"about":[{"href":"https:\/\/www.augmentir.com\/fr\/wp-json\/wp\/v2\/types\/page"}],"author":[{"embeddable":true,"href":"https:\/\/www.augmentir.com\/fr\/wp-json\/wp\/v2\/users\/1"}],"replies":[{"embeddable":true,"href":"https:\/\/www.augmentir.com\/fr\/wp-json\/wp\/v2\/comments?post=13141"}],"version-history":[{"count":0,"href":"https:\/\/www.augmentir.com\/fr\/wp-json\/wp\/v2\/pages\/13141\/revisions"}],"up":[{"embeddable":true,"href":"https:\/\/www.augmentir.com\/fr\/wp-json\/wp\/v2\/pages\/3846"}],"wp:featuredmedia":[{"embeddable":true,"href":"https:\/\/www.augmentir.com\/fr\/wp-json\/wp\/v2\/media\/13142"}],"wp:attachment":[{"href":"https:\/\/www.augmentir.com\/fr\/wp-json\/wp\/v2\/media?parent=13141"}],"curies":[{"name":"wp","href":"https:\/\/api.w.org\/{rel}","templated":true}]}}