{"id":13083,"date":"2022-08-31T14:57:03","date_gmt":"2022-08-31T14:57:03","guid":{"rendered":"https:\/\/www.augmentir.com\/?page_id=13083"},"modified":"2023-03-07T03:06:44","modified_gmt":"2023-03-07T03:06:44","slug":"smart-digitization-of-frontline-workers","status":"publish","type":"page","link":"https:\/\/www.augmentir.com\/fr\/smart-digitization-of-frontline-workers","title":{"rendered":"Num\u00e9risation intelligente des travailleurs de premi\u00e8re ligne"},"content":{"rendered":"<div id='top-section'  class='avia-section main_color avia-section-default avia-no-border-styling avia-bg-style-scroll  avia-builder-el-0  avia-builder-el-no-sibling   container_wrap sidebar_right' style='background-repeat: repeat-y; background-image: url(https:\/\/www.augmentir.com\/wp-content\/uploads\/2021\/10\/page-half-background.png);background-attachment: scroll; background-position: center center;  '  data-section-bg-repeat='repeat-y'><div class='container' ><main  role=\"main\" itemprop=\"mainContentOfPage\"  class='template-page content  av-content-small alpha units'><div class='post-entry post-entry-type-page post-entry-13083'><div class='entry-content-wrapper clearfix'>\n<div class=\"flex_column av_one_half  av-break-at-tablet flex_column_div first  avia-builder-el-1  el_before_av_one_half  avia-builder-el-first\" style='padding:0px 30px 0px 0px ; border-radius:0px; '><p><section class=\"av_textblock_section\"  itemscope=\"itemscope\" itemtype=\"https:\/\/schema.org\/CreativeWork\" ><div class='avia_textblock eyebrow-headline av_inherit_color'   itemprop=\"text\" ><p>Webinaire \u00e0 la demande<\/p>\n<\/div><\/section><br \/>\n<div  style='padding-bottom:20px; margin-top:0px; font-size:40px;' class='av-special-heading av-special-heading-h1  blockquote modern-quote  avia-builder-el-3  el_after_av_textblock  el_before_av_textblock  h1-page-title av-inherit-size'><h1 class='av-special-heading-tag'  itemprop=\"headline\"  >Num\u00e9risation intelligente des travailleurs de premi\u00e8re ligne<\/h1><div class='special-heading-border'><div class='special-heading-inner-border' ><\/div><\/div><\/div><br \/>\n<section class=\"av_textblock_section\"  itemscope=\"itemscope\" itemtype=\"https:\/\/schema.org\/CreativeWork\" ><div class='avia_textblock'   itemprop=\"text\" ><p><b>Sur demande<\/b><\/p>\n<p>Rejoignez Chris Kuntz, vice-pr\u00e9sident des op\u00e9rations strat\u00e9giques chez Augmentir, alors qu&#039;il discute de la main-d&#039;\u0153uvre future dans le secteur manufacturier et de la mani\u00e8re dont la num\u00e9risation intelligente est utilis\u00e9e pour aider \u00e0 surmonter les d\u00e9fis de main-d&#039;\u0153uvre g\u00e9n\u00e9ralis\u00e9s auxquels les fabricants sont confront\u00e9s aujourd&#039;hui.<\/p>\n<\/div><\/section><br \/>\n<div  class='avia-image-container  av-styling-    avia-builder-el-5  el_after_av_textblock  avia-builder-el-last  avia-align-center'  itemprop=\"image\" itemscope=\"itemscope\" itemtype=\"https:\/\/schema.org\/ImageObject\"  ><div class='avia-image-container-inner'><div class='avia-image-overlay-wrap'><img class='avia_image' src='https:\/\/www.augmentir.com\/wp-content\/uploads\/2022\/08\/augmentir-smart-digitization-webinar.png' alt='Webinaire Augmentir sur la num\u00e9risation intelligente' title='' height=\"1080\" width=\"1920\"  itemprop=\"thumbnailUrl\"  \/><\/div><\/div><\/div><\/p><\/div><div class=\"flex_column av_one_half  av-break-at-tablet flex_column_div   avia-builder-el-6  el_after_av_one_half  avia-builder-el-last  form-container-column\" style='padding:0px 0px 0px 30px ; border-radius:0px; '><p><div  style='padding-bottom:0px; margin:20px 0px 0px 0px; color:#ffffff;font-size:32px;' class='av-special-heading av-special-heading-h2 custom-color-heading blockquote modern-quote  avia-builder-el-7  el_before_av_textblock  avia-builder-el-first  av-inherit-size'><h2 class='av-special-heading-tag'  itemprop=\"headline\"  >Regarde maintenant<\/h2><div class='special-heading-border'><div class='special-heading-inner-border' style='border-color:#ffffff'><\/div><\/div><\/div><br \/>\n<section class=\"av_textblock_section\"  itemscope=\"itemscope\" itemtype=\"https:\/\/schema.org\/CreativeWork\" ><div class='avia_textblock  av_inherit_color'  style='color:#ffffff; '  itemprop=\"text\" ><p>Remplissez le formulaire ci-dessous pour regarder l&#039;enregistrement \u00e0 la demande de ce webinaire.<\/p>\n<\/div><\/section><br \/>\n<\/p><\/div><\/div><\/div><\/main><!-- close content main element --><\/div><\/div><div id='after_section_1'  class='main_color av_default_container_wrap container_wrap sidebar_right' style=' '  ><div class='container' ><div class='template-page content  av-content-small alpha units'><div class='post-entry post-entry-type-page post-entry-13083'><div class='entry-content-wrapper clearfix'>","protected":false},"excerpt":{"rendered":"","protected":false},"author":1,"featured_media":12411,"parent":0,"menu_order":0,"comment_status":"closed","ping_status":"closed","template":"","meta":{"inline_featured_image":false,"_lmt_disableupdate":"no","_lmt_disable":"","footnotes":""},"class_list":["post-13083","page","type-page","status-publish","has-post-thumbnail","hentry"],"yoast_head":"<!-- This site is optimized with the Yoast SEO plugin v27.2 - https:\/\/yoast.com\/product\/yoast-seo-wordpress\/ -->\n<title>Smart Digitization of Frontline Workers - Augmentir<\/title>\n<meta name=\"description\" content=\"Join us for an upcoming webinar where we discuss how AI is helping industrial companies deliver effective performance support to their frontline workers.\" \/>\n<meta name=\"robots\" content=\"index, follow, max-snippet:-1, max-image-preview:large, max-video-preview:-1\" \/>\n<link rel=\"canonical\" href=\"https:\/\/www.augmentir.com\/fr\/smart-digitization-of-frontline-workers\" \/>\n<meta property=\"og:locale\" content=\"fr_FR\" \/>\n<meta property=\"og:type\" content=\"article\" \/>\n<meta property=\"og:title\" content=\"Smart Digitization of Frontline Workers - Augmentir\" \/>\n<meta property=\"og:description\" content=\"Join us for an upcoming webinar where we discuss how AI is helping industrial companies deliver effective performance support to their frontline workers.\" \/>\n<meta property=\"og:url\" content=\"https:\/\/www.augmentir.com\/fr\/smart-digitization-of-frontline-workers\" \/>\n<meta property=\"og:site_name\" content=\"Augmentir\" \/>\n<meta property=\"article:modified_time\" content=\"2023-03-07T03:06:44+00:00\" \/>\n<meta property=\"og:image\" content=\"https:\/\/www.augmentir.com\/wp-content\/uploads\/2022\/02\/webinar-delivering-effective-performance-support-for-todays-workforce.png\" \/>\n\t<meta property=\"og:image:width\" content=\"1200\" \/>\n\t<meta property=\"og:image:height\" content=\"630\" \/>\n\t<meta property=\"og:image:type\" content=\"image\/png\" \/>\n<meta name=\"twitter:card\" content=\"summary_large_image\" \/>\n<meta name=\"twitter:site\" content=\"@augmentir\" \/>\n<script type=\"application\/ld+json\" class=\"yoast-schema-graph\">{\"@context\":\"https:\/\/schema.org\",\"@graph\":[{\"@type\":\"WebPage\",\"@id\":\"https:\/\/www.augmentir.com\/smart-digitization-of-frontline-workers\",\"url\":\"https:\/\/www.augmentir.com\/smart-digitization-of-frontline-workers\",\"name\":\"Smart Digitization of Frontline Workers - Augmentir\",\"isPartOf\":{\"@id\":\"https:\/\/www.augmentir.com\/#website\"},\"primaryImageOfPage\":{\"@id\":\"https:\/\/www.augmentir.com\/smart-digitization-of-frontline-workers#primaryimage\"},\"image\":{\"@id\":\"https:\/\/www.augmentir.com\/smart-digitization-of-frontline-workers#primaryimage\"},\"thumbnailUrl\":\"https:\/\/www.augmentir.com\/wp-content\/uploads\/2022\/02\/webinar-delivering-effective-performance-support-for-todays-workforce.png\",\"datePublished\":\"2022-08-31T14:57:03+00:00\",\"dateModified\":\"2023-03-07T03:06:44+00:00\",\"description\":\"Join us for an upcoming webinar where we discuss how AI is helping industrial companies deliver effective performance support to their frontline workers.\",\"breadcrumb\":{\"@id\":\"https:\/\/www.augmentir.com\/smart-digitization-of-frontline-workers#breadcrumb\"},\"inLanguage\":\"fr-FR\",\"potentialAction\":[{\"@type\":\"ReadAction\",\"target\":[\"https:\/\/www.augmentir.com\/smart-digitization-of-frontline-workers\"]}]},{\"@type\":\"ImageObject\",\"inLanguage\":\"fr-FR\",\"@id\":\"https:\/\/www.augmentir.com\/smart-digitization-of-frontline-workers#primaryimage\",\"url\":\"https:\/\/www.augmentir.com\/wp-content\/uploads\/2022\/02\/webinar-delivering-effective-performance-support-for-todays-workforce.png\",\"contentUrl\":\"https:\/\/www.augmentir.com\/wp-content\/uploads\/2022\/02\/webinar-delivering-effective-performance-support-for-todays-workforce.png\",\"width\":1200,\"height\":630,\"caption\":\"Delivering effective performance support for todays workforce\"},{\"@type\":\"BreadcrumbList\",\"@id\":\"https:\/\/www.augmentir.com\/smart-digitization-of-frontline-workers#breadcrumb\",\"itemListElement\":[{\"@type\":\"ListItem\",\"position\":1,\"name\":\"Home\",\"item\":\"https:\/\/www.augmentir.com\/\"},{\"@type\":\"ListItem\",\"position\":2,\"name\":\"Smart Digitization of Frontline Workers\"}]},{\"@type\":\"WebSite\",\"@id\":\"https:\/\/www.augmentir.com\/#website\",\"url\":\"https:\/\/www.augmentir.com\/\",\"name\":\"Augmentir\",\"description\":\"AI-Powered Connected Worker Platform\",\"publisher\":{\"@id\":\"https:\/\/www.augmentir.com\/#organization\"},\"potentialAction\":[{\"@type\":\"SearchAction\",\"target\":{\"@type\":\"EntryPoint\",\"urlTemplate\":\"https:\/\/www.augmentir.com\/?s={search_term_string}\"},\"query-input\":{\"@type\":\"PropertyValueSpecification\",\"valueRequired\":true,\"valueName\":\"search_term_string\"}}],\"inLanguage\":\"fr-FR\"},{\"@type\":\"Organization\",\"@id\":\"https:\/\/www.augmentir.com\/#organization\",\"name\":\"Augmentir, Inc.\",\"url\":\"https:\/\/www.augmentir.com\/\",\"logo\":{\"@type\":\"ImageObject\",\"inLanguage\":\"fr-FR\",\"@id\":\"https:\/\/www.augmentir.com\/#\/schema\/logo\/image\/\",\"url\":\"https:\/\/www.augmentir.com\/wp-content\/uploads\/2021\/10\/Augmentir_Logo.svg\",\"contentUrl\":\"https:\/\/www.augmentir.com\/wp-content\/uploads\/2021\/10\/Augmentir_Logo.svg\",\"width\":\"1200\",\"height\":\"1200\",\"caption\":\"Augmentir, Inc.\"},\"image\":{\"@id\":\"https:\/\/www.augmentir.com\/#\/schema\/logo\/image\/\"},\"sameAs\":[\"https:\/\/x.com\/augmentir\",\"https:\/\/www.linkedin.com\/company\/augmentir\"]}]}<\/script>\n<!-- \/ Yoast SEO plugin. -->","yoast_head_json":{"title":"Smart Digitization of Frontline Workers - Augmentir","description":"Join us for an upcoming webinar where we discuss how AI is helping industrial companies deliver effective performance support to their frontline workers.","robots":{"index":"index","follow":"follow","max-snippet":"max-snippet:-1","max-image-preview":"max-image-preview:large","max-video-preview":"max-video-preview:-1"},"canonical":"https:\/\/www.augmentir.com\/fr\/smart-digitization-of-frontline-workers","og_locale":"fr_FR","og_type":"article","og_title":"Smart Digitization of Frontline Workers - Augmentir","og_description":"Join us for an upcoming webinar where we discuss how AI is helping industrial companies deliver effective performance support to their frontline workers.","og_url":"https:\/\/www.augmentir.com\/fr\/smart-digitization-of-frontline-workers","og_site_name":"Augmentir","article_modified_time":"2023-03-07T03:06:44+00:00","og_image":[{"width":1200,"height":630,"url":"https:\/\/www.augmentir.com\/wp-content\/uploads\/2022\/02\/webinar-delivering-effective-performance-support-for-todays-workforce.png","type":"image\/png"}],"twitter_card":"summary_large_image","twitter_site":"@augmentir","schema":{"@context":"https:\/\/schema.org","@graph":[{"@type":"WebPage","@id":"https:\/\/www.augmentir.com\/smart-digitization-of-frontline-workers","url":"https:\/\/www.augmentir.com\/smart-digitization-of-frontline-workers","name":"Smart Digitization of Frontline Workers - Augmentir","isPartOf":{"@id":"https:\/\/www.augmentir.com\/#website"},"primaryImageOfPage":{"@id":"https:\/\/www.augmentir.com\/smart-digitization-of-frontline-workers#primaryimage"},"image":{"@id":"https:\/\/www.augmentir.com\/smart-digitization-of-frontline-workers#primaryimage"},"thumbnailUrl":"https:\/\/www.augmentir.com\/wp-content\/uploads\/2022\/02\/webinar-delivering-effective-performance-support-for-todays-workforce.png","datePublished":"2022-08-31T14:57:03+00:00","dateModified":"2023-03-07T03:06:44+00:00","description":"Join us for an upcoming webinar where we discuss how AI is helping industrial companies deliver effective performance support to their frontline workers.","breadcrumb":{"@id":"https:\/\/www.augmentir.com\/smart-digitization-of-frontline-workers#breadcrumb"},"inLanguage":"fr-FR","potentialAction":[{"@type":"ReadAction","target":["https:\/\/www.augmentir.com\/smart-digitization-of-frontline-workers"]}]},{"@type":"ImageObject","inLanguage":"fr-FR","@id":"https:\/\/www.augmentir.com\/smart-digitization-of-frontline-workers#primaryimage","url":"https:\/\/www.augmentir.com\/wp-content\/uploads\/2022\/02\/webinar-delivering-effective-performance-support-for-todays-workforce.png","contentUrl":"https:\/\/www.augmentir.com\/wp-content\/uploads\/2022\/02\/webinar-delivering-effective-performance-support-for-todays-workforce.png","width":1200,"height":630,"caption":"Delivering effective performance support for todays workforce"},{"@type":"BreadcrumbList","@id":"https:\/\/www.augmentir.com\/smart-digitization-of-frontline-workers#breadcrumb","itemListElement":[{"@type":"ListItem","position":1,"name":"Home","item":"https:\/\/www.augmentir.com\/"},{"@type":"ListItem","position":2,"name":"Smart Digitization of Frontline Workers"}]},{"@type":"WebSite","@id":"https:\/\/www.augmentir.com\/#website","url":"https:\/\/www.augmentir.com\/","name":"Augmentir","description":"AI-Powered Connected Worker Platform","publisher":{"@id":"https:\/\/www.augmentir.com\/#organization"},"potentialAction":[{"@type":"SearchAction","target":{"@type":"EntryPoint","urlTemplate":"https:\/\/www.augmentir.com\/?s={search_term_string}"},"query-input":{"@type":"PropertyValueSpecification","valueRequired":true,"valueName":"search_term_string"}}],"inLanguage":"fr-FR"},{"@type":"Organization","@id":"https:\/\/www.augmentir.com\/#organization","name":"Augmentir, Inc.","url":"https:\/\/www.augmentir.com\/","logo":{"@type":"ImageObject","inLanguage":"fr-FR","@id":"https:\/\/www.augmentir.com\/#\/schema\/logo\/image\/","url":"https:\/\/www.augmentir.com\/wp-content\/uploads\/2021\/10\/Augmentir_Logo.svg","contentUrl":"https:\/\/www.augmentir.com\/wp-content\/uploads\/2021\/10\/Augmentir_Logo.svg","width":"1200","height":"1200","caption":"Augmentir, Inc."},"image":{"@id":"https:\/\/www.augmentir.com\/#\/schema\/logo\/image\/"},"sameAs":["https:\/\/x.com\/augmentir","https:\/\/www.linkedin.com\/company\/augmentir"]}]}},"_links":{"self":[{"href":"https:\/\/www.augmentir.com\/fr\/wp-json\/wp\/v2\/pages\/13083","targetHints":{"allow":["GET"]}}],"collection":[{"href":"https:\/\/www.augmentir.com\/fr\/wp-json\/wp\/v2\/pages"}],"about":[{"href":"https:\/\/www.augmentir.com\/fr\/wp-json\/wp\/v2\/types\/page"}],"author":[{"embeddable":true,"href":"https:\/\/www.augmentir.com\/fr\/wp-json\/wp\/v2\/users\/1"}],"replies":[{"embeddable":true,"href":"https:\/\/www.augmentir.com\/fr\/wp-json\/wp\/v2\/comments?post=13083"}],"version-history":[{"count":0,"href":"https:\/\/www.augmentir.com\/fr\/wp-json\/wp\/v2\/pages\/13083\/revisions"}],"wp:featuredmedia":[{"embeddable":true,"href":"https:\/\/www.augmentir.com\/fr\/wp-json\/wp\/v2\/media\/12411"}],"wp:attachment":[{"href":"https:\/\/www.augmentir.com\/fr\/wp-json\/wp\/v2\/media?parent=13083"}],"curies":[{"name":"wp","href":"https:\/\/api.w.org\/{rel}","templated":true}]}}