{"id":13048,"date":"2022-08-11T17:19:07","date_gmt":"2022-08-11T17:19:07","guid":{"rendered":"https:\/\/www.augmentir.com\/?page_id=13048"},"modified":"2022-12-14T03:51:05","modified_gmt":"2022-12-14T03:51:05","slug":"manufacturings-labor-gap-and-the-future-of-work","status":"publish","type":"page","link":"https:\/\/www.augmentir.com\/fr\/manufacturings-labor-gap-and-the-future-of-work","title":{"rendered":"\u00c9cart de main-d&#039;\u0153uvre dans le secteur manufacturier et l&#039;avenir du travail"},"content":{"rendered":"<div id='top-section'  class='avia-section main_color avia-section-default avia-no-border-styling avia-bg-style-scroll  avia-builder-el-0  avia-builder-el-no-sibling   container_wrap sidebar_right' style='background-repeat: repeat-y; background-image: url(https:\/\/www.augmentir.com\/wp-content\/uploads\/2021\/10\/page-half-background.png);background-attachment: scroll; background-position: center center;  '  data-section-bg-repeat='repeat-y'><div class='container' ><main  role=\"main\" itemprop=\"mainContentOfPage\"  class='template-page content  av-content-small alpha units'><div class='post-entry post-entry-type-page post-entry-13048'><div class='entry-content-wrapper clearfix'>\n<div class=\"flex_column av_one_half  av-break-at-tablet flex_column_div first  avia-builder-el-1  el_before_av_one_half  avia-builder-el-first\" style='padding:0px 30px 0px 0px ; border-radius:0px; '><p><section class=\"av_textblock_section\"  itemscope=\"itemscope\" itemtype=\"https:\/\/schema.org\/CreativeWork\" ><div class='avia_textblock eyebrow-headline av_inherit_color'  style='color:#222222; '  itemprop=\"text\" ><p>L&#039;avenir du travail<\/p>\n<\/div><\/section><br \/>\n<div  style='padding-bottom:0px; margin-top:0px; font-size:40px;' class='av-special-heading av-special-heading-h1  blockquote modern-quote  avia-builder-el-3  el_after_av_textblock  el_before_av_textblock  h1-page-title av-inherit-size'><h1 class='av-special-heading-tag'  itemprop=\"headline\"  >Soutenez intelligemment la main-d&#039;\u0153uvre plus dynamique et plus flexible d&#039;aujourd&#039;hui<\/h1><div class='special-heading-border'><div class='special-heading-inner-border' ><\/div><\/div><\/div><br \/>\n<section class=\"av_textblock_section\"  itemscope=\"itemscope\" itemtype=\"https:\/\/schema.org\/CreativeWork\" ><div class='avia_textblock'   itemprop=\"text\" ><div class=\"page\" title=\"Page 1\">\n<div class=\"section\">\n<div class=\"layoutArea\">\n<div class=\"column\">\n<p>Une nouvelle g\u00e9n\u00e9ration d&#039;outils intelligents pour les travailleurs connect\u00e9s permet aux entreprises d&#039;offrir une gestion des comp\u00e9tences, une formation, une collaboration et un soutien au travail efficaces pour la main-d&#039;\u0153uvre plus dynamique et plus flexible d&#039;aujourd&#039;hui.<\/p>\n<\/div>\n<\/div>\n<\/div>\n<\/div>\n<\/div><\/section><br \/>\n<div  class='avia-image-container  av-styling-    avia-builder-el-5  el_after_av_textblock  el_before_av_hr  avia-align-center'  itemprop=\"image\" itemscope=\"itemscope\" itemtype=\"https:\/\/schema.org\/ImageObject\"  ><div class='avia-image-container-inner'><div class='avia-image-overlay-wrap'><img class='avia_image' src='https:\/\/www.augmentir.com\/wp-content\/uploads\/2022\/08\/manufacturing-labor-gap-and-future-of-work.png' alt='p\u00e9nurie de main-d&#039;\u0153uvre dans le secteur manufacturier et l&#039;avenir du travail' title='' height=\"630\" width=\"1200\"  itemprop=\"thumbnailUrl\"  \/><\/div><\/div><\/div><br \/>\n<div  style='height:30px' class='hr hr-invisible  av-small-hide av-mini-hide  avia-builder-el-6  el_after_av_image  el_before_av_textblock'><span class='hr-inner' ><span class='hr-inner-style'><\/span><\/span><\/div><br \/>\n<section class=\"av_textblock_section  av-small-hide av-mini-hide\"  itemscope=\"itemscope\" itemtype=\"https:\/\/schema.org\/CreativeWork\" ><div class='avia_textblock'  style='font-size:16px; '  itemprop=\"text\" ><div class=\"page\" title=\"Page 2\">\n<div class=\"section\">\n<div class=\"layoutArea\">\n<div class=\"column\">\n<p>Il y a une acc\u00e9l\u00e9ration de la crise de la main-d&#039;\u0153uvre qui perturbe l&#039;ensemble de l&#039;industrie manufacturi\u00e8re. Le secteur qui \u00e9tait d\u00e9j\u00e0 stress\u00e9 par un march\u00e9 du travail tendu, une g\u00e9n\u00e9ration de baby-boomers qui prend rapidement sa retraite et un d\u00e9ficit croissant de comp\u00e9tences fait maintenant face \u00e0 une main-d&#039;\u0153uvre de plus en plus impr\u00e9visible et diversifi\u00e9e.<\/p>\n<p><strong>La lutte ouvri\u00e8re est r\u00e9elle<\/strong><\/p>\n<p>Derri\u00e8re les probl\u00e8mes de main-d&#039;\u0153uvre, les absences des employ\u00e9s, le roulement du personnel et les probl\u00e8mes de qualit\u00e9 affectent de plus en plus les r\u00e9sultats des fabricants. Selon un rapport d&#039;avril 2022 du Workforce Institute de l&#039;UKG, presque tous les fabricants interrog\u00e9s ont d\u00e9clar\u00e9 que les p\u00e9nuries de main-d&#039;\u0153uvre avaient un impact sur leur capacit\u00e9 \u00e0 r\u00e9pondre aux demandes de production, la plupart d\u00e9crivant les impacts comme \u00abgraves\u00bb.<\/p>\n<div class=\"page\" title=\"Page 3\">\n<div class=\"section\">\n<div class=\"layoutArea\">\n<div class=\"column\">\n<p>La r\u00e9alit\u00e9 est que ce probl\u00e8me ne va pas dispara\u00eetre. Selon une r\u00e9cente \u00e9tude de Deloitte, 77% des industriels interrog\u00e9s affirment avoir des difficult\u00e9s persistantes \u00e0 attirer et retenir des travailleurs au-del\u00e0 de 2022.<\/p>\n<p>La grande d\u00e9mission et la p\u00e9nurie de main-d&#039;\u0153uvre dans le secteur manufacturier ont cr\u00e9\u00e9 un changement permanent, et les fabricants doivent commencer \u00e0 r\u00e9fl\u00e9chir \u00e0 l&#039;adaptation de leurs processus d&#039;embauche, d&#039;int\u00e9gration et de formation pour soutenir une future main-d&#039;\u0153uvre plus flexible dans le secteur manufacturier.<\/p>\n<\/div>\n<\/div>\n<\/div>\n<\/div>\n<\/div>\n<\/div>\n<\/div>\n<\/div>\n<\/div><\/section><\/p><\/div><div class=\"flex_column av_one_half  av-break-at-tablet flex_column_div   avia-builder-el-8  el_after_av_one_half  avia-builder-el-last  form-container-column\" style='padding:0px 0px 0px 30px ; border-radius:0px; '><p><section class=\"av_textblock_section\"  itemscope=\"itemscope\" itemtype=\"https:\/\/schema.org\/CreativeWork\" ><div class='avia_textblock eyebrow-headline av_inherit_color'  style='color:#ffffff; '  itemprop=\"text\" ><p>Obtenez votre eBook gratuit<\/p>\n<\/div><\/section><br \/>\n<div  style='padding-bottom:0px; margin-top:0px; color:#ffffff;font-size:32px;' class='av-special-heading av-special-heading-h2 custom-color-heading blockquote modern-quote  avia-builder-el-10  el_after_av_textblock  el_before_av_codeblock  av-inherit-size'><h2 class='av-special-heading-tag'  itemprop=\"headline\"  >\u00c9cart de main-d&#039;\u0153uvre dans le secteur manufacturier et l&#039;avenir du travail<\/h2><div class='special-heading-border'><div class='special-heading-inner-border' style='border-color:#ffffff'><\/div><\/div><\/div><br \/>\n<\/p><\/div><\/div><\/div><\/main><!-- close content main element --><\/div><\/div><div id='after_section_1'  class='main_color av_default_container_wrap container_wrap sidebar_right' style=' '  ><div class='container' ><div class='template-page content  av-content-small alpha units'><div class='post-entry post-entry-type-page post-entry-13048'><div class='entry-content-wrapper clearfix'>","protected":false},"excerpt":{"rendered":"","protected":false},"author":1,"featured_media":13049,"parent":0,"menu_order":0,"comment_status":"closed","ping_status":"closed","template":"","meta":{"inline_featured_image":false,"_lmt_disableupdate":"no","_lmt_disable":"","footnotes":""},"class_list":["post-13048","page","type-page","status-publish","has-post-thumbnail","hentry"],"yoast_head":"<!-- This site is optimized with the Yoast SEO plugin v27.2 - https:\/\/yoast.com\/product\/yoast-seo-wordpress\/ -->\n<title>Manufacturings Labor Gap and the Future of Work - Augmentir<\/title>\n<meta name=\"description\" content=\"A new generation of smart connected worker tools are allowing companies to deliver effective skills management, training, collaboration, and on the job support for today\u2019s more dynamic, more flexible workforce.\" \/>\n<meta name=\"robots\" content=\"index, follow, max-snippet:-1, max-image-preview:large, max-video-preview:-1\" \/>\n<link rel=\"canonical\" href=\"https:\/\/www.augmentir.com\/fr\/ebooks\/manufacturings-labor-gap-and-the-future-of-work\" \/>\n<meta property=\"og:locale\" content=\"fr_FR\" \/>\n<meta property=\"og:type\" content=\"article\" \/>\n<meta property=\"og:title\" content=\"Manufacturings Labor Gap and the Future of Work - Augmentir\" \/>\n<meta property=\"og:description\" content=\"A new generation of smart connected worker tools are allowing companies to deliver effective skills management, training, collaboration, and on the job support for today\u2019s more dynamic, more flexible workforce.\" \/>\n<meta property=\"og:url\" content=\"https:\/\/www.augmentir.com\/fr\/ebooks\/manufacturings-labor-gap-and-the-future-of-work\" \/>\n<meta property=\"og:site_name\" content=\"Augmentir\" \/>\n<meta property=\"article:modified_time\" content=\"2022-12-14T03:51:05+00:00\" \/>\n<meta property=\"og:image\" content=\"https:\/\/www.augmentir.com\/wp-content\/uploads\/2022\/08\/manufacturing-labor-gap-and-future-of-work.png\" \/>\n\t<meta property=\"og:image:width\" content=\"1200\" \/>\n\t<meta property=\"og:image:height\" content=\"630\" \/>\n\t<meta property=\"og:image:type\" content=\"image\/png\" \/>\n<meta name=\"twitter:card\" content=\"summary_large_image\" \/>\n<meta name=\"twitter:site\" content=\"@augmentir\" \/>\n<script type=\"application\/ld+json\" class=\"yoast-schema-graph\">{\"@context\":\"https:\/\/schema.org\",\"@graph\":[{\"@type\":\"WebPage\",\"@id\":\"https:\/\/www.augmentir.com\/manufacturings-labor-gap-and-the-future-of-work\",\"url\":\"https:\/\/www.augmentir.com\/manufacturings-labor-gap-and-the-future-of-work\",\"name\":\"Manufacturings Labor Gap and the Future of Work - Augmentir\",\"isPartOf\":{\"@id\":\"https:\/\/www.augmentir.com\/#website\"},\"primaryImageOfPage\":{\"@id\":\"https:\/\/www.augmentir.com\/manufacturings-labor-gap-and-the-future-of-work#primaryimage\"},\"image\":{\"@id\":\"https:\/\/www.augmentir.com\/manufacturings-labor-gap-and-the-future-of-work#primaryimage\"},\"thumbnailUrl\":\"https:\/\/www.augmentir.com\/wp-content\/uploads\/2022\/08\/manufacturing-labor-gap-and-future-of-work.png\",\"datePublished\":\"2022-08-11T17:19:07+00:00\",\"dateModified\":\"2022-12-14T03:51:05+00:00\",\"description\":\"A new generation of smart connected worker tools are allowing companies to deliver effective skills management, training, collaboration, and on the job support for today\u2019s more dynamic, more flexible workforce.\",\"breadcrumb\":{\"@id\":\"https:\/\/www.augmentir.com\/manufacturings-labor-gap-and-the-future-of-work#breadcrumb\"},\"inLanguage\":\"fr-FR\",\"potentialAction\":[{\"@type\":\"ReadAction\",\"target\":[\"https:\/\/www.augmentir.com\/manufacturings-labor-gap-and-the-future-of-work\"]}]},{\"@type\":\"ImageObject\",\"inLanguage\":\"fr-FR\",\"@id\":\"https:\/\/www.augmentir.com\/manufacturings-labor-gap-and-the-future-of-work#primaryimage\",\"url\":\"https:\/\/www.augmentir.com\/wp-content\/uploads\/2022\/08\/manufacturing-labor-gap-and-future-of-work.png\",\"contentUrl\":\"https:\/\/www.augmentir.com\/wp-content\/uploads\/2022\/08\/manufacturing-labor-gap-and-future-of-work.png\",\"width\":1200,\"height\":630,\"caption\":\"manufacturing labor gap and the future of work\"},{\"@type\":\"BreadcrumbList\",\"@id\":\"https:\/\/www.augmentir.com\/manufacturings-labor-gap-and-the-future-of-work#breadcrumb\",\"itemListElement\":[{\"@type\":\"ListItem\",\"position\":1,\"name\":\"Home\",\"item\":\"https:\/\/www.augmentir.com\/\"},{\"@type\":\"ListItem\",\"position\":2,\"name\":\"Manufacturings Labor Gap and the Future of Work\"}]},{\"@type\":\"WebSite\",\"@id\":\"https:\/\/www.augmentir.com\/#website\",\"url\":\"https:\/\/www.augmentir.com\/\",\"name\":\"Augmentir\",\"description\":\"AI-Powered Connected Worker Platform\",\"publisher\":{\"@id\":\"https:\/\/www.augmentir.com\/#organization\"},\"potentialAction\":[{\"@type\":\"SearchAction\",\"target\":{\"@type\":\"EntryPoint\",\"urlTemplate\":\"https:\/\/www.augmentir.com\/?s={search_term_string}\"},\"query-input\":{\"@type\":\"PropertyValueSpecification\",\"valueRequired\":true,\"valueName\":\"search_term_string\"}}],\"inLanguage\":\"fr-FR\"},{\"@type\":\"Organization\",\"@id\":\"https:\/\/www.augmentir.com\/#organization\",\"name\":\"Augmentir, Inc.\",\"url\":\"https:\/\/www.augmentir.com\/\",\"logo\":{\"@type\":\"ImageObject\",\"inLanguage\":\"fr-FR\",\"@id\":\"https:\/\/www.augmentir.com\/#\/schema\/logo\/image\/\",\"url\":\"https:\/\/www.augmentir.com\/wp-content\/uploads\/2021\/10\/Augmentir_Logo.svg\",\"contentUrl\":\"https:\/\/www.augmentir.com\/wp-content\/uploads\/2021\/10\/Augmentir_Logo.svg\",\"width\":\"1200\",\"height\":\"1200\",\"caption\":\"Augmentir, Inc.\"},\"image\":{\"@id\":\"https:\/\/www.augmentir.com\/#\/schema\/logo\/image\/\"},\"sameAs\":[\"https:\/\/x.com\/augmentir\",\"https:\/\/www.linkedin.com\/company\/augmentir\"]}]}<\/script>\n<!-- \/ Yoast SEO plugin. -->","yoast_head_json":{"title":"Manufacturings Labor Gap and the Future of Work - Augmentir","description":"A new generation of smart connected worker tools are allowing companies to deliver effective skills management, training, collaboration, and on the job support for today\u2019s more dynamic, more flexible workforce.","robots":{"index":"index","follow":"follow","max-snippet":"max-snippet:-1","max-image-preview":"max-image-preview:large","max-video-preview":"max-video-preview:-1"},"canonical":"https:\/\/www.augmentir.com\/fr\/ebooks\/manufacturings-labor-gap-and-the-future-of-work","og_locale":"fr_FR","og_type":"article","og_title":"Manufacturings Labor Gap and the Future of Work - Augmentir","og_description":"A new generation of smart connected worker tools are allowing companies to deliver effective skills management, training, collaboration, and on the job support for today\u2019s more dynamic, more flexible workforce.","og_url":"https:\/\/www.augmentir.com\/fr\/ebooks\/manufacturings-labor-gap-and-the-future-of-work","og_site_name":"Augmentir","article_modified_time":"2022-12-14T03:51:05+00:00","og_image":[{"width":1200,"height":630,"url":"https:\/\/www.augmentir.com\/wp-content\/uploads\/2022\/08\/manufacturing-labor-gap-and-future-of-work.png","type":"image\/png"}],"twitter_card":"summary_large_image","twitter_site":"@augmentir","schema":{"@context":"https:\/\/schema.org","@graph":[{"@type":"WebPage","@id":"https:\/\/www.augmentir.com\/manufacturings-labor-gap-and-the-future-of-work","url":"https:\/\/www.augmentir.com\/manufacturings-labor-gap-and-the-future-of-work","name":"Manufacturings Labor Gap and the Future of Work - Augmentir","isPartOf":{"@id":"https:\/\/www.augmentir.com\/#website"},"primaryImageOfPage":{"@id":"https:\/\/www.augmentir.com\/manufacturings-labor-gap-and-the-future-of-work#primaryimage"},"image":{"@id":"https:\/\/www.augmentir.com\/manufacturings-labor-gap-and-the-future-of-work#primaryimage"},"thumbnailUrl":"https:\/\/www.augmentir.com\/wp-content\/uploads\/2022\/08\/manufacturing-labor-gap-and-future-of-work.png","datePublished":"2022-08-11T17:19:07+00:00","dateModified":"2022-12-14T03:51:05+00:00","description":"A new generation of smart connected worker tools are allowing companies to deliver effective skills management, training, collaboration, and on the job support for today\u2019s more dynamic, more flexible workforce.","breadcrumb":{"@id":"https:\/\/www.augmentir.com\/manufacturings-labor-gap-and-the-future-of-work#breadcrumb"},"inLanguage":"fr-FR","potentialAction":[{"@type":"ReadAction","target":["https:\/\/www.augmentir.com\/manufacturings-labor-gap-and-the-future-of-work"]}]},{"@type":"ImageObject","inLanguage":"fr-FR","@id":"https:\/\/www.augmentir.com\/manufacturings-labor-gap-and-the-future-of-work#primaryimage","url":"https:\/\/www.augmentir.com\/wp-content\/uploads\/2022\/08\/manufacturing-labor-gap-and-future-of-work.png","contentUrl":"https:\/\/www.augmentir.com\/wp-content\/uploads\/2022\/08\/manufacturing-labor-gap-and-future-of-work.png","width":1200,"height":630,"caption":"manufacturing labor gap and the future of work"},{"@type":"BreadcrumbList","@id":"https:\/\/www.augmentir.com\/manufacturings-labor-gap-and-the-future-of-work#breadcrumb","itemListElement":[{"@type":"ListItem","position":1,"name":"Home","item":"https:\/\/www.augmentir.com\/"},{"@type":"ListItem","position":2,"name":"Manufacturings Labor Gap and the Future of Work"}]},{"@type":"WebSite","@id":"https:\/\/www.augmentir.com\/#website","url":"https:\/\/www.augmentir.com\/","name":"Augmentir","description":"AI-Powered Connected Worker Platform","publisher":{"@id":"https:\/\/www.augmentir.com\/#organization"},"potentialAction":[{"@type":"SearchAction","target":{"@type":"EntryPoint","urlTemplate":"https:\/\/www.augmentir.com\/?s={search_term_string}"},"query-input":{"@type":"PropertyValueSpecification","valueRequired":true,"valueName":"search_term_string"}}],"inLanguage":"fr-FR"},{"@type":"Organization","@id":"https:\/\/www.augmentir.com\/#organization","name":"Augmentir, Inc.","url":"https:\/\/www.augmentir.com\/","logo":{"@type":"ImageObject","inLanguage":"fr-FR","@id":"https:\/\/www.augmentir.com\/#\/schema\/logo\/image\/","url":"https:\/\/www.augmentir.com\/wp-content\/uploads\/2021\/10\/Augmentir_Logo.svg","contentUrl":"https:\/\/www.augmentir.com\/wp-content\/uploads\/2021\/10\/Augmentir_Logo.svg","width":"1200","height":"1200","caption":"Augmentir, Inc."},"image":{"@id":"https:\/\/www.augmentir.com\/#\/schema\/logo\/image\/"},"sameAs":["https:\/\/x.com\/augmentir","https:\/\/www.linkedin.com\/company\/augmentir"]}]}},"_links":{"self":[{"href":"https:\/\/www.augmentir.com\/fr\/wp-json\/wp\/v2\/pages\/13048","targetHints":{"allow":["GET"]}}],"collection":[{"href":"https:\/\/www.augmentir.com\/fr\/wp-json\/wp\/v2\/pages"}],"about":[{"href":"https:\/\/www.augmentir.com\/fr\/wp-json\/wp\/v2\/types\/page"}],"author":[{"embeddable":true,"href":"https:\/\/www.augmentir.com\/fr\/wp-json\/wp\/v2\/users\/1"}],"replies":[{"embeddable":true,"href":"https:\/\/www.augmentir.com\/fr\/wp-json\/wp\/v2\/comments?post=13048"}],"version-history":[{"count":0,"href":"https:\/\/www.augmentir.com\/fr\/wp-json\/wp\/v2\/pages\/13048\/revisions"}],"wp:featuredmedia":[{"embeddable":true,"href":"https:\/\/www.augmentir.com\/fr\/wp-json\/wp\/v2\/media\/13049"}],"wp:attachment":[{"href":"https:\/\/www.augmentir.com\/fr\/wp-json\/wp\/v2\/media?parent=13048"}],"curies":[{"name":"wp","href":"https:\/\/api.w.org\/{rel}","templated":true}]}}