{"id":11739,"date":"2021-10-21T10:42:13","date_gmt":"2021-10-21T10:42:13","guid":{"rendered":"https:\/\/www.augmentir.com\/?page_id=11739"},"modified":"2025-07-06T10:35:18","modified_gmt":"2025-07-06T10:35:18","slug":"build-a-modern-connected-workforce-with-ai","status":"publish","type":"page","link":"https:\/\/www.augmentir.com\/fr\/build-a-modern-connected-workforce-with-ai","title":{"rendered":"Construire une main-d&#039;\u0153uvre connect\u00e9e moderne avec l&#039;IA"},"content":{"rendered":"<div id='top-section'  class='avia-section main_color avia-section-default avia-no-border-styling avia-bg-style-scroll  avia-builder-el-0  avia-builder-el-no-sibling   container_wrap sidebar_right' style='background-repeat: repeat-y; background-image: url(https:\/\/www.augmentir.com\/wp-content\/uploads\/2021\/10\/page-half-background.png);background-attachment: scroll; background-position: center center;  '  data-section-bg-repeat='repeat-y'><div class='container' ><main  role=\"main\" itemprop=\"mainContentOfPage\"  class='template-page content  av-content-small alpha units'><div class='post-entry post-entry-type-page post-entry-11739'><div class='entry-content-wrapper clearfix'>\n<div class=\"flex_column av_one_half  av-break-at-tablet flex_column_div first  avia-builder-el-1  el_before_av_one_half  avia-builder-el-first\" style='padding:0px 30px 0px 0px ; border-radius:0px; '><p><section class=\"av_textblock_section\"  itemscope=\"itemscope\" itemtype=\"https:\/\/schema.org\/CreativeWork\" ><div class='avia_textblock eyebrow-headline av_inherit_color'   itemprop=\"text\" ><p>L&#039;IA pour le travailleur connect\u00e9<\/p>\n<\/div><\/section><br \/>\n<div  style='padding-bottom:0px; margin-top:0px; font-size:40px;' class='av-special-heading av-special-heading-h1  blockquote modern-quote  avia-builder-el-3  el_after_av_textblock  el_before_av_textblock  h1-page-title av-inherit-size'><h1 class='av-special-heading-tag'  itemprop=\"headline\"  >Ce n&#039;est pas l&#039;usine de ton grand-p\u00e8re<\/h1><div class='special-heading-border'><div class='special-heading-inner-border' ><\/div><\/div><\/div><br \/>\n<section class=\"av_textblock_section\"  itemscope=\"itemscope\" itemtype=\"https:\/\/schema.org\/CreativeWork\" ><div class='avia_textblock'   itemprop=\"text\" ><p><span style=\"font-weight: 400;\">La main-d&#039;\u0153uvre manufacturi\u00e8re dynamique et changeante d&#039;aujourd&#039;hui a besoin de conseils et d&#039;un soutien personnalis\u00e9s, ainsi que d&#039;opportunit\u00e9s d&#039;apprentissage continu afin de maintenir et de fournir efficacement des performances au travail efficaces. D\u00e9couvrez comment l&#039;IA est utilis\u00e9e pour fa\u00e7onner la nouvelle main-d&#039;\u0153uvre d&#039;aujourd&#039;hui et relever certains des plus grands d\u00e9fis de la fabrication.<\/span><\/p>\n<\/div><\/section><br \/>\n<div  class='avia-image-container  av-styling-    avia-builder-el-5  el_after_av_textblock  el_before_av_hr  guide-image avia-align-center'  itemprop=\"image\" itemscope=\"itemscope\" itemtype=\"https:\/\/schema.org\/ImageObject\"  ><div class='avia-image-container-inner'><div class='avia-image-overlay-wrap'><img class='avia_image' src='https:\/\/www.augmentir.com\/wp-content\/uploads\/2021\/10\/ebook-cover-modern.png' alt='eBook Augmenter' title='' height=\"347\" width=\"600\"  itemprop=\"thumbnailUrl\"  \/><\/div><\/div><\/div><br \/>\n<div  style='height:30px' class='hr hr-invisible  av-small-hide av-mini-hide  avia-builder-el-6  el_after_av_image  el_before_av_textblock'><span class='hr-inner' ><span class='hr-inner-style'><\/span><\/span><\/div><br \/>\n<section class=\"av_textblock_section  av-small-hide av-mini-hide\"  itemscope=\"itemscope\" itemtype=\"https:\/\/schema.org\/CreativeWork\" ><div class='avia_textblock'  style='font-size:16px; '  itemprop=\"text\" ><p>Les entreprises industrielles d&#039;aujourd&#039;hui ne peuvent plus former, guider et soutenir leurs travailleurs en utilisant des processus du pass\u00e9.<\/p>\n<p>La nouvelle main-d&#039;\u0153uvre industrielle est diff\u00e9rente. Elle est plus dynamique et diversifi\u00e9e que les g\u00e9n\u00e9rations pr\u00e9c\u00e9dentes.<\/p>\n<p>C&#039;est aussi plus connect\u00e9. Ce nouveau travailleur connect\u00e9 est une source de donn\u00e9es d&#039;entreprise pr\u00e9cieuses, mais seulement si les donn\u00e9es peuvent \u00eatre captur\u00e9es et comprises. Le d\u00e9fi r\u00e9side dans le fait que les donn\u00e9es des travailleurs connect\u00e9s sont intrins\u00e8quement bruyantes, avec une grande variabilit\u00e9 et des signaux d\u00e9routants. Donner un sens \u00e0 ces donn\u00e9es et les transformer en informations exploitables n&#039;est possible qu&#039;avec l&#039;IA.<\/p>\n<\/div><\/section><\/p><\/div><div class=\"flex_column av_one_half  av-break-at-tablet flex_column_div   avia-builder-el-8  el_after_av_one_half  avia-builder-el-last  form-container-column\" style='padding:0px 0px 0px 30px ; border-radius:0px; '><p><section class=\"av_textblock_section\"  itemscope=\"itemscope\" itemtype=\"https:\/\/schema.org\/CreativeWork\" ><div class='avia_textblock eyebrow-headline av_inherit_color'  style='color:#ffffff; '  itemprop=\"text\" ><p>Obtenez votre eBook gratuit<\/p>\n<\/div><\/section><br \/>\n<div  style='padding-bottom:0px; margin-top:0px; color:#ffffff;font-size:32px;' class='av-special-heading av-special-heading-h2 custom-color-heading blockquote modern-quote  avia-builder-el-10  el_after_av_textblock  el_before_av_codeblock  av-inherit-size'><h2 class='av-special-heading-tag'  itemprop=\"headline\"  >Construire une main-d&#039;\u0153uvre moderne et connect\u00e9e avec l&#039;IA<\/h2><div class='special-heading-border'><div class='special-heading-inner-border' style='border-color:#ffffff'><\/div><\/div><\/div><br \/>\n<\/p><\/div><\/div><\/div><\/main><!-- close content main element --><\/div><\/div><div id='after_section_1'  class='main_color av_default_container_wrap container_wrap sidebar_right' style=' '  ><div class='container' ><div class='template-page content  av-content-small alpha units'><div class='post-entry post-entry-type-page post-entry-11739'><div class='entry-content-wrapper clearfix'>","protected":false},"excerpt":{"rendered":"","protected":false},"author":1,"featured_media":11437,"parent":0,"menu_order":0,"comment_status":"closed","ping_status":"closed","template":"","meta":{"inline_featured_image":false,"_lmt_disableupdate":"no","_lmt_disable":"","footnotes":""},"class_list":["post-11739","page","type-page","status-publish","has-post-thumbnail","hentry"],"yoast_head":"<!-- This site is optimized with the Yoast SEO plugin v27.2 - https:\/\/yoast.com\/product\/yoast-seo-wordpress\/ -->\n<title>Build a Modern Connected Workforce with AI - Augmentir<\/title>\n<meta name=\"description\" content=\"Learn how AI is being used to shape today\u2019s new workforce and address some of manufacturing\u2019s biggest challenges.\" \/>\n<meta name=\"robots\" content=\"index, follow, max-snippet:-1, max-image-preview:large, max-video-preview:-1\" \/>\n<link rel=\"canonical\" href=\"https:\/\/www.augmentir.com\/fr\/build-a-modern-connected-workforce-with-ai\" \/>\n<meta property=\"og:locale\" content=\"fr_FR\" \/>\n<meta property=\"og:type\" content=\"article\" \/>\n<meta property=\"og:title\" content=\"Build a Modern Connected Workforce with AI - Augmentir\" \/>\n<meta property=\"og:description\" content=\"Learn how AI is being used to shape today\u2019s new workforce and address some of manufacturing\u2019s biggest challenges.\" \/>\n<meta property=\"og:url\" content=\"https:\/\/www.augmentir.com\/fr\/build-a-modern-connected-workforce-with-ai\" \/>\n<meta property=\"og:site_name\" content=\"Augmentir\" \/>\n<meta property=\"article:modified_time\" content=\"2025-07-06T10:35:18+00:00\" \/>\n<meta property=\"og:image\" content=\"https:\/\/www.augmentir.com\/wp-content\/uploads\/2021\/10\/augmentir-webinar.png\" \/>\n\t<meta property=\"og:image:width\" content=\"1200\" \/>\n\t<meta property=\"og:image:height\" content=\"630\" \/>\n\t<meta property=\"og:image:type\" content=\"image\/png\" \/>\n<meta name=\"twitter:card\" content=\"summary_large_image\" \/>\n<meta name=\"twitter:site\" content=\"@augmentir\" \/>\n<script type=\"application\/ld+json\" class=\"yoast-schema-graph\">{\"@context\":\"https:\/\/schema.org\",\"@graph\":[{\"@type\":\"WebPage\",\"@id\":\"https:\/\/www.augmentir.com\/build-a-modern-connected-workforce-with-ai\",\"url\":\"https:\/\/www.augmentir.com\/build-a-modern-connected-workforce-with-ai\",\"name\":\"Build a Modern Connected Workforce with AI - Augmentir\",\"isPartOf\":{\"@id\":\"https:\/\/www.augmentir.com\/#website\"},\"primaryImageOfPage\":{\"@id\":\"https:\/\/www.augmentir.com\/build-a-modern-connected-workforce-with-ai#primaryimage\"},\"image\":{\"@id\":\"https:\/\/www.augmentir.com\/build-a-modern-connected-workforce-with-ai#primaryimage\"},\"thumbnailUrl\":\"https:\/\/www.augmentir.com\/wp-content\/uploads\/2021\/10\/augmentir-webinar.png\",\"datePublished\":\"2021-10-21T10:42:13+00:00\",\"dateModified\":\"2025-07-06T10:35:18+00:00\",\"description\":\"Learn how AI is being used to shape today\u2019s new workforce and address some of manufacturing\u2019s biggest challenges.\",\"breadcrumb\":{\"@id\":\"https:\/\/www.augmentir.com\/build-a-modern-connected-workforce-with-ai#breadcrumb\"},\"inLanguage\":\"fr-FR\",\"potentialAction\":[{\"@type\":\"ReadAction\",\"target\":[\"https:\/\/www.augmentir.com\/build-a-modern-connected-workforce-with-ai\"]}]},{\"@type\":\"ImageObject\",\"inLanguage\":\"fr-FR\",\"@id\":\"https:\/\/www.augmentir.com\/build-a-modern-connected-workforce-with-ai#primaryimage\",\"url\":\"https:\/\/www.augmentir.com\/wp-content\/uploads\/2021\/10\/augmentir-webinar.png\",\"contentUrl\":\"https:\/\/www.augmentir.com\/wp-content\/uploads\/2021\/10\/augmentir-webinar.png\",\"width\":1200,\"height\":630},{\"@type\":\"BreadcrumbList\",\"@id\":\"https:\/\/www.augmentir.com\/build-a-modern-connected-workforce-with-ai#breadcrumb\",\"itemListElement\":[{\"@type\":\"ListItem\",\"position\":1,\"name\":\"Home\",\"item\":\"https:\/\/www.augmentir.com\/\"},{\"@type\":\"ListItem\",\"position\":2,\"name\":\"Build a Modern Connected Workforce with AI\"}]},{\"@type\":\"WebSite\",\"@id\":\"https:\/\/www.augmentir.com\/#website\",\"url\":\"https:\/\/www.augmentir.com\/\",\"name\":\"Augmentir\",\"description\":\"AI-Powered Connected Worker Platform\",\"publisher\":{\"@id\":\"https:\/\/www.augmentir.com\/#organization\"},\"potentialAction\":[{\"@type\":\"SearchAction\",\"target\":{\"@type\":\"EntryPoint\",\"urlTemplate\":\"https:\/\/www.augmentir.com\/?s={search_term_string}\"},\"query-input\":{\"@type\":\"PropertyValueSpecification\",\"valueRequired\":true,\"valueName\":\"search_term_string\"}}],\"inLanguage\":\"fr-FR\"},{\"@type\":\"Organization\",\"@id\":\"https:\/\/www.augmentir.com\/#organization\",\"name\":\"Augmentir, Inc.\",\"url\":\"https:\/\/www.augmentir.com\/\",\"logo\":{\"@type\":\"ImageObject\",\"inLanguage\":\"fr-FR\",\"@id\":\"https:\/\/www.augmentir.com\/#\/schema\/logo\/image\/\",\"url\":\"https:\/\/www.augmentir.com\/wp-content\/uploads\/2021\/10\/Augmentir_Logo.svg\",\"contentUrl\":\"https:\/\/www.augmentir.com\/wp-content\/uploads\/2021\/10\/Augmentir_Logo.svg\",\"width\":\"1200\",\"height\":\"1200\",\"caption\":\"Augmentir, Inc.\"},\"image\":{\"@id\":\"https:\/\/www.augmentir.com\/#\/schema\/logo\/image\/\"},\"sameAs\":[\"https:\/\/x.com\/augmentir\",\"https:\/\/www.linkedin.com\/company\/augmentir\"]}]}<\/script>\n<!-- \/ Yoast SEO plugin. -->","yoast_head_json":{"title":"Build a Modern Connected Workforce with AI - Augmentir","description":"Learn how AI is being used to shape today\u2019s new workforce and address some of manufacturing\u2019s biggest challenges.","robots":{"index":"index","follow":"follow","max-snippet":"max-snippet:-1","max-image-preview":"max-image-preview:large","max-video-preview":"max-video-preview:-1"},"canonical":"https:\/\/www.augmentir.com\/fr\/build-a-modern-connected-workforce-with-ai","og_locale":"fr_FR","og_type":"article","og_title":"Build a Modern Connected Workforce with AI - Augmentir","og_description":"Learn how AI is being used to shape today\u2019s new workforce and address some of manufacturing\u2019s biggest challenges.","og_url":"https:\/\/www.augmentir.com\/fr\/build-a-modern-connected-workforce-with-ai","og_site_name":"Augmentir","article_modified_time":"2025-07-06T10:35:18+00:00","og_image":[{"width":1200,"height":630,"url":"https:\/\/www.augmentir.com\/wp-content\/uploads\/2021\/10\/augmentir-webinar.png","type":"image\/png"}],"twitter_card":"summary_large_image","twitter_site":"@augmentir","schema":{"@context":"https:\/\/schema.org","@graph":[{"@type":"WebPage","@id":"https:\/\/www.augmentir.com\/build-a-modern-connected-workforce-with-ai","url":"https:\/\/www.augmentir.com\/build-a-modern-connected-workforce-with-ai","name":"Build a Modern Connected Workforce with AI - Augmentir","isPartOf":{"@id":"https:\/\/www.augmentir.com\/#website"},"primaryImageOfPage":{"@id":"https:\/\/www.augmentir.com\/build-a-modern-connected-workforce-with-ai#primaryimage"},"image":{"@id":"https:\/\/www.augmentir.com\/build-a-modern-connected-workforce-with-ai#primaryimage"},"thumbnailUrl":"https:\/\/www.augmentir.com\/wp-content\/uploads\/2021\/10\/augmentir-webinar.png","datePublished":"2021-10-21T10:42:13+00:00","dateModified":"2025-07-06T10:35:18+00:00","description":"Learn how AI is being used to shape today\u2019s new workforce and address some of manufacturing\u2019s biggest challenges.","breadcrumb":{"@id":"https:\/\/www.augmentir.com\/build-a-modern-connected-workforce-with-ai#breadcrumb"},"inLanguage":"fr-FR","potentialAction":[{"@type":"ReadAction","target":["https:\/\/www.augmentir.com\/build-a-modern-connected-workforce-with-ai"]}]},{"@type":"ImageObject","inLanguage":"fr-FR","@id":"https:\/\/www.augmentir.com\/build-a-modern-connected-workforce-with-ai#primaryimage","url":"https:\/\/www.augmentir.com\/wp-content\/uploads\/2021\/10\/augmentir-webinar.png","contentUrl":"https:\/\/www.augmentir.com\/wp-content\/uploads\/2021\/10\/augmentir-webinar.png","width":1200,"height":630},{"@type":"BreadcrumbList","@id":"https:\/\/www.augmentir.com\/build-a-modern-connected-workforce-with-ai#breadcrumb","itemListElement":[{"@type":"ListItem","position":1,"name":"Home","item":"https:\/\/www.augmentir.com\/"},{"@type":"ListItem","position":2,"name":"Build a Modern Connected Workforce with AI"}]},{"@type":"WebSite","@id":"https:\/\/www.augmentir.com\/#website","url":"https:\/\/www.augmentir.com\/","name":"Augmentir","description":"AI-Powered Connected Worker Platform","publisher":{"@id":"https:\/\/www.augmentir.com\/#organization"},"potentialAction":[{"@type":"SearchAction","target":{"@type":"EntryPoint","urlTemplate":"https:\/\/www.augmentir.com\/?s={search_term_string}"},"query-input":{"@type":"PropertyValueSpecification","valueRequired":true,"valueName":"search_term_string"}}],"inLanguage":"fr-FR"},{"@type":"Organization","@id":"https:\/\/www.augmentir.com\/#organization","name":"Augmentir, Inc.","url":"https:\/\/www.augmentir.com\/","logo":{"@type":"ImageObject","inLanguage":"fr-FR","@id":"https:\/\/www.augmentir.com\/#\/schema\/logo\/image\/","url":"https:\/\/www.augmentir.com\/wp-content\/uploads\/2021\/10\/Augmentir_Logo.svg","contentUrl":"https:\/\/www.augmentir.com\/wp-content\/uploads\/2021\/10\/Augmentir_Logo.svg","width":"1200","height":"1200","caption":"Augmentir, Inc."},"image":{"@id":"https:\/\/www.augmentir.com\/#\/schema\/logo\/image\/"},"sameAs":["https:\/\/x.com\/augmentir","https:\/\/www.linkedin.com\/company\/augmentir"]}]}},"_links":{"self":[{"href":"https:\/\/www.augmentir.com\/fr\/wp-json\/wp\/v2\/pages\/11739","targetHints":{"allow":["GET"]}}],"collection":[{"href":"https:\/\/www.augmentir.com\/fr\/wp-json\/wp\/v2\/pages"}],"about":[{"href":"https:\/\/www.augmentir.com\/fr\/wp-json\/wp\/v2\/types\/page"}],"author":[{"embeddable":true,"href":"https:\/\/www.augmentir.com\/fr\/wp-json\/wp\/v2\/users\/1"}],"replies":[{"embeddable":true,"href":"https:\/\/www.augmentir.com\/fr\/wp-json\/wp\/v2\/comments?post=11739"}],"version-history":[{"count":0,"href":"https:\/\/www.augmentir.com\/fr\/wp-json\/wp\/v2\/pages\/11739\/revisions"}],"wp:featuredmedia":[{"embeddable":true,"href":"https:\/\/www.augmentir.com\/fr\/wp-json\/wp\/v2\/media\/11437"}],"wp:attachment":[{"href":"https:\/\/www.augmentir.com\/fr\/wp-json\/wp\/v2\/media?parent=11739"}],"curies":[{"name":"wp","href":"https:\/\/api.w.org\/{rel}","templated":true}]}}