{"id":11498,"date":"2021-10-10T00:25:26","date_gmt":"2021-10-10T00:25:26","guid":{"rendered":"https:\/\/www.augmentir.com\/?page_id=11498"},"modified":"2025-01-08T13:38:45","modified_gmt":"2025-01-08T13:38:45","slug":"field-service","status":"publish","type":"page","link":"https:\/\/www.augmentir.com\/fr\/use-cases\/field-service","title":{"rendered":"Augmentez la productivit\u00e9 et r\u00e9duisez les temps d&#039;arr\u00eat des techniciens de service sur le terrain"},"content":{"rendered":"<div id='title-section'  class='avia-section main_color avia-section-no-padding avia-no-border-styling avia-bg-style-scroll  avia-builder-el-0  el_before_av_section  avia-builder-el-first   container_wrap sidebar_right' style='background-color: #f8f8f8;  '  ><div class='container' ><main  role=\"main\" itemprop=\"mainContentOfPage\"  class='template-page content  av-content-small alpha units'><div class='post-entry post-entry-type-page post-entry-11498'><div class='entry-content-wrapper clearfix'>\n\n\n<\/div><\/div><\/main><!-- close content main element --><\/div><\/div><div id='hero-section'  class='avia-section main_color avia-section-large avia-no-border-styling avia-bg-style-scroll  avia-builder-el-2  el_after_av_section  el_before_av_section   container_wrap sidebar_right' style='background-color: rgba(232,245,232,0.75); background-repeat: repeat-x; background-image: url(https:\/\/www.augmentir.com\/wp-content\/uploads\/2021\/10\/hero-background-use-case.png);background-attachment: scroll; background-position: top left;  '  data-section-bg-repeat='repeat-x'><div class='container' ><div class='template-page content  av-content-small alpha units'><div class='post-entry post-entry-type-page post-entry-11498'><div class='entry-content-wrapper clearfix'>\n<section class=\"av_textblock_section\"  itemscope=\"itemscope\" itemtype=\"https:\/\/schema.org\/CreativeWork\" ><div class='avia_textblock eyebrow-headline-hero av_inherit_color'  style='font-size:16px; color:#efefef; '  itemprop=\"text\" ><p>Service sur le terrain<\/p>\n<\/div><\/section>\n<div class='flex_column_table av-equal-height-column-flextable -flextable' ><div class=\"flex_column av_one_half  flex_column_table_cell av-equal-height-column av-align-top av-zero-column-padding first  avia-builder-el-4  el_after_av_textblock  el_before_av_one_half  column-top-margin\" style='border-radius:0px; '><div  style='padding-bottom:12px; margin-top:30px; color:#ffffff;font-size:44px;' class='av-special-heading av-special-heading-h1 custom-color-heading blockquote modern-quote  avia-builder-el-5  avia-builder-el-no-sibling  av-inherit-size'><h1 class='av-special-heading-tag'  itemprop=\"headline\"  >Augmentez la productivit\u00e9, augmentez les taux de r\u00e9paration d\u00e8s la premi\u00e8re intervention<\/h1><div class='special-heading-border'><div class='special-heading-inner-border' style='border-color:#ffffff'><\/div><\/div><\/div><\/div><div class='av-flex-placeholder'><\/div><div class=\"flex_column av_one_half  flex_column_table_cell av-equal-height-column av-align-top   avia-builder-el-6  el_after_av_one_half  el_before_av_hr  column-top-margin\" style='padding:20px 0px 0px 0px ; border-radius:0px; '><section class=\"av_textblock_section\"  itemscope=\"itemscope\" itemtype=\"https:\/\/schema.org\/CreativeWork\" ><div class='avia_textblock'  style='font-size:18px; '  itemprop=\"text\" ><p><span style=\"color: #ffffff;\">Am\u00e9liorez l&#039;efficacit\u00e9 de vos \u00e9quipes de service sur le terrain, permettez aux techniciens de service sur le terrain d&#039;effectuer leur travail avec une qualit\u00e9 et une standardisation sup\u00e9rieures. Les informations bas\u00e9es sur l&#039;IA contribuent \u00e0 accro\u00eetre l&#039;efficacit\u00e9 des services et l&#039;efficacit\u00e9 globale de l&#039;organisation.<\/span><\/p>\n<\/div><\/section><\/div><\/div><!--close column table wrapper. Autoclose: 1 --><div  style='height:50px' class='hr hr-invisible   avia-builder-el-8  el_after_av_one_half  el_before_av_image'><span class='hr-inner' ><span class='hr-inner-style'><\/span><\/span><\/div>\n<div  class='avia-image-container  av-styling-no-styling    avia-builder-el-9  el_after_av_hr  avia-builder-el-last  avia-align-center'  itemprop=\"image\" itemscope=\"itemscope\" itemtype=\"https:\/\/schema.org\/ImageObject\"  ><div class='avia-image-container-inner'><div class='avia-image-overlay-wrap'><img class='avia_image' src='https:\/\/www.augmentir.com\/wp-content\/uploads\/2021\/10\/use-case-field-service-hero.jpg' alt='Cas d&#039;utilisation des travailleurs connect\u00e9s dans le service sur le terrain' title='' height=\"821\" width=\"1500\"  itemprop=\"thumbnailUrl\"  \/><\/div><\/div><\/div>\n<\/div><\/div><\/div><!-- close content main div --><\/div><\/div><div id='use-case-section'  class='avia-section main_color avia-section-large avia-no-border-styling avia-bg-style-scroll  avia-builder-el-10  el_after_av_section  avia-builder-el-last   container_wrap sidebar_right' style='background-color: rgba(232,245,232,0.75);  '  ><div class='container' ><div class='template-page content  av-content-small alpha units'><div class='post-entry post-entry-type-page post-entry-11498'><div class='entry-content-wrapper clearfix'>\n<div class=\"flex_column av_one_full  flex_column_div av-zero-column-padding first  avia-builder-el-11  el_before_av_one_half  avia-builder-el-first\" style='border-radius:0px; '><p><div  style='padding-bottom:10px; font-size:36px;' class='av-special-heading av-special-heading-h2  blockquote modern-quote  avia-builder-el-12  el_before_av_textblock  avia-builder-el-first  av-inherit-size'><h2 class='av-special-heading-tag'  itemprop=\"headline\"  >Cas d&#039;utilisation du service sur le terrain<\/h2><div class='special-heading-border'><div class='special-heading-inner-border' ><\/div><\/div><\/div><br \/>\n<section class=\"av_textblock_section\"  itemscope=\"itemscope\" itemtype=\"https:\/\/schema.org\/CreativeWork\" ><div class='avia_textblock'  style='font-size:18px; '  itemprop=\"text\" ><div class=\"page\" title=\"Page 3\">\n<div class=\"section\">\n<div class=\"layoutArea\">\n<div class=\"column\">\n<p><span style=\"font-weight: 400;\">Am\u00e9liorez l&#039;efficacit\u00e9 de vos \u00e9quipes de service sur le terrain avec des instructions de travail enti\u00e8rement num\u00e9riques et une collaboration \u00e0 distance. Augmentir permet aux techniciens de service sur le terrain d&#039;effectuer leur travail avec une qualit\u00e9 et une standardisation sup\u00e9rieures. Les informations bas\u00e9es sur l&#039;IA contribuent \u00e0 accro\u00eetre l&#039;efficacit\u00e9 des services et l&#039;efficacit\u00e9 globale de l&#039;organisation.<\/span><\/p>\n<ul>\n<li style=\"font-weight: 400;\" aria-level=\"1\"><span style=\"font-weight: 400;\">Les mod\u00e8les de service pr\u00e9d\u00e9finis vous permettent de cr\u00e9er rapidement de nouvelles instructions de travail de service<\/span><\/li>\n<li style=\"font-weight: 400;\" aria-level=\"1\"><span style=\"font-weight: 400;\">La capacit\u00e9 d&#039;assistance \u00e0 distance int\u00e9gr\u00e9e permet aux travailleurs sur le terrain de se connecter avec des experts en la mati\u00e8re (PME) \u00e0 distance pour aider \u00e0 d\u00e9panner et r\u00e9soudre rapidement les probl\u00e8mes<\/span><\/li>\n<li style=\"font-weight: 400;\" aria-level=\"1\"><span style=\"font-weight: 400;\">Listes de contr\u00f4le compl\u00e8tes avec collecte de donn\u00e9es associ\u00e9e<\/span><\/li>\n<li style=\"font-weight: 400;\" aria-level=\"1\"><span style=\"font-weight: 400;\">Escalades, notifications, branches de diagnostic et logique post-job<\/span><\/li>\n<li style=\"font-weight: 400;\" aria-level=\"1\"><span style=\"font-weight: 400;\">S&#039;int\u00e8gre facilement aux syst\u00e8mes CRM et de gestion des services existants<\/span><\/li>\n<\/ul>\n<\/div>\n<\/div>\n<\/div>\n<\/div>\n<\/div><\/section><\/p><\/div><div class=\"flex_column av_one_half  flex_column_div av-zero-column-padding first  avia-builder-el-14  el_after_av_one_full  el_before_av_one_half  column-top-margin\" style='border-radius:0px; '><p><span  class=\"av_font_icon avia_animate_when_visible avia-icon-animate  av-icon-style-  avia-icon-pos-left\" style=\"color:#fe6e4a; border-color:#fe6e4a;\"><span class='av-icon-char' style='font-size:32px;line-height:32px;' aria-hidden='true' data-av_icon='\ue817' data-av_iconfont='entypo-fontello' ><\/span><\/span><br \/>\n<div  style='padding-bottom:10px; font-size:24px;' class='av-special-heading av-special-heading-h3  blockquote modern-quote  avia-builder-el-16  el_after_av_font_icon  el_before_av_textblock  av-inherit-size'><h3 class='av-special-heading-tag'  itemprop=\"headline\"  >Installation<\/h3><div class='special-heading-border'><div class='special-heading-inner-border' ><\/div><\/div><\/div><br \/>\n<section class=\"av_textblock_section\"  itemscope=\"itemscope\" itemtype=\"https:\/\/schema.org\/CreativeWork\" ><div class='avia_textblock'   itemprop=\"text\" ><p>Augmentir permet de standardiser et d&#039;optimiser les proc\u00e9dures d&#039;assurance qualit\u00e9 et d&#039;inspection. Les instructions de travail num\u00e9riques aident les travailleurs \u00e0 effectuer des contr\u00f4les d&#039;inspection qui impliquent des inspections visuelles, des relev\u00e9s de compteurs, des contr\u00f4les de niveau de liquide, etc.<\/p>\n<\/div><\/section><\/p><\/div><div class=\"flex_column av_one_half  flex_column_div av-zero-column-padding   avia-builder-el-18  el_after_av_one_half  el_before_av_one_half  column-top-margin\" style='border-radius:0px; '><p><span  class=\"av_font_icon avia_animate_when_visible avia-icon-animate  av-icon-style-  avia-icon-pos-left\" style=\"color:#fe6e4a; border-color:#fe6e4a;\"><span class='av-icon-char' style='font-size:32px;line-height:32px;' aria-hidden='true' data-av_icon='\ue8a3' data-av_iconfont='entypo-fontello' ><\/span><\/span><br \/>\n<div  style='padding-bottom:10px; font-size:24px;' class='av-special-heading av-special-heading-h3  blockquote modern-quote  avia-builder-el-20  el_after_av_font_icon  el_before_av_textblock  av-inherit-size'><h3 class='av-special-heading-tag'  itemprop=\"headline\"  >Contr\u00f4les qualit\u00e9<\/h3><div class='special-heading-border'><div class='special-heading-inner-border' ><\/div><\/div><\/div><br \/>\n<section class=\"av_textblock_section\"  itemscope=\"itemscope\" itemtype=\"https:\/\/schema.org\/CreativeWork\" ><div class='avia_textblock'   itemprop=\"text\" ><div class=\"page\" title=\"Page 6\">\n<div class=\"section\">\n<div class=\"layoutArea\">\n<div class=\"column\">\n<p>Am\u00e9liorez la s\u00e9curit\u00e9 et automatisez le signalement des incidents de s\u00e9curit\u00e9. Des listes de contr\u00f4le num\u00e9riques et des consignes de s\u00e9curit\u00e9 aident \u00e0 garantir la conformit\u00e9 et \u00e0 minimiser les impacts.<\/p>\n<\/div>\n<\/div>\n<\/div>\n<\/div>\n<\/div><\/section><\/p><\/div><div class=\"flex_column av_one_half  flex_column_div av-zero-column-padding first  avia-builder-el-22  el_after_av_one_half  el_before_av_one_half  column-top-margin\" style='border-radius:0px; '><p><span  class=\"av_font_icon avia_animate_when_visible avia-icon-animate  av-icon-style-  avia-icon-pos-left\" style=\"color:#fe6e4a; border-color:#fe6e4a;\"><span class='av-icon-char' style='font-size:32px;line-height:32px;' aria-hidden='true' data-av_icon='\ue803' data-av_iconfont='entypo-fontello' ><\/span><\/span><br \/>\n<div  style='padding-bottom:10px; font-size:24px;' class='av-special-heading av-special-heading-h3  blockquote modern-quote  avia-builder-el-24  el_after_av_font_icon  el_before_av_textblock  av-inherit-size'><h3 class='av-special-heading-tag'  itemprop=\"headline\"  >Inspections des mat\u00e9riaux<\/h3><div class='special-heading-border'><div class='special-heading-inner-border' ><\/div><\/div><\/div><br \/>\n<section class=\"av_textblock_section\"  itemscope=\"itemscope\" itemtype=\"https:\/\/schema.org\/CreativeWork\" ><div class='avia_textblock'   itemprop=\"text\" ><div class=\"page\" title=\"Page 6\">\n<div class=\"section\">\n<div class=\"layoutArea\">\n<div class=\"column\">\n<p>Num\u00e9risez vos proc\u00e9dures de verrouillage\/\u00e9tiquetage pour garantir la conformit\u00e9 et prot\u00e9ger les travailleurs des situations dangereuses. Les approbations \u00e0 distance garantissent la s\u00e9curit\u00e9 et la conformit\u00e9.<\/p>\n<\/div>\n<\/div>\n<\/div>\n<\/div>\n<\/div><\/section><\/p><\/div><div class=\"flex_column av_one_half  flex_column_div av-zero-column-padding   avia-builder-el-26  el_after_av_one_half  el_before_av_one_half  column-top-margin\" style='border-radius:0px; '><p><span  class=\"av_font_icon avia_animate_when_visible avia-icon-animate  av-icon-style-  avia-icon-pos-left\" style=\"color:#fe6e4a; border-color:#fe6e4a;\"><span class='av-icon-char' style='font-size:32px;line-height:32px;' aria-hidden='true' data-av_icon='\ue856' data-av_iconfont='entypo-fontello' ><\/span><\/span><br \/>\n<div  style='padding-bottom:10px; font-size:24px;' class='av-special-heading av-special-heading-h3  blockquote modern-quote  avia-builder-el-28  el_after_av_font_icon  el_before_av_textblock  av-inherit-size'><h3 class='av-special-heading-tag'  itemprop=\"headline\"  >Entretien et r\u00e9paration<\/h3><div class='special-heading-border'><div class='special-heading-inner-border' ><\/div><\/div><\/div><br \/>\n<section class=\"av_textblock_section\"  itemscope=\"itemscope\" itemtype=\"https:\/\/schema.org\/CreativeWork\" ><div class='avia_textblock'   itemprop=\"text\" ><div class=\"page\" title=\"Page 6\">\n<div class=\"section\">\n<div class=\"layoutArea\">\n<div class=\"column\">\n<p>R\u00e9duisez le temps de configuration de l&#039;\u00e9quipement et la variabilit\u00e9 des processus et augmentez votre flexibilit\u00e9 pour r\u00e9pondre aux demandes des clients. Des instructions num\u00e9riques \u00e9tape par \u00e9tape permettent de s&#039;assurer que les mises \u00e0 niveau ou les changements sont effectu\u00e9s correctement, et l&#039;int\u00e9gration avec un syst\u00e8me MES ou ERP offre une visibilit\u00e9 sur l&#039;entreprise.<\/p>\n<\/div>\n<\/div>\n<\/div>\n<\/div>\n<\/div><\/section><\/p><\/div><div class=\"flex_column av_one_half  flex_column_div av-zero-column-padding first  avia-builder-el-30  el_after_av_one_half  el_before_av_one_half  column-top-margin\" style='border-radius:0px; '><p><span  class=\"av_font_icon avia_animate_when_visible avia-icon-animate  av-icon-style-  avia-icon-pos-left\" style=\"color:#fe6e4a; border-color:#fe6e4a;\"><span class='av-icon-char' style='font-size:32px;line-height:32px;' aria-hidden='true' data-av_icon='\ue83c' data-av_iconfont='entypo-fontello' ><\/span><\/span><br \/>\n<div  style='padding-bottom:10px; font-size:24px;' class='av-special-heading av-special-heading-h3  blockquote modern-quote  avia-builder-el-32  el_after_av_font_icon  el_before_av_textblock  av-inherit-size'><h3 class='av-special-heading-tag'  itemprop=\"headline\"  >Collaboration Fournisseur \/ Concessionnaire<\/h3><div class='special-heading-border'><div class='special-heading-inner-border' ><\/div><\/div><\/div><br \/>\n<section class=\"av_textblock_section\"  itemscope=\"itemscope\" itemtype=\"https:\/\/schema.org\/CreativeWork\" ><div class='avia_textblock'   itemprop=\"text\" ><div class=\"page\" title=\"Page 6\">\n<div class=\"section\">\n<div class=\"layoutArea\">\n<div class=\"column\">\n<p>Assurez la disponibilit\u00e9 et le rendement de l&#039;\u00e9quipement et am\u00e9liorez la s\u00e9curit\u00e9, la qualit\u00e9 et l&#039;efficacit\u00e9 des routines d&#039;entretien des op\u00e9rateurs effectu\u00e9es par la direction, l&#039;exploitation et la maintenance de l&#039;usine.<\/p>\n<\/div>\n<\/div>\n<\/div>\n<\/div>\n<\/div><\/section><\/p><\/div><div class=\"flex_column av_one_half  flex_column_div av-zero-column-padding   avia-builder-el-34  el_after_av_one_half  avia-builder-el-last  column-top-margin\" style='border-radius:0px; '><p><span  class=\"av_font_icon avia_animate_when_visible avia-icon-animate  av-icon-style-  avia-icon-pos-left\" style=\"color:#fe6e4a; border-color:#fe6e4a;\"><span class='av-icon-char' style='font-size:32px;line-height:32px;' aria-hidden='true' data-av_icon='\ue83e' data-av_iconfont='entypo-fontello' ><\/span><\/span><br \/>\n<div  style='padding-bottom:10px; font-size:24px;' class='av-special-heading av-special-heading-h3  blockquote modern-quote  avia-builder-el-36  el_after_av_font_icon  el_before_av_textblock  av-inherit-size'><h3 class='av-special-heading-tag'  itemprop=\"headline\"  >Avis de garantie<\/h3><div class='special-heading-border'><div class='special-heading-inner-border' ><\/div><\/div><\/div><br \/>\n<section class=\"av_textblock_section\"  itemscope=\"itemscope\" itemtype=\"https:\/\/schema.org\/CreativeWork\" ><div class='avia_textblock'   itemprop=\"text\" ><div class=\"page\" title=\"Page 6\">\n<div class=\"section\">\n<div class=\"layoutArea\">\n<div class=\"column\">\n<p>Am\u00e9liorer la qualit\u00e9, la transparence et l&#039;efficacit\u00e9 des proc\u00e9dures de maintenance pr\u00e9ventive. Les instructions de travail num\u00e9riques et l&#039;assistance d&#039;experts \u00e0 distance aident \u00e0 guider le personnel de maintenance avec une maintenance et des r\u00e9parations plus efficaces, ce qui r\u00e9duit les temps d&#039;arr\u00eat de la machine.<\/p>\n<\/div>\n<\/div>\n<\/div>\n<\/div>\n<\/div><\/section><\/p><\/div>\n<\/div><\/div><\/div><!-- close content main div --><\/div><\/div><div id='after_section_3'  class='main_color av_default_container_wrap container_wrap sidebar_right' style=' '  ><div class='container' ><div class='template-page content  av-content-small alpha units'><div class='post-entry post-entry-type-page post-entry-11498'><div class='entry-content-wrapper clearfix'><\/p>","protected":false},"excerpt":{"rendered":"","protected":false},"author":1,"featured_media":0,"parent":11482,"menu_order":0,"comment_status":"closed","ping_status":"closed","template":"","meta":{"inline_featured_image":false,"_lmt_disableupdate":"no","_lmt_disable":"","footnotes":""},"class_list":["post-11498","page","type-page","status-publish","hentry"],"yoast_head":"<!-- This site is optimized with the Yoast SEO plugin v27.2 - https:\/\/yoast.com\/product\/yoast-seo-wordpress\/ -->\n<title>Boost Productivity and Reduce Downtime of Field Service Technicians - Augmentir<\/title>\n<meta name=\"description\" content=\"Digitize safety, quality, and maintenance processes to boost productivity, reduce downtime, and increase first time fix rates of Field Service Technicians with Augmentir.\" \/>\n<meta name=\"robots\" content=\"index, follow, max-snippet:-1, max-image-preview:large, max-video-preview:-1\" \/>\n<link rel=\"canonical\" href=\"https:\/\/www.augmentir.com\/fr\/use-cases\/field-service\" \/>\n<meta property=\"og:locale\" content=\"fr_FR\" \/>\n<meta property=\"og:type\" content=\"article\" \/>\n<meta property=\"og:title\" content=\"Boost Productivity and Reduce Downtime of Field Service Technicians - Augmentir\" \/>\n<meta property=\"og:description\" content=\"Digitize safety, quality, and maintenance processes to boost productivity, reduce downtime, and increase first time fix rates of Field Service Technicians with Augmentir.\" \/>\n<meta property=\"og:url\" content=\"https:\/\/www.augmentir.com\/fr\/use-cases\/field-service\" \/>\n<meta property=\"og:site_name\" content=\"Augmentir\" \/>\n<meta property=\"article:modified_time\" content=\"2025-01-08T13:38:45+00:00\" \/>\n<meta name=\"twitter:card\" content=\"summary_large_image\" \/>\n<meta name=\"twitter:site\" content=\"@augmentir\" \/>\n<script type=\"application\/ld+json\" class=\"yoast-schema-graph\">{\"@context\":\"https:\/\/schema.org\",\"@graph\":[{\"@type\":\"WebPage\",\"@id\":\"https:\/\/www.augmentir.com\/use-cases\/field-service\",\"url\":\"https:\/\/www.augmentir.com\/use-cases\/field-service\",\"name\":\"Boost Productivity and Reduce Downtime of Field Service Technicians - Augmentir\",\"isPartOf\":{\"@id\":\"https:\/\/www.augmentir.com\/#website\"},\"datePublished\":\"2021-10-10T00:25:26+00:00\",\"dateModified\":\"2025-01-08T13:38:45+00:00\",\"description\":\"Digitize safety, quality, and maintenance processes to boost productivity, reduce downtime, and increase first time fix rates of Field Service Technicians with Augmentir.\",\"breadcrumb\":{\"@id\":\"https:\/\/www.augmentir.com\/use-cases\/field-service#breadcrumb\"},\"inLanguage\":\"fr-FR\",\"potentialAction\":[{\"@type\":\"ReadAction\",\"target\":[\"https:\/\/www.augmentir.com\/use-cases\/field-service\"]}]},{\"@type\":\"BreadcrumbList\",\"@id\":\"https:\/\/www.augmentir.com\/use-cases\/field-service#breadcrumb\",\"itemListElement\":[{\"@type\":\"ListItem\",\"position\":1,\"name\":\"Home\",\"item\":\"https:\/\/www.augmentir.com\/\"},{\"@type\":\"ListItem\",\"position\":2,\"name\":\"Connected Worker Use Cases\",\"item\":\"https:\/\/www.augmentir.com\/use-cases\"},{\"@type\":\"ListItem\",\"position\":3,\"name\":\"Boost Productivity and Reduce Downtime of Field Service Technicians\"}]},{\"@type\":\"WebSite\",\"@id\":\"https:\/\/www.augmentir.com\/#website\",\"url\":\"https:\/\/www.augmentir.com\/\",\"name\":\"Augmentir\",\"description\":\"AI-Powered Connected Worker Platform\",\"publisher\":{\"@id\":\"https:\/\/www.augmentir.com\/#organization\"},\"potentialAction\":[{\"@type\":\"SearchAction\",\"target\":{\"@type\":\"EntryPoint\",\"urlTemplate\":\"https:\/\/www.augmentir.com\/?s={search_term_string}\"},\"query-input\":{\"@type\":\"PropertyValueSpecification\",\"valueRequired\":true,\"valueName\":\"search_term_string\"}}],\"inLanguage\":\"fr-FR\"},{\"@type\":\"Organization\",\"@id\":\"https:\/\/www.augmentir.com\/#organization\",\"name\":\"Augmentir, Inc.\",\"url\":\"https:\/\/www.augmentir.com\/\",\"logo\":{\"@type\":\"ImageObject\",\"inLanguage\":\"fr-FR\",\"@id\":\"https:\/\/www.augmentir.com\/#\/schema\/logo\/image\/\",\"url\":\"https:\/\/www.augmentir.com\/wp-content\/uploads\/2021\/10\/Augmentir_Logo.svg\",\"contentUrl\":\"https:\/\/www.augmentir.com\/wp-content\/uploads\/2021\/10\/Augmentir_Logo.svg\",\"width\":\"1200\",\"height\":\"1200\",\"caption\":\"Augmentir, Inc.\"},\"image\":{\"@id\":\"https:\/\/www.augmentir.com\/#\/schema\/logo\/image\/\"},\"sameAs\":[\"https:\/\/x.com\/augmentir\",\"https:\/\/www.linkedin.com\/company\/augmentir\"]}]}<\/script>\n<!-- \/ Yoast SEO plugin. -->","yoast_head_json":{"title":"Boost Productivity and Reduce Downtime of Field Service Technicians - Augmentir","description":"Digitize safety, quality, and maintenance processes to boost productivity, reduce downtime, and increase first time fix rates of Field Service Technicians with Augmentir.","robots":{"index":"index","follow":"follow","max-snippet":"max-snippet:-1","max-image-preview":"max-image-preview:large","max-video-preview":"max-video-preview:-1"},"canonical":"https:\/\/www.augmentir.com\/fr\/use-cases\/field-service","og_locale":"fr_FR","og_type":"article","og_title":"Boost Productivity and Reduce Downtime of Field Service Technicians - Augmentir","og_description":"Digitize safety, quality, and maintenance processes to boost productivity, reduce downtime, and increase first time fix rates of Field Service Technicians with Augmentir.","og_url":"https:\/\/www.augmentir.com\/fr\/use-cases\/field-service","og_site_name":"Augmentir","article_modified_time":"2025-01-08T13:38:45+00:00","twitter_card":"summary_large_image","twitter_site":"@augmentir","schema":{"@context":"https:\/\/schema.org","@graph":[{"@type":"WebPage","@id":"https:\/\/www.augmentir.com\/use-cases\/field-service","url":"https:\/\/www.augmentir.com\/use-cases\/field-service","name":"Boost Productivity and Reduce Downtime of Field Service Technicians - Augmentir","isPartOf":{"@id":"https:\/\/www.augmentir.com\/#website"},"datePublished":"2021-10-10T00:25:26+00:00","dateModified":"2025-01-08T13:38:45+00:00","description":"Digitize safety, quality, and maintenance processes to boost productivity, reduce downtime, and increase first time fix rates of Field Service Technicians with Augmentir.","breadcrumb":{"@id":"https:\/\/www.augmentir.com\/use-cases\/field-service#breadcrumb"},"inLanguage":"fr-FR","potentialAction":[{"@type":"ReadAction","target":["https:\/\/www.augmentir.com\/use-cases\/field-service"]}]},{"@type":"BreadcrumbList","@id":"https:\/\/www.augmentir.com\/use-cases\/field-service#breadcrumb","itemListElement":[{"@type":"ListItem","position":1,"name":"Home","item":"https:\/\/www.augmentir.com\/"},{"@type":"ListItem","position":2,"name":"Connected Worker Use Cases","item":"https:\/\/www.augmentir.com\/use-cases"},{"@type":"ListItem","position":3,"name":"Boost Productivity and Reduce Downtime of Field Service Technicians"}]},{"@type":"WebSite","@id":"https:\/\/www.augmentir.com\/#website","url":"https:\/\/www.augmentir.com\/","name":"Augmentir","description":"AI-Powered Connected Worker Platform","publisher":{"@id":"https:\/\/www.augmentir.com\/#organization"},"potentialAction":[{"@type":"SearchAction","target":{"@type":"EntryPoint","urlTemplate":"https:\/\/www.augmentir.com\/?s={search_term_string}"},"query-input":{"@type":"PropertyValueSpecification","valueRequired":true,"valueName":"search_term_string"}}],"inLanguage":"fr-FR"},{"@type":"Organization","@id":"https:\/\/www.augmentir.com\/#organization","name":"Augmentir, Inc.","url":"https:\/\/www.augmentir.com\/","logo":{"@type":"ImageObject","inLanguage":"fr-FR","@id":"https:\/\/www.augmentir.com\/#\/schema\/logo\/image\/","url":"https:\/\/www.augmentir.com\/wp-content\/uploads\/2021\/10\/Augmentir_Logo.svg","contentUrl":"https:\/\/www.augmentir.com\/wp-content\/uploads\/2021\/10\/Augmentir_Logo.svg","width":"1200","height":"1200","caption":"Augmentir, Inc."},"image":{"@id":"https:\/\/www.augmentir.com\/#\/schema\/logo\/image\/"},"sameAs":["https:\/\/x.com\/augmentir","https:\/\/www.linkedin.com\/company\/augmentir"]}]}},"_links":{"self":[{"href":"https:\/\/www.augmentir.com\/fr\/wp-json\/wp\/v2\/pages\/11498","targetHints":{"allow":["GET"]}}],"collection":[{"href":"https:\/\/www.augmentir.com\/fr\/wp-json\/wp\/v2\/pages"}],"about":[{"href":"https:\/\/www.augmentir.com\/fr\/wp-json\/wp\/v2\/types\/page"}],"author":[{"embeddable":true,"href":"https:\/\/www.augmentir.com\/fr\/wp-json\/wp\/v2\/users\/1"}],"replies":[{"embeddable":true,"href":"https:\/\/www.augmentir.com\/fr\/wp-json\/wp\/v2\/comments?post=11498"}],"version-history":[{"count":0,"href":"https:\/\/www.augmentir.com\/fr\/wp-json\/wp\/v2\/pages\/11498\/revisions"}],"up":[{"embeddable":true,"href":"https:\/\/www.augmentir.com\/fr\/wp-json\/wp\/v2\/pages\/11482"}],"wp:attachment":[{"href":"https:\/\/www.augmentir.com\/fr\/wp-json\/wp\/v2\/media?parent=11498"}],"curies":[{"name":"wp","href":"https:\/\/api.w.org\/{rel}","templated":true}]}}