{"id":11494,"date":"2021-10-10T00:21:01","date_gmt":"2021-10-10T00:21:01","guid":{"rendered":"https:\/\/www.augmentir.com\/?page_id=11494"},"modified":"2025-05-25T10:30:00","modified_gmt":"2025-05-25T10:30:00","slug":"maintenance","status":"publish","type":"page","link":"https:\/\/www.augmentir.com\/fr\/use-cases\/maintenance","title":{"rendered":"Maintenance - Am\u00e9liorer la disponibilit\u00e9 et l&#039;efficacit\u00e9, r\u00e9duire les d\u00e9fauts"},"content":{"rendered":"<div id='title-section'  class='avia-section main_color avia-section-no-padding avia-no-border-styling avia-bg-style-scroll  avia-builder-el-0  el_before_av_section  avia-builder-el-first   container_wrap sidebar_right' style='background-color: #f8f8f8;  '  ><div class='container' ><main  role=\"main\" itemprop=\"mainContentOfPage\"  class='template-page content  av-content-small alpha units'><div class='post-entry post-entry-type-page post-entry-11494'><div class='entry-content-wrapper clearfix'>\n\n\n<\/div><\/div><\/main><!-- close content main element --><\/div><\/div><div id='hero-section'  class='avia-section main_color avia-section-large avia-no-border-styling avia-bg-style-scroll  avia-builder-el-2  el_after_av_section  el_before_av_section   container_wrap sidebar_right' style='background-color: rgba(232,245,232,0.75); background-repeat: repeat-x; background-image: url(https:\/\/www.augmentir.com\/wp-content\/uploads\/2021\/10\/hero-background-use-case.png);background-attachment: scroll; background-position: top left;  '  data-section-bg-repeat='repeat-x'><div class='container' ><div class='template-page content  av-content-small alpha units'><div class='post-entry post-entry-type-page post-entry-11494'><div class='entry-content-wrapper clearfix'>\n<section class=\"av_textblock_section\"  itemscope=\"itemscope\" itemtype=\"https:\/\/schema.org\/CreativeWork\" ><div class='avia_textblock eyebrow-headline-hero av_inherit_color'  style='font-size:16px; color:#efefef; '  itemprop=\"text\" ><p>Entretien<\/p>\n<\/div><\/section>\n<div class='flex_column_table av-equal-height-column-flextable -flextable' ><div class=\"flex_column av_one_half  flex_column_table_cell av-equal-height-column av-align-top av-zero-column-padding first  avia-builder-el-4  el_after_av_textblock  el_before_av_one_half  column-top-margin\" style='border-radius:0px; '><div  style='padding-bottom:12px; margin-top:30px; color:#ffffff;font-size:44px;' class='av-special-heading av-special-heading-h1 custom-color-heading blockquote modern-quote  avia-builder-el-5  avia-builder-el-no-sibling  av-inherit-size'><h1 class='av-special-heading-tag'  itemprop=\"headline\"  >Am\u00e9liorez la disponibilit\u00e9 et l&#039;efficacit\u00e9, r\u00e9duisez les erreurs<\/h1><div class='special-heading-border'><div class='special-heading-inner-border' style='border-color:#ffffff'><\/div><\/div><\/div><\/div><div class='av-flex-placeholder'><\/div><div class=\"flex_column av_one_half  flex_column_table_cell av-equal-height-column av-align-top   avia-builder-el-6  el_after_av_one_half  el_before_av_hr  column-top-margin\" style='padding:20px 0px 0px 0px ; border-radius:0px; '><section class=\"av_textblock_section\"  itemscope=\"itemscope\" itemtype=\"https:\/\/schema.org\/CreativeWork\" ><div class='avia_textblock body-copy-lighter'  style='font-size:18px; '  itemprop=\"text\" ><p><span style=\"color: #ffffff;\">Am\u00e9liorer la qualit\u00e9, la transparence et l&#039;efficacit\u00e9 des proc\u00e9dures de maintenance et de r\u00e9paration. Les instructions de travail num\u00e9riques et la collaboration \u00e0 distance aident \u00e0 guider efficacement les techniciens, ce qui r\u00e9duit les temps d&#039;arr\u00eat de la machine.<\/span><\/p>\n<\/div><\/section><\/div><\/div><!--close column table wrapper. Autoclose: 1 --><div  style='height:50px' class='hr hr-invisible   avia-builder-el-8  el_after_av_one_half  el_before_av_image'><span class='hr-inner' ><span class='hr-inner-style'><\/span><\/span><\/div>\n<div  class='avia-image-container  av-styling-    avia-builder-el-9  el_after_av_hr  avia-builder-el-last  avia-align-center'  itemprop=\"image\" itemscope=\"itemscope\" itemtype=\"https:\/\/schema.org\/ImageObject\"  ><div class='avia-image-container-inner'><div class='avia-image-overlay-wrap'><img class='avia_image' src='https:\/\/www.augmentir.com\/wp-content\/uploads\/2021\/10\/use-case-maintenance-hero.jpg' alt='Cas d&#039;utilisation des travailleurs connect\u00e9s pour la maintenance' title='' height=\"1000\" width=\"1500\"  itemprop=\"thumbnailUrl\"  \/><\/div><\/div><\/div>\n\n<\/div><\/div><\/div><!-- close content main div --><\/div><\/div><div id='use-case-section'  class='avia-section main_color avia-section-large avia-no-border-styling avia-bg-style-scroll  avia-builder-el-10  el_after_av_section  avia-builder-el-last   container_wrap sidebar_right' style='background-color: rgba(232,245,232,0.75);  '  ><div class='container' ><div class='template-page content  av-content-small alpha units'><div class='post-entry post-entry-type-page post-entry-11494'><div class='entry-content-wrapper clearfix'>\n<div class=\"flex_column av_one_full  flex_column_div av-zero-column-padding first  avia-builder-el-11  el_before_av_one_half  avia-builder-el-first\" style='border-radius:0px; '><p><div  style='padding-bottom:10px; font-size:36px;' class='av-special-heading av-special-heading-h2  blockquote modern-quote  avia-builder-el-12  el_before_av_textblock  avia-builder-el-first  av-inherit-size'><h2 class='av-special-heading-tag'  itemprop=\"headline\"  >Cas d&#039;utilisation pour la maintenance et la r\u00e9paration<\/h2><div class='special-heading-border'><div class='special-heading-inner-border' ><\/div><\/div><\/div><br \/>\n<section class=\"av_textblock_section\"  itemscope=\"itemscope\" itemtype=\"https:\/\/schema.org\/CreativeWork\" ><div class='avia_textblock'  style='font-size:18px; '  itemprop=\"text\" ><div class=\"page\" title=\"Page 3\">\n<div class=\"section\">\n<div class=\"layoutArea\">\n<div class=\"column\">\n<p style=\"text-align: left;\"><span style=\"font-weight: 400;\">Am\u00e9liorer la qualit\u00e9, la transparence et l&#039;efficacit\u00e9 des proc\u00e9dures de maintenance et de r\u00e9paration. Les instructions de travail num\u00e9riques et l&#039;assistance d&#039;experts \u00e0 distance aident \u00e0 guider les techniciens avec une maintenance et des r\u00e9parations plus efficaces, ce qui r\u00e9duit les temps d&#039;arr\u00eat de la machine.<\/span><\/p>\n<\/div>\n<\/div>\n<\/div>\n<\/div>\n<\/div><\/section><\/p><\/div><div class=\"flex_column av_one_half  flex_column_div av-zero-column-padding first  avia-builder-el-14  el_after_av_one_full  el_before_av_one_half  column-top-margin\" style='border-radius:0px; '><p><span  class=\"av_font_icon avia_animate_when_visible avia-icon-animate  av-icon-style-  avia-icon-pos-left\" style=\"color:#fe6e4a; border-color:#fe6e4a;\"><span class='av-icon-char' style='font-size:32px;line-height:32px;' aria-hidden='true' data-av_icon='\ue8a5' data-av_iconfont='entypo-fontello' ><\/span><\/span><br \/>\n<div  style='padding-bottom:10px; font-size:24px;' class='av-special-heading av-special-heading-h3  blockquote modern-quote  avia-builder-el-16  el_after_av_font_icon  el_before_av_textblock  av-inherit-size'><h3 class='av-special-heading-tag'  itemprop=\"headline\"  >Proc\u00e9dures de maintenance<\/h3><div class='special-heading-border'><div class='special-heading-inner-border' ><\/div><\/div><\/div><br \/>\n<section class=\"av_textblock_section\"  itemscope=\"itemscope\" itemtype=\"https:\/\/schema.org\/CreativeWork\" ><div class='avia_textblock'   itemprop=\"text\" ><p>Augmentir permet de standardiser et d&#039;optimiser les proc\u00e9dures de maintenance. <span style=\"font-weight: 400;\">Listes de contr\u00f4le compl\u00e8tes avec collecte de donn\u00e9es associ\u00e9e, e<\/span><span style=\"font-weight: 400;\">scalations et notifications, et p<\/span><span style=\"font-weight: 400;\">logique d&#039;ost-job.<\/span><\/p>\n<\/div><\/section><\/p><\/div><div class=\"flex_column av_one_half  flex_column_div av-zero-column-padding   avia-builder-el-18  el_after_av_one_half  el_before_av_one_half  column-top-margin\" style='border-radius:0px; '><p><span  class=\"av_font_icon avia_animate_when_visible avia-icon-animate  av-icon-style-  avia-icon-pos-left\" style=\"color:#fe6e4a; border-color:#fe6e4a;\"><span class='av-icon-char' style='font-size:32px;line-height:32px;' aria-hidden='true' data-av_icon='\ue856' data-av_iconfont='entypo-fontello' ><\/span><\/span><br \/>\n<div  style='padding-bottom:10px; font-size:24px;' class='av-special-heading av-special-heading-h3  blockquote modern-quote  avia-builder-el-20  el_after_av_font_icon  el_before_av_textblock  av-inherit-size'><h3 class='av-special-heading-tag'  itemprop=\"headline\"  >Maintenance pr\u00e9ventive<\/h3><div class='special-heading-border'><div class='special-heading-inner-border' ><\/div><\/div><\/div><br \/>\n<section class=\"av_textblock_section\"  itemscope=\"itemscope\" itemtype=\"https:\/\/schema.org\/CreativeWork\" ><div class='avia_textblock'   itemprop=\"text\" ><div class=\"page\" title=\"Page 6\">\n<div class=\"section\">\n<div class=\"layoutArea\">\n<div class=\"column\">\n<p>Effectuer des t\u00e2ches d\u2019entretien de routine sur les machines pour \u00e9viter de futures pannes et autres probl\u00e8mes.<\/p>\n<\/div>\n<\/div>\n<\/div>\n<\/div>\n<\/div><\/section><\/p><\/div><div class=\"flex_column av_one_half  flex_column_div av-zero-column-padding first  avia-builder-el-22  el_after_av_one_half  el_before_av_one_half  column-top-margin\" style='border-radius:0px; '><p><span  class=\"av_font_icon avia_animate_when_visible avia-icon-animate  av-icon-style-  avia-icon-pos-left\" style=\"color:#fe6e4a; border-color:#fe6e4a;\"><span class='av-icon-char' style='font-size:32px;line-height:32px;' aria-hidden='true' data-av_icon='\ue81f' data-av_iconfont='entypo-fontello' ><\/span><\/span><br \/>\n<div  style='padding-bottom:10px; font-size:24px;' class='av-special-heading av-special-heading-h3  blockquote modern-quote  avia-builder-el-24  el_after_av_font_icon  el_before_av_textblock  av-inherit-size'><h3 class='av-special-heading-tag'  itemprop=\"headline\"  >Avis d&#039;entretien<\/h3><div class='special-heading-border'><div class='special-heading-inner-border' ><\/div><\/div><\/div><br \/>\n<section class=\"av_textblock_section\"  itemscope=\"itemscope\" itemtype=\"https:\/\/schema.org\/CreativeWork\" ><div class='avia_textblock'   itemprop=\"text\" ><div class=\"page\" title=\"Page 6\">\n<div class=\"section\">\n<div class=\"layoutArea\">\n<div class=\"column\">\n<p>Am\u00e9liorez la communication au sein de votre exploitation en num\u00e9risant et en automatisant les notifications de maintenance. Int\u00e9grez de mani\u00e8re transparente des notifications et des escalades dans des instructions de travail num\u00e9riques pour les proc\u00e9dures de maintenance.<\/p>\n<\/div>\n<\/div>\n<\/div>\n<\/div>\n<\/div><\/section><\/p><\/div><div class=\"flex_column av_one_half  flex_column_div av-zero-column-padding   avia-builder-el-26  el_after_av_one_half  avia-builder-el-last  column-top-margin\" style='border-radius:0px; '><p><span  class=\"av_font_icon avia_animate_when_visible avia-icon-animate  av-icon-style-  avia-icon-pos-left\" style=\"color:#fe6e4a; border-color:#fe6e4a;\"><span class='av-icon-char' style='font-size:32px;line-height:32px;' aria-hidden='true' data-av_icon='\ue856' data-av_iconfont='entypo-fontello' ><\/span><\/span><br \/>\n<div  style='padding-bottom:10px; font-size:24px;' class='av-special-heading av-special-heading-h3  blockquote modern-quote  avia-builder-el-28  el_after_av_font_icon  el_before_av_textblock  av-inherit-size'><h3 class='av-special-heading-tag'  itemprop=\"headline\"  >Analyse de la s\u00e9curit\u00e9 de l&#039;emploi<\/h3><div class='special-heading-border'><div class='special-heading-inner-border' ><\/div><\/div><\/div><br \/>\n<section class=\"av_textblock_section\"  itemscope=\"itemscope\" itemtype=\"https:\/\/schema.org\/CreativeWork\" ><div class='avia_textblock'   itemprop=\"text\" ><div class=\"page\" title=\"Page 6\">\n<div class=\"section\">\n<div class=\"layoutArea\">\n<div class=\"column\">\n<p>Am\u00e9liorer la qualit\u00e9, la transparence et l&#039;efficacit\u00e9 des proc\u00e9dures de maintenance pr\u00e9ventive. Les instructions de travail num\u00e9riques et l&#039;assistance d&#039;experts \u00e0 distance aident \u00e0 guider le personnel de maintenance avec une maintenance et des r\u00e9parations plus efficaces, ce qui r\u00e9duit les temps d&#039;arr\u00eat de la machine.<\/p>\n<\/div>\n<\/div>\n<\/div>\n<\/div>\n<\/div><\/section><\/p><\/div><\/div><\/div><\/div><!-- close content main div --><\/div><\/div><div id='after_section_3'  class='main_color av_default_container_wrap container_wrap sidebar_right' style=' '  ><div class='container' ><div class='template-page content  av-content-small alpha units'><div class='post-entry post-entry-type-page post-entry-11494'><div class='entry-content-wrapper clearfix'>","protected":false},"excerpt":{"rendered":"","protected":false},"author":1,"featured_media":0,"parent":11482,"menu_order":0,"comment_status":"closed","ping_status":"closed","template":"","meta":{"inline_featured_image":false,"_lmt_disableupdate":"no","_lmt_disable":"","footnotes":""},"class_list":["post-11494","page","type-page","status-publish","hentry"],"yoast_head":"<!-- This site is optimized with the Yoast SEO plugin v27.2 - https:\/\/yoast.com\/product\/yoast-seo-wordpress\/ -->\n<title>Maintenance - Improve Uptime and Efficiency, Reduce Defects - Augmentir<\/title>\n<meta name=\"description\" content=\"Improve the quality, transparency, and efficiency of preventive and autonomous maintenance and repair procedures with Augmentir&#039;s AI platform.\" \/>\n<meta name=\"robots\" content=\"index, follow, max-snippet:-1, max-image-preview:large, max-video-preview:-1\" \/>\n<link rel=\"canonical\" href=\"https:\/\/www.augmentir.com\/fr\/use-cases\/maintenance\" \/>\n<meta property=\"og:locale\" content=\"fr_FR\" \/>\n<meta property=\"og:type\" content=\"article\" \/>\n<meta property=\"og:title\" content=\"Maintenance - Improve Uptime and Efficiency, Reduce Defects - Augmentir\" \/>\n<meta property=\"og:description\" content=\"Improve the quality, transparency, and efficiency of preventive and autonomous maintenance and repair procedures with Augmentir&#039;s AI platform.\" \/>\n<meta property=\"og:url\" content=\"https:\/\/www.augmentir.com\/fr\/use-cases\/maintenance\" \/>\n<meta property=\"og:site_name\" content=\"Augmentir\" \/>\n<meta property=\"article:modified_time\" content=\"2025-05-25T10:30:00+00:00\" \/>\n<meta name=\"twitter:card\" content=\"summary_large_image\" \/>\n<meta name=\"twitter:site\" content=\"@augmentir\" \/>\n<script type=\"application\/ld+json\" class=\"yoast-schema-graph\">{\"@context\":\"https:\/\/schema.org\",\"@graph\":[{\"@type\":\"WebPage\",\"@id\":\"https:\/\/www.augmentir.com\/use-cases\/maintenance\",\"url\":\"https:\/\/www.augmentir.com\/use-cases\/maintenance\",\"name\":\"Maintenance - Improve Uptime and Efficiency, Reduce Defects - Augmentir\",\"isPartOf\":{\"@id\":\"https:\/\/www.augmentir.com\/#website\"},\"datePublished\":\"2021-10-10T00:21:01+00:00\",\"dateModified\":\"2025-05-25T10:30:00+00:00\",\"description\":\"Improve the quality, transparency, and efficiency of preventive and autonomous maintenance and repair procedures with Augmentir's AI platform.\",\"breadcrumb\":{\"@id\":\"https:\/\/www.augmentir.com\/use-cases\/maintenance#breadcrumb\"},\"inLanguage\":\"fr-FR\",\"potentialAction\":[{\"@type\":\"ReadAction\",\"target\":[\"https:\/\/www.augmentir.com\/use-cases\/maintenance\"]}]},{\"@type\":\"BreadcrumbList\",\"@id\":\"https:\/\/www.augmentir.com\/use-cases\/maintenance#breadcrumb\",\"itemListElement\":[{\"@type\":\"ListItem\",\"position\":1,\"name\":\"Home\",\"item\":\"https:\/\/www.augmentir.com\/\"},{\"@type\":\"ListItem\",\"position\":2,\"name\":\"Connected Worker Use Cases\",\"item\":\"https:\/\/www.augmentir.com\/use-cases\"},{\"@type\":\"ListItem\",\"position\":3,\"name\":\"Maintenance &#8211; Improve Uptime and Efficiency, Reduce Defects\"}]},{\"@type\":\"WebSite\",\"@id\":\"https:\/\/www.augmentir.com\/#website\",\"url\":\"https:\/\/www.augmentir.com\/\",\"name\":\"Augmentir\",\"description\":\"AI-Powered Connected Worker Platform\",\"publisher\":{\"@id\":\"https:\/\/www.augmentir.com\/#organization\"},\"potentialAction\":[{\"@type\":\"SearchAction\",\"target\":{\"@type\":\"EntryPoint\",\"urlTemplate\":\"https:\/\/www.augmentir.com\/?s={search_term_string}\"},\"query-input\":{\"@type\":\"PropertyValueSpecification\",\"valueRequired\":true,\"valueName\":\"search_term_string\"}}],\"inLanguage\":\"fr-FR\"},{\"@type\":\"Organization\",\"@id\":\"https:\/\/www.augmentir.com\/#organization\",\"name\":\"Augmentir, Inc.\",\"url\":\"https:\/\/www.augmentir.com\/\",\"logo\":{\"@type\":\"ImageObject\",\"inLanguage\":\"fr-FR\",\"@id\":\"https:\/\/www.augmentir.com\/#\/schema\/logo\/image\/\",\"url\":\"https:\/\/www.augmentir.com\/wp-content\/uploads\/2021\/10\/Augmentir_Logo.svg\",\"contentUrl\":\"https:\/\/www.augmentir.com\/wp-content\/uploads\/2021\/10\/Augmentir_Logo.svg\",\"width\":\"1200\",\"height\":\"1200\",\"caption\":\"Augmentir, Inc.\"},\"image\":{\"@id\":\"https:\/\/www.augmentir.com\/#\/schema\/logo\/image\/\"},\"sameAs\":[\"https:\/\/x.com\/augmentir\",\"https:\/\/www.linkedin.com\/company\/augmentir\"]}]}<\/script>\n<!-- \/ Yoast SEO plugin. -->","yoast_head_json":{"title":"Maintenance - Improve Uptime and Efficiency, Reduce Defects - Augmentir","description":"Improve the quality, transparency, and efficiency of preventive and autonomous maintenance and repair procedures with Augmentir's AI platform.","robots":{"index":"index","follow":"follow","max-snippet":"max-snippet:-1","max-image-preview":"max-image-preview:large","max-video-preview":"max-video-preview:-1"},"canonical":"https:\/\/www.augmentir.com\/fr\/use-cases\/maintenance","og_locale":"fr_FR","og_type":"article","og_title":"Maintenance - Improve Uptime and Efficiency, Reduce Defects - Augmentir","og_description":"Improve the quality, transparency, and efficiency of preventive and autonomous maintenance and repair procedures with Augmentir's AI platform.","og_url":"https:\/\/www.augmentir.com\/fr\/use-cases\/maintenance","og_site_name":"Augmentir","article_modified_time":"2025-05-25T10:30:00+00:00","twitter_card":"summary_large_image","twitter_site":"@augmentir","schema":{"@context":"https:\/\/schema.org","@graph":[{"@type":"WebPage","@id":"https:\/\/www.augmentir.com\/use-cases\/maintenance","url":"https:\/\/www.augmentir.com\/use-cases\/maintenance","name":"Maintenance - Improve Uptime and Efficiency, Reduce Defects - Augmentir","isPartOf":{"@id":"https:\/\/www.augmentir.com\/#website"},"datePublished":"2021-10-10T00:21:01+00:00","dateModified":"2025-05-25T10:30:00+00:00","description":"Improve the quality, transparency, and efficiency of preventive and autonomous maintenance and repair procedures with Augmentir's AI platform.","breadcrumb":{"@id":"https:\/\/www.augmentir.com\/use-cases\/maintenance#breadcrumb"},"inLanguage":"fr-FR","potentialAction":[{"@type":"ReadAction","target":["https:\/\/www.augmentir.com\/use-cases\/maintenance"]}]},{"@type":"BreadcrumbList","@id":"https:\/\/www.augmentir.com\/use-cases\/maintenance#breadcrumb","itemListElement":[{"@type":"ListItem","position":1,"name":"Home","item":"https:\/\/www.augmentir.com\/"},{"@type":"ListItem","position":2,"name":"Connected Worker Use Cases","item":"https:\/\/www.augmentir.com\/use-cases"},{"@type":"ListItem","position":3,"name":"Maintenance &#8211; Improve Uptime and Efficiency, Reduce Defects"}]},{"@type":"WebSite","@id":"https:\/\/www.augmentir.com\/#website","url":"https:\/\/www.augmentir.com\/","name":"Augmentir","description":"AI-Powered Connected Worker Platform","publisher":{"@id":"https:\/\/www.augmentir.com\/#organization"},"potentialAction":[{"@type":"SearchAction","target":{"@type":"EntryPoint","urlTemplate":"https:\/\/www.augmentir.com\/?s={search_term_string}"},"query-input":{"@type":"PropertyValueSpecification","valueRequired":true,"valueName":"search_term_string"}}],"inLanguage":"fr-FR"},{"@type":"Organization","@id":"https:\/\/www.augmentir.com\/#organization","name":"Augmentir, Inc.","url":"https:\/\/www.augmentir.com\/","logo":{"@type":"ImageObject","inLanguage":"fr-FR","@id":"https:\/\/www.augmentir.com\/#\/schema\/logo\/image\/","url":"https:\/\/www.augmentir.com\/wp-content\/uploads\/2021\/10\/Augmentir_Logo.svg","contentUrl":"https:\/\/www.augmentir.com\/wp-content\/uploads\/2021\/10\/Augmentir_Logo.svg","width":"1200","height":"1200","caption":"Augmentir, Inc."},"image":{"@id":"https:\/\/www.augmentir.com\/#\/schema\/logo\/image\/"},"sameAs":["https:\/\/x.com\/augmentir","https:\/\/www.linkedin.com\/company\/augmentir"]}]}},"_links":{"self":[{"href":"https:\/\/www.augmentir.com\/fr\/wp-json\/wp\/v2\/pages\/11494","targetHints":{"allow":["GET"]}}],"collection":[{"href":"https:\/\/www.augmentir.com\/fr\/wp-json\/wp\/v2\/pages"}],"about":[{"href":"https:\/\/www.augmentir.com\/fr\/wp-json\/wp\/v2\/types\/page"}],"author":[{"embeddable":true,"href":"https:\/\/www.augmentir.com\/fr\/wp-json\/wp\/v2\/users\/1"}],"replies":[{"embeddable":true,"href":"https:\/\/www.augmentir.com\/fr\/wp-json\/wp\/v2\/comments?post=11494"}],"version-history":[{"count":0,"href":"https:\/\/www.augmentir.com\/fr\/wp-json\/wp\/v2\/pages\/11494\/revisions"}],"up":[{"embeddable":true,"href":"https:\/\/www.augmentir.com\/fr\/wp-json\/wp\/v2\/pages\/11482"}],"wp:attachment":[{"href":"https:\/\/www.augmentir.com\/fr\/wp-json\/wp\/v2\/media?parent=11494"}],"curies":[{"name":"wp","href":"https:\/\/api.w.org\/{rel}","templated":true}]}}