{"id":9200,"date":"2020-12-17T17:50:50","date_gmt":"2020-12-17T17:50:50","guid":{"rendered":"https:\/\/augmentir.com\/?page_id=9200"},"modified":"2021-10-21T01:42:27","modified_gmt":"2021-10-21T01:42:27","slug":"solution-overview","status":"publish","type":"page","link":"https:\/\/www.augmentir.com\/es\/solutions\/cisco-webex-expert-on-demand\/solution-overview","title":{"rendered":"Descripci\u00f3n general de la soluci\u00f3n: Augmentir y Cisco Webex Expert on Demand"},"content":{"rendered":"<div id='av_section_1'  class='avia-section main_color avia-section-small avia-no-border-styling avia-bg-style-scroll  avia-builder-el-0  el_before_av_section  avia-builder-el-first   container_wrap sidebar_right' style=' '  ><div class='container' ><main  role=\"main\" itemprop=\"mainContentOfPage\"  class='template-page content  av-content-small alpha units'><div class='post-entry post-entry-type-page post-entry-9200'><div class='entry-content-wrapper clearfix'>\n<section class=\"av_textblock_section\"  itemscope=\"itemscope\" itemtype=\"https:\/\/schema.org\/CreativeWork\" ><div class='avia_textblock eyebrow-headline av_inherit_color'  style='font-size:18px; '  itemprop=\"text\" ><p>Descripci\u00f3n general de la soluci\u00f3n<\/p>\n<\/div><\/section>\n<div class=\"flex_column av_three_fourth  av-break-at-tablet flex_column_div av-zero-column-padding first  avia-builder-el-2  el_after_av_textblock  el_before_av_one_fourth  column-top-margin\" style='margin-top:0px; margin-bottom:0px; border-radius:0px; '><p><div  style='padding-bottom:10px; margin:10px 0px 0px 0px; color:#222222;font-size:40px;' class='av-special-heading av-special-heading-h1 custom-color-heading blockquote modern-quote  avia-builder-el-3  el_before_av_codeblock  avia-builder-el-first  av-inherit-size'><h1 class='av-special-heading-tag'  itemprop=\"headline\"  >Aumentar y <span style=\"white-space: nowrap;\">Cisco Webex<\/span> <span style=\"white-space: nowrap;\">Experto a pedido<\/span><\/h1><div class='special-heading-border'><div class='special-heading-inner-border' style='border-color:#222222'><\/div><\/div><\/div><br \/>\n<br \/>\n<div  style='padding-bottom:10px; ' class='av-special-heading av-special-heading-h2  blockquote modern-quote  avia-builder-el-5  el_after_av_codeblock  el_before_av_textblock'><h2 class='av-special-heading-tag'  itemprop=\"headline\"  >Descripci\u00f3n general<\/h2><div class='special-heading-border'><div class='special-heading-inner-border' ><\/div><\/div><\/div><br \/>\n<section class=\"av_textblock_section\"  itemscope=\"itemscope\" itemtype=\"https:\/\/schema.org\/CreativeWork\" ><div class='avia_textblock'   itemprop=\"text\" ><p><span style=\"font-weight: 400;\">Los clientes y socios de Cisco ahora pueden mejorar Cisco Webex y ampliar el valor a su fuerza laboral de primera l\u00ednea con una soluci\u00f3n completa para trabajadores conectados.\u00a0<\/span><\/p>\n<p><span style=\"font-weight: 400;\">Combinados con la plataforma de trabajadores conectados impulsada por IA de Augmentir, Cisco Webex y Expert on Demand brindan una soluci\u00f3n poderosa que ayuda a guiar de manera inteligente y brindar soporte remoto a los trabajadores de primera l\u00ednea para que puedan desempe\u00f1arse de la mejor manera.<\/span><\/p>\n<p><span style=\"font-weight: 400;\">Con el conjunto de herramientas de software impulsadas por IA de Augmentir, los equipos de fabricaci\u00f3n y servicio pueden usar sin problemas las potentes herramientas de Cisco a trav\u00e9s de una interfaz unificada, lo que permite que su fuerza laboral se desempe\u00f1e al m\u00e1ximo.<\/span><\/p>\n<\/div><\/section><br \/>\n<br \/>\n<div  style='padding-bottom:10px; ' class='av-special-heading av-special-heading-h2  blockquote modern-quote  avia-builder-el-8  el_after_av_codeblock  el_before_av_image'><h2 class='av-special-heading-tag'  itemprop=\"headline\"  >Arquitectura de la soluci\u00f3n<\/h2><div class='special-heading-border'><div class='special-heading-inner-border' ><\/div><\/div><\/div><br \/>\n<div  class='avia-image-container  av-styling-    avia-builder-el-9  el_after_av_heading  el_before_av_codeblock  solution-architecture avia-align-center'  itemprop=\"image\" itemscope=\"itemscope\" itemtype=\"https:\/\/schema.org\/ImageObject\"  ><div class='avia-image-container-inner'><div class='avia-image-overlay-wrap'><img class='avia_image' src='https:\/\/www.augmentir.com\/wp-content\/uploads\/2020\/12\/augmentir-cisco-solution-architecture.png' alt='' title=''   itemprop=\"thumbnailUrl\"  \/><\/div><\/div><\/div><br \/>\n<br \/>\n<div  style='padding-bottom:10px; ' class='av-special-heading av-special-heading-h2  blockquote modern-quote  avia-builder-el-11  el_after_av_codeblock  el_before_av_textblock'><h2 class='av-special-heading-tag'  itemprop=\"headline\"  >Capacidades clave<\/h2><div class='special-heading-border'><div class='special-heading-inner-border' ><\/div><\/div><\/div><br \/>\n<section class=\"av_textblock_section\"  itemscope=\"itemscope\" itemtype=\"https:\/\/schema.org\/CreativeWork\" ><div class='avia_textblock'   itemprop=\"text\" ><p><strong>Gu\u00ede inteligentemente a sus trabajadores de primera l\u00ednea<\/strong><br \/>\nLas herramientas de flujo de trabajo digital de Augmentir permiten la creaci\u00f3n y entrega r\u00e1pida de instrucciones de trabajo aumentadas para ayudar a guiar a los trabajadores en las tareas diarias.<\/p>\n<p><strong>Acceso manos libres a expertos remotos<\/strong><br \/>\nEn combinaci\u00f3n con Cisco Webex Expert on Demand, Augmentir ofrece a los trabajadores la posibilidad de conectarse y colaborar r\u00e1pidamente con expertos remotos desde cualquier lugar. Con el RealWear HMT-1, un auricular industrial port\u00e1til manos libres, Augmentir y Expert on Demand convierten el HMT-1 en una herramienta de gu\u00eda y colaboraci\u00f3n activada por voz para los trabajadores de primera l\u00ednea, todo con manos libres.<\/p>\n<p><strong>Impulse la mejora continua con informaci\u00f3n operativa y de los trabajadores<\/strong><br \/>\nLa IA de Augmentir proporciona una visibilidad sin precedentes de los trabajadores y los procesos de trabajo en toda su operaci\u00f3n, lo que le ayuda a:<\/p>\n<ul>\n<li>Mejorar la calidad y seguridad de los procedimientos de trabajo<\/li>\n<li>Mejorar los procesos internos y el cumplimiento<\/li>\n<li>Aumente la productividad y el rendimiento de los empleados<\/li>\n<li>Identificar las necesidades de capacitaci\u00f3n<\/li>\n<li>Descubra tendencias comerciales y \u00e1reas de oportunidad<\/li>\n<\/ul>\n<\/div><\/section><br \/>\n<br \/>\n<div  style='padding-bottom:10px; ' class='av-special-heading av-special-heading-h2  blockquote modern-quote  avia-builder-el-14  el_after_av_codeblock  el_before_av_textblock'><h2 class='av-special-heading-tag'  itemprop=\"headline\"  >Beneficios<\/h2><div class='special-heading-border'><div class='special-heading-inner-border' ><\/div><\/div><\/div><br \/>\n<section class=\"av_textblock_section\"  itemscope=\"itemscope\" itemtype=\"https:\/\/schema.org\/CreativeWork\" ><div class='avia_textblock'   itemprop=\"text\" ><p>Webex Expert on Demand y la plataforma Connected Worker impulsada por IA de Augmentir ofrecen juntos una combinaci\u00f3n \u00fanica de tecnolog\u00eda y herramientas necesarias para ayudar a aumentar la seguridad, la calidad y la productividad de los trabajadores de primera l\u00ednea que realizan trabajos industriales en fabricaci\u00f3n y servicios.<\/p>\n<p><strong>Mejore la calidad del trabajo con instrucciones de trabajo digitalizadas<\/strong><br \/>\nImpulse mejoras de calidad pasando de instrucciones de trabajo en papel a instrucciones de trabajo interactivas paso a paso aumentadas con medios enriquecidos, datos contextuales y experiencias de realidad mixta.<\/p>\n<p><strong>Permitir un trabajo seguro e independiente<\/strong><br \/>\nCree y asigne instrucciones de trabajo digitales a su fuerza laboral de primera l\u00ednea, que pueden complementarse con material de referencia \u00fatil para que sus trabajadores siempre tengan la informaci\u00f3n correcta frente a ellos, lo que les permite tomar las decisiones correctas, lo que genera resultados m\u00e1s seguros.<\/p>\n<p><strong>Impulsar la colaboraci\u00f3n para reducir el tiempo de resoluci\u00f3n<\/strong><br \/>\nCon Augmentir y Webex, sus equipos pueden colaborar y obtener acceso a ayuda instant\u00e1nea de expertos en cualquier momento, desde cualquier lugar del mundo para resolver problemas m\u00e1s r\u00e1pido.<\/p>\n<p><strong>Acceso a expertos bajo demanda<\/strong><br \/>\nLa orientaci\u00f3n remota de expertos permite que su personal remoto y sus clientes colaboren virtualmente y reciban asistencia de expertos en la materia, dondequiera que se encuentren. La IA de Augmentir captura y acumula el conocimiento local de las pymes y lo convierte en un activo corporativo compartible.<\/p>\n<p><strong>Ofrecer operaciones con manos libres<\/strong><br \/>\nAugmentir y Webex Expert on Demand funcionan en cualquier dispositivo m\u00f3vil o tecnolog\u00eda wearable adecuada para el trabajo. Ofrezca a sus empleados un funcionamiento totalmente manos libres con Augmentir en el RealWear HMT-1.<\/p>\n<p><strong>Reducir los costos operativos<\/strong><br \/>\nLa IA de Augmentir captura datos de sus trabajadores conectados e identifica \u00e1reas donde se pueden realizar las mayores mejoras dentro de su fuerza laboral y en toda su organizaci\u00f3n.<\/p>\n<\/div><\/section><br \/>\n<div  style='height:50px' class='hr hr-invisible   avia-builder-el-16  el_after_av_textblock  avia-builder-el-last'><span class='hr-inner' ><span class='hr-inner-style'><\/span><\/span><\/div><\/p><\/div><div class=\"flex_column av_one_fourth  av-hide-on-mobile  av-break-at-tablet flex_column_div av-zero-column-padding   avia-builder-el-17  el_after_av_three_fourth  avia-builder-el-last  border-column column-top-margin\" style='margin-top:0px; margin-bottom:0px; border-radius:0px; '><p><div  style='padding-bottom:10px; ' class='av-special-heading av-special-heading-h3  blockquote modern-quote  avia-builder-el-18  el_before_av_textblock  avia-builder-el-first'><h3 class='av-special-heading-tag'  itemprop=\"headline\"  >Tabla de contenido<\/h3><div class='special-heading-border'><div class='special-heading-inner-border' ><\/div><\/div><\/div><br \/>\n<section class=\"av_textblock_section\"  itemscope=\"itemscope\" itemtype=\"https:\/\/schema.org\/CreativeWork\" ><div class='avia_textblock'   itemprop=\"text\" ><p><a href=\"#overview\">Descripci\u00f3n general<\/a><\/p>\n<p><a href=\"#solution-architecture\">Arquitectura de la soluci\u00f3n<\/a><\/p>\n<p><a href=\"#key-capabilities\">Capacidades clave<\/a><\/p>\n<p><a href=\"#benefits\">Beneficios<\/a><\/p>\n<\/div><\/section><\/p><\/div>\n\n<\/div><\/div><\/main><!-- close content main element --><\/div><\/div><div id='av_section_2'  class='avia-section main_color avia-section-default avia-no-border-styling avia-bg-style-scroll  avia-builder-el-20  el_after_av_section  el_before_av_section   av-desktop-hide av-medium-hide av-small-hide av-mini-hide container_wrap sidebar_right' style=' '  ><div class='container' ><div class='template-page content  av-content-small alpha units'><div class='post-entry post-entry-type-page post-entry-9200'><div class='entry-content-wrapper clearfix'>\n<div class=\"flex_column av_one_full  flex_column_div av-zero-column-padding first  avia-builder-el-21  avia-builder-el-no-sibling  border-column\" style='border-radius:0px; '><p><div  class='avia-button-wrap avia-button-left  avia-builder-el-22  el_before_av_hr  avia-builder-el-first' ><a href=''  class='avia-button   avia-icon_select-yes-left-icon avia-color-custom avia-size-small avia-position-left'  style='background-color:#ffffff; border-color:#ffffff; color:#666666; ' ><span class='avia_button_icon avia_button_icon_left' aria-hidden='true' data-av_icon='\ue82d' data-av_iconfont='entypo-fontello'><\/span><span class='avia_iconbox_title' >Descargar PDF<\/span><\/a><\/div><br \/>\n<div  style='height:12px' class='hr hr-invisible   avia-builder-el-23  el_after_av_button  el_before_av_button'><span class='hr-inner' ><span class='hr-inner-style'><\/span><\/span><\/div><br \/>\n<div  class='avia-button-wrap avia-button-left  avia-builder-el-24  el_after_av_hr  el_before_av_hr' ><a href='https:\/\/www.augmentir.com\/solutions\/cisco-webex-expert-on-demand\/faq'  class='avia-button   avia-icon_select-yes-left-icon avia-color-custom avia-size-small avia-position-left'  style='background-color:#ffffff; border-color:#ffffff; color:#666666; ' ><span class='avia_button_icon avia_button_icon_left' aria-hidden='true' data-av_icon='\ue81d' data-av_iconfont='entypo-fontello'><\/span><span class='avia_iconbox_title' >Ver las preguntas frecuentes<\/span><\/a><\/div><br \/>\n<div  style='height:12px' class='hr hr-invisible   avia-builder-el-25  el_after_av_button  el_before_av_button'><span class='hr-inner' ><span class='hr-inner-style'><\/span><\/span><\/div><br \/>\n<div  class='avia-button-wrap avia-button-left  avia-builder-el-26  el_after_av_hr  avia-builder-el-last' ><a href='https:\/\/www.augmentir.com\/contact'  class='avia-button   avia-icon_select-yes-left-icon avia-color-custom avia-size-small avia-position-left'  style='background-color:#ffffff; border-color:#ffffff; color:#666666; ' ><span class='avia_button_icon avia_button_icon_left' aria-hidden='true' data-av_icon='\ue83c' data-av_iconfont='entypo-fontello'><\/span><span class='avia_iconbox_title' >Cont\u00e1ctenos<\/span><\/a><\/div><\/p><\/div>\n\n<\/div><\/div><\/div><!-- close content main div --><\/div><\/div><div id='av_section_3'  class='avia-section main_color avia-section-huge avia-no-border-styling avia-bg-style-scroll  avia-builder-el-27  el_after_av_section  avia-builder-el-last   container_wrap sidebar_right' style='background-color: #efefef;  '  ><div class='container' ><div class='template-page content  av-content-small alpha units'><div class='post-entry post-entry-type-page post-entry-9200'><div class='entry-content-wrapper clearfix'>\n<div class=\"flex_column av_one_full  flex_column_div first  avia-builder-el-28  avia-builder-el-no-sibling\" style='padding:0px 20% 0px 20% ; border-radius:0px; '><p><div  style='padding-bottom:20px; font-size:42px;' class='av-special-heading av-special-heading-h2  blockquote modern-quote modern-centered  avia-builder-el-29  el_before_av_textblock  avia-builder-el-first  av-inherit-size'><h2 class='av-special-heading-tag'  itemprop=\"headline\"  >\u00bfInteresado? Hablemos.<\/h2><div class='special-heading-border'><div class='special-heading-inner-border' ><\/div><\/div><\/div><br \/>\n<section class=\"av_textblock_section\"  itemscope=\"itemscope\" itemtype=\"https:\/\/schema.org\/CreativeWork\" ><div class='avia_textblock'   itemprop=\"text\" ><p style=\"text-align: center;\">Empodere a su fuerza laboral de primera l\u00ednea con Augmentir y Cisco Webex Expert on Demand, una soluci\u00f3n integrada que gu\u00eda y apoya de manera inteligente a sus equipos.<\/p>\n<\/div><\/section><br \/>\n<div  style='height:20px' class='hr hr-invisible   avia-builder-el-31  el_after_av_textblock  el_before_av_textblock'><span class='hr-inner' ><span class='hr-inner-style'><\/span><\/span><\/div><br \/>\n<section class=\"av_textblock_section\"  itemscope=\"itemscope\" itemtype=\"https:\/\/schema.org\/CreativeWork\" ><div class='avia_textblock'   itemprop=\"text\" ><div class=\"avia-button-wrap\" style=\"text-align: center; width: 100%; margin: 0px auto;\"><a class=\"open-popup-link avia-button avia-icon_select-no avia-color-custom avia-size-large no-scroll\" style=\"filter: none !important; background: #FC704A; border: 1px solid #FC704A; color: #ffffff; font-weight: bold; font-size: 14px; cursor: pointer;\" href=\"#contact-form-popup\"><span class=\"avia_iconbox_title\">Cont\u00e1ctenos<\/span><\/a><\/div>\n<\/div><\/section><br \/>\n<\/p><\/div><\/div><\/div><\/div><!-- close content main div --><\/div><\/div><div id='after_section_3'  class='main_color av_default_container_wrap container_wrap sidebar_right' style=' '  ><div class='container' ><div class='template-page content  av-content-small alpha units'><div class='post-entry post-entry-type-page post-entry-9200'><div class='entry-content-wrapper clearfix'>","protected":false},"excerpt":{"rendered":"","protected":false},"author":1,"featured_media":10188,"parent":9089,"menu_order":0,"comment_status":"closed","ping_status":"closed","template":"","meta":{"inline_featured_image":false,"_lmt_disableupdate":"no","_lmt_disable":"","footnotes":""},"class_list":["post-9200","page","type-page","status-publish","has-post-thumbnail","hentry"],"yoast_head":"<!-- This site is optimized with the Yoast SEO plugin v27.2 - https:\/\/yoast.com\/product\/yoast-seo-wordpress\/ -->\n<title>Solution Overview - Augmentir and Cisco Webex Expert on Demand - Augmentir<\/title>\n<meta name=\"robots\" content=\"index, follow, max-snippet:-1, max-image-preview:large, max-video-preview:-1\" \/>\n<link rel=\"canonical\" href=\"https:\/\/www.augmentir.com\/es\/solutions\/cisco-webex-expert-on-demand\/solution-overview\" \/>\n<meta property=\"og:locale\" content=\"es_ES\" \/>\n<meta property=\"og:type\" content=\"article\" \/>\n<meta property=\"og:title\" content=\"Solution Overview - Augmentir and Cisco Webex Expert on Demand - Augmentir\" \/>\n<meta property=\"og:url\" content=\"https:\/\/www.augmentir.com\/es\/solutions\/cisco-webex-expert-on-demand\/solution-overview\" \/>\n<meta property=\"og:site_name\" content=\"Augmentir\" \/>\n<meta property=\"article:modified_time\" content=\"2021-10-21T01:42:27+00:00\" \/>\n<meta property=\"og:image\" content=\"https:\/\/www.augmentir.com\/wp-content\/uploads\/2021\/05\/augmentir-cisco-solution.png\" \/>\n\t<meta property=\"og:image:width\" content=\"1\" \/>\n\t<meta property=\"og:image:height\" content=\"1\" \/>\n\t<meta property=\"og:image:type\" content=\"image\/png\" \/>\n<meta name=\"twitter:card\" content=\"summary_large_image\" \/>\n<meta name=\"twitter:site\" content=\"@augmentir\" \/>\n<script type=\"application\/ld+json\" class=\"yoast-schema-graph\">{\"@context\":\"https:\/\/schema.org\",\"@graph\":[{\"@type\":\"WebPage\",\"@id\":\"https:\/\/www.augmentir.com\/solutions\/cisco-webex-expert-on-demand\/solution-overview\",\"url\":\"https:\/\/www.augmentir.com\/solutions\/cisco-webex-expert-on-demand\/solution-overview\",\"name\":\"Solution Overview - Augmentir and Cisco Webex Expert on Demand - Augmentir\",\"isPartOf\":{\"@id\":\"https:\/\/www.augmentir.com\/#website\"},\"primaryImageOfPage\":{\"@id\":\"https:\/\/www.augmentir.com\/solutions\/cisco-webex-expert-on-demand\/solution-overview#primaryimage\"},\"image\":{\"@id\":\"https:\/\/www.augmentir.com\/solutions\/cisco-webex-expert-on-demand\/solution-overview#primaryimage\"},\"thumbnailUrl\":\"https:\/\/www.augmentir.com\/wp-content\/uploads\/2021\/05\/augmentir-cisco-solution.png\",\"datePublished\":\"2020-12-17T17:50:50+00:00\",\"dateModified\":\"2021-10-21T01:42:27+00:00\",\"breadcrumb\":{\"@id\":\"https:\/\/www.augmentir.com\/solutions\/cisco-webex-expert-on-demand\/solution-overview#breadcrumb\"},\"inLanguage\":\"es\",\"potentialAction\":[{\"@type\":\"ReadAction\",\"target\":[\"https:\/\/www.augmentir.com\/solutions\/cisco-webex-expert-on-demand\/solution-overview\"]}]},{\"@type\":\"ImageObject\",\"inLanguage\":\"es\",\"@id\":\"https:\/\/www.augmentir.com\/solutions\/cisco-webex-expert-on-demand\/solution-overview#primaryimage\",\"url\":\"https:\/\/www.augmentir.com\/wp-content\/uploads\/2021\/05\/augmentir-cisco-solution.png\",\"contentUrl\":\"https:\/\/www.augmentir.com\/wp-content\/uploads\/2021\/05\/augmentir-cisco-solution.png\",\"caption\":\"Augmentir Connected Worker Platform and Cisco Webex for Frontline Workers\"},{\"@type\":\"BreadcrumbList\",\"@id\":\"https:\/\/www.augmentir.com\/solutions\/cisco-webex-expert-on-demand\/solution-overview#breadcrumb\",\"itemListElement\":[{\"@type\":\"ListItem\",\"position\":1,\"name\":\"Home\",\"item\":\"https:\/\/www.augmentir.com\/\"},{\"@type\":\"ListItem\",\"position\":2,\"name\":\"Industry Solutions and Use Cases\",\"item\":\"https:\/\/www.augmentir.com\/solutions\"},{\"@type\":\"ListItem\",\"position\":3,\"name\":\"Cisco Webex Expert on Demand and Augmentir\",\"item\":\"https:\/\/www.augmentir.com\/solutions\/cisco-webex-expert-on-demand\"},{\"@type\":\"ListItem\",\"position\":4,\"name\":\"Solution Overview &#8211; Augmentir and Cisco Webex Expert on Demand\"}]},{\"@type\":\"WebSite\",\"@id\":\"https:\/\/www.augmentir.com\/#website\",\"url\":\"https:\/\/www.augmentir.com\/\",\"name\":\"Augmentir\",\"description\":\"AI-Powered Connected Worker Platform\",\"publisher\":{\"@id\":\"https:\/\/www.augmentir.com\/#organization\"},\"potentialAction\":[{\"@type\":\"SearchAction\",\"target\":{\"@type\":\"EntryPoint\",\"urlTemplate\":\"https:\/\/www.augmentir.com\/?s={search_term_string}\"},\"query-input\":{\"@type\":\"PropertyValueSpecification\",\"valueRequired\":true,\"valueName\":\"search_term_string\"}}],\"inLanguage\":\"es\"},{\"@type\":\"Organization\",\"@id\":\"https:\/\/www.augmentir.com\/#organization\",\"name\":\"Augmentir, Inc.\",\"url\":\"https:\/\/www.augmentir.com\/\",\"logo\":{\"@type\":\"ImageObject\",\"inLanguage\":\"es\",\"@id\":\"https:\/\/www.augmentir.com\/#\/schema\/logo\/image\/\",\"url\":\"https:\/\/www.augmentir.com\/wp-content\/uploads\/2021\/10\/Augmentir_Logo.svg\",\"contentUrl\":\"https:\/\/www.augmentir.com\/wp-content\/uploads\/2021\/10\/Augmentir_Logo.svg\",\"width\":\"1200\",\"height\":\"1200\",\"caption\":\"Augmentir, Inc.\"},\"image\":{\"@id\":\"https:\/\/www.augmentir.com\/#\/schema\/logo\/image\/\"},\"sameAs\":[\"https:\/\/x.com\/augmentir\",\"https:\/\/www.linkedin.com\/company\/augmentir\"]}]}<\/script>\n<!-- \/ Yoast SEO plugin. -->","yoast_head_json":{"title":"Solution Overview - Augmentir and Cisco Webex Expert on Demand - Augmentir","robots":{"index":"index","follow":"follow","max-snippet":"max-snippet:-1","max-image-preview":"max-image-preview:large","max-video-preview":"max-video-preview:-1"},"canonical":"https:\/\/www.augmentir.com\/es\/solutions\/cisco-webex-expert-on-demand\/solution-overview","og_locale":"es_ES","og_type":"article","og_title":"Solution Overview - Augmentir and Cisco Webex Expert on Demand - Augmentir","og_url":"https:\/\/www.augmentir.com\/es\/solutions\/cisco-webex-expert-on-demand\/solution-overview","og_site_name":"Augmentir","article_modified_time":"2021-10-21T01:42:27+00:00","og_image":[{"url":"https:\/\/www.augmentir.com\/wp-content\/uploads\/2021\/05\/augmentir-cisco-solution.png","width":1,"height":1,"type":"image\/png"}],"twitter_card":"summary_large_image","twitter_site":"@augmentir","schema":{"@context":"https:\/\/schema.org","@graph":[{"@type":"WebPage","@id":"https:\/\/www.augmentir.com\/solutions\/cisco-webex-expert-on-demand\/solution-overview","url":"https:\/\/www.augmentir.com\/solutions\/cisco-webex-expert-on-demand\/solution-overview","name":"Solution Overview - Augmentir and Cisco Webex Expert on Demand - Augmentir","isPartOf":{"@id":"https:\/\/www.augmentir.com\/#website"},"primaryImageOfPage":{"@id":"https:\/\/www.augmentir.com\/solutions\/cisco-webex-expert-on-demand\/solution-overview#primaryimage"},"image":{"@id":"https:\/\/www.augmentir.com\/solutions\/cisco-webex-expert-on-demand\/solution-overview#primaryimage"},"thumbnailUrl":"https:\/\/www.augmentir.com\/wp-content\/uploads\/2021\/05\/augmentir-cisco-solution.png","datePublished":"2020-12-17T17:50:50+00:00","dateModified":"2021-10-21T01:42:27+00:00","breadcrumb":{"@id":"https:\/\/www.augmentir.com\/solutions\/cisco-webex-expert-on-demand\/solution-overview#breadcrumb"},"inLanguage":"es","potentialAction":[{"@type":"ReadAction","target":["https:\/\/www.augmentir.com\/solutions\/cisco-webex-expert-on-demand\/solution-overview"]}]},{"@type":"ImageObject","inLanguage":"es","@id":"https:\/\/www.augmentir.com\/solutions\/cisco-webex-expert-on-demand\/solution-overview#primaryimage","url":"https:\/\/www.augmentir.com\/wp-content\/uploads\/2021\/05\/augmentir-cisco-solution.png","contentUrl":"https:\/\/www.augmentir.com\/wp-content\/uploads\/2021\/05\/augmentir-cisco-solution.png","caption":"Augmentir Connected Worker Platform and Cisco Webex for Frontline Workers"},{"@type":"BreadcrumbList","@id":"https:\/\/www.augmentir.com\/solutions\/cisco-webex-expert-on-demand\/solution-overview#breadcrumb","itemListElement":[{"@type":"ListItem","position":1,"name":"Home","item":"https:\/\/www.augmentir.com\/"},{"@type":"ListItem","position":2,"name":"Industry Solutions and Use Cases","item":"https:\/\/www.augmentir.com\/solutions"},{"@type":"ListItem","position":3,"name":"Cisco Webex Expert on Demand and Augmentir","item":"https:\/\/www.augmentir.com\/solutions\/cisco-webex-expert-on-demand"},{"@type":"ListItem","position":4,"name":"Solution Overview &#8211; Augmentir and Cisco Webex Expert on Demand"}]},{"@type":"WebSite","@id":"https:\/\/www.augmentir.com\/#website","url":"https:\/\/www.augmentir.com\/","name":"Augmentir","description":"AI-Powered Connected Worker Platform","publisher":{"@id":"https:\/\/www.augmentir.com\/#organization"},"potentialAction":[{"@type":"SearchAction","target":{"@type":"EntryPoint","urlTemplate":"https:\/\/www.augmentir.com\/?s={search_term_string}"},"query-input":{"@type":"PropertyValueSpecification","valueRequired":true,"valueName":"search_term_string"}}],"inLanguage":"es"},{"@type":"Organization","@id":"https:\/\/www.augmentir.com\/#organization","name":"Augmentir, Inc.","url":"https:\/\/www.augmentir.com\/","logo":{"@type":"ImageObject","inLanguage":"es","@id":"https:\/\/www.augmentir.com\/#\/schema\/logo\/image\/","url":"https:\/\/www.augmentir.com\/wp-content\/uploads\/2021\/10\/Augmentir_Logo.svg","contentUrl":"https:\/\/www.augmentir.com\/wp-content\/uploads\/2021\/10\/Augmentir_Logo.svg","width":"1200","height":"1200","caption":"Augmentir, Inc."},"image":{"@id":"https:\/\/www.augmentir.com\/#\/schema\/logo\/image\/"},"sameAs":["https:\/\/x.com\/augmentir","https:\/\/www.linkedin.com\/company\/augmentir"]}]}},"_links":{"self":[{"href":"https:\/\/www.augmentir.com\/es\/wp-json\/wp\/v2\/pages\/9200","targetHints":{"allow":["GET"]}}],"collection":[{"href":"https:\/\/www.augmentir.com\/es\/wp-json\/wp\/v2\/pages"}],"about":[{"href":"https:\/\/www.augmentir.com\/es\/wp-json\/wp\/v2\/types\/page"}],"author":[{"embeddable":true,"href":"https:\/\/www.augmentir.com\/es\/wp-json\/wp\/v2\/users\/1"}],"replies":[{"embeddable":true,"href":"https:\/\/www.augmentir.com\/es\/wp-json\/wp\/v2\/comments?post=9200"}],"version-history":[{"count":0,"href":"https:\/\/www.augmentir.com\/es\/wp-json\/wp\/v2\/pages\/9200\/revisions"}],"up":[{"embeddable":true,"href":"https:\/\/www.augmentir.com\/es\/wp-json\/wp\/v2\/pages\/9089"}],"wp:featuredmedia":[{"embeddable":true,"href":"https:\/\/www.augmentir.com\/es\/wp-json\/wp\/v2\/media\/10188"}],"wp:attachment":[{"href":"https:\/\/www.augmentir.com\/es\/wp-json\/wp\/v2\/media?parent=9200"}],"curies":[{"name":"wp","href":"https:\/\/api.w.org\/{rel}","templated":true}]}}