{"id":4697,"date":"2019-10-29T02:22:21","date_gmt":"2019-10-29T02:22:21","guid":{"rendered":"https:\/\/augmentir.com\/?page_id=4697"},"modified":"2025-12-15T15:21:43","modified_gmt":"2025-12-15T15:21:43","slug":"solutions","status":"publish","type":"page","link":"https:\/\/www.augmentir.com\/es\/solutions","title":{"rendered":"Soluciones industriales y casos de uso"},"content":{"rendered":"<div id='hero-section'  class='avia-section main_color avia-section-default avia-no-border-styling avia-bg-style-scroll  avia-builder-el-0  el_before_av_section  avia-builder-el-first   container_wrap sidebar_right' style='background-color: #1c313a;  '  ><div class='container' ><main  role=\"main\" itemprop=\"mainContentOfPage\"  class='template-page content  av-content-small alpha units'><div class='post-entry post-entry-type-page post-entry-4697'><div class='entry-content-wrapper clearfix'>\n<div class=\"flex_column av_one_full  av-break-at-tablet flex_column_div first  avia-builder-el-1  avia-builder-el-no-sibling  header-row\" style='padding:0px 20% 0px 20% ; border-radius:0px; '><section class=\"av_textblock_section\"  itemscope=\"itemscope\" itemtype=\"https:\/\/schema.org\/CreativeWork\" ><div class='avia_textblock eyebrow-headline av_inherit_color'  style='color:#ffffff; '  itemprop=\"text\" ><p style=\"text-align: center;\">Soluciones<\/p>\n<\/div><\/section><br \/>\n<div  style='padding-bottom:12px; margin-top:26px; color:#ffffff;font-size:53px;' class='av-special-heading av-special-heading-h1 custom-color-heading blockquote modern-quote modern-centered  avia-builder-el-3  el_after_av_textblock  el_before_av_textblock  av-inherit-size'><h1 class='av-special-heading-tag'  itemprop=\"headline\"  >Casos de uso de trabajadores conectados y soluciones industriales<\/h1><div class='special-heading-border'><div class='special-heading-inner-border' style='border-color:#ffffff'><\/div><\/div><\/div><br \/>\n<section class=\"av_textblock_section\"  itemscope=\"itemscope\" itemtype=\"https:\/\/schema.org\/CreativeWork\" ><div class='avia_textblock hero-body av_inherit_color'  style='font-size:18px; color:#ffffff; '  itemprop=\"text\" ><p style=\"text-align: center;\">La avanzada plataforma de Augmentir para trabajadores conectados, impulsada por IA, mejora la productividad y la eficiencia de la fuerza laboral en el sector industrial y de servicios. Explore por industria o caso de uso.<\/p>\n<\/div><\/section><\/p><\/div>\n\n<\/div><\/div><\/main><!-- close content main element --><\/div><\/div><div id='platform-features-section'  class='avia-section main_color avia-section-small avia-no-border-styling avia-bg-style-scroll  avia-builder-el-5  el_after_av_section  el_before_av_section   container_wrap sidebar_right' style='background-color: #f2f2f2;  '  ><div class='container' ><div class='template-page content  av-content-small alpha units'><div class='post-entry post-entry-type-page post-entry-4697'><div class='entry-content-wrapper clearfix'>\n<div class='flex_column_table av-equal-height-column-flextable av-break-at-tablet-flextable' style='margin-top:40px; margin-bottom:40px; '><div class=\"flex_column av_two_third  av-break-at-tablet flex_column_table_cell av-equal-height-column av-align-top first  avia-builder-el-6  el_before_av_one_third  avia-builder-el-first\" style='background: #ffffff; padding:30px; background-color:#ffffff; border-radius:12px; '><p><div  class='avia-image-container  av-styling-no-styling    avia-builder-el-7  el_before_av_heading  avia-builder-el-first  platform-feature-top avia-align-left'  itemprop=\"image\" itemscope=\"itemscope\" itemtype=\"https:\/\/schema.org\/ImageObject\"  ><div class='avia-image-container-inner'><div class='avia-image-overlay-wrap'><img class='avia_image' src='https:\/\/www.augmentir.com\/wp-content\/uploads\/2024\/08\/platform-feature-icon-work.png' alt='' title='' height=\"512\" width=\"512\"  itemprop=\"thumbnailUrl\"  \/><\/div><\/div><\/div><br \/>\n<div  style='padding-bottom:24px; ' class='av-special-heading av-special-heading-h4  blockquote modern-quote  avia-builder-el-8  el_after_av_image  el_before_av_codeblock'><h4 class='av-special-heading-tag'  itemprop=\"headline\"  >Por caso de uso<\/h4><div class='special-heading-border'><div class='special-heading-inner-border' ><\/div><\/div><\/div><br \/>\n<\/p><\/div><div class='av-flex-placeholder'><\/div><div class=\"flex_column av_one_third  av-break-at-tablet flex_column_table_cell av-equal-height-column av-align-top   avia-builder-el-10  el_after_av_two_third  avia-builder-el-last\" style='background: #ffffff; padding:30px; background-color:#ffffff; border-radius:12px; '><p><div  class='avia-image-container  av-styling-no-styling    avia-builder-el-11  el_before_av_heading  avia-builder-el-first  platform-feature-top avia-align-left'  itemprop=\"image\" itemscope=\"itemscope\" itemtype=\"https:\/\/schema.org\/ImageObject\"  ><div class='avia-image-container-inner'><div class='avia-image-overlay-wrap'><img class='avia_image' src='https:\/\/www.augmentir.com\/wp-content\/uploads\/2025\/07\/factory.png' alt='' title='' height=\"512\" width=\"512\"  itemprop=\"thumbnailUrl\"  \/><\/div><\/div><\/div><br \/>\n<div  style='padding-bottom:24px; ' class='av-special-heading av-special-heading-h4  blockquote modern-quote  avia-builder-el-12  el_after_av_image  el_before_av_textblock'><h4 class='av-special-heading-tag'  itemprop=\"headline\"  >Por industria<\/h4><div class='special-heading-border'><div class='special-heading-inner-border' ><\/div><\/div><\/div><br \/>\n<section class=\"av_textblock_section\"  itemscope=\"itemscope\" itemtype=\"https:\/\/schema.org\/CreativeWork\" ><div class='avia_textblock'   itemprop=\"text\" ><ul>\n<li><a href=\"\/industries\/automotive-manufacturing\">Fabricaci\u00f3n de autom\u00f3viles<\/a><\/li>\n<li><a href=\"\/industries\/building-materials\">Materiales de construcci\u00f3n<\/a><\/li>\n<li><a href=\"https:\/\/www.augmentir.com\/industries\/chemical-manufacturing\">Fabricaci\u00f3n de productos qu\u00edmicos<\/a><\/li>\n<li><a href=\"\/industries\/consumer-goods-manufacturing\">Bienes de consumo<\/a><\/li>\n<li><a href=\"\/industries\/discrete-manufacturing\">Fabricaci\u00f3n discreta<\/a><\/li>\n<li><a href=\"\/industries\/food-and-beverage\">Alimentos y bebidas<\/a><\/li>\n<li><a href=\"\/industries\/industrial-equipment\">Equipos industriales<\/a><\/li>\n<li><a href=\"\/industries\/mining\">Miner\u00eda<\/a><\/li>\n<li><a href=\"\/industries\/oil-and-gas\">Petr\u00f3leo y gas<\/a><\/li>\n<li><a href=\"\/industries\/digital-manufacturing-for-paper-and-packaging\">Papel y embalaje<\/a><\/li>\n<li><a href=\"\/industries\/pharmaceutical-and-life-sciences-manufacturing\">Farmacia y ciencias de la vida<\/a><\/li>\n<\/ul>\n<\/div><\/section><\/p><\/div><\/div><!--close column table wrapper. Autoclose: 1 --><\/div><\/div><\/div><!-- close content main div --><\/div><\/div><div id='resources-section'  class='avia-section main_color avia-section-large avia-no-border-styling avia-bg-style-scroll  avia-builder-el-14  el_after_av_section  avia-builder-el-last   container_wrap sidebar_right' style='background-color: #1c313a;  '  ><div class='container' ><div class='template-page content  av-content-small alpha units'><div class='post-entry post-entry-type-page post-entry-4697'><div class='entry-content-wrapper clearfix'>\n<div class=\"flex_column av_one_full  flex_column_div first  avia-builder-el-15  el_before_av_one_third  avia-builder-el-first  resources-section-row\" style='padding:0px 20% 30px 20% ; border-radius:0px; '><section class=\"av_textblock_section\"  itemscope=\"itemscope\" itemtype=\"https:\/\/schema.org\/CreativeWork\" ><div class='avia_textblock eyebrow-headline av_inherit_color'  style='color:#ffffff; '  itemprop=\"text\" ><p style=\"text-align: center;\">Biblioteca de recursos<\/p>\n<\/div><\/section><br \/>\n<div  style='padding-bottom:12px; margin-top:26px; color:#ffffff;font-size:40px;' class='av-special-heading av-special-heading-h2 custom-color-heading blockquote modern-quote modern-centered  avia-builder-el-17  el_after_av_textblock  el_before_av_textblock  av-inherit-size'><h2 class='av-special-heading-tag'  itemprop=\"headline\"  >\u00bfQuieres saber m\u00e1s?<\/h2><div class='special-heading-border'><div class='special-heading-inner-border' style='border-color:#ffffff'><\/div><\/div><\/div><br \/>\n<section class=\"av_textblock_section\"  itemscope=\"itemscope\" itemtype=\"https:\/\/schema.org\/CreativeWork\" ><div class='avia_textblock  av_inherit_color'  style='color:#ffffff; '  itemprop=\"text\" ><p style=\"text-align: center;\">Explora nuestra biblioteca de recursos gratuitos para iniciar tu transformaci\u00f3n digital. Nuestra colecci\u00f3n de eBooks, seminarios web, art\u00edculos y eventos te brindar\u00e1 la informaci\u00f3n y las mejores pr\u00e1cticas que necesitas para alcanzar el \u00e9xito.<\/p>\n<\/div><\/section><\/p><\/div><div class='flex_column_table av-equal-height-column-flextable -flextable' ><div class=\"flex_column av_one_third  flex_column_table_cell av-equal-height-column av-align-top first  avia-builder-el-19  el_after_av_one_full  el_before_av_one_third  resource-column column-top-margin\" style='border-width:1px; border-color:#ffffff; border-style:solid; padding:16px; border-radius:16px; '><p><div  class='avia-image-container  av-styling-    avia-builder-el-20  el_before_av_textblock  avia-builder-el-first  avia-align-center'  itemprop=\"image\" itemscope=\"itemscope\" itemtype=\"https:\/\/schema.org\/ImageObject\"  ><div class='avia-image-container-inner'><div class='avia-image-overlay-wrap'><a href='https:\/\/www.augmentir.com\/es\/blog\/6-laws-of-ai-agents' class='avia_image'  ><img class='avia_image' src='https:\/\/www.augmentir.com\/wp-content\/uploads\/2025\/10\/6-laws-of-ai-agents.webp' alt='Las 6 leyes de los agentes de IA en la fabricaci\u00f3n - por Augmentir' title=''  itemprop=\"thumbnailUrl\"  \/><\/a><\/div><\/div><\/div><br \/>\n<section class=\"av_textblock_section\"  itemscope=\"itemscope\" itemtype=\"https:\/\/schema.org\/CreativeWork\" ><div class='avia_textblock  av_inherit_color'  style='font-size:18px; color:#efefef; '  itemprop=\"text\" ><p><strong>Las 6 leyes de los agentes de IA: Generando confianza, transparencia y seguridad en la IA<\/strong><\/p>\n<\/div><\/section><br \/>\n<section class=\"av_textblock_section\"  itemscope=\"itemscope\" itemtype=\"https:\/\/schema.org\/CreativeWork\" ><div class='avia_textblock  av_inherit_color'  style='color:#efefef; '  itemprop=\"text\" ><p>Las 6 leyes de los agentes de IA de Augmentir definen las barreras para que los agentes sean seguros, \u00e9ticos y responsables en entornos industriales y de fabricaci\u00f3n.<\/p>\n<\/div><\/section><br \/>\n<section class=\"av_textblock_section\"  itemscope=\"itemscope\" itemtype=\"https:\/\/schema.org\/CreativeWork\" ><div class='avia_textblock learn-more-link'  style='font-size:14px; '  itemprop=\"text\" ><p><a href=\"https:\/\/www.augmentir.com\/blog\/6-laws-of-ai-agents\">Leer m\u00e1s<\/a><\/p>\n<\/div><\/section><\/p><\/div><div class='av-flex-placeholder'><\/div><div class=\"flex_column av_one_third  flex_column_table_cell av-equal-height-column av-align-top   avia-builder-el-24  el_after_av_one_third  el_before_av_one_third  resource-column column-top-margin\" style='border-width:1px; border-color:#ffffff; border-style:solid; padding:16px; border-radius:16px; '><p><div  class='avia-image-container  av-styling-    avia-builder-el-25  el_before_av_textblock  avia-builder-el-first  avia-align-center'  itemprop=\"image\" itemscope=\"itemscope\" itemtype=\"https:\/\/schema.org\/ImageObject\"  ><div class='avia-image-container-inner'><div class='avia-image-overlay-wrap'><a href='https:\/\/www.augmentir.com\/es\/blog\/ai-value-in-connected-worker-journey' class='avia_image'  ><img class='avia_image' src='https:\/\/www.augmentir.com\/wp-content\/uploads\/2025\/07\/connected-worker-journey-featured-v3.webp' alt='El recorrido del trabajador conectado, impulsado por Augmentir AI' title=''  itemprop=\"thumbnailUrl\"  \/><\/a><\/div><\/div><\/div><br \/>\n<section class=\"av_textblock_section\"  itemscope=\"itemscope\" itemtype=\"https:\/\/schema.org\/CreativeWork\" ><div class='avia_textblock  av_inherit_color'  style='font-size:18px; color:#efefef; '  itemprop=\"text\" ><p><strong>C\u00f3mo la IA de Augmentir aporta valor transformador a lo largo de la experiencia del trabajador conectado<\/strong><\/p>\n<\/div><\/section><br \/>\n<section class=\"av_textblock_section\"  itemscope=\"itemscope\" itemtype=\"https:\/\/schema.org\/CreativeWork\" ><div class='avia_textblock  av_inherit_color'  style='color:#efefef; '  itemprop=\"text\" ><p>Descubra c\u00f3mo la IA de Augmentir transforma la experiencia del trabajador conectado, impulsando la capacitaci\u00f3n, la productividad y la mejora continua.<\/p>\n<\/div><\/section><br \/>\n<section class=\"av_textblock_section\"  itemscope=\"itemscope\" itemtype=\"https:\/\/schema.org\/CreativeWork\" ><div class='avia_textblock learn-more-link'  style='font-size:14px; '  itemprop=\"text\" ><p><a href=\"https:\/\/www.augmentir.com\/blog\/ai-value-in-connected-worker-journey\">Leer m\u00e1s<\/a><\/p>\n<\/div><\/section><\/p><\/div><div class='av-flex-placeholder'><\/div><div class=\"flex_column av_one_third  flex_column_table_cell av-equal-height-column av-align-top   avia-builder-el-29  el_after_av_one_third  el_before_av_hr  resource-column column-top-margin\" style='border-width:1px; border-color:#ffffff; border-style:solid; padding:16px; border-radius:16px; '><p><div  class='avia-image-container  av-styling-    avia-builder-el-30  el_before_av_textblock  avia-builder-el-first  avia-align-center'  itemprop=\"image\" itemscope=\"itemscope\" itemtype=\"https:\/\/schema.org\/ImageObject\"  ><div class='avia-image-container-inner'><div class='avia-image-overlay-wrap'><a href='https:\/\/www.augmentir.com\/es\/blog\/factory-agents-in-manufacturing' class='avia_image'  ><img class='avia_image' src='https:\/\/www.augmentir.com\/wp-content\/uploads\/2025\/05\/factory-agents-ai-in-manufacturing.webp' alt='Un agente de f\u00e1brica digital en la fabricaci\u00f3n' title=''  itemprop=\"thumbnailUrl\"  \/><\/a><\/div><\/div><\/div><br \/>\n<section class=\"av_textblock_section\"  itemscope=\"itemscope\" itemtype=\"https:\/\/schema.org\/CreativeWork\" ><div class='avia_textblock  av_inherit_color'  style='font-size:18px; color:#efefef; '  itemprop=\"text\" ><p><strong>Agentes de f\u00e1brica: la pr\u00f3xima evoluci\u00f3n en la fabricaci\u00f3n, impulsada por Augmentir<\/strong><\/p>\n<\/div><\/section><br \/>\n<section class=\"av_textblock_section\"  itemscope=\"itemscope\" itemtype=\"https:\/\/schema.org\/CreativeWork\" ><div class='avia_textblock  av_inherit_color'  style='color:#efefef; '  itemprop=\"text\" ><p>Descubra c\u00f3mo los agentes de f\u00e1brica de inteligencia artificial de Augmentir est\u00e1n transformando la fabricaci\u00f3n con informaci\u00f3n en tiempo real, automatizaci\u00f3n y aumento de la fuerza laboral.<\/p>\n<\/div><\/section><br \/>\n<section class=\"av_textblock_section\"  itemscope=\"itemscope\" itemtype=\"https:\/\/schema.org\/CreativeWork\" ><div class='avia_textblock learn-more-link'   itemprop=\"text\" ><p><a href=\"https:\/\/www.augmentir.com\/blog\/factory-agents-in-manufacturing\">Leer m\u00e1s<\/a><\/p>\n<\/div><\/section><\/p><\/div><\/div><!--close column table wrapper. Autoclose: 1 --><div  style='height:50px' class='hr hr-invisible   avia-builder-el-34  el_after_av_one_third  el_before_av_textblock'><span class='hr-inner' ><span class='hr-inner-style'><\/span><\/span><\/div>\n<section class=\"av_textblock_section\"  itemscope=\"itemscope\" itemtype=\"https:\/\/schema.org\/CreativeWork\" ><div class='avia_textblock'   itemprop=\"text\" ><div style=\"text-align: center;\"><a class=\"avia-button avia-icon_select-no avia-color-custom avia-size-large\" style=\"filter: none !important; background: #FE6F4A; margin-bottom: 20px; border: 1px solid #FE6F4A; color: #ffffff; font-weight: bold; font-size: 14px; cursor: pointer;\" href=\"\/resources\"><span class=\"avia_iconbox_title\">Todos los recursos<\/span><\/a><\/div>\n<\/div><\/section>\n<\/div><\/div><\/div><!-- close content main div --><\/div><\/div><div id='after_section_3'  class='main_color av_default_container_wrap container_wrap sidebar_right' style=' '  ><div class='container' ><div class='template-page content  av-content-small alpha units'><div class='post-entry post-entry-type-page post-entry-4697'><div class='entry-content-wrapper clearfix'><\/p>","protected":false},"excerpt":{"rendered":"","protected":false},"author":1,"featured_media":0,"parent":0,"menu_order":0,"comment_status":"closed","ping_status":"closed","template":"","meta":{"inline_featured_image":false,"_lmt_disableupdate":"no","_lmt_disable":"","footnotes":""},"class_list":["post-4697","page","type-page","status-publish","hentry"],"yoast_head":"<!-- This site is optimized with the Yoast SEO plugin v27.2 - https:\/\/yoast.com\/product\/yoast-seo-wordpress\/ -->\n<title>Industry Solutions and Use Cases - Augmentir<\/title>\n<meta name=\"description\" content=\"Augmentir&#039;s AI-Powered Connected Worker Platform is being used to help intelligently guide and support frontline workers in a wide range of industrial use cases.\" \/>\n<meta name=\"robots\" content=\"index, follow, max-snippet:-1, max-image-preview:large, max-video-preview:-1\" \/>\n<link rel=\"canonical\" href=\"https:\/\/www.augmentir.com\/es\/solutions\" \/>\n<meta property=\"og:locale\" content=\"es_ES\" \/>\n<meta property=\"og:type\" content=\"article\" \/>\n<meta property=\"og:title\" content=\"Industry Solutions and Use Cases - Augmentir\" \/>\n<meta property=\"og:description\" content=\"Augmentir&#039;s AI-Powered Connected Worker Platform is being used to help intelligently guide and support frontline workers in a wide range of industrial use cases.\" \/>\n<meta property=\"og:url\" content=\"https:\/\/www.augmentir.com\/es\/solutions\" \/>\n<meta property=\"og:site_name\" content=\"Augmentir\" \/>\n<meta property=\"article:modified_time\" content=\"2025-12-15T15:21:43+00:00\" \/>\n<meta name=\"twitter:card\" content=\"summary_large_image\" \/>\n<meta name=\"twitter:site\" content=\"@augmentir\" \/>\n<script type=\"application\/ld+json\" class=\"yoast-schema-graph\">{\"@context\":\"https:\/\/schema.org\",\"@graph\":[{\"@type\":\"WebPage\",\"@id\":\"https:\/\/www.augmentir.com\/solutions\",\"url\":\"https:\/\/www.augmentir.com\/solutions\",\"name\":\"Industry Solutions and Use Cases - Augmentir\",\"isPartOf\":{\"@id\":\"https:\/\/www.augmentir.com\/#website\"},\"datePublished\":\"2019-10-29T02:22:21+00:00\",\"dateModified\":\"2025-12-15T15:21:43+00:00\",\"description\":\"Augmentir's AI-Powered Connected Worker Platform is being used to help intelligently guide and support frontline workers in a wide range of industrial use cases.\",\"breadcrumb\":{\"@id\":\"https:\/\/www.augmentir.com\/solutions#breadcrumb\"},\"inLanguage\":\"es\",\"potentialAction\":[{\"@type\":\"ReadAction\",\"target\":[\"https:\/\/www.augmentir.com\/solutions\"]}]},{\"@type\":\"BreadcrumbList\",\"@id\":\"https:\/\/www.augmentir.com\/solutions#breadcrumb\",\"itemListElement\":[{\"@type\":\"ListItem\",\"position\":1,\"name\":\"Home\",\"item\":\"https:\/\/www.augmentir.com\/\"},{\"@type\":\"ListItem\",\"position\":2,\"name\":\"Industry Solutions and Use Cases\"}]},{\"@type\":\"WebSite\",\"@id\":\"https:\/\/www.augmentir.com\/#website\",\"url\":\"https:\/\/www.augmentir.com\/\",\"name\":\"Augmentir\",\"description\":\"AI-Powered Connected Worker Platform\",\"publisher\":{\"@id\":\"https:\/\/www.augmentir.com\/#organization\"},\"potentialAction\":[{\"@type\":\"SearchAction\",\"target\":{\"@type\":\"EntryPoint\",\"urlTemplate\":\"https:\/\/www.augmentir.com\/?s={search_term_string}\"},\"query-input\":{\"@type\":\"PropertyValueSpecification\",\"valueRequired\":true,\"valueName\":\"search_term_string\"}}],\"inLanguage\":\"es\"},{\"@type\":\"Organization\",\"@id\":\"https:\/\/www.augmentir.com\/#organization\",\"name\":\"Augmentir, Inc.\",\"url\":\"https:\/\/www.augmentir.com\/\",\"logo\":{\"@type\":\"ImageObject\",\"inLanguage\":\"es\",\"@id\":\"https:\/\/www.augmentir.com\/#\/schema\/logo\/image\/\",\"url\":\"https:\/\/www.augmentir.com\/wp-content\/uploads\/2021\/10\/Augmentir_Logo.svg\",\"contentUrl\":\"https:\/\/www.augmentir.com\/wp-content\/uploads\/2021\/10\/Augmentir_Logo.svg\",\"width\":\"1200\",\"height\":\"1200\",\"caption\":\"Augmentir, Inc.\"},\"image\":{\"@id\":\"https:\/\/www.augmentir.com\/#\/schema\/logo\/image\/\"},\"sameAs\":[\"https:\/\/x.com\/augmentir\",\"https:\/\/www.linkedin.com\/company\/augmentir\"]}]}<\/script>\n<!-- \/ Yoast SEO plugin. -->","yoast_head_json":{"title":"Industry Solutions and Use Cases - Augmentir","description":"Augmentir's AI-Powered Connected Worker Platform is being used to help intelligently guide and support frontline workers in a wide range of industrial use cases.","robots":{"index":"index","follow":"follow","max-snippet":"max-snippet:-1","max-image-preview":"max-image-preview:large","max-video-preview":"max-video-preview:-1"},"canonical":"https:\/\/www.augmentir.com\/es\/solutions","og_locale":"es_ES","og_type":"article","og_title":"Industry Solutions and Use Cases - Augmentir","og_description":"Augmentir's AI-Powered Connected Worker Platform is being used to help intelligently guide and support frontline workers in a wide range of industrial use cases.","og_url":"https:\/\/www.augmentir.com\/es\/solutions","og_site_name":"Augmentir","article_modified_time":"2025-12-15T15:21:43+00:00","twitter_card":"summary_large_image","twitter_site":"@augmentir","schema":{"@context":"https:\/\/schema.org","@graph":[{"@type":"WebPage","@id":"https:\/\/www.augmentir.com\/solutions","url":"https:\/\/www.augmentir.com\/solutions","name":"Industry Solutions and Use Cases - Augmentir","isPartOf":{"@id":"https:\/\/www.augmentir.com\/#website"},"datePublished":"2019-10-29T02:22:21+00:00","dateModified":"2025-12-15T15:21:43+00:00","description":"Augmentir's AI-Powered Connected Worker Platform is being used to help intelligently guide and support frontline workers in a wide range of industrial use cases.","breadcrumb":{"@id":"https:\/\/www.augmentir.com\/solutions#breadcrumb"},"inLanguage":"es","potentialAction":[{"@type":"ReadAction","target":["https:\/\/www.augmentir.com\/solutions"]}]},{"@type":"BreadcrumbList","@id":"https:\/\/www.augmentir.com\/solutions#breadcrumb","itemListElement":[{"@type":"ListItem","position":1,"name":"Home","item":"https:\/\/www.augmentir.com\/"},{"@type":"ListItem","position":2,"name":"Industry Solutions and Use Cases"}]},{"@type":"WebSite","@id":"https:\/\/www.augmentir.com\/#website","url":"https:\/\/www.augmentir.com\/","name":"Augmentir","description":"AI-Powered Connected Worker Platform","publisher":{"@id":"https:\/\/www.augmentir.com\/#organization"},"potentialAction":[{"@type":"SearchAction","target":{"@type":"EntryPoint","urlTemplate":"https:\/\/www.augmentir.com\/?s={search_term_string}"},"query-input":{"@type":"PropertyValueSpecification","valueRequired":true,"valueName":"search_term_string"}}],"inLanguage":"es"},{"@type":"Organization","@id":"https:\/\/www.augmentir.com\/#organization","name":"Augmentir, Inc.","url":"https:\/\/www.augmentir.com\/","logo":{"@type":"ImageObject","inLanguage":"es","@id":"https:\/\/www.augmentir.com\/#\/schema\/logo\/image\/","url":"https:\/\/www.augmentir.com\/wp-content\/uploads\/2021\/10\/Augmentir_Logo.svg","contentUrl":"https:\/\/www.augmentir.com\/wp-content\/uploads\/2021\/10\/Augmentir_Logo.svg","width":"1200","height":"1200","caption":"Augmentir, Inc."},"image":{"@id":"https:\/\/www.augmentir.com\/#\/schema\/logo\/image\/"},"sameAs":["https:\/\/x.com\/augmentir","https:\/\/www.linkedin.com\/company\/augmentir"]}]}},"_links":{"self":[{"href":"https:\/\/www.augmentir.com\/es\/wp-json\/wp\/v2\/pages\/4697","targetHints":{"allow":["GET"]}}],"collection":[{"href":"https:\/\/www.augmentir.com\/es\/wp-json\/wp\/v2\/pages"}],"about":[{"href":"https:\/\/www.augmentir.com\/es\/wp-json\/wp\/v2\/types\/page"}],"author":[{"embeddable":true,"href":"https:\/\/www.augmentir.com\/es\/wp-json\/wp\/v2\/users\/1"}],"replies":[{"embeddable":true,"href":"https:\/\/www.augmentir.com\/es\/wp-json\/wp\/v2\/comments?post=4697"}],"version-history":[{"count":0,"href":"https:\/\/www.augmentir.com\/es\/wp-json\/wp\/v2\/pages\/4697\/revisions"}],"wp:attachment":[{"href":"https:\/\/www.augmentir.com\/es\/wp-json\/wp\/v2\/media?parent=4697"}],"curies":[{"name":"wp","href":"https:\/\/api.w.org\/{rel}","templated":true}]}}