{"id":13692,"date":"2023-11-11T00:26:09","date_gmt":"2023-11-11T00:26:09","guid":{"rendered":"https:\/\/www.augmentir.com\/?page_id=13692"},"modified":"2025-01-12T01:05:30","modified_gmt":"2025-01-12T01:05:30","slug":"daily-management-system","status":"publish","type":"page","link":"https:\/\/www.augmentir.com\/es\/glossary\/daily-management-system","title":{"rendered":"Sistema de Gesti\u00f3n Diaria (DMS)"},"content":{"rendered":"<div id='av_section_1'  class='avia-section main_color avia-section-small avia-no-border-styling avia-bg-style-scroll  avia-builder-el-0  el_before_av_section  avia-builder-el-first  glossary-container  container_wrap sidebar_right' style=' margin-top:10px; margin-bottom:0px; '  ><div class='container' ><main  role=\"main\" itemprop=\"mainContentOfPage\"  class='template-page content  av-content-small alpha units'><div class='post-entry post-entry-type-page post-entry-13692'><div class='entry-content-wrapper clearfix'>\n<div class=\"flex_column av_one_full  flex_column_div av-zero-column-padding first  avia-builder-el-1  avia-builder-el-no-sibling\" style='border-radius:0px; '><p><div  style='padding-bottom:10px; margin-top:16px; font-size:44px;' class='av-special-heading av-special-heading-h1  blockquote modern-quote  avia-builder-el-2  el_before_av_textblock  avia-builder-el-first  av-inherit-size'><h1 class='av-special-heading-tag'  itemprop=\"headline\"  >Sistema de Gesti\u00f3n Diaria (DMS)<\/h1><div class='special-heading-border'><div class='special-heading-inner-border' ><\/div><\/div><\/div><br \/>\n<section class=\"av_textblock_section\"  itemscope=\"itemscope\" itemtype=\"https:\/\/schema.org\/CreativeWork\" ><div class='avia_textblock'   itemprop=\"text\" ><p>Un Sistema de Gesti\u00f3n Diaria Lean (SGD) en manufactura es un enfoque sistem\u00e1tico para gestionar las operaciones diarias, centrado en la mejora continua y la reducci\u00f3n de desperdicios. Es parte integral de la filosof\u00eda de manufactura Lean, que prioriza la entrega de valor a los clientes con la m\u00ednima cantidad de desperdicios en los procesos.<\/p>\n<p>Lea nuestro art\u00edculo a continuaci\u00f3n para obtener m\u00e1s informaci\u00f3n sobre los sistemas de gesti\u00f3n diaria y c\u00f3mo implementar uno dentro de su organizaci\u00f3n:<\/p>\n<ul>\n<li><a href=\"#what-is-a-daily-management-system\">\u00bfQu\u00e9 es un Sistema de Gesti\u00f3n Diaria?<\/a><\/li>\n<li><a href=\"#the-key-components-of-a-lean-daily-management-system\">Los componentes clave de un sistema de gesti\u00f3n diaria Lean<\/a><\/li>\n<li><a href=\"#implementing-daily-management-with-a-frontline-operations-platform\">Implementaci\u00f3n de la gesti\u00f3n diaria con una plataforma de operaciones de primera l\u00ednea<\/a><\/li>\n<\/ul>\n<\/div><\/section><\/p><\/div>\n\n<\/div><\/div><\/main><!-- close content main element --><\/div><\/div><div id='first-time-right-defined'  class='avia-section main_color avia-section-no-padding avia-no-border-styling avia-bg-style-scroll  avia-builder-el-4  el_after_av_section  el_before_av_section  glossary-container  container_wrap sidebar_right' style=' '  ><div class='container' ><div class='template-page content  av-content-small alpha units'><div class='post-entry post-entry-type-page post-entry-13692'><div class='entry-content-wrapper clearfix'>\n<div class=\"flex_column av_one_full  flex_column_div av-zero-column-padding first  avia-builder-el-5  avia-builder-el-no-sibling\" style='border-radius:0px; '><div  class='avia-image-container  av-styling-    avia-builder-el-6  avia-builder-el-no-sibling  avia-align-center'  itemprop=\"image\" itemscope=\"itemscope\" itemtype=\"https:\/\/schema.org\/ImageObject\"  ><div class='avia-image-container-inner'><div class='avia-image-overlay-wrap'><img class='avia_image' src='https:\/\/www.augmentir.com\/wp-content\/uploads\/2023\/11\/lean-daily-management-system.webp' alt='sistema de gesti\u00f3n diaria lean' title='' height=\"675\" width=\"1200\"  itemprop=\"thumbnailUrl\"  \/><\/div><\/div><\/div><\/div>\n\n<\/div><\/div><\/div><!-- close content main div --><\/div><\/div><div id='what-is-a-daily-management-system'  class='avia-section main_color avia-section-no-padding avia-no-border-styling avia-bg-style-scroll  avia-builder-el-7  el_after_av_section  el_before_av_section  glossary-container  container_wrap sidebar_right' style=' '  ><div class='container' ><div class='template-page content  av-content-small alpha units'><div class='post-entry post-entry-type-page post-entry-13692'><div class='entry-content-wrapper clearfix'>\n<div class=\"flex_column av_one_full  flex_column_div av-zero-column-padding first  avia-builder-el-8  avia-builder-el-no-sibling\" style='border-radius:0px; '><p><div  style='padding-bottom:10px; font-size:32px;' class='av-special-heading av-special-heading-h2  blockquote modern-quote  avia-builder-el-9  el_before_av_textblock  avia-builder-el-first  av-inherit-size'><h2 class='av-special-heading-tag'  itemprop=\"headline\"  >\u00bfQu\u00e9 es un Sistema de Gesti\u00f3n Diaria?<\/h2><div class='special-heading-border'><div class='special-heading-inner-border' ><\/div><\/div><\/div><br \/>\n<section class=\"av_textblock_section\"  itemscope=\"itemscope\" itemtype=\"https:\/\/schema.org\/CreativeWork\" ><div class='avia_textblock'   itemprop=\"text\" ><p>En el contexto de la manufactura esbelta, un Sistema de Gesti\u00f3n Diaria (SGD) se refiere a un enfoque estructurado para gestionar y mejorar las operaciones diarias en un entorno de fabricaci\u00f3n. Es un elemento clave de la metodolog\u00eda Lean, cuyo objetivo es eliminar el desperdicio, mejorar la eficiencia y maximizar el valor para el cliente.<\/p>\n<p>Un Sistema de Gesti\u00f3n Diaria se centra en crear un proceso rutinario y sistem\u00e1tico para supervisar, gestionar y mejorar continuamente el rendimiento a nivel operativo. Pone \u00e9nfasis en la visibilidad en tiempo real, la comunicaci\u00f3n y la resoluci\u00f3n de problemas.<\/p>\n<\/div><\/section><\/p><\/div><\/div><\/div><\/div><!-- close content main div --><\/div><\/div><div id='the-key-components-of-a-lean-daily-management-system'  class='avia-section main_color avia-section-no-padding avia-no-border-styling avia-bg-style-scroll  avia-builder-el-11  el_after_av_section  el_before_av_section  glossary-container  container_wrap sidebar_right' style=' '  ><div class='container' ><div class='template-page content  av-content-small alpha units'><div class='post-entry post-entry-type-page post-entry-13692'><div class='entry-content-wrapper clearfix'>\n<div class=\"flex_column av_one_full  flex_column_div av-zero-column-padding first  avia-builder-el-12  avia-builder-el-no-sibling\" style='border-radius:0px; '><p><div  style='padding-bottom:10px; font-size:32px;' class='av-special-heading av-special-heading-h2  blockquote modern-quote  avia-builder-el-13  el_before_av_textblock  avia-builder-el-first  av-inherit-size'><h2 class='av-special-heading-tag'  itemprop=\"headline\"  >Los componentes clave de un sistema de gesti\u00f3n diaria Lean<\/h2><div class='special-heading-border'><div class='special-heading-inner-border' ><\/div><\/div><\/div><br \/>\n<section class=\"av_textblock_section\"  itemscope=\"itemscope\" itemtype=\"https:\/\/schema.org\/CreativeWork\" ><div class='avia_textblock'   itemprop=\"text\" ><p>Las caracter\u00edsticas clave de un Sistema de Gesti\u00f3n Diaria en el contexto de Lean Manufacturing incluyen:<\/p>\n<ol>\n<li><strong>Gesti\u00f3n visual:<\/strong> El uso de herramientas visuales como tableros, gr\u00e1ficos y pantallas para facilitar el acceso a la informaci\u00f3n relevante a todos en el lugar de trabajo. Esto suele incluir la visualizaci\u00f3n de indicadores clave de rendimiento (KPI), cronogramas de producci\u00f3n y otros datos cr\u00edticos.<\/li>\n<li><strong>Reuniones diarias o reuniones de grupo:<\/strong> Reuniones peri\u00f3dicas y breves, a menudo diarias, donde los equipos se re\u00fanen para revisar las m\u00e9tricas de rendimiento, debatir problemas o desaf\u00edos y planificar acciones para abordarlos. Estas reuniones suelen ser breves y se centran en la resoluci\u00f3n de problemas y la mejora continua.<\/li>\n<li><strong>Resoluci\u00f3n de problemas:<\/strong> El Sistema de Gesti\u00f3n Diaria fomenta una cultura de resoluci\u00f3n de problemas desde la ra\u00edz. Cuando surgen problemas, se espera que los equipos investiguen y aborden los problemas subyacentes en lugar de solo abordar los s\u00edntomas.<\/li>\n<li><strong>Trabajo estandarizado:<\/strong> Procedimientos operativos est\u00e1ndar (POE) claramente definidos y documentados que establecen la forma m\u00e1s conocida de realizar las tareas. El trabajo estandarizado contribuye a garantizar la consistencia, la calidad y la eficiencia en las operaciones diarias.<\/li>\n<li><strong>Paseos Gemba:<\/strong> Gemba es un t\u00e9rmino japon\u00e9s que significa &quot;el lugar real&quot;. Las visitas gemba implican que gerentes y l\u00edderes visiten la planta o el lugar de trabajo para observar las operaciones, interactuar con los empleados e identificar oportunidades de mejora.<\/li>\n<li><strong>M\u00e9tricas de rendimiento:<\/strong> Definir y supervisar indicadores clave de rendimiento (KPI) alineados con los objetivos de la organizaci\u00f3n. Estos datos ayudan a los equipos a medir su rendimiento e identificar \u00e1reas de mejora.<\/li>\n<li><strong>Participaci\u00f3n de los empleados:<\/strong> Involucrar activamente a los empleados en la toma de decisiones y animarlos a aportar ideas de mejora. El compromiso de los empleados es un aspecto fundamental de la filosof\u00eda Lean.<\/li>\n<li><strong>Mejora continua:<\/strong> Realizar eventos o talleres Kaizen para abordar problemas espec\u00edficos, optimizar procesos e implementar mejoras graduales. Establecer ciclos de retroalimentaci\u00f3n para captar sugerencias e ideas de mejora de los empleados de todos los niveles. Esto anima a los equipos a implementar peque\u00f1os cambios graduales con regularidad, en lugar de esperar a que se produzcan cambios importantes.<\/li>\n<\/ol>\n<\/div><\/section><\/p><\/div>\n<\/p>\n<\/div><\/div><\/div><!-- close content main div --><\/div><\/div><div id='implementing-daily-management-with-a-frontline-operations-platform'  class='avia-section main_color avia-section-no-padding avia-no-border-styling avia-bg-style-scroll  avia-builder-el-15  el_after_av_section  el_before_av_section  glossary-container  container_wrap sidebar_right' style=' '  ><div class='container' ><div class='template-page content  av-content-small alpha units'><div class='post-entry post-entry-type-page post-entry-13692'><div class='entry-content-wrapper clearfix'>\n<div class=\"flex_column av_one_full  flex_column_div av-zero-column-padding first  avia-builder-el-16  avia-builder-el-no-sibling\" style='border-radius:0px; '><p><div  style='padding-bottom:10px; font-size:32px;' class='av-special-heading av-special-heading-h2  blockquote modern-quote  avia-builder-el-17  el_before_av_textblock  avia-builder-el-first  av-inherit-size'><h2 class='av-special-heading-tag'  itemprop=\"headline\"  >Implementaci\u00f3n de un sistema de gesti\u00f3n diaria con una plataforma de operaciones de primera l\u00ednea<\/h2><div class='special-heading-border'><div class='special-heading-inner-border' ><\/div><\/div><\/div><br \/>\n<section class=\"av_textblock_section\"  itemscope=\"itemscope\" itemtype=\"https:\/\/schema.org\/CreativeWork\" ><div class='avia_textblock'   itemprop=\"text\" ><p>Implementar un Sistema de Gesti\u00f3n Diaria Lean requiere un cambio cultural y el compromiso de todos los niveles de la organizaci\u00f3n. Esto incluye la implementaci\u00f3n de un conjunto de herramientas y pr\u00e1cticas, as\u00ed como una filosof\u00eda que fomente un enfoque proactivo y colaborativo para gestionar las operaciones diarias e impulsar la mejora continua.<\/p>\n<p>Un aspecto importante de la gesti\u00f3n diaria es la digitalizaci\u00f3n de las herramientas y los procesos para garantizar que las actividades diarias se gestionen eficazmente y se mejoren continuamente. De hecho, seg\u00fan <a href=\"https:\/\/blog.lnsresearch.com\/what-is-digital-performance-excellence\" target=\"_blank\" rel=\"noopener\">Investigaci\u00f3n de LNS Research<\/a>La mayor\u00eda de los l\u00edderes de la transformaci\u00f3n industrial est\u00e1n digitalizando la gesti\u00f3n de sus operaciones con sistemas de software digitales.<\/p>\n<p><strong>Aqu\u00ed es donde entran en juego las plataformas de operaciones de primera l\u00ednea.<\/strong><\/p>\n<p>Las plataformas conectadas de operaciones de primera l\u00ednea son herramientas de software digitales que ayudan a estandarizar y mejorar las operaciones de fabricaci\u00f3n. Se utilizan para supervisar las actividades diarias, mejorar la comunicaci\u00f3n, la capacitaci\u00f3n, la colaboraci\u00f3n, la orientaci\u00f3n y el apoyo a los trabajadores en planta, y son un aspecto fundamental de la Gesti\u00f3n Diaria Lean.<\/p>\n<p>Augmentir es el primer software del mundo basado en IA que estandariza y optimiza los procedimientos de trabajo para que los trabajadores de primera l\u00ednea alcancen la excelencia en su campo. La soluci\u00f3n para trabajadores conectados de Augmentir puede ayudarle a eliminar desperdicios y reducir costos al optimizar los procesos de producci\u00f3n y minimizar defectos y errores.<\/p>\n<p>La soluci\u00f3n de Augmentir incluye:<\/p>\n<ul>\n<li>Informes visuales de horarios de trabajo, trabajo est\u00e1ndar y KPI<\/li>\n<li>Herramientas de gesti\u00f3n de problemas que permiten a los trabajadores plantear problemas, realizar un seguimiento y gestionar digitalmente las notificaciones de mantenimiento con un tablero Kanban visual<\/li>\n<li>Horarios de trabajo est\u00e1ndar<\/li>\n<li>Generador de flujo de trabajo digital que le permite crear instrucciones y procedimientos de trabajo digitales<\/li>\n<\/ul>\n<\/div><\/section><br \/>\n<div  class='avia-image-container  av-styling-    avia-builder-el-19  el_after_av_textblock  el_before_av_textblock  avia-align-center'  itemprop=\"image\" itemscope=\"itemscope\" itemtype=\"https:\/\/schema.org\/ImageObject\"  ><div class='avia-image-container-inner'><div class='avia-image-overlay-wrap'><img class='avia_image' src='https:\/\/www.augmentir.com\/wp-content\/uploads\/2022\/12\/manufacturing-kpi-first-time-right.png' alt='KPI de fabricaci\u00f3n a la primera, correcto' title='' height=\"2154\" width=\"5240\"  itemprop=\"thumbnailUrl\"  \/><\/div><\/div><\/div><br \/>\n<section class=\"av_textblock_section\"  itemscope=\"itemscope\" itemtype=\"https:\/\/schema.org\/CreativeWork\" ><div class='avia_textblock'   itemprop=\"text\" ><p>Cont\u00e1ctenos hoy para una <a href=\"https:\/\/www.augmentir.com\/request-a-demo\">demostraci\u00f3n en vivo<\/a>.<\/p>\n<\/div><\/section><\/p><\/div>\n\n<\/div><\/div><\/div><!-- close content main div --><\/div><\/div><div id='av_section_6'  class='avia-section main_color avia-section-no-padding avia-no-border-styling avia-bg-style-scroll  avia-builder-el-21  el_after_av_section  avia-builder-el-last  glossary-container  container_wrap sidebar_right' style=' margin-top:0px; margin-bottom:50px; '  ><div class='container' ><div class='template-page content  av-content-small alpha units'><div class='post-entry post-entry-type-page post-entry-13692'><div class='entry-content-wrapper clearfix'>\n<section class=\"av_textblock_section\"  itemscope=\"itemscope\" itemtype=\"https:\/\/schema.org\/CreativeWork\" ><div class='avia_textblock'   itemprop=\"text\" ><div class=\"cta\"><div class=\"content\"><div class=\"eyebrow-headline\">Vea Augmentir en acci\u00f3n<\/div><div class=\"heading\">Cont\u00e1ctenos para una demostraci\u00f3n personalizada<\/div><div class=\"copy\" style=\"min-height:30px;\"><\/div><div class=\"link\"><a class=\"btn btn-white\" href=\"\/request-a-demo\">Reservar una demostraci\u00f3n<\/a><\/div><\/div><div class=\"dashboard\"><\/div><\/div>\n<\/div><\/section>\n<\/div><\/div><\/div><!-- close content main div --><\/div><\/div><div id='after_section_6'  class='main_color av_default_container_wrap container_wrap sidebar_right' style=' '  ><div class='container' ><div class='template-page content  av-content-small alpha units'><div class='post-entry post-entry-type-page post-entry-13692'><div class='entry-content-wrapper clearfix'>","protected":false},"excerpt":{"rendered":"","protected":false},"author":1,"featured_media":0,"parent":11161,"menu_order":0,"comment_status":"closed","ping_status":"closed","template":"","meta":{"inline_featured_image":false,"_lmt_disableupdate":"no","_lmt_disable":"","footnotes":""},"class_list":["post-13692","page","type-page","status-publish","hentry"],"yoast_head":"<!-- This site is optimized with the Yoast SEO plugin v27.2 - https:\/\/yoast.com\/product\/yoast-seo-wordpress\/ -->\n<title>Daily Management System (DMS) - Augmentir<\/title>\n<meta name=\"description\" content=\"Learn what a lean daily management system is, its key components, and how to implement a DMS within your manufacturing organization.\" \/>\n<meta name=\"robots\" content=\"index, follow, max-snippet:-1, max-image-preview:large, max-video-preview:-1\" \/>\n<link rel=\"canonical\" href=\"https:\/\/www.augmentir.com\/es\/glossary\/daily-management-system\" \/>\n<meta property=\"og:locale\" content=\"es_ES\" \/>\n<meta property=\"og:type\" content=\"article\" \/>\n<meta property=\"og:title\" content=\"Daily Management System (DMS) - Augmentir\" \/>\n<meta property=\"og:description\" content=\"Learn what a lean daily management system is, its key components, and how to implement a DMS within your manufacturing organization.\" \/>\n<meta property=\"og:url\" content=\"https:\/\/www.augmentir.com\/es\/glossary\/daily-management-system\" \/>\n<meta property=\"og:site_name\" content=\"Augmentir\" \/>\n<meta property=\"article:modified_time\" content=\"2025-01-12T01:05:30+00:00\" \/>\n<meta name=\"twitter:card\" content=\"summary_large_image\" \/>\n<meta name=\"twitter:site\" content=\"@augmentir\" \/>\n<script type=\"application\/ld+json\" class=\"yoast-schema-graph\">{\"@context\":\"https:\/\/schema.org\",\"@graph\":[{\"@type\":\"WebPage\",\"@id\":\"https:\/\/www.augmentir.com\/glossary\/daily-management-system\",\"url\":\"https:\/\/www.augmentir.com\/glossary\/daily-management-system\",\"name\":\"Daily Management System (DMS) - Augmentir\",\"isPartOf\":{\"@id\":\"https:\/\/www.augmentir.com\/#website\"},\"datePublished\":\"2023-11-11T00:26:09+00:00\",\"dateModified\":\"2025-01-12T01:05:30+00:00\",\"description\":\"Learn what a lean daily management system is, its key components, and how to implement a DMS within your manufacturing organization.\",\"breadcrumb\":{\"@id\":\"https:\/\/www.augmentir.com\/glossary\/daily-management-system#breadcrumb\"},\"inLanguage\":\"es\",\"potentialAction\":[{\"@type\":\"ReadAction\",\"target\":[\"https:\/\/www.augmentir.com\/glossary\/daily-management-system\"]}]},{\"@type\":\"BreadcrumbList\",\"@id\":\"https:\/\/www.augmentir.com\/glossary\/daily-management-system#breadcrumb\",\"itemListElement\":[{\"@type\":\"ListItem\",\"position\":1,\"name\":\"Home\",\"item\":\"https:\/\/www.augmentir.com\/\"},{\"@type\":\"ListItem\",\"position\":2,\"name\":\"Topics\",\"item\":\"https:\/\/www.augmentir.com\/glossary\"},{\"@type\":\"ListItem\",\"position\":3,\"name\":\"Daily Management System (DMS)\"}]},{\"@type\":\"WebSite\",\"@id\":\"https:\/\/www.augmentir.com\/#website\",\"url\":\"https:\/\/www.augmentir.com\/\",\"name\":\"Augmentir\",\"description\":\"AI-Powered Connected Worker Platform\",\"publisher\":{\"@id\":\"https:\/\/www.augmentir.com\/#organization\"},\"potentialAction\":[{\"@type\":\"SearchAction\",\"target\":{\"@type\":\"EntryPoint\",\"urlTemplate\":\"https:\/\/www.augmentir.com\/?s={search_term_string}\"},\"query-input\":{\"@type\":\"PropertyValueSpecification\",\"valueRequired\":true,\"valueName\":\"search_term_string\"}}],\"inLanguage\":\"es\"},{\"@type\":\"Organization\",\"@id\":\"https:\/\/www.augmentir.com\/#organization\",\"name\":\"Augmentir, Inc.\",\"url\":\"https:\/\/www.augmentir.com\/\",\"logo\":{\"@type\":\"ImageObject\",\"inLanguage\":\"es\",\"@id\":\"https:\/\/www.augmentir.com\/#\/schema\/logo\/image\/\",\"url\":\"https:\/\/www.augmentir.com\/wp-content\/uploads\/2021\/10\/Augmentir_Logo.svg\",\"contentUrl\":\"https:\/\/www.augmentir.com\/wp-content\/uploads\/2021\/10\/Augmentir_Logo.svg\",\"width\":\"1200\",\"height\":\"1200\",\"caption\":\"Augmentir, Inc.\"},\"image\":{\"@id\":\"https:\/\/www.augmentir.com\/#\/schema\/logo\/image\/\"},\"sameAs\":[\"https:\/\/x.com\/augmentir\",\"https:\/\/www.linkedin.com\/company\/augmentir\"]}]}<\/script>\n<!-- \/ Yoast SEO plugin. -->","yoast_head_json":{"title":"Daily Management System (DMS) - Augmentir","description":"Learn what a lean daily management system is, its key components, and how to implement a DMS within your manufacturing organization.","robots":{"index":"index","follow":"follow","max-snippet":"max-snippet:-1","max-image-preview":"max-image-preview:large","max-video-preview":"max-video-preview:-1"},"canonical":"https:\/\/www.augmentir.com\/es\/glossary\/daily-management-system","og_locale":"es_ES","og_type":"article","og_title":"Daily Management System (DMS) - Augmentir","og_description":"Learn what a lean daily management system is, its key components, and how to implement a DMS within your manufacturing organization.","og_url":"https:\/\/www.augmentir.com\/es\/glossary\/daily-management-system","og_site_name":"Augmentir","article_modified_time":"2025-01-12T01:05:30+00:00","twitter_card":"summary_large_image","twitter_site":"@augmentir","schema":{"@context":"https:\/\/schema.org","@graph":[{"@type":"WebPage","@id":"https:\/\/www.augmentir.com\/glossary\/daily-management-system","url":"https:\/\/www.augmentir.com\/glossary\/daily-management-system","name":"Daily Management System (DMS) - Augmentir","isPartOf":{"@id":"https:\/\/www.augmentir.com\/#website"},"datePublished":"2023-11-11T00:26:09+00:00","dateModified":"2025-01-12T01:05:30+00:00","description":"Learn what a lean daily management system is, its key components, and how to implement a DMS within your manufacturing organization.","breadcrumb":{"@id":"https:\/\/www.augmentir.com\/glossary\/daily-management-system#breadcrumb"},"inLanguage":"es","potentialAction":[{"@type":"ReadAction","target":["https:\/\/www.augmentir.com\/glossary\/daily-management-system"]}]},{"@type":"BreadcrumbList","@id":"https:\/\/www.augmentir.com\/glossary\/daily-management-system#breadcrumb","itemListElement":[{"@type":"ListItem","position":1,"name":"Home","item":"https:\/\/www.augmentir.com\/"},{"@type":"ListItem","position":2,"name":"Topics","item":"https:\/\/www.augmentir.com\/glossary"},{"@type":"ListItem","position":3,"name":"Daily Management System (DMS)"}]},{"@type":"WebSite","@id":"https:\/\/www.augmentir.com\/#website","url":"https:\/\/www.augmentir.com\/","name":"Augmentir","description":"AI-Powered Connected Worker Platform","publisher":{"@id":"https:\/\/www.augmentir.com\/#organization"},"potentialAction":[{"@type":"SearchAction","target":{"@type":"EntryPoint","urlTemplate":"https:\/\/www.augmentir.com\/?s={search_term_string}"},"query-input":{"@type":"PropertyValueSpecification","valueRequired":true,"valueName":"search_term_string"}}],"inLanguage":"es"},{"@type":"Organization","@id":"https:\/\/www.augmentir.com\/#organization","name":"Augmentir, Inc.","url":"https:\/\/www.augmentir.com\/","logo":{"@type":"ImageObject","inLanguage":"es","@id":"https:\/\/www.augmentir.com\/#\/schema\/logo\/image\/","url":"https:\/\/www.augmentir.com\/wp-content\/uploads\/2021\/10\/Augmentir_Logo.svg","contentUrl":"https:\/\/www.augmentir.com\/wp-content\/uploads\/2021\/10\/Augmentir_Logo.svg","width":"1200","height":"1200","caption":"Augmentir, Inc."},"image":{"@id":"https:\/\/www.augmentir.com\/#\/schema\/logo\/image\/"},"sameAs":["https:\/\/x.com\/augmentir","https:\/\/www.linkedin.com\/company\/augmentir"]}]}},"_links":{"self":[{"href":"https:\/\/www.augmentir.com\/es\/wp-json\/wp\/v2\/pages\/13692","targetHints":{"allow":["GET"]}}],"collection":[{"href":"https:\/\/www.augmentir.com\/es\/wp-json\/wp\/v2\/pages"}],"about":[{"href":"https:\/\/www.augmentir.com\/es\/wp-json\/wp\/v2\/types\/page"}],"author":[{"embeddable":true,"href":"https:\/\/www.augmentir.com\/es\/wp-json\/wp\/v2\/users\/1"}],"replies":[{"embeddable":true,"href":"https:\/\/www.augmentir.com\/es\/wp-json\/wp\/v2\/comments?post=13692"}],"version-history":[{"count":0,"href":"https:\/\/www.augmentir.com\/es\/wp-json\/wp\/v2\/pages\/13692\/revisions"}],"up":[{"embeddable":true,"href":"https:\/\/www.augmentir.com\/es\/wp-json\/wp\/v2\/pages\/11161"}],"wp:attachment":[{"href":"https:\/\/www.augmentir.com\/es\/wp-json\/wp\/v2\/media?parent=13692"}],"curies":[{"name":"wp","href":"https:\/\/api.w.org\/{rel}","templated":true}]}}