{"id":13619,"date":"2023-09-15T13:09:43","date_gmt":"2023-09-15T13:09:43","guid":{"rendered":"https:\/\/www.augmentir.com\/?page_id=13619"},"modified":"2023-09-15T13:09:43","modified_gmt":"2023-09-15T13:09:43","slug":"contact","status":"publish","type":"page","link":"https:\/\/www.augmentir.com\/es\/thank-you\/contact","title":{"rendered":"Contacto"},"content":{"rendered":"<div id='av_section_1'  class='avia-section main_color avia-section-large avia-no-border-styling avia-full-stretch av-section-color-overlay-active avia-bg-style-scroll  avia-builder-el-0  el_before_av_section  avia-builder-el-first   container_wrap sidebar_right' style='background-repeat: no-repeat; background-image: url(https:\/\/www.augmentir.com\/wp-content\/uploads\/2020\/11\/resources-background5.jpg);background-attachment: scroll; background-position: center center;  '  data-section-bg-repeat='stretch'><div class='av-section-color-overlay-wrap'><div class='av-section-color-overlay' style='opacity: 0.6; background-color: #35383c; '><\/div><div class='container' ><main  role=\"main\" itemprop=\"mainContentOfPage\"  class='template-page content  av-content-small alpha units'><div class='post-entry post-entry-type-page post-entry-13619'><div class='entry-content-wrapper clearfix'>\n<div  style='padding-bottom:10px; color:#ffffff;font-size:42px;' class='av-special-heading av-special-heading-h1 custom-color-heading blockquote modern-quote  avia-builder-el-1  el_before_av_textblock  avia-builder-el-first  av-inherit-size'><h1 class='av-special-heading-tag'  itemprop=\"headline\"  >\u00a1Gracias!<\/h1><div class='special-heading-border'><div class='special-heading-inner-border' style='border-color:#ffffff'><\/div><\/div><\/div>\n<section class=\"av_textblock_section\"  itemscope=\"itemscope\" itemtype=\"https:\/\/schema.org\/CreativeWork\" ><div class='avia_textblock  av_inherit_color'  style='font-size:18px; color:#ffffff; '  itemprop=\"text\" ><p>Gracias por contactarnos. Nos pondremos en contacto con usted en breve.<\/p>\n<\/div><\/section>\n\n<\/div><\/div><\/main><!-- close content main element --><\/div><\/div><\/div><div id='av_section_2'  class='avia-section main_color avia-section-large avia-no-border-styling avia-bg-style-scroll  avia-builder-el-3  el_after_av_section  avia-builder-el-last   container_wrap sidebar_right' style=' '  ><div class='container' ><div class='template-page content  av-content-small alpha units'><div class='post-entry post-entry-type-page post-entry-13619'><div class='entry-content-wrapper clearfix'>\n<div  style='padding-bottom:20px; margin:10px 10px 10px 10px; font-size:42px;' class='av-special-heading av-special-heading-h2  blockquote modern-quote modern-centered  avia-builder-el-4  el_before_av_blog  avia-builder-el-first  av-inherit-size'><h2 class='av-special-heading-tag'  itemprop=\"headline\"  >Vea algunos de nuestros \u00faltimos contenidos<\/h2><div class='special-heading-border'><div class='special-heading-inner-border' ><\/div><\/div><\/div>\n<div   data-autoplay=''  data-interval='5'  data-animation='fade'  data-show_slide_delay='90'  class='avia-content-slider avia-content-grid-active avia-content-slider1 avia-content-slider-odd  avia-builder-el-5  el_after_av_heading  avia-builder-el-last'  itemscope=\"itemscope\" itemtype=\"https:\/\/schema.org\/Blog\" ><div class='avia-content-slider-inner'><div class='slide-entry-wrap'><article class='slide-entry flex_column  post-entry post-entry-15066 slide-entry-overview slide-loop-1 slide-parity-odd  av_one_third first real-thumbnail'  itemscope=\"itemscope\" itemtype=\"https:\/\/schema.org\/BlogPosting\" itemprop=\"blogPost\" ><a href='https:\/\/www.augmentir.com\/es\/blog\/ai-in-action-how-hunter-industries-reinvented-workforce-training-with-ai' data-rel='slide-1' class='slide-image' title=''><img decoding=\"async\" width=\"1200\" height=\"630\" src=\"https:\/\/www.augmentir.com\/wp-content\/uploads\/2026\/03\/hunter-industries-transforms-training-with-ai.webp\" class=\"attachment-portfolio size-portfolio wp-post-image\" alt=\"Hunter Industries transforma la formaci\u00f3n con IA\" srcset=\"https:\/\/www.augmentir.com\/wp-content\/uploads\/2026\/03\/hunter-industries-transforms-training-with-ai.webp 1200w, https:\/\/www.augmentir.com\/wp-content\/uploads\/2026\/03\/hunter-industries-transforms-training-with-ai-300x158.webp 300w, https:\/\/www.augmentir.com\/wp-content\/uploads\/2026\/03\/hunter-industries-transforms-training-with-ai-768x403.webp 768w, https:\/\/www.augmentir.com\/wp-content\/uploads\/2026\/03\/hunter-industries-transforms-training-with-ai-18x9.webp 18w, https:\/\/www.augmentir.com\/wp-content\/uploads\/2026\/03\/hunter-industries-transforms-training-with-ai-705x370.webp 705w\" sizes=\"(max-width: 1200px) 100vw, 1200px\" \/><\/a><div class='slide-content'><header class=\"entry-content-header\"><h3 class='slide-entry-title entry-title'  itemprop=\"headline\" ><a href='https:\/\/www.augmentir.com\/es\/blog\/ai-in-action-how-hunter-industries-reinvented-workforce-training-with-ai' title='IA en acci\u00f3n: C\u00f3mo Hunter Industries reinvent\u00f3 la capacitaci\u00f3n laboral con IA'>IA en acci\u00f3n: C\u00f3mo Hunter Industries reinvent\u00f3 la capacitaci\u00f3n laboral con IA<\/a><\/h3><time class='slide-meta-time updated'  itemprop=\"headline\" >4 de marzo de 2026<\/time><span class='blog-author minor-meta'>&nbsp;<span class='text-sep text-sep-cat'>\/<\/span>&nbsp;por Madison Kimbrough<\/span><span class=\"blog-categories minor-meta\"><a href=\"https:\/\/www.augmentir.com\/es\/category\/blog\" rel=\"tag\">Blog<\/a> <\/span><span class=\"av-vertical-delimiter\"><\/span><\/header><div class='slide-entry-excerpt entry-content'  itemprop=\"text\" >Descubra c\u00f3mo Hunter Industries est\u00e1 transformando la capacitaci\u00f3n de la fuerza laboral y el desempe\u00f1o operativo utilizando la plataforma Connected Worker impulsada por IA de Augmentir para reducir los desechos, mejorar los cambios y cerrar las brechas de habilidades.<div class=\"read-more-link\"><a href=\"https:\/\/www.augmentir.com\/es\/blog\/ai-in-action-how-hunter-industries-reinvented-workforce-training-with-ai\" class=\"more-link\">Leer m\u00e1s<span class=\"more-link-arrow\"><\/span><\/a><\/div><\/div><\/div><footer class=\"entry-footer\"><div class='slide-meta'><time class='slide-meta-time updated'  itemprop=\"datePublished\" datetime=\"2026-03-04T17:53:09+00:00\" >&nbsp;<\/time><\/div><\/footer><span class='hidden'>\n\t\t\t<span class='av-structured-data'  itemprop=\"image\" itemscope=\"itemscope\" itemtype=\"https:\/\/schema.org\/ImageObject\">\n\t\t\t\t\t   <span itemprop='url' >https:\/\/www.augmentir.com\/wp-content\/uploads\/2026\/03\/hunter-industries-transforms-training-with-ai.webp<\/span>\n\t\t\t\t\t   <span itemprop='height' >630<\/span>\n\t\t\t\t\t   <span itemprop='width' >1200<\/span>\n\t\t\t\t  <\/span><span class='av-structured-data'  itemprop=\"publisher\" itemtype=\"https:\/\/schema.org\/Organization\" itemscope=\"itemscope\" >\n\t\t\t\t<span itemprop='name'>Chris Kuntz<\/span>\n\t\t\t\t<span itemprop='logo' itemscope itemtype='https:\/\/schema.org\/ImageObject'>\n\t\t\t\t   <span itemprop='url'>https:\/\/www.augmentir.com\/wp-content\/uploads\/2021\/09\/Augmentir_Logo_Sm-300x169.png<\/span>\n\t\t\t\t <\/span>\n\t\t\t  <\/span><span class='av-structured-data'  itemprop=\"author\" itemscope=\"itemscope\" itemtype=\"https:\/\/schema.org\/Person\" ><span itemprop='name'>Chris Kuntz<\/span><\/span><span class='av-structured-data'  itemprop=\"datePublished\" datetime=\"2026-02-05T15:58:41+00:00\" >2026-03-04 17:53:09<\/span><span class='av-structured-data'  itemprop=\"dateModified\" itemtype=\"https:\/\/schema.org\/dateModified\" >2026-03-04 17:53:09<\/span><span class='av-structured-data'  itemprop=\"mainEntityOfPage\" itemtype=\"https:\/\/schema.org\/mainEntityOfPage\" ><span itemprop='name'>IA en acci\u00f3n: C\u00f3mo Hunter Industries reinvent\u00f3 la capacitaci\u00f3n laboral con IA<\/span><\/span><\/span><\/article><article class='slide-entry flex_column  post-entry post-entry-15053 slide-entry-overview slide-loop-2 slide-parity-even  av_one_third  real-thumbnail'  itemscope=\"itemscope\" itemtype=\"https:\/\/schema.org\/BlogPosting\" itemprop=\"blogPost\" ><a href='https:\/\/www.augmentir.com\/es\/news\/augmentir-launches-new-ai-agents-for-manufacturing-operations-expands-augie-industrial-ai-suite' data-rel='slide-1' class='slide-image' title=''><img decoding=\"async\" width=\"1200\" height=\"630\" src=\"https:\/\/www.augmentir.com\/wp-content\/uploads\/2026\/02\/augmentir-launches-new-ai-agents.webp\" class=\"attachment-portfolio size-portfolio wp-post-image\" alt=\"Augmentir lanza nuevos agentes de IA para operaciones industriales\" srcset=\"https:\/\/www.augmentir.com\/wp-content\/uploads\/2026\/02\/augmentir-launches-new-ai-agents.webp 1200w, https:\/\/www.augmentir.com\/wp-content\/uploads\/2026\/02\/augmentir-launches-new-ai-agents-300x158.webp 300w, https:\/\/www.augmentir.com\/wp-content\/uploads\/2026\/02\/augmentir-launches-new-ai-agents-768x403.webp 768w, https:\/\/www.augmentir.com\/wp-content\/uploads\/2026\/02\/augmentir-launches-new-ai-agents-18x9.webp 18w, https:\/\/www.augmentir.com\/wp-content\/uploads\/2026\/02\/augmentir-launches-new-ai-agents-705x370.webp 705w\" sizes=\"(max-width: 1200px) 100vw, 1200px\" \/><\/a><div class='slide-content'><header class=\"entry-content-header\"><h3 class='slide-entry-title entry-title'  itemprop=\"headline\" ><a href='https:\/\/www.augmentir.com\/es\/news\/augmentir-launches-new-ai-agents-for-manufacturing-operations-expands-augie-industrial-ai-suite' title='Augmentir lanza nuevos agentes de IA para operaciones de fabricaci\u00f3n y ampl\u00eda la suite de IA industrial Augie\u2122'>Augmentir lanza nuevos agentes de IA para operaciones de fabricaci\u00f3n y ampl\u00eda la suite de IA industrial Augie\u2122<\/a><\/h3><time class='slide-meta-time updated'  itemprop=\"headline\" >25 de febrero de 2026<\/time><span class='blog-author minor-meta'>&nbsp;<span class='text-sep text-sep-cat'>\/<\/span>&nbsp;por Madison Kimbrough<\/span><span class=\"blog-categories minor-meta\"><a href=\"https:\/\/www.augmentir.com\/es\/category\/blog\" rel=\"tag\">Blog<\/a>, <a href=\"https:\/\/www.augmentir.com\/es\/category\/news\" rel=\"tag\">Noticias<\/a> <\/span><span class=\"av-vertical-delimiter\"><\/span><\/header><div class='slide-entry-excerpt entry-content'  itemprop=\"text\" >Los nuevos 5 agentes de Why Coach, Root Cause Investigator y Data Analyst se suman a la creciente biblioteca de agentes y asistentes de Augmentir para el trabajo de primera l\u00ednea, lo que ayuda a los equipos de operaciones, calidad, mantenimiento y CI a acelerar el an\u00e1lisis de la causa ra\u00edz y la mejora continua.<div class=\"read-more-link\"><a href=\"https:\/\/www.augmentir.com\/es\/news\/augmentir-launches-new-ai-agents-for-manufacturing-operations-expands-augie-industrial-ai-suite\" class=\"more-link\">Leer m\u00e1s<span class=\"more-link-arrow\"><\/span><\/a><\/div><\/div><\/div><footer class=\"entry-footer\"><div class='slide-meta'><time class='slide-meta-time updated'  itemprop=\"datePublished\" datetime=\"2026-02-25T14:10:41+00:00\" >&nbsp;<\/time><\/div><\/footer><span class='hidden'>\n\t\t\t<span class='av-structured-data'  itemprop=\"image\" itemscope=\"itemscope\" itemtype=\"https:\/\/schema.org\/ImageObject\">\n\t\t\t\t\t   <span itemprop='url' >https:\/\/www.augmentir.com\/wp-content\/uploads\/2026\/02\/augmentir-launches-new-ai-agents.webp<\/span>\n\t\t\t\t\t   <span itemprop='height' >630<\/span>\n\t\t\t\t\t   <span itemprop='width' >1200<\/span>\n\t\t\t\t  <\/span><span class='av-structured-data'  itemprop=\"publisher\" itemtype=\"https:\/\/schema.org\/Organization\" itemscope=\"itemscope\" >\n\t\t\t\t<span itemprop='name'>Chris Kuntz<\/span>\n\t\t\t\t<span itemprop='logo' itemscope itemtype='https:\/\/schema.org\/ImageObject'>\n\t\t\t\t   <span itemprop='url'>https:\/\/www.augmentir.com\/wp-content\/uploads\/2021\/09\/Augmentir_Logo_Sm-300x169.png<\/span>\n\t\t\t\t <\/span>\n\t\t\t  <\/span><span class='av-structured-data'  itemprop=\"author\" itemscope=\"itemscope\" itemtype=\"https:\/\/schema.org\/Person\" ><span itemprop='name'>Chris Kuntz<\/span><\/span><span class='av-structured-data'  itemprop=\"datePublished\" datetime=\"2026-02-05T15:58:41+00:00\" >2026-02-25 14:10:41<\/span><span class='av-structured-data'  itemprop=\"dateModified\" itemtype=\"https:\/\/schema.org\/dateModified\" >2026-02-25 14:36:12<\/span><span class='av-structured-data'  itemprop=\"mainEntityOfPage\" itemtype=\"https:\/\/schema.org\/mainEntityOfPage\" ><span itemprop='name'>Augmentir lanza nuevos agentes de IA para operaciones de fabricaci\u00f3n y ampl\u00eda la suite de IA industrial Augie\u2122<\/span><\/span><\/span><\/article><article class='slide-entry flex_column  post-entry post-entry-15039 slide-entry-overview slide-loop-3 slide-parity-odd  post-entry-last  av_one_third  real-thumbnail'  itemscope=\"itemscope\" itemtype=\"https:\/\/schema.org\/BlogPosting\" itemprop=\"blogPost\" ><a href='https:\/\/www.augmentir.com\/es\/blog\/connecting-hr-operations-frontline-workforce' data-rel='slide-1' class='slide-image' title=''><img decoding=\"async\" width=\"1200\" height=\"630\" src=\"https:\/\/www.augmentir.com\/wp-content\/uploads\/2026\/02\/hr-happy-hour-podcast.webp\" class=\"attachment-portfolio size-portfolio wp-post-image\" alt=\"Podcast de la hora feliz de recursos humanos con Chris Kuntz de Augmentir\" srcset=\"https:\/\/www.augmentir.com\/wp-content\/uploads\/2026\/02\/hr-happy-hour-podcast.webp 1200w, https:\/\/www.augmentir.com\/wp-content\/uploads\/2026\/02\/hr-happy-hour-podcast-300x158.webp 300w, https:\/\/www.augmentir.com\/wp-content\/uploads\/2026\/02\/hr-happy-hour-podcast-768x403.webp 768w, https:\/\/www.augmentir.com\/wp-content\/uploads\/2026\/02\/hr-happy-hour-podcast-18x9.webp 18w, https:\/\/www.augmentir.com\/wp-content\/uploads\/2026\/02\/hr-happy-hour-podcast-705x370.webp 705w\" sizes=\"(max-width: 1200px) 100vw, 1200px\" \/><\/a><div class='slide-content'><header class=\"entry-content-header\"><h3 class='slide-entry-title entry-title'  itemprop=\"headline\" ><a href='https:\/\/www.augmentir.com\/es\/blog\/connecting-hr-operations-frontline-workforce' title='Conexi\u00f3n de operaciones y RR. HH. para su fuerza laboral de primera l\u00ednea: conclusiones clave de la Hora Feliz de RR. HH.'>Conexi\u00f3n de operaciones y RR. HH. para su fuerza laboral de primera l\u00ednea: conclusiones clave de la Hora Feliz de RR. HH.<\/a><\/h3><time class='slide-meta-time updated'  itemprop=\"headline\" >5 de febrero de 2026<\/time><span class='blog-author minor-meta'>&nbsp;<span class='text-sep text-sep-cat'>\/<\/span>&nbsp;por Madison Kimbrough<\/span><span class=\"blog-categories minor-meta\"><a href=\"https:\/\/www.augmentir.com\/es\/category\/blog\" rel=\"tag\">Blog<\/a>, <a href=\"https:\/\/www.augmentir.com\/es\/category\/podcasts\" rel=\"tag\">Podcasts<\/a> <\/span><span class=\"av-vertical-delimiter\"><\/span><\/header><div class='slide-entry-excerpt entry-content'  itemprop=\"text\" >C\u00f3mo la IA, RR. HH. y las operaciones se unen para apoyar a los trabajadores de primera l\u00ednea. Ideas clave del podcast HR Happy Hour, con Chris Kuntz de Augmentir, sobre habilidades, formaci\u00f3n y trabajo conectado.<div class=\"read-more-link\"><a href=\"https:\/\/www.augmentir.com\/es\/blog\/connecting-hr-operations-frontline-workforce\" class=\"more-link\">Leer m\u00e1s<span class=\"more-link-arrow\"><\/span><\/a><\/div><\/div><\/div><footer class=\"entry-footer\"><div class='slide-meta'><time class='slide-meta-time updated'  itemprop=\"datePublished\" datetime=\"2026-02-05T15:58:41+00:00\" >&nbsp;<\/time><\/div><\/footer><span class='hidden'>\n\t\t\t<span class='av-structured-data'  itemprop=\"image\" itemscope=\"itemscope\" itemtype=\"https:\/\/schema.org\/ImageObject\">\n\t\t\t\t\t   <span itemprop='url' >https:\/\/www.augmentir.com\/wp-content\/uploads\/2026\/02\/hr-happy-hour-podcast.webp<\/span>\n\t\t\t\t\t   <span itemprop='height' >630<\/span>\n\t\t\t\t\t   <span itemprop='width' >1200<\/span>\n\t\t\t\t  <\/span><span class='av-structured-data'  itemprop=\"publisher\" itemtype=\"https:\/\/schema.org\/Organization\" itemscope=\"itemscope\" >\n\t\t\t\t<span itemprop='name'>Madison Kimbrough<\/span>\n\t\t\t\t<span itemprop='logo' itemscope itemtype='https:\/\/schema.org\/ImageObject'>\n\t\t\t\t   <span itemprop='url'>https:\/\/www.augmentir.com\/wp-content\/uploads\/2021\/09\/Augmentir_Logo_Sm-300x169.png<\/span>\n\t\t\t\t <\/span>\n\t\t\t  <\/span><span class='av-structured-data'  itemprop=\"author\" itemscope=\"itemscope\" itemtype=\"https:\/\/schema.org\/Person\" ><span itemprop='name'>Madison Kimbrough<\/span><\/span><span class='av-structured-data'  itemprop=\"datePublished\" datetime=\"2026-02-05T15:58:41+00:00\" >2026-02-05 15:58:41<\/span><span class='av-structured-data'  itemprop=\"dateModified\" itemtype=\"https:\/\/schema.org\/dateModified\" >2026-02-05 15:58:41<\/span><span class='av-structured-data'  itemprop=\"mainEntityOfPage\" itemtype=\"https:\/\/schema.org\/mainEntityOfPage\" ><span itemprop='name'>Conexi\u00f3n de operaciones y RR. HH. para su fuerza laboral de primera l\u00ednea: conclusiones clave de la Hora Feliz de RR. HH.<\/span><\/span><\/span><\/article><\/div><\/div><div class='pagination-wrap pagination-slider'><nav class='pagination'><span class='pagination-meta'>P\u00e1gina 1 de 44<\/span><span class='current'>1<\/span><a href='https:\/\/www.augmentir.com\/es\/wp-json\/wp\/v2\/pages\/13619\/page\/2' class='inactive next_page' >2<\/a><a href='https:\/\/www.augmentir.com\/es\/wp-json\/wp\/v2\/pages\/13619\/page\/3' class='inactive' >3<\/a><a href='https:\/\/www.augmentir.com\/es\/wp-json\/wp\/v2\/pages\/13619\/page\/2'>\u203a<\/a><a href='https:\/\/www.augmentir.com\/es\/wp-json\/wp\/v2\/pages\/13619\/page\/44'>\u00bb<\/a><\/nav>\n<\/div><\/div>\n<\/div><\/div><\/div><!-- close content main div --><\/div><\/div><div id='after_section_2'  class='main_color av_default_container_wrap container_wrap sidebar_right' style=' '  ><div class='container' ><div class='template-page content  av-content-small alpha units'><div class='post-entry post-entry-type-page post-entry-13619'><div class='entry-content-wrapper clearfix'>","protected":false},"excerpt":{"rendered":"","protected":false},"author":1,"featured_media":0,"parent":9802,"menu_order":0,"comment_status":"closed","ping_status":"closed","template":"","meta":{"inline_featured_image":false,"_lmt_disableupdate":"no","_lmt_disable":"","footnotes":""},"class_list":["post-13619","page","type-page","status-publish","hentry"],"yoast_head":"<!-- This site is optimized with the Yoast SEO plugin v27.2 - https:\/\/yoast.com\/product\/yoast-seo-wordpress\/ -->\n<title>Contact - Augmentir<\/title>\n<meta name=\"robots\" content=\"noindex, nofollow\" \/>\n<meta property=\"og:locale\" content=\"es_ES\" \/>\n<meta property=\"og:type\" content=\"article\" \/>\n<meta property=\"og:title\" content=\"Contact - Augmentir\" \/>\n<meta property=\"og:url\" content=\"https:\/\/www.augmentir.com\/es\/thank-you\/contact\" \/>\n<meta property=\"og:site_name\" content=\"Augmentir\" \/>\n<meta name=\"twitter:card\" content=\"summary_large_image\" \/>\n<meta name=\"twitter:site\" content=\"@augmentir\" \/>\n<script type=\"application\/ld+json\" class=\"yoast-schema-graph\">{\"@context\":\"https:\/\/schema.org\",\"@graph\":[{\"@type\":\"WebPage\",\"@id\":\"https:\/\/www.augmentir.com\/thank-you\/contact\",\"url\":\"https:\/\/www.augmentir.com\/thank-you\/contact\",\"name\":\"Contact - Augmentir\",\"isPartOf\":{\"@id\":\"https:\/\/www.augmentir.com\/#website\"},\"datePublished\":\"2023-09-15T13:09:43+00:00\",\"breadcrumb\":{\"@id\":\"https:\/\/www.augmentir.com\/thank-you\/contact#breadcrumb\"},\"inLanguage\":\"es\",\"potentialAction\":[{\"@type\":\"ReadAction\",\"target\":[\"https:\/\/www.augmentir.com\/thank-you\/contact\"]}]},{\"@type\":\"BreadcrumbList\",\"@id\":\"https:\/\/www.augmentir.com\/thank-you\/contact#breadcrumb\",\"itemListElement\":[{\"@type\":\"ListItem\",\"position\":1,\"name\":\"Home\",\"item\":\"https:\/\/www.augmentir.com\/\"},{\"@type\":\"ListItem\",\"position\":2,\"name\":\"Thank You\",\"item\":\"https:\/\/www.augmentir.com\/thank-you\"},{\"@type\":\"ListItem\",\"position\":3,\"name\":\"Contact\"}]},{\"@type\":\"WebSite\",\"@id\":\"https:\/\/www.augmentir.com\/#website\",\"url\":\"https:\/\/www.augmentir.com\/\",\"name\":\"Augmentir\",\"description\":\"AI-Powered Connected Worker Platform\",\"publisher\":{\"@id\":\"https:\/\/www.augmentir.com\/#organization\"},\"potentialAction\":[{\"@type\":\"SearchAction\",\"target\":{\"@type\":\"EntryPoint\",\"urlTemplate\":\"https:\/\/www.augmentir.com\/?s={search_term_string}\"},\"query-input\":{\"@type\":\"PropertyValueSpecification\",\"valueRequired\":true,\"valueName\":\"search_term_string\"}}],\"inLanguage\":\"es\"},{\"@type\":\"Organization\",\"@id\":\"https:\/\/www.augmentir.com\/#organization\",\"name\":\"Augmentir, Inc.\",\"url\":\"https:\/\/www.augmentir.com\/\",\"logo\":{\"@type\":\"ImageObject\",\"inLanguage\":\"es\",\"@id\":\"https:\/\/www.augmentir.com\/#\/schema\/logo\/image\/\",\"url\":\"https:\/\/www.augmentir.com\/wp-content\/uploads\/2021\/10\/Augmentir_Logo.svg\",\"contentUrl\":\"https:\/\/www.augmentir.com\/wp-content\/uploads\/2021\/10\/Augmentir_Logo.svg\",\"width\":\"1200\",\"height\":\"1200\",\"caption\":\"Augmentir, Inc.\"},\"image\":{\"@id\":\"https:\/\/www.augmentir.com\/#\/schema\/logo\/image\/\"},\"sameAs\":[\"https:\/\/x.com\/augmentir\",\"https:\/\/www.linkedin.com\/company\/augmentir\"]}]}<\/script>\n<!-- \/ Yoast SEO plugin. -->","yoast_head_json":{"title":"Contact - Augmentir","robots":{"index":"noindex","follow":"nofollow"},"og_locale":"es_ES","og_type":"article","og_title":"Contact - Augmentir","og_url":"https:\/\/www.augmentir.com\/es\/thank-you\/contact","og_site_name":"Augmentir","twitter_card":"summary_large_image","twitter_site":"@augmentir","schema":{"@context":"https:\/\/schema.org","@graph":[{"@type":"WebPage","@id":"https:\/\/www.augmentir.com\/thank-you\/contact","url":"https:\/\/www.augmentir.com\/thank-you\/contact","name":"Contact - Augmentir","isPartOf":{"@id":"https:\/\/www.augmentir.com\/#website"},"datePublished":"2023-09-15T13:09:43+00:00","breadcrumb":{"@id":"https:\/\/www.augmentir.com\/thank-you\/contact#breadcrumb"},"inLanguage":"es","potentialAction":[{"@type":"ReadAction","target":["https:\/\/www.augmentir.com\/thank-you\/contact"]}]},{"@type":"BreadcrumbList","@id":"https:\/\/www.augmentir.com\/thank-you\/contact#breadcrumb","itemListElement":[{"@type":"ListItem","position":1,"name":"Home","item":"https:\/\/www.augmentir.com\/"},{"@type":"ListItem","position":2,"name":"Thank You","item":"https:\/\/www.augmentir.com\/thank-you"},{"@type":"ListItem","position":3,"name":"Contact"}]},{"@type":"WebSite","@id":"https:\/\/www.augmentir.com\/#website","url":"https:\/\/www.augmentir.com\/","name":"Augmentir","description":"AI-Powered Connected Worker Platform","publisher":{"@id":"https:\/\/www.augmentir.com\/#organization"},"potentialAction":[{"@type":"SearchAction","target":{"@type":"EntryPoint","urlTemplate":"https:\/\/www.augmentir.com\/?s={search_term_string}"},"query-input":{"@type":"PropertyValueSpecification","valueRequired":true,"valueName":"search_term_string"}}],"inLanguage":"es"},{"@type":"Organization","@id":"https:\/\/www.augmentir.com\/#organization","name":"Augmentir, Inc.","url":"https:\/\/www.augmentir.com\/","logo":{"@type":"ImageObject","inLanguage":"es","@id":"https:\/\/www.augmentir.com\/#\/schema\/logo\/image\/","url":"https:\/\/www.augmentir.com\/wp-content\/uploads\/2021\/10\/Augmentir_Logo.svg","contentUrl":"https:\/\/www.augmentir.com\/wp-content\/uploads\/2021\/10\/Augmentir_Logo.svg","width":"1200","height":"1200","caption":"Augmentir, Inc."},"image":{"@id":"https:\/\/www.augmentir.com\/#\/schema\/logo\/image\/"},"sameAs":["https:\/\/x.com\/augmentir","https:\/\/www.linkedin.com\/company\/augmentir"]}]}},"_links":{"self":[{"href":"https:\/\/www.augmentir.com\/es\/wp-json\/wp\/v2\/pages\/13619","targetHints":{"allow":["GET"]}}],"collection":[{"href":"https:\/\/www.augmentir.com\/es\/wp-json\/wp\/v2\/pages"}],"about":[{"href":"https:\/\/www.augmentir.com\/es\/wp-json\/wp\/v2\/types\/page"}],"author":[{"embeddable":true,"href":"https:\/\/www.augmentir.com\/es\/wp-json\/wp\/v2\/users\/1"}],"replies":[{"embeddable":true,"href":"https:\/\/www.augmentir.com\/es\/wp-json\/wp\/v2\/comments?post=13619"}],"version-history":[{"count":0,"href":"https:\/\/www.augmentir.com\/es\/wp-json\/wp\/v2\/pages\/13619\/revisions"}],"up":[{"embeddable":true,"href":"https:\/\/www.augmentir.com\/es\/wp-json\/wp\/v2\/pages\/9802"}],"wp:attachment":[{"href":"https:\/\/www.augmentir.com\/es\/wp-json\/wp\/v2\/media?parent=13619"}],"curies":[{"name":"wp","href":"https:\/\/api.w.org\/{rel}","templated":true}]}}