{"id":13463,"date":"2023-06-04T03:54:05","date_gmt":"2023-06-04T03:54:05","guid":{"rendered":"https:\/\/www.augmentir.com\/?page_id=13463"},"modified":"2024-12-20T18:01:31","modified_gmt":"2024-12-20T18:01:31","slug":"preventive-maintenance","status":"publish","type":"page","link":"https:\/\/www.augmentir.com\/es\/glossary\/preventive-maintenance","title":{"rendered":"\u00bfQu\u00e9 es el mantenimiento preventivo?"},"content":{"rendered":"<div id='av_section_1'  class='avia-section main_color avia-section-small avia-no-border-styling avia-bg-style-scroll  avia-builder-el-0  el_before_av_section  avia-builder-el-first  glossary-container  container_wrap sidebar_right' style=' margin-top:10px; margin-bottom:0px; '  ><div class='container' ><main  role=\"main\" itemprop=\"mainContentOfPage\"  class='template-page content  av-content-small alpha units'><div class='post-entry post-entry-type-page post-entry-13463'><div class='entry-content-wrapper clearfix'>\n<div class=\"flex_column av_one_full  flex_column_div av-zero-column-padding first  avia-builder-el-1  avia-builder-el-no-sibling\" style='border-radius:0px; '><p><div  style='padding-bottom:10px; margin-top:16px; font-size:44px;' class='av-special-heading av-special-heading-h1  blockquote modern-quote  avia-builder-el-2  el_before_av_textblock  avia-builder-el-first  av-inherit-size'><h1 class='av-special-heading-tag'  itemprop=\"headline\"  >\u00bfQu\u00e9 es el mantenimiento preventivo?<\/h1><div class='special-heading-border'><div class='special-heading-inner-border' ><\/div><\/div><\/div><br \/>\n<section class=\"av_textblock_section\"  itemscope=\"itemscope\" itemtype=\"https:\/\/schema.org\/CreativeWork\" ><div class='avia_textblock'   itemprop=\"text\" ><p>El mantenimiento preventivo (MP) implica realizar tareas de mantenimiento rutinario en la maquinaria para prevenir futuras aver\u00edas y otros problemas. Por ejemplo, el personal de mantenimiento puede encargarse de realizar inspecciones peri\u00f3dicas, limpieza, lubricaci\u00f3n y sustituci\u00f3n de piezas.<\/p>\n<p>La frecuencia de las tareas de mantenimiento depende del tipo de equipo, las especificaciones del fabricante y las condiciones generales de operaci\u00f3n. El objetivo principal del mantenimiento preventivo es minimizar el tiempo de inactividad, prolongar la vida \u00fatil de la maquinaria y disminuir los costos de reparaci\u00f3n y reemplazo.<\/p>\n<p>En resumen, el mantenimiento preventivo facilita a los trabajadores la resoluci\u00f3n de problemas menores antes de que se conviertan en problemas graves. Es una parte crucial de cualquier programa de mantenimiento eficaz y puede ayudar a las empresas manufactureras a evitar reparaciones costosas.<\/p>\n<p>Obtenga m\u00e1s informaci\u00f3n sobre el mantenimiento preventivo industrial y c\u00f3mo puede ayudar en sus operaciones de fabricaci\u00f3n diarias:<\/p>\n<ul>\n<li><a href=\"#types-of-preventive-maintenance\">Tipos de mantenimiento preventivo<\/a><\/li>\n<li><a href=\"#industrial-preventive-maintenance-examples\">Ejemplos de mantenimiento preventivo industrial<\/a><\/li>\n<li><a href=\"#pm-benefits\">Beneficios del primer ministro<\/a><\/li>\n<li><a href=\"#the-future-of-preventive-maintenance-and-how-augmentir-can-help\">El futuro del mantenimiento preventivo y c\u00f3mo Augmentir puede ayudar<\/a><\/li>\n<\/ul>\n<\/div><\/section><\/p><\/div>\n\n<\/div><\/div><\/main><!-- close content main element --><\/div><\/div><div id='types-of-preventive-maintenance'  class='avia-section main_color avia-section-no-padding avia-no-border-styling avia-bg-style-scroll  avia-builder-el-4  el_after_av_section  el_before_av_section  glossary-container  container_wrap sidebar_right' style=' '  ><div class='container' ><div class='template-page content  av-content-small alpha units'><div class='post-entry post-entry-type-page post-entry-13463'><div class='entry-content-wrapper clearfix'>\n<div class=\"flex_column av_one_full  flex_column_div av-zero-column-padding first  avia-builder-el-5  avia-builder-el-no-sibling\" style='border-radius:0px; '><p><div  style='padding-bottom:10px; font-size:32px;' class='av-special-heading av-special-heading-h2  blockquote modern-quote  avia-builder-el-6  el_before_av_textblock  avia-builder-el-first  av-inherit-size'><h2 class='av-special-heading-tag'  itemprop=\"headline\"  >Tipos de mantenimiento preventivo<\/h2><div class='special-heading-border'><div class='special-heading-inner-border' ><\/div><\/div><\/div><br \/>\n<section class=\"av_textblock_section\"  itemscope=\"itemscope\" itemtype=\"https:\/\/schema.org\/CreativeWork\" ><div class='avia_textblock'   itemprop=\"text\" ><p>El objetivo del mantenimiento preventivo es evitar aver\u00edas en los equipos. Por eso es importante realizar un mantenimiento rutinario de las piezas y la maquinaria con patrones de fallo relacionados con el tiempo. Si bien no existe un est\u00e1ndar universal sobre cu\u00e1ntos tipos de mantenimiento preventivo existen, la mayor\u00eda de las tareas se clasifican en cuatro categor\u00edas espec\u00edficas.<\/p>\n<h3>Mantenimiento peri\u00f3dico<\/h3>\n<p>El mantenimiento peri\u00f3dico, tambi\u00e9n conocido como mantenimiento basado en el tiempo, se realiza a intervalos programados a lo largo del a\u00f1o. Puede realizarse semanalmente, mensualmente, trimestralmente o incluso anualmente. La mejor manera de determinar la frecuencia con la que debe realizarse el mantenimiento basado en el tiempo es consultar las instrucciones del fabricante. Los equipos incluyen recomendaciones espec\u00edficas de cuidado para prolongar su vida \u00fatil.<\/p>\n<h3>Mantenimiento basado en medidores<\/h3>\n<p>Tambi\u00e9n conocido como mantenimiento basado en el rendimiento, este tipo de mantenimiento preventivo (MP) se realiza cuando la lectura de un medidor indica que se debe prestar atenci\u00f3n a una maquinaria espec\u00edfica. Las variables de medici\u00f3n comunes incluyen el n\u00famero de horas de funcionamiento de la m\u00e1quina, las condiciones de funcionamiento (p. ej., presi\u00f3n y caudal), entre otras.<\/p>\n<h3>Mantenimiento predictivo<\/h3>\n<p>Este m\u00e9todo monitorea el rendimiento de ciertas m\u00e1quinas mediante sensores. Cuando un sensor detecta un problema, se genera autom\u00e1ticamente una orden de trabajo y se env\u00eda a un t\u00e9cnico de mantenimiento.<\/p>\n<h3>Mantenimiento prescriptivo<\/h3>\n<p>El mantenimiento prescriptivo se basa en la recopilaci\u00f3n de datos mediante software de aprendizaje autom\u00e1tico. Por ejemplo, el software eval\u00faa el estado de los equipos a lo largo del tiempo, mide los riesgos operativos y formula recomendaciones de mejora.<\/p>\n<\/div><\/section><br \/>\n<div  class='avia-image-container  av-styling-    avia-builder-el-8  el_after_av_textblock  avia-builder-el-last  avia-align-center'  itemprop=\"image\" itemscope=\"itemscope\" itemtype=\"https:\/\/schema.org\/ImageObject\"  ><div class='avia-image-container-inner'><div class='avia-image-overlay-wrap'><img class='avia_image' src='https:\/\/www.augmentir.com\/wp-content\/uploads\/2022\/09\/mobile-operator-rounds-maintenance.jpg' alt='El operador m\u00f3vil realiza rondas de mantenimiento' title='' height=\"1067\" width=\"1600\"  itemprop=\"thumbnailUrl\"  \/><\/div><\/div><\/div><\/p><\/div>\n\n<\/div><\/div><\/div><!-- close content main div --><\/div><\/div><div id='industrial-preventive-maintenance-examples'  class='avia-section main_color avia-section-no-padding avia-no-border-styling avia-bg-style-scroll  avia-builder-el-9  el_after_av_section  el_before_av_section  glossary-container  container_wrap sidebar_right' style=' '  ><div class='container' ><div class='template-page content  av-content-small alpha units'><div class='post-entry post-entry-type-page post-entry-13463'><div class='entry-content-wrapper clearfix'>\n<div class=\"flex_column av_one_full  flex_column_div av-zero-column-padding first  avia-builder-el-10  avia-builder-el-no-sibling\" style='border-radius:0px; '><p><div  style='padding-bottom:10px; font-size:32px;' class='av-special-heading av-special-heading-h2  blockquote modern-quote  avia-builder-el-11  el_before_av_textblock  avia-builder-el-first  av-inherit-size'><h2 class='av-special-heading-tag'  itemprop=\"headline\"  >Ejemplos de mantenimiento preventivo industrial<\/h2><div class='special-heading-border'><div class='special-heading-inner-border' ><\/div><\/div><\/div><br \/>\n<section class=\"av_textblock_section\"  itemscope=\"itemscope\" itemtype=\"https:\/\/schema.org\/CreativeWork\" ><div class='avia_textblock'   itemprop=\"text\" ><p>Las plantas de fabricaci\u00f3n dependen de t\u00e9cnicas de mantenimiento preventivo consistentes para evitar costosas reparaciones y aver\u00edas de las m\u00e1quinas.<\/p>\n<p>Por ejemplo, todo el equipo debe limpiarse, inspeccionarse y lubricarse (CIL) para garantizar su correcto funcionamiento durante todas las etapas de la producci\u00f3n. En otras situaciones, puede requerirse un mantenimiento preventivo m\u00e1s exhaustivo, como la reparaci\u00f3n o el reemplazo de piezas desgastadas antes de que se rompan.<\/p>\n<p>Adem\u00e1s del mantenimiento de los equipos, el mantenimiento preventivo tambi\u00e9n abarca el mantenimiento general de la planta de fabricaci\u00f3n f\u00edsica que alberga los diferentes sistemas de producci\u00f3n. Las tareas asociadas con este tipo de mantenimiento incluyen la inspecci\u00f3n de los sistemas de climatizaci\u00f3n, el\u00e9ctricos y de iluminaci\u00f3n para garantizar que todo funcione seg\u00fan las normas.<\/p>\n<\/div><\/section><\/p><\/div>\n\n<\/div><\/div><\/div><!-- close content main div --><\/div><\/div><div id='pm-benefits'  class='avia-section main_color avia-section-no-padding avia-no-border-styling avia-bg-style-scroll  avia-builder-el-13  el_after_av_section  el_before_av_section  glossary-container  container_wrap sidebar_right' style=' '  ><div class='container' ><div class='template-page content  av-content-small alpha units'><div class='post-entry post-entry-type-page post-entry-13463'><div class='entry-content-wrapper clearfix'>\n<div class=\"flex_column av_one_full  flex_column_div av-zero-column-padding first  avia-builder-el-14  avia-builder-el-no-sibling\" style='border-radius:0px; '><p><div  style='padding-bottom:10px; font-size:32px;' class='av-special-heading av-special-heading-h2  blockquote modern-quote  avia-builder-el-15  el_before_av_textblock  avia-builder-el-first  av-inherit-size'><h2 class='av-special-heading-tag'  itemprop=\"headline\"  >Beneficios del primer ministro<\/h2><div class='special-heading-border'><div class='special-heading-inner-border' ><\/div><\/div><\/div><br \/>\n<section class=\"av_textblock_section\"  itemscope=\"itemscope\" itemtype=\"https:\/\/schema.org\/CreativeWork\" ><div class='avia_textblock'   itemprop=\"text\" ><p>Cuando se implementa correctamente, el mantenimiento preventivo puede brindar muchos beneficios que pueden impulsar las operaciones de fabricaci\u00f3n diarias.<\/p>\n<p>Algunos de esos beneficios incluyen:<\/p>\n<ul>\n<li>Disminuci\u00f3n del tiempo de inactividad de la m\u00e1quina<\/li>\n<li>Mayor vida \u00fatil del equipo<\/li>\n<li>Costos de reparaci\u00f3n minimizados<\/li>\n<li>Mejor planificaci\u00f3n del mantenimiento<\/li>\n<li>Mayor cumplimiento para evitar problemas costosos<\/li>\n<li>Mayor eficiencia del equipo<\/li>\n<\/ul>\n<\/div><\/section><\/p><\/div>\n\n<\/div><\/div><\/div><!-- close content main div --><\/div><\/div><div id='the-future-of-preventive-maintenance-and-how-augmentir-can-help'  class='avia-section main_color avia-section-no-padding avia-no-border-styling avia-bg-style-scroll  avia-builder-el-17  el_after_av_section  el_before_av_section  glossary-container  container_wrap sidebar_right' style=' '  ><div class='container' ><div class='template-page content  av-content-small alpha units'><div class='post-entry post-entry-type-page post-entry-13463'><div class='entry-content-wrapper clearfix'>\n<div class=\"flex_column av_one_full  flex_column_div av-zero-column-padding first  avia-builder-el-18  avia-builder-el-no-sibling\" style='border-radius:0px; '><p><div  style='padding-bottom:10px; font-size:32px;' class='av-special-heading av-special-heading-h2  blockquote modern-quote  avia-builder-el-19  el_before_av_textblock  avia-builder-el-first  av-inherit-size'><h2 class='av-special-heading-tag'  itemprop=\"headline\"  >El futuro del mantenimiento preventivo y c\u00f3mo Augmentir puede ayudar<\/h2><div class='special-heading-border'><div class='special-heading-inner-border' ><\/div><\/div><\/div><br \/>\n<section class=\"av_textblock_section\"  itemscope=\"itemscope\" itemtype=\"https:\/\/schema.org\/CreativeWork\" ><div class='avia_textblock'   itemprop=\"text\" ><p>Las tendencias actuales de fabricaci\u00f3n se centran en el uso de dispositivos y tecnolog\u00eda inteligentes para digitalizar y optimizar los protocolos y tareas de mantenimiento. El mantenimiento preventivo (PM) tambi\u00e9n puede incorporar estos avances para garantizar operaciones de mantenimiento m\u00e1s inteligentes y eficaces.<\/p>\n<p>Por ejemplo, el Internet de las Cosas (IoT) es un componente fundamental del mantenimiento preventivo. Los sensores del IoT recopilan datos sobre los patrones de uso de los equipos, el desgaste de las piezas cr\u00edticas y otros factores que influyen en el mantenimiento. Estos datos pueden utilizarse para optimizar los programas de mantenimiento e informar a los t\u00e9cnicos mientras solucionan problemas antes de que se conviertan en problemas graves.<\/p>\n<p>Adem\u00e1s, las plantas de fabricaci\u00f3n utilizan cada vez m\u00e1s la rob\u00f3tica para facilitar el mantenimiento preventivo. Los robots pueden programarse para realizar tareas de mantenimiento rutinario, como limpiar, lubricar e inspeccionar la maquinaria.<\/p>\n<p>Todas estas tecnolog\u00edas se pueden monitorear y ajustar mediante un sistema de gesti\u00f3n de mantenimiento basado en la nube que proporciona informaci\u00f3n en tiempo real sobre el uso del equipo, los cronogramas de mantenimiento y otras m\u00e9tricas.<\/p>\n<p>Aqu\u00ed es donde Augmentir puede ayudar. Ofrecemos la primera inteligencia artificial del mundo. <a href=\"https:\/\/www.augmentir.com\/product\">soluci\u00f3n de trabajador conectado<\/a> Esto proporciona informaci\u00f3n fiable sobre el rendimiento de su maquinaria y las \u00e1reas de mejora. Proporcionamos a los trabajadores de primera l\u00ednea procedimientos operativos est\u00e1ndar (POE), instrucciones de trabajo digitales y m\u00e1s para aumentar la eficiencia de los trabajadores y la fiabilidad de las m\u00e1quinas.<\/p>\n<\/div><\/section><\/p><\/div>\n\n<\/div><\/div><\/div><!-- close content main div --><\/div><\/div><div id='av_section_6'  class='avia-section main_color avia-section-default avia-no-border-styling avia-bg-style-scroll  avia-builder-el-21  el_after_av_section  avia-builder-el-last   container_wrap sidebar_right' style=' margin-top:20px; margin-bottom:20px; '  ><div class='container' ><div class='template-page content  av-content-small alpha units'><div class='post-entry post-entry-type-page post-entry-13463'><div class='entry-content-wrapper clearfix'>\n\n<\/div><\/div><\/div><!-- close content main div --><\/div><\/div><div id='after_section_6'  class='main_color av_default_container_wrap container_wrap sidebar_right' style=' '  ><div class='container' ><div class='template-page content  av-content-small alpha units'><div class='post-entry post-entry-type-page post-entry-13463'><div class='entry-content-wrapper clearfix'>","protected":false},"excerpt":{"rendered":"","protected":false},"author":1,"featured_media":0,"parent":11161,"menu_order":0,"comment_status":"closed","ping_status":"closed","template":"","meta":{"inline_featured_image":false,"_lmt_disableupdate":"no","_lmt_disable":"","footnotes":""},"class_list":["post-13463","page","type-page","status-publish","hentry"],"yoast_head":"<!-- This site is optimized with the Yoast SEO plugin v27.2 - https:\/\/yoast.com\/product\/yoast-seo-wordpress\/ -->\n<title>What is Preventive Maintenance? - Augmentir<\/title>\n<meta name=\"description\" content=\"Learn what preventive maintenance is and how it can improve the way machines are inspected, cleaned, lubricated, and more from Augmentir.\" \/>\n<meta name=\"robots\" content=\"index, follow, max-snippet:-1, max-image-preview:large, max-video-preview:-1\" \/>\n<link rel=\"canonical\" href=\"https:\/\/www.augmentir.com\/es\/glossary\/preventive-maintenance\" \/>\n<meta property=\"og:locale\" content=\"es_ES\" \/>\n<meta property=\"og:type\" content=\"article\" \/>\n<meta property=\"og:title\" content=\"What is Preventive Maintenance? - Augmentir\" \/>\n<meta property=\"og:description\" content=\"Learn what preventive maintenance is and how it can improve the way machines are inspected, cleaned, lubricated, and more from Augmentir.\" \/>\n<meta property=\"og:url\" content=\"https:\/\/www.augmentir.com\/es\/glossary\/preventive-maintenance\" \/>\n<meta property=\"og:site_name\" content=\"Augmentir\" \/>\n<meta property=\"article:modified_time\" content=\"2024-12-20T18:01:31+00:00\" \/>\n<meta name=\"twitter:card\" content=\"summary_large_image\" \/>\n<meta name=\"twitter:site\" content=\"@augmentir\" \/>\n<script type=\"application\/ld+json\" class=\"yoast-schema-graph\">{\"@context\":\"https:\/\/schema.org\",\"@graph\":[{\"@type\":\"WebPage\",\"@id\":\"https:\/\/www.augmentir.com\/glossary\/preventive-maintenance\",\"url\":\"https:\/\/www.augmentir.com\/glossary\/preventive-maintenance\",\"name\":\"What is Preventive Maintenance? - Augmentir\",\"isPartOf\":{\"@id\":\"https:\/\/www.augmentir.com\/#website\"},\"datePublished\":\"2023-06-04T03:54:05+00:00\",\"dateModified\":\"2024-12-20T18:01:31+00:00\",\"description\":\"Learn what preventive maintenance is and how it can improve the way machines are inspected, cleaned, lubricated, and more from Augmentir.\",\"breadcrumb\":{\"@id\":\"https:\/\/www.augmentir.com\/glossary\/preventive-maintenance#breadcrumb\"},\"inLanguage\":\"es\",\"potentialAction\":[{\"@type\":\"ReadAction\",\"target\":[\"https:\/\/www.augmentir.com\/glossary\/preventive-maintenance\"]}]},{\"@type\":\"BreadcrumbList\",\"@id\":\"https:\/\/www.augmentir.com\/glossary\/preventive-maintenance#breadcrumb\",\"itemListElement\":[{\"@type\":\"ListItem\",\"position\":1,\"name\":\"Home\",\"item\":\"https:\/\/www.augmentir.com\/\"},{\"@type\":\"ListItem\",\"position\":2,\"name\":\"Topics\",\"item\":\"https:\/\/www.augmentir.com\/glossary\"},{\"@type\":\"ListItem\",\"position\":3,\"name\":\"What is Preventive Maintenance?\"}]},{\"@type\":\"WebSite\",\"@id\":\"https:\/\/www.augmentir.com\/#website\",\"url\":\"https:\/\/www.augmentir.com\/\",\"name\":\"Augmentir\",\"description\":\"AI-Powered Connected Worker Platform\",\"publisher\":{\"@id\":\"https:\/\/www.augmentir.com\/#organization\"},\"potentialAction\":[{\"@type\":\"SearchAction\",\"target\":{\"@type\":\"EntryPoint\",\"urlTemplate\":\"https:\/\/www.augmentir.com\/?s={search_term_string}\"},\"query-input\":{\"@type\":\"PropertyValueSpecification\",\"valueRequired\":true,\"valueName\":\"search_term_string\"}}],\"inLanguage\":\"es\"},{\"@type\":\"Organization\",\"@id\":\"https:\/\/www.augmentir.com\/#organization\",\"name\":\"Augmentir, Inc.\",\"url\":\"https:\/\/www.augmentir.com\/\",\"logo\":{\"@type\":\"ImageObject\",\"inLanguage\":\"es\",\"@id\":\"https:\/\/www.augmentir.com\/#\/schema\/logo\/image\/\",\"url\":\"https:\/\/www.augmentir.com\/wp-content\/uploads\/2021\/10\/Augmentir_Logo.svg\",\"contentUrl\":\"https:\/\/www.augmentir.com\/wp-content\/uploads\/2021\/10\/Augmentir_Logo.svg\",\"width\":\"1200\",\"height\":\"1200\",\"caption\":\"Augmentir, Inc.\"},\"image\":{\"@id\":\"https:\/\/www.augmentir.com\/#\/schema\/logo\/image\/\"},\"sameAs\":[\"https:\/\/x.com\/augmentir\",\"https:\/\/www.linkedin.com\/company\/augmentir\"]}]}<\/script>\n<!-- \/ Yoast SEO plugin. -->","yoast_head_json":{"title":"What is Preventive Maintenance? - Augmentir","description":"Learn what preventive maintenance is and how it can improve the way machines are inspected, cleaned, lubricated, and more from Augmentir.","robots":{"index":"index","follow":"follow","max-snippet":"max-snippet:-1","max-image-preview":"max-image-preview:large","max-video-preview":"max-video-preview:-1"},"canonical":"https:\/\/www.augmentir.com\/es\/glossary\/preventive-maintenance","og_locale":"es_ES","og_type":"article","og_title":"What is Preventive Maintenance? - Augmentir","og_description":"Learn what preventive maintenance is and how it can improve the way machines are inspected, cleaned, lubricated, and more from Augmentir.","og_url":"https:\/\/www.augmentir.com\/es\/glossary\/preventive-maintenance","og_site_name":"Augmentir","article_modified_time":"2024-12-20T18:01:31+00:00","twitter_card":"summary_large_image","twitter_site":"@augmentir","schema":{"@context":"https:\/\/schema.org","@graph":[{"@type":"WebPage","@id":"https:\/\/www.augmentir.com\/glossary\/preventive-maintenance","url":"https:\/\/www.augmentir.com\/glossary\/preventive-maintenance","name":"What is Preventive Maintenance? - Augmentir","isPartOf":{"@id":"https:\/\/www.augmentir.com\/#website"},"datePublished":"2023-06-04T03:54:05+00:00","dateModified":"2024-12-20T18:01:31+00:00","description":"Learn what preventive maintenance is and how it can improve the way machines are inspected, cleaned, lubricated, and more from Augmentir.","breadcrumb":{"@id":"https:\/\/www.augmentir.com\/glossary\/preventive-maintenance#breadcrumb"},"inLanguage":"es","potentialAction":[{"@type":"ReadAction","target":["https:\/\/www.augmentir.com\/glossary\/preventive-maintenance"]}]},{"@type":"BreadcrumbList","@id":"https:\/\/www.augmentir.com\/glossary\/preventive-maintenance#breadcrumb","itemListElement":[{"@type":"ListItem","position":1,"name":"Home","item":"https:\/\/www.augmentir.com\/"},{"@type":"ListItem","position":2,"name":"Topics","item":"https:\/\/www.augmentir.com\/glossary"},{"@type":"ListItem","position":3,"name":"What is Preventive Maintenance?"}]},{"@type":"WebSite","@id":"https:\/\/www.augmentir.com\/#website","url":"https:\/\/www.augmentir.com\/","name":"Augmentir","description":"AI-Powered Connected Worker Platform","publisher":{"@id":"https:\/\/www.augmentir.com\/#organization"},"potentialAction":[{"@type":"SearchAction","target":{"@type":"EntryPoint","urlTemplate":"https:\/\/www.augmentir.com\/?s={search_term_string}"},"query-input":{"@type":"PropertyValueSpecification","valueRequired":true,"valueName":"search_term_string"}}],"inLanguage":"es"},{"@type":"Organization","@id":"https:\/\/www.augmentir.com\/#organization","name":"Augmentir, Inc.","url":"https:\/\/www.augmentir.com\/","logo":{"@type":"ImageObject","inLanguage":"es","@id":"https:\/\/www.augmentir.com\/#\/schema\/logo\/image\/","url":"https:\/\/www.augmentir.com\/wp-content\/uploads\/2021\/10\/Augmentir_Logo.svg","contentUrl":"https:\/\/www.augmentir.com\/wp-content\/uploads\/2021\/10\/Augmentir_Logo.svg","width":"1200","height":"1200","caption":"Augmentir, Inc."},"image":{"@id":"https:\/\/www.augmentir.com\/#\/schema\/logo\/image\/"},"sameAs":["https:\/\/x.com\/augmentir","https:\/\/www.linkedin.com\/company\/augmentir"]}]}},"_links":{"self":[{"href":"https:\/\/www.augmentir.com\/es\/wp-json\/wp\/v2\/pages\/13463","targetHints":{"allow":["GET"]}}],"collection":[{"href":"https:\/\/www.augmentir.com\/es\/wp-json\/wp\/v2\/pages"}],"about":[{"href":"https:\/\/www.augmentir.com\/es\/wp-json\/wp\/v2\/types\/page"}],"author":[{"embeddable":true,"href":"https:\/\/www.augmentir.com\/es\/wp-json\/wp\/v2\/users\/1"}],"replies":[{"embeddable":true,"href":"https:\/\/www.augmentir.com\/es\/wp-json\/wp\/v2\/comments?post=13463"}],"version-history":[{"count":0,"href":"https:\/\/www.augmentir.com\/es\/wp-json\/wp\/v2\/pages\/13463\/revisions"}],"up":[{"embeddable":true,"href":"https:\/\/www.augmentir.com\/es\/wp-json\/wp\/v2\/pages\/11161"}],"wp:attachment":[{"href":"https:\/\/www.augmentir.com\/es\/wp-json\/wp\/v2\/media?parent=13463"}],"curies":[{"name":"wp","href":"https:\/\/api.w.org\/{rel}","templated":true}]}}