{"id":13460,"date":"2023-06-04T01:52:13","date_gmt":"2023-06-04T01:52:13","guid":{"rendered":"https:\/\/www.augmentir.com\/?page_id=13460"},"modified":"2025-06-23T13:00:28","modified_gmt":"2025-06-23T13:00:28","slug":"gemba-walk-manufacturing","status":"publish","type":"page","link":"https:\/\/www.augmentir.com\/es\/glossary\/gemba-walk-manufacturing","title":{"rendered":"Gemba Walk en la fabricaci\u00f3n: \u00bfQu\u00e9 es y cu\u00e1les son sus beneficios?"},"content":{"rendered":"<div id='av_section_1'  class='avia-section main_color avia-section-small avia-no-border-styling avia-bg-style-scroll  avia-builder-el-0  el_before_av_section  avia-builder-el-first  glossary-container  container_wrap sidebar_right' style=' margin-top:10px; margin-bottom:0px; '  ><div class='container' ><main  role=\"main\" itemprop=\"mainContentOfPage\"  class='template-page content  av-content-small alpha units'><div class='post-entry post-entry-type-page post-entry-13460'><div class='entry-content-wrapper clearfix'>\n<div class=\"flex_column av_one_full  flex_column_div av-zero-column-padding first  avia-builder-el-1  avia-builder-el-no-sibling\" style='border-radius:0px; '><p><div  style='padding-bottom:10px; margin-top:16px; font-size:44px;' class='av-special-heading av-special-heading-h1  blockquote modern-quote  avia-builder-el-2  el_before_av_textblock  avia-builder-el-first  av-inherit-size'><h1 class='av-special-heading-tag'  itemprop=\"headline\"  >\u00bfQu\u00e9 es un Gemba Walk en la fabricaci\u00f3n?<\/h1><div class='special-heading-border'><div class='special-heading-inner-border' ><\/div><\/div><\/div><br \/>\n<section class=\"av_textblock_section\"  itemscope=\"itemscope\" itemtype=\"https:\/\/schema.org\/CreativeWork\" ><div class='avia_textblock'   itemprop=\"text\" ><p>Un recorrido gemba es un recorrido por el lugar de trabajo que observa a los trabajadores, c\u00f3mo realizan sus tareas e identifica \u00e1reas de mejora. Proviene del t\u00e9rmino japon\u00e9s Gemba, que significa &quot;lugar real&quot;, el \u00e1rea donde se realiza el trabajo.<\/p>\n<p>En \u00faltima instancia, un recorrido gemba en la fabricaci\u00f3n es un poderoso enfoque de fabricaci\u00f3n eficiente para reducir el desperdicio y promover la mejora continua de los trabajadores y la maquinaria.<\/p>\n<p>Obtenga m\u00e1s informaci\u00f3n sobre los elementos clave de un recorrido gemba y c\u00f3mo llevarlo a cabo:<\/p>\n<ul>\n<li><a href=\"#gemba-walk-defined-and-its-importance\">Definici\u00f3n del recorrido Gemba y su importancia<\/a><\/li>\n<li><a href=\"#key-elements-of-a-gemba-walk\">Elementos clave de un recorrido gemba<\/a><\/li>\n<li><a href=\"#how-to-do-a-gemba-walk\">C\u00f3mo hacer un recorrido gemba<\/a><\/li>\n<li><a href=\"#how-the-manufacturing-industry-can-benefit-from-gemba-walks\">C\u00f3mo la industria manufacturera puede beneficiarse de los recorridos gemba<\/a><\/li>\n<\/ul>\n<\/div><\/section><\/p><\/div>\n\n<\/div><\/div><\/main><!-- close content main element --><\/div><\/div><div id='gemba-walk-defined-and-its-importance'  class='avia-section main_color avia-section-no-padding avia-no-border-styling avia-bg-style-scroll  avia-builder-el-4  el_after_av_section  el_before_av_section  glossary-container  container_wrap sidebar_right' style=' '  ><div class='container' ><div class='template-page content  av-content-small alpha units'><div class='post-entry post-entry-type-page post-entry-13460'><div class='entry-content-wrapper clearfix'>\n<div class=\"flex_column av_one_full  flex_column_div av-zero-column-padding first  avia-builder-el-5  avia-builder-el-no-sibling\" style='border-radius:0px; '><p><div  style='padding-bottom:10px; font-size:32px;' class='av-special-heading av-special-heading-h2  blockquote modern-quote  avia-builder-el-6  el_before_av_textblock  avia-builder-el-first  first-section-header av-inherit-size'><h2 class='av-special-heading-tag'  itemprop=\"headline\"  >Definici\u00f3n del recorrido Gemba y su importancia<\/h2><div class='special-heading-border'><div class='special-heading-inner-border' ><\/div><\/div><\/div><br \/>\n<section class=\"av_textblock_section\"  itemscope=\"itemscope\" itemtype=\"https:\/\/schema.org\/CreativeWork\" ><div class='avia_textblock'   itemprop=\"text\" ><p>Un recorrido gemba consiste en observar directamente el trabajo realizado y los procedimientos de planta. Al observar e interactuar con los empleados, un gerente o l\u00edder puede comprender mejor el proceso de fabricaci\u00f3n y d\u00f3nde se pueden eliminar los desperdicios de producci\u00f3n. Esta informaci\u00f3n puede utilizarse para crear o mejorar protocolos de fabricaci\u00f3n.<\/p>\n<p>Los recorridos Gemba en la fabricaci\u00f3n son fundamentales. Permiten a la gerencia comprender claramente c\u00f3mo son los procesos en planta. Tambi\u00e9n ayudan a reducir las suposiciones err\u00f3neas sobre la fuerza laboral.<\/p>\n<p>Como resultado, estos recorridos permiten a las empresas manufactureras esforzarse por lograr una mejora continua y evitar cualquier desconexi\u00f3n entre la visi\u00f3n del liderazgo y la aplicaci\u00f3n real de los procesos operativos.<\/p>\n<\/div><\/section><br \/>\n<div  class='avia-image-container  av-styling-    avia-builder-el-8  el_after_av_textblock  avia-builder-el-last  avia-align-center'  itemprop=\"image\" itemscope=\"itemscope\" itemtype=\"https:\/\/schema.org\/ImageObject\"  ><div class='avia-image-container-inner'><div class='avia-image-overlay-wrap'><img class='avia_image' src='https:\/\/www.augmentir.com\/wp-content\/uploads\/2023\/06\/gemba-walk-manufacturing.jpg' alt='Fabricaci\u00f3n con recorrido gemba' title='' height=\"630\" width=\"1200\"  itemprop=\"thumbnailUrl\"  \/><\/div><\/div><\/div><\/p><\/div><\/div><\/div><\/div><!-- close content main div --><\/div><\/div><div id='key-elements-of-a-gemba-walk'  class='avia-section main_color avia-section-no-padding avia-no-border-styling avia-bg-style-scroll  avia-builder-el-9  el_after_av_section  el_before_av_section  glossary-container  container_wrap sidebar_right' style=' '  ><div class='container' ><div class='template-page content  av-content-small alpha units'><div class='post-entry post-entry-type-page post-entry-13460'><div class='entry-content-wrapper clearfix'>\n<div class=\"flex_column av_one_full  flex_column_div av-zero-column-padding first  avia-builder-el-10  avia-builder-el-no-sibling\" style='border-radius:0px; '><p><div  style='padding-bottom:10px; font-size:32px;' class='av-special-heading av-special-heading-h2  blockquote modern-quote  avia-builder-el-11  el_before_av_textblock  avia-builder-el-first  av-inherit-size'><h2 class='av-special-heading-tag'  itemprop=\"headline\"  >Elementos clave de un recorrido gemba<\/h2><div class='special-heading-border'><div class='special-heading-inner-border' ><\/div><\/div><\/div><br \/>\n<section class=\"av_textblock_section\"  itemscope=\"itemscope\" itemtype=\"https:\/\/schema.org\/CreativeWork\" ><div class='avia_textblock'   itemprop=\"text\" ><p>Los recorridos Gemba son una forma de lograr pr\u00e1cticamente los principios de <a href=\"https:\/\/www.augmentir.com\/glossary\/what-is-kaizen-continuous-improvement\">Kaizen<\/a>, la metodolog\u00eda japonesa para implementar la mejora continua.<\/p>\n<p>Algunos elementos clave de los recorridos gemba incluyen:<\/p>\n<ul>\n<li><strong>Priorizar \u00e1reas de producci\u00f3n con brechas en los indicadores clave de rendimiento (KPI)<\/strong>Las oportunidades de mejora son m\u00e1s f\u00e1ciles de identificar al observar el trabajo en tiempo real en el taller. Es fundamental recopilar datos durante las visitas para identificar las \u00e1reas que requieren atenci\u00f3n y cerrar las brechas.<\/li>\n<li><strong>Incorporar listas de verificaci\u00f3n digitales<\/strong>Las listas de verificaci\u00f3n del recorrido Gemba act\u00faan como una gu\u00eda sobre qu\u00e9 buscar y un lugar para registrar todas las observaciones.<\/li>\n<li><strong>Programar recorridos gemba<\/strong>Siempre es mejor programar una visita gemba con antelaci\u00f3n. Nunca realice visitas in situ, ya que esto podr\u00eda incomodar a los trabajadores y hacerlos pensar que est\u00e1n en problemas.<\/li>\n<li><strong>Hacer las cuestiones<\/strong>Hacer preguntas, tanto preparadas como ad hoc, puede crear interacciones positivas con los empleados que construyan mejores relaciones y cierren brechas de producci\u00f3n.<\/li>\n<li><strong>Las notas y las im\u00e1genes son \u00fatiles.<\/strong>Es fundamental anotar los hallazgos observados y tomar fotograf\u00edas para tener documentaci\u00f3n visual. Esto puede ayudar a la gerencia a identificar patrones de mejora.<\/li>\n<li><strong>Se trata del proceso, no de los trabajadores.<\/strong>Los recorridos Gemba est\u00e1n pensados para observar los procesos de fabricaci\u00f3n, no a empleados individuales. Evite dar sugerencias o compartir opiniones personales. Es mejor escuchar y aprender sobre cada proceso y obtener informaci\u00f3n de los trabajadores.<\/li>\n<\/ul>\n<\/div><\/section><\/p><\/div>\n<\/p>\n<\/div><\/div><\/div><!-- close content main div --><\/div><\/div><div id='how-to-do-a-gemba-walk'  class='avia-section main_color avia-section-no-padding avia-no-border-styling avia-bg-style-scroll  avia-builder-el-13  el_after_av_section  el_before_av_section  glossary-container  container_wrap sidebar_right' style=' '  ><div class='container' ><div class='template-page content  av-content-small alpha units'><div class='post-entry post-entry-type-page post-entry-13460'><div class='entry-content-wrapper clearfix'>\n<div class=\"flex_column av_one_full  flex_column_div av-zero-column-padding first  avia-builder-el-14  avia-builder-el-no-sibling\" style='border-radius:0px; '><p><div  style='padding-bottom:10px; font-size:32px;' class='av-special-heading av-special-heading-h2  blockquote modern-quote  avia-builder-el-15  el_before_av_textblock  avia-builder-el-first  av-inherit-size'><h2 class='av-special-heading-tag'  itemprop=\"headline\"  >C\u00f3mo hacer un recorrido gemba<\/h2><div class='special-heading-border'><div class='special-heading-inner-border' ><\/div><\/div><\/div><br \/>\n<section class=\"av_textblock_section\"  itemscope=\"itemscope\" itemtype=\"https:\/\/schema.org\/CreativeWork\" ><div class='avia_textblock'   itemprop=\"text\" ><p>Los recorridos gemba son excelentes para identificar qu\u00e9 \u00e1reas de producci\u00f3n requieren atenci\u00f3n. Si bien los procesos de planta var\u00edan seg\u00fan la empresa, los siguientes pasos se pueden aplicar a los recorridos gemba en la fabricaci\u00f3n.<\/p>\n<h3>Paso 1: Avisar a los trabajadores<\/h3>\n<p>Es importante avisar a los empleados con antelaci\u00f3n antes de realizar un recorrido gemba para evitar que se sientan preocupados o cometan faltas. Esto minimizar\u00e1 las preocupaciones y ayudar\u00e1 a los trabajadores a actuar con mayor naturalidad al realizar sus tareas rutinarias.<\/p>\n<h3>Paso 2: Preparar las preguntas de los trabajadores<\/h3>\n<p>Crear una lista de preguntas para los trabajadores durante un recorrido gemba ayuda a garantizar que no se pasen por alto puntos importantes. Si bien pueden surgir preguntas adicionales, tener una lista preparada ayudar\u00e1 al l\u00edder a comprender mejor c\u00f3mo se gestionan las operaciones.<\/p>\n<h3>Paso 3: Observar, no obstaculizar<\/h3>\n<p>El objetivo es observar y recopilar la informaci\u00f3n necesaria, no llamar la atenci\u00f3n de los trabajadores en el acto. Ser un observador y mantener una actitud respetuosa puede contribuir a generar confianza y moral entre los empleados.<\/p>\n<h3>Paso 4: Registrar los hallazgos<\/h3>\n<p>Hagas lo que hagas, es de suma importancia registrar las observaciones para identificar \u00e1reas de \u00e9xito y \u00e1reas que necesitan mejoras.<\/p>\n<\/div><\/section><\/p><\/div>\n\n<\/div><\/div><\/div><!-- close content main div --><\/div><\/div><div id='how-the-manufacturing-industry-can-benefit-from-gemba-walks'  class='avia-section main_color avia-section-no-padding avia-no-border-styling avia-bg-style-scroll  avia-builder-el-17  el_after_av_section  el_before_av_section  glossary-container  container_wrap sidebar_right' style=' '  ><div class='container' ><div class='template-page content  av-content-small alpha units'><div class='post-entry post-entry-type-page post-entry-13460'><div class='entry-content-wrapper clearfix'>\n<div class=\"flex_column av_one_full  flex_column_div av-zero-column-padding first  avia-builder-el-18  avia-builder-el-no-sibling\" style='border-radius:0px; '><p><div  style='padding-bottom:10px; font-size:32px;' class='av-special-heading av-special-heading-h2  blockquote modern-quote  avia-builder-el-19  el_before_av_textblock  avia-builder-el-first  av-inherit-size'><h2 class='av-special-heading-tag'  itemprop=\"headline\"  >C\u00f3mo la industria manufacturera puede beneficiarse de los recorridos gemba<\/h2><div class='special-heading-border'><div class='special-heading-inner-border' ><\/div><\/div><\/div><br \/>\n<section class=\"av_textblock_section\"  itemscope=\"itemscope\" itemtype=\"https:\/\/schema.org\/CreativeWork\" ><div class='avia_textblock'   itemprop=\"text\" ><p>Los recorridos Gemba pueden ayudar a las empresas manufactureras a evaluar d\u00f3nde se encuentran las inconsistencias en la producci\u00f3n y cerrar brechas.<\/p>\n<p>Algunos de los beneficios incluyen:<\/p>\n<ul>\n<li>Productos de mejor calidad<\/li>\n<li>Mayor productividad de los trabajadores y eficiencia del equipo<\/li>\n<li>Mayor compromiso de los trabajadores<\/li>\n<li>Ahorro de costes<\/li>\n<li>Protocolos de seguridad reforzados<\/li>\n<\/ul>\n<p>Tenga en cuenta que la frecuencia de los recorridos gemba depender\u00e1 de los objetivos del negocio, la cantidad de personal y la disponibilidad de l\u00edderes que puedan realizarlos. Por ejemplo, si su objetivo es cumplir constantemente con las expectativas de calidad del producto, podr\u00eda realizar un recorrido gemba con mayor frecuencia (por ejemplo, semanal, mensual o trimestral). Las plantas de fabricaci\u00f3n m\u00e1s grandes pueden realizar recorridos con mayor frecuencia debido al tama\u00f1o de la planta y de los empleados.<\/p>\n<p>Augmentir puede ayudar a los fabricantes a crear aplicaciones personalizadas <a href=\"https:\/\/www.augmentir.com\/glossary\/what-are-digital-work-instructions\">instrucciones de trabajo digitales<\/a> para realizar recorridos gemba y muchos otros procesos con nuestro <a href=\"https:\/\/www.augmentir.com\/product\">soluci\u00f3n de trabajador conectado<\/a>Nuestra misi\u00f3n es mejorar las operaciones de primera l\u00ednea, la productividad de los trabajadores y la eficiencia de las m\u00e1quinas.<\/p>\n<\/div><\/section><\/p><\/div>\n\n<\/div><\/div><\/div><!-- close content main div --><\/div><\/div><div id='av_section_6'  class='avia-section main_color avia-section-default avia-no-border-styling avia-bg-style-scroll  avia-builder-el-21  el_after_av_section  el_before_av_section   container_wrap sidebar_right' style=' margin-top:20px; margin-bottom:20px; '  ><div class='container' ><div class='template-page content  av-content-small alpha units'><div class='post-entry post-entry-type-page post-entry-13460'><div class='entry-content-wrapper clearfix'>\n\n\n<\/div><\/div><\/div><!-- close content main div --><\/div><\/div><div id='faq'  class='avia-section main_color avia-section-default avia-no-border-styling avia-bg-style-scroll  avia-builder-el-23  el_after_av_section  avia-builder-el-last  glossary-container  container_wrap sidebar_right' style='background-color: #eff2f4;  margin-top:0px; margin-bottom:0px; '  ><div class='container' ><div class='template-page content  av-content-small alpha units'><div class='post-entry post-entry-type-page post-entry-13460'><div class='entry-content-wrapper clearfix'>\n<div class=\"flex_column av_one_full  flex_column_div av-zero-column-padding first  avia-builder-el-24  avia-builder-el-no-sibling\" style='border-radius:0px; '><p><div  style='padding-bottom:36px; font-size:32px;' class='av-special-heading av-special-heading-h2  blockquote modern-quote  avia-builder-el-25  el_before_av_textblock  avia-builder-el-first  av-inherit-size'><h2 class='av-special-heading-tag'  itemprop=\"headline\"  >Preguntas frecuentes (FAQ)<\/h2><div class='special-heading-border'><div class='special-heading-inner-border' ><\/div><\/div><\/div><br \/>\n<section class=\"av_textblock_section\"  itemscope=\"itemscope\" itemtype=\"https:\/\/schema.org\/CreativeWork\" ><div class='avia_textblock'   itemprop=\"text\" ><\/div><\/section><br \/>\n<\/p><\/div><\/div><\/div><\/div><!-- close content main div --><\/div><\/div><div id='after_section_7'  class='main_color av_default_container_wrap container_wrap sidebar_right' style=' '  ><div class='container' ><div class='template-page content  av-content-small alpha units'><div class='post-entry post-entry-type-page post-entry-13460'><div class='entry-content-wrapper clearfix'>","protected":false},"excerpt":{"rendered":"","protected":false},"author":1,"featured_media":0,"parent":11161,"menu_order":0,"comment_status":"closed","ping_status":"closed","template":"","meta":{"inline_featured_image":false,"_lmt_disableupdate":"no","_lmt_disable":"","footnotes":""},"class_list":["post-13460","page","type-page","status-publish","hentry"],"yoast_head":"<!-- This site is optimized with the Yoast SEO plugin v27.2 - https:\/\/yoast.com\/product\/yoast-seo-wordpress\/ -->\n<title>Gemba Walk in Manufacturing: What is It and What are the Benefits? - Augmentir<\/title>\n<meta name=\"description\" content=\"Learn what a gemba walk in manufacturing is, the steps involved in conducting one, and how to digitize data collection using Augmentir.\" \/>\n<meta name=\"robots\" content=\"index, follow, max-snippet:-1, max-image-preview:large, max-video-preview:-1\" \/>\n<link rel=\"canonical\" href=\"https:\/\/www.augmentir.com\/es\/glossary\/gemba-walk-manufacturing\" \/>\n<meta property=\"og:locale\" content=\"es_ES\" \/>\n<meta property=\"og:type\" content=\"article\" \/>\n<meta property=\"og:title\" content=\"Gemba Walk in Manufacturing: What is It and What are the Benefits? - Augmentir\" \/>\n<meta property=\"og:description\" content=\"Learn what a gemba walk in manufacturing is, the steps involved in conducting one, and how to digitize data collection using Augmentir.\" \/>\n<meta property=\"og:url\" content=\"https:\/\/www.augmentir.com\/es\/glossary\/gemba-walk-manufacturing\" \/>\n<meta property=\"og:site_name\" content=\"Augmentir\" \/>\n<meta property=\"article:modified_time\" content=\"2025-06-23T13:00:28+00:00\" \/>\n<meta name=\"twitter:card\" content=\"summary_large_image\" \/>\n<meta name=\"twitter:site\" content=\"@augmentir\" \/>\n<script type=\"application\/ld+json\" class=\"yoast-schema-graph\">{\"@context\":\"https:\/\/schema.org\",\"@graph\":[{\"@type\":\"WebPage\",\"@id\":\"https:\/\/www.augmentir.com\/glossary\/gemba-walk-manufacturing\",\"url\":\"https:\/\/www.augmentir.com\/glossary\/gemba-walk-manufacturing\",\"name\":\"Gemba Walk in Manufacturing: What is It and What are the Benefits? - Augmentir\",\"isPartOf\":{\"@id\":\"https:\/\/www.augmentir.com\/#website\"},\"datePublished\":\"2023-06-04T01:52:13+00:00\",\"dateModified\":\"2025-06-23T13:00:28+00:00\",\"description\":\"Learn what a gemba walk in manufacturing is, the steps involved in conducting one, and how to digitize data collection using Augmentir.\",\"breadcrumb\":{\"@id\":\"https:\/\/www.augmentir.com\/glossary\/gemba-walk-manufacturing#breadcrumb\"},\"inLanguage\":\"es\",\"potentialAction\":[{\"@type\":\"ReadAction\",\"target\":[\"https:\/\/www.augmentir.com\/glossary\/gemba-walk-manufacturing\"]}]},{\"@type\":\"BreadcrumbList\",\"@id\":\"https:\/\/www.augmentir.com\/glossary\/gemba-walk-manufacturing#breadcrumb\",\"itemListElement\":[{\"@type\":\"ListItem\",\"position\":1,\"name\":\"Home\",\"item\":\"https:\/\/www.augmentir.com\/\"},{\"@type\":\"ListItem\",\"position\":2,\"name\":\"Topics\",\"item\":\"https:\/\/www.augmentir.com\/glossary\"},{\"@type\":\"ListItem\",\"position\":3,\"name\":\"Gemba Walk in Manufacturing: What is It and What are the Benefits?\"}]},{\"@type\":\"WebSite\",\"@id\":\"https:\/\/www.augmentir.com\/#website\",\"url\":\"https:\/\/www.augmentir.com\/\",\"name\":\"Augmentir\",\"description\":\"AI-Powered Connected Worker Platform\",\"publisher\":{\"@id\":\"https:\/\/www.augmentir.com\/#organization\"},\"potentialAction\":[{\"@type\":\"SearchAction\",\"target\":{\"@type\":\"EntryPoint\",\"urlTemplate\":\"https:\/\/www.augmentir.com\/?s={search_term_string}\"},\"query-input\":{\"@type\":\"PropertyValueSpecification\",\"valueRequired\":true,\"valueName\":\"search_term_string\"}}],\"inLanguage\":\"es\"},{\"@type\":\"Organization\",\"@id\":\"https:\/\/www.augmentir.com\/#organization\",\"name\":\"Augmentir, Inc.\",\"url\":\"https:\/\/www.augmentir.com\/\",\"logo\":{\"@type\":\"ImageObject\",\"inLanguage\":\"es\",\"@id\":\"https:\/\/www.augmentir.com\/#\/schema\/logo\/image\/\",\"url\":\"https:\/\/www.augmentir.com\/wp-content\/uploads\/2021\/10\/Augmentir_Logo.svg\",\"contentUrl\":\"https:\/\/www.augmentir.com\/wp-content\/uploads\/2021\/10\/Augmentir_Logo.svg\",\"width\":\"1200\",\"height\":\"1200\",\"caption\":\"Augmentir, Inc.\"},\"image\":{\"@id\":\"https:\/\/www.augmentir.com\/#\/schema\/logo\/image\/\"},\"sameAs\":[\"https:\/\/x.com\/augmentir\",\"https:\/\/www.linkedin.com\/company\/augmentir\"]}]}<\/script>\n<!-- \/ Yoast SEO plugin. -->","yoast_head_json":{"title":"Gemba Walk in Manufacturing: What is It and What are the Benefits? - Augmentir","description":"Learn what a gemba walk in manufacturing is, the steps involved in conducting one, and how to digitize data collection using Augmentir.","robots":{"index":"index","follow":"follow","max-snippet":"max-snippet:-1","max-image-preview":"max-image-preview:large","max-video-preview":"max-video-preview:-1"},"canonical":"https:\/\/www.augmentir.com\/es\/glossary\/gemba-walk-manufacturing","og_locale":"es_ES","og_type":"article","og_title":"Gemba Walk in Manufacturing: What is It and What are the Benefits? - Augmentir","og_description":"Learn what a gemba walk in manufacturing is, the steps involved in conducting one, and how to digitize data collection using Augmentir.","og_url":"https:\/\/www.augmentir.com\/es\/glossary\/gemba-walk-manufacturing","og_site_name":"Augmentir","article_modified_time":"2025-06-23T13:00:28+00:00","twitter_card":"summary_large_image","twitter_site":"@augmentir","schema":{"@context":"https:\/\/schema.org","@graph":[{"@type":"WebPage","@id":"https:\/\/www.augmentir.com\/glossary\/gemba-walk-manufacturing","url":"https:\/\/www.augmentir.com\/glossary\/gemba-walk-manufacturing","name":"Gemba Walk in Manufacturing: What is It and What are the Benefits? - Augmentir","isPartOf":{"@id":"https:\/\/www.augmentir.com\/#website"},"datePublished":"2023-06-04T01:52:13+00:00","dateModified":"2025-06-23T13:00:28+00:00","description":"Learn what a gemba walk in manufacturing is, the steps involved in conducting one, and how to digitize data collection using Augmentir.","breadcrumb":{"@id":"https:\/\/www.augmentir.com\/glossary\/gemba-walk-manufacturing#breadcrumb"},"inLanguage":"es","potentialAction":[{"@type":"ReadAction","target":["https:\/\/www.augmentir.com\/glossary\/gemba-walk-manufacturing"]}]},{"@type":"BreadcrumbList","@id":"https:\/\/www.augmentir.com\/glossary\/gemba-walk-manufacturing#breadcrumb","itemListElement":[{"@type":"ListItem","position":1,"name":"Home","item":"https:\/\/www.augmentir.com\/"},{"@type":"ListItem","position":2,"name":"Topics","item":"https:\/\/www.augmentir.com\/glossary"},{"@type":"ListItem","position":3,"name":"Gemba Walk in Manufacturing: What is It and What are the Benefits?"}]},{"@type":"WebSite","@id":"https:\/\/www.augmentir.com\/#website","url":"https:\/\/www.augmentir.com\/","name":"Augmentir","description":"AI-Powered Connected Worker Platform","publisher":{"@id":"https:\/\/www.augmentir.com\/#organization"},"potentialAction":[{"@type":"SearchAction","target":{"@type":"EntryPoint","urlTemplate":"https:\/\/www.augmentir.com\/?s={search_term_string}"},"query-input":{"@type":"PropertyValueSpecification","valueRequired":true,"valueName":"search_term_string"}}],"inLanguage":"es"},{"@type":"Organization","@id":"https:\/\/www.augmentir.com\/#organization","name":"Augmentir, Inc.","url":"https:\/\/www.augmentir.com\/","logo":{"@type":"ImageObject","inLanguage":"es","@id":"https:\/\/www.augmentir.com\/#\/schema\/logo\/image\/","url":"https:\/\/www.augmentir.com\/wp-content\/uploads\/2021\/10\/Augmentir_Logo.svg","contentUrl":"https:\/\/www.augmentir.com\/wp-content\/uploads\/2021\/10\/Augmentir_Logo.svg","width":"1200","height":"1200","caption":"Augmentir, Inc."},"image":{"@id":"https:\/\/www.augmentir.com\/#\/schema\/logo\/image\/"},"sameAs":["https:\/\/x.com\/augmentir","https:\/\/www.linkedin.com\/company\/augmentir"]}]}},"_links":{"self":[{"href":"https:\/\/www.augmentir.com\/es\/wp-json\/wp\/v2\/pages\/13460","targetHints":{"allow":["GET"]}}],"collection":[{"href":"https:\/\/www.augmentir.com\/es\/wp-json\/wp\/v2\/pages"}],"about":[{"href":"https:\/\/www.augmentir.com\/es\/wp-json\/wp\/v2\/types\/page"}],"author":[{"embeddable":true,"href":"https:\/\/www.augmentir.com\/es\/wp-json\/wp\/v2\/users\/1"}],"replies":[{"embeddable":true,"href":"https:\/\/www.augmentir.com\/es\/wp-json\/wp\/v2\/comments?post=13460"}],"version-history":[{"count":0,"href":"https:\/\/www.augmentir.com\/es\/wp-json\/wp\/v2\/pages\/13460\/revisions"}],"up":[{"embeddable":true,"href":"https:\/\/www.augmentir.com\/es\/wp-json\/wp\/v2\/pages\/11161"}],"wp:attachment":[{"href":"https:\/\/www.augmentir.com\/es\/wp-json\/wp\/v2\/media?parent=13460"}],"curies":[{"name":"wp","href":"https:\/\/api.w.org\/{rel}","templated":true}]}}