{"id":13441,"date":"2023-05-18T21:27:37","date_gmt":"2023-05-18T21:27:37","guid":{"rendered":"https:\/\/www.augmentir.com\/?page_id=13441"},"modified":"2024-01-29T13:23:47","modified_gmt":"2024-01-29T13:23:47","slug":"on-demand-demo","status":"publish","type":"page","link":"https:\/\/www.augmentir.com\/es\/on-demand-demo","title":{"rendered":"Vea Augmentir en acci\u00f3n: vea la demostraci\u00f3n a pedido"},"content":{"rendered":"<div id='top-section'  class='avia-section main_color avia-section-large avia-no-border-styling avia-bg-style-scroll  avia-builder-el-0  el_before_av_section  avia-builder-el-first   container_wrap sidebar_right' style=' '  ><div class='container' ><main  role=\"main\" itemprop=\"mainContentOfPage\"  class='template-page content  av-content-small alpha units'><div class='post-entry post-entry-type-page post-entry-13441'><div class='entry-content-wrapper clearfix'>\n\n<div class=\"flex_column av_one_half  av-break-at-tablet flex_column_div first  avia-builder-el-2  el_after_av_codeblock  el_before_av_one_half  product-tour-column\" style='padding:0px 30px 0px 0px ; border-radius:0px; '><p><section class=\"av_textblock_section\"  itemscope=\"itemscope\" itemtype=\"https:\/\/schema.org\/CreativeWork\" ><div class='avia_textblock video-header-text av_inherit_color'  style='color:#fa7151; '  itemprop=\"text\" ><p>Recorrido del producto<\/p>\n<\/div><\/section><br \/>\n<div  style=' margin-top:0px; margin-bottom:30px;'  class='hr hr-custom hr-left hr-icon-no   avia-builder-el-4  el_after_av_textblock  el_before_av_codeblock'><span class='hr-inner   inner-border-av-border-fat' style=' width:117px; border-color:#fa7151;' ><span class='hr-inner-style'><\/span><\/span><\/div><br \/>\n<\/p><\/div><div class=\"flex_column av_one_half  av-hide-on-mobile  av-break-at-tablet flex_column_div   avia-builder-el-6  el_after_av_one_half  avia-builder-el-last  form-container-column\" style='padding:0px 0px 0px 30px ; border-radius:0px; '><p><div  style='padding-bottom:20px; margin-top:0px; font-size:56px;' class='av-special-heading av-special-heading-h1  blockquote modern-quote  avia-builder-el-7  el_before_av_textblock  avia-builder-el-first  h1-page-title av-inherit-size'><h1 class='av-special-heading-tag'  itemprop=\"headline\"  >Mira a Augmentir en acci\u00f3n<\/h1><div class='special-heading-border'><div class='special-heading-inner-border' ><\/div><\/div><\/div><br \/>\n<section class=\"av_textblock_section  av-small-hide av-mini-hide\"  itemscope=\"itemscope\" itemtype=\"https:\/\/schema.org\/CreativeWork\" ><div class='avia_textblock'   itemprop=\"text\" ><p>Augmentir es el l\u00edder reconocido en software de trabajadores conectados para equipos de primera l\u00ednea. Incorpore a sus empleados m\u00e1s r\u00e1pidamente, facilite la capacitaci\u00f3n y el perfeccionamiento de sus habilidades, y ori\u00e9ntelos seg\u00fan sus necesidades individuales.<\/p>\n<\/div><\/section><br \/>\n<div  class='avia-icon-list-container   avia-builder-el-9  el_after_av_textblock  el_before_av_codeblock  hero-section-copy'><ul class='avia-icon-list avia-icon-list-left av-iconlist-small avia_animate_when_almost_visible avia-iconlist-animate'>\n<li><div  style='color:#fa7151; ' class='iconlist_icon  avia-font-entypo-fontello'><span class='iconlist-char' aria-hidden='true' data-av_icon='\ue812' data-av_iconfont='entypo-fontello'><\/span><\/div><article class=\"article-icon-entry av-iconlist-empty\"  itemscope=\"itemscope\" itemtype=\"https:\/\/schema.org\/CreativeWork\" ><div class='iconlist_content_wrap'><header class=\"entry-content-header\"><div class='av_iconlist_title iconlist_title_small'  itemprop=\"headline\"  >Digitalice y gestione eficientemente las habilidades de sus equipos de primera l\u00ednea<\/div><\/header><div class='iconlist_content av_inherit_color'  itemprop=\"text\"   style='color:#ffffff; '><\/div><\/div><footer class=\"entry-footer\"><\/footer><\/article><div class='iconlist-timeline'><\/div><\/li>\n<li><div  style='color:#fa7151; ' class='iconlist_icon  avia-font-entypo-fontello'><span class='iconlist-char' aria-hidden='true' data-av_icon='\ue812' data-av_iconfont='entypo-fontello'><\/span><\/div><article class=\"article-icon-entry av-iconlist-empty\"  itemscope=\"itemscope\" itemtype=\"https:\/\/schema.org\/CreativeWork\" ><div class='iconlist_content_wrap'><header class=\"entry-content-header\"><div class='av_iconlist_title iconlist_title_small'  itemprop=\"headline\"  >Al\u00e9jese del papel y digitalice sus instrucciones de trabajo<\/div><\/header><div class='iconlist_content av_inherit_color'  itemprop=\"text\"   style='color:#ffffff; '><\/div><\/div><footer class=\"entry-footer\"><\/footer><\/article><div class='iconlist-timeline'><\/div><\/li>\n<li><div  style='color:#fa7151; ' class='iconlist_icon  avia-font-entypo-fontello'><span class='iconlist-char' aria-hidden='true' data-av_icon='\ue812' data-av_iconfont='entypo-fontello'><\/span><\/div><article class=\"article-icon-entry av-iconlist-empty\"  itemscope=\"itemscope\" itemtype=\"https:\/\/schema.org\/CreativeWork\" ><div class='iconlist_content_wrap'><header class=\"entry-content-header\"><div class='av_iconlist_title iconlist_title_small'  itemprop=\"headline\"  >Mejore continuamente las operaciones con informaci\u00f3n de inteligencia artificial inteligente<\/div><\/header><div class='iconlist_content av_inherit_color'  itemprop=\"text\"   style='color:#ffffff; '><\/div><\/div><footer class=\"entry-footer\"><\/footer><\/article><div class='iconlist-timeline'><\/div><\/li>\n<\/ul><\/div><br \/>\n<\/p><\/div>\n\n<\/div><\/div><\/main><!-- close content main element --><\/div><\/div><div id='mobile-cta-section'  class='avia-section main_color avia-section-large avia-no-border-styling avia-bg-style-scroll  avia-builder-el-11  el_after_av_section  el_before_av_section   av-desktop-hide container_wrap sidebar_right' style='background-color: #e8f5e8;  '  ><div class='container' ><div class='template-page content  av-content-small alpha units'><div class='post-entry post-entry-type-page post-entry-13441'><div class='entry-content-wrapper clearfix'>\n<div class=\"flex_column av_one_full  flex_column_div first  avia-builder-el-12  avia-builder-el-no-sibling  form-container-column-mobile\" style='padding:0px 0px 0px 30px ; border-radius:0px; '><p><div  style='padding-bottom:20px; margin-top:0px; font-size:56px;' class='av-special-heading av-special-heading-h1  blockquote modern-quote  avia-builder-el-13  el_before_av_textblock  avia-builder-el-first  h1-page-title av-inherit-size'><h1 class='av-special-heading-tag'  itemprop=\"headline\"  >Mira a Augmentir en acci\u00f3n<\/h1><div class='special-heading-border'><div class='special-heading-inner-border' ><\/div><\/div><\/div><br \/>\n<section class=\"av_textblock_section  av-small-hide av-mini-hide\"  itemscope=\"itemscope\" itemtype=\"https:\/\/schema.org\/CreativeWork\" ><div class='avia_textblock'   itemprop=\"text\" ><p>Incorpore a los trabajadores m\u00e1s r\u00e1pidamente, reduzca el tiempo de productividad, permita la capacitaci\u00f3n y mejora de habilidades espec\u00edficas, gu\u00ede y apoye a los trabajadores en funci\u00f3n de sus necesidades individuales.<\/p>\n<\/div><\/section><br \/>\n<div  class='avia-icon-list-container   avia-builder-el-15  el_after_av_textblock  el_before_av_codeblock  hero-section-copy'><ul class='avia-icon-list avia-icon-list-left av-iconlist-small avia_animate_when_almost_visible avia-iconlist-animate'>\n<li><div  style='color:#fa7151; ' class='iconlist_icon  avia-font-entypo-fontello'><span class='iconlist-char' aria-hidden='true' data-av_icon='\ue812' data-av_iconfont='entypo-fontello'><\/span><\/div><article class=\"article-icon-entry av-iconlist-empty\"  itemscope=\"itemscope\" itemtype=\"https:\/\/schema.org\/CreativeWork\" ><div class='iconlist_content_wrap'><header class=\"entry-content-header\"><div class='av_iconlist_title iconlist_title_small'  itemprop=\"headline\"  >Digitalice y gestione eficientemente las habilidades de sus equipos de primera l\u00ednea<\/div><\/header><div class='iconlist_content av_inherit_color'  itemprop=\"text\"   style='color:#ffffff; '><\/div><\/div><footer class=\"entry-footer\"><\/footer><\/article><div class='iconlist-timeline'><\/div><\/li>\n<li><div  style='color:#fa7151; ' class='iconlist_icon  avia-font-entypo-fontello'><span class='iconlist-char' aria-hidden='true' data-av_icon='\ue812' data-av_iconfont='entypo-fontello'><\/span><\/div><article class=\"article-icon-entry av-iconlist-empty\"  itemscope=\"itemscope\" itemtype=\"https:\/\/schema.org\/CreativeWork\" ><div class='iconlist_content_wrap'><header class=\"entry-content-header\"><div class='av_iconlist_title iconlist_title_small'  itemprop=\"headline\"  >Al\u00e9jese del papel y digitalice sus instrucciones de trabajo<\/div><\/header><div class='iconlist_content av_inherit_color'  itemprop=\"text\"   style='color:#ffffff; '><\/div><\/div><footer class=\"entry-footer\"><\/footer><\/article><div class='iconlist-timeline'><\/div><\/li>\n<li><div  style='color:#fa7151; ' class='iconlist_icon  avia-font-entypo-fontello'><span class='iconlist-char' aria-hidden='true' data-av_icon='\ue812' data-av_iconfont='entypo-fontello'><\/span><\/div><article class=\"article-icon-entry av-iconlist-empty\"  itemscope=\"itemscope\" itemtype=\"https:\/\/schema.org\/CreativeWork\" ><div class='iconlist_content_wrap'><header class=\"entry-content-header\"><div class='av_iconlist_title iconlist_title_small'  itemprop=\"headline\"  >Utilice los conocimientos generados por la IA inteligente de Augmentir para mejorar continuamente las operaciones<\/div><\/header><div class='iconlist_content av_inherit_color'  itemprop=\"text\"   style='color:#ffffff; '><\/div><\/div><footer class=\"entry-footer\"><\/footer><\/article><div class='iconlist-timeline'><\/div><\/li>\n<\/ul><\/div><br \/>\n<\/p><\/div>\n\n<\/div><\/div><\/div><!-- close content main div --><\/div><\/div><div id='recognition-section'  class='avia-section main_color avia-section-large avia-no-border-styling avia-bg-style-scroll  avia-builder-el-17  el_after_av_section  el_before_av_section   container_wrap sidebar_right' style=' '  ><div class='container' ><div class='template-page content  av-content-small alpha units'><div class='post-entry post-entry-type-page post-entry-13441'><div class='entry-content-wrapper clearfix'>\n<div class=\"flex_column av_one_full  flex_column_div av-zero-column-padding first  avia-builder-el-18  avia-builder-el-no-sibling\" style='border-radius:0px; '><p><div  style='padding-bottom:10px; font-size:36px;' class='av-special-heading av-special-heading-h2  blockquote modern-quote modern-centered  avia-builder-el-19  el_before_av_image  avia-builder-el-first  av-inherit-size'><h2 class='av-special-heading-tag'  itemprop=\"headline\"  >Un l\u00edder reconocido en software de operaciones de primera l\u00ednea<\/h2><div class='special-heading-border'><div class='special-heading-inner-border' ><\/div><\/div><\/div><br \/>\n<div  class='avia-image-container  av-styling-    avia-builder-el-20  el_after_av_heading  avia-builder-el-last  recognized-leader avia-align-center'  itemprop=\"image\" itemscope=\"itemscope\" itemtype=\"https:\/\/schema.org\/ImageObject\"  ><div class='avia-image-container-inner'><div class='avia-image-overlay-wrap'><img class='avia_image' src='https:\/\/www.augmentir.com\/wp-content\/uploads\/2023\/05\/augmentir-2023.png' alt='aumentar' title='' height=\"332\" width=\"1230\"  itemprop=\"thumbnailUrl\"  \/><\/div><\/div><\/div><\/p><\/div>\n\n<\/div><\/div><\/div><!-- close content main div --><\/div><\/div><div id='book-a-demo-section'  class='avia-section main_color avia-section-large avia-no-border-styling avia-bg-style-scroll  avia-builder-el-21  el_after_av_section  avia-builder-el-last   container_wrap sidebar_right' style='background-color: #e8f5e8;  '  ><div class='container' ><div class='template-page content  av-content-small alpha units'><div class='post-entry post-entry-type-page post-entry-13441'><div class='entry-content-wrapper clearfix'>\n<div class=\"flex_column av_one_full  flex_column_div av-zero-column-padding first  avia-builder-el-22  avia-builder-el-no-sibling\" style='border-radius:0px; '><p><div  style='padding-bottom:10px; font-size:36px;' class='av-special-heading av-special-heading-h2  blockquote modern-quote modern-centered  avia-builder-el-23  el_before_av_textblock  avia-builder-el-first  av-inherit-size'><h2 class='av-special-heading-tag'  itemprop=\"headline\"  >\u00bfQuieres ver m\u00e1s? Reserva una demostraci\u00f3n.<\/h2><div class='special-heading-border'><div class='special-heading-inner-border' ><\/div><\/div><\/div><br \/>\n<section class=\"av_textblock_section\"  itemscope=\"itemscope\" itemtype=\"https:\/\/schema.org\/CreativeWork\" ><div class='avia_textblock'   itemprop=\"text\" ><p style=\"text-align: center;\">\u00bfQuiere saber m\u00e1s? Reserve una demostraci\u00f3n personalizada y le explicaremos todo el producto, adaptado a su sector y casos de uso.<\/p>\n<\/div><\/section><br \/>\n<\/p><\/div><\/div><\/div><\/div><!-- close content main div --><\/div><\/div><div id='after_section_4'  class='main_color av_default_container_wrap container_wrap sidebar_right' style=' '  ><div class='container' ><div class='template-page content  av-content-small alpha units'><div class='post-entry post-entry-type-page post-entry-13441'><div class='entry-content-wrapper clearfix'>","protected":false},"excerpt":{"rendered":"","protected":false},"author":1,"featured_media":0,"parent":0,"menu_order":0,"comment_status":"closed","ping_status":"closed","template":"","meta":{"inline_featured_image":false,"_lmt_disableupdate":"no","_lmt_disable":"","footnotes":""},"class_list":["post-13441","page","type-page","status-publish","hentry"],"yoast_head":"<!-- This site is optimized with the Yoast SEO plugin v27.2 - https:\/\/yoast.com\/product\/yoast-seo-wordpress\/ -->\n<title>See Augmentir in Action: Watch the On-Demand Demo - Augmentir<\/title>\n<meta name=\"description\" content=\"Onboard workers faster, reduce time to productivity, enable targeted reskilling and upskilling, guide and support workers based on individual needs.\" \/>\n<meta name=\"robots\" content=\"noindex, nofollow\" \/>\n<meta property=\"og:locale\" content=\"es_ES\" \/>\n<meta property=\"og:type\" content=\"article\" \/>\n<meta property=\"og:title\" content=\"See Augmentir in Action: Watch the On-Demand Demo - Augmentir\" \/>\n<meta property=\"og:description\" content=\"Onboard workers faster, reduce time to productivity, enable targeted reskilling and upskilling, guide and support workers based on individual needs.\" \/>\n<meta property=\"og:url\" content=\"https:\/\/www.augmentir.com\/es\/on-demand-demo\" \/>\n<meta property=\"og:site_name\" content=\"Augmentir\" \/>\n<meta property=\"article:modified_time\" content=\"2024-01-29T13:23:47+00:00\" \/>\n<meta property=\"og:image\" content=\"https:\/\/play.vidyard.com\/qarPGD11tciR1HPbejQoFV.jpg\" \/>\n<meta name=\"twitter:card\" content=\"summary_large_image\" \/>\n<meta name=\"twitter:site\" content=\"@augmentir\" \/>\n<script type=\"application\/ld+json\" class=\"yoast-schema-graph\">{\"@context\":\"https:\/\/schema.org\",\"@graph\":[{\"@type\":\"WebPage\",\"@id\":\"https:\/\/www.augmentir.com\/on-demand-demo\",\"url\":\"https:\/\/www.augmentir.com\/on-demand-demo\",\"name\":\"See Augmentir in Action: Watch the On-Demand Demo - Augmentir\",\"isPartOf\":{\"@id\":\"https:\/\/www.augmentir.com\/#website\"},\"primaryImageOfPage\":{\"@id\":\"https:\/\/www.augmentir.com\/on-demand-demo#primaryimage\"},\"image\":{\"@id\":\"https:\/\/www.augmentir.com\/on-demand-demo#primaryimage\"},\"thumbnailUrl\":\"https:\/\/play.vidyard.com\/qarPGD11tciR1HPbejQoFV.jpg\",\"datePublished\":\"2023-05-18T21:27:37+00:00\",\"dateModified\":\"2024-01-29T13:23:47+00:00\",\"description\":\"Onboard workers faster, reduce time to productivity, enable targeted reskilling and upskilling, guide and support workers based on individual needs.\",\"breadcrumb\":{\"@id\":\"https:\/\/www.augmentir.com\/on-demand-demo#breadcrumb\"},\"inLanguage\":\"es\",\"potentialAction\":[{\"@type\":\"ReadAction\",\"target\":[\"https:\/\/www.augmentir.com\/on-demand-demo\"]}]},{\"@type\":\"ImageObject\",\"inLanguage\":\"es\",\"@id\":\"https:\/\/www.augmentir.com\/on-demand-demo#primaryimage\",\"url\":\"https:\/\/play.vidyard.com\/qarPGD11tciR1HPbejQoFV.jpg\",\"contentUrl\":\"https:\/\/play.vidyard.com\/qarPGD11tciR1HPbejQoFV.jpg\"},{\"@type\":\"BreadcrumbList\",\"@id\":\"https:\/\/www.augmentir.com\/on-demand-demo#breadcrumb\",\"itemListElement\":[{\"@type\":\"ListItem\",\"position\":1,\"name\":\"Home\",\"item\":\"https:\/\/www.augmentir.com\/\"},{\"@type\":\"ListItem\",\"position\":2,\"name\":\"See Augmentir in Action: Watch the On-Demand Demo\"}]},{\"@type\":\"WebSite\",\"@id\":\"https:\/\/www.augmentir.com\/#website\",\"url\":\"https:\/\/www.augmentir.com\/\",\"name\":\"Augmentir\",\"description\":\"AI-Powered Connected Worker Platform\",\"publisher\":{\"@id\":\"https:\/\/www.augmentir.com\/#organization\"},\"potentialAction\":[{\"@type\":\"SearchAction\",\"target\":{\"@type\":\"EntryPoint\",\"urlTemplate\":\"https:\/\/www.augmentir.com\/?s={search_term_string}\"},\"query-input\":{\"@type\":\"PropertyValueSpecification\",\"valueRequired\":true,\"valueName\":\"search_term_string\"}}],\"inLanguage\":\"es\"},{\"@type\":\"Organization\",\"@id\":\"https:\/\/www.augmentir.com\/#organization\",\"name\":\"Augmentir, Inc.\",\"url\":\"https:\/\/www.augmentir.com\/\",\"logo\":{\"@type\":\"ImageObject\",\"inLanguage\":\"es\",\"@id\":\"https:\/\/www.augmentir.com\/#\/schema\/logo\/image\/\",\"url\":\"https:\/\/www.augmentir.com\/wp-content\/uploads\/2021\/10\/Augmentir_Logo.svg\",\"contentUrl\":\"https:\/\/www.augmentir.com\/wp-content\/uploads\/2021\/10\/Augmentir_Logo.svg\",\"width\":\"1200\",\"height\":\"1200\",\"caption\":\"Augmentir, Inc.\"},\"image\":{\"@id\":\"https:\/\/www.augmentir.com\/#\/schema\/logo\/image\/\"},\"sameAs\":[\"https:\/\/x.com\/augmentir\",\"https:\/\/www.linkedin.com\/company\/augmentir\"]}]}<\/script>\n<!-- \/ Yoast SEO plugin. -->","yoast_head_json":{"title":"See Augmentir in Action: Watch the On-Demand Demo - Augmentir","description":"Onboard workers faster, reduce time to productivity, enable targeted reskilling and upskilling, guide and support workers based on individual needs.","robots":{"index":"noindex","follow":"nofollow"},"og_locale":"es_ES","og_type":"article","og_title":"See Augmentir in Action: Watch the On-Demand Demo - Augmentir","og_description":"Onboard workers faster, reduce time to productivity, enable targeted reskilling and upskilling, guide and support workers based on individual needs.","og_url":"https:\/\/www.augmentir.com\/es\/on-demand-demo","og_site_name":"Augmentir","article_modified_time":"2024-01-29T13:23:47+00:00","og_image":[{"url":"https:\/\/play.vidyard.com\/qarPGD11tciR1HPbejQoFV.jpg","type":"","width":"","height":""}],"twitter_card":"summary_large_image","twitter_site":"@augmentir","schema":{"@context":"https:\/\/schema.org","@graph":[{"@type":"WebPage","@id":"https:\/\/www.augmentir.com\/on-demand-demo","url":"https:\/\/www.augmentir.com\/on-demand-demo","name":"See Augmentir in Action: Watch the On-Demand Demo - Augmentir","isPartOf":{"@id":"https:\/\/www.augmentir.com\/#website"},"primaryImageOfPage":{"@id":"https:\/\/www.augmentir.com\/on-demand-demo#primaryimage"},"image":{"@id":"https:\/\/www.augmentir.com\/on-demand-demo#primaryimage"},"thumbnailUrl":"https:\/\/play.vidyard.com\/qarPGD11tciR1HPbejQoFV.jpg","datePublished":"2023-05-18T21:27:37+00:00","dateModified":"2024-01-29T13:23:47+00:00","description":"Onboard workers faster, reduce time to productivity, enable targeted reskilling and upskilling, guide and support workers based on individual needs.","breadcrumb":{"@id":"https:\/\/www.augmentir.com\/on-demand-demo#breadcrumb"},"inLanguage":"es","potentialAction":[{"@type":"ReadAction","target":["https:\/\/www.augmentir.com\/on-demand-demo"]}]},{"@type":"ImageObject","inLanguage":"es","@id":"https:\/\/www.augmentir.com\/on-demand-demo#primaryimage","url":"https:\/\/play.vidyard.com\/qarPGD11tciR1HPbejQoFV.jpg","contentUrl":"https:\/\/play.vidyard.com\/qarPGD11tciR1HPbejQoFV.jpg"},{"@type":"BreadcrumbList","@id":"https:\/\/www.augmentir.com\/on-demand-demo#breadcrumb","itemListElement":[{"@type":"ListItem","position":1,"name":"Home","item":"https:\/\/www.augmentir.com\/"},{"@type":"ListItem","position":2,"name":"See Augmentir in Action: Watch the On-Demand Demo"}]},{"@type":"WebSite","@id":"https:\/\/www.augmentir.com\/#website","url":"https:\/\/www.augmentir.com\/","name":"Augmentir","description":"AI-Powered Connected Worker Platform","publisher":{"@id":"https:\/\/www.augmentir.com\/#organization"},"potentialAction":[{"@type":"SearchAction","target":{"@type":"EntryPoint","urlTemplate":"https:\/\/www.augmentir.com\/?s={search_term_string}"},"query-input":{"@type":"PropertyValueSpecification","valueRequired":true,"valueName":"search_term_string"}}],"inLanguage":"es"},{"@type":"Organization","@id":"https:\/\/www.augmentir.com\/#organization","name":"Augmentir, Inc.","url":"https:\/\/www.augmentir.com\/","logo":{"@type":"ImageObject","inLanguage":"es","@id":"https:\/\/www.augmentir.com\/#\/schema\/logo\/image\/","url":"https:\/\/www.augmentir.com\/wp-content\/uploads\/2021\/10\/Augmentir_Logo.svg","contentUrl":"https:\/\/www.augmentir.com\/wp-content\/uploads\/2021\/10\/Augmentir_Logo.svg","width":"1200","height":"1200","caption":"Augmentir, Inc."},"image":{"@id":"https:\/\/www.augmentir.com\/#\/schema\/logo\/image\/"},"sameAs":["https:\/\/x.com\/augmentir","https:\/\/www.linkedin.com\/company\/augmentir"]}]}},"_links":{"self":[{"href":"https:\/\/www.augmentir.com\/es\/wp-json\/wp\/v2\/pages\/13441","targetHints":{"allow":["GET"]}}],"collection":[{"href":"https:\/\/www.augmentir.com\/es\/wp-json\/wp\/v2\/pages"}],"about":[{"href":"https:\/\/www.augmentir.com\/es\/wp-json\/wp\/v2\/types\/page"}],"author":[{"embeddable":true,"href":"https:\/\/www.augmentir.com\/es\/wp-json\/wp\/v2\/users\/1"}],"replies":[{"embeddable":true,"href":"https:\/\/www.augmentir.com\/es\/wp-json\/wp\/v2\/comments?post=13441"}],"version-history":[{"count":0,"href":"https:\/\/www.augmentir.com\/es\/wp-json\/wp\/v2\/pages\/13441\/revisions"}],"wp:attachment":[{"href":"https:\/\/www.augmentir.com\/es\/wp-json\/wp\/v2\/media?parent=13441"}],"curies":[{"name":"wp","href":"https:\/\/api.w.org\/{rel}","templated":true}]}}