{"id":13422,"date":"2023-04-25T02:50:36","date_gmt":"2023-04-25T02:50:36","guid":{"rendered":"https:\/\/www.augmentir.com\/?page_id=13422"},"modified":"2023-04-25T02:51:28","modified_gmt":"2023-04-25T02:51:28","slug":"frost-sullivan-2023-connected-worker-company-of-the-year","status":"publish","type":"page","link":"https:\/\/www.augmentir.com\/es\/frost-sullivan-2023-connected-worker-company-of-the-year","title":{"rendered":"Frost &amp; Sullivan 2023 Empresa Trabajadora Conectada del A\u00f1o"},"content":{"rendered":"<div id='top-section'  class='avia-section main_color avia-section-default avia-no-border-styling avia-bg-style-scroll  avia-builder-el-0  avia-builder-el-no-sibling   container_wrap sidebar_right' style='background-repeat: repeat-y; background-image: url(https:\/\/www.augmentir.com\/wp-content\/uploads\/2021\/10\/page-half-background.png);background-attachment: scroll; background-position: center center;  '  data-section-bg-repeat='repeat-y'><div class='container' ><main  role=\"main\" itemprop=\"mainContentOfPage\"  class='template-page content  av-content-small alpha units'><div class='post-entry post-entry-type-page post-entry-13422'><div class='entry-content-wrapper clearfix'>\n<div class=\"flex_column av_one_half  av-break-at-tablet flex_column_div first  avia-builder-el-1  el_before_av_one_half  avia-builder-el-first\" style='padding:0px 30px 0px 0px ; border-radius:0px; '><p><section class=\"av_textblock_section\"  itemscope=\"itemscope\" itemtype=\"https:\/\/schema.org\/CreativeWork\" ><div class='avia_textblock eyebrow-headline av_inherit_color'  style='color:#222222; '  itemprop=\"text\" ><p>Soluciones para trabajadores conectados<\/p>\n<\/div><\/section><br \/>\n<div  style='padding-bottom:0px; margin-top:0px; font-size:40px;' class='av-special-heading av-special-heading-h1  blockquote modern-quote  avia-builder-el-3  el_after_av_textblock  el_before_av_textblock  h1-page-title av-inherit-size'><h1 class='av-special-heading-tag'  itemprop=\"headline\"  >Helada <span class='special_amp'>&amp;<\/span> Sullivan 2023 Empresa del A\u00f1o<\/h1><div class='special-heading-border'><div class='special-heading-inner-border' ><\/div><\/div><\/div><br \/>\n<section class=\"av_textblock_section\"  itemscope=\"itemscope\" itemtype=\"https:\/\/schema.org\/CreativeWork\" ><div class='avia_textblock'   itemprop=\"text\" ><div class=\"page\" title=\"P\u00e1gina 1\">\n<div class=\"section\">\n<div class=\"layoutArea\">\n<div class=\"column\">\n<p>Frost &amp; Sullivan ha nombrado a Augmentir la Empresa de Trabajadores Conectados del A\u00f1o 2023 en reconocimiento a su crecimiento empresarial, su impacto en los clientes y su innovaci\u00f3n de productos inigualable.<\/p>\n<\/div>\n<\/div>\n<\/div>\n<\/div>\n<\/div><\/section><br \/>\n<div  class='avia-image-container  av-styling-    avia-builder-el-5  el_after_av_textblock  el_before_av_hr  avia-align-center'  itemprop=\"image\" itemscope=\"itemscope\" itemtype=\"https:\/\/schema.org\/ImageObject\"  ><div class='avia-image-container-inner'><div class='avia-image-overlay-wrap'><img class='avia_image' src='https:\/\/www.augmentir.com\/wp-content\/uploads\/2023\/04\/frost-sullivan-coy-award-augmentir-2023-report.png' alt='Augmentir nombrada empresa de trabajadores conectados del a\u00f1o 2023 por Frost &amp; Sullivan' title='' height=\"811\" width=\"1200\"  itemprop=\"thumbnailUrl\"  \/><\/div><\/div><\/div><br \/>\n<div  style='height:30px' class='hr hr-invisible  av-small-hide av-mini-hide  avia-builder-el-6  el_after_av_image  el_before_av_textblock'><span class='hr-inner' ><span class='hr-inner-style'><\/span><\/span><\/div><br \/>\n<section class=\"av_textblock_section  av-small-hide av-mini-hide\"  itemscope=\"itemscope\" itemtype=\"https:\/\/schema.org\/CreativeWork\" ><div class='avia_textblock'  style='font-size:16px; '  itemprop=\"text\" ><div class=\"page\" title=\"P\u00e1gina 2\">\n<div class=\"section\">\n<div class=\"layoutArea\">\n<div class=\"column\">\n<p>Seg\u00fan Michelle Funke, analista de investigaci\u00f3n de mejores pr\u00e1cticas de Frost &amp; Sullivan, \u00abLas soluciones de Augmentir se basan fundamentalmente en IA; este es un factor de diferenciaci\u00f3n fundamental, ya que las plataformas de la competencia carecen de esta capacidad fundamental. La empresa adopta un enfoque cu\u00e1druple para el trabajo conectado, centr\u00e1ndose en la gesti\u00f3n de habilidades, los flujos de trabajo digitales, la colaboraci\u00f3n y el intercambio de conocimientos para ofrecer resultados integrales a las organizaciones industriales y sus empleados\u00bb.<\/p>\n<p>Las soluciones de Augmentir, basadas en IA, fomentan una fuerza laboral conectada, generando una gran cantidad de datos que permiten a los clientes ofrecer instrucciones y orientaci\u00f3n de trabajo m\u00e1s personalizadas y precisas. La tecnolog\u00eda facilita una comunicaci\u00f3n m\u00e1s \u00e1gil y eficaz, contribuyendo a la mejora continua de la seguridad y la calidad. Las capacidades de gesti\u00f3n de habilidades de Augmentir, a diferencia de las soluciones tradicionales, supervisan las certificaciones, avales y permisos de los trabajadores para mejorar la seguridad y el cumplimiento de las normativas gubernamentales, ampliando as\u00ed su alcance de mercado y el alcance de sus funciones. Augmentir mantiene s\u00f3lidas relaciones con los clientes para garantizar su satisfacci\u00f3n continua y mantener una conexi\u00f3n vital con el mercado, lo que le permite responder eficazmente a las nuevas tendencias y a los problemas.<\/p>\n<p>El firme compromiso de Augmentir con el valor para el cliente, la innovaci\u00f3n y las soluciones de calidad ha impulsado su considerable crecimiento, a pesar de los recientes desaf\u00edos macroecon\u00f3micos y geopol\u00edticos. La compa\u00f1\u00eda triplic\u00f3 sus ingresos el a\u00f1o pasado, capt\u00f3 decenas de nuevos clientes, cerr\u00f3 varios contratos plurianuales con clientes existentes y anunci\u00f3 recientemente una nueva ronda de financiaci\u00f3n, a\u00f1adi\u00f3 Sebastian Trolli, analista s\u00e9nior del sector de Tecnolog\u00edas Industriales de Frost &amp; Sullivan.<\/p>\n<p>Por sus estrategias centradas en el cliente, la implementaci\u00f3n de mejores pr\u00e1cticas y su s\u00f3lido desempe\u00f1o general, Augmentir obtiene el premio a la Empresa Global del A\u00f1o 2023 de Frost &amp; Sullivan en la industria de soluciones para trabajadores conectados.<\/p>\n<div class=\"page\" title=\"P\u00e1gina 3\">\n<div class=\"section\">\n<div class=\"layoutArea\">\n<div class=\"column\"><\/div>\n<\/div>\n<\/div>\n<\/div>\n<\/div>\n<\/div>\n<\/div>\n<\/div>\n<\/div><\/section><\/p><\/div><div class=\"flex_column av_one_half  av-break-at-tablet flex_column_div   avia-builder-el-8  el_after_av_one_half  avia-builder-el-last  form-container-column\" style='padding:0px 0px 0px 30px ; border-radius:0px; '><p><section class=\"av_textblock_section\"  itemscope=\"itemscope\" itemtype=\"https:\/\/schema.org\/CreativeWork\" ><div class='avia_textblock eyebrow-headline av_inherit_color'  style='color:#ffffff; '  itemprop=\"text\" ><p>Lea el informe completo<\/p>\n<\/div><\/section><br \/>\n<div  style='padding-bottom:0px; margin-top:0px; color:#ffffff;font-size:32px;' class='av-special-heading av-special-heading-h2 custom-color-heading blockquote modern-quote  avia-builder-el-10  el_after_av_textblock  el_before_av_codeblock  av-inherit-size'><h2 class='av-special-heading-tag'  itemprop=\"headline\"  >Augmentir nombrada Empresa del A\u00f1o \u2013 Soluciones globales para trabajadores conectados<\/h2><div class='special-heading-border'><div class='special-heading-inner-border' style='border-color:#ffffff'><\/div><\/div><\/div><br \/>\n<\/p><\/div><\/div><\/div><\/main><!-- close content main element --><\/div><\/div><div id='after_section_1'  class='main_color av_default_container_wrap container_wrap sidebar_right' style=' '  ><div class='container' ><div class='template-page content  av-content-small alpha units'><div class='post-entry post-entry-type-page post-entry-13422'><div class='entry-content-wrapper clearfix'>","protected":false},"excerpt":{"rendered":"","protected":false},"author":1,"featured_media":13049,"parent":0,"menu_order":0,"comment_status":"closed","ping_status":"closed","template":"","meta":{"inline_featured_image":false,"_lmt_disableupdate":"no","_lmt_disable":"","footnotes":""},"class_list":["post-13422","page","type-page","status-publish","has-post-thumbnail","hentry"],"yoast_head":"<!-- This site is optimized with the Yoast SEO plugin v27.2 - https:\/\/yoast.com\/product\/yoast-seo-wordpress\/ -->\n<title>Frost &amp; Sullivan 2023 Connected Worker Company of the Year - Augmentir<\/title>\n<meta name=\"description\" content=\"For its customer-centric strategies, best practices implementation, and strong overall performance, Augmentir earns Frost &amp; Sullivan\u2019s 2023 Global Company of the Year Award in the connected worker solutions industry.\" \/>\n<meta name=\"robots\" content=\"index, follow, max-snippet:-1, max-image-preview:large, max-video-preview:-1\" \/>\n<link rel=\"canonical\" href=\"https:\/\/www.augmentir.com\/es\/frost-sullivan-2023-connected-worker-company-of-the-year\" \/>\n<meta property=\"og:locale\" content=\"es_ES\" \/>\n<meta property=\"og:type\" content=\"article\" \/>\n<meta property=\"og:title\" content=\"Frost &amp; Sullivan 2023 Connected Worker Company of the Year - Augmentir\" \/>\n<meta property=\"og:description\" content=\"For its customer-centric strategies, best practices implementation, and strong overall performance, Augmentir earns Frost &amp; Sullivan\u2019s 2023 Global Company of the Year Award in the connected worker solutions industry.\" \/>\n<meta property=\"og:url\" content=\"https:\/\/www.augmentir.com\/es\/frost-sullivan-2023-connected-worker-company-of-the-year\" \/>\n<meta property=\"og:site_name\" content=\"Augmentir\" \/>\n<meta property=\"article:modified_time\" content=\"2023-04-25T02:51:28+00:00\" \/>\n<meta property=\"og:image\" content=\"https:\/\/www.augmentir.com\/wp-content\/uploads\/2022\/08\/manufacturing-labor-gap-and-future-of-work.png\" \/>\n\t<meta property=\"og:image:width\" content=\"1200\" \/>\n\t<meta property=\"og:image:height\" content=\"630\" \/>\n\t<meta property=\"og:image:type\" content=\"image\/png\" \/>\n<meta name=\"twitter:card\" content=\"summary_large_image\" \/>\n<meta name=\"twitter:site\" content=\"@augmentir\" \/>\n<script type=\"application\/ld+json\" class=\"yoast-schema-graph\">{\"@context\":\"https:\/\/schema.org\",\"@graph\":[{\"@type\":\"WebPage\",\"@id\":\"https:\/\/www.augmentir.com\/frost-sullivan-2023-connected-worker-company-of-the-year\",\"url\":\"https:\/\/www.augmentir.com\/frost-sullivan-2023-connected-worker-company-of-the-year\",\"name\":\"Frost & Sullivan 2023 Connected Worker Company of the Year - Augmentir\",\"isPartOf\":{\"@id\":\"https:\/\/www.augmentir.com\/#website\"},\"primaryImageOfPage\":{\"@id\":\"https:\/\/www.augmentir.com\/frost-sullivan-2023-connected-worker-company-of-the-year#primaryimage\"},\"image\":{\"@id\":\"https:\/\/www.augmentir.com\/frost-sullivan-2023-connected-worker-company-of-the-year#primaryimage\"},\"thumbnailUrl\":\"https:\/\/www.augmentir.com\/wp-content\/uploads\/2022\/08\/manufacturing-labor-gap-and-future-of-work.png\",\"datePublished\":\"2023-04-25T02:50:36+00:00\",\"dateModified\":\"2023-04-25T02:51:28+00:00\",\"description\":\"For its customer-centric strategies, best practices implementation, and strong overall performance, Augmentir earns Frost & Sullivan\u2019s 2023 Global Company of the Year Award in the connected worker solutions industry.\",\"breadcrumb\":{\"@id\":\"https:\/\/www.augmentir.com\/frost-sullivan-2023-connected-worker-company-of-the-year#breadcrumb\"},\"inLanguage\":\"es\",\"potentialAction\":[{\"@type\":\"ReadAction\",\"target\":[\"https:\/\/www.augmentir.com\/frost-sullivan-2023-connected-worker-company-of-the-year\"]}]},{\"@type\":\"ImageObject\",\"inLanguage\":\"es\",\"@id\":\"https:\/\/www.augmentir.com\/frost-sullivan-2023-connected-worker-company-of-the-year#primaryimage\",\"url\":\"https:\/\/www.augmentir.com\/wp-content\/uploads\/2022\/08\/manufacturing-labor-gap-and-future-of-work.png\",\"contentUrl\":\"https:\/\/www.augmentir.com\/wp-content\/uploads\/2022\/08\/manufacturing-labor-gap-and-future-of-work.png\",\"width\":1200,\"height\":630,\"caption\":\"manufacturing labor gap and the future of work\"},{\"@type\":\"BreadcrumbList\",\"@id\":\"https:\/\/www.augmentir.com\/frost-sullivan-2023-connected-worker-company-of-the-year#breadcrumb\",\"itemListElement\":[{\"@type\":\"ListItem\",\"position\":1,\"name\":\"Home\",\"item\":\"https:\/\/www.augmentir.com\/\"},{\"@type\":\"ListItem\",\"position\":2,\"name\":\"Frost &#038; Sullivan 2023 Connected Worker Company of the Year\"}]},{\"@type\":\"WebSite\",\"@id\":\"https:\/\/www.augmentir.com\/#website\",\"url\":\"https:\/\/www.augmentir.com\/\",\"name\":\"Augmentir\",\"description\":\"AI-Powered Connected Worker Platform\",\"publisher\":{\"@id\":\"https:\/\/www.augmentir.com\/#organization\"},\"potentialAction\":[{\"@type\":\"SearchAction\",\"target\":{\"@type\":\"EntryPoint\",\"urlTemplate\":\"https:\/\/www.augmentir.com\/?s={search_term_string}\"},\"query-input\":{\"@type\":\"PropertyValueSpecification\",\"valueRequired\":true,\"valueName\":\"search_term_string\"}}],\"inLanguage\":\"es\"},{\"@type\":\"Organization\",\"@id\":\"https:\/\/www.augmentir.com\/#organization\",\"name\":\"Augmentir, Inc.\",\"url\":\"https:\/\/www.augmentir.com\/\",\"logo\":{\"@type\":\"ImageObject\",\"inLanguage\":\"es\",\"@id\":\"https:\/\/www.augmentir.com\/#\/schema\/logo\/image\/\",\"url\":\"https:\/\/www.augmentir.com\/wp-content\/uploads\/2021\/10\/Augmentir_Logo.svg\",\"contentUrl\":\"https:\/\/www.augmentir.com\/wp-content\/uploads\/2021\/10\/Augmentir_Logo.svg\",\"width\":\"1200\",\"height\":\"1200\",\"caption\":\"Augmentir, Inc.\"},\"image\":{\"@id\":\"https:\/\/www.augmentir.com\/#\/schema\/logo\/image\/\"},\"sameAs\":[\"https:\/\/x.com\/augmentir\",\"https:\/\/www.linkedin.com\/company\/augmentir\"]}]}<\/script>\n<!-- \/ Yoast SEO plugin. -->","yoast_head_json":{"title":"Frost & Sullivan 2023 Connected Worker Company of the Year - Augmentir","description":"For its customer-centric strategies, best practices implementation, and strong overall performance, Augmentir earns Frost & Sullivan\u2019s 2023 Global Company of the Year Award in the connected worker solutions industry.","robots":{"index":"index","follow":"follow","max-snippet":"max-snippet:-1","max-image-preview":"max-image-preview:large","max-video-preview":"max-video-preview:-1"},"canonical":"https:\/\/www.augmentir.com\/es\/frost-sullivan-2023-connected-worker-company-of-the-year","og_locale":"es_ES","og_type":"article","og_title":"Frost & Sullivan 2023 Connected Worker Company of the Year - Augmentir","og_description":"For its customer-centric strategies, best practices implementation, and strong overall performance, Augmentir earns Frost & Sullivan\u2019s 2023 Global Company of the Year Award in the connected worker solutions industry.","og_url":"https:\/\/www.augmentir.com\/es\/frost-sullivan-2023-connected-worker-company-of-the-year","og_site_name":"Augmentir","article_modified_time":"2023-04-25T02:51:28+00:00","og_image":[{"width":1200,"height":630,"url":"https:\/\/www.augmentir.com\/wp-content\/uploads\/2022\/08\/manufacturing-labor-gap-and-future-of-work.png","type":"image\/png"}],"twitter_card":"summary_large_image","twitter_site":"@augmentir","schema":{"@context":"https:\/\/schema.org","@graph":[{"@type":"WebPage","@id":"https:\/\/www.augmentir.com\/frost-sullivan-2023-connected-worker-company-of-the-year","url":"https:\/\/www.augmentir.com\/frost-sullivan-2023-connected-worker-company-of-the-year","name":"Frost & Sullivan 2023 Connected Worker Company of the Year - Augmentir","isPartOf":{"@id":"https:\/\/www.augmentir.com\/#website"},"primaryImageOfPage":{"@id":"https:\/\/www.augmentir.com\/frost-sullivan-2023-connected-worker-company-of-the-year#primaryimage"},"image":{"@id":"https:\/\/www.augmentir.com\/frost-sullivan-2023-connected-worker-company-of-the-year#primaryimage"},"thumbnailUrl":"https:\/\/www.augmentir.com\/wp-content\/uploads\/2022\/08\/manufacturing-labor-gap-and-future-of-work.png","datePublished":"2023-04-25T02:50:36+00:00","dateModified":"2023-04-25T02:51:28+00:00","description":"For its customer-centric strategies, best practices implementation, and strong overall performance, Augmentir earns Frost & Sullivan\u2019s 2023 Global Company of the Year Award in the connected worker solutions industry.","breadcrumb":{"@id":"https:\/\/www.augmentir.com\/frost-sullivan-2023-connected-worker-company-of-the-year#breadcrumb"},"inLanguage":"es","potentialAction":[{"@type":"ReadAction","target":["https:\/\/www.augmentir.com\/frost-sullivan-2023-connected-worker-company-of-the-year"]}]},{"@type":"ImageObject","inLanguage":"es","@id":"https:\/\/www.augmentir.com\/frost-sullivan-2023-connected-worker-company-of-the-year#primaryimage","url":"https:\/\/www.augmentir.com\/wp-content\/uploads\/2022\/08\/manufacturing-labor-gap-and-future-of-work.png","contentUrl":"https:\/\/www.augmentir.com\/wp-content\/uploads\/2022\/08\/manufacturing-labor-gap-and-future-of-work.png","width":1200,"height":630,"caption":"manufacturing labor gap and the future of work"},{"@type":"BreadcrumbList","@id":"https:\/\/www.augmentir.com\/frost-sullivan-2023-connected-worker-company-of-the-year#breadcrumb","itemListElement":[{"@type":"ListItem","position":1,"name":"Home","item":"https:\/\/www.augmentir.com\/"},{"@type":"ListItem","position":2,"name":"Frost &#038; Sullivan 2023 Connected Worker Company of the Year"}]},{"@type":"WebSite","@id":"https:\/\/www.augmentir.com\/#website","url":"https:\/\/www.augmentir.com\/","name":"Augmentir","description":"AI-Powered Connected Worker Platform","publisher":{"@id":"https:\/\/www.augmentir.com\/#organization"},"potentialAction":[{"@type":"SearchAction","target":{"@type":"EntryPoint","urlTemplate":"https:\/\/www.augmentir.com\/?s={search_term_string}"},"query-input":{"@type":"PropertyValueSpecification","valueRequired":true,"valueName":"search_term_string"}}],"inLanguage":"es"},{"@type":"Organization","@id":"https:\/\/www.augmentir.com\/#organization","name":"Augmentir, Inc.","url":"https:\/\/www.augmentir.com\/","logo":{"@type":"ImageObject","inLanguage":"es","@id":"https:\/\/www.augmentir.com\/#\/schema\/logo\/image\/","url":"https:\/\/www.augmentir.com\/wp-content\/uploads\/2021\/10\/Augmentir_Logo.svg","contentUrl":"https:\/\/www.augmentir.com\/wp-content\/uploads\/2021\/10\/Augmentir_Logo.svg","width":"1200","height":"1200","caption":"Augmentir, Inc."},"image":{"@id":"https:\/\/www.augmentir.com\/#\/schema\/logo\/image\/"},"sameAs":["https:\/\/x.com\/augmentir","https:\/\/www.linkedin.com\/company\/augmentir"]}]}},"_links":{"self":[{"href":"https:\/\/www.augmentir.com\/es\/wp-json\/wp\/v2\/pages\/13422","targetHints":{"allow":["GET"]}}],"collection":[{"href":"https:\/\/www.augmentir.com\/es\/wp-json\/wp\/v2\/pages"}],"about":[{"href":"https:\/\/www.augmentir.com\/es\/wp-json\/wp\/v2\/types\/page"}],"author":[{"embeddable":true,"href":"https:\/\/www.augmentir.com\/es\/wp-json\/wp\/v2\/users\/1"}],"replies":[{"embeddable":true,"href":"https:\/\/www.augmentir.com\/es\/wp-json\/wp\/v2\/comments?post=13422"}],"version-history":[{"count":0,"href":"https:\/\/www.augmentir.com\/es\/wp-json\/wp\/v2\/pages\/13422\/revisions"}],"wp:featuredmedia":[{"embeddable":true,"href":"https:\/\/www.augmentir.com\/es\/wp-json\/wp\/v2\/media\/13049"}],"wp:attachment":[{"href":"https:\/\/www.augmentir.com\/es\/wp-json\/wp\/v2\/media?parent=13422"}],"curies":[{"name":"wp","href":"https:\/\/api.w.org\/{rel}","templated":true}]}}