{"id":13408,"date":"2023-04-23T01:40:28","date_gmt":"2023-04-23T01:40:28","guid":{"rendered":"https:\/\/www.augmentir.com\/?page_id=13408"},"modified":"2024-12-20T18:00:37","modified_gmt":"2024-12-20T18:00:37","slug":"what-operational-agility","status":"publish","type":"page","link":"https:\/\/www.augmentir.com\/es\/glossary\/what-operational-agility","title":{"rendered":"\u00bfQu\u00e9 es la agilidad operativa y por qu\u00e9 es importante?"},"content":{"rendered":"<div id='av_section_1'  class='avia-section main_color avia-section-small avia-no-border-styling avia-bg-style-scroll  avia-builder-el-0  el_before_av_section  avia-builder-el-first  glossary-container  container_wrap sidebar_right' style=' margin-top:10px; margin-bottom:0px; '  ><div class='container' ><main  role=\"main\" itemprop=\"mainContentOfPage\"  class='template-page content  av-content-small alpha units'><div class='post-entry post-entry-type-page post-entry-13408'><div class='entry-content-wrapper clearfix'>\n<div class=\"flex_column av_one_full  flex_column_div av-zero-column-padding first  avia-builder-el-1  avia-builder-el-no-sibling\" style='border-radius:0px; '><p><div  style='padding-bottom:10px; margin-top:16px; font-size:44px;' class='av-special-heading av-special-heading-h1  blockquote modern-quote  avia-builder-el-2  el_before_av_textblock  avia-builder-el-first  av-inherit-size'><h1 class='av-special-heading-tag'  itemprop=\"headline\"  >\u00bfQu\u00e9 es la agilidad operativa?<\/h1><div class='special-heading-border'><div class='special-heading-inner-border' ><\/div><\/div><\/div><br \/>\n<section class=\"av_textblock_section\"  itemscope=\"itemscope\" itemtype=\"https:\/\/schema.org\/CreativeWork\" ><div class='avia_textblock'   itemprop=\"text\" ><p>La agilidad operativa se refiere a la capacidad de una empresa para adaptar sus procesos, tecnolog\u00eda y procedimientos operativos cotidianos a las expectativas cambiantes del mercado. Las empresas manufactureras que son flexibles al adoptar nuevas formas de pensar para satisfacer las demandas de los consumidores se mantendr\u00e1n a la vanguardia en el competitivo mercado actual.<\/p>\n<p>Crear una fuerza laboral \u00e1gil implica dotar a los trabajadores de mayor flexibilidad y operar con altos est\u00e1ndares de responsabilidad, experiencia y transparencia para obtener una ventaja competitiva. En esencia, los fabricantes deben adaptarse a las cambiantes necesidades de la industria para crear y entregar productos que satisfagan las necesidades de los clientes.<\/p>\n<p>Obtenga m\u00e1s informaci\u00f3n sobre la agilidad operativa en la fabricaci\u00f3n explorando las siguientes secciones:<\/p>\n<ul>\n<li><a href=\"#why-is-operational-agility-important-in-manufacturing\">\u00bfPor qu\u00e9 es importante la agilidad operativa en la manufactura?<\/a><\/li>\n<li><a href=\"#what-are-the-benefits-of-operational-agility\">\u00bfCu\u00e1les son los beneficios de la agilidad operativa?<\/a><\/li>\n<li><a href=\"#what-drives-operational-agility\">\u00bfQu\u00e9 impulsa la agilidad operativa?<\/a><\/li>\n<li><a href=\"#enable-operational-agility-with-a-digitally-connected-workforce\">Habilite la agilidad operativa con una fuerza laboral conectada digitalmente<\/a><\/li>\n<\/ul>\n<\/div><\/section><\/p><\/div>\n\n<\/div><\/div><\/main><!-- close content main element --><\/div><\/div><div id='why-is-operational-agility-important-in-manufacturing'  class='avia-section main_color avia-section-no-padding avia-no-border-styling avia-bg-style-scroll  avia-builder-el-4  el_after_av_section  el_before_av_section  glossary-container  container_wrap sidebar_right' style=' '  ><div class='container' ><div class='template-page content  av-content-small alpha units'><div class='post-entry post-entry-type-page post-entry-13408'><div class='entry-content-wrapper clearfix'>\n<div class=\"flex_column av_one_full  flex_column_div av-zero-column-padding first  avia-builder-el-5  avia-builder-el-no-sibling\" style='border-radius:0px; '><p><div  style='padding-bottom:10px; font-size:32px;' class='av-special-heading av-special-heading-h2  blockquote modern-quote  avia-builder-el-6  el_before_av_textblock  avia-builder-el-first  av-inherit-size'><h2 class='av-special-heading-tag'  itemprop=\"headline\"  >\u00bfPor qu\u00e9 es importante la agilidad operativa en la manufactura?<\/h2><div class='special-heading-border'><div class='special-heading-inner-border' ><\/div><\/div><\/div><br \/>\n<section class=\"av_textblock_section\"  itemscope=\"itemscope\" itemtype=\"https:\/\/schema.org\/CreativeWork\" ><div class='avia_textblock'   itemprop=\"text\" ><p>La agilidad operativa es un factor crucial para el \u00e9xito de una organizaci\u00f3n manufacturera. La capacidad de las empresas para adaptarse a los cambios en la demanda, las interrupciones en la cadena de suministro y otros imprevistos determinar\u00e1 su rendimiento como empresa.<\/p>\n<p>Esto se debe a que las empresas manufactureras se enfrentan a una demanda de sus productos en constante cambio debido a factores como la estacionalidad, las tendencias del mercado y la competencia. Las interrupciones en la cadena de suministro tambi\u00e9n pueden ocurrir debido a diversos factores, como desastres naturales, inestabilidad pol\u00edtica o retrasos en el transporte.<\/p>\n<p>Un proceso de fabricaci\u00f3n \u00e1gil permite a las empresas ajustar r\u00e1pidamente los niveles de producci\u00f3n para satisfacer la demanda cambiante, responder a las interrupciones y adaptarse a los cambios en la cadena de suministro.<\/p>\n<p>En pocas palabras, una fuerza laboral que desarrolla productos de alta calidad y responde m\u00e1s r\u00e1pidamente a las solicitudes de los clientes se mantendr\u00e1 a la vanguardia y cosechar\u00e1 beneficios en sus resultados finales.<\/p>\n<\/div><\/section><br \/>\n<div  class='avia-image-container  av-styling-    avia-builder-el-8  el_after_av_textblock  avia-builder-el-last  avia-align-center'  itemprop=\"image\" itemscope=\"itemscope\" itemtype=\"https:\/\/schema.org\/ImageObject\"  ><div class='avia-image-container-inner'><div class='avia-image-overlay-wrap'><img class='avia_image' src='https:\/\/www.augmentir.com\/wp-content\/uploads\/2023\/04\/operational-agility.png' alt='agilidad operativa' title='' height=\"630\" width=\"1200\"  itemprop=\"thumbnailUrl\"  \/><\/div><\/div><\/div><\/p><\/div>\n\n<\/div><\/div><\/div><!-- close content main div --><\/div><\/div><div id='what-are-the-benefits-of-operational-agility'  class='avia-section main_color avia-section-no-padding avia-no-border-styling avia-bg-style-scroll  avia-builder-el-9  el_after_av_section  el_before_av_section  glossary-container  container_wrap sidebar_right' style=' '  ><div class='container' ><div class='template-page content  av-content-small alpha units'><div class='post-entry post-entry-type-page post-entry-13408'><div class='entry-content-wrapper clearfix'>\n<div class=\"flex_column av_one_full  flex_column_div av-zero-column-padding first  avia-builder-el-10  avia-builder-el-no-sibling\" style='border-radius:0px; '><p><div  style='padding-bottom:10px; font-size:32px;' class='av-special-heading av-special-heading-h2  blockquote modern-quote  avia-builder-el-11  el_before_av_textblock  avia-builder-el-first  av-inherit-size'><h2 class='av-special-heading-tag'  itemprop=\"headline\"  >\u00bfCu\u00e1les son los beneficios de la agilidad operativa?<\/h2><div class='special-heading-border'><div class='special-heading-inner-border' ><\/div><\/div><\/div><br \/>\n<section class=\"av_textblock_section\"  itemscope=\"itemscope\" itemtype=\"https:\/\/schema.org\/CreativeWork\" ><div class='avia_textblock'   itemprop=\"text\" ><p>Cultivar una fuerza laboral orientada al consumidor sienta las bases para aprovechar los beneficios de la agilidad operativa. Las empresas que no se adaptan ni se adaptan a las expectativas cambiantes del mercado crear\u00e1n productos que no aportan ning\u00fan valor al cliente.<\/p>\n<p>Algunos beneficios de la agilidad operativa incluyen:<\/p>\n<ul>\n<li>Tomar decisiones m\u00e1s r\u00e1pidas para satisfacer a los clientes<\/li>\n<li>Crear una fuerza laboral flexible que pueda adaptarse a los requisitos cambiantes del trabajo y a las necesidades de producci\u00f3n.<\/li>\n<li>Obtener informaci\u00f3n en tiempo real sobre qu\u00e9 procesos funcionan y cu\u00e1les no<\/li>\n<li>Aprovechar la tecnolog\u00eda inteligente existente para unir equipos y desarrollar productos m\u00e1s r\u00e1pidamente<\/li>\n<li>Adaptarse al cambio para atraer m\u00e1s clientes<\/li>\n<li>Oportunidades de formaci\u00f3n que ayudan a cerrar brechas de conocimientos y habilidades<\/li>\n<\/ul>\n<\/div><\/section><\/p><\/div>\n\n<\/div><\/div><\/div><!-- close content main div --><\/div><\/div><div id='what-drives-operational-agility'  class='avia-section main_color avia-section-no-padding avia-no-border-styling avia-bg-style-scroll  avia-builder-el-13  el_after_av_section  el_before_av_section  glossary-container  container_wrap sidebar_right' style=' '  ><div class='container' ><div class='template-page content  av-content-small alpha units'><div class='post-entry post-entry-type-page post-entry-13408'><div class='entry-content-wrapper clearfix'>\n<div class=\"flex_column av_one_full  flex_column_div av-zero-column-padding first  avia-builder-el-14  avia-builder-el-no-sibling\" style='border-radius:0px; '><p><div  style='padding-bottom:10px; font-size:32px;' class='av-special-heading av-special-heading-h2  blockquote modern-quote  avia-builder-el-15  el_before_av_textblock  avia-builder-el-first  av-inherit-size'><h2 class='av-special-heading-tag'  itemprop=\"headline\"  >\u00bfQu\u00e9 impulsa la agilidad operativa?<\/h2><div class='special-heading-border'><div class='special-heading-inner-border' ><\/div><\/div><\/div><br \/>\n<section class=\"av_textblock_section\"  itemscope=\"itemscope\" itemtype=\"https:\/\/schema.org\/CreativeWork\" ><div class='avia_textblock'   itemprop=\"text\" ><p>Hay varios factores que impulsan la agilidad operativa en la fabricaci\u00f3n, desde cultivar una gesti\u00f3n \u00e1gil hasta inculcar una cultura de innovaci\u00f3n.<\/p>\n<p>La creaci\u00f3n de un equipo \u00e1gil comienza con el liderazgo. Las empresas se definen por el funcionamiento de la gerencia. Por ejemplo, el liderazgo establece los procedimientos y las mejores pr\u00e1cticas necesarios para crear un producto con \u00e9xito. Es responsable de evaluar cuidadosamente los procesos existentes e identificar oportunidades de agilidad.<\/p>\n<p>Una vez que la gerencia ha creado un plan de acci\u00f3n, debe comunicarlo eficazmente a su personal. Los gerentes deben contar con protocolos espec\u00edficos y un conjunto claro de responsabilidades para cada trabajador, a fin de garantizar que los procesos diarios se realicen correctamente y a tiempo.<\/p>\n<p>Esto se puede lograr mediante la creaci\u00f3n <a href=\"https:\/\/www.augmentir.com\/glossary\/what-are-digital-sops\">procedimientos operativos est\u00e1ndar (SOP) digitales<\/a> Los POE son la manera perfecta de garantizar que los trabajadores sigan las mejores pr\u00e1cticas de la industria. Adem\u00e1s, pueden ayudar a minimizar el error humano, ya que los procedimientos se actualizan y mejoran constantemente.<\/p>\n<\/div><\/section><\/p><\/div>\n\n<\/div><\/div><\/div><!-- close content main div --><\/div><\/div><div id='enable-operational-agility-with-a-digitally-connected-workforce'  class='avia-section main_color avia-section-no-padding avia-no-border-styling avia-bg-style-scroll  avia-builder-el-17  el_after_av_section  el_before_av_section  glossary-container  container_wrap sidebar_right' style=' '  ><div class='container' ><div class='template-page content  av-content-small alpha units'><div class='post-entry post-entry-type-page post-entry-13408'><div class='entry-content-wrapper clearfix'>\n<div class=\"flex_column av_one_full  flex_column_div av-zero-column-padding first  avia-builder-el-18  avia-builder-el-no-sibling\" style='border-radius:0px; '><p><div  style='padding-bottom:10px; font-size:32px;' class='av-special-heading av-special-heading-h2  blockquote modern-quote  avia-builder-el-19  el_before_av_textblock  avia-builder-el-first  av-inherit-size'><h2 class='av-special-heading-tag'  itemprop=\"headline\"  >Habilite la agilidad operativa con una fuerza laboral conectada digitalmente<\/h2><div class='special-heading-border'><div class='special-heading-inner-border' ><\/div><\/div><\/div><br \/>\n<section class=\"av_textblock_section\"  itemscope=\"itemscope\" itemtype=\"https:\/\/schema.org\/CreativeWork\" ><div class='avia_textblock'   itemprop=\"text\" ><p>Las soluciones para trabajadores conectados pueden permitir la agilidad operativa en la fabricaci\u00f3n al proporcionar acceso en tiempo real a la informaci\u00f3n, mejorar la comunicaci\u00f3n y permitir la toma de decisiones basada en datos.<\/p>\n<\/div><\/section><br \/>\n<div  class='avia-image-container  av-styling-    avia-builder-el-21  el_after_av_textblock  el_before_av_textblock  avia-align-center'  itemprop=\"image\" itemscope=\"itemscope\" itemtype=\"https:\/\/schema.org\/ImageObject\"  ><div class='avia-image-container-inner'><div class='avia-image-overlay-wrap'><img class='avia_image' src='https:\/\/www.augmentir.com\/wp-content\/uploads\/2023\/04\/operationalizing-learning.jpg' alt='operacionalizar el aprendizaje' title='' height=\"630\" width=\"1200\"  itemprop=\"thumbnailUrl\"  \/><\/div><\/div><\/div><br \/>\n<section class=\"av_textblock_section\"  itemscope=\"itemscope\" itemtype=\"https:\/\/schema.org\/CreativeWork\" ><div class='avia_textblock'   itemprop=\"text\" ><p>Aqu\u00ed es donde Augmentir puede ayudar. Ofrecemos una soluci\u00f3n para trabajadores conectados que permite a la gerencia crear, asignar, gestionar y supervisar el trabajo realizado. Nuestro software ha demostrado... <a href=\"https:\/\/www.augmentir.com\/product\">Reducir el tiempo de capacitaci\u00f3n y la reelaboraci\u00f3n del producto en 76%<\/a>.<\/p>\n<p>A continuaci\u00f3n se muestran algunas formas en las que las soluciones para trabajadores conectados como Augmentir pueden ayudar a permitir la agilidad operativa:<\/p>\n<ol>\n<li>Acceso a la informaci\u00f3n en tiempo real: Las soluciones para trabajadores conectados les brindan acceso en tiempo real a informaci\u00f3n cr\u00edtica, como instrucciones de trabajo, procedimientos operativos est\u00e1ndar y especificaciones de productos. Esto ayuda a reducir errores y mejorar la calidad, a la vez que permite a los trabajadores adaptarse r\u00e1pidamente a los cambios en los requisitos de producci\u00f3n.<\/li>\n<li>Comunicaci\u00f3n mejorada: Las soluciones para trabajadores conectados pueden mejorar la comunicaci\u00f3n entre trabajadores y entre equipos. Esto puede ayudar a reducir el tiempo de inactividad, resolver problemas r\u00e1pidamente y permitir una toma de decisiones m\u00e1s r\u00e1pida.<\/li>\n<li>Visibilidad mejorada: las soluciones para trabajadores conectados pueden proporcionar visibilidad en tiempo real de los procesos de producci\u00f3n, lo que permite a los gerentes identificar problemas y cuellos de botella y tomar decisiones basadas en datos para mejorar la eficiencia.<\/li>\n<li>Monitoreo y soporte remotos: Las soluciones para trabajadores conectados permiten el monitoreo y soporte remotos de los procesos de producci\u00f3n, lo que permite que los trabajadores reciban orientaci\u00f3n y apoyo de expertos en tiempo real. Esto puede ayudar a reducir el tiempo de inactividad y mejorar la productividad general.<\/li>\n<li>Mantenimiento predictivo: las soluciones de trabajadores conectados pueden permitir el mantenimiento predictivo, lo que permite a los fabricantes detectar posibles problemas antes de que ocurran y tomar medidas proactivas para evitar tiempos de inactividad.<\/li>\n<\/ol>\n<\/div><\/section><\/p><\/div>\n\n<\/div><\/div><\/div><!-- close content main div --><\/div><\/div><div id='av_section_6'  class='avia-section main_color avia-section-no-padding avia-no-border-styling avia-bg-style-scroll  avia-builder-el-23  el_after_av_section  avia-builder-el-last  glossary-container  container_wrap sidebar_right' style=' margin-top:0px; margin-bottom:50px; '  ><div class='container' ><div class='template-page content  av-content-small alpha units'><div class='post-entry post-entry-type-page post-entry-13408'><div class='entry-content-wrapper clearfix'>\n<div  class='avia-image-container  av-styling-    avia-builder-el-24  el_before_av_textblock  avia-builder-el-first  avia-align-center'  itemprop=\"image\" itemscope=\"itemscope\" itemtype=\"https:\/\/schema.org\/ImageObject\"  ><div class='avia-image-container-inner'><div class='avia-image-overlay-wrap'><img class='avia_image' src='https:\/\/www.augmentir.com\/wp-content\/uploads\/2022\/12\/manufacturing-kpi-first-time-right.png' alt='KPI de fabricaci\u00f3n a la primera, correcto' title='' height=\"2154\" width=\"5240\"  itemprop=\"thumbnailUrl\"  \/><\/div><\/div><\/div>\n<section class=\"av_textblock_section\"  itemscope=\"itemscope\" itemtype=\"https:\/\/schema.org\/CreativeWork\" ><div class='avia_textblock'   itemprop=\"text\" ><p><strong>\u00bfLe interesa saber c\u00f3mo la soluci\u00f3n para trabajadores conectados de Augmentir puede ayudarle a conectar digitalmente y optimizar sus operaciones de fabricaci\u00f3n? Cont\u00e1ctenos para obtener m\u00e1s informaci\u00f3n. <a href=\"https:\/\/www.augmentir.com\/request-a-demo\">demostraci\u00f3n gratuita<\/a>.<\/strong><\/p>\n<\/div><\/section>\n<\/div><\/div><\/div><!-- close content main div --><\/div><\/div><div id='after_section_6'  class='main_color av_default_container_wrap container_wrap sidebar_right' style=' '  ><div class='container' ><div class='template-page content  av-content-small alpha units'><div class='post-entry post-entry-type-page post-entry-13408'><div class='entry-content-wrapper clearfix'>","protected":false},"excerpt":{"rendered":"","protected":false},"author":1,"featured_media":0,"parent":11161,"menu_order":0,"comment_status":"closed","ping_status":"closed","template":"","meta":{"inline_featured_image":false,"_lmt_disableupdate":"no","_lmt_disable":"","footnotes":""},"class_list":["post-13408","page","type-page","status-publish","hentry"],"yoast_head":"<!-- This site is optimized with the Yoast SEO plugin v27.2 - https:\/\/yoast.com\/product\/yoast-seo-wordpress\/ -->\n<title>What is Operational Agility and Why is it Important? - Augmentir<\/title>\n<meta name=\"description\" content=\"Learn what operational agility is and how it can give you a competitive edge in today\u2019s changing market from Augmentir.\" \/>\n<meta name=\"robots\" content=\"index, follow, max-snippet:-1, max-image-preview:large, max-video-preview:-1\" \/>\n<link rel=\"canonical\" href=\"https:\/\/www.augmentir.com\/es\/glossary\/what-operational-agility\" \/>\n<meta property=\"og:locale\" content=\"es_ES\" \/>\n<meta property=\"og:type\" content=\"article\" \/>\n<meta property=\"og:title\" content=\"What is Operational Agility and Why is it Important? - Augmentir\" \/>\n<meta property=\"og:description\" content=\"Learn what operational agility is and how it can give you a competitive edge in today\u2019s changing market from Augmentir.\" \/>\n<meta property=\"og:url\" content=\"https:\/\/www.augmentir.com\/es\/glossary\/what-operational-agility\" \/>\n<meta property=\"og:site_name\" content=\"Augmentir\" \/>\n<meta property=\"article:modified_time\" content=\"2024-12-20T18:00:37+00:00\" \/>\n<meta name=\"twitter:card\" content=\"summary_large_image\" \/>\n<meta name=\"twitter:site\" content=\"@augmentir\" \/>\n<script type=\"application\/ld+json\" class=\"yoast-schema-graph\">{\"@context\":\"https:\/\/schema.org\",\"@graph\":[{\"@type\":\"WebPage\",\"@id\":\"https:\/\/www.augmentir.com\/glossary\/what-operational-agility\",\"url\":\"https:\/\/www.augmentir.com\/glossary\/what-operational-agility\",\"name\":\"What is Operational Agility and Why is it Important? - Augmentir\",\"isPartOf\":{\"@id\":\"https:\/\/www.augmentir.com\/#website\"},\"datePublished\":\"2023-04-23T01:40:28+00:00\",\"dateModified\":\"2024-12-20T18:00:37+00:00\",\"description\":\"Learn what operational agility is and how it can give you a competitive edge in today\u2019s changing market from Augmentir.\",\"breadcrumb\":{\"@id\":\"https:\/\/www.augmentir.com\/glossary\/what-operational-agility#breadcrumb\"},\"inLanguage\":\"es\",\"potentialAction\":[{\"@type\":\"ReadAction\",\"target\":[\"https:\/\/www.augmentir.com\/glossary\/what-operational-agility\"]}]},{\"@type\":\"BreadcrumbList\",\"@id\":\"https:\/\/www.augmentir.com\/glossary\/what-operational-agility#breadcrumb\",\"itemListElement\":[{\"@type\":\"ListItem\",\"position\":1,\"name\":\"Home\",\"item\":\"https:\/\/www.augmentir.com\/\"},{\"@type\":\"ListItem\",\"position\":2,\"name\":\"Topics\",\"item\":\"https:\/\/www.augmentir.com\/glossary\"},{\"@type\":\"ListItem\",\"position\":3,\"name\":\"What is Operational Agility and Why is it Important?\"}]},{\"@type\":\"WebSite\",\"@id\":\"https:\/\/www.augmentir.com\/#website\",\"url\":\"https:\/\/www.augmentir.com\/\",\"name\":\"Augmentir\",\"description\":\"AI-Powered Connected Worker Platform\",\"publisher\":{\"@id\":\"https:\/\/www.augmentir.com\/#organization\"},\"potentialAction\":[{\"@type\":\"SearchAction\",\"target\":{\"@type\":\"EntryPoint\",\"urlTemplate\":\"https:\/\/www.augmentir.com\/?s={search_term_string}\"},\"query-input\":{\"@type\":\"PropertyValueSpecification\",\"valueRequired\":true,\"valueName\":\"search_term_string\"}}],\"inLanguage\":\"es\"},{\"@type\":\"Organization\",\"@id\":\"https:\/\/www.augmentir.com\/#organization\",\"name\":\"Augmentir, Inc.\",\"url\":\"https:\/\/www.augmentir.com\/\",\"logo\":{\"@type\":\"ImageObject\",\"inLanguage\":\"es\",\"@id\":\"https:\/\/www.augmentir.com\/#\/schema\/logo\/image\/\",\"url\":\"https:\/\/www.augmentir.com\/wp-content\/uploads\/2021\/10\/Augmentir_Logo.svg\",\"contentUrl\":\"https:\/\/www.augmentir.com\/wp-content\/uploads\/2021\/10\/Augmentir_Logo.svg\",\"width\":\"1200\",\"height\":\"1200\",\"caption\":\"Augmentir, Inc.\"},\"image\":{\"@id\":\"https:\/\/www.augmentir.com\/#\/schema\/logo\/image\/\"},\"sameAs\":[\"https:\/\/x.com\/augmentir\",\"https:\/\/www.linkedin.com\/company\/augmentir\"]}]}<\/script>\n<!-- \/ Yoast SEO plugin. -->","yoast_head_json":{"title":"What is Operational Agility and Why is it Important? - Augmentir","description":"Learn what operational agility is and how it can give you a competitive edge in today\u2019s changing market from Augmentir.","robots":{"index":"index","follow":"follow","max-snippet":"max-snippet:-1","max-image-preview":"max-image-preview:large","max-video-preview":"max-video-preview:-1"},"canonical":"https:\/\/www.augmentir.com\/es\/glossary\/what-operational-agility","og_locale":"es_ES","og_type":"article","og_title":"What is Operational Agility and Why is it Important? - Augmentir","og_description":"Learn what operational agility is and how it can give you a competitive edge in today\u2019s changing market from Augmentir.","og_url":"https:\/\/www.augmentir.com\/es\/glossary\/what-operational-agility","og_site_name":"Augmentir","article_modified_time":"2024-12-20T18:00:37+00:00","twitter_card":"summary_large_image","twitter_site":"@augmentir","schema":{"@context":"https:\/\/schema.org","@graph":[{"@type":"WebPage","@id":"https:\/\/www.augmentir.com\/glossary\/what-operational-agility","url":"https:\/\/www.augmentir.com\/glossary\/what-operational-agility","name":"What is Operational Agility and Why is it Important? - Augmentir","isPartOf":{"@id":"https:\/\/www.augmentir.com\/#website"},"datePublished":"2023-04-23T01:40:28+00:00","dateModified":"2024-12-20T18:00:37+00:00","description":"Learn what operational agility is and how it can give you a competitive edge in today\u2019s changing market from Augmentir.","breadcrumb":{"@id":"https:\/\/www.augmentir.com\/glossary\/what-operational-agility#breadcrumb"},"inLanguage":"es","potentialAction":[{"@type":"ReadAction","target":["https:\/\/www.augmentir.com\/glossary\/what-operational-agility"]}]},{"@type":"BreadcrumbList","@id":"https:\/\/www.augmentir.com\/glossary\/what-operational-agility#breadcrumb","itemListElement":[{"@type":"ListItem","position":1,"name":"Home","item":"https:\/\/www.augmentir.com\/"},{"@type":"ListItem","position":2,"name":"Topics","item":"https:\/\/www.augmentir.com\/glossary"},{"@type":"ListItem","position":3,"name":"What is Operational Agility and Why is it Important?"}]},{"@type":"WebSite","@id":"https:\/\/www.augmentir.com\/#website","url":"https:\/\/www.augmentir.com\/","name":"Augmentir","description":"AI-Powered Connected Worker Platform","publisher":{"@id":"https:\/\/www.augmentir.com\/#organization"},"potentialAction":[{"@type":"SearchAction","target":{"@type":"EntryPoint","urlTemplate":"https:\/\/www.augmentir.com\/?s={search_term_string}"},"query-input":{"@type":"PropertyValueSpecification","valueRequired":true,"valueName":"search_term_string"}}],"inLanguage":"es"},{"@type":"Organization","@id":"https:\/\/www.augmentir.com\/#organization","name":"Augmentir, Inc.","url":"https:\/\/www.augmentir.com\/","logo":{"@type":"ImageObject","inLanguage":"es","@id":"https:\/\/www.augmentir.com\/#\/schema\/logo\/image\/","url":"https:\/\/www.augmentir.com\/wp-content\/uploads\/2021\/10\/Augmentir_Logo.svg","contentUrl":"https:\/\/www.augmentir.com\/wp-content\/uploads\/2021\/10\/Augmentir_Logo.svg","width":"1200","height":"1200","caption":"Augmentir, Inc."},"image":{"@id":"https:\/\/www.augmentir.com\/#\/schema\/logo\/image\/"},"sameAs":["https:\/\/x.com\/augmentir","https:\/\/www.linkedin.com\/company\/augmentir"]}]}},"_links":{"self":[{"href":"https:\/\/www.augmentir.com\/es\/wp-json\/wp\/v2\/pages\/13408","targetHints":{"allow":["GET"]}}],"collection":[{"href":"https:\/\/www.augmentir.com\/es\/wp-json\/wp\/v2\/pages"}],"about":[{"href":"https:\/\/www.augmentir.com\/es\/wp-json\/wp\/v2\/types\/page"}],"author":[{"embeddable":true,"href":"https:\/\/www.augmentir.com\/es\/wp-json\/wp\/v2\/users\/1"}],"replies":[{"embeddable":true,"href":"https:\/\/www.augmentir.com\/es\/wp-json\/wp\/v2\/comments?post=13408"}],"version-history":[{"count":0,"href":"https:\/\/www.augmentir.com\/es\/wp-json\/wp\/v2\/pages\/13408\/revisions"}],"up":[{"embeddable":true,"href":"https:\/\/www.augmentir.com\/es\/wp-json\/wp\/v2\/pages\/11161"}],"wp:attachment":[{"href":"https:\/\/www.augmentir.com\/es\/wp-json\/wp\/v2\/media?parent=13408"}],"curies":[{"name":"wp","href":"https:\/\/api.w.org\/{rel}","templated":true}]}}