{"id":13370,"date":"2023-03-23T16:03:28","date_gmt":"2023-03-23T16:03:28","guid":{"rendered":"https:\/\/www.augmentir.com\/?page_id=13370"},"modified":"2025-06-09T00:57:10","modified_gmt":"2025-06-09T00:57:10","slug":"best-practices-techniques","status":"publish","type":"page","link":"https:\/\/www.augmentir.com\/es\/world-class-manufacturing\/best-practices-techniques","title":{"rendered":"Mejores pr\u00e1cticas y t\u00e9cnicas de fabricaci\u00f3n de clase mundial"},"content":{"rendered":"<div id='av_section_1'  class='avia-section main_color avia-section-small avia-no-border-styling avia-bg-style-scroll  avia-builder-el-0  el_before_av_section  avia-builder-el-first  glossary-container  container_wrap sidebar_right' style=' margin-top:10px; margin-bottom:0px; '  ><div class='container' ><main  role=\"main\" itemprop=\"mainContentOfPage\"  class='template-page content  av-content-small alpha units'><div class='post-entry post-entry-type-page post-entry-13370'><div class='entry-content-wrapper clearfix'>\n<div class=\"flex_column av_one_full  flex_column_div av-zero-column-padding first  avia-builder-el-1  avia-builder-el-no-sibling\" style='border-radius:0px; '><p><div  style='padding-bottom:10px; margin-top:16px; font-size:44px;' class='av-special-heading av-special-heading-h1  blockquote modern-quote  avia-builder-el-2  el_before_av_textblock  avia-builder-el-first  av-inherit-size'><h1 class='av-special-heading-tag'  itemprop=\"headline\"  >Mejores pr\u00e1cticas y t\u00e9cnicas de fabricaci\u00f3n de clase mundial<\/h1><div class='special-heading-border'><div class='special-heading-inner-border' ><\/div><\/div><\/div><br \/>\n<section class=\"av_textblock_section\"  itemscope=\"itemscope\" itemtype=\"https:\/\/schema.org\/CreativeWork\" ><div class='avia_textblock'   itemprop=\"text\" ><p>La manufactura de clase mundial (CMM) es una estrategia organizacional para crear los mejores y m\u00e1s econ\u00f3micos servicios o bienes de manera oportuna. En resumen, se trata de garantizar productos excelentes, entregas puntuales y precios asequibles para mantener la competitividad de las empresas manufactureras en el mercado actual, en constante evoluci\u00f3n.<\/p>\n<p>Esto se puede lograr implementando las mejores pr\u00e1cticas y t\u00e9cnicas de WCM en el taller para maximizar la productividad y el rendimiento de los trabajadores. La mejora continua de los productos, los procedimientos y las operaciones diarias permite a las empresas obtener una ventaja competitiva en el mercado global.<\/p>\n<p>Obtenga m\u00e1s informaci\u00f3n sobre las mejores pr\u00e1cticas y t\u00e9cnicas de WCM en los temas siguientes:<\/p>\n<ul>\n<li><a href=\"#world-class-manufacturing-best-practices\">Mejores pr\u00e1cticas de fabricaci\u00f3n de clase mundial<\/a><\/li>\n<li><a href=\"#world-class-manufacturing-techniques\">T\u00e9cnicas de fabricaci\u00f3n de clase mundial<\/a><\/li>\n<li><a href=\"#benefits-of-wcm-best-practices-and-techniques\">Beneficios de las mejores pr\u00e1cticas y t\u00e9cnicas de WCM<\/a><\/li>\n<\/ul>\n<\/div><\/section><br \/>\n<div  class='avia-image-container  av-styling-    avia-builder-el-4  el_after_av_textblock  avia-builder-el-last  avia-align-center'  itemprop=\"image\" itemscope=\"itemscope\" itemtype=\"https:\/\/schema.org\/ImageObject\"  ><div class='avia-image-container-inner'><div class='avia-image-overlay-wrap'><img class='avia_image' src='https:\/\/www.augmentir.com\/wp-content\/uploads\/2023\/03\/wcm-vs-lean.jpg' alt='WCM frente a Lean' title='' height=\"630\" width=\"1200\"  itemprop=\"thumbnailUrl\"  \/><\/div><\/div><\/div><\/p><\/div>\n\n<\/div><\/div><\/main><!-- close content main element --><\/div><\/div><div id='world-class-manufacturing-best-practices'  class='avia-section main_color avia-section-no-padding avia-no-border-styling avia-bg-style-scroll  avia-builder-el-5  el_after_av_section  el_before_av_section  glossary-container  container_wrap sidebar_right' style=' '  ><div class='container' ><div class='template-page content  av-content-small alpha units'><div class='post-entry post-entry-type-page post-entry-13370'><div class='entry-content-wrapper clearfix'>\n<div class=\"flex_column av_one_full  flex_column_div av-zero-column-padding first  avia-builder-el-6  avia-builder-el-no-sibling\" style='border-radius:0px; '><p><div  style='padding-bottom:10px; font-size:32px;' class='av-special-heading av-special-heading-h2  blockquote modern-quote  avia-builder-el-7  el_before_av_textblock  avia-builder-el-first  av-inherit-size'><h2 class='av-special-heading-tag'  itemprop=\"headline\"  >Mejores pr\u00e1cticas de fabricaci\u00f3n de clase mundial<\/h2><div class='special-heading-border'><div class='special-heading-inner-border' ><\/div><\/div><\/div><br \/>\n<section class=\"av_textblock_section\"  itemscope=\"itemscope\" itemtype=\"https:\/\/schema.org\/CreativeWork\" ><div class='avia_textblock'   itemprop=\"text\" ><p>Aprovechando los beneficios de <a href=\"https:\/\/www.augmentir.com\/world-class-manufacturing\">fabricaci\u00f3n de clase mundial<\/a> Depende de qu\u00e9 tan bien una empresa incorpore la gesti\u00f3n de calidad total y la manufactura esbelta. Estas dos filosof\u00edas se basan en la idea de que cada trabajador debe contribuir a minimizar el desperdicio y maximizar la producci\u00f3n para impulsar los procesos operativos.<\/p>\n<p>Esto se puede lograr ejecutando algunas de las siguientes pr\u00e1cticas recomendadas de WCM:<\/p>\n<ul>\n<li><strong>Estandarizar y automatizar procedimientos<\/strong> <strong>y operaciones diarias<\/strong> para mejorar la calidad de los procesos de fabricaci\u00f3n y garantizar la consistencia y la calidad.<\/li>\n<li><strong>Aumentar el compromiso de los empleados <\/strong>para garantizar que todo el personal, desde los trabajadores de planta hasta la gerencia, creen y entreguen productos de alta calidad a los clientes.<\/li>\n<li><strong>Aplicar mantenimiento preventivo <\/strong>para evitar aver\u00edas en la maquinaria y reducir el tiempo de inactividad de los equipos y de los empleados.<\/li>\n<li><strong>Utilice herramientas visuales <\/strong>como los tableros Kanban y <a href=\"https:\/\/www.augmentir.com\/glossary\/andon\">Sistemas Andon<\/a> para mostrar d\u00f3nde se encuentra cada producto en el proceso de producci\u00f3n.<\/li>\n<li><strong>Esforzarse por la mejora continua <\/strong>capacitar a los trabajadores para solucionar problemas y resolverlos en cualquier etapa del proceso de fabricaci\u00f3n.<\/li>\n<\/ul>\n<p>Implementar estas buenas pr\u00e1cticas puede contribuir a crear una plantilla m\u00e1s completa y eficiente. Demuestra que la empresa valora la satisfacci\u00f3n del cliente y permite a los trabajadores seguir mejorando cada aspecto del proceso de producci\u00f3n, desde la creaci\u00f3n del producto hasta su distribuci\u00f3n.<\/p>\n<\/div><\/section><\/p><\/div><\/div><\/div><\/div><!-- close content main div --><\/div><\/div><div id='world-class-manufacturing-techniques'  class='avia-section main_color avia-section-no-padding avia-no-border-styling avia-bg-style-scroll  avia-builder-el-9  el_after_av_section  el_before_av_section  glossary-container  container_wrap sidebar_right' style=' '  ><div class='container' ><div class='template-page content  av-content-small alpha units'><div class='post-entry post-entry-type-page post-entry-13370'><div class='entry-content-wrapper clearfix'>\n<div class=\"flex_column av_one_full  flex_column_div av-zero-column-padding first  avia-builder-el-10  avia-builder-el-no-sibling\" style='border-radius:0px; '><p><div  style='padding-bottom:10px; font-size:32px;' class='av-special-heading av-special-heading-h2  blockquote modern-quote  avia-builder-el-11  el_before_av_textblock  avia-builder-el-first  av-inherit-size'><h2 class='av-special-heading-tag'  itemprop=\"headline\"  >T\u00e9cnicas de fabricaci\u00f3n de clase mundial<\/h2><div class='special-heading-border'><div class='special-heading-inner-border' ><\/div><\/div><\/div><br \/>\n<section class=\"av_textblock_section\"  itemscope=\"itemscope\" itemtype=\"https:\/\/schema.org\/CreativeWork\" ><div class='avia_textblock'   itemprop=\"text\" ><p>Tambi\u00e9n hay varias t\u00e9cnicas de WCM que la gerencia puede implementar para aprovechar las mejores pr\u00e1cticas mencionadas anteriormente e impulsar las operaciones del taller.<\/p>\n<p>Algunos de ellos incluyen:<\/p>\n<ul>\n<li><a href=\"https:\/\/www.augmentir.com\/lean-manufacturing\"><strong>Fabricaci\u00f3n esbelta<\/strong><\/a> para reducir rechazos de productos, deficiencias, sobreproducci\u00f3n, tiempos de inactividad y m\u00e1s.<\/li>\n<li><a href=\"https:\/\/www.augmentir.com\/de\/glossary\/what-is-total-productive-maintenance\"><strong>Mantenimiento productivo total<\/strong><\/a> Optimizar la disponibilidad y el rendimiento del equipo asegur\u00e1ndose de que cada miembro del equipo est\u00e9 haciendo su parte para reducir el desperdicio.<\/li>\n<li><strong>Seis Sigma<\/strong> Disminuir los errores de producci\u00f3n mediante el uso de herramientas estad\u00edsticas y an\u00e1lisis de datos para identificar \u00e1reas de mejora.<\/li>\n<li><a href=\"https:\/\/www.augmentir.com\/glossary\/what-is-kaizen-continuous-improvement\"><strong>Kaizen<\/strong><\/a> para impulsar las operaciones de la l\u00ednea de montaje en cada etapa del proceso de producci\u00f3n.<\/li>\n<li><strong>Kanban<\/strong> (un sistema de gesti\u00f3n de proyectos de tarjetas de ayuda visual que enumeran informaci\u00f3n importante de las tareas) para ayudar a mostrar los diferentes niveles del proceso de fabricaci\u00f3n.<\/li>\n<\/ul>\n<\/div><\/section><br \/>\n<div  class='avia-image-container  av-styling-no-styling    avia-builder-el-13  el_after_av_textblock  avia-builder-el-last  product-feature-image avia-align-center'  itemprop=\"image\" itemscope=\"itemscope\" itemtype=\"https:\/\/schema.org\/ImageObject\"  ><div class='avia-image-container-inner'><div class='avia-image-overlay-wrap'><img class='avia_image' src='https:\/\/www.augmentir.com\/wp-content\/uploads\/2023\/02\/collaboration-communication.png' alt='colaboraci\u00f3n en software de gesti\u00f3n de activos' title='' height=\"1762\" width=\"2593\"  itemprop=\"thumbnailUrl\"  \/><\/div><\/div><\/div><\/p><\/div>\n<\/p>\n<\/div><\/div><\/div><!-- close content main div --><\/div><\/div><div id='benefits-of-wcm-best-practices-and-techniques'  class='avia-section main_color avia-section-no-padding avia-no-border-styling avia-bg-style-scroll  avia-builder-el-14  el_after_av_section  el_before_av_section  glossary-container  container_wrap sidebar_right' style=' '  ><div class='container' ><div class='template-page content  av-content-small alpha units'><div class='post-entry post-entry-type-page post-entry-13370'><div class='entry-content-wrapper clearfix'>\n<div class=\"flex_column av_one_full  flex_column_div av-zero-column-padding first  avia-builder-el-15  avia-builder-el-no-sibling\" style='border-radius:0px; '><p><div  style='padding-bottom:10px; font-size:32px;' class='av-special-heading av-special-heading-h2  blockquote modern-quote  avia-builder-el-16  el_before_av_textblock  avia-builder-el-first  av-inherit-size'><h2 class='av-special-heading-tag'  itemprop=\"headline\"  >Beneficios de las mejores pr\u00e1cticas y t\u00e9cnicas de WCM<\/h2><div class='special-heading-border'><div class='special-heading-inner-border' ><\/div><\/div><\/div><br \/>\n<section class=\"av_textblock_section\"  itemscope=\"itemscope\" itemtype=\"https:\/\/schema.org\/CreativeWork\" ><div class='avia_textblock'   itemprop=\"text\" ><p>Las t\u00e9cnicas de fabricaci\u00f3n de vanguardia y las mejores pr\u00e1cticas est\u00e1n dise\u00f1adas para guiar a la gerencia en la creaci\u00f3n de un lugar de trabajo bien organizado y eficiente. Si se implementan correctamente, pueden mejorar significativamente la forma en que los fabricantes fabrican, entregan y operan diariamente.<\/p>\n<p>Los beneficios de implementar los m\u00e9todos y estrategias anteriores incluyen los siguientes:<\/p>\n<ul>\n<li><strong>Ayuda a eliminar los desechos<\/strong> mediante la estandarizaci\u00f3n y optimizaci\u00f3n de tareas y procesos automatizados para aumentar la eficiencia de la fabricaci\u00f3n.<\/li>\n<li><strong>Mejora la satisfacci\u00f3n del cliente<\/strong> ejecutando cuidadosamente la creaci\u00f3n y entrega del producto para satisfacer las demandas del cliente.<\/li>\n<li><strong>Reduce los accidentes laborales<\/strong> mediante el mantenimiento preventivo y el mantenimiento b\u00e1sico de la m\u00e1quina.<\/li>\n<li><strong>Cultiva la productividad de los trabajadores<\/strong> mejorando la forma en que se gestionan las tareas cotidianas.<\/li>\n<li><strong>Reduce costes y aumenta beneficios<\/strong> eliminando procesos innecesarios, rechazos de productos y materias primas innecesarias.<\/li>\n<li><strong>Proporciona a las empresas una ventaja competitiva<\/strong> reduciendo el n\u00famero de productos defectuosos para satisfacer las expectativas de los consumidores.<\/li>\n<\/ul>\n<p>Augmentir puede ayudar a su empresa a implementar las mejores pr\u00e1cticas y t\u00e9cnicas de fabricaci\u00f3n de primer nivel mediante nuestra soluci\u00f3n de vanguardia para trabajadores conectados. Nuestro software basado en IA ha ayudado a miles de trabajadores industriales a maximizar la producci\u00f3n y reducir los errores de producci\u00f3n.<\/p>\n<p><strong>\u00a1Perm\u00edtanos ayudarle a convertir su negocio en una plataforma digital! Solicite una <a href=\"https:\/\/www.augmentir.com\/request-a-demo\">demostraci\u00f3n en vivo<\/a> hoy.<\/strong><\/p>\n<\/div><\/section><\/p><\/div>\n\n<\/div><\/div><\/div><!-- close content main div --><\/div><\/div><div id='av_section_5'  class='avia-section main_color avia-section-no-padding avia-no-border-styling avia-bg-style-scroll  avia-builder-el-18  el_after_av_section  avia-builder-el-last   container_wrap sidebar_right' style=' '  ><div class='container' ><div class='template-page content  av-content-small alpha units'><div class='post-entry post-entry-type-page post-entry-13370'><div class='entry-content-wrapper clearfix'><\/div><\/div><\/div><!-- close content main div --><\/div><\/div><div id='after_section_5'  class='main_color av_default_container_wrap container_wrap sidebar_right' style=' '  ><div class='container' ><div class='template-page content  av-content-small alpha units'><div class='post-entry post-entry-type-page post-entry-13370'><div class='entry-content-wrapper clearfix'>","protected":false},"excerpt":{"rendered":"","protected":false},"author":1,"featured_media":0,"parent":13330,"menu_order":0,"comment_status":"closed","ping_status":"closed","template":"","meta":{"inline_featured_image":false,"_lmt_disableupdate":"no","_lmt_disable":"","footnotes":""},"class_list":["post-13370","page","type-page","status-publish","hentry"],"yoast_head":"<!-- This site is optimized with the Yoast SEO plugin v27.2 - https:\/\/yoast.com\/product\/yoast-seo-wordpress\/ -->\n<title>World Class Manufacturing Best Practices and Techniques - Augmentir<\/title>\n<meta name=\"description\" content=\"Learn about world class manufacturing best practices and techniques to improve products, procedures, and everyday operations from Augmentir.\" \/>\n<meta name=\"robots\" content=\"index, follow, max-snippet:-1, max-image-preview:large, max-video-preview:-1\" \/>\n<link rel=\"canonical\" href=\"https:\/\/www.augmentir.com\/es\/world-class-manufacturing\/best-practices-techniques\" \/>\n<meta property=\"og:locale\" content=\"es_ES\" \/>\n<meta property=\"og:type\" content=\"article\" \/>\n<meta property=\"og:title\" content=\"World Class Manufacturing Best Practices and Techniques - Augmentir\" \/>\n<meta property=\"og:description\" content=\"Learn about world class manufacturing best practices and techniques to improve products, procedures, and everyday operations from Augmentir.\" \/>\n<meta property=\"og:url\" content=\"https:\/\/www.augmentir.com\/es\/world-class-manufacturing\/best-practices-techniques\" \/>\n<meta property=\"og:site_name\" content=\"Augmentir\" \/>\n<meta property=\"article:modified_time\" content=\"2025-06-09T00:57:10+00:00\" \/>\n<meta name=\"twitter:card\" content=\"summary_large_image\" \/>\n<meta name=\"twitter:site\" content=\"@augmentir\" \/>\n<script type=\"application\/ld+json\" class=\"yoast-schema-graph\">{\"@context\":\"https:\/\/schema.org\",\"@graph\":[{\"@type\":\"WebPage\",\"@id\":\"https:\/\/www.augmentir.com\/world-class-manufacturing\/best-practices-techniques\",\"url\":\"https:\/\/www.augmentir.com\/world-class-manufacturing\/best-practices-techniques\",\"name\":\"World Class Manufacturing Best Practices and Techniques - Augmentir\",\"isPartOf\":{\"@id\":\"https:\/\/www.augmentir.com\/#website\"},\"datePublished\":\"2023-03-23T16:03:28+00:00\",\"dateModified\":\"2025-06-09T00:57:10+00:00\",\"description\":\"Learn about world class manufacturing best practices and techniques to improve products, procedures, and everyday operations from Augmentir.\",\"breadcrumb\":{\"@id\":\"https:\/\/www.augmentir.com\/world-class-manufacturing\/best-practices-techniques#breadcrumb\"},\"inLanguage\":\"es\",\"potentialAction\":[{\"@type\":\"ReadAction\",\"target\":[\"https:\/\/www.augmentir.com\/world-class-manufacturing\/best-practices-techniques\"]}]},{\"@type\":\"BreadcrumbList\",\"@id\":\"https:\/\/www.augmentir.com\/world-class-manufacturing\/best-practices-techniques#breadcrumb\",\"itemListElement\":[{\"@type\":\"ListItem\",\"position\":1,\"name\":\"Home\",\"item\":\"https:\/\/www.augmentir.com\/\"},{\"@type\":\"ListItem\",\"position\":2,\"name\":\"World Class Manufacturing (WCM) Guide\",\"item\":\"https:\/\/www.augmentir.com\/world-class-manufacturing\"},{\"@type\":\"ListItem\",\"position\":3,\"name\":\"World Class Manufacturing Best Practices and Techniques\"}]},{\"@type\":\"WebSite\",\"@id\":\"https:\/\/www.augmentir.com\/#website\",\"url\":\"https:\/\/www.augmentir.com\/\",\"name\":\"Augmentir\",\"description\":\"AI-Powered Connected Worker Platform\",\"publisher\":{\"@id\":\"https:\/\/www.augmentir.com\/#organization\"},\"potentialAction\":[{\"@type\":\"SearchAction\",\"target\":{\"@type\":\"EntryPoint\",\"urlTemplate\":\"https:\/\/www.augmentir.com\/?s={search_term_string}\"},\"query-input\":{\"@type\":\"PropertyValueSpecification\",\"valueRequired\":true,\"valueName\":\"search_term_string\"}}],\"inLanguage\":\"es\"},{\"@type\":\"Organization\",\"@id\":\"https:\/\/www.augmentir.com\/#organization\",\"name\":\"Augmentir, Inc.\",\"url\":\"https:\/\/www.augmentir.com\/\",\"logo\":{\"@type\":\"ImageObject\",\"inLanguage\":\"es\",\"@id\":\"https:\/\/www.augmentir.com\/#\/schema\/logo\/image\/\",\"url\":\"https:\/\/www.augmentir.com\/wp-content\/uploads\/2021\/10\/Augmentir_Logo.svg\",\"contentUrl\":\"https:\/\/www.augmentir.com\/wp-content\/uploads\/2021\/10\/Augmentir_Logo.svg\",\"width\":\"1200\",\"height\":\"1200\",\"caption\":\"Augmentir, Inc.\"},\"image\":{\"@id\":\"https:\/\/www.augmentir.com\/#\/schema\/logo\/image\/\"},\"sameAs\":[\"https:\/\/x.com\/augmentir\",\"https:\/\/www.linkedin.com\/company\/augmentir\"]}]}<\/script>\n<!-- \/ Yoast SEO plugin. -->","yoast_head_json":{"title":"World Class Manufacturing Best Practices and Techniques - Augmentir","description":"Learn about world class manufacturing best practices and techniques to improve products, procedures, and everyday operations from Augmentir.","robots":{"index":"index","follow":"follow","max-snippet":"max-snippet:-1","max-image-preview":"max-image-preview:large","max-video-preview":"max-video-preview:-1"},"canonical":"https:\/\/www.augmentir.com\/es\/world-class-manufacturing\/best-practices-techniques","og_locale":"es_ES","og_type":"article","og_title":"World Class Manufacturing Best Practices and Techniques - Augmentir","og_description":"Learn about world class manufacturing best practices and techniques to improve products, procedures, and everyday operations from Augmentir.","og_url":"https:\/\/www.augmentir.com\/es\/world-class-manufacturing\/best-practices-techniques","og_site_name":"Augmentir","article_modified_time":"2025-06-09T00:57:10+00:00","twitter_card":"summary_large_image","twitter_site":"@augmentir","schema":{"@context":"https:\/\/schema.org","@graph":[{"@type":"WebPage","@id":"https:\/\/www.augmentir.com\/world-class-manufacturing\/best-practices-techniques","url":"https:\/\/www.augmentir.com\/world-class-manufacturing\/best-practices-techniques","name":"World Class Manufacturing Best Practices and Techniques - Augmentir","isPartOf":{"@id":"https:\/\/www.augmentir.com\/#website"},"datePublished":"2023-03-23T16:03:28+00:00","dateModified":"2025-06-09T00:57:10+00:00","description":"Learn about world class manufacturing best practices and techniques to improve products, procedures, and everyday operations from Augmentir.","breadcrumb":{"@id":"https:\/\/www.augmentir.com\/world-class-manufacturing\/best-practices-techniques#breadcrumb"},"inLanguage":"es","potentialAction":[{"@type":"ReadAction","target":["https:\/\/www.augmentir.com\/world-class-manufacturing\/best-practices-techniques"]}]},{"@type":"BreadcrumbList","@id":"https:\/\/www.augmentir.com\/world-class-manufacturing\/best-practices-techniques#breadcrumb","itemListElement":[{"@type":"ListItem","position":1,"name":"Home","item":"https:\/\/www.augmentir.com\/"},{"@type":"ListItem","position":2,"name":"World Class Manufacturing (WCM) Guide","item":"https:\/\/www.augmentir.com\/world-class-manufacturing"},{"@type":"ListItem","position":3,"name":"World Class Manufacturing Best Practices and Techniques"}]},{"@type":"WebSite","@id":"https:\/\/www.augmentir.com\/#website","url":"https:\/\/www.augmentir.com\/","name":"Augmentir","description":"AI-Powered Connected Worker Platform","publisher":{"@id":"https:\/\/www.augmentir.com\/#organization"},"potentialAction":[{"@type":"SearchAction","target":{"@type":"EntryPoint","urlTemplate":"https:\/\/www.augmentir.com\/?s={search_term_string}"},"query-input":{"@type":"PropertyValueSpecification","valueRequired":true,"valueName":"search_term_string"}}],"inLanguage":"es"},{"@type":"Organization","@id":"https:\/\/www.augmentir.com\/#organization","name":"Augmentir, Inc.","url":"https:\/\/www.augmentir.com\/","logo":{"@type":"ImageObject","inLanguage":"es","@id":"https:\/\/www.augmentir.com\/#\/schema\/logo\/image\/","url":"https:\/\/www.augmentir.com\/wp-content\/uploads\/2021\/10\/Augmentir_Logo.svg","contentUrl":"https:\/\/www.augmentir.com\/wp-content\/uploads\/2021\/10\/Augmentir_Logo.svg","width":"1200","height":"1200","caption":"Augmentir, Inc."},"image":{"@id":"https:\/\/www.augmentir.com\/#\/schema\/logo\/image\/"},"sameAs":["https:\/\/x.com\/augmentir","https:\/\/www.linkedin.com\/company\/augmentir"]}]}},"_links":{"self":[{"href":"https:\/\/www.augmentir.com\/es\/wp-json\/wp\/v2\/pages\/13370","targetHints":{"allow":["GET"]}}],"collection":[{"href":"https:\/\/www.augmentir.com\/es\/wp-json\/wp\/v2\/pages"}],"about":[{"href":"https:\/\/www.augmentir.com\/es\/wp-json\/wp\/v2\/types\/page"}],"author":[{"embeddable":true,"href":"https:\/\/www.augmentir.com\/es\/wp-json\/wp\/v2\/users\/1"}],"replies":[{"embeddable":true,"href":"https:\/\/www.augmentir.com\/es\/wp-json\/wp\/v2\/comments?post=13370"}],"version-history":[{"count":0,"href":"https:\/\/www.augmentir.com\/es\/wp-json\/wp\/v2\/pages\/13370\/revisions"}],"up":[{"embeddable":true,"href":"https:\/\/www.augmentir.com\/es\/wp-json\/wp\/v2\/pages\/13330"}],"wp:attachment":[{"href":"https:\/\/www.augmentir.com\/es\/wp-json\/wp\/v2\/media?parent=13370"}],"curies":[{"name":"wp","href":"https:\/\/api.w.org\/{rel}","templated":true}]}}