{"id":13369,"date":"2023-03-23T15:40:22","date_gmt":"2023-03-23T15:40:22","guid":{"rendered":"https:\/\/www.augmentir.com\/?page_id=13369"},"modified":"2025-05-17T03:10:28","modified_gmt":"2025-05-17T03:10:28","slug":"tools-software","status":"publish","type":"page","link":"https:\/\/www.augmentir.com\/es\/world-class-manufacturing\/tools-software","title":{"rendered":"Herramientas y software de fabricaci\u00f3n de clase mundial"},"content":{"rendered":"<div id='av_section_1'  class='avia-section main_color avia-section-small avia-no-border-styling avia-bg-style-scroll  avia-builder-el-0  el_before_av_section  avia-builder-el-first  glossary-container  container_wrap sidebar_right' style=' margin-top:10px; margin-bottom:0px; '  ><div class='container' ><main  role=\"main\" itemprop=\"mainContentOfPage\"  class='template-page content  av-content-small alpha units'><div class='post-entry post-entry-type-page post-entry-13369'><div class='entry-content-wrapper clearfix'>\n<div class=\"flex_column av_one_full  flex_column_div av-zero-column-padding first  avia-builder-el-1  avia-builder-el-no-sibling\" style='border-radius:0px; '><p><div  style='padding-bottom:10px; margin-top:16px; font-size:44px;' class='av-special-heading av-special-heading-h1  blockquote modern-quote  avia-builder-el-2  el_before_av_textblock  avia-builder-el-first  av-inherit-size'><h1 class='av-special-heading-tag'  itemprop=\"headline\"  >Herramientas y software de fabricaci\u00f3n de clase mundial<\/h1><div class='special-heading-border'><div class='special-heading-inner-border' ><\/div><\/div><\/div><br \/>\n<section class=\"av_textblock_section\"  itemscope=\"itemscope\" itemtype=\"https:\/\/schema.org\/CreativeWork\" ><div class='avia_textblock'   itemprop=\"text\" ><p>La implementaci\u00f3n de herramientas y software de manufactura de clase mundial (WCM) puede transformar dr\u00e1sticamente la forma en que las empresas manufactureras gestionan sus operaciones diarias. Desde el uso de gr\u00e1ficos de control estad\u00edstico para supervisar las diferentes etapas de un proceso de producci\u00f3n hasta la incorporaci\u00f3n de software con inteligencia artificial para digitalizar y optimizar los procedimientos de planta, los l\u00edderes de la industria se est\u00e1n orientando hacia la nueva era de la digitalizaci\u00f3n.<\/p>\n<p>Pero \u00bfqu\u00e9 es exactamente WCM? Esta ideolog\u00eda de gesti\u00f3n se centra en el desarrollo de bienes o servicios oportunos y de alta calidad para mejorar la satisfacci\u00f3n del cliente. El software y las herramientas de WCM contribuyen a este proceso, ayudando a los trabajadores a maximizar la productividad y reducir los defectos de los productos.<\/p>\n<p>En resumen: los fabricantes deben adoptar nuevas tecnolog\u00edas digitales en sus plantas de producci\u00f3n para mantenerse a la vanguardia de la competencia. Descubra m\u00e1s sobre algunas de las herramientas y software de gesti\u00f3n de la cadena de suministro m\u00e1s importantes explorando las siguientes secciones:<\/p>\n<ul>\n<li><a href=\"#world-class-manufacturing-tools\">Herramientas de fabricaci\u00f3n de clase mundial<\/a><\/li>\n<li><a href=\"#benefits-of-wcm-tools\">Beneficios de las herramientas WCM<\/a><\/li>\n<li><a href=\"#world-class-manufacturing-software-and-how-augmentir-can-help\">Software de fabricaci\u00f3n de clase mundial y c\u00f3mo Augmentir puede ayudar<\/a><\/li>\n<\/ul>\n<\/div><\/section><br \/>\n<div  class='avia-image-container  av-styling-    avia-builder-el-4  el_after_av_textblock  avia-builder-el-last  avia-align-center'  itemprop=\"image\" itemscope=\"itemscope\" itemtype=\"https:\/\/schema.org\/ImageObject\"  ><div class='avia-image-container-inner'><div class='avia-image-overlay-wrap'><img class='avia_image' src='https:\/\/www.augmentir.com\/wp-content\/uploads\/2023\/02\/product-connected-worker-suite-complete.png' alt='Suite de trabajadores conectados de Augmentir' title='' height=\"2154\" width=\"5240\"  itemprop=\"thumbnailUrl\"  \/><\/div><\/div><\/div><\/p><\/div>\n\n<\/div><\/div><\/main><!-- close content main element --><\/div><\/div><div id='world-class-manufacturing-tools'  class='avia-section main_color avia-section-no-padding avia-no-border-styling avia-bg-style-scroll  avia-builder-el-5  el_after_av_section  el_before_av_section  glossary-container  container_wrap sidebar_right' style=' '  ><div class='container' ><div class='template-page content  av-content-small alpha units'><div class='post-entry post-entry-type-page post-entry-13369'><div class='entry-content-wrapper clearfix'>\n<div class=\"flex_column av_one_full  flex_column_div av-zero-column-padding first  avia-builder-el-6  avia-builder-el-no-sibling\" style='border-radius:0px; '><p><div  style='padding-bottom:10px; font-size:32px;' class='av-special-heading av-special-heading-h2  blockquote modern-quote  avia-builder-el-7  el_before_av_textblock  avia-builder-el-first  av-inherit-size'><h2 class='av-special-heading-tag'  itemprop=\"headline\"  >Herramientas de fabricaci\u00f3n de clase mundial<\/h2><div class='special-heading-border'><div class='special-heading-inner-border' ><\/div><\/div><\/div><br \/>\n<section class=\"av_textblock_section\"  itemscope=\"itemscope\" itemtype=\"https:\/\/schema.org\/CreativeWork\" ><div class='avia_textblock'   itemprop=\"text\" ><p>Aplicar herramientas de fabricaci\u00f3n de primera clase a sus operaciones diarias es una excelente manera de medir y analizar objetivamente los datos de la planta de producci\u00f3n. Tenga en cuenta que lograr un rendimiento de primera clase depende del uso de una combinaci\u00f3n de herramientas.<\/p>\n<p>Algunas herramientas de WCM incluyen:<\/p>\n<ul>\n<li><strong>Diagrama de flujo<\/strong>:Es un diagrama de pasos que mapea las diferentes etapas de un proceso de producci\u00f3n.<\/li>\n<li><strong>Mapeo del flujo de valor<\/strong>:Es una ayuda visual de todos los componentes necesarios para la distribuci\u00f3n del producto.<\/li>\n<li><strong>Despliegue de costos<\/strong>:Es un m\u00e9todo que identifica p\u00e9rdidas en el proceso de fabricaci\u00f3n para reducir costos.<\/li>\n<li><strong>Ciclo Planificar-Hacer-Verificar-Actuar (PDCA)<\/strong>:Es una herramienta de resoluci\u00f3n de problemas de gesti\u00f3n que mide y mejora los productos mostrando d\u00f3nde es necesario realizar cambios en un proceso espec\u00edfico.<\/li>\n<li><a href=\"https:\/\/www.augmentir.com\/glossary\/what-is-kaizen-continuous-improvement\"><strong>Kaizen<\/strong><\/a>:Es una filosof\u00eda que enfatiza la importancia de ejecutar procesos de manufactura que impulsen continuamente las operaciones.<\/li>\n<li><a href=\"https:\/\/www.augmentir.com\/glossary\/what-are-digital-sops\"><strong>Procedimientos operativos est\u00e1ndar (POE)<\/strong><\/a>Son instrucciones paso a paso para realizar las tareas diarias de producci\u00f3n. Cada vez m\u00e1s, los procedimientos operativos est\u00e1ndar (POE) se digitalizan y se ponen a disposici\u00f3n de los trabajadores a trav\u00e9s de dispositivos m\u00f3viles.<\/li>\n<li><a href=\"https:\/\/www.augmentir.com\/lean-manufacturing\"><strong>Fabricaci\u00f3n esbelta<\/strong><\/a>:Es la pr\u00e1ctica de reducir el desperdicio y maximizar la productividad de los trabajadores para mejorar las operaciones de la l\u00ednea de montaje.<\/li>\n<li><a href=\"https:\/\/www.augmentir.com\/lean-manufacturing\/techniques\"><strong>Las 5S de la fabricaci\u00f3n eficiente<\/strong><\/a>Representa una metodolog\u00eda de cinco pasos para crear y mantener un lugar de trabajo eficiente (clasificar, ordenar, pulir, estandarizar y mantener).<\/li>\n<li><a href=\"https:\/\/www.augmentir.com\/lean-manufacturing\/muda-lean-management\"><strong>Muda<\/strong><\/a>:Basado en la palabra japonesa para desperdicio, este concepto identifica siete tipos de desperdicios que deben eliminarse (sobreproducci\u00f3n, espera ociosa, movimiento de piezas innecesarias, sobreprocesamiento, inventario excesivo, movimiento innecesario de personas y piezas defectuosas).<\/li>\n<li><a href=\"https:\/\/www.augmentir.com\/glossary\/what-is-total-productive-maintenance\"><strong>Mantenimiento productivo total<\/strong><\/a>:Se centra en el uso de trabajadores, maquinaria\/equipo y procesos de apoyo para mejorar la seguridad y la calidad general de la producci\u00f3n.<\/li>\n<li><strong>Modos de fallo y efectos (FMEA)<\/strong>:Es un m\u00e9todo para analizar un proceso con el fin de detectar d\u00f3nde y c\u00f3mo podr\u00eda fallar, medir su impacto e identificar las partes que m\u00e1s necesitan mejoras.<\/li>\n<li><strong>Poka-yoke<\/strong>:Tambi\u00e9n conocida como &quot;a prueba de errores&quot;, esta herramienta de prevenci\u00f3n funciona para evitar posibles errores humanos en el trabajo.<\/li>\n<li><strong>Seis Sigma<\/strong>:Trabaja para reducir errores operativos a trav\u00e9s del an\u00e1lisis de datos y herramientas estad\u00edsticas para encontrar \u00e1reas de mejora.<\/li>\n<\/ul>\n<p>Tambi\u00e9n es importante se\u00f1alar que estas herramientas son solo algunas de las muchas que se utilizan ampliamente en los procesos de fabricaci\u00f3n.<\/p>\n<\/div><\/section><\/p><\/div><\/div><\/div><\/div><!-- close content main div --><\/div><\/div><div id='benefits-of-wcm-tools'  class='avia-section main_color avia-section-no-padding avia-no-border-styling avia-bg-style-scroll  avia-builder-el-9  el_after_av_section  el_before_av_section  glossary-container  container_wrap sidebar_right' style=' '  ><div class='container' ><div class='template-page content  av-content-small alpha units'><div class='post-entry post-entry-type-page post-entry-13369'><div class='entry-content-wrapper clearfix'>\n<div class=\"flex_column av_one_full  flex_column_div av-zero-column-padding first  avia-builder-el-10  avia-builder-el-no-sibling\" style='border-radius:0px; '><p><div  style='padding-bottom:10px; font-size:32px;' class='av-special-heading av-special-heading-h2  blockquote modern-quote  avia-builder-el-11  el_before_av_textblock  avia-builder-el-first  av-inherit-size'><h2 class='av-special-heading-tag'  itemprop=\"headline\"  >Beneficios de las herramientas WCM<\/h2><div class='special-heading-border'><div class='special-heading-inner-border' ><\/div><\/div><\/div><br \/>\n<section class=\"av_textblock_section\"  itemscope=\"itemscope\" itemtype=\"https:\/\/schema.org\/CreativeWork\" ><div class='avia_textblock'   itemprop=\"text\" ><p>Las herramientas de fabricaci\u00f3n mundial mencionadas anteriormente pueden brindar una serie de beneficios para las empresas que buscan obtener una ventaja competitiva.<\/p>\n<p>Algunos de esos beneficios incluyen:<\/p>\n<ul>\n<li>Seguimiento mejorado de datos y supervisi\u00f3n de procedimientos operativos<\/li>\n<li>Disminuci\u00f3n de costos en sobreproducci\u00f3n, materias primas, procesos derrochadores y m\u00e1s.<\/li>\n<li>Mayor flexibilidad para adaptar los procesos existentes para satisfacer la demanda de los consumidores<\/li>\n<li>Creaci\u00f3n de productos de alta calidad libres de errores y defectos.<\/li>\n<\/ul>\n<\/div><\/section><\/p><\/div>\n<\/p>\n<\/div><\/div><\/div><!-- close content main div --><\/div><\/div><div id='world-class-manufacturing-software-and-how-augmentir-can-help'  class='avia-section main_color avia-section-no-padding avia-no-border-styling avia-bg-style-scroll  avia-builder-el-13  el_after_av_section  el_before_av_section  glossary-container  container_wrap sidebar_right' style=' '  ><div class='container' ><div class='template-page content  av-content-small alpha units'><div class='post-entry post-entry-type-page post-entry-13369'><div class='entry-content-wrapper clearfix'>\n<div class=\"flex_column av_one_full  flex_column_div av-zero-column-padding first  avia-builder-el-14  avia-builder-el-no-sibling\" style='border-radius:0px; '><p><div  style='padding-bottom:10px; font-size:32px;' class='av-special-heading av-special-heading-h2  blockquote modern-quote  avia-builder-el-15  el_before_av_textblock  avia-builder-el-first  av-inherit-size'><h2 class='av-special-heading-tag'  itemprop=\"headline\"  >Software de fabricaci\u00f3n de clase mundial y c\u00f3mo Augmentir puede ayudar <\/h2><div class='special-heading-border'><div class='special-heading-inner-border' ><\/div><\/div><\/div><br \/>\n<section class=\"av_textblock_section\"  itemscope=\"itemscope\" itemtype=\"https:\/\/schema.org\/CreativeWork\" ><div class='avia_textblock'   itemprop=\"text\" ><p>Augmentir ofrece una soluci\u00f3n empresarial l\u00edder en la industria para una implementaci\u00f3n de fabricaci\u00f3n de primer nivel. Nuestra soluci\u00f3n basada en la nube... <a href=\"https:\/\/www.augmentir.com\/product\">plataforma de trabajadores conectados<\/a> Ayuda a mejorar la forma en que los fabricantes trabajan en entornos industriales.<\/p>\n<p>Este software puede ser utilizado por los supervisores de producci\u00f3n y gesti\u00f3n de operaciones para crear, asignar, gestionar y supervisar el trabajo realizado. A cambio, los trabajadores pueden ejecutar mejor el trabajo asignado diariamente.<\/p>\n<p>Nuestro software facilita la implementaci\u00f3n de las herramientas mencionadas, desde la fabricaci\u00f3n eficiente hasta los procedimientos operativos est\u00e1ndar. Por ejemplo, nuestra soluci\u00f3n para trabajadores conectados puede:<\/p>\n<ul>\n<li>Mejorar la productividad<\/li>\n<li>Reducir el tiempo de capacitaci\u00f3n de los empleados<\/li>\n<li>Reducir la repetici\u00f3n del trabajo del producto<\/li>\n<li>Reducir el tiempo de inactividad de los trabajadores y de las m\u00e1quinas<\/li>\n<\/ul>\n<p>La combinaci\u00f3n de instrucciones de trabajo digitales y soporte en tiempo real puede ayudar a las empresas manufactureras a optimizar sus procesos de producci\u00f3n para satisfacer sus necesidades espec\u00edficas. Tambi\u00e9n ayuda a los gerentes de operaciones a evaluar mejor la eficiencia de su personal e identificar \u00e1reas de mejora.<\/p>\n<p><strong>Convi\u00e9rtase en un fabricante de clase mundial con nuestra soluci\u00f3n personalizada para trabajadores conectados: solicite una <a href=\"https:\/\/www.augmentir.com\/request-a-demo\">demostraci\u00f3n en vivo<\/a> \u00a1hoy!<\/strong><\/p>\n<\/div><\/section><\/p><\/div>\n\n<\/div><\/div><\/div><!-- close content main div --><\/div><\/div><div id='av_section_5'  class='avia-section main_color avia-section-no-padding avia-no-border-styling avia-bg-style-scroll  avia-builder-el-17  el_after_av_section  avia-builder-el-last   container_wrap sidebar_right' style=' '  ><div class='container' ><div class='template-page content  av-content-small alpha units'><div class='post-entry post-entry-type-page post-entry-13369'><div class='entry-content-wrapper clearfix'><\/div><\/div><\/div><!-- close content main div --><\/div><\/div><div id='after_section_5'  class='main_color av_default_container_wrap container_wrap sidebar_right' style=' '  ><div class='container' ><div class='template-page content  av-content-small alpha units'><div class='post-entry post-entry-type-page post-entry-13369'><div class='entry-content-wrapper clearfix'>","protected":false},"excerpt":{"rendered":"","protected":false},"author":1,"featured_media":0,"parent":13330,"menu_order":0,"comment_status":"closed","ping_status":"closed","template":"","meta":{"inline_featured_image":false,"_lmt_disableupdate":"no","_lmt_disable":"","footnotes":""},"class_list":["post-13369","page","type-page","status-publish","hentry"],"yoast_head":"<!-- This site is optimized with the Yoast SEO plugin v27.2 - https:\/\/yoast.com\/product\/yoast-seo-wordpress\/ -->\n<title>World Class Manufacturing Tools and Software - Augmentir<\/title>\n<meta name=\"description\" content=\"Learn more about world class manufacturing tools and software to maximize worker productivity and reduce product defects, from Augmentir.\" \/>\n<meta name=\"robots\" content=\"index, follow, max-snippet:-1, max-image-preview:large, max-video-preview:-1\" \/>\n<link rel=\"canonical\" href=\"https:\/\/www.augmentir.com\/es\/world-class-manufacturing\/tools-software\" \/>\n<meta property=\"og:locale\" content=\"es_ES\" \/>\n<meta property=\"og:type\" content=\"article\" \/>\n<meta property=\"og:title\" content=\"World Class Manufacturing Tools and Software - Augmentir\" \/>\n<meta property=\"og:description\" content=\"Learn more about world class manufacturing tools and software to maximize worker productivity and reduce product defects, from Augmentir.\" \/>\n<meta property=\"og:url\" content=\"https:\/\/www.augmentir.com\/es\/world-class-manufacturing\/tools-software\" \/>\n<meta property=\"og:site_name\" content=\"Augmentir\" \/>\n<meta property=\"article:modified_time\" content=\"2025-05-17T03:10:28+00:00\" \/>\n<meta name=\"twitter:card\" content=\"summary_large_image\" \/>\n<meta name=\"twitter:site\" content=\"@augmentir\" \/>\n<script type=\"application\/ld+json\" class=\"yoast-schema-graph\">{\"@context\":\"https:\/\/schema.org\",\"@graph\":[{\"@type\":\"WebPage\",\"@id\":\"https:\/\/www.augmentir.com\/world-class-manufacturing\/tools-software\",\"url\":\"https:\/\/www.augmentir.com\/world-class-manufacturing\/tools-software\",\"name\":\"World Class Manufacturing Tools and Software - Augmentir\",\"isPartOf\":{\"@id\":\"https:\/\/www.augmentir.com\/#website\"},\"datePublished\":\"2023-03-23T15:40:22+00:00\",\"dateModified\":\"2025-05-17T03:10:28+00:00\",\"description\":\"Learn more about world class manufacturing tools and software to maximize worker productivity and reduce product defects, from Augmentir.\",\"breadcrumb\":{\"@id\":\"https:\/\/www.augmentir.com\/world-class-manufacturing\/tools-software#breadcrumb\"},\"inLanguage\":\"es\",\"potentialAction\":[{\"@type\":\"ReadAction\",\"target\":[\"https:\/\/www.augmentir.com\/world-class-manufacturing\/tools-software\"]}]},{\"@type\":\"BreadcrumbList\",\"@id\":\"https:\/\/www.augmentir.com\/world-class-manufacturing\/tools-software#breadcrumb\",\"itemListElement\":[{\"@type\":\"ListItem\",\"position\":1,\"name\":\"Home\",\"item\":\"https:\/\/www.augmentir.com\/\"},{\"@type\":\"ListItem\",\"position\":2,\"name\":\"World Class Manufacturing (WCM) Guide\",\"item\":\"https:\/\/www.augmentir.com\/world-class-manufacturing\"},{\"@type\":\"ListItem\",\"position\":3,\"name\":\"World Class Manufacturing Tools and Software\"}]},{\"@type\":\"WebSite\",\"@id\":\"https:\/\/www.augmentir.com\/#website\",\"url\":\"https:\/\/www.augmentir.com\/\",\"name\":\"Augmentir\",\"description\":\"AI-Powered Connected Worker Platform\",\"publisher\":{\"@id\":\"https:\/\/www.augmentir.com\/#organization\"},\"potentialAction\":[{\"@type\":\"SearchAction\",\"target\":{\"@type\":\"EntryPoint\",\"urlTemplate\":\"https:\/\/www.augmentir.com\/?s={search_term_string}\"},\"query-input\":{\"@type\":\"PropertyValueSpecification\",\"valueRequired\":true,\"valueName\":\"search_term_string\"}}],\"inLanguage\":\"es\"},{\"@type\":\"Organization\",\"@id\":\"https:\/\/www.augmentir.com\/#organization\",\"name\":\"Augmentir, Inc.\",\"url\":\"https:\/\/www.augmentir.com\/\",\"logo\":{\"@type\":\"ImageObject\",\"inLanguage\":\"es\",\"@id\":\"https:\/\/www.augmentir.com\/#\/schema\/logo\/image\/\",\"url\":\"https:\/\/www.augmentir.com\/wp-content\/uploads\/2021\/10\/Augmentir_Logo.svg\",\"contentUrl\":\"https:\/\/www.augmentir.com\/wp-content\/uploads\/2021\/10\/Augmentir_Logo.svg\",\"width\":\"1200\",\"height\":\"1200\",\"caption\":\"Augmentir, Inc.\"},\"image\":{\"@id\":\"https:\/\/www.augmentir.com\/#\/schema\/logo\/image\/\"},\"sameAs\":[\"https:\/\/x.com\/augmentir\",\"https:\/\/www.linkedin.com\/company\/augmentir\"]}]}<\/script>\n<!-- \/ Yoast SEO plugin. -->","yoast_head_json":{"title":"World Class Manufacturing Tools and Software - Augmentir","description":"Learn more about world class manufacturing tools and software to maximize worker productivity and reduce product defects, from Augmentir.","robots":{"index":"index","follow":"follow","max-snippet":"max-snippet:-1","max-image-preview":"max-image-preview:large","max-video-preview":"max-video-preview:-1"},"canonical":"https:\/\/www.augmentir.com\/es\/world-class-manufacturing\/tools-software","og_locale":"es_ES","og_type":"article","og_title":"World Class Manufacturing Tools and Software - Augmentir","og_description":"Learn more about world class manufacturing tools and software to maximize worker productivity and reduce product defects, from Augmentir.","og_url":"https:\/\/www.augmentir.com\/es\/world-class-manufacturing\/tools-software","og_site_name":"Augmentir","article_modified_time":"2025-05-17T03:10:28+00:00","twitter_card":"summary_large_image","twitter_site":"@augmentir","schema":{"@context":"https:\/\/schema.org","@graph":[{"@type":"WebPage","@id":"https:\/\/www.augmentir.com\/world-class-manufacturing\/tools-software","url":"https:\/\/www.augmentir.com\/world-class-manufacturing\/tools-software","name":"World Class Manufacturing Tools and Software - Augmentir","isPartOf":{"@id":"https:\/\/www.augmentir.com\/#website"},"datePublished":"2023-03-23T15:40:22+00:00","dateModified":"2025-05-17T03:10:28+00:00","description":"Learn more about world class manufacturing tools and software to maximize worker productivity and reduce product defects, from Augmentir.","breadcrumb":{"@id":"https:\/\/www.augmentir.com\/world-class-manufacturing\/tools-software#breadcrumb"},"inLanguage":"es","potentialAction":[{"@type":"ReadAction","target":["https:\/\/www.augmentir.com\/world-class-manufacturing\/tools-software"]}]},{"@type":"BreadcrumbList","@id":"https:\/\/www.augmentir.com\/world-class-manufacturing\/tools-software#breadcrumb","itemListElement":[{"@type":"ListItem","position":1,"name":"Home","item":"https:\/\/www.augmentir.com\/"},{"@type":"ListItem","position":2,"name":"World Class Manufacturing (WCM) Guide","item":"https:\/\/www.augmentir.com\/world-class-manufacturing"},{"@type":"ListItem","position":3,"name":"World Class Manufacturing Tools and Software"}]},{"@type":"WebSite","@id":"https:\/\/www.augmentir.com\/#website","url":"https:\/\/www.augmentir.com\/","name":"Augmentir","description":"AI-Powered Connected Worker Platform","publisher":{"@id":"https:\/\/www.augmentir.com\/#organization"},"potentialAction":[{"@type":"SearchAction","target":{"@type":"EntryPoint","urlTemplate":"https:\/\/www.augmentir.com\/?s={search_term_string}"},"query-input":{"@type":"PropertyValueSpecification","valueRequired":true,"valueName":"search_term_string"}}],"inLanguage":"es"},{"@type":"Organization","@id":"https:\/\/www.augmentir.com\/#organization","name":"Augmentir, Inc.","url":"https:\/\/www.augmentir.com\/","logo":{"@type":"ImageObject","inLanguage":"es","@id":"https:\/\/www.augmentir.com\/#\/schema\/logo\/image\/","url":"https:\/\/www.augmentir.com\/wp-content\/uploads\/2021\/10\/Augmentir_Logo.svg","contentUrl":"https:\/\/www.augmentir.com\/wp-content\/uploads\/2021\/10\/Augmentir_Logo.svg","width":"1200","height":"1200","caption":"Augmentir, Inc."},"image":{"@id":"https:\/\/www.augmentir.com\/#\/schema\/logo\/image\/"},"sameAs":["https:\/\/x.com\/augmentir","https:\/\/www.linkedin.com\/company\/augmentir"]}]}},"_links":{"self":[{"href":"https:\/\/www.augmentir.com\/es\/wp-json\/wp\/v2\/pages\/13369","targetHints":{"allow":["GET"]}}],"collection":[{"href":"https:\/\/www.augmentir.com\/es\/wp-json\/wp\/v2\/pages"}],"about":[{"href":"https:\/\/www.augmentir.com\/es\/wp-json\/wp\/v2\/types\/page"}],"author":[{"embeddable":true,"href":"https:\/\/www.augmentir.com\/es\/wp-json\/wp\/v2\/users\/1"}],"replies":[{"embeddable":true,"href":"https:\/\/www.augmentir.com\/es\/wp-json\/wp\/v2\/comments?post=13369"}],"version-history":[{"count":0,"href":"https:\/\/www.augmentir.com\/es\/wp-json\/wp\/v2\/pages\/13369\/revisions"}],"up":[{"embeddable":true,"href":"https:\/\/www.augmentir.com\/es\/wp-json\/wp\/v2\/pages\/13330"}],"wp:attachment":[{"href":"https:\/\/www.augmentir.com\/es\/wp-json\/wp\/v2\/media?parent=13369"}],"curies":[{"name":"wp","href":"https:\/\/api.w.org\/{rel}","templated":true}]}}