{"id":13333,"date":"2023-03-08T15:59:32","date_gmt":"2023-03-08T15:59:32","guid":{"rendered":"https:\/\/www.augmentir.com\/?page_id=13333"},"modified":"2024-11-23T11:49:36","modified_gmt":"2024-11-23T11:49:36","slug":"wcm-vs-lean","status":"publish","type":"page","link":"https:\/\/www.augmentir.com\/es\/world-class-manufacturing\/wcm-vs-lean","title":{"rendered":"Manufactura de clase mundial vs. Manufactura esbelta"},"content":{"rendered":"<div id='av_section_1'  class='avia-section main_color avia-section-small avia-no-border-styling avia-bg-style-scroll  avia-builder-el-0  el_before_av_section  avia-builder-el-first  glossary-container  container_wrap sidebar_right' style=' margin-top:10px; margin-bottom:0px; '  ><div class='container' ><main  role=\"main\" itemprop=\"mainContentOfPage\"  class='template-page content  av-content-small alpha units'><div class='post-entry post-entry-type-page post-entry-13333'><div class='entry-content-wrapper clearfix'>\n<div class=\"flex_column av_one_full  flex_column_div av-zero-column-padding first  avia-builder-el-1  avia-builder-el-no-sibling\" style='border-radius:0px; '><p><div  style='padding-bottom:10px; margin-top:16px; font-size:44px;' class='av-special-heading av-special-heading-h1  blockquote modern-quote  avia-builder-el-2  el_before_av_textblock  avia-builder-el-first  av-inherit-size'><h1 class='av-special-heading-tag'  itemprop=\"headline\"  >Manufactura de clase mundial vs. Manufactura esbelta<\/h1><div class='special-heading-border'><div class='special-heading-inner-border' ><\/div><\/div><\/div><br \/>\n<section class=\"av_textblock_section\"  itemscope=\"itemscope\" itemtype=\"https:\/\/schema.org\/CreativeWork\" ><div class='avia_textblock'   itemprop=\"text\" ><p>La manufactura de clase mundial (WCM) y la manufactura esbelta son metodolog\u00edas de producci\u00f3n que buscan mejorar la eficiencia de los productos, reducir costos, impulsar la innovaci\u00f3n y acortar el tiempo de comercializaci\u00f3n. Ambas se utilizan a menudo en conjunto para minimizar el desperdicio y optimizar las operaciones diarias.<\/p>\n<p>En concreto, la fabricaci\u00f3n de clase mundial es un enfoque de gesti\u00f3n para producir los mejores productos o servicios, con la mayor rapidez y rentabilidad. La fabricaci\u00f3n eficiente, por su parte, busca reducir el desperdicio y maximizar la productividad para optimizar los procesos de la l\u00ednea de montaje.<\/p>\n<p>Si se implementan correctamente, ambas estrategias pueden brindarle la ventaja competitiva que busca. Explore los siguientes temas para aprender m\u00e1s sobre la manufactura de clase mundial frente a la manufactura esbelta:<\/p>\n<ul>\n<li><a href=\"#difference-between-wcm-and-lean-manufacturing\">Diferencia entre WCM y manufactura esbelta<\/a><\/li>\n<li><a href=\"#benefits-of-world-class-manufacturing\">Beneficios de la fabricaci\u00f3n de clase mundial<\/a><\/li>\n<li><a href=\"#lean-manufacturing-advantages\">Ventajas de la fabricaci\u00f3n ajustada<\/a><\/li>\n<\/ul>\n<\/div><\/section><br \/>\n<div  class='avia-image-container  av-styling-    avia-builder-el-4  el_after_av_textblock  avia-builder-el-last  avia-align-center'  itemprop=\"image\" itemscope=\"itemscope\" itemtype=\"https:\/\/schema.org\/ImageObject\"  ><div class='avia-image-container-inner'><div class='avia-image-overlay-wrap'><img class='avia_image' src='https:\/\/www.augmentir.com\/wp-content\/uploads\/2022\/06\/lean-manufacturing.jpg' alt='fabricaci\u00f3n esbelta' title='' height=\"630\" width=\"1200\"  itemprop=\"thumbnailUrl\"  \/><\/div><\/div><\/div><\/p><\/div>\n\n<\/div><\/div><\/main><!-- close content main element --><\/div><\/div><div id='difference-between-wcm-and-lean-manufacturing'  class='avia-section main_color avia-section-no-padding avia-no-border-styling avia-bg-style-scroll  avia-builder-el-5  el_after_av_section  el_before_av_section  glossary-container  container_wrap sidebar_right' style=' '  ><div class='container' ><div class='template-page content  av-content-small alpha units'><div class='post-entry post-entry-type-page post-entry-13333'><div class='entry-content-wrapper clearfix'>\n<div class=\"flex_column av_one_full  flex_column_div av-zero-column-padding first  avia-builder-el-6  avia-builder-el-no-sibling\" style='border-radius:0px; '><p><div  style='padding-bottom:10px; font-size:32px;' class='av-special-heading av-special-heading-h2  blockquote modern-quote  avia-builder-el-7  el_before_av_textblock  avia-builder-el-first  av-inherit-size'><h2 class='av-special-heading-tag'  itemprop=\"headline\"  >Diferencia entre WCM y manufactura esbelta<\/h2><div class='special-heading-border'><div class='special-heading-inner-border' ><\/div><\/div><\/div><br \/>\n<section class=\"av_textblock_section\"  itemscope=\"itemscope\" itemtype=\"https:\/\/schema.org\/CreativeWork\" ><div class='avia_textblock'   itemprop=\"text\" ><p>En resumen, WCM es una metodolog\u00eda general que se puede aplicar a todo el modelo de negocio de una empresa, mientras que la fabricaci\u00f3n eficiente es un enfoque espec\u00edfico utilizado para reducir el desperdicio en la l\u00ednea de producci\u00f3n.<\/p>\n<p>Para empezar, <a href=\"https:\/\/www.augmentir.com\/lean-manufacturing\">fabricaci\u00f3n esbelta<\/a> Gan\u00f3 reconocimiento a principios de los a\u00f1os 20<sup>el<\/sup> Un siglo despu\u00e9s, la fabricaci\u00f3n en cadena a gran escala se generaliz\u00f3. En la d\u00e9cada de 1950, Shigeo Shingo y Taiichi Ohno, de Toyota Motor Corporation, crearon... <a href=\"https:\/\/www.toyota-europe.com\/about-us\/toyota-vision-and-philosophy\/toyota-production-system\" target=\"_blank\" rel=\"noopener\">Sistema de producci\u00f3n de Toyota<\/a>, que eventualmente se convirti\u00f3 en la base de la producci\u00f3n ajustada en Estados Unidos.<\/p>\n<p>Entre sus beneficios, la manufactura esbelta ayuda a acortar los plazos de entrega y a agilizar la respuesta a las consultas de los consumidores. Esta rapidez se logra eliminando el desperdicio del proceso de producci\u00f3n, definido como cualquier proceso de fabricaci\u00f3n que no aporte valor al cliente.<\/p>\n<p>Los ejemplos de residuos pueden incluir:<\/p>\n<ul>\n<li>Esperando trabajadores o maquinaria inactiva<\/li>\n<li>Excedente de bienes y demanda limitada<\/li>\n<li>Defectos que son demasiado costosos de arreglar<\/li>\n<li>Transporte innecesario<\/li>\n<li>Aplicar caracter\u00edsticas innecesarias a un producto<\/li>\n<\/ul>\n<p><a href=\"https:\/\/www.augmentir.com\/world-class-manufacturing\">Fabricaci\u00f3n de clase mundial<\/a> Es una estrategia organizacional para producir productos asequibles, sin residuos y sostenibles de forma consistente. Se rige por tres principios fundamentales, entre ellos la manufactura esbelta:<\/p>\n<ol>\n<li><strong>Utilizando t\u00e9cnicas de fabricaci\u00f3n eficiente y justo a tiempo<\/strong> Para reducir el desperdicio y los costos en la planta de producci\u00f3n. Ambos m\u00e9todos se utilizan conjuntamente para garantizar que los art\u00edculos se desarrollen para satisfacer la demanda del cliente, en lugar de excedentes. Esto se puede lograr eliminando cualquier proceso de la l\u00ednea de ensamblaje que no beneficie al cliente.<\/li>\n<li><strong>Incorporando la gesti\u00f3n de calidad total<\/strong> Reducir la cantidad de defectos en los productos y mejorar la satisfacci\u00f3n del consumidor. Este enfoque se basa en la idea de que cada empleado se dedica a mejorar continuamente los procesos de fabricaci\u00f3n y a desarrollar productos de alta calidad.<\/li>\n<li><strong>Aplicando <\/strong><a href=\"https:\/\/www.augmentir.com\/glossary\/what-is-total-productive-maintenance\"><strong>mantenimiento productivo total<\/strong><\/a><strong> (TPM)<\/strong> Para solucionar y reparar cualquier fallo operativo que pueda provocar fallos en los equipos y maquinarias.<\/li>\n<\/ol>\n<p>Obtenga m\u00e1s informaci\u00f3n sobre <a href=\"https:\/\/www.augmentir.com\/world-class-manufacturing\/best-practices-techniques\">Mejores pr\u00e1cticas y t\u00e9cnicas de fabricaci\u00f3n de clase mundial<\/a>.<\/p>\n<p>En resumen, WCM utiliza diferentes t\u00e9cnicas para garantizar la calidad del producto y bienes a precios razonables, mientras que la fabricaci\u00f3n eficiente tiene sus ra\u00edces en el sistema de producci\u00f3n de Toyota para eliminar los procesos de producci\u00f3n que no aportan valor al consumidor.<\/p>\n<\/div><\/section><\/p><\/div>\n\n<\/div><\/div><\/div><!-- close content main div --><\/div><\/div><div id='benefits-of-world-class-manufacturing'  class='avia-section main_color avia-section-no-padding avia-no-border-styling avia-bg-style-scroll  avia-builder-el-9  el_after_av_section  el_before_av_section  glossary-container  container_wrap sidebar_right' style=' '  ><div class='container' ><div class='template-page content  av-content-small alpha units'><div class='post-entry post-entry-type-page post-entry-13333'><div class='entry-content-wrapper clearfix'>\n<div class=\"flex_column av_one_full  flex_column_div av-zero-column-padding first  avia-builder-el-10  avia-builder-el-no-sibling\" style='border-radius:0px; '><p><div  style='padding-bottom:10px; font-size:32px;' class='av-special-heading av-special-heading-h2  blockquote modern-quote  avia-builder-el-11  el_before_av_textblock  avia-builder-el-first  av-inherit-size'><h2 class='av-special-heading-tag'  itemprop=\"headline\"  >Beneficios de la fabricaci\u00f3n de clase mundial<\/h2><div class='special-heading-border'><div class='special-heading-inner-border' ><\/div><\/div><\/div><br \/>\n<section class=\"av_textblock_section\"  itemscope=\"itemscope\" itemtype=\"https:\/\/schema.org\/CreativeWork\" ><div class='avia_textblock'   itemprop=\"text\" ><p>La fabricaci\u00f3n de clase mundial es un principio rector para la gesti\u00f3n y operaci\u00f3n eficaz de una empresa manufacturera. Busca mejorar los productos, procedimientos y servicios en todas las etapas del proceso de la l\u00ednea de montaje.<\/p>\n<p>La aplicaci\u00f3n de una fabricaci\u00f3n de clase mundial en el taller ofrece una serie de beneficios, entre ellos:<\/p>\n<ul>\n<li>Mejora la calidad del producto al reducir el desperdicio en todas las \u00e1reas del proceso de producci\u00f3n.<\/li>\n<li>Reduce los costos asociados con la eliminaci\u00f3n de procesos innecesarios en el taller, maquinaria defectuosa, etc.<\/li>\n<li>Aumenta la eficiencia del equipo y las medidas preventivas para mantener la maquinaria.<\/li>\n<li>Mejora el compromiso de los empleados al alentar a todo el personal, desde la gerencia hasta los trabajadores de la l\u00ednea de ensamblaje, a mejorar continuamente los procesos de fabricaci\u00f3n.<\/li>\n<li>Proporciona a las empresas una ventaja competitiva cuando se entregan productos asequibles y de alta calidad de manera constante.<\/li>\n<\/ul>\n<\/div><\/section><\/p><\/div>\n\n<\/div><\/div><\/div><!-- close content main div --><\/div><\/div><div id='lean-manufacturing-advantages'  class='avia-section main_color avia-section-no-padding avia-no-border-styling avia-bg-style-scroll  avia-builder-el-13  el_after_av_section  el_before_av_section  glossary-container  container_wrap sidebar_right' style=' '  ><div class='container' ><div class='template-page content  av-content-small alpha units'><div class='post-entry post-entry-type-page post-entry-13333'><div class='entry-content-wrapper clearfix'>\n<div class=\"flex_column av_one_full  flex_column_div av-zero-column-padding first  avia-builder-el-14  avia-builder-el-no-sibling\" style='border-radius:0px; '><p><div  style='padding-bottom:10px; font-size:32px;' class='av-special-heading av-special-heading-h2  blockquote modern-quote  avia-builder-el-15  el_before_av_textblock  avia-builder-el-first  av-inherit-size'><h2 class='av-special-heading-tag'  itemprop=\"headline\"  >Ventajas de la fabricaci\u00f3n ajustada<\/h2><div class='special-heading-border'><div class='special-heading-inner-border' ><\/div><\/div><\/div><br \/>\n<section class=\"av_textblock_section\"  itemscope=\"itemscope\" itemtype=\"https:\/\/schema.org\/CreativeWork\" ><div class='avia_textblock'   itemprop=\"text\" ><p>La fabricaci\u00f3n ajustada ayuda a las empresas a garantizar menos desperdicio y una mayor eficiencia del proceso de producci\u00f3n.<\/p>\n<p>Algunas ventajas de esta t\u00e9cnica son:<\/p>\n<ul>\n<li>Inventario reducido<\/li>\n<li>Producci\u00f3n m\u00e1s r\u00e1pida a costes reducidos<\/li>\n<li>Menos deficiencias de productos y m\u00e1s productos de alta calidad<\/li>\n<li>Mayor satisfacci\u00f3n del cliente cuando se satisfacen las necesidades del producto<\/li>\n<li>Tareas de fabricaci\u00f3n optimizadas y estandarizadas<\/li>\n<li>Menos aver\u00edas en m\u00e1quinas y procesos<\/li>\n<\/ul>\n<\/div><\/section><br \/>\n<div  class='avia-image-container  av-styling-    avia-builder-el-17  el_after_av_textblock  avia-builder-el-last  glossary-inline-image avia-align-center'  itemprop=\"image\" itemscope=\"itemscope\" itemtype=\"https:\/\/schema.org\/ImageObject\"  ><div class='avia-image-container-inner'><div class='avia-image-overlay-wrap'><img class='avia_image' src='https:\/\/www.augmentir.com\/wp-content\/uploads\/2022\/07\/product-connected-worker-suite.png' alt='plataforma de trabajadores conectados' title='' height=\"2154\" width=\"5240\"  itemprop=\"thumbnailUrl\"  \/><\/div><\/div><\/div><\/p><\/div>\n\n<\/div><\/div><\/div><!-- close content main div --><\/div><\/div><div id='av_section_5'  class='avia-section main_color avia-section-no-padding avia-no-border-styling avia-bg-style-scroll  avia-builder-el-18  el_after_av_section  avia-builder-el-last  glossary-container  container_wrap sidebar_right' style=' margin-top:0px; margin-bottom:50px; '  ><div class='container' ><div class='template-page content  av-content-small alpha units'><div class='post-entry post-entry-type-page post-entry-13333'><div class='entry-content-wrapper clearfix'>\n<section class=\"av_textblock_section\"  itemscope=\"itemscope\" itemtype=\"https:\/\/schema.org\/CreativeWork\" ><div class='avia_textblock'   itemprop=\"text\" ><p><strong>Augmentir es el primer software del mundo impulsado por IA que ayuda a las empresas a convertirse en fabricantes de clase mundial que adoptan t\u00e9cnicas de gesti\u00f3n eficiente para impulsar las operaciones diarias.<\/strong><\/p>\n<p><strong>Nuestra soluci\u00f3n para trabajadores conectados puede transformar la forma en que gestiona los procedimientos diarios de su planta. Solicite una <a href=\"https:\/\/www.augmentir.com\/request-a-demo\">demostraci\u00f3n en vivo<\/a> para comenzar el camino hacia la transformaci\u00f3n de sus operaciones de primera l\u00ednea.<\/strong><\/p>\n<\/div><\/section>\n<\/div><\/div><\/div><!-- close content main div --><\/div><\/div><div id='after_section_5'  class='main_color av_default_container_wrap container_wrap sidebar_right' style=' '  ><div class='container' ><div class='template-page content  av-content-small alpha units'><div class='post-entry post-entry-type-page post-entry-13333'><div class='entry-content-wrapper clearfix'>","protected":false},"excerpt":{"rendered":"","protected":false},"author":1,"featured_media":0,"parent":13330,"menu_order":0,"comment_status":"closed","ping_status":"closed","template":"","meta":{"inline_featured_image":false,"_lmt_disableupdate":"no","_lmt_disable":"","footnotes":""},"class_list":["post-13333","page","type-page","status-publish","hentry"],"yoast_head":"<!-- This site is optimized with the Yoast SEO plugin v27.2 - https:\/\/yoast.com\/product\/yoast-seo-wordpress\/ -->\n<title>World Class Manufacturing vs Lean Manufacturing - Augmentir<\/title>\n<meta name=\"description\" content=\"Learn about world class manufacturing vs. lean manufacturing to ensure top-notch products free of defects and greater customer satisfaction.\" \/>\n<meta name=\"robots\" content=\"index, follow, max-snippet:-1, max-image-preview:large, max-video-preview:-1\" \/>\n<link rel=\"canonical\" href=\"https:\/\/www.augmentir.com\/es\/world-class-manufacturing\/wcm-vs-lean\" \/>\n<meta property=\"og:locale\" content=\"es_ES\" \/>\n<meta property=\"og:type\" content=\"article\" \/>\n<meta property=\"og:title\" content=\"World Class Manufacturing vs Lean Manufacturing - Augmentir\" \/>\n<meta property=\"og:description\" content=\"Learn about world class manufacturing vs. lean manufacturing to ensure top-notch products free of defects and greater customer satisfaction.\" \/>\n<meta property=\"og:url\" content=\"https:\/\/www.augmentir.com\/es\/world-class-manufacturing\/wcm-vs-lean\" \/>\n<meta property=\"og:site_name\" content=\"Augmentir\" \/>\n<meta property=\"article:modified_time\" content=\"2024-11-23T11:49:36+00:00\" \/>\n<meta name=\"twitter:card\" content=\"summary_large_image\" \/>\n<meta name=\"twitter:site\" content=\"@augmentir\" \/>\n<script type=\"application\/ld+json\" class=\"yoast-schema-graph\">{\"@context\":\"https:\/\/schema.org\",\"@graph\":[{\"@type\":\"WebPage\",\"@id\":\"https:\/\/www.augmentir.com\/world-class-manufacturing\/wcm-vs-lean\",\"url\":\"https:\/\/www.augmentir.com\/world-class-manufacturing\/wcm-vs-lean\",\"name\":\"World Class Manufacturing vs Lean Manufacturing - Augmentir\",\"isPartOf\":{\"@id\":\"https:\/\/www.augmentir.com\/#website\"},\"datePublished\":\"2023-03-08T15:59:32+00:00\",\"dateModified\":\"2024-11-23T11:49:36+00:00\",\"description\":\"Learn about world class manufacturing vs. lean manufacturing to ensure top-notch products free of defects and greater customer satisfaction.\",\"breadcrumb\":{\"@id\":\"https:\/\/www.augmentir.com\/world-class-manufacturing\/wcm-vs-lean#breadcrumb\"},\"inLanguage\":\"es\",\"potentialAction\":[{\"@type\":\"ReadAction\",\"target\":[\"https:\/\/www.augmentir.com\/world-class-manufacturing\/wcm-vs-lean\"]}]},{\"@type\":\"BreadcrumbList\",\"@id\":\"https:\/\/www.augmentir.com\/world-class-manufacturing\/wcm-vs-lean#breadcrumb\",\"itemListElement\":[{\"@type\":\"ListItem\",\"position\":1,\"name\":\"Home\",\"item\":\"https:\/\/www.augmentir.com\/\"},{\"@type\":\"ListItem\",\"position\":2,\"name\":\"World Class Manufacturing (WCM) Guide\",\"item\":\"https:\/\/www.augmentir.com\/world-class-manufacturing\"},{\"@type\":\"ListItem\",\"position\":3,\"name\":\"World Class Manufacturing vs Lean Manufacturing\"}]},{\"@type\":\"WebSite\",\"@id\":\"https:\/\/www.augmentir.com\/#website\",\"url\":\"https:\/\/www.augmentir.com\/\",\"name\":\"Augmentir\",\"description\":\"AI-Powered Connected Worker Platform\",\"publisher\":{\"@id\":\"https:\/\/www.augmentir.com\/#organization\"},\"potentialAction\":[{\"@type\":\"SearchAction\",\"target\":{\"@type\":\"EntryPoint\",\"urlTemplate\":\"https:\/\/www.augmentir.com\/?s={search_term_string}\"},\"query-input\":{\"@type\":\"PropertyValueSpecification\",\"valueRequired\":true,\"valueName\":\"search_term_string\"}}],\"inLanguage\":\"es\"},{\"@type\":\"Organization\",\"@id\":\"https:\/\/www.augmentir.com\/#organization\",\"name\":\"Augmentir, Inc.\",\"url\":\"https:\/\/www.augmentir.com\/\",\"logo\":{\"@type\":\"ImageObject\",\"inLanguage\":\"es\",\"@id\":\"https:\/\/www.augmentir.com\/#\/schema\/logo\/image\/\",\"url\":\"https:\/\/www.augmentir.com\/wp-content\/uploads\/2021\/10\/Augmentir_Logo.svg\",\"contentUrl\":\"https:\/\/www.augmentir.com\/wp-content\/uploads\/2021\/10\/Augmentir_Logo.svg\",\"width\":\"1200\",\"height\":\"1200\",\"caption\":\"Augmentir, Inc.\"},\"image\":{\"@id\":\"https:\/\/www.augmentir.com\/#\/schema\/logo\/image\/\"},\"sameAs\":[\"https:\/\/x.com\/augmentir\",\"https:\/\/www.linkedin.com\/company\/augmentir\"]}]}<\/script>\n<!-- \/ Yoast SEO plugin. -->","yoast_head_json":{"title":"World Class Manufacturing vs Lean Manufacturing - Augmentir","description":"Learn about world class manufacturing vs. lean manufacturing to ensure top-notch products free of defects and greater customer satisfaction.","robots":{"index":"index","follow":"follow","max-snippet":"max-snippet:-1","max-image-preview":"max-image-preview:large","max-video-preview":"max-video-preview:-1"},"canonical":"https:\/\/www.augmentir.com\/es\/world-class-manufacturing\/wcm-vs-lean","og_locale":"es_ES","og_type":"article","og_title":"World Class Manufacturing vs Lean Manufacturing - Augmentir","og_description":"Learn about world class manufacturing vs. lean manufacturing to ensure top-notch products free of defects and greater customer satisfaction.","og_url":"https:\/\/www.augmentir.com\/es\/world-class-manufacturing\/wcm-vs-lean","og_site_name":"Augmentir","article_modified_time":"2024-11-23T11:49:36+00:00","twitter_card":"summary_large_image","twitter_site":"@augmentir","schema":{"@context":"https:\/\/schema.org","@graph":[{"@type":"WebPage","@id":"https:\/\/www.augmentir.com\/world-class-manufacturing\/wcm-vs-lean","url":"https:\/\/www.augmentir.com\/world-class-manufacturing\/wcm-vs-lean","name":"World Class Manufacturing vs Lean Manufacturing - Augmentir","isPartOf":{"@id":"https:\/\/www.augmentir.com\/#website"},"datePublished":"2023-03-08T15:59:32+00:00","dateModified":"2024-11-23T11:49:36+00:00","description":"Learn about world class manufacturing vs. lean manufacturing to ensure top-notch products free of defects and greater customer satisfaction.","breadcrumb":{"@id":"https:\/\/www.augmentir.com\/world-class-manufacturing\/wcm-vs-lean#breadcrumb"},"inLanguage":"es","potentialAction":[{"@type":"ReadAction","target":["https:\/\/www.augmentir.com\/world-class-manufacturing\/wcm-vs-lean"]}]},{"@type":"BreadcrumbList","@id":"https:\/\/www.augmentir.com\/world-class-manufacturing\/wcm-vs-lean#breadcrumb","itemListElement":[{"@type":"ListItem","position":1,"name":"Home","item":"https:\/\/www.augmentir.com\/"},{"@type":"ListItem","position":2,"name":"World Class Manufacturing (WCM) Guide","item":"https:\/\/www.augmentir.com\/world-class-manufacturing"},{"@type":"ListItem","position":3,"name":"World Class Manufacturing vs Lean Manufacturing"}]},{"@type":"WebSite","@id":"https:\/\/www.augmentir.com\/#website","url":"https:\/\/www.augmentir.com\/","name":"Augmentir","description":"AI-Powered Connected Worker Platform","publisher":{"@id":"https:\/\/www.augmentir.com\/#organization"},"potentialAction":[{"@type":"SearchAction","target":{"@type":"EntryPoint","urlTemplate":"https:\/\/www.augmentir.com\/?s={search_term_string}"},"query-input":{"@type":"PropertyValueSpecification","valueRequired":true,"valueName":"search_term_string"}}],"inLanguage":"es"},{"@type":"Organization","@id":"https:\/\/www.augmentir.com\/#organization","name":"Augmentir, Inc.","url":"https:\/\/www.augmentir.com\/","logo":{"@type":"ImageObject","inLanguage":"es","@id":"https:\/\/www.augmentir.com\/#\/schema\/logo\/image\/","url":"https:\/\/www.augmentir.com\/wp-content\/uploads\/2021\/10\/Augmentir_Logo.svg","contentUrl":"https:\/\/www.augmentir.com\/wp-content\/uploads\/2021\/10\/Augmentir_Logo.svg","width":"1200","height":"1200","caption":"Augmentir, Inc."},"image":{"@id":"https:\/\/www.augmentir.com\/#\/schema\/logo\/image\/"},"sameAs":["https:\/\/x.com\/augmentir","https:\/\/www.linkedin.com\/company\/augmentir"]}]}},"_links":{"self":[{"href":"https:\/\/www.augmentir.com\/es\/wp-json\/wp\/v2\/pages\/13333","targetHints":{"allow":["GET"]}}],"collection":[{"href":"https:\/\/www.augmentir.com\/es\/wp-json\/wp\/v2\/pages"}],"about":[{"href":"https:\/\/www.augmentir.com\/es\/wp-json\/wp\/v2\/types\/page"}],"author":[{"embeddable":true,"href":"https:\/\/www.augmentir.com\/es\/wp-json\/wp\/v2\/users\/1"}],"replies":[{"embeddable":true,"href":"https:\/\/www.augmentir.com\/es\/wp-json\/wp\/v2\/comments?post=13333"}],"version-history":[{"count":0,"href":"https:\/\/www.augmentir.com\/es\/wp-json\/wp\/v2\/pages\/13333\/revisions"}],"up":[{"embeddable":true,"href":"https:\/\/www.augmentir.com\/es\/wp-json\/wp\/v2\/pages\/13330"}],"wp:attachment":[{"href":"https:\/\/www.augmentir.com\/es\/wp-json\/wp\/v2\/media?parent=13333"}],"curies":[{"name":"wp","href":"https:\/\/api.w.org\/{rel}","templated":true}]}}