{"id":13241,"date":"2022-12-15T20:15:53","date_gmt":"2022-12-15T20:15:53","guid":{"rendered":"https:\/\/www.augmentir.com\/?page_id=13241"},"modified":"2025-06-22T11:38:26","modified_gmt":"2025-06-22T11:38:26","slug":"first-time-right","status":"publish","type":"page","link":"https:\/\/www.augmentir.com\/es\/glossary\/first-time-right","title":{"rendered":"\u00bfQu\u00e9 es hacer lo correcto a la primera y c\u00f3mo mejorarlo?"},"content":{"rendered":"<div id='av_section_1'  class='avia-section main_color avia-section-small avia-no-border-styling avia-bg-style-scroll  avia-builder-el-0  el_before_av_section  avia-builder-el-first  glossary-container  container_wrap sidebar_right' style=' margin-top:10px; margin-bottom:0px; '  ><div class='container' ><main  role=\"main\" itemprop=\"mainContentOfPage\"  class='template-page content  av-content-small alpha units'><div class='post-entry post-entry-type-page post-entry-13241'><div class='entry-content-wrapper clearfix'>\n<div class=\"flex_column av_one_full  flex_column_div av-zero-column-padding first  avia-builder-el-1  avia-builder-el-no-sibling\" style='border-radius:0px; '><p><div  style='padding-bottom:10px; margin-top:16px; font-size:44px;' class='av-special-heading av-special-heading-h1  blockquote modern-quote  avia-builder-el-2  el_before_av_textblock  avia-builder-el-first  av-inherit-size'><h1 class='av-special-heading-tag'  itemprop=\"headline\"  >\u00bfQu\u00e9 es hacer lo correcto a la primera y c\u00f3mo mejorarlo?<\/h1><div class='special-heading-border'><div class='special-heading-inner-border' ><\/div><\/div><\/div><br \/>\n<section class=\"av_textblock_section\"  itemscope=\"itemscope\" itemtype=\"https:\/\/schema.org\/CreativeWork\" ><div class='avia_textblock'   itemprop=\"text\" ><p>El principio de &quot;hacerlo bien a la primera&quot; (FTR) implica garantizar que todos los procedimientos en el taller se realicen correctamente desde el principio y siempre. En esencia, los fabricantes pueden implementar este concepto para prevenir deficiencias en los productos y garantizar productos de alta calidad, aumentando as\u00ed la satisfacci\u00f3n del cliente.<\/p>\n<p>FTR tiene su origen en Six Sigma, un proceso que incorpora estad\u00edsticas y an\u00e1lisis de datos para reducir los errores de producci\u00f3n. Ambos enfoques se complementan para optimizar los tiempos de ciclo del producto y reducir los defectos de fabricaci\u00f3n.<\/p>\n<p>Es importante que los fabricantes eval\u00faen las ineficiencias existentes en la planta de producci\u00f3n y realicen las mejoras necesarias para mejorar su puntaje FTR.<\/p>\n<p>Explora este art\u00edculo para aprender c\u00f3mo mejorar tu puntuaci\u00f3n a la primera y mantenerte a la vanguardia:<\/p>\n<ul>\n<li><a href=\"#first-time-right-defined\">Primera vez bien definido<\/a><\/li>\n<li><a href=\"#how-to-improve-your-ftr-score\">C\u00f3mo mejorar tu puntuaci\u00f3n FTR<\/a><\/li>\n<li><a href=\"#takeaways-of-implementing-ftr-and-how-we-can-help\">Conclusiones de la implementaci\u00f3n de FTR y c\u00f3mo podemos ayudar<\/a><\/li>\n<\/ul>\n<\/div><\/section><\/p><\/div>\n\n<\/div><\/div><\/main><!-- close content main element --><\/div><\/div><div id='first-time-right-defined'  class='avia-section main_color avia-section-no-padding avia-no-border-styling avia-bg-style-scroll  avia-builder-el-4  el_after_av_section  el_before_av_section  glossary-container  container_wrap sidebar_right' style=' '  ><div class='container' ><div class='template-page content  av-content-small alpha units'><div class='post-entry post-entry-type-page post-entry-13241'><div class='entry-content-wrapper clearfix'>\n<div class=\"flex_column av_one_full  flex_column_div av-zero-column-padding first  avia-builder-el-5  avia-builder-el-no-sibling\" style='border-radius:0px; '><p><div  style='padding-bottom:10px; font-size:32px;' class='av-special-heading av-special-heading-h2  blockquote modern-quote  avia-builder-el-6  el_before_av_textblock  avia-builder-el-first  first-section-header av-inherit-size'><h2 class='av-special-heading-tag'  itemprop=\"headline\"  >Primera vez bien definido<\/h2><div class='special-heading-border'><div class='special-heading-inner-border' ><\/div><\/div><\/div><br \/>\n<section class=\"av_textblock_section\"  itemscope=\"itemscope\" itemtype=\"https:\/\/schema.org\/CreativeWork\" ><div class='avia_textblock'   itemprop=\"text\" ><p>Hacerlo bien desde el primer momento en la fabricaci\u00f3n es una forma valiosa de determinar y evaluar cualquier error en la etapa de dise\u00f1o y procedimiento del desarrollo del producto.<\/p>\n<p>Todo se reduce a esta f\u00f3rmula: FTR = (n\u00famero de productos utilizables dividido por el n\u00famero total de productos) x 100. Una vez que haya calculado su puntuaci\u00f3n, puede establecer un objetivo para superarla.<\/p>\n<p>Sin embargo, medir su puntuaci\u00f3n FTR por s\u00ed solo no marcar\u00e1 la diferencia si no forma parte de una estrategia continua. Los fabricantes deben tomar medidas para mejorar continuamente sus procesos a diario.<\/p>\n<p>Contin\u00fae leyendo para tener una mejor idea de qu\u00e9 pasos debe seguir un fabricante para mejorar desde el primer momento en todo su modelo de producci\u00f3n.<\/p>\n<\/div><\/section><br \/>\n<div  class='avia-image-container  av-styling-    avia-builder-el-8  el_after_av_textblock  avia-builder-el-last  avia-align-center'  itemprop=\"image\" itemscope=\"itemscope\" itemtype=\"https:\/\/schema.org\/ImageObject\"  ><div class='avia-image-container-inner'><div class='avia-image-overlay-wrap'><img class='avia_image' src='https:\/\/www.augmentir.com\/wp-content\/uploads\/2021\/10\/use-case-quality-hero.jpg' alt='Mejore la calidad con herramientas de trabajo conectadas impulsadas por IA' title='' height=\"1000\" width=\"1500\"  itemprop=\"thumbnailUrl\"  \/><\/div><\/div><\/div><\/p><\/div><\/div><\/div><\/div><!-- close content main div --><\/div><\/div><div id='how-to-improve-your-ftr-score'  class='avia-section main_color avia-section-no-padding avia-no-border-styling avia-bg-style-scroll  avia-builder-el-9  el_after_av_section  el_before_av_section  glossary-container  container_wrap sidebar_right' style=' '  ><div class='container' ><div class='template-page content  av-content-small alpha units'><div class='post-entry post-entry-type-page post-entry-13241'><div class='entry-content-wrapper clearfix'>\n<div class=\"flex_column av_one_full  flex_column_div av-zero-column-padding first  avia-builder-el-10  avia-builder-el-no-sibling\" style='border-radius:0px; '><p><div  style='padding-bottom:10px; font-size:32px;' class='av-special-heading av-special-heading-h2  blockquote modern-quote  avia-builder-el-11  el_before_av_textblock  avia-builder-el-first  av-inherit-size'><h2 class='av-special-heading-tag'  itemprop=\"headline\"  >C\u00f3mo mejorar tu puntuaci\u00f3n FTR<\/h2><div class='special-heading-border'><div class='special-heading-inner-border' ><\/div><\/div><\/div><br \/>\n<section class=\"av_textblock_section\"  itemscope=\"itemscope\" itemtype=\"https:\/\/schema.org\/CreativeWork\" ><div class='avia_textblock'   itemprop=\"text\" ><p>Para aprovechar los beneficios de FTR, es crucial implementar DMAIC (definir, medir, analizar, mejorar y controlar). Este concepto es una estrategia de calidad basada en datos para optimizar los procesos.<\/p>\n<p>Es una excelente manera de identificar y eliminar la causa ra\u00edz de un problema y al mismo tiempo garantizar que las mejoras del producto se mantengan de forma continua.<\/p>\n<p>A continuaci\u00f3n se presentan cinco pasos que las empresas pueden seguir para mejorar su puntuaci\u00f3n a lo largo del tiempo teniendo en cuenta DMAIC.<\/p>\n<h3>Paso 1: Definir qu\u00e9 est\u00e1 mal en el proceso<\/h3>\n<p>Una vez que haya establecido su puntaje FTR de referencia, tendr\u00e1 una mejor idea de qu\u00e9 est\u00e1 mal en su proceso de producci\u00f3n.<\/p>\n<p>Por ejemplo, la puntuaci\u00f3n de una planta podr\u00eda indicar que est\u00e1 creando demasiados productos con deficiencias. Piense en c\u00f3mo puede mejorar sus procedimientos para reducir la cantidad de defectos.<\/p>\n<h3>Paso 2: Medir el impacto del producto defectuoso<\/h3>\n<p>Medir el impacto de sus productos defectuosos puede ilustrar c\u00f3mo est\u00e1n afectando la eficiencia y la productividad de los trabajadores en el taller.<\/p>\n<p>Esta medici\u00f3n muestra que podr\u00eda costarle a la planta X cantidad de horas de reprocesamiento e Y cantidad de productos desperdiciados. A su vez, la cantidad de imperfecciones del producto puede contribuir a la cantidad de d\u00f3lares perdidos.<\/p>\n<h3>Paso 3: Analizar la causa del problema<\/h3>\n<p>Es importante considerar por qu\u00e9 se producen las deficiencias del producto. \u00bfFunciona mal el equipo? \u00bfSe debe a materiales baratos? \u00bfSus operadores siguen procedimientos obsoletos o hay \u00e1reas donde se puede mejorar la capacitaci\u00f3n? H\u00e1gase estas preguntas para analizar la causa ra\u00edz del problema.<\/p>\n<h3>Paso 4: Mejorar los procesos defectuosos<\/h3>\n<p>A veces descubres que es necesario actualizar un procedimiento. Si logras mejorar los procedimientos defectuosos, puedes implementar cambios duraderos.<\/p>\n<p>Por ejemplo, si su puntuaci\u00f3n FTR es baja debido a un error humano, revise su documentaci\u00f3n de procedimientos. Quiz\u00e1s deba implementar instrucciones visuales de trabajo o brindar mejores oportunidades de capacitaci\u00f3n a los trabajadores para ayudar a cerrar la brecha de conocimiento.<\/p>\n<h3>Paso 5: Implementar el control de calidad<\/h3>\n<p>Una vez que haya establecido formas de mejorar sus procesos de producci\u00f3n, es momento de supervisar y respaldar la implementaci\u00f3n de esos procedimientos.<\/p>\n<p>Por ejemplo, \u00bfcuentan los operadores con todo lo necesario para llevar a cabo los procesos? \u00bfExisten maneras de profundizar sus conocimientos para obtener mejores resultados?<\/p>\n<p>Este paso de control de calidad se centra en la supervisi\u00f3n continua del personal y la evaluaci\u00f3n de su progreso para reducir cualquier deficiencia en el taller. Las listas de verificaci\u00f3n de control de calidad son una excelente manera de estandarizar y optimizar el control de calidad para reducir defectos y retrabajos, y mejorar su \u00edndice de acierto a la primera.<\/p>\n<\/div><\/section><\/p><\/div>\n<\/p>\n<\/div><\/div><\/div><!-- close content main div --><\/div><\/div><div id='av_section_4'  class='avia-section main_color avia-section-default avia-no-border-styling avia-bg-style-scroll  avia-builder-el-13  el_after_av_section  el_before_av_section  glossary-container  av-medium-hide av-small-hide av-mini-hide container_wrap sidebar_right' style=' '  ><div class='container' ><div class='template-page content  av-content-small alpha units'><div class='post-entry post-entry-type-page post-entry-13241'><div class='entry-content-wrapper clearfix'>\n<div class=\"flex_column av_one_full  flex_column_div av-zero-column-padding first  avia-builder-el-14  avia-builder-el-no-sibling\" style='border-radius:0px; '><section class=\"av_textblock_section\"  itemscope=\"itemscope\" itemtype=\"https:\/\/schema.org\/CreativeWork\" ><div class='avia_textblock'   itemprop=\"text\" ><div class=\"cta\"><div class=\"content\" style=\"max-width:400px !important;padding: 40px 0px !important;\"><div class=\"eyebrow-headline\">Lista de verificaci\u00f3n de control de calidad<\/div><div class=\"heading\">Plantilla gratuita<\/div><div class=\"copy\" style=\"min-height:30px;color:#2a434e;padding-bottom:20px;margin:15px 0px;\">Estandarice y optimice el control de calidad para reducir defectos y retrabajos con nuestra plantilla gratuita de lista de verificaci\u00f3n de control de calidad. Descargue nuestra plantilla en PDF para comenzar y aprenda m\u00e1s sobre c\u00f3mo digitalizar sus procedimientos de recopilaci\u00f3n de datos de calidad e inspecci\u00f3n con Augmentir.<\/div><div class=\"link\"><a class=\"btn btn-white hs-cta-trigger-button hs-cta-trigger-button-173110861442\" href=\"#\">Descargar plantilla gratuita<\/a><\/div><\/div><div class=\"dashboard\" style=\"background-image: url(https:\/\/www.augmentir.com\/wp-content\/uploads\/2024\/07\/quality-control-checklist-download-cta.webp) !important;background-size: 120% !important;\"><\/div><\/div>\n<\/div><\/section><\/div>\n\n<\/div><\/div><\/div><!-- close content main div --><\/div><\/div><div id='takeaways-of-implementing-ftr-and-how-we-can-help'  class='avia-section main_color avia-section-no-padding avia-no-border-styling avia-bg-style-scroll  avia-builder-el-16  el_after_av_section  el_before_av_section  glossary-container  container_wrap sidebar_right' style=' '  ><div class='container' ><div class='template-page content  av-content-small alpha units'><div class='post-entry post-entry-type-page post-entry-13241'><div class='entry-content-wrapper clearfix'>\n<div class=\"flex_column av_one_full  flex_column_div av-zero-column-padding first  avia-builder-el-17  avia-builder-el-no-sibling\" style='border-radius:0px; '><p><div  style='padding-bottom:10px; font-size:32px;' class='av-special-heading av-special-heading-h2  blockquote modern-quote  avia-builder-el-18  el_before_av_textblock  avia-builder-el-first  av-inherit-size'><h2 class='av-special-heading-tag'  itemprop=\"headline\"  >Conclusiones de la implementaci\u00f3n de First Time Right y c\u00f3mo podemos ayudar<\/h2><div class='special-heading-border'><div class='special-heading-inner-border' ><\/div><\/div><\/div><br \/>\n<section class=\"av_textblock_section\"  itemscope=\"itemscope\" itemtype=\"https:\/\/schema.org\/CreativeWork\" ><div class='avia_textblock'   itemprop=\"text\" ><p>Lograr un alto puntaje de rendimiento del producto depender\u00e1 en gran medida de qu\u00e9 tan bien implemente los cinco pasos descritos anteriormente.<\/p>\n<p>En pocas palabras, es vital hacer lo siguiente para aumentar tu puntuaci\u00f3n:<\/p>\n<ul>\n<li>Supervise y analice en tiempo real qu\u00e9 tan bien los trabajadores est\u00e1n ejecutando los procesos de producci\u00f3n.<\/li>\n<li>Crea y comparte <a href=\"https:\/\/www.augmentir.com\/glossary\/what-are-digital-sops\">procedimientos operativos est\u00e1ndar (SOP) digitales<\/a> con sus trabajadores de primera l\u00ednea.<\/li>\n<li>Involucrar a los empleados con capacitaci\u00f3n continua y recursos para producir una mejora sostenible.<\/li>\n<\/ul>\n<p>Augmentir ofrece soluciones para ayudarte a aumentar tu puntuaci\u00f3n de acierto a la primera. Nuestras <a href=\"\/product\">soluci\u00f3n de trabajador conectado<\/a> Le ayudar\u00e1 a digitalizar y transformar la creaci\u00f3n de procedimientos operativos est\u00e1ndar (POE) y la supervisi\u00f3n de las operaciones de primera l\u00ednea para eliminar las deficiencias del producto y mejorar la calidad. Obtenga m\u00e1s informaci\u00f3n sobre nuestros <a href=\"https:\/\/www.augmentir.com\/use-cases\/quality\">calidad<\/a> casos de uso.<\/p>\n<\/div><\/section><br \/>\n<div  class='avia-image-container  av-styling-    avia-builder-el-20  el_after_av_textblock  avia-builder-el-last  avia-align-center'  itemprop=\"image\" itemscope=\"itemscope\" itemtype=\"https:\/\/schema.org\/ImageObject\"  ><div class='avia-image-container-inner'><div class='avia-image-overlay-wrap'><img class='avia_image' src='https:\/\/www.augmentir.com\/wp-content\/uploads\/2022\/12\/manufacturing-kpi-first-time-right.png' alt='KPI de fabricaci\u00f3n a la primera, correcto' title='' height=\"2154\" width=\"5240\"  itemprop=\"thumbnailUrl\"  \/><\/div><\/div><\/div><\/p><\/div>\n\n<\/div><\/div><\/div><!-- close content main div --><\/div><\/div><div id='av_section_6'  class='avia-section main_color avia-section-no-padding avia-no-border-styling avia-bg-style-scroll  avia-builder-el-21  el_after_av_section  el_before_av_section  glossary-container  container_wrap sidebar_right' style=' margin-top:0px; margin-bottom:50px; '  ><div class='container' ><div class='template-page content  av-content-small alpha units'><div class='post-entry post-entry-type-page post-entry-13241'><div class='entry-content-wrapper clearfix'>\n<section class=\"av_textblock_section\"  itemscope=\"itemscope\" itemtype=\"https:\/\/schema.org\/CreativeWork\" ><div class='avia_textblock'   itemprop=\"text\" ><p><strong>\u00bfLe interesa saber c\u00f3mo la soluci\u00f3n de trabajadores conectados de Augmentir puede ayudarle a reducir defectos y mejorar la calidad en sus operaciones de fabricaci\u00f3n? Cont\u00e1ctenos para obtener m\u00e1s informaci\u00f3n. <a href=\"https:\/\/www.augmentir.com\/request-a-demo\">demostraci\u00f3n gratuita<\/a>.<\/strong><\/p>\n<\/div><\/section>\n\n<\/div><\/div><\/div><!-- close content main div --><\/div><\/div><div id='faq'  class='avia-section main_color avia-section-default avia-no-border-styling avia-bg-style-scroll  avia-builder-el-23  el_after_av_section  avia-builder-el-last  glossary-container  container_wrap sidebar_right' style='background-color: #eff2f4;  margin-top:0px; margin-bottom:0px; '  ><div class='container' ><div class='template-page content  av-content-small alpha units'><div class='post-entry post-entry-type-page post-entry-13241'><div class='entry-content-wrapper clearfix'>\n<div class=\"flex_column av_one_full  flex_column_div av-zero-column-padding first  avia-builder-el-24  avia-builder-el-no-sibling\" style='border-radius:0px; '><p><div  style='padding-bottom:36px; font-size:32px;' class='av-special-heading av-special-heading-h2  blockquote modern-quote  avia-builder-el-25  el_before_av_textblock  avia-builder-el-first  av-inherit-size'><h2 class='av-special-heading-tag'  itemprop=\"headline\"  >Preguntas frecuentes (FAQ)<\/h2><div class='special-heading-border'><div class='special-heading-inner-border' ><\/div><\/div><\/div><br \/>\n<section class=\"av_textblock_section\"  itemscope=\"itemscope\" itemtype=\"https:\/\/schema.org\/CreativeWork\" ><div class='avia_textblock'   itemprop=\"text\" ><\/div><\/section><br \/>\n<\/p><\/div><\/div><\/div><\/div><!-- close content main div --><\/div><\/div><div id='after_section_7'  class='main_color av_default_container_wrap container_wrap sidebar_right' style=' '  ><div class='container' ><div class='template-page content  av-content-small alpha units'><div class='post-entry post-entry-type-page post-entry-13241'><div class='entry-content-wrapper clearfix'>","protected":false},"excerpt":{"rendered":"","protected":false},"author":1,"featured_media":0,"parent":11161,"menu_order":0,"comment_status":"closed","ping_status":"closed","template":"","meta":{"inline_featured_image":false,"_lmt_disableupdate":"no","_lmt_disable":"","footnotes":""},"class_list":["post-13241","page","type-page","status-publish","hentry"],"yoast_head":"<!-- This site is optimized with the Yoast SEO plugin v27.2 - https:\/\/yoast.com\/product\/yoast-seo-wordpress\/ -->\n<title>What is First Time Right and How to Improve It - Augmentir<\/title>\n<meta name=\"description\" content=\"Learn how to improve first time right in five steps to ensure that all procedures on the shop floor are performed correctly the first time and every time.\" \/>\n<meta name=\"robots\" content=\"index, follow, max-snippet:-1, max-image-preview:large, max-video-preview:-1\" \/>\n<link rel=\"canonical\" href=\"https:\/\/www.augmentir.com\/es\/glossary\/first-time-right\" \/>\n<meta property=\"og:locale\" content=\"es_ES\" \/>\n<meta property=\"og:type\" content=\"article\" \/>\n<meta property=\"og:title\" content=\"What is First Time Right and How to Improve It - Augmentir\" \/>\n<meta property=\"og:description\" content=\"Learn how to improve first time right in five steps to ensure that all procedures on the shop floor are performed correctly the first time and every time.\" \/>\n<meta property=\"og:url\" content=\"https:\/\/www.augmentir.com\/es\/glossary\/first-time-right\" \/>\n<meta property=\"og:site_name\" content=\"Augmentir\" \/>\n<meta property=\"article:modified_time\" content=\"2025-06-22T11:38:26+00:00\" \/>\n<meta name=\"twitter:card\" content=\"summary_large_image\" \/>\n<meta name=\"twitter:site\" content=\"@augmentir\" \/>\n<script type=\"application\/ld+json\" class=\"yoast-schema-graph\">{\"@context\":\"https:\/\/schema.org\",\"@graph\":[{\"@type\":\"WebPage\",\"@id\":\"https:\/\/www.augmentir.com\/glossary\/first-time-right\",\"url\":\"https:\/\/www.augmentir.com\/glossary\/first-time-right\",\"name\":\"What is First Time Right and How to Improve It - Augmentir\",\"isPartOf\":{\"@id\":\"https:\/\/www.augmentir.com\/#website\"},\"datePublished\":\"2022-12-15T20:15:53+00:00\",\"dateModified\":\"2025-06-22T11:38:26+00:00\",\"description\":\"Learn how to improve first time right in five steps to ensure that all procedures on the shop floor are performed correctly the first time and every time.\",\"breadcrumb\":{\"@id\":\"https:\/\/www.augmentir.com\/glossary\/first-time-right#breadcrumb\"},\"inLanguage\":\"es\",\"potentialAction\":[{\"@type\":\"ReadAction\",\"target\":[\"https:\/\/www.augmentir.com\/glossary\/first-time-right\"]}]},{\"@type\":\"BreadcrumbList\",\"@id\":\"https:\/\/www.augmentir.com\/glossary\/first-time-right#breadcrumb\",\"itemListElement\":[{\"@type\":\"ListItem\",\"position\":1,\"name\":\"Home\",\"item\":\"https:\/\/www.augmentir.com\/\"},{\"@type\":\"ListItem\",\"position\":2,\"name\":\"Topics\",\"item\":\"https:\/\/www.augmentir.com\/glossary\"},{\"@type\":\"ListItem\",\"position\":3,\"name\":\"What is First Time Right and How to Improve It\"}]},{\"@type\":\"WebSite\",\"@id\":\"https:\/\/www.augmentir.com\/#website\",\"url\":\"https:\/\/www.augmentir.com\/\",\"name\":\"Augmentir\",\"description\":\"AI-Powered Connected Worker Platform\",\"publisher\":{\"@id\":\"https:\/\/www.augmentir.com\/#organization\"},\"potentialAction\":[{\"@type\":\"SearchAction\",\"target\":{\"@type\":\"EntryPoint\",\"urlTemplate\":\"https:\/\/www.augmentir.com\/?s={search_term_string}\"},\"query-input\":{\"@type\":\"PropertyValueSpecification\",\"valueRequired\":true,\"valueName\":\"search_term_string\"}}],\"inLanguage\":\"es\"},{\"@type\":\"Organization\",\"@id\":\"https:\/\/www.augmentir.com\/#organization\",\"name\":\"Augmentir, Inc.\",\"url\":\"https:\/\/www.augmentir.com\/\",\"logo\":{\"@type\":\"ImageObject\",\"inLanguage\":\"es\",\"@id\":\"https:\/\/www.augmentir.com\/#\/schema\/logo\/image\/\",\"url\":\"https:\/\/www.augmentir.com\/wp-content\/uploads\/2021\/10\/Augmentir_Logo.svg\",\"contentUrl\":\"https:\/\/www.augmentir.com\/wp-content\/uploads\/2021\/10\/Augmentir_Logo.svg\",\"width\":\"1200\",\"height\":\"1200\",\"caption\":\"Augmentir, Inc.\"},\"image\":{\"@id\":\"https:\/\/www.augmentir.com\/#\/schema\/logo\/image\/\"},\"sameAs\":[\"https:\/\/x.com\/augmentir\",\"https:\/\/www.linkedin.com\/company\/augmentir\"]}]}<\/script>\n<!-- \/ Yoast SEO plugin. -->","yoast_head_json":{"title":"What is First Time Right and How to Improve It - Augmentir","description":"Learn how to improve first time right in five steps to ensure that all procedures on the shop floor are performed correctly the first time and every time.","robots":{"index":"index","follow":"follow","max-snippet":"max-snippet:-1","max-image-preview":"max-image-preview:large","max-video-preview":"max-video-preview:-1"},"canonical":"https:\/\/www.augmentir.com\/es\/glossary\/first-time-right","og_locale":"es_ES","og_type":"article","og_title":"What is First Time Right and How to Improve It - Augmentir","og_description":"Learn how to improve first time right in five steps to ensure that all procedures on the shop floor are performed correctly the first time and every time.","og_url":"https:\/\/www.augmentir.com\/es\/glossary\/first-time-right","og_site_name":"Augmentir","article_modified_time":"2025-06-22T11:38:26+00:00","twitter_card":"summary_large_image","twitter_site":"@augmentir","schema":{"@context":"https:\/\/schema.org","@graph":[{"@type":"WebPage","@id":"https:\/\/www.augmentir.com\/glossary\/first-time-right","url":"https:\/\/www.augmentir.com\/glossary\/first-time-right","name":"What is First Time Right and How to Improve It - Augmentir","isPartOf":{"@id":"https:\/\/www.augmentir.com\/#website"},"datePublished":"2022-12-15T20:15:53+00:00","dateModified":"2025-06-22T11:38:26+00:00","description":"Learn how to improve first time right in five steps to ensure that all procedures on the shop floor are performed correctly the first time and every time.","breadcrumb":{"@id":"https:\/\/www.augmentir.com\/glossary\/first-time-right#breadcrumb"},"inLanguage":"es","potentialAction":[{"@type":"ReadAction","target":["https:\/\/www.augmentir.com\/glossary\/first-time-right"]}]},{"@type":"BreadcrumbList","@id":"https:\/\/www.augmentir.com\/glossary\/first-time-right#breadcrumb","itemListElement":[{"@type":"ListItem","position":1,"name":"Home","item":"https:\/\/www.augmentir.com\/"},{"@type":"ListItem","position":2,"name":"Topics","item":"https:\/\/www.augmentir.com\/glossary"},{"@type":"ListItem","position":3,"name":"What is First Time Right and How to Improve It"}]},{"@type":"WebSite","@id":"https:\/\/www.augmentir.com\/#website","url":"https:\/\/www.augmentir.com\/","name":"Augmentir","description":"AI-Powered Connected Worker Platform","publisher":{"@id":"https:\/\/www.augmentir.com\/#organization"},"potentialAction":[{"@type":"SearchAction","target":{"@type":"EntryPoint","urlTemplate":"https:\/\/www.augmentir.com\/?s={search_term_string}"},"query-input":{"@type":"PropertyValueSpecification","valueRequired":true,"valueName":"search_term_string"}}],"inLanguage":"es"},{"@type":"Organization","@id":"https:\/\/www.augmentir.com\/#organization","name":"Augmentir, Inc.","url":"https:\/\/www.augmentir.com\/","logo":{"@type":"ImageObject","inLanguage":"es","@id":"https:\/\/www.augmentir.com\/#\/schema\/logo\/image\/","url":"https:\/\/www.augmentir.com\/wp-content\/uploads\/2021\/10\/Augmentir_Logo.svg","contentUrl":"https:\/\/www.augmentir.com\/wp-content\/uploads\/2021\/10\/Augmentir_Logo.svg","width":"1200","height":"1200","caption":"Augmentir, Inc."},"image":{"@id":"https:\/\/www.augmentir.com\/#\/schema\/logo\/image\/"},"sameAs":["https:\/\/x.com\/augmentir","https:\/\/www.linkedin.com\/company\/augmentir"]}]}},"_links":{"self":[{"href":"https:\/\/www.augmentir.com\/es\/wp-json\/wp\/v2\/pages\/13241","targetHints":{"allow":["GET"]}}],"collection":[{"href":"https:\/\/www.augmentir.com\/es\/wp-json\/wp\/v2\/pages"}],"about":[{"href":"https:\/\/www.augmentir.com\/es\/wp-json\/wp\/v2\/types\/page"}],"author":[{"embeddable":true,"href":"https:\/\/www.augmentir.com\/es\/wp-json\/wp\/v2\/users\/1"}],"replies":[{"embeddable":true,"href":"https:\/\/www.augmentir.com\/es\/wp-json\/wp\/v2\/comments?post=13241"}],"version-history":[{"count":0,"href":"https:\/\/www.augmentir.com\/es\/wp-json\/wp\/v2\/pages\/13241\/revisions"}],"up":[{"embeddable":true,"href":"https:\/\/www.augmentir.com\/es\/wp-json\/wp\/v2\/pages\/11161"}],"wp:attachment":[{"href":"https:\/\/www.augmentir.com\/es\/wp-json\/wp\/v2\/media?parent=13241"}],"curies":[{"name":"wp","href":"https:\/\/api.w.org\/{rel}","templated":true}]}}