{"id":13152,"date":"2022-09-29T14:21:12","date_gmt":"2022-09-29T14:21:12","guid":{"rendered":"https:\/\/www.augmentir.com\/?page_id=13152"},"modified":"2024-12-20T18:00:58","modified_gmt":"2024-12-20T18:00:58","slug":"operator-rounds","status":"publish","type":"page","link":"https:\/\/www.augmentir.com\/es\/glossary\/operator-rounds","title":{"rendered":"Rondas de Operadores: Digitalice el Mantenimiento de Planta con Rondas de Operadores M\u00f3viles"},"content":{"rendered":"<div id='av_section_1'  class='avia-section main_color avia-section-small avia-no-border-styling avia-bg-style-scroll  avia-builder-el-0  el_before_av_section  avia-builder-el-first  glossary-container  container_wrap sidebar_right' style=' margin-top:10px; margin-bottom:0px; '  ><div class='container' ><main  role=\"main\" itemprop=\"mainContentOfPage\"  class='template-page content  av-content-small alpha units'><div class='post-entry post-entry-type-page post-entry-13152'><div class='entry-content-wrapper clearfix'>\n<div class=\"flex_column av_one_full  flex_column_div av-zero-column-padding first  avia-builder-el-1  avia-builder-el-no-sibling\" style='border-radius:0px; '><p><div  style='padding-bottom:10px; margin-top:16px; font-size:44px;' class='av-special-heading av-special-heading-h1  blockquote modern-quote  avia-builder-el-2  el_before_av_textblock  avia-builder-el-first  av-inherit-size'><h1 class='av-special-heading-tag'  itemprop=\"headline\"  >Rondas de operadores en operaciones de mantenimiento<\/h1><div class='special-heading-border'><div class='special-heading-inner-border' ><\/div><\/div><\/div><br \/>\n<section class=\"av_textblock_section\"  itemscope=\"itemscope\" itemtype=\"https:\/\/schema.org\/CreativeWork\" ><div class='avia_textblock'   itemprop=\"text\" ><p>La inspecci\u00f3n regular de las \u00e1reas de trabajo y los equipos es fundamental para mantener una operaci\u00f3n de fabricaci\u00f3n segura y eficiente. Las rondas de operarios son la soluci\u00f3n ideal para un mantenimiento eficaz.<\/p>\n<p>Durante las rondas, los trabajadores inspeccionan y supervisan el estado y el rendimiento de los activos y la maquinaria. Los detalles de cada inspecci\u00f3n se registran en un registro de turno.<\/p>\n<p>Lamentablemente, estos registros de turnos no siempre se actualizan. No notificar a los equipos sobre cualquier deficiencia en las m\u00e1quinas puede provocar fallos en los equipos con el tiempo e incluso interrumpir los procesos de producci\u00f3n.<\/p>\n<p>Ah\u00ed es donde entra en juego la digitalizaci\u00f3n de las rondas de sus operadores. Las instrucciones de trabajo digitales brindan a los operadores la informaci\u00f3n que necesitan para realizar con \u00e9xito las inspecciones de rutina.<\/p>\n<p>Para obtener m\u00e1s informaci\u00f3n sobre las rondas de operadores y c\u00f3mo digitalizarlas, contin\u00fae leyendo mientras respondemos las siguientes preguntas:<\/p>\n<ul>\n<li><a href=\"#what-are-operator-rounds\">\u00bfQu\u00e9 son las rondas de operador?<\/a><\/li>\n<li><a href=\"#what-are-mobile-operator-rounds\">\u00bfQu\u00e9 son las rondas de operadores m\u00f3viles?<\/a><\/li>\n<li><a href=\"#how-will-mobile-operator-rounds-transform-maintenance-operations\">\u00bfC\u00f3mo transformar\u00e1n las rondas de operadores m\u00f3viles los procesos productivos?<\/a><\/li>\n<li><a href=\"#how-can-you-digitize-operator-rounds\">\u00bfC\u00f3mo se pueden digitalizar las rondas de los operadores?<\/a><\/li>\n<\/ul>\n<\/div><\/section><\/p><\/div>\n\n<\/div><\/div><\/main><!-- close content main element --><\/div><\/div><div id='what-are-operator-rounds'  class='avia-section main_color avia-section-no-padding avia-no-border-styling avia-bg-style-scroll  avia-builder-el-4  el_after_av_section  el_before_av_section  glossary-container  container_wrap sidebar_right' style=' '  ><div class='container' ><div class='template-page content  av-content-small alpha units'><div class='post-entry post-entry-type-page post-entry-13152'><div class='entry-content-wrapper clearfix'>\n<div class=\"flex_column av_one_full  flex_column_div av-zero-column-padding first  avia-builder-el-5  avia-builder-el-no-sibling\" style='border-radius:0px; '><p><div  style='padding-bottom:10px; font-size:32px;' class='av-special-heading av-special-heading-h2  blockquote modern-quote  avia-builder-el-6  el_before_av_textblock  avia-builder-el-first  av-inherit-size'><h2 class='av-special-heading-tag'  itemprop=\"headline\"  >\u00bfQu\u00e9 son las rondas de operador?<\/h2><div class='special-heading-border'><div class='special-heading-inner-border' ><\/div><\/div><\/div><br \/>\n<section class=\"av_textblock_section\"  itemscope=\"itemscope\" itemtype=\"https:\/\/schema.org\/CreativeWork\" ><div class='avia_textblock'   itemprop=\"text\" ><p>Las rondas de operarios son b\u00e1sicamente inspecciones rutinarias de la planta para detectar equipos defectuosos, problemas t\u00e9cnicos y otras fallas. Sin embargo, en lugar de que un t\u00e9cnico realice estas rondas, los trabajadores dedicados a cada equipo pueden revisarlo con mayor eficiencia.<\/p>\n<p>Los operadores son la primera l\u00ednea de defensa para la protecci\u00f3n de los equipos. Se encargan de inspeccionar los activos, observar el funcionamiento de las m\u00e1quinas y solucionar problemas.<\/p>\n<p>En pocas palabras, las inspecciones de mantenimiento frecuentes pueden mejorar el rendimiento de la m\u00e1quina y aumentar sus resultados.<\/p>\n<p>Pero las rondas de los operadores son solo un aspecto de la creaci\u00f3n de una operaci\u00f3n de fabricaci\u00f3n eficaz. Digitalizarlas es el siguiente paso, lo que puede ayudar a garantizar la precisi\u00f3n y a crear una integraci\u00f3n fluida entre la direcci\u00f3n y los trabajadores.<\/p>\n<p>Esto se debe a que crear un sistema unificado para registrar las rondas de los operadores puede ser dif\u00edcil si a\u00fan se usa papel y l\u00e1piz. Su empresa puede ser propensa a omitir revisiones de mantenimiento y errores humanos si depende de los m\u00e9todos tradicionales de registro.<\/p>\n<\/div><\/section><\/p><\/div>\n\n<\/div><\/div><\/div><!-- close content main div --><\/div><\/div><div id='what-are-mobile-operator-rounds'  class='avia-section main_color avia-section-no-padding avia-no-border-styling avia-bg-style-scroll  avia-builder-el-8  el_after_av_section  el_before_av_section  glossary-container  container_wrap sidebar_right' style=' '  ><div class='container' ><div class='template-page content  av-content-small alpha units'><div class='post-entry post-entry-type-page post-entry-13152'><div class='entry-content-wrapper clearfix'>\n<div class=\"flex_column av_one_full  flex_column_div av-zero-column-padding first  avia-builder-el-9  avia-builder-el-no-sibling\" style='border-radius:0px; '><p><div  style='padding-bottom:10px; font-size:32px;' class='av-special-heading av-special-heading-h2  blockquote modern-quote  avia-builder-el-10  el_before_av_textblock  avia-builder-el-first  av-inherit-size'><h2 class='av-special-heading-tag'  itemprop=\"headline\"  >\u00bfQu\u00e9 son las rondas de operadores m\u00f3viles?<\/h2><div class='special-heading-border'><div class='special-heading-inner-border' ><\/div><\/div><\/div><br \/>\n<section class=\"av_textblock_section\"  itemscope=\"itemscope\" itemtype=\"https:\/\/schema.org\/CreativeWork\" ><div class='avia_textblock'   itemprop=\"text\" ><p>Olv\u00eddese de los portapapeles y las listas de verificaci\u00f3n en papel con las rondas operativas m\u00f3viles. Son iguales a las inspecciones regulares, solo que con un componente adicional: la tecnolog\u00eda.<\/p>\n<p>En lugar de depender del papel para anotar los detalles de cada inspecci\u00f3n, los trabajadores podr\u00e1n capturar sus notas mediante una aplicaci\u00f3n que se ejecuta en un dispositivo m\u00f3vil, como un tel\u00e9fono o una tableta. Esta aplicaci\u00f3n, que forma parte de un completo... <a href=\"https:\/\/www.augmentir.com\/glossary\/what-is-a-connected-worker-platform\">plataforma de trabajadores conectados<\/a>, es una ventanilla \u00fanica para ejecutar todas sus operaciones de mantenimiento.<\/p>\n<\/div><\/section><br \/>\n<div  class='avia-image-container  av-styling-    avia-builder-el-12  el_after_av_textblock  el_before_av_textblock  image-padding avia-align-center'  itemprop=\"image\" itemscope=\"itemscope\" itemtype=\"https:\/\/schema.org\/ImageObject\"  ><div class='avia-image-container-inner'><div class='avia-image-overlay-wrap'><img class='avia_image' src='https:\/\/www.augmentir.com\/wp-content\/uploads\/2022\/09\/mobile-operator-rounds-maintenance.jpg' alt='El operador m\u00f3vil realiza rondas de mantenimiento' title='' height=\"1067\" width=\"1600\"  itemprop=\"thumbnailUrl\"  \/><\/div><\/div><\/div><br \/>\n<section class=\"av_textblock_section\"  itemscope=\"itemscope\" itemtype=\"https:\/\/schema.org\/CreativeWork\" ><div class='avia_textblock'   itemprop=\"text\" ><p>All\u00ed, sus trabajadores tambi\u00e9n tendr\u00e1n acceso a instrucciones de trabajo digitales mientras realizan sus rondas con el operador m\u00f3vil. Estas instrucciones pueden mostrar c\u00f3mo realizar comprobaciones de mantenimiento, automatizar la captura de datos y ayudar a garantizar el cumplimiento normativo y la rendici\u00f3n de cuentas.<\/p>\n<\/div><\/section><\/p><\/div>\n\n<\/div><\/div><\/div><!-- close content main div --><\/div><\/div><div id='how-will-mobile-operator-rounds-transform-maintenance-operations'  class='avia-section main_color avia-section-no-padding avia-no-border-styling avia-bg-style-scroll  avia-builder-el-14  el_after_av_section  el_before_av_section  glossary-container  container_wrap sidebar_right' style=' '  ><div class='container' ><div class='template-page content  av-content-small alpha units'><div class='post-entry post-entry-type-page post-entry-13152'><div class='entry-content-wrapper clearfix'>\n<div class=\"flex_column av_one_full  flex_column_div av-zero-column-padding first  avia-builder-el-15  avia-builder-el-no-sibling\" style='border-radius:0px; '><p><div  style='padding-bottom:10px; font-size:32px;' class='av-special-heading av-special-heading-h2  blockquote modern-quote  avia-builder-el-16  el_before_av_textblock  avia-builder-el-first  av-inherit-size'><h2 class='av-special-heading-tag'  itemprop=\"headline\"  >\u00bfC\u00f3mo transformar\u00e1n las rondas de operadores m\u00f3viles las operaciones de mantenimiento?<\/h2><div class='special-heading-border'><div class='special-heading-inner-border' ><\/div><\/div><\/div><br \/>\n<section class=\"av_textblock_section\"  itemscope=\"itemscope\" itemtype=\"https:\/\/schema.org\/CreativeWork\" ><div class='avia_textblock'   itemprop=\"text\" ><p>El panorama manufacturero actual est\u00e1 cambiando r\u00e1pidamente, especialmente en la forma en que se realizan las inspecciones en el lugar de trabajo. Las empresas necesitan ser flexibles y adoptar procedimientos m\u00e1s eficientes para mantenerse a la vanguardia.<\/p>\n<p>Las rondas de operadores m\u00f3viles son la soluci\u00f3n. Pueden transformar la forma en que gestiona sus procesos e impactar en la longevidad de sus equipos y, en \u00faltima instancia, de su empresa.<\/p>\n<p>Realizar rondas de operadores m\u00f3viles reduce el riesgo de inactividad de los equipos. Proporciona a los trabajadores la informaci\u00f3n necesaria para tomar decisiones de mantenimiento al instante y proporciona a la gerencia los registros digitales necesarios. Por \u00faltimo, integrar los procedimientos operativos, diagramas de equipos y otra informaci\u00f3n clave en una plataforma conectada y compartida puede aumentar la productividad y la seguridad.<\/p>\n<p>La automatizaci\u00f3n de los controles de la planta garantizar\u00e1:<\/p>\n<ul>\n<li>Datos de inspecci\u00f3n y seguimiento en tiempo real<\/li>\n<li>Mayor productividad y cumplimiento<\/li>\n<li>Aumento de la moral y la retenci\u00f3n de los trabajadores<\/li>\n<li>Mayor competencia operativa<\/li>\n<li>Mejor transparencia de los datos<\/li>\n<li>Est\u00e1ndares de seguridad mejorados<\/li>\n<\/ul>\n<\/div><\/section><\/p><\/div>\n\n<\/div><\/div><\/div><!-- close content main div --><\/div><\/div><div id='how-can-you-digitize-operator-rounds'  class='avia-section main_color avia-section-no-padding avia-no-border-styling avia-bg-style-scroll  avia-builder-el-18  el_after_av_section  el_before_av_section  glossary-container  container_wrap sidebar_right' style=' '  ><div class='container' ><div class='template-page content  av-content-small alpha units'><div class='post-entry post-entry-type-page post-entry-13152'><div class='entry-content-wrapper clearfix'>\n<div class=\"flex_column av_one_full  flex_column_div av-zero-column-padding first  avia-builder-el-19  avia-builder-el-no-sibling\" style='border-radius:0px; '><p><div  style='padding-bottom:10px; font-size:32px;' class='av-special-heading av-special-heading-h2  blockquote modern-quote  avia-builder-el-20  el_before_av_textblock  avia-builder-el-first  av-inherit-size'><h2 class='av-special-heading-tag'  itemprop=\"headline\"  >\u00bfC\u00f3mo se pueden digitalizar las rondas de los operadores?<\/h2><div class='special-heading-border'><div class='special-heading-inner-border' ><\/div><\/div><\/div><br \/>\n<section class=\"av_textblock_section\"  itemscope=\"itemscope\" itemtype=\"https:\/\/schema.org\/CreativeWork\" ><div class='avia_textblock'   itemprop=\"text\" ><p>Digitalizar las rondas de los operadores puede evitar problemas de duplicaci\u00f3n de tareas o pasos omitidos. Adem\u00e1s, garantiza visibilidad en tiempo real entre departamentos. Pero, \u00bfc\u00f3mo se digitalizan exactamente las inspecciones de planta?<\/p>\n<p>Existen diferentes herramientas de software digital que ofrecen la posibilidad de compartir instrucciones de trabajo. Puede personalizar paneles con procedimientos, videos instructivos, funciones de seguimiento y m\u00e1s. Estas herramientas inteligentes pueden mejorar la calidad, la productividad y el conocimiento en todas las operaciones de fabricaci\u00f3n.<\/p>\n<p>La soluci\u00f3n de trabajador conectado de Augmentir, por ejemplo, ofrece soluciones personalizadas para mejorar una amplia gama de procesos operativos, incluidas las rondas de los operadores.<\/p>\n<\/div><\/section><br \/>\n<div  class='avia-image-container  av-styling-    avia-builder-el-22  el_after_av_textblock  el_before_av_textblock  glossary-inline-image avia-align-center'  itemprop=\"image\" itemscope=\"itemscope\" itemtype=\"https:\/\/schema.org\/ImageObject\"  ><div class='avia-image-container-inner'><div class='avia-image-overlay-wrap'><img class='avia_image' src='https:\/\/www.augmentir.com\/wp-content\/uploads\/2022\/07\/suite-digital-work-instructions.png' alt='rondas de operadores m\u00f3viles' title='' height=\"1532\" width=\"2363\"  itemprop=\"thumbnailUrl\"  \/><\/div><\/div><\/div><br \/>\n<section class=\"av_textblock_section\"  itemscope=\"itemscope\" itemtype=\"https:\/\/schema.org\/CreativeWork\" ><div class='avia_textblock'   itemprop=\"text\" ><p>Nuestro software de instrucciones de trabajo digitales facilita la digitalizaci\u00f3n de las rondas de los operadores y cualquier proceso de trabajo de primera l\u00ednea. Con el generador de flujos de trabajo sin c\u00f3digo de Augmentir, las empresas pueden convertir r\u00e1pidamente instrucciones y listas de verificaci\u00f3n en papel a formato digital y adaptarlas a las necesidades de cada operador con capacitaci\u00f3n en l\u00ednea, colaboraci\u00f3n integrada y soporte para la resoluci\u00f3n de problemas.<\/p>\n<\/div><\/section><\/p><\/div>\n\n<\/div><\/div><\/div><!-- close content main div --><\/div><\/div><div id='av_section_6'  class='avia-section main_color avia-section-no-padding avia-no-border-styling avia-bg-style-scroll  avia-builder-el-24  el_after_av_section  avia-builder-el-last  glossary-container  container_wrap sidebar_right' style=' margin-top:0px; margin-bottom:50px; '  ><div class='container' ><div class='template-page content  av-content-small alpha units'><div class='post-entry post-entry-type-page post-entry-13152'><div class='entry-content-wrapper clearfix'>\n<section class=\"av_textblock_section\"  itemscope=\"itemscope\" itemtype=\"https:\/\/schema.org\/CreativeWork\" ><div class='avia_textblock'   itemprop=\"text\" ><p><strong>\u00bfLe interesa saber c\u00f3mo la soluci\u00f3n para trabajadores conectados de Augmentir puede ayudarle a implementar rondas de operadores m\u00f3viles en su planta de fabricaci\u00f3n? Cont\u00e1ctenos para obtener m\u00e1s informaci\u00f3n. <a href=\"https:\/\/www.augmentir.com\/request-a-demo\">demostraci\u00f3n gratuita<\/a>.<\/strong><\/p>\n<p><strong><br \/>\n<div class=\"cta\"><div class=\"content\"><div class=\"eyebrow-headline\">Vea Augmentir en acci\u00f3n<\/div><div class=\"heading\">Cont\u00e1ctenos para una demostraci\u00f3n personalizada<\/div><div class=\"copy\" style=\"min-height:30px;\"><\/div><div class=\"link\"><a class=\"btn btn-white\" href=\"\/request-a-demo\">Reservar una demostraci\u00f3n<\/a><\/div><\/div><div class=\"dashboard\"><\/div><\/div><\/strong><\/p>\n<\/div><\/section>\n<\/div><\/div><\/div><!-- close content main div --><\/div><\/div><div id='after_section_6'  class='main_color av_default_container_wrap container_wrap sidebar_right' style=' '  ><div class='container' ><div class='template-page content  av-content-small alpha units'><div class='post-entry post-entry-type-page post-entry-13152'><div class='entry-content-wrapper clearfix'>","protected":false},"excerpt":{"rendered":"","protected":false},"author":1,"featured_media":0,"parent":11161,"menu_order":0,"comment_status":"closed","ping_status":"closed","template":"","meta":{"inline_featured_image":false,"_lmt_disableupdate":"no","_lmt_disable":"","footnotes":""},"class_list":["post-13152","page","type-page","status-publish","hentry"],"yoast_head":"<!-- This site is optimized with the Yoast SEO plugin v27.2 - https:\/\/yoast.com\/product\/yoast-seo-wordpress\/ -->\n<title>Operator Rounds - Digitize Plant Maintenance with Mobile Operator Rounds - Augmentir<\/title>\n<meta name=\"description\" content=\"Learn about operator rounds and how they can be digitized to transform manufacturing maintenance operations.\" \/>\n<meta name=\"robots\" content=\"index, follow, max-snippet:-1, max-image-preview:large, max-video-preview:-1\" \/>\n<link rel=\"canonical\" href=\"https:\/\/www.augmentir.com\/es\/glossary\/operator-rounds\" \/>\n<meta property=\"og:locale\" content=\"es_ES\" \/>\n<meta property=\"og:type\" content=\"article\" \/>\n<meta property=\"og:title\" content=\"Operator Rounds - Digitize Plant Maintenance with Mobile Operator Rounds - Augmentir\" \/>\n<meta property=\"og:description\" content=\"Learn about operator rounds and how they can be digitized to transform manufacturing maintenance operations.\" \/>\n<meta property=\"og:url\" content=\"https:\/\/www.augmentir.com\/es\/glossary\/operator-rounds\" \/>\n<meta property=\"og:site_name\" content=\"Augmentir\" \/>\n<meta property=\"article:modified_time\" content=\"2024-12-20T18:00:58+00:00\" \/>\n<meta name=\"twitter:card\" content=\"summary_large_image\" \/>\n<meta name=\"twitter:site\" content=\"@augmentir\" \/>\n<script type=\"application\/ld+json\" class=\"yoast-schema-graph\">{\"@context\":\"https:\/\/schema.org\",\"@graph\":[{\"@type\":\"WebPage\",\"@id\":\"https:\/\/www.augmentir.com\/glossary\/operator-rounds\",\"url\":\"https:\/\/www.augmentir.com\/glossary\/operator-rounds\",\"name\":\"Operator Rounds - Digitize Plant Maintenance with Mobile Operator Rounds - Augmentir\",\"isPartOf\":{\"@id\":\"https:\/\/www.augmentir.com\/#website\"},\"datePublished\":\"2022-09-29T14:21:12+00:00\",\"dateModified\":\"2024-12-20T18:00:58+00:00\",\"description\":\"Learn about operator rounds and how they can be digitized to transform manufacturing maintenance operations.\",\"breadcrumb\":{\"@id\":\"https:\/\/www.augmentir.com\/glossary\/operator-rounds#breadcrumb\"},\"inLanguage\":\"es\",\"potentialAction\":[{\"@type\":\"ReadAction\",\"target\":[\"https:\/\/www.augmentir.com\/glossary\/operator-rounds\"]}]},{\"@type\":\"BreadcrumbList\",\"@id\":\"https:\/\/www.augmentir.com\/glossary\/operator-rounds#breadcrumb\",\"itemListElement\":[{\"@type\":\"ListItem\",\"position\":1,\"name\":\"Home\",\"item\":\"https:\/\/www.augmentir.com\/\"},{\"@type\":\"ListItem\",\"position\":2,\"name\":\"Topics\",\"item\":\"https:\/\/www.augmentir.com\/glossary\"},{\"@type\":\"ListItem\",\"position\":3,\"name\":\"Operator Rounds &#8211; Digitize Plant Maintenance with Mobile Operator Rounds\"}]},{\"@type\":\"WebSite\",\"@id\":\"https:\/\/www.augmentir.com\/#website\",\"url\":\"https:\/\/www.augmentir.com\/\",\"name\":\"Augmentir\",\"description\":\"AI-Powered Connected Worker Platform\",\"publisher\":{\"@id\":\"https:\/\/www.augmentir.com\/#organization\"},\"potentialAction\":[{\"@type\":\"SearchAction\",\"target\":{\"@type\":\"EntryPoint\",\"urlTemplate\":\"https:\/\/www.augmentir.com\/?s={search_term_string}\"},\"query-input\":{\"@type\":\"PropertyValueSpecification\",\"valueRequired\":true,\"valueName\":\"search_term_string\"}}],\"inLanguage\":\"es\"},{\"@type\":\"Organization\",\"@id\":\"https:\/\/www.augmentir.com\/#organization\",\"name\":\"Augmentir, Inc.\",\"url\":\"https:\/\/www.augmentir.com\/\",\"logo\":{\"@type\":\"ImageObject\",\"inLanguage\":\"es\",\"@id\":\"https:\/\/www.augmentir.com\/#\/schema\/logo\/image\/\",\"url\":\"https:\/\/www.augmentir.com\/wp-content\/uploads\/2021\/10\/Augmentir_Logo.svg\",\"contentUrl\":\"https:\/\/www.augmentir.com\/wp-content\/uploads\/2021\/10\/Augmentir_Logo.svg\",\"width\":\"1200\",\"height\":\"1200\",\"caption\":\"Augmentir, Inc.\"},\"image\":{\"@id\":\"https:\/\/www.augmentir.com\/#\/schema\/logo\/image\/\"},\"sameAs\":[\"https:\/\/x.com\/augmentir\",\"https:\/\/www.linkedin.com\/company\/augmentir\"]}]}<\/script>\n<!-- \/ Yoast SEO plugin. -->","yoast_head_json":{"title":"Operator Rounds - Digitize Plant Maintenance with Mobile Operator Rounds - Augmentir","description":"Learn about operator rounds and how they can be digitized to transform manufacturing maintenance operations.","robots":{"index":"index","follow":"follow","max-snippet":"max-snippet:-1","max-image-preview":"max-image-preview:large","max-video-preview":"max-video-preview:-1"},"canonical":"https:\/\/www.augmentir.com\/es\/glossary\/operator-rounds","og_locale":"es_ES","og_type":"article","og_title":"Operator Rounds - Digitize Plant Maintenance with Mobile Operator Rounds - Augmentir","og_description":"Learn about operator rounds and how they can be digitized to transform manufacturing maintenance operations.","og_url":"https:\/\/www.augmentir.com\/es\/glossary\/operator-rounds","og_site_name":"Augmentir","article_modified_time":"2024-12-20T18:00:58+00:00","twitter_card":"summary_large_image","twitter_site":"@augmentir","schema":{"@context":"https:\/\/schema.org","@graph":[{"@type":"WebPage","@id":"https:\/\/www.augmentir.com\/glossary\/operator-rounds","url":"https:\/\/www.augmentir.com\/glossary\/operator-rounds","name":"Operator Rounds - Digitize Plant Maintenance with Mobile Operator Rounds - Augmentir","isPartOf":{"@id":"https:\/\/www.augmentir.com\/#website"},"datePublished":"2022-09-29T14:21:12+00:00","dateModified":"2024-12-20T18:00:58+00:00","description":"Learn about operator rounds and how they can be digitized to transform manufacturing maintenance operations.","breadcrumb":{"@id":"https:\/\/www.augmentir.com\/glossary\/operator-rounds#breadcrumb"},"inLanguage":"es","potentialAction":[{"@type":"ReadAction","target":["https:\/\/www.augmentir.com\/glossary\/operator-rounds"]}]},{"@type":"BreadcrumbList","@id":"https:\/\/www.augmentir.com\/glossary\/operator-rounds#breadcrumb","itemListElement":[{"@type":"ListItem","position":1,"name":"Home","item":"https:\/\/www.augmentir.com\/"},{"@type":"ListItem","position":2,"name":"Topics","item":"https:\/\/www.augmentir.com\/glossary"},{"@type":"ListItem","position":3,"name":"Operator Rounds &#8211; Digitize Plant Maintenance with Mobile Operator Rounds"}]},{"@type":"WebSite","@id":"https:\/\/www.augmentir.com\/#website","url":"https:\/\/www.augmentir.com\/","name":"Augmentir","description":"AI-Powered Connected Worker Platform","publisher":{"@id":"https:\/\/www.augmentir.com\/#organization"},"potentialAction":[{"@type":"SearchAction","target":{"@type":"EntryPoint","urlTemplate":"https:\/\/www.augmentir.com\/?s={search_term_string}"},"query-input":{"@type":"PropertyValueSpecification","valueRequired":true,"valueName":"search_term_string"}}],"inLanguage":"es"},{"@type":"Organization","@id":"https:\/\/www.augmentir.com\/#organization","name":"Augmentir, Inc.","url":"https:\/\/www.augmentir.com\/","logo":{"@type":"ImageObject","inLanguage":"es","@id":"https:\/\/www.augmentir.com\/#\/schema\/logo\/image\/","url":"https:\/\/www.augmentir.com\/wp-content\/uploads\/2021\/10\/Augmentir_Logo.svg","contentUrl":"https:\/\/www.augmentir.com\/wp-content\/uploads\/2021\/10\/Augmentir_Logo.svg","width":"1200","height":"1200","caption":"Augmentir, Inc."},"image":{"@id":"https:\/\/www.augmentir.com\/#\/schema\/logo\/image\/"},"sameAs":["https:\/\/x.com\/augmentir","https:\/\/www.linkedin.com\/company\/augmentir"]}]}},"_links":{"self":[{"href":"https:\/\/www.augmentir.com\/es\/wp-json\/wp\/v2\/pages\/13152","targetHints":{"allow":["GET"]}}],"collection":[{"href":"https:\/\/www.augmentir.com\/es\/wp-json\/wp\/v2\/pages"}],"about":[{"href":"https:\/\/www.augmentir.com\/es\/wp-json\/wp\/v2\/types\/page"}],"author":[{"embeddable":true,"href":"https:\/\/www.augmentir.com\/es\/wp-json\/wp\/v2\/users\/1"}],"replies":[{"embeddable":true,"href":"https:\/\/www.augmentir.com\/es\/wp-json\/wp\/v2\/comments?post=13152"}],"version-history":[{"count":0,"href":"https:\/\/www.augmentir.com\/es\/wp-json\/wp\/v2\/pages\/13152\/revisions"}],"up":[{"embeddable":true,"href":"https:\/\/www.augmentir.com\/es\/wp-json\/wp\/v2\/pages\/11161"}],"wp:attachment":[{"href":"https:\/\/www.augmentir.com\/es\/wp-json\/wp\/v2\/media?parent=13152"}],"curies":[{"name":"wp","href":"https:\/\/api.w.org\/{rel}","templated":true}]}}