{"id":13141,"date":"2022-09-26T16:07:43","date_gmt":"2022-09-26T16:07:43","guid":{"rendered":"https:\/\/www.augmentir.com\/?page_id=13141"},"modified":"2022-09-28T21:05:45","modified_gmt":"2022-09-28T21:05:45","slug":"leaphr","status":"publish","type":"page","link":"https:\/\/www.augmentir.com\/es\/lp\/leaphr","title":{"rendered":"Leap HR Manufacturing: libro electr\u00f3nico sobre gesti\u00f3n de habilidades"},"content":{"rendered":"<div id='top-section'  class='avia-section main_color avia-section-default avia-no-border-styling avia-bg-style-scroll  avia-builder-el-0  avia-builder-el-no-sibling   container_wrap sidebar_right' style='background-repeat: repeat-y; background-image: url(https:\/\/www.augmentir.com\/wp-content\/uploads\/2021\/10\/page-half-background.png);background-attachment: scroll; background-position: center center;  '  data-section-bg-repeat='repeat-y'><div class='container' ><main  role=\"main\" itemprop=\"mainContentOfPage\"  class='template-page content  av-content-small alpha units'><div class='post-entry post-entry-type-page post-entry-13141'><div class='entry-content-wrapper clearfix'>\n<div class=\"flex_column av_one_half  av-break-at-tablet flex_column_div first  avia-builder-el-1  el_before_av_one_half  avia-builder-el-first  first-column\" style='padding:0px 30px 0px 0px ; border-radius:0px; '><p><section class=\"av_textblock_section\"  itemscope=\"itemscope\" itemtype=\"https:\/\/schema.org\/CreativeWork\" ><div class='avia_textblock eyebrow-headline av_inherit_color'  style='color:#222222; '  itemprop=\"text\" ><p>Libro electr\u00f3nico<\/p>\n<\/div><\/section><br \/>\n<div  style='padding-bottom:0px; margin-top:0px; font-size:40px;' class='av-special-heading av-special-heading-h1  blockquote modern-quote  avia-builder-el-3  el_after_av_textblock  el_before_av_textblock  h1-page-title av-thin-font av-inherit-size'><h1 class='av-special-heading-tag'  itemprop=\"headline\"  ><strong>El futuro del trabajo:<\/strong><br \/>\nReducir la brecha entre la gesti\u00f3n de habilidades y la ejecuci\u00f3n del trabajo<\/h1><div class='special-heading-border'><div class='special-heading-inner-border' ><\/div><\/div><\/div><br \/>\n<section class=\"av_textblock_section\"  itemscope=\"itemscope\" itemtype=\"https:\/\/schema.org\/CreativeWork\" ><div class='avia_textblock'   itemprop=\"text\" ><div class=\"page\" title=\"P\u00e1gina 1\">\n<div class=\"section\">\n<div class=\"layoutArea\">\n<div class=\"column\">\n<p>C\u00f3mo <b><i>Elegante<\/i><\/b> El software de gesti\u00f3n de habilidades est\u00e1 ayudando a los fabricantes a cerrar la brecha entre la capacitaci\u00f3n, las habilidades y el trabajo para construir una fuerza laboral m\u00e1s resiliente y \u00e1gil.<\/p>\n<\/div>\n<\/div>\n<\/div>\n<\/div>\n<\/div><\/section><br \/>\n<div  class='avia-image-container  av-styling-   av-medium-hide av-small-hide av-mini-hide  avia-builder-el-5  el_after_av_textblock  el_before_av_hr  avia-align-center'  itemprop=\"image\" itemscope=\"itemscope\" itemtype=\"https:\/\/schema.org\/ImageObject\"  ><div class='avia-image-container-inner'><div class='avia-image-overlay-wrap'><img class='avia_image' src='https:\/\/www.augmentir.com\/wp-content\/uploads\/2022\/09\/the-future-of-training-and-skills-management.png' alt='El futuro de la formaci\u00f3n y la gesti\u00f3n de habilidades' title='' height=\"630\" width=\"1200\"  itemprop=\"thumbnailUrl\"  \/><\/div><\/div><\/div><br \/>\n<div  style='height:30px' class='hr hr-invisible  av-small-hide av-mini-hide  avia-builder-el-6  el_after_av_image  el_before_av_textblock'><span class='hr-inner' ><span class='hr-inner-style'><\/span><\/span><\/div><br \/>\n<section class=\"av_textblock_section  av-medium-hide av-small-hide av-mini-hide\"  itemscope=\"itemscope\" itemtype=\"https:\/\/schema.org\/CreativeWork\" ><div class='avia_textblock'  style='font-size:16px; '  itemprop=\"text\" ><div class=\"page\" title=\"P\u00e1gina 2\">\n<div class=\"section\">\n<div class=\"layoutArea\">\n<div class=\"column\">\n<p>En cualquier entorno de fabricaci\u00f3n, realizar un seguimiento eficaz de las habilidades y competencias de los trabajadores puede ser un desaf\u00edo. Sin embargo, si se hace correctamente, puede ayudar a las empresas a tomar decisiones m\u00e1s informadas y a mejorar la productividad general.<\/p>\n<p>Desarrollar un programa de gesti\u00f3n de habilidades y competencias puede ayudar a organizar, estandarizar y monitorear las habilidades de su fuerza laboral. Esto es especialmente \u00fatil en empresas grandes, donde mantener manualmente los registros individuales de los trabajadores puede ser costoso y requerir mucho tiempo.<\/p>\n<p>Cuando una organizaci\u00f3n conoce las habilidades y competencias de su fuerza laboral, los gerentes pueden asignar mejor tareas y cumplir roles espec\u00edficos, brindar capacitaci\u00f3n espec\u00edfica e identificar cualquier brecha de habilidades.<\/p>\n<p><b>Software de gesti\u00f3n de habilidades <\/b>Se utiliza cada vez m\u00e1s para ayudar a organizar, automatizar y simplificar el proceso de validaci\u00f3n y seguimiento de las habilidades de los empleados.<\/p>\n<div class=\"page\" title=\"P\u00e1gina 3\">\n<div class=\"section\">\n<div class=\"layoutArea\">\n<div class=\"column\"><\/div>\n<\/div>\n<\/div>\n<\/div>\n<\/div>\n<\/div>\n<\/div>\n<\/div>\n<\/div><\/section><\/p><\/div><div class=\"flex_column av_one_half  av-break-at-tablet flex_column_div   avia-builder-el-8  el_after_av_one_half  avia-builder-el-last  form-container-column\" style='padding:0px 0px 0px 30px ; border-radius:0px; '><p><section class=\"av_textblock_section  av-medium-hide av-small-hide av-mini-hide\"  itemscope=\"itemscope\" itemtype=\"https:\/\/schema.org\/CreativeWork\" ><div class='avia_textblock  av_inherit_color'  style='color:#ffffff; '  itemprop=\"text\" ><p>La combinaci\u00f3n de una fuerza laboral conectada y la digitalizaci\u00f3n de la gesti\u00f3n de habilidades est\u00e1 ayudando a los fabricantes a cerrar la brecha entre la capacitaci\u00f3n, las habilidades y el trabajo para la cambiante fuerza laboral actual.<\/p>\n<p>Con la Digitalizaci\u00f3n Inteligente, las empresas pueden ofrecer valor continuo. M\u00e1s espec\u00edficamente, inteligencia de la fuerza laboral en tiempo real que permite comprender mejor las necesidades de capacitaci\u00f3n, orientaci\u00f3n y soporte, as\u00ed como brindar informaci\u00f3n pr\u00e1ctica y real sobre oportunidades de mejora continua.<\/p>\n<p>Descargue nuestro libro electr\u00f3nico para obtener m\u00e1s informaci\u00f3n.<\/p>\n<\/div><\/section><br \/>\n<div  style='height:50px' class='hr hr-invisible  av-medium-hide av-small-hide av-mini-hide  avia-builder-el-10  el_after_av_textblock  el_before_av_image'><span class='hr-inner' ><span class='hr-inner-style'><\/span><\/span><\/div><br \/>\n<div  class='avia-image-container  av-styling-   av-desktop-hide  avia-builder-el-11  el_after_av_hr  el_before_av_button  avia-align-center'  itemprop=\"image\" itemscope=\"itemscope\" itemtype=\"https:\/\/schema.org\/ImageObject\"  ><div class='avia-image-container-inner'><div class='avia-image-overlay-wrap'><img class='avia_image' src='https:\/\/www.augmentir.com\/wp-content\/uploads\/2022\/09\/the-future-of-training-and-skills-management-m.png' alt='El futuro de la formaci\u00f3n y la gesti\u00f3n de competencias' title='' height=\"630\" width=\"1200\"  itemprop=\"thumbnailUrl\"  \/><\/div><\/div><\/div><br \/>\n<div  class='avia-button-wrap avia-button-center  avia-builder-el-12  el_after_av_image  el_before_av_codeblock' ><a href='#download-form'  class='avia-button   av-desktop-hide avia-icon_select-yes-right-icon avia-color-custom avia-size-small avia-position-center'  style='background-color:#061d27; border-color:#061d27; color:#ffffff; ' ><span class='avia_iconbox_title' >Descargar libro electr\u00f3nico<\/span><span class='avia_button_icon avia_button_icon_right' aria-hidden='true' data-av_icon='\ue87b' data-av_iconfont='entypo-fontello'><\/span><\/a><\/div><br \/>\n<\/p><\/div><\/div><\/div><\/main><!-- close content main element --><\/div><\/div><div id='after_section_1'  class='main_color av_default_container_wrap container_wrap sidebar_right' style=' '  ><div class='container' ><div class='template-page content  av-content-small alpha units'><div class='post-entry post-entry-type-page post-entry-13141'><div class='entry-content-wrapper clearfix'>","protected":false},"excerpt":{"rendered":"","protected":false},"author":1,"featured_media":13142,"parent":3846,"menu_order":0,"comment_status":"closed","ping_status":"closed","template":"","meta":{"inline_featured_image":false,"_lmt_disableupdate":"no","_lmt_disable":"","footnotes":""},"class_list":["post-13141","page","type-page","status-publish","has-post-thumbnail","hentry"],"yoast_head":"<!-- This site is optimized with the Yoast SEO plugin v27.2 - https:\/\/yoast.com\/product\/yoast-seo-wordpress\/ -->\n<title>Leap HR Manufacturing - Skills Management eBook - Augmentir<\/title>\n<meta name=\"description\" content=\"How Smart Skills Management Software is helping manufacturers bridge the gap between training, skills, and work for today\u2019s changing workforce.\" \/>\n<meta name=\"robots\" content=\"index, follow, max-snippet:-1, max-image-preview:large, max-video-preview:-1\" \/>\n<link rel=\"canonical\" href=\"https:\/\/www.augmentir.com\/es\/lp\/leaphr\" \/>\n<meta property=\"og:locale\" content=\"es_ES\" \/>\n<meta property=\"og:type\" content=\"article\" \/>\n<meta property=\"og:title\" content=\"Leap HR Manufacturing - Skills Management eBook - Augmentir\" \/>\n<meta property=\"og:description\" content=\"How Smart Skills Management Software is helping manufacturers bridge the gap between training, skills, and work for today\u2019s changing workforce.\" \/>\n<meta property=\"og:url\" content=\"https:\/\/www.augmentir.com\/es\/lp\/leaphr\" \/>\n<meta property=\"og:site_name\" content=\"Augmentir\" \/>\n<meta property=\"article:modified_time\" content=\"2022-09-28T21:05:45+00:00\" \/>\n<meta property=\"og:image\" content=\"https:\/\/www.augmentir.com\/wp-content\/uploads\/2022\/09\/the-future-of-training-and-skills-management.png\" \/>\n\t<meta property=\"og:image:width\" content=\"1200\" \/>\n\t<meta property=\"og:image:height\" content=\"630\" \/>\n\t<meta property=\"og:image:type\" content=\"image\/png\" \/>\n<meta name=\"twitter:card\" content=\"summary_large_image\" \/>\n<meta name=\"twitter:site\" content=\"@augmentir\" \/>\n<script type=\"application\/ld+json\" class=\"yoast-schema-graph\">{\"@context\":\"https:\/\/schema.org\",\"@graph\":[{\"@type\":\"WebPage\",\"@id\":\"https:\/\/www.augmentir.com\/lp\/leaphr\",\"url\":\"https:\/\/www.augmentir.com\/lp\/leaphr\",\"name\":\"Leap HR Manufacturing - Skills Management eBook - Augmentir\",\"isPartOf\":{\"@id\":\"https:\/\/www.augmentir.com\/#website\"},\"primaryImageOfPage\":{\"@id\":\"https:\/\/www.augmentir.com\/lp\/leaphr#primaryimage\"},\"image\":{\"@id\":\"https:\/\/www.augmentir.com\/lp\/leaphr#primaryimage\"},\"thumbnailUrl\":\"https:\/\/www.augmentir.com\/wp-content\/uploads\/2022\/09\/the-future-of-training-and-skills-management.png\",\"datePublished\":\"2022-09-26T16:07:43+00:00\",\"dateModified\":\"2022-09-28T21:05:45+00:00\",\"description\":\"How Smart Skills Management Software is helping manufacturers bridge the gap between training, skills, and work for today\u2019s changing workforce.\",\"breadcrumb\":{\"@id\":\"https:\/\/www.augmentir.com\/lp\/leaphr#breadcrumb\"},\"inLanguage\":\"es\",\"potentialAction\":[{\"@type\":\"ReadAction\",\"target\":[\"https:\/\/www.augmentir.com\/lp\/leaphr\"]}]},{\"@type\":\"ImageObject\",\"inLanguage\":\"es\",\"@id\":\"https:\/\/www.augmentir.com\/lp\/leaphr#primaryimage\",\"url\":\"https:\/\/www.augmentir.com\/wp-content\/uploads\/2022\/09\/the-future-of-training-and-skills-management.png\",\"contentUrl\":\"https:\/\/www.augmentir.com\/wp-content\/uploads\/2022\/09\/the-future-of-training-and-skills-management.png\",\"width\":1200,\"height\":630,\"caption\":\"the future of training and skills management\"},{\"@type\":\"BreadcrumbList\",\"@id\":\"https:\/\/www.augmentir.com\/lp\/leaphr#breadcrumb\",\"itemListElement\":[{\"@type\":\"ListItem\",\"position\":1,\"name\":\"Home\",\"item\":\"https:\/\/www.augmentir.com\/\"},{\"@type\":\"ListItem\",\"position\":2,\"name\":\"Augmentir &#8211; Augmented Operations Platform\",\"item\":\"https:\/\/www.augmentir.com\/lp\"},{\"@type\":\"ListItem\",\"position\":3,\"name\":\"Leap HR Manufacturing &#8211; Skills Management eBook\"}]},{\"@type\":\"WebSite\",\"@id\":\"https:\/\/www.augmentir.com\/#website\",\"url\":\"https:\/\/www.augmentir.com\/\",\"name\":\"Augmentir\",\"description\":\"AI-Powered Connected Worker Platform\",\"publisher\":{\"@id\":\"https:\/\/www.augmentir.com\/#organization\"},\"potentialAction\":[{\"@type\":\"SearchAction\",\"target\":{\"@type\":\"EntryPoint\",\"urlTemplate\":\"https:\/\/www.augmentir.com\/?s={search_term_string}\"},\"query-input\":{\"@type\":\"PropertyValueSpecification\",\"valueRequired\":true,\"valueName\":\"search_term_string\"}}],\"inLanguage\":\"es\"},{\"@type\":\"Organization\",\"@id\":\"https:\/\/www.augmentir.com\/#organization\",\"name\":\"Augmentir, Inc.\",\"url\":\"https:\/\/www.augmentir.com\/\",\"logo\":{\"@type\":\"ImageObject\",\"inLanguage\":\"es\",\"@id\":\"https:\/\/www.augmentir.com\/#\/schema\/logo\/image\/\",\"url\":\"https:\/\/www.augmentir.com\/wp-content\/uploads\/2021\/10\/Augmentir_Logo.svg\",\"contentUrl\":\"https:\/\/www.augmentir.com\/wp-content\/uploads\/2021\/10\/Augmentir_Logo.svg\",\"width\":\"1200\",\"height\":\"1200\",\"caption\":\"Augmentir, Inc.\"},\"image\":{\"@id\":\"https:\/\/www.augmentir.com\/#\/schema\/logo\/image\/\"},\"sameAs\":[\"https:\/\/x.com\/augmentir\",\"https:\/\/www.linkedin.com\/company\/augmentir\"]}]}<\/script>\n<!-- \/ Yoast SEO plugin. -->","yoast_head_json":{"title":"Leap HR Manufacturing - Skills Management eBook - Augmentir","description":"How Smart Skills Management Software is helping manufacturers bridge the gap between training, skills, and work for today\u2019s changing workforce.","robots":{"index":"index","follow":"follow","max-snippet":"max-snippet:-1","max-image-preview":"max-image-preview:large","max-video-preview":"max-video-preview:-1"},"canonical":"https:\/\/www.augmentir.com\/es\/lp\/leaphr","og_locale":"es_ES","og_type":"article","og_title":"Leap HR Manufacturing - Skills Management eBook - Augmentir","og_description":"How Smart Skills Management Software is helping manufacturers bridge the gap between training, skills, and work for today\u2019s changing workforce.","og_url":"https:\/\/www.augmentir.com\/es\/lp\/leaphr","og_site_name":"Augmentir","article_modified_time":"2022-09-28T21:05:45+00:00","og_image":[{"width":1200,"height":630,"url":"https:\/\/www.augmentir.com\/wp-content\/uploads\/2022\/09\/the-future-of-training-and-skills-management.png","type":"image\/png"}],"twitter_card":"summary_large_image","twitter_site":"@augmentir","schema":{"@context":"https:\/\/schema.org","@graph":[{"@type":"WebPage","@id":"https:\/\/www.augmentir.com\/lp\/leaphr","url":"https:\/\/www.augmentir.com\/lp\/leaphr","name":"Leap HR Manufacturing - Skills Management eBook - Augmentir","isPartOf":{"@id":"https:\/\/www.augmentir.com\/#website"},"primaryImageOfPage":{"@id":"https:\/\/www.augmentir.com\/lp\/leaphr#primaryimage"},"image":{"@id":"https:\/\/www.augmentir.com\/lp\/leaphr#primaryimage"},"thumbnailUrl":"https:\/\/www.augmentir.com\/wp-content\/uploads\/2022\/09\/the-future-of-training-and-skills-management.png","datePublished":"2022-09-26T16:07:43+00:00","dateModified":"2022-09-28T21:05:45+00:00","description":"How Smart Skills Management Software is helping manufacturers bridge the gap between training, skills, and work for today\u2019s changing workforce.","breadcrumb":{"@id":"https:\/\/www.augmentir.com\/lp\/leaphr#breadcrumb"},"inLanguage":"es","potentialAction":[{"@type":"ReadAction","target":["https:\/\/www.augmentir.com\/lp\/leaphr"]}]},{"@type":"ImageObject","inLanguage":"es","@id":"https:\/\/www.augmentir.com\/lp\/leaphr#primaryimage","url":"https:\/\/www.augmentir.com\/wp-content\/uploads\/2022\/09\/the-future-of-training-and-skills-management.png","contentUrl":"https:\/\/www.augmentir.com\/wp-content\/uploads\/2022\/09\/the-future-of-training-and-skills-management.png","width":1200,"height":630,"caption":"the future of training and skills management"},{"@type":"BreadcrumbList","@id":"https:\/\/www.augmentir.com\/lp\/leaphr#breadcrumb","itemListElement":[{"@type":"ListItem","position":1,"name":"Home","item":"https:\/\/www.augmentir.com\/"},{"@type":"ListItem","position":2,"name":"Augmentir &#8211; Augmented Operations Platform","item":"https:\/\/www.augmentir.com\/lp"},{"@type":"ListItem","position":3,"name":"Leap HR Manufacturing &#8211; Skills Management eBook"}]},{"@type":"WebSite","@id":"https:\/\/www.augmentir.com\/#website","url":"https:\/\/www.augmentir.com\/","name":"Augmentir","description":"AI-Powered Connected Worker Platform","publisher":{"@id":"https:\/\/www.augmentir.com\/#organization"},"potentialAction":[{"@type":"SearchAction","target":{"@type":"EntryPoint","urlTemplate":"https:\/\/www.augmentir.com\/?s={search_term_string}"},"query-input":{"@type":"PropertyValueSpecification","valueRequired":true,"valueName":"search_term_string"}}],"inLanguage":"es"},{"@type":"Organization","@id":"https:\/\/www.augmentir.com\/#organization","name":"Augmentir, Inc.","url":"https:\/\/www.augmentir.com\/","logo":{"@type":"ImageObject","inLanguage":"es","@id":"https:\/\/www.augmentir.com\/#\/schema\/logo\/image\/","url":"https:\/\/www.augmentir.com\/wp-content\/uploads\/2021\/10\/Augmentir_Logo.svg","contentUrl":"https:\/\/www.augmentir.com\/wp-content\/uploads\/2021\/10\/Augmentir_Logo.svg","width":"1200","height":"1200","caption":"Augmentir, Inc."},"image":{"@id":"https:\/\/www.augmentir.com\/#\/schema\/logo\/image\/"},"sameAs":["https:\/\/x.com\/augmentir","https:\/\/www.linkedin.com\/company\/augmentir"]}]}},"_links":{"self":[{"href":"https:\/\/www.augmentir.com\/es\/wp-json\/wp\/v2\/pages\/13141","targetHints":{"allow":["GET"]}}],"collection":[{"href":"https:\/\/www.augmentir.com\/es\/wp-json\/wp\/v2\/pages"}],"about":[{"href":"https:\/\/www.augmentir.com\/es\/wp-json\/wp\/v2\/types\/page"}],"author":[{"embeddable":true,"href":"https:\/\/www.augmentir.com\/es\/wp-json\/wp\/v2\/users\/1"}],"replies":[{"embeddable":true,"href":"https:\/\/www.augmentir.com\/es\/wp-json\/wp\/v2\/comments?post=13141"}],"version-history":[{"count":0,"href":"https:\/\/www.augmentir.com\/es\/wp-json\/wp\/v2\/pages\/13141\/revisions"}],"up":[{"embeddable":true,"href":"https:\/\/www.augmentir.com\/es\/wp-json\/wp\/v2\/pages\/3846"}],"wp:featuredmedia":[{"embeddable":true,"href":"https:\/\/www.augmentir.com\/es\/wp-json\/wp\/v2\/media\/13142"}],"wp:attachment":[{"href":"https:\/\/www.augmentir.com\/es\/wp-json\/wp\/v2\/media?parent=13141"}],"curies":[{"name":"wp","href":"https:\/\/api.w.org\/{rel}","templated":true}]}}