{"id":12852,"date":"2022-07-09T10:59:27","date_gmt":"2022-07-09T10:59:27","guid":{"rendered":"https:\/\/www.augmentir.com\/?page_id=12852"},"modified":"2026-03-03T16:43:10","modified_gmt":"2026-03-03T16:43:10","slug":"tools","status":"publish","type":"page","link":"https:\/\/www.augmentir.com\/es\/lean-manufacturing\/tools","title":{"rendered":"Herramientas y software de fabricaci\u00f3n eficiente"},"content":{"rendered":"<div id='av_section_1'  class='avia-section main_color avia-section-small avia-no-border-styling avia-bg-style-scroll  avia-builder-el-0  el_before_av_section  avia-builder-el-first  glossary-container  container_wrap sidebar_right' style=' margin-top:10px; margin-bottom:0px; '  ><div class='container' ><main  role=\"main\" itemprop=\"mainContentOfPage\"  class='template-page content  av-content-small alpha units'><div class='post-entry post-entry-type-page post-entry-12852'><div class='entry-content-wrapper clearfix'>\n<div class=\"flex_column av_one_full  flex_column_div av-zero-column-padding first  avia-builder-el-1  avia-builder-el-no-sibling\" style='border-radius:0px; '><p><div  style='padding-bottom:10px; margin-top:16px; font-size:44px;' class='av-special-heading av-special-heading-h1  blockquote modern-quote  avia-builder-el-2  el_before_av_textblock  avia-builder-el-first  av-inherit-size'><h1 class='av-special-heading-tag'  itemprop=\"headline\"  >Herramientas de fabricaci\u00f3n ajustada<\/h1><div class='special-heading-border'><div class='special-heading-inner-border' ><\/div><\/div><\/div><br \/>\n<section class=\"av_textblock_section\"  itemscope=\"itemscope\" itemtype=\"https:\/\/schema.org\/CreativeWork\" ><div class='avia_textblock'   itemprop=\"text\" ><p>Las herramientas de manufactura esbelta ayudan a las empresas a resolver problemas, medir el rendimiento y optimizar los procesos de trabajo. Su objetivo es eliminar el desperdicio, simplificar los m\u00e9todos, crear un flujo de trabajo eficaz y mejorar el control de calidad.<\/p>\n<p>Ya sea que est\u00e9 fabricando un producto o impulsando la productividad de sus trabajadores, contar con las herramientas adecuadas puede ser de gran ayuda. Explicaremos m\u00e1s sobre las herramientas de manufactura esbelta al responder las siguientes preguntas:<\/p>\n<ul>\n<li>\u00bfQu\u00e9 herramientas se utilizan com\u00fanmente en la fabricaci\u00f3n eficiente?<\/li>\n<li>\u00bfC\u00f3mo pueden las herramientas Lean mejorar la producci\u00f3n?<\/li>\n<li>\u00bfCu\u00e1l es el futuro de las herramientas de fabricaci\u00f3n ajustada?<\/li>\n<\/ul>\n<\/div><\/section><\/p><\/div>\n\n<\/div><\/div><\/main><!-- close content main element --><\/div><\/div><div id='what-is-standardized-work'  class='avia-section main_color avia-section-no-padding avia-no-border-styling avia-bg-style-scroll  avia-builder-el-4  el_after_av_section  el_before_av_section  glossary-container  container_wrap sidebar_right' style=' '  ><div class='container' ><div class='template-page content  av-content-small alpha units'><div class='post-entry post-entry-type-page post-entry-12852'><div class='entry-content-wrapper clearfix'>\n<div class=\"flex_column av_one_full  flex_column_div av-zero-column-padding first  avia-builder-el-5  avia-builder-el-no-sibling\" style='border-radius:0px; '><p><div  style='padding-bottom:10px; font-size:32px;' class='av-special-heading av-special-heading-h2  blockquote modern-quote  avia-builder-el-6  el_before_av_textblock  avia-builder-el-first  av-inherit-size'><h2 class='av-special-heading-tag'  itemprop=\"headline\"  >\u00bfQu\u00e9 herramientas se utilizan com\u00fanmente en la fabricaci\u00f3n eficiente?<\/h2><div class='special-heading-border'><div class='special-heading-inner-border' ><\/div><\/div><\/div><br \/>\n<section class=\"av_textblock_section\"  itemscope=\"itemscope\" itemtype=\"https:\/\/schema.org\/CreativeWork\" ><div class='avia_textblock'   itemprop=\"text\" ><p>Algunas herramientas de manufactura esbelta ayudan a gestionar a los empleados, mientras que otras ofrecen pautas para resolver problemas. Existen diversas herramientas que pueden ayudar a las empresas a realizar estas operaciones; por eso, en lugar de enumerar productos espec\u00edficos, hemos elaborado una lista de tareas importantes que pueden automatizarse.<\/p>\n<p>Algunos ejemplos de tareas incluyen:<\/p>\n<ul>\n<li><strong>Planificar Hacer Verificar Actuar<\/strong>Esta herramienta es un procedimiento \u00fatil para identificar y resolver problemas r\u00e1pidamente. Es importante planificar con un objetivo espec\u00edfico, realizar el trabajo requerido, verificar los resultados y luego actuar para corregir los resultados indeseables.<\/li>\n<li><strong>Los cinco porqu\u00e9s<\/strong>:Esta t\u00e9cnica se basa en preguntar \u201cpor qu\u00e9\u201d cinco veces para detectar la ra\u00edz del problema y solucionarlo.<\/li>\n<li><strong>Poka-Yoke: <\/strong>Esta t\u00e9cnica (un t\u00e9rmino japon\u00e9s que se pronuncia PO-ka yo-KAY) implica la detecci\u00f3n de errores para eliminar defectos del producto previniendo, corrigiendo o arrojando luz sobre los errores humanos.<\/li>\n<li><strong>Seis grandes p\u00e9rdidas: <\/strong>Esta herramienta est\u00e1 estrechamente relacionada con el mantenimiento productivo total, un m\u00e9todo centrado en el mantenimiento y la mejora de la maquinaria de fabricaci\u00f3n para reducir los costos operativos. Las seis grandes p\u00e9rdidas ofrecen una excelente manera de categorizar las p\u00e9rdidas de equipo, que consisten en paradas no planificadas, paradas planificadas, paradas peque\u00f1as, ciclos lentos, rechazos de producci\u00f3n y rechazos de arranque.<\/li>\n<li><strong>Gemba: <\/strong>Esta herramienta significa &quot;el lugar real&quot; en japon\u00e9s. Se refiere al lugar f\u00edsico o digital donde se trabaja, desde un taller hasta una planta de fabricaci\u00f3n.<\/li>\n<li><strong>Jidoka: <\/strong>Esta herramienta se traduce como &quot;automatizaci\u00f3n inteligente&quot; o &quot;automatizaci\u00f3n con un toque humano&quot; en japon\u00e9s. Es un proceso para mantener el control de calidad en un entorno semiautomatizado.<\/li>\n<li><strong>Fabricaci\u00f3n celular: <\/strong>Esta t\u00e9cnica implica organizar las estaciones de trabajo en funci\u00f3n de las piezas que producen para reducir el tiempo de viaje y aumentar la retroalimentaci\u00f3n entre las estaciones.<\/li>\n<\/ul>\n<\/div><\/section><\/p><\/div>\n\n<\/div><\/div><\/div><!-- close content main div --><\/div><\/div><div id='feature-callout'  class='avia-section main_color avia-section-default avia-no-border-styling avia-bg-style-scroll  avia-builder-el-8  el_after_av_section  el_before_av_section  glossary-container  container_wrap sidebar_right' style=' '  ><div class='container' ><div class='template-page content  av-content-small alpha units'><div class='post-entry post-entry-type-page post-entry-12852'><div class='entry-content-wrapper clearfix'>\n<div class='flex_column_table av-equal-height-column-flextable -flextable' ><div class=\"flex_column av_one_half  no_margin flex_column_table_cell av-equal-height-column av-align-middle av-zero-column-padding avia-link-column av-column-link first  avia-builder-el-9  el_before_av_one_half  avia-builder-el-first  featured-image-column\" style='background:url(https:\/\/www.augmentir.com\/wp-content\/uploads\/2026\/02\/digital-lean-operational-excellence.webp) center center no-repeat ; border-radius:0px; ' data-link-column-url=\"https:\/\/www.augmentir.com\/es\/blog\/driving-operational-excellence-hersheys-digital-lean-journey\" ><a class=\"av-screen-reader-only\" href=\"https:\/\/www.augmentir.com\/es\/blog\/driving-operational-excellence-hersheys-digital-lean-journey\" >Enlace a: Impulsando la excelencia operativa: La trayectoria Lean digital de Hershey<\/a><\/div><div class=\"flex_column av_one_half  no_margin flex_column_table_cell av-equal-height-column av-align-middle   avia-builder-el-10  el_after_av_one_half  avia-builder-el-last  content-column\" style='padding:30px; border-radius:0px; '><p><section class=\"av_textblock_section\"  itemscope=\"itemscope\" itemtype=\"https:\/\/schema.org\/CreativeWork\" ><div class='avia_textblock  av_inherit_color'  style='color:#222222; '  itemprop=\"text\" ><p>DESTACAR<\/p>\n<\/div><\/section><br \/>\n<div  style='padding-bottom:30px; margin-top:10px; color:#222222;' class='av-special-heading av-special-heading-h3 custom-color-heading blockquote modern-quote  avia-builder-el-12  el_after_av_textblock  el_before_av_textblock'><h3 class='av-special-heading-tag'  itemprop=\"headline\"  >Impulsando la excelencia operativa: la trayectoria digital Lean de Hershey<\/h3><div class='special-heading-border'><div class='special-heading-inner-border' style='border-color:#222222'><\/div><\/div><\/div><br \/>\n<section class=\"av_textblock_section\"  itemscope=\"itemscope\" itemtype=\"https:\/\/schema.org\/CreativeWork\" ><div class='avia_textblock  av_inherit_color'  style='color:#222222; '  itemprop=\"text\" ><p>Descubra c\u00f3mo la transformaci\u00f3n Digital Lean de Hershey combina los principios Lean y la tecnolog\u00eda de trabajadores conectados para empoderar a los equipos de primera l\u00ednea e impulsar la excelencia operativa.<\/p>\n<\/div><\/section><br \/>\n<div  class='avia-button-wrap avia-button-left  avia-builder-el-14  el_after_av_textblock  avia-builder-el-last  feature-callout-cta' ><a href='https:\/\/www.augmentir.com\/es\/blog\/driving-operational-excellence-hersheys-digital-lean-journey'  class='avia-button   avia-icon_select-no avia-color-custom avia-size-large avia-position-left'  style='background-color:#fc704a; border-color:#fc704a; color:#ffffff; ' ><span class='avia_iconbox_title' >Leer m\u00e1s<\/span><\/a><\/div><\/p><\/div><\/div><!--close column table wrapper. Autoclose: 1 -->\n\n<\/div><\/div><\/div><!-- close content main div --><\/div><\/div><div id='what-are-the-benefits-of-standard-work'  class='avia-section main_color avia-section-no-padding avia-no-border-styling avia-bg-style-scroll  avia-builder-el-15  el_after_av_section  el_before_av_section  glossary-container  container_wrap sidebar_right' style=' '  ><div class='container' ><div class='template-page content  av-content-small alpha units'><div class='post-entry post-entry-type-page post-entry-12852'><div class='entry-content-wrapper clearfix'>\n<div class=\"flex_column av_one_full  flex_column_div av-zero-column-padding first  avia-builder-el-16  avia-builder-el-no-sibling\" style='border-radius:0px; '><p><div  style='padding-bottom:10px; font-size:32px;' class='av-special-heading av-special-heading-h2  blockquote modern-quote  avia-builder-el-17  el_before_av_textblock  avia-builder-el-first  av-inherit-size'><h2 class='av-special-heading-tag'  itemprop=\"headline\"  >\u00bfC\u00f3mo pueden las herramientas Lean mejorar la producci\u00f3n?<\/h2><div class='special-heading-border'><div class='special-heading-inner-border' ><\/div><\/div><\/div><br \/>\n<section class=\"av_textblock_section\"  itemscope=\"itemscope\" itemtype=\"https:\/\/schema.org\/CreativeWork\" ><div class='avia_textblock'   itemprop=\"text\" ><p>Las herramientas Lean ayudan a mejorar la producci\u00f3n y la eficiencia al aprovechar al m\u00e1ximo cada recurso o proceso. En resumen, el objetivo de las herramientas Lean es encontrar mejores maneras de hacer las cosas, desde invertir menos esfuerzo y reducir el tiempo hasta utilizar menos recursos.<\/p>\n<p>Al mejorar la producci\u00f3n, se producen menos productos defectuosos, se generan menos desperdicios y se reducen los costos. Reducir los tiempos de producci\u00f3n tambi\u00e9n ayuda a reducir los costos de mano de obra e instalaciones por pieza.<\/p>\n<\/div><\/section><br \/>\n<div  class='avia-image-container  av-styling-    avia-builder-el-19  el_after_av_textblock  avia-builder-el-last  glossary-inline-image avia-align-center'  itemprop=\"image\" itemscope=\"itemscope\" itemtype=\"https:\/\/schema.org\/ImageObject\"  ><div class='avia-image-container-inner'><div class='avia-image-overlay-wrap'><img class='avia_image' src='https:\/\/www.augmentir.com\/wp-content\/uploads\/2022\/06\/standardized-work-dashboard.png' alt='panel de trabajo estandarizado' title='' height=\"2100\" width=\"3360\"  itemprop=\"thumbnailUrl\"  \/><\/div><\/div><\/div><\/p><\/div>\n\n<\/div><\/div><\/div><!-- close content main div --><\/div><\/div><div id='how-does-standardized-work-improve-efficiency'  class='avia-section main_color avia-section-no-padding avia-no-border-styling avia-bg-style-scroll  avia-builder-el-20  el_after_av_section  el_before_av_section  glossary-container  container_wrap sidebar_right' style=' '  ><div class='container' ><div class='template-page content  av-content-small alpha units'><div class='post-entry post-entry-type-page post-entry-12852'><div class='entry-content-wrapper clearfix'>\n<div class=\"flex_column av_one_full  flex_column_div av-zero-column-padding first  avia-builder-el-21  avia-builder-el-no-sibling\" style='border-radius:0px; '><p><div  style='padding-bottom:10px; font-size:32px;' class='av-special-heading av-special-heading-h2  blockquote modern-quote  avia-builder-el-22  el_before_av_textblock  avia-builder-el-first  av-inherit-size'><h2 class='av-special-heading-tag'  itemprop=\"headline\"  >\u00bfCu\u00e1l es el futuro de las herramientas de fabricaci\u00f3n ajustada?<\/h2><div class='special-heading-border'><div class='special-heading-inner-border' ><\/div><\/div><\/div><br \/>\n<section class=\"av_textblock_section\"  itemscope=\"itemscope\" itemtype=\"https:\/\/schema.org\/CreativeWork\" ><div class='avia_textblock'   itemprop=\"text\" ><p>El futuro de la manufactura esbelta pasa por la inteligencia artificial y la automatizaci\u00f3n. La IA fortalece la conectividad entre personas, informaci\u00f3n y m\u00e1quinas, a la vez que ayuda a los fabricantes a optimizar sus productos y procesos.<\/p>\n<p>La automatizaci\u00f3n es el futuro, ya que las empresas mejoran la interacci\u00f3n de los trabajadores con las tecnolog\u00edas. La IA tiene el potencial de impulsar la productividad al siguiente nivel. Mediante el autoaprendizaje, por ejemplo, la IA puede mejorar la calidad, los plazos de entrega y los costes asociados al desarrollo de productos.<\/p>\n<p>Augmentir es el primer paquete de software para trabajadores conectados impulsado por IA que ayuda a las empresas industriales a utilizar <a href=\"https:\/\/www.augmentir.com\/lean-manufacturing\">fabricaci\u00f3n esbelta<\/a> Optimizar la seguridad, la calidad y la productividad de la fuerza laboral de primera l\u00ednea industrial.<\/p>\n<p>Obtenga m\u00e1s informaci\u00f3n sobre <a href=\"https:\/\/www.augmentir.com\/how-ai-is-transforming-lean-manufacturing\">C\u00f3mo la inteligencia artificial est\u00e1 transformando la fabricaci\u00f3n eficiente<\/a>.<\/p>\n<\/div><\/section><\/p><\/div>\n\n<\/div><\/div><\/div><!-- close content main div --><\/div><\/div><div id='av_section_6'  class='avia-section main_color avia-section-no-padding avia-no-border-styling avia-bg-style-scroll  avia-builder-el-24  el_after_av_section  avia-builder-el-last  glossary-container  container_wrap sidebar_right' style=' margin-top:0px; margin-bottom:50px; '  ><div class='container' ><div class='template-page content  av-content-small alpha units'><div class='post-entry post-entry-type-page post-entry-12852'><div class='entry-content-wrapper clearfix'>\n<section class=\"av_textblock_section\"  itemscope=\"itemscope\" itemtype=\"https:\/\/schema.org\/CreativeWork\" ><div class='avia_textblock'   itemprop=\"text\" ><p><strong>\u00bfLe interesa saber c\u00f3mo la plataforma de trabajadores conectados de Augmentir puede ayudarle a implementar Lean en sus operaciones de fabricaci\u00f3n? Cont\u00e1ctenos para obtener m\u00e1s informaci\u00f3n. <a href=\"https:\/\/www.augmentir.com\/request-a-demo\">demostraci\u00f3n gratuita<\/a>.<\/strong><\/p>\n<\/div><\/section>\n<\/div><\/div><\/div><!-- close content main div --><\/div><\/div><div id='after_section_6'  class='main_color av_default_container_wrap container_wrap sidebar_right' style=' '  ><div class='container' ><div class='template-page content  av-content-small alpha units'><div class='post-entry post-entry-type-page post-entry-12852'><div class='entry-content-wrapper clearfix'>","protected":false},"excerpt":{"rendered":"","protected":false},"author":1,"featured_media":0,"parent":12712,"menu_order":0,"comment_status":"closed","ping_status":"closed","template":"","meta":{"inline_featured_image":false,"_lmt_disableupdate":"no","_lmt_disable":"","footnotes":""},"class_list":["post-12852","page","type-page","status-publish","hentry"],"yoast_head":"<!-- This site is optimized with the Yoast SEO plugin v27.2 - https:\/\/yoast.com\/product\/yoast-seo-wordpress\/ -->\n<title>Lean Manufacturing Tools &amp; Software - Augmentir<\/title>\n<meta name=\"description\" content=\"Read about lean manufacturing tools that can help improve production and efficiency from Augmentir.\" \/>\n<meta name=\"robots\" content=\"index, follow, max-snippet:-1, max-image-preview:large, max-video-preview:-1\" \/>\n<link rel=\"canonical\" href=\"https:\/\/www.augmentir.com\/es\/lean-manufacturing\/tools\" \/>\n<meta property=\"og:locale\" content=\"es_ES\" \/>\n<meta property=\"og:type\" content=\"article\" \/>\n<meta property=\"og:title\" content=\"Lean Manufacturing Tools &amp; Software - Augmentir\" \/>\n<meta property=\"og:description\" content=\"Read about lean manufacturing tools that can help improve production and efficiency from Augmentir.\" \/>\n<meta property=\"og:url\" content=\"https:\/\/www.augmentir.com\/es\/lean-manufacturing\/tools\" \/>\n<meta property=\"og:site_name\" content=\"Augmentir\" \/>\n<meta property=\"article:modified_time\" content=\"2026-03-03T16:43:10+00:00\" \/>\n<meta name=\"twitter:card\" content=\"summary_large_image\" \/>\n<meta name=\"twitter:site\" content=\"@augmentir\" \/>\n<script type=\"application\/ld+json\" class=\"yoast-schema-graph\">{\"@context\":\"https:\/\/schema.org\",\"@graph\":[{\"@type\":\"WebPage\",\"@id\":\"https:\/\/www.augmentir.com\/lean-manufacturing\/tools\",\"url\":\"https:\/\/www.augmentir.com\/lean-manufacturing\/tools\",\"name\":\"Lean Manufacturing Tools & Software - Augmentir\",\"isPartOf\":{\"@id\":\"https:\/\/www.augmentir.com\/#website\"},\"datePublished\":\"2022-07-09T10:59:27+00:00\",\"dateModified\":\"2026-03-03T16:43:10+00:00\",\"description\":\"Read about lean manufacturing tools that can help improve production and efficiency from Augmentir.\",\"breadcrumb\":{\"@id\":\"https:\/\/www.augmentir.com\/lean-manufacturing\/tools#breadcrumb\"},\"inLanguage\":\"es\",\"potentialAction\":[{\"@type\":\"ReadAction\",\"target\":[\"https:\/\/www.augmentir.com\/lean-manufacturing\/tools\"]}]},{\"@type\":\"BreadcrumbList\",\"@id\":\"https:\/\/www.augmentir.com\/lean-manufacturing\/tools#breadcrumb\",\"itemListElement\":[{\"@type\":\"ListItem\",\"position\":1,\"name\":\"Home\",\"item\":\"https:\/\/www.augmentir.com\/\"},{\"@type\":\"ListItem\",\"position\":2,\"name\":\"Lean Manufacturing &#8211; The Essential Guide\",\"item\":\"https:\/\/www.augmentir.com\/lean-manufacturing\"},{\"@type\":\"ListItem\",\"position\":3,\"name\":\"Lean Manufacturing Tools &#038; Software\"}]},{\"@type\":\"WebSite\",\"@id\":\"https:\/\/www.augmentir.com\/#website\",\"url\":\"https:\/\/www.augmentir.com\/\",\"name\":\"Augmentir\",\"description\":\"AI-Powered Connected Worker Platform\",\"publisher\":{\"@id\":\"https:\/\/www.augmentir.com\/#organization\"},\"potentialAction\":[{\"@type\":\"SearchAction\",\"target\":{\"@type\":\"EntryPoint\",\"urlTemplate\":\"https:\/\/www.augmentir.com\/?s={search_term_string}\"},\"query-input\":{\"@type\":\"PropertyValueSpecification\",\"valueRequired\":true,\"valueName\":\"search_term_string\"}}],\"inLanguage\":\"es\"},{\"@type\":\"Organization\",\"@id\":\"https:\/\/www.augmentir.com\/#organization\",\"name\":\"Augmentir, Inc.\",\"url\":\"https:\/\/www.augmentir.com\/\",\"logo\":{\"@type\":\"ImageObject\",\"inLanguage\":\"es\",\"@id\":\"https:\/\/www.augmentir.com\/#\/schema\/logo\/image\/\",\"url\":\"https:\/\/www.augmentir.com\/wp-content\/uploads\/2021\/10\/Augmentir_Logo.svg\",\"contentUrl\":\"https:\/\/www.augmentir.com\/wp-content\/uploads\/2021\/10\/Augmentir_Logo.svg\",\"width\":\"1200\",\"height\":\"1200\",\"caption\":\"Augmentir, Inc.\"},\"image\":{\"@id\":\"https:\/\/www.augmentir.com\/#\/schema\/logo\/image\/\"},\"sameAs\":[\"https:\/\/x.com\/augmentir\",\"https:\/\/www.linkedin.com\/company\/augmentir\"]}]}<\/script>\n<!-- \/ Yoast SEO plugin. -->","yoast_head_json":{"title":"Lean Manufacturing Tools & Software - Augmentir","description":"Read about lean manufacturing tools that can help improve production and efficiency from Augmentir.","robots":{"index":"index","follow":"follow","max-snippet":"max-snippet:-1","max-image-preview":"max-image-preview:large","max-video-preview":"max-video-preview:-1"},"canonical":"https:\/\/www.augmentir.com\/es\/lean-manufacturing\/tools","og_locale":"es_ES","og_type":"article","og_title":"Lean Manufacturing Tools & Software - Augmentir","og_description":"Read about lean manufacturing tools that can help improve production and efficiency from Augmentir.","og_url":"https:\/\/www.augmentir.com\/es\/lean-manufacturing\/tools","og_site_name":"Augmentir","article_modified_time":"2026-03-03T16:43:10+00:00","twitter_card":"summary_large_image","twitter_site":"@augmentir","schema":{"@context":"https:\/\/schema.org","@graph":[{"@type":"WebPage","@id":"https:\/\/www.augmentir.com\/lean-manufacturing\/tools","url":"https:\/\/www.augmentir.com\/lean-manufacturing\/tools","name":"Lean Manufacturing Tools & Software - Augmentir","isPartOf":{"@id":"https:\/\/www.augmentir.com\/#website"},"datePublished":"2022-07-09T10:59:27+00:00","dateModified":"2026-03-03T16:43:10+00:00","description":"Read about lean manufacturing tools that can help improve production and efficiency from Augmentir.","breadcrumb":{"@id":"https:\/\/www.augmentir.com\/lean-manufacturing\/tools#breadcrumb"},"inLanguage":"es","potentialAction":[{"@type":"ReadAction","target":["https:\/\/www.augmentir.com\/lean-manufacturing\/tools"]}]},{"@type":"BreadcrumbList","@id":"https:\/\/www.augmentir.com\/lean-manufacturing\/tools#breadcrumb","itemListElement":[{"@type":"ListItem","position":1,"name":"Home","item":"https:\/\/www.augmentir.com\/"},{"@type":"ListItem","position":2,"name":"Lean Manufacturing &#8211; The Essential Guide","item":"https:\/\/www.augmentir.com\/lean-manufacturing"},{"@type":"ListItem","position":3,"name":"Lean Manufacturing Tools &#038; Software"}]},{"@type":"WebSite","@id":"https:\/\/www.augmentir.com\/#website","url":"https:\/\/www.augmentir.com\/","name":"Augmentir","description":"AI-Powered Connected Worker Platform","publisher":{"@id":"https:\/\/www.augmentir.com\/#organization"},"potentialAction":[{"@type":"SearchAction","target":{"@type":"EntryPoint","urlTemplate":"https:\/\/www.augmentir.com\/?s={search_term_string}"},"query-input":{"@type":"PropertyValueSpecification","valueRequired":true,"valueName":"search_term_string"}}],"inLanguage":"es"},{"@type":"Organization","@id":"https:\/\/www.augmentir.com\/#organization","name":"Augmentir, Inc.","url":"https:\/\/www.augmentir.com\/","logo":{"@type":"ImageObject","inLanguage":"es","@id":"https:\/\/www.augmentir.com\/#\/schema\/logo\/image\/","url":"https:\/\/www.augmentir.com\/wp-content\/uploads\/2021\/10\/Augmentir_Logo.svg","contentUrl":"https:\/\/www.augmentir.com\/wp-content\/uploads\/2021\/10\/Augmentir_Logo.svg","width":"1200","height":"1200","caption":"Augmentir, Inc."},"image":{"@id":"https:\/\/www.augmentir.com\/#\/schema\/logo\/image\/"},"sameAs":["https:\/\/x.com\/augmentir","https:\/\/www.linkedin.com\/company\/augmentir"]}]}},"_links":{"self":[{"href":"https:\/\/www.augmentir.com\/es\/wp-json\/wp\/v2\/pages\/12852","targetHints":{"allow":["GET"]}}],"collection":[{"href":"https:\/\/www.augmentir.com\/es\/wp-json\/wp\/v2\/pages"}],"about":[{"href":"https:\/\/www.augmentir.com\/es\/wp-json\/wp\/v2\/types\/page"}],"author":[{"embeddable":true,"href":"https:\/\/www.augmentir.com\/es\/wp-json\/wp\/v2\/users\/1"}],"replies":[{"embeddable":true,"href":"https:\/\/www.augmentir.com\/es\/wp-json\/wp\/v2\/comments?post=12852"}],"version-history":[{"count":0,"href":"https:\/\/www.augmentir.com\/es\/wp-json\/wp\/v2\/pages\/12852\/revisions"}],"up":[{"embeddable":true,"href":"https:\/\/www.augmentir.com\/es\/wp-json\/wp\/v2\/pages\/12712"}],"wp:attachment":[{"href":"https:\/\/www.augmentir.com\/es\/wp-json\/wp\/v2\/media?parent=12852"}],"curies":[{"name":"wp","href":"https:\/\/api.w.org\/{rel}","templated":true}]}}