{"id":12733,"date":"2022-06-27T05:17:28","date_gmt":"2022-06-27T05:17:28","guid":{"rendered":"https:\/\/www.augmentir.com\/?page_id=12733"},"modified":"2024-12-20T18:00:44","modified_gmt":"2024-12-20T18:00:44","slug":"what-is-operational-excellence-in-manufacturing","status":"publish","type":"page","link":"https:\/\/www.augmentir.com\/es\/glossary\/what-is-operational-excellence-in-manufacturing","title":{"rendered":"\u00bfQu\u00e9 es la Excelencia Operacional en la Manufactura?"},"content":{"rendered":"<div id='av_section_1'  class='avia-section main_color avia-section-small avia-no-border-styling avia-bg-style-scroll  avia-builder-el-0  el_before_av_section  avia-builder-el-first  glossary-container  container_wrap sidebar_right' style=' margin-top:10px; margin-bottom:0px; '  ><div class='container' ><main  role=\"main\" itemprop=\"mainContentOfPage\"  class='template-page content  av-content-small alpha units'><div class='post-entry post-entry-type-page post-entry-12733'><div class='entry-content-wrapper clearfix'>\n<div class=\"flex_column av_one_full  flex_column_div av-zero-column-padding first  avia-builder-el-1  avia-builder-el-no-sibling\" style='border-radius:0px; '><p><div  style='padding-bottom:10px; margin-top:16px; font-size:44px;' class='av-special-heading av-special-heading-h1  blockquote modern-quote  avia-builder-el-2  el_before_av_textblock  avia-builder-el-first  av-inherit-size'><h1 class='av-special-heading-tag'  itemprop=\"headline\"  >\u00bfQu\u00e9 es la Excelencia Operacional en la Manufactura?<\/h1><div class='special-heading-border'><div class='special-heading-inner-border' ><\/div><\/div><\/div><br \/>\n<section class=\"av_textblock_section\"  itemscope=\"itemscope\" itemtype=\"https:\/\/schema.org\/CreativeWork\" ><div class='avia_textblock'   itemprop=\"text\" ><p>La excelencia operativa en la manufactura generalmente implica aplicar t\u00e9cnicas de manufactura esbelta. Esto implica que los empleados de todos los niveles trabajen para mejorar las operaciones del negocio y lograr un crecimiento y una rentabilidad sostenibles a largo plazo.<\/p>\n<p>La excelencia operativa (u OpEx) surgi\u00f3 en la d\u00e9cada de 1970, cuando el consultor de gesti\u00f3n Dr. Joseph M. Juran ense\u00f1\u00f3 a l\u00edderes empresariales japoneses c\u00f3mo mejorar la calidad organizacional. El t\u00e9rmino est\u00e1 estrechamente relacionado con la manufactura esbelta, popularizada por Toyota. Hoy en d\u00eda, se utiliza en operaciones esbeltas para reducir los riesgos y costos operativos.<\/p>\n<p>Si desea obtener m\u00e1s informaci\u00f3n sobre la excelencia operativa en la fabricaci\u00f3n, explore esta gu\u00eda que analiza los siguientes temas:<\/p>\n<ul>\n<li><a href=\"#how-can-manufacturing-operational-excellence-benefit-your-company\">\u00bfC\u00f3mo puede la excelencia operativa en la fabricaci\u00f3n beneficiar a su empresa?<\/a><\/li>\n<li><a href=\"#what-are-examples-of-operational-excellence\">\u00bfCu\u00e1les son ejemplos de excelencia operativa?<\/a><\/li>\n<li><a href=\"#how-to-achieve-operational-excellence-with-connected-worker-solutions\">C\u00f3mo lograr la excelencia operativa con soluciones para trabajadores conectados<\/a><\/li>\n<\/ul>\n<\/div><\/section><\/p><\/div>\n\n<\/div><\/div><\/main><!-- close content main element --><\/div><\/div><div id='how-can-manufacturing-operational-excellence-benefit-your-company'  class='avia-section main_color avia-section-no-padding avia-no-border-styling avia-bg-style-scroll  avia-builder-el-4  el_after_av_section  el_before_av_section  glossary-container  container_wrap sidebar_right' style=' '  ><div class='container' ><div class='template-page content  av-content-small alpha units'><div class='post-entry post-entry-type-page post-entry-12733'><div class='entry-content-wrapper clearfix'>\n<div class=\"flex_column av_one_full  flex_column_div av-zero-column-padding first  avia-builder-el-5  avia-builder-el-no-sibling\" style='border-radius:0px; '><p><div  style='padding-bottom:10px; font-size:32px;' class='av-special-heading av-special-heading-h2  blockquote modern-quote  avia-builder-el-6  el_before_av_textblock  avia-builder-el-first  av-inherit-size'><h2 class='av-special-heading-tag'  itemprop=\"headline\"  >\u00bfC\u00f3mo puede la excelencia operativa en la fabricaci\u00f3n beneficiar a su empresa?<\/h2><div class='special-heading-border'><div class='special-heading-inner-border' ><\/div><\/div><\/div><br \/>\n<section class=\"av_textblock_section\"  itemscope=\"itemscope\" itemtype=\"https:\/\/schema.org\/CreativeWork\" ><div class='avia_textblock'   itemprop=\"text\" ><p>La excelencia operativa es una metodolog\u00eda organizacional que implica la mejora continua en el entorno laboral. Si bien se implementa desde la alta direcci\u00f3n, los empleados de todos los niveles deben colaborar para aumentar los ingresos y el valor para el cliente. Si se implementa correctamente, la excelencia operativa puede mejorar la coordinaci\u00f3n en el entorno laboral e incrementar las actividades generadoras de beneficios.<\/p>\n<p>Por ejemplo, esta metodolog\u00eda permite a los trabajadores resolver problemas con poca o ninguna intervenci\u00f3n de la gerencia. As\u00ed, los empleados que detectan problemas en tiempo real pueden solucionarlos en cuanto surgen. En una l\u00ednea de montaje con mucha actividad, esto podr\u00eda marcar la diferencia entre cumplir con la cuota de producci\u00f3n diaria y un paro laboral.<\/p>\n<p>A cambio, los supervisores y l\u00edderes pueden centrarse en c\u00f3mo impulsar las operaciones del negocio, en lugar de solucionar problemas. Tambi\u00e9n pueden priorizar las reuniones con nuevos clientes, la interacci\u00f3n con los existentes y el desarrollo de nuevos productos.<\/p>\n<\/div><\/section><\/p><\/div>\n\n<\/div><\/div><\/div><!-- close content main div --><\/div><\/div><div id='what-are-examples-of-operational-excellence'  class='avia-section main_color avia-section-no-padding avia-no-border-styling avia-bg-style-scroll  avia-builder-el-8  el_after_av_section  el_before_av_section  glossary-container  container_wrap sidebar_right' style=' '  ><div class='container' ><div class='template-page content  av-content-small alpha units'><div class='post-entry post-entry-type-page post-entry-12733'><div class='entry-content-wrapper clearfix'>\n<div class=\"flex_column av_one_full  flex_column_div av-zero-column-padding first  avia-builder-el-9  avia-builder-el-no-sibling\" style='border-radius:0px; '><p><div  style='padding-bottom:10px; font-size:32px;' class='av-special-heading av-special-heading-h2  blockquote modern-quote  avia-builder-el-10  el_before_av_textblock  avia-builder-el-first  av-inherit-size'><h2 class='av-special-heading-tag'  itemprop=\"headline\"  >\u00bfCu\u00e1les son ejemplos de excelencia operativa?<\/h2><div class='special-heading-border'><div class='special-heading-inner-border' ><\/div><\/div><\/div><br \/>\n<section class=\"av_textblock_section\"  itemscope=\"itemscope\" itemtype=\"https:\/\/schema.org\/CreativeWork\" ><div class='avia_textblock'   itemprop=\"text\" ><p>La excelencia operativa proporciona a los fabricantes un marco para implementar estrategias de crecimiento empresarial mejor que sus competidores. Algunos ejemplos de actividades incluyen:<\/p>\n<ul>\n<li>Evaluaci\u00f3n de recursos<\/li>\n<li>An\u00e1lisis de la eficiencia de la producci\u00f3n<\/li>\n<li>Gesti\u00f3n de inventario<\/li>\n<li>An\u00e1lisis de la entrega y distribuci\u00f3n de productos y servicios<\/li>\n<\/ul>\n<p>Dicho esto, la excelencia operativa puede ayudar a una empresa a alcanzar tres categor\u00edas b\u00e1sicas de objetivos:<\/p>\n<ol>\n<li><strong>Objetivos orientados a la operaci\u00f3n: <\/strong>Los objetivos operativos se centran en impulsar la productividad de la empresa o mejorar la calidad de los productos y servicios. Un ejemplo de estos objetivos es mejorar la flexibilidad de los productos o servicios.<\/li>\n<li><strong>Metas orientadas a lo financiero: <\/strong>Los objetivos financieros buscan mejorar las m\u00e9tricas financieras mediante mejores operaciones y un mayor fortalecimiento de las interacciones con los clientes y las ventas. Las empresas intentan alcanzar este tipo de objetivos incrementando las ganancias, reduciendo los gastos y generando flujo de caja libre.<\/li>\n<li><strong>Objetivos orientados a las personas: <\/strong>Este tipo de objetivos se centran en crear una fuerza laboral que destaque en la creaci\u00f3n de productos o servicios. Algunos ejemplos pueden ser el fomento de la moral de los empleados y la capacitaci\u00f3n de habilidades.<\/li>\n<\/ol>\n<p><a href=\"https:\/\/www.augmentir.com\/operational-excellence\/integrated-work-systems\">Sistemas de trabajo integrados<\/a> Los sistemas de trabajo integrados (IWS) son un ejemplo de estrategia para mejorar la excelencia operativa en la manufactura. Los sistemas de trabajo integrados (STI) a\u00fanan los principios fundamentales de personas, procesos y tecnolog\u00eda para impulsar niveles m\u00e1s altos de rendimiento en la manufactura y la mejora continua.<\/p>\n<\/div><\/section><\/p><\/div><\/div><\/div><\/div><!-- close content main div --><\/div><\/div><div id='how-to-achieve-operational-excellence-with-connected-worker-solutions'  class='avia-section main_color avia-section-no-padding avia-no-border-styling avia-bg-style-scroll  avia-builder-el-12  el_after_av_section  el_before_av_section  glossary-container  container_wrap sidebar_right' style=' '  ><div class='container' ><div class='template-page content  av-content-small alpha units'><div class='post-entry post-entry-type-page post-entry-12733'><div class='entry-content-wrapper clearfix'>\n<div class=\"flex_column av_one_full  flex_column_div av-zero-column-padding first  avia-builder-el-13  avia-builder-el-no-sibling\" style='border-radius:0px; '><p><div  style='padding-bottom:10px; font-size:32px;' class='av-special-heading av-special-heading-h2  blockquote modern-quote  avia-builder-el-14  el_before_av_textblock  avia-builder-el-first  av-inherit-size'><h2 class='av-special-heading-tag'  itemprop=\"headline\"  >C\u00f3mo lograr la excelencia operativa con soluciones para trabajadores conectados<\/h2><div class='special-heading-border'><div class='special-heading-inner-border' ><\/div><\/div><\/div><br \/>\n<section class=\"av_textblock_section\"  itemscope=\"itemscope\" itemtype=\"https:\/\/schema.org\/CreativeWork\" ><div class='avia_textblock'   itemprop=\"text\" ><p>Cada vez m\u00e1s, los l\u00edderes de la industria manufacturera recurren a la tecnolog\u00eda digital para empoderar a sus empleados y lograr su m\u00e1ximo rendimiento y optimizar las operaciones comerciales. Las soluciones para trabajadores conectados que combinan la tecnolog\u00eda digital con informaci\u00f3n sobre la fuerza laboral basada en datos pueden ser fundamentales para mejorar la excelencia operativa.<\/p>\n<\/div><\/section><br \/>\n<div  class='avia-image-container  av-styling-    avia-builder-el-16  el_after_av_textblock  el_before_av_textblock  glossary-inline-image avia-align-center'  itemprop=\"image\" itemscope=\"itemscope\" itemtype=\"https:\/\/schema.org\/ImageObject\"  ><div class='avia-image-container-inner'><div class='avia-image-overlay-wrap'><img class='avia_image' src='https:\/\/www.augmentir.com\/wp-content\/uploads\/2022\/06\/standardized-work-dashboard.png' alt='panel de trabajo estandarizado' title='' height=\"2100\" width=\"3360\"  itemprop=\"thumbnailUrl\"  \/><\/div><\/div><\/div><br \/>\n<section class=\"av_textblock_section\"  itemscope=\"itemscope\" itemtype=\"https:\/\/schema.org\/CreativeWork\" ><div class='avia_textblock'   itemprop=\"text\" ><ul>\n<li><strong>Instrucciones de Trabajo Digitales<\/strong> &#8211; <a href=\"\/glossary\/digital-work-instructions\">Instrucciones de trabajo digitales<\/a> Son versiones electr\u00f3nicas de instrucciones de trabajo, manuales de calidad o POE que proporcionan las ayudas visuales necesarias e informaci\u00f3n contextual en tiempo real para guiar a los trabajadores en tareas complejas. Las instrucciones de trabajo digitales no solo ayudan a estandarizar el conocimiento, aumentar la calidad, reducir errores y mejorar la seguridad y la eficiencia, sino que tambi\u00e9n ayudan a los gerentes de operaciones a comprender mejor la utilizaci\u00f3n y la eficiencia de su fuerza laboral e identificar oportunidades de mejora.<\/li>\n<li><strong>Colaboraci\u00f3n de la fuerza laboral<\/strong> Desde los trabajadores de primera l\u00ednea hasta los ejecutivos, una estrategia de trabajador conectado permite a los empleados colaborar fluidamente y acceder f\u00e1cilmente a la informaci\u00f3n. Las soluciones para trabajadores conectados, que incluyen herramientas de colaboraci\u00f3n industrial, permiten a los trabajadores conectarse virtualmente con expertos en la materia para recibir orientaci\u00f3n y asistencia remotas. Estas herramientas de software se est\u00e1n volviendo comunes en la manufactura y otros entornos industriales, donde las empresas se enfrentan a una fuerza laboral cada vez m\u00e1s distribuida y remota, pero a\u00fan requieren la colaboraci\u00f3n en equipo para ayudar a resolver problemas. En resumen, los trabajadores pueden lograr m\u00e1s con mayor precisi\u00f3n en menos tiempo.<\/li>\n<li><strong>Mejora continua<\/strong> Las soluciones para trabajadores conectados que utilizan informaci\u00f3n sobre la fuerza laboral basada en datos pueden impulsar la mejora continua. La tecnolog\u00eda para trabajadores conectados puede recopilar datos valiosos no solo sobre el trabajo realizado, sino tambi\u00e9n sobre c\u00f3mo lo realizan, as\u00ed como sobre qu\u00e9 actividades o interacciones contribuyen al \u00e9xito o al rendimiento de ciertas tareas. Estos datos pueden ser fundamentales para impulsar la mejora continua y sentar las bases del \u00e9xito de una empresa. <a href=\"\/lean-manufacturing\">fabricaci\u00f3n esbelta<\/a> estrategia.<\/li>\n<\/ul>\n<\/div><\/section><\/p><\/div>\n<\/p>\n<\/div><\/div><\/div><!-- close content main div --><\/div><\/div><div id='av_section_5'  class='avia-section main_color avia-section-no-padding avia-no-border-styling avia-bg-style-scroll  avia-builder-el-18  el_after_av_section  avia-builder-el-last  glossary-container  container_wrap sidebar_right' style=' margin-top:0px; margin-bottom:50px; '  ><div class='container' ><div class='template-page content  av-content-small alpha units'><div class='post-entry post-entry-type-page post-entry-12733'><div class='entry-content-wrapper clearfix'>\n<section class=\"av_textblock_section\"  itemscope=\"itemscope\" itemtype=\"https:\/\/schema.org\/CreativeWork\" ><div class='avia_textblock'   itemprop=\"text\" ><p><strong>\u00bfLe interesa saber c\u00f3mo el conjunto de herramientas para trabajadores conectados de Augmentir puede ayudarle a lograr la excelencia operativa en su planta de fabricaci\u00f3n? Cont\u00e1ctenos para obtener m\u00e1s informaci\u00f3n. <a href=\"https:\/\/www.augmentir.com\/request-a-demo\">demostraci\u00f3n gratuita<\/a>.<\/strong><\/p>\n<\/div><\/section>\n<\/div><\/div><\/div><!-- close content main div --><\/div><\/div><div id='after_section_5'  class='main_color av_default_container_wrap container_wrap sidebar_right' style=' '  ><div class='container' ><div class='template-page content  av-content-small alpha units'><div class='post-entry post-entry-type-page post-entry-12733'><div class='entry-content-wrapper clearfix'>","protected":false},"excerpt":{"rendered":"","protected":false},"author":1,"featured_media":0,"parent":11161,"menu_order":0,"comment_status":"closed","ping_status":"closed","template":"","meta":{"inline_featured_image":false,"_lmt_disableupdate":"no","_lmt_disable":"","footnotes":""},"class_list":["post-12733","page","type-page","status-publish","hentry"],"yoast_head":"<!-- This site is optimized with the Yoast SEO plugin v27.2 - https:\/\/yoast.com\/product\/yoast-seo-wordpress\/ -->\n<title>What is Operational Excellence in Manufacturing? - Augmentir<\/title>\n<meta name=\"description\" content=\"Find out what operational excellence in manufacturing is and how it can benefit your company from Augmentir.\" \/>\n<meta name=\"robots\" content=\"index, follow, max-snippet:-1, max-image-preview:large, max-video-preview:-1\" \/>\n<link rel=\"canonical\" href=\"https:\/\/www.augmentir.com\/es\/glossary\/what-is-operational-excellence-in-manufacturing\" \/>\n<meta property=\"og:locale\" content=\"es_ES\" \/>\n<meta property=\"og:type\" content=\"article\" \/>\n<meta property=\"og:title\" content=\"What is Operational Excellence in Manufacturing? - Augmentir\" \/>\n<meta property=\"og:description\" content=\"Find out what operational excellence in manufacturing is and how it can benefit your company from Augmentir.\" \/>\n<meta property=\"og:url\" content=\"https:\/\/www.augmentir.com\/es\/glossary\/what-is-operational-excellence-in-manufacturing\" \/>\n<meta property=\"og:site_name\" content=\"Augmentir\" \/>\n<meta property=\"article:modified_time\" content=\"2024-12-20T18:00:44+00:00\" \/>\n<meta name=\"twitter:card\" content=\"summary_large_image\" \/>\n<meta name=\"twitter:site\" content=\"@augmentir\" \/>\n<script type=\"application\/ld+json\" class=\"yoast-schema-graph\">{\"@context\":\"https:\/\/schema.org\",\"@graph\":[{\"@type\":\"WebPage\",\"@id\":\"https:\/\/www.augmentir.com\/glossary\/what-is-operational-excellence-in-manufacturing\",\"url\":\"https:\/\/www.augmentir.com\/glossary\/what-is-operational-excellence-in-manufacturing\",\"name\":\"What is Operational Excellence in Manufacturing? - Augmentir\",\"isPartOf\":{\"@id\":\"https:\/\/www.augmentir.com\/#website\"},\"datePublished\":\"2022-06-27T05:17:28+00:00\",\"dateModified\":\"2024-12-20T18:00:44+00:00\",\"description\":\"Find out what operational excellence in manufacturing is and how it can benefit your company from Augmentir.\",\"breadcrumb\":{\"@id\":\"https:\/\/www.augmentir.com\/glossary\/what-is-operational-excellence-in-manufacturing#breadcrumb\"},\"inLanguage\":\"es\",\"potentialAction\":[{\"@type\":\"ReadAction\",\"target\":[\"https:\/\/www.augmentir.com\/glossary\/what-is-operational-excellence-in-manufacturing\"]}]},{\"@type\":\"BreadcrumbList\",\"@id\":\"https:\/\/www.augmentir.com\/glossary\/what-is-operational-excellence-in-manufacturing#breadcrumb\",\"itemListElement\":[{\"@type\":\"ListItem\",\"position\":1,\"name\":\"Home\",\"item\":\"https:\/\/www.augmentir.com\/\"},{\"@type\":\"ListItem\",\"position\":2,\"name\":\"Topics\",\"item\":\"https:\/\/www.augmentir.com\/glossary\"},{\"@type\":\"ListItem\",\"position\":3,\"name\":\"What is Operational Excellence in Manufacturing?\"}]},{\"@type\":\"WebSite\",\"@id\":\"https:\/\/www.augmentir.com\/#website\",\"url\":\"https:\/\/www.augmentir.com\/\",\"name\":\"Augmentir\",\"description\":\"AI-Powered Connected Worker Platform\",\"publisher\":{\"@id\":\"https:\/\/www.augmentir.com\/#organization\"},\"potentialAction\":[{\"@type\":\"SearchAction\",\"target\":{\"@type\":\"EntryPoint\",\"urlTemplate\":\"https:\/\/www.augmentir.com\/?s={search_term_string}\"},\"query-input\":{\"@type\":\"PropertyValueSpecification\",\"valueRequired\":true,\"valueName\":\"search_term_string\"}}],\"inLanguage\":\"es\"},{\"@type\":\"Organization\",\"@id\":\"https:\/\/www.augmentir.com\/#organization\",\"name\":\"Augmentir, Inc.\",\"url\":\"https:\/\/www.augmentir.com\/\",\"logo\":{\"@type\":\"ImageObject\",\"inLanguage\":\"es\",\"@id\":\"https:\/\/www.augmentir.com\/#\/schema\/logo\/image\/\",\"url\":\"https:\/\/www.augmentir.com\/wp-content\/uploads\/2021\/10\/Augmentir_Logo.svg\",\"contentUrl\":\"https:\/\/www.augmentir.com\/wp-content\/uploads\/2021\/10\/Augmentir_Logo.svg\",\"width\":\"1200\",\"height\":\"1200\",\"caption\":\"Augmentir, Inc.\"},\"image\":{\"@id\":\"https:\/\/www.augmentir.com\/#\/schema\/logo\/image\/\"},\"sameAs\":[\"https:\/\/x.com\/augmentir\",\"https:\/\/www.linkedin.com\/company\/augmentir\"]}]}<\/script>\n<!-- \/ Yoast SEO plugin. -->","yoast_head_json":{"title":"What is Operational Excellence in Manufacturing? - Augmentir","description":"Find out what operational excellence in manufacturing is and how it can benefit your company from Augmentir.","robots":{"index":"index","follow":"follow","max-snippet":"max-snippet:-1","max-image-preview":"max-image-preview:large","max-video-preview":"max-video-preview:-1"},"canonical":"https:\/\/www.augmentir.com\/es\/glossary\/what-is-operational-excellence-in-manufacturing","og_locale":"es_ES","og_type":"article","og_title":"What is Operational Excellence in Manufacturing? - Augmentir","og_description":"Find out what operational excellence in manufacturing is and how it can benefit your company from Augmentir.","og_url":"https:\/\/www.augmentir.com\/es\/glossary\/what-is-operational-excellence-in-manufacturing","og_site_name":"Augmentir","article_modified_time":"2024-12-20T18:00:44+00:00","twitter_card":"summary_large_image","twitter_site":"@augmentir","schema":{"@context":"https:\/\/schema.org","@graph":[{"@type":"WebPage","@id":"https:\/\/www.augmentir.com\/glossary\/what-is-operational-excellence-in-manufacturing","url":"https:\/\/www.augmentir.com\/glossary\/what-is-operational-excellence-in-manufacturing","name":"What is Operational Excellence in Manufacturing? - Augmentir","isPartOf":{"@id":"https:\/\/www.augmentir.com\/#website"},"datePublished":"2022-06-27T05:17:28+00:00","dateModified":"2024-12-20T18:00:44+00:00","description":"Find out what operational excellence in manufacturing is and how it can benefit your company from Augmentir.","breadcrumb":{"@id":"https:\/\/www.augmentir.com\/glossary\/what-is-operational-excellence-in-manufacturing#breadcrumb"},"inLanguage":"es","potentialAction":[{"@type":"ReadAction","target":["https:\/\/www.augmentir.com\/glossary\/what-is-operational-excellence-in-manufacturing"]}]},{"@type":"BreadcrumbList","@id":"https:\/\/www.augmentir.com\/glossary\/what-is-operational-excellence-in-manufacturing#breadcrumb","itemListElement":[{"@type":"ListItem","position":1,"name":"Home","item":"https:\/\/www.augmentir.com\/"},{"@type":"ListItem","position":2,"name":"Topics","item":"https:\/\/www.augmentir.com\/glossary"},{"@type":"ListItem","position":3,"name":"What is Operational Excellence in Manufacturing?"}]},{"@type":"WebSite","@id":"https:\/\/www.augmentir.com\/#website","url":"https:\/\/www.augmentir.com\/","name":"Augmentir","description":"AI-Powered Connected Worker Platform","publisher":{"@id":"https:\/\/www.augmentir.com\/#organization"},"potentialAction":[{"@type":"SearchAction","target":{"@type":"EntryPoint","urlTemplate":"https:\/\/www.augmentir.com\/?s={search_term_string}"},"query-input":{"@type":"PropertyValueSpecification","valueRequired":true,"valueName":"search_term_string"}}],"inLanguage":"es"},{"@type":"Organization","@id":"https:\/\/www.augmentir.com\/#organization","name":"Augmentir, Inc.","url":"https:\/\/www.augmentir.com\/","logo":{"@type":"ImageObject","inLanguage":"es","@id":"https:\/\/www.augmentir.com\/#\/schema\/logo\/image\/","url":"https:\/\/www.augmentir.com\/wp-content\/uploads\/2021\/10\/Augmentir_Logo.svg","contentUrl":"https:\/\/www.augmentir.com\/wp-content\/uploads\/2021\/10\/Augmentir_Logo.svg","width":"1200","height":"1200","caption":"Augmentir, Inc."},"image":{"@id":"https:\/\/www.augmentir.com\/#\/schema\/logo\/image\/"},"sameAs":["https:\/\/x.com\/augmentir","https:\/\/www.linkedin.com\/company\/augmentir"]}]}},"_links":{"self":[{"href":"https:\/\/www.augmentir.com\/es\/wp-json\/wp\/v2\/pages\/12733","targetHints":{"allow":["GET"]}}],"collection":[{"href":"https:\/\/www.augmentir.com\/es\/wp-json\/wp\/v2\/pages"}],"about":[{"href":"https:\/\/www.augmentir.com\/es\/wp-json\/wp\/v2\/types\/page"}],"author":[{"embeddable":true,"href":"https:\/\/www.augmentir.com\/es\/wp-json\/wp\/v2\/users\/1"}],"replies":[{"embeddable":true,"href":"https:\/\/www.augmentir.com\/es\/wp-json\/wp\/v2\/comments?post=12733"}],"version-history":[{"count":0,"href":"https:\/\/www.augmentir.com\/es\/wp-json\/wp\/v2\/pages\/12733\/revisions"}],"up":[{"embeddable":true,"href":"https:\/\/www.augmentir.com\/es\/wp-json\/wp\/v2\/pages\/11161"}],"wp:attachment":[{"href":"https:\/\/www.augmentir.com\/es\/wp-json\/wp\/v2\/media?parent=12733"}],"curies":[{"name":"wp","href":"https:\/\/api.w.org\/{rel}","templated":true}]}}