{"id":12414,"date":"2022-02-04T02:20:47","date_gmt":"2022-02-04T02:20:47","guid":{"rendered":"https:\/\/www.augmentir.com\/?page_id=12414"},"modified":"2022-02-04T02:53:32","modified_gmt":"2022-02-04T02:53:32","slug":"mastering-the-mayhem-in-manufacturing","status":"publish","type":"page","link":"https:\/\/www.augmentir.com\/es\/mastering-the-mayhem-in-manufacturing","title":{"rendered":"Dominando el caos en la industria manufacturera"},"content":{"rendered":"<div id='top-section'  class='avia-section main_color avia-section-default avia-no-border-styling avia-bg-style-scroll  avia-builder-el-0  avia-builder-el-no-sibling   container_wrap sidebar_right' style='background-repeat: repeat-y; background-image: url(https:\/\/www.augmentir.com\/wp-content\/uploads\/2021\/10\/page-half-background.png);background-attachment: scroll; background-position: center center;  '  data-section-bg-repeat='repeat-y'><div class='container' ><main  role=\"main\" itemprop=\"mainContentOfPage\"  class='template-page content  av-content-small alpha units'><div class='post-entry post-entry-type-page post-entry-12414'><div class='entry-content-wrapper clearfix'>\n<div class=\"flex_column av_one_half  av-break-at-tablet flex_column_div first  avia-builder-el-1  el_before_av_one_half  avia-builder-el-first\" style='padding:0px 30px 0px 0px ; border-radius:0px; '><p><section class=\"av_textblock_section\"  itemscope=\"itemscope\" itemtype=\"https:\/\/schema.org\/CreativeWork\" ><div class='avia_textblock eyebrow-headline av_inherit_color'   itemprop=\"text\" ><p>Mesa redonda virtual<\/p>\n<\/div><\/section><br \/>\n<div  style='padding-bottom:20px; margin-top:0px; font-size:40px;' class='av-special-heading av-special-heading-h1  blockquote modern-quote  avia-builder-el-3  el_after_av_textblock  el_before_av_textblock  h1-page-title av-inherit-size'><h1 class='av-special-heading-tag'  itemprop=\"headline\"  >Dominando el caos en la industria manufacturera<\/h1><div class='special-heading-border'><div class='special-heading-inner-border' ><\/div><\/div><\/div><br \/>\n<section class=\"av_textblock_section\"  itemscope=\"itemscope\" itemtype=\"https:\/\/schema.org\/CreativeWork\" ><div class='avia_textblock'   itemprop=\"text\" ><p><strong>17 de febrero de 2022 | <\/strong>12:00 p. m., hora del este<\/p>\n<p>\u00danase a Augmentir para una mesa redonda virtual donde discutiremos algunas de las principales tendencias y desaf\u00edos en la fabricaci\u00f3n, y exploraremos enfoques sobre c\u00f3mo crear una operaci\u00f3n m\u00e1s moderna y escalable.<\/p>\n<p>Su anfitri\u00f3n para esta mesa redonda:<\/p>\n<\/div><\/section><br \/>\n<br \/>\n<section class=\"av_textblock_section\"  itemscope=\"itemscope\" itemtype=\"https:\/\/schema.org\/CreativeWork\" ><div class='avia_textblock'   itemprop=\"text\" ><p>Nuestra mesa redonda virtual mensual le brinda la oportunidad de unirse a otros colegas de la industria para debatir algunos de los mayores desaf\u00edos que enfrentan los fabricantes hoy en d\u00eda. En la mesa redonda de este mes, abordaremos los requisitos para crear una operaci\u00f3n escalable, incluyendo:<\/p>\n<ol>\n<li>Procesos estables y predecibles<\/li>\n<li>Personas competentes y flexibles<\/li>\n<li>Datos que te muestran el camino<\/li>\n<\/ol>\n<p>\u00a1Rellena el formulario para reservar tu plaza!<\/p>\n<\/div><\/section><\/p><\/div><div class=\"flex_column av_one_half  av-break-at-tablet flex_column_div   avia-builder-el-7  el_after_av_one_half  avia-builder-el-last  form-container-column\" style='padding:0px 0px 0px 30px ; border-radius:0px; '><p><div  style='padding-bottom:0px; margin-top:0px; color:#ffffff;font-size:32px;' class='av-special-heading av-special-heading-h2 custom-color-heading blockquote modern-quote  avia-builder-el-8  el_before_av_textblock  avia-builder-el-first  av-inherit-size'><h2 class='av-special-heading-tag'  itemprop=\"headline\"  >Reg\u00edstrate ahora<\/h2><div class='special-heading-border'><div class='special-heading-inner-border' style='border-color:#ffffff'><\/div><\/div><\/div><br \/>\n<section class=\"av_textblock_section\"  itemscope=\"itemscope\" itemtype=\"https:\/\/schema.org\/CreativeWork\" ><div class='avia_textblock  av_inherit_color'  style='color:#ffffff; '  itemprop=\"text\" ><p>Complete el siguiente formulario para reservar su lugar en esta mesa redonda virtual.<\/p>\n<\/div><\/section><br \/>\n<\/p><\/div><\/div><\/div><\/main><!-- close content main element --><\/div><\/div><div id='after_section_1'  class='main_color av_default_container_wrap container_wrap sidebar_right' style=' '  ><div class='container' ><div class='template-page content  av-content-small alpha units'><div class='post-entry post-entry-type-page post-entry-12414'><div class='entry-content-wrapper clearfix'>","protected":false},"excerpt":{"rendered":"","protected":false},"author":1,"featured_media":12418,"parent":0,"menu_order":0,"comment_status":"closed","ping_status":"closed","template":"","meta":{"inline_featured_image":false,"_lmt_disableupdate":"no","_lmt_disable":"","footnotes":""},"class_list":["post-12414","page","type-page","status-publish","has-post-thumbnail","hentry"],"yoast_head":"<!-- This site is optimized with the Yoast SEO plugin v27.2 - https:\/\/yoast.com\/product\/yoast-seo-wordpress\/ -->\n<title>Mastering the Mayhem in Manufacturing - Augmentir<\/title>\n<meta name=\"description\" content=\"Join Augmentir for a virtual roundtable as we discuss some of the top trends and challenges in manufacturing, and explore approaches on how to create a more modern, scalable operation.\" \/>\n<meta name=\"robots\" content=\"index, follow, max-snippet:-1, max-image-preview:large, max-video-preview:-1\" \/>\n<link rel=\"canonical\" href=\"https:\/\/www.augmentir.com\/es\/mastering-the-mayhem-in-manufacturing\" \/>\n<meta property=\"og:locale\" content=\"es_ES\" \/>\n<meta property=\"og:type\" content=\"article\" \/>\n<meta property=\"og:title\" content=\"Mastering the Mayhem in Manufacturing - Augmentir\" \/>\n<meta property=\"og:description\" content=\"Join Augmentir for a virtual roundtable as we discuss some of the top trends and challenges in manufacturing, and explore approaches on how to create a more modern, scalable operation.\" \/>\n<meta property=\"og:url\" content=\"https:\/\/www.augmentir.com\/es\/mastering-the-mayhem-in-manufacturing\" \/>\n<meta property=\"og:site_name\" content=\"Augmentir\" \/>\n<meta property=\"article:modified_time\" content=\"2022-02-04T02:53:32+00:00\" \/>\n<meta property=\"og:image\" content=\"https:\/\/www.augmentir.com\/wp-content\/uploads\/2022\/02\/roundtable-mastering-the-mayhem-in-manufacturing.png\" \/>\n\t<meta property=\"og:image:width\" content=\"1200\" \/>\n\t<meta property=\"og:image:height\" content=\"630\" \/>\n\t<meta property=\"og:image:type\" content=\"image\/png\" \/>\n<meta name=\"twitter:card\" content=\"summary_large_image\" \/>\n<meta name=\"twitter:site\" content=\"@augmentir\" \/>\n<script type=\"application\/ld+json\" class=\"yoast-schema-graph\">{\"@context\":\"https:\/\/schema.org\",\"@graph\":[{\"@type\":\"WebPage\",\"@id\":\"https:\/\/www.augmentir.com\/mastering-the-mayhem-in-manufacturing\",\"url\":\"https:\/\/www.augmentir.com\/mastering-the-mayhem-in-manufacturing\",\"name\":\"Mastering the Mayhem in Manufacturing - Augmentir\",\"isPartOf\":{\"@id\":\"https:\/\/www.augmentir.com\/#website\"},\"primaryImageOfPage\":{\"@id\":\"https:\/\/www.augmentir.com\/mastering-the-mayhem-in-manufacturing#primaryimage\"},\"image\":{\"@id\":\"https:\/\/www.augmentir.com\/mastering-the-mayhem-in-manufacturing#primaryimage\"},\"thumbnailUrl\":\"https:\/\/www.augmentir.com\/wp-content\/uploads\/2022\/02\/roundtable-mastering-the-mayhem-in-manufacturing.png\",\"datePublished\":\"2022-02-04T02:20:47+00:00\",\"dateModified\":\"2022-02-04T02:53:32+00:00\",\"description\":\"Join Augmentir for a virtual roundtable as we discuss some of the top trends and challenges in manufacturing, and explore approaches on how to create a more modern, scalable operation.\",\"breadcrumb\":{\"@id\":\"https:\/\/www.augmentir.com\/mastering-the-mayhem-in-manufacturing#breadcrumb\"},\"inLanguage\":\"es\",\"potentialAction\":[{\"@type\":\"ReadAction\",\"target\":[\"https:\/\/www.augmentir.com\/mastering-the-mayhem-in-manufacturing\"]}]},{\"@type\":\"ImageObject\",\"inLanguage\":\"es\",\"@id\":\"https:\/\/www.augmentir.com\/mastering-the-mayhem-in-manufacturing#primaryimage\",\"url\":\"https:\/\/www.augmentir.com\/wp-content\/uploads\/2022\/02\/roundtable-mastering-the-mayhem-in-manufacturing.png\",\"contentUrl\":\"https:\/\/www.augmentir.com\/wp-content\/uploads\/2022\/02\/roundtable-mastering-the-mayhem-in-manufacturing.png\",\"width\":1200,\"height\":630,\"caption\":\"Virtual Roundtable - Mastering the Mayhem in Manufacturing\"},{\"@type\":\"BreadcrumbList\",\"@id\":\"https:\/\/www.augmentir.com\/mastering-the-mayhem-in-manufacturing#breadcrumb\",\"itemListElement\":[{\"@type\":\"ListItem\",\"position\":1,\"name\":\"Home\",\"item\":\"https:\/\/www.augmentir.com\/\"},{\"@type\":\"ListItem\",\"position\":2,\"name\":\"Mastering the Mayhem in Manufacturing\"}]},{\"@type\":\"WebSite\",\"@id\":\"https:\/\/www.augmentir.com\/#website\",\"url\":\"https:\/\/www.augmentir.com\/\",\"name\":\"Augmentir\",\"description\":\"AI-Powered Connected Worker Platform\",\"publisher\":{\"@id\":\"https:\/\/www.augmentir.com\/#organization\"},\"potentialAction\":[{\"@type\":\"SearchAction\",\"target\":{\"@type\":\"EntryPoint\",\"urlTemplate\":\"https:\/\/www.augmentir.com\/?s={search_term_string}\"},\"query-input\":{\"@type\":\"PropertyValueSpecification\",\"valueRequired\":true,\"valueName\":\"search_term_string\"}}],\"inLanguage\":\"es\"},{\"@type\":\"Organization\",\"@id\":\"https:\/\/www.augmentir.com\/#organization\",\"name\":\"Augmentir, Inc.\",\"url\":\"https:\/\/www.augmentir.com\/\",\"logo\":{\"@type\":\"ImageObject\",\"inLanguage\":\"es\",\"@id\":\"https:\/\/www.augmentir.com\/#\/schema\/logo\/image\/\",\"url\":\"https:\/\/www.augmentir.com\/wp-content\/uploads\/2021\/10\/Augmentir_Logo.svg\",\"contentUrl\":\"https:\/\/www.augmentir.com\/wp-content\/uploads\/2021\/10\/Augmentir_Logo.svg\",\"width\":\"1200\",\"height\":\"1200\",\"caption\":\"Augmentir, Inc.\"},\"image\":{\"@id\":\"https:\/\/www.augmentir.com\/#\/schema\/logo\/image\/\"},\"sameAs\":[\"https:\/\/x.com\/augmentir\",\"https:\/\/www.linkedin.com\/company\/augmentir\"]}]}<\/script>\n<!-- \/ Yoast SEO plugin. -->","yoast_head_json":{"title":"Mastering the Mayhem in Manufacturing - Augmentir","description":"Join Augmentir for a virtual roundtable as we discuss some of the top trends and challenges in manufacturing, and explore approaches on how to create a more modern, scalable operation.","robots":{"index":"index","follow":"follow","max-snippet":"max-snippet:-1","max-image-preview":"max-image-preview:large","max-video-preview":"max-video-preview:-1"},"canonical":"https:\/\/www.augmentir.com\/es\/mastering-the-mayhem-in-manufacturing","og_locale":"es_ES","og_type":"article","og_title":"Mastering the Mayhem in Manufacturing - Augmentir","og_description":"Join Augmentir for a virtual roundtable as we discuss some of the top trends and challenges in manufacturing, and explore approaches on how to create a more modern, scalable operation.","og_url":"https:\/\/www.augmentir.com\/es\/mastering-the-mayhem-in-manufacturing","og_site_name":"Augmentir","article_modified_time":"2022-02-04T02:53:32+00:00","og_image":[{"width":1200,"height":630,"url":"https:\/\/www.augmentir.com\/wp-content\/uploads\/2022\/02\/roundtable-mastering-the-mayhem-in-manufacturing.png","type":"image\/png"}],"twitter_card":"summary_large_image","twitter_site":"@augmentir","schema":{"@context":"https:\/\/schema.org","@graph":[{"@type":"WebPage","@id":"https:\/\/www.augmentir.com\/mastering-the-mayhem-in-manufacturing","url":"https:\/\/www.augmentir.com\/mastering-the-mayhem-in-manufacturing","name":"Mastering the Mayhem in Manufacturing - Augmentir","isPartOf":{"@id":"https:\/\/www.augmentir.com\/#website"},"primaryImageOfPage":{"@id":"https:\/\/www.augmentir.com\/mastering-the-mayhem-in-manufacturing#primaryimage"},"image":{"@id":"https:\/\/www.augmentir.com\/mastering-the-mayhem-in-manufacturing#primaryimage"},"thumbnailUrl":"https:\/\/www.augmentir.com\/wp-content\/uploads\/2022\/02\/roundtable-mastering-the-mayhem-in-manufacturing.png","datePublished":"2022-02-04T02:20:47+00:00","dateModified":"2022-02-04T02:53:32+00:00","description":"Join Augmentir for a virtual roundtable as we discuss some of the top trends and challenges in manufacturing, and explore approaches on how to create a more modern, scalable operation.","breadcrumb":{"@id":"https:\/\/www.augmentir.com\/mastering-the-mayhem-in-manufacturing#breadcrumb"},"inLanguage":"es","potentialAction":[{"@type":"ReadAction","target":["https:\/\/www.augmentir.com\/mastering-the-mayhem-in-manufacturing"]}]},{"@type":"ImageObject","inLanguage":"es","@id":"https:\/\/www.augmentir.com\/mastering-the-mayhem-in-manufacturing#primaryimage","url":"https:\/\/www.augmentir.com\/wp-content\/uploads\/2022\/02\/roundtable-mastering-the-mayhem-in-manufacturing.png","contentUrl":"https:\/\/www.augmentir.com\/wp-content\/uploads\/2022\/02\/roundtable-mastering-the-mayhem-in-manufacturing.png","width":1200,"height":630,"caption":"Virtual Roundtable - Mastering the Mayhem in Manufacturing"},{"@type":"BreadcrumbList","@id":"https:\/\/www.augmentir.com\/mastering-the-mayhem-in-manufacturing#breadcrumb","itemListElement":[{"@type":"ListItem","position":1,"name":"Home","item":"https:\/\/www.augmentir.com\/"},{"@type":"ListItem","position":2,"name":"Mastering the Mayhem in Manufacturing"}]},{"@type":"WebSite","@id":"https:\/\/www.augmentir.com\/#website","url":"https:\/\/www.augmentir.com\/","name":"Augmentir","description":"AI-Powered Connected Worker Platform","publisher":{"@id":"https:\/\/www.augmentir.com\/#organization"},"potentialAction":[{"@type":"SearchAction","target":{"@type":"EntryPoint","urlTemplate":"https:\/\/www.augmentir.com\/?s={search_term_string}"},"query-input":{"@type":"PropertyValueSpecification","valueRequired":true,"valueName":"search_term_string"}}],"inLanguage":"es"},{"@type":"Organization","@id":"https:\/\/www.augmentir.com\/#organization","name":"Augmentir, Inc.","url":"https:\/\/www.augmentir.com\/","logo":{"@type":"ImageObject","inLanguage":"es","@id":"https:\/\/www.augmentir.com\/#\/schema\/logo\/image\/","url":"https:\/\/www.augmentir.com\/wp-content\/uploads\/2021\/10\/Augmentir_Logo.svg","contentUrl":"https:\/\/www.augmentir.com\/wp-content\/uploads\/2021\/10\/Augmentir_Logo.svg","width":"1200","height":"1200","caption":"Augmentir, Inc."},"image":{"@id":"https:\/\/www.augmentir.com\/#\/schema\/logo\/image\/"},"sameAs":["https:\/\/x.com\/augmentir","https:\/\/www.linkedin.com\/company\/augmentir"]}]}},"_links":{"self":[{"href":"https:\/\/www.augmentir.com\/es\/wp-json\/wp\/v2\/pages\/12414","targetHints":{"allow":["GET"]}}],"collection":[{"href":"https:\/\/www.augmentir.com\/es\/wp-json\/wp\/v2\/pages"}],"about":[{"href":"https:\/\/www.augmentir.com\/es\/wp-json\/wp\/v2\/types\/page"}],"author":[{"embeddable":true,"href":"https:\/\/www.augmentir.com\/es\/wp-json\/wp\/v2\/users\/1"}],"replies":[{"embeddable":true,"href":"https:\/\/www.augmentir.com\/es\/wp-json\/wp\/v2\/comments?post=12414"}],"version-history":[{"count":0,"href":"https:\/\/www.augmentir.com\/es\/wp-json\/wp\/v2\/pages\/12414\/revisions"}],"wp:featuredmedia":[{"embeddable":true,"href":"https:\/\/www.augmentir.com\/es\/wp-json\/wp\/v2\/media\/12418"}],"wp:attachment":[{"href":"https:\/\/www.augmentir.com\/es\/wp-json\/wp\/v2\/media?parent=12414"}],"curies":[{"name":"wp","href":"https:\/\/api.w.org\/{rel}","templated":true}]}}