{"id":11494,"date":"2021-10-10T00:21:01","date_gmt":"2021-10-10T00:21:01","guid":{"rendered":"https:\/\/www.augmentir.com\/?page_id=11494"},"modified":"2025-05-25T10:30:00","modified_gmt":"2025-05-25T10:30:00","slug":"maintenance","status":"publish","type":"page","link":"https:\/\/www.augmentir.com\/es\/use-cases\/maintenance","title":{"rendered":"Mantenimiento: Mejore el tiempo de actividad y la eficiencia, reduzca los defectos"},"content":{"rendered":"<div id='title-section'  class='avia-section main_color avia-section-no-padding avia-no-border-styling avia-bg-style-scroll  avia-builder-el-0  el_before_av_section  avia-builder-el-first   container_wrap sidebar_right' style='background-color: #f8f8f8;  '  ><div class='container' ><main  role=\"main\" itemprop=\"mainContentOfPage\"  class='template-page content  av-content-small alpha units'><div class='post-entry post-entry-type-page post-entry-11494'><div class='entry-content-wrapper clearfix'>\n\n\n<\/div><\/div><\/main><!-- close content main element --><\/div><\/div><div id='hero-section'  class='avia-section main_color avia-section-large avia-no-border-styling avia-bg-style-scroll  avia-builder-el-2  el_after_av_section  el_before_av_section   container_wrap sidebar_right' style='background-color: rgba(232,245,232,0.75); background-repeat: repeat-x; background-image: url(https:\/\/www.augmentir.com\/wp-content\/uploads\/2021\/10\/hero-background-use-case.png);background-attachment: scroll; background-position: top left;  '  data-section-bg-repeat='repeat-x'><div class='container' ><div class='template-page content  av-content-small alpha units'><div class='post-entry post-entry-type-page post-entry-11494'><div class='entry-content-wrapper clearfix'>\n<section class=\"av_textblock_section\"  itemscope=\"itemscope\" itemtype=\"https:\/\/schema.org\/CreativeWork\" ><div class='avia_textblock eyebrow-headline-hero av_inherit_color'  style='font-size:16px; color:#efefef; '  itemprop=\"text\" ><p>Mantenimiento<\/p>\n<\/div><\/section>\n<div class='flex_column_table av-equal-height-column-flextable -flextable' ><div class=\"flex_column av_one_half  flex_column_table_cell av-equal-height-column av-align-top av-zero-column-padding first  avia-builder-el-4  el_after_av_textblock  el_before_av_one_half  column-top-margin\" style='border-radius:0px; '><div  style='padding-bottom:12px; margin-top:30px; color:#ffffff;font-size:44px;' class='av-special-heading av-special-heading-h1 custom-color-heading blockquote modern-quote  avia-builder-el-5  avia-builder-el-no-sibling  av-inherit-size'><h1 class='av-special-heading-tag'  itemprop=\"headline\"  >Mejore el tiempo de actividad y la eficiencia, reduzca los errores<\/h1><div class='special-heading-border'><div class='special-heading-inner-border' style='border-color:#ffffff'><\/div><\/div><\/div><\/div><div class='av-flex-placeholder'><\/div><div class=\"flex_column av_one_half  flex_column_table_cell av-equal-height-column av-align-top   avia-builder-el-6  el_after_av_one_half  el_before_av_hr  column-top-margin\" style='padding:20px 0px 0px 0px ; border-radius:0px; '><section class=\"av_textblock_section\"  itemscope=\"itemscope\" itemtype=\"https:\/\/schema.org\/CreativeWork\" ><div class='avia_textblock body-copy-lighter'  style='font-size:18px; '  itemprop=\"text\" ><p><span style=\"color: #ffffff;\">Mejore la calidad, la transparencia y la eficiencia de los procedimientos de mantenimiento y reparaci\u00f3n. Las instrucciones de trabajo digitales y la colaboraci\u00f3n remota ayudan a guiar eficazmente a los t\u00e9cnicos, minimizando as\u00ed el tiempo de inactividad de las m\u00e1quinas.<\/span><\/p>\n<\/div><\/section><\/div><\/div><!--close column table wrapper. Autoclose: 1 --><div  style='height:50px' class='hr hr-invisible   avia-builder-el-8  el_after_av_one_half  el_before_av_image'><span class='hr-inner' ><span class='hr-inner-style'><\/span><\/span><\/div>\n<div  class='avia-image-container  av-styling-    avia-builder-el-9  el_after_av_hr  avia-builder-el-last  avia-align-center'  itemprop=\"image\" itemscope=\"itemscope\" itemtype=\"https:\/\/schema.org\/ImageObject\"  ><div class='avia-image-container-inner'><div class='avia-image-overlay-wrap'><img class='avia_image' src='https:\/\/www.augmentir.com\/wp-content\/uploads\/2021\/10\/use-case-maintenance-hero.jpg' alt='Casos de uso de trabajadores conectados para mantenimiento' title='' height=\"1000\" width=\"1500\"  itemprop=\"thumbnailUrl\"  \/><\/div><\/div><\/div>\n\n<\/div><\/div><\/div><!-- close content main div --><\/div><\/div><div id='use-case-section'  class='avia-section main_color avia-section-large avia-no-border-styling avia-bg-style-scroll  avia-builder-el-10  el_after_av_section  avia-builder-el-last   container_wrap sidebar_right' style='background-color: rgba(232,245,232,0.75);  '  ><div class='container' ><div class='template-page content  av-content-small alpha units'><div class='post-entry post-entry-type-page post-entry-11494'><div class='entry-content-wrapper clearfix'>\n<div class=\"flex_column av_one_full  flex_column_div av-zero-column-padding first  avia-builder-el-11  el_before_av_one_half  avia-builder-el-first\" style='border-radius:0px; '><p><div  style='padding-bottom:10px; font-size:36px;' class='av-special-heading av-special-heading-h2  blockquote modern-quote  avia-builder-el-12  el_before_av_textblock  avia-builder-el-first  av-inherit-size'><h2 class='av-special-heading-tag'  itemprop=\"headline\"  >Casos de uso para mantenimiento y reparaci\u00f3n<\/h2><div class='special-heading-border'><div class='special-heading-inner-border' ><\/div><\/div><\/div><br \/>\n<section class=\"av_textblock_section\"  itemscope=\"itemscope\" itemtype=\"https:\/\/schema.org\/CreativeWork\" ><div class='avia_textblock'  style='font-size:18px; '  itemprop=\"text\" ><div class=\"page\" title=\"P\u00e1gina 3\">\n<div class=\"section\">\n<div class=\"layoutArea\">\n<div class=\"column\">\n<p style=\"text-align: left;\"><span style=\"font-weight: 400;\">Mejore la calidad, la transparencia y la eficiencia de los procedimientos de mantenimiento y reparaci\u00f3n. Las instrucciones de trabajo digitales y la asistencia remota de expertos ayudan a los t\u00e9cnicos a realizar tareas de mantenimiento y reparaci\u00f3n m\u00e1s eficientes, minimizando as\u00ed el tiempo de inactividad de las m\u00e1quinas.<\/span><\/p>\n<\/div>\n<\/div>\n<\/div>\n<\/div>\n<\/div><\/section><\/p><\/div><div class=\"flex_column av_one_half  flex_column_div av-zero-column-padding first  avia-builder-el-14  el_after_av_one_full  el_before_av_one_half  column-top-margin\" style='border-radius:0px; '><p><span  class=\"av_font_icon avia_animate_when_visible avia-icon-animate  av-icon-style-  avia-icon-pos-left\" style=\"color:#fe6e4a; border-color:#fe6e4a;\"><span class='av-icon-char' style='font-size:32px;line-height:32px;' aria-hidden='true' data-av_icon='\ue8a5' data-av_iconfont='entypo-fontello' ><\/span><\/span><br \/>\n<div  style='padding-bottom:10px; font-size:24px;' class='av-special-heading av-special-heading-h3  blockquote modern-quote  avia-builder-el-16  el_after_av_font_icon  el_before_av_textblock  av-inherit-size'><h3 class='av-special-heading-tag'  itemprop=\"headline\"  >Procedimientos de mantenimiento<\/h3><div class='special-heading-border'><div class='special-heading-inner-border' ><\/div><\/div><\/div><br \/>\n<section class=\"av_textblock_section\"  itemscope=\"itemscope\" itemtype=\"https:\/\/schema.org\/CreativeWork\" ><div class='avia_textblock'   itemprop=\"text\" ><p>Augmentir ayuda a estandarizar y optimizar los procedimientos de mantenimiento. <span style=\"font-weight: 400;\">Listas de verificaci\u00f3n con todas las funciones y recopilaci\u00f3n de datos asociados, e<\/span><span style=\"font-weight: 400;\">escalamientos y notificaciones, y p<\/span><span style=\"font-weight: 400;\">l\u00f3gica del trabajo ost.<\/span><\/p>\n<\/div><\/section><\/p><\/div><div class=\"flex_column av_one_half  flex_column_div av-zero-column-padding   avia-builder-el-18  el_after_av_one_half  el_before_av_one_half  column-top-margin\" style='border-radius:0px; '><p><span  class=\"av_font_icon avia_animate_when_visible avia-icon-animate  av-icon-style-  avia-icon-pos-left\" style=\"color:#fe6e4a; border-color:#fe6e4a;\"><span class='av-icon-char' style='font-size:32px;line-height:32px;' aria-hidden='true' data-av_icon='\ue856' data-av_iconfont='entypo-fontello' ><\/span><\/span><br \/>\n<div  style='padding-bottom:10px; font-size:24px;' class='av-special-heading av-special-heading-h3  blockquote modern-quote  avia-builder-el-20  el_after_av_font_icon  el_before_av_textblock  av-inherit-size'><h3 class='av-special-heading-tag'  itemprop=\"headline\"  >Mantenimiento preventivo<\/h3><div class='special-heading-border'><div class='special-heading-inner-border' ><\/div><\/div><\/div><br \/>\n<section class=\"av_textblock_section\"  itemscope=\"itemscope\" itemtype=\"https:\/\/schema.org\/CreativeWork\" ><div class='avia_textblock'   itemprop=\"text\" ><div class=\"page\" title=\"P\u00e1gina 6\">\n<div class=\"section\">\n<div class=\"layoutArea\">\n<div class=\"column\">\n<p>Realizar tareas de mantenimiento rutinario en la maquinaria para evitar que se produzcan futuras aver\u00edas y otros problemas.<\/p>\n<\/div>\n<\/div>\n<\/div>\n<\/div>\n<\/div><\/section><\/p><\/div><div class=\"flex_column av_one_half  flex_column_div av-zero-column-padding first  avia-builder-el-22  el_after_av_one_half  el_before_av_one_half  column-top-margin\" style='border-radius:0px; '><p><span  class=\"av_font_icon avia_animate_when_visible avia-icon-animate  av-icon-style-  avia-icon-pos-left\" style=\"color:#fe6e4a; border-color:#fe6e4a;\"><span class='av-icon-char' style='font-size:32px;line-height:32px;' aria-hidden='true' data-av_icon='\ue81f' data-av_iconfont='entypo-fontello' ><\/span><\/span><br \/>\n<div  style='padding-bottom:10px; font-size:24px;' class='av-special-heading av-special-heading-h3  blockquote modern-quote  avia-builder-el-24  el_after_av_font_icon  el_before_av_textblock  av-inherit-size'><h3 class='av-special-heading-tag'  itemprop=\"headline\"  >Notificaciones de mantenimiento<\/h3><div class='special-heading-border'><div class='special-heading-inner-border' ><\/div><\/div><\/div><br \/>\n<section class=\"av_textblock_section\"  itemscope=\"itemscope\" itemtype=\"https:\/\/schema.org\/CreativeWork\" ><div class='avia_textblock'   itemprop=\"text\" ><div class=\"page\" title=\"P\u00e1gina 6\">\n<div class=\"section\">\n<div class=\"layoutArea\">\n<div class=\"column\">\n<p>Mejore la comunicaci\u00f3n en toda su operaci\u00f3n digitalizando y automatizando las notificaciones de mantenimiento. Incorpore notificaciones y escalamientos sin problemas en las instrucciones de trabajo digitales para los procedimientos de mantenimiento.<\/p>\n<\/div>\n<\/div>\n<\/div>\n<\/div>\n<\/div><\/section><\/p><\/div><div class=\"flex_column av_one_half  flex_column_div av-zero-column-padding   avia-builder-el-26  el_after_av_one_half  avia-builder-el-last  column-top-margin\" style='border-radius:0px; '><p><span  class=\"av_font_icon avia_animate_when_visible avia-icon-animate  av-icon-style-  avia-icon-pos-left\" style=\"color:#fe6e4a; border-color:#fe6e4a;\"><span class='av-icon-char' style='font-size:32px;line-height:32px;' aria-hidden='true' data-av_icon='\ue856' data-av_iconfont='entypo-fontello' ><\/span><\/span><br \/>\n<div  style='padding-bottom:10px; font-size:24px;' class='av-special-heading av-special-heading-h3  blockquote modern-quote  avia-builder-el-28  el_after_av_font_icon  el_before_av_textblock  av-inherit-size'><h3 class='av-special-heading-tag'  itemprop=\"headline\"  >An\u00e1lisis de seguridad laboral<\/h3><div class='special-heading-border'><div class='special-heading-inner-border' ><\/div><\/div><\/div><br \/>\n<section class=\"av_textblock_section\"  itemscope=\"itemscope\" itemtype=\"https:\/\/schema.org\/CreativeWork\" ><div class='avia_textblock'   itemprop=\"text\" ><div class=\"page\" title=\"P\u00e1gina 6\">\n<div class=\"section\">\n<div class=\"layoutArea\">\n<div class=\"column\">\n<p>Mejore la calidad, la transparencia y la eficiencia de los procedimientos de mantenimiento preventivo. Las instrucciones de trabajo digitales y la asistencia remota de expertos ayudan al personal de mantenimiento a realizar tareas de mantenimiento y reparaci\u00f3n m\u00e1s eficientes, minimizando as\u00ed el tiempo de inactividad de las m\u00e1quinas.<\/p>\n<\/div>\n<\/div>\n<\/div>\n<\/div>\n<\/div><\/section><\/p><\/div><\/div><\/div><\/div><!-- close content main div --><\/div><\/div><div id='after_section_3'  class='main_color av_default_container_wrap container_wrap sidebar_right' style=' '  ><div class='container' ><div class='template-page content  av-content-small alpha units'><div class='post-entry post-entry-type-page post-entry-11494'><div class='entry-content-wrapper clearfix'>","protected":false},"excerpt":{"rendered":"","protected":false},"author":1,"featured_media":0,"parent":11482,"menu_order":0,"comment_status":"closed","ping_status":"closed","template":"","meta":{"inline_featured_image":false,"_lmt_disableupdate":"no","_lmt_disable":"","footnotes":""},"class_list":["post-11494","page","type-page","status-publish","hentry"],"yoast_head":"<!-- This site is optimized with the Yoast SEO plugin v27.2 - https:\/\/yoast.com\/product\/yoast-seo-wordpress\/ -->\n<title>Maintenance - Improve Uptime and Efficiency, Reduce Defects - Augmentir<\/title>\n<meta name=\"description\" content=\"Improve the quality, transparency, and efficiency of preventive and autonomous maintenance and repair procedures with Augmentir&#039;s AI platform.\" \/>\n<meta name=\"robots\" content=\"index, follow, max-snippet:-1, max-image-preview:large, max-video-preview:-1\" \/>\n<link rel=\"canonical\" href=\"https:\/\/www.augmentir.com\/es\/use-cases\/maintenance\" \/>\n<meta property=\"og:locale\" content=\"es_ES\" \/>\n<meta property=\"og:type\" content=\"article\" \/>\n<meta property=\"og:title\" content=\"Maintenance - Improve Uptime and Efficiency, Reduce Defects - Augmentir\" \/>\n<meta property=\"og:description\" content=\"Improve the quality, transparency, and efficiency of preventive and autonomous maintenance and repair procedures with Augmentir&#039;s AI platform.\" \/>\n<meta property=\"og:url\" content=\"https:\/\/www.augmentir.com\/es\/use-cases\/maintenance\" \/>\n<meta property=\"og:site_name\" content=\"Augmentir\" \/>\n<meta property=\"article:modified_time\" content=\"2025-05-25T10:30:00+00:00\" \/>\n<meta name=\"twitter:card\" content=\"summary_large_image\" \/>\n<meta name=\"twitter:site\" content=\"@augmentir\" \/>\n<script type=\"application\/ld+json\" class=\"yoast-schema-graph\">{\"@context\":\"https:\/\/schema.org\",\"@graph\":[{\"@type\":\"WebPage\",\"@id\":\"https:\/\/www.augmentir.com\/use-cases\/maintenance\",\"url\":\"https:\/\/www.augmentir.com\/use-cases\/maintenance\",\"name\":\"Maintenance - Improve Uptime and Efficiency, Reduce Defects - Augmentir\",\"isPartOf\":{\"@id\":\"https:\/\/www.augmentir.com\/#website\"},\"datePublished\":\"2021-10-10T00:21:01+00:00\",\"dateModified\":\"2025-05-25T10:30:00+00:00\",\"description\":\"Improve the quality, transparency, and efficiency of preventive and autonomous maintenance and repair procedures with Augmentir's AI platform.\",\"breadcrumb\":{\"@id\":\"https:\/\/www.augmentir.com\/use-cases\/maintenance#breadcrumb\"},\"inLanguage\":\"es\",\"potentialAction\":[{\"@type\":\"ReadAction\",\"target\":[\"https:\/\/www.augmentir.com\/use-cases\/maintenance\"]}]},{\"@type\":\"BreadcrumbList\",\"@id\":\"https:\/\/www.augmentir.com\/use-cases\/maintenance#breadcrumb\",\"itemListElement\":[{\"@type\":\"ListItem\",\"position\":1,\"name\":\"Home\",\"item\":\"https:\/\/www.augmentir.com\/\"},{\"@type\":\"ListItem\",\"position\":2,\"name\":\"Connected Worker Use Cases\",\"item\":\"https:\/\/www.augmentir.com\/use-cases\"},{\"@type\":\"ListItem\",\"position\":3,\"name\":\"Maintenance &#8211; Improve Uptime and Efficiency, Reduce Defects\"}]},{\"@type\":\"WebSite\",\"@id\":\"https:\/\/www.augmentir.com\/#website\",\"url\":\"https:\/\/www.augmentir.com\/\",\"name\":\"Augmentir\",\"description\":\"AI-Powered Connected Worker Platform\",\"publisher\":{\"@id\":\"https:\/\/www.augmentir.com\/#organization\"},\"potentialAction\":[{\"@type\":\"SearchAction\",\"target\":{\"@type\":\"EntryPoint\",\"urlTemplate\":\"https:\/\/www.augmentir.com\/?s={search_term_string}\"},\"query-input\":{\"@type\":\"PropertyValueSpecification\",\"valueRequired\":true,\"valueName\":\"search_term_string\"}}],\"inLanguage\":\"es\"},{\"@type\":\"Organization\",\"@id\":\"https:\/\/www.augmentir.com\/#organization\",\"name\":\"Augmentir, Inc.\",\"url\":\"https:\/\/www.augmentir.com\/\",\"logo\":{\"@type\":\"ImageObject\",\"inLanguage\":\"es\",\"@id\":\"https:\/\/www.augmentir.com\/#\/schema\/logo\/image\/\",\"url\":\"https:\/\/www.augmentir.com\/wp-content\/uploads\/2021\/10\/Augmentir_Logo.svg\",\"contentUrl\":\"https:\/\/www.augmentir.com\/wp-content\/uploads\/2021\/10\/Augmentir_Logo.svg\",\"width\":\"1200\",\"height\":\"1200\",\"caption\":\"Augmentir, Inc.\"},\"image\":{\"@id\":\"https:\/\/www.augmentir.com\/#\/schema\/logo\/image\/\"},\"sameAs\":[\"https:\/\/x.com\/augmentir\",\"https:\/\/www.linkedin.com\/company\/augmentir\"]}]}<\/script>\n<!-- \/ Yoast SEO plugin. -->","yoast_head_json":{"title":"Maintenance - Improve Uptime and Efficiency, Reduce Defects - Augmentir","description":"Improve the quality, transparency, and efficiency of preventive and autonomous maintenance and repair procedures with Augmentir's AI platform.","robots":{"index":"index","follow":"follow","max-snippet":"max-snippet:-1","max-image-preview":"max-image-preview:large","max-video-preview":"max-video-preview:-1"},"canonical":"https:\/\/www.augmentir.com\/es\/use-cases\/maintenance","og_locale":"es_ES","og_type":"article","og_title":"Maintenance - Improve Uptime and Efficiency, Reduce Defects - Augmentir","og_description":"Improve the quality, transparency, and efficiency of preventive and autonomous maintenance and repair procedures with Augmentir's AI platform.","og_url":"https:\/\/www.augmentir.com\/es\/use-cases\/maintenance","og_site_name":"Augmentir","article_modified_time":"2025-05-25T10:30:00+00:00","twitter_card":"summary_large_image","twitter_site":"@augmentir","schema":{"@context":"https:\/\/schema.org","@graph":[{"@type":"WebPage","@id":"https:\/\/www.augmentir.com\/use-cases\/maintenance","url":"https:\/\/www.augmentir.com\/use-cases\/maintenance","name":"Maintenance - Improve Uptime and Efficiency, Reduce Defects - Augmentir","isPartOf":{"@id":"https:\/\/www.augmentir.com\/#website"},"datePublished":"2021-10-10T00:21:01+00:00","dateModified":"2025-05-25T10:30:00+00:00","description":"Improve the quality, transparency, and efficiency of preventive and autonomous maintenance and repair procedures with Augmentir's AI platform.","breadcrumb":{"@id":"https:\/\/www.augmentir.com\/use-cases\/maintenance#breadcrumb"},"inLanguage":"es","potentialAction":[{"@type":"ReadAction","target":["https:\/\/www.augmentir.com\/use-cases\/maintenance"]}]},{"@type":"BreadcrumbList","@id":"https:\/\/www.augmentir.com\/use-cases\/maintenance#breadcrumb","itemListElement":[{"@type":"ListItem","position":1,"name":"Home","item":"https:\/\/www.augmentir.com\/"},{"@type":"ListItem","position":2,"name":"Connected Worker Use Cases","item":"https:\/\/www.augmentir.com\/use-cases"},{"@type":"ListItem","position":3,"name":"Maintenance &#8211; Improve Uptime and Efficiency, Reduce Defects"}]},{"@type":"WebSite","@id":"https:\/\/www.augmentir.com\/#website","url":"https:\/\/www.augmentir.com\/","name":"Augmentir","description":"AI-Powered Connected Worker Platform","publisher":{"@id":"https:\/\/www.augmentir.com\/#organization"},"potentialAction":[{"@type":"SearchAction","target":{"@type":"EntryPoint","urlTemplate":"https:\/\/www.augmentir.com\/?s={search_term_string}"},"query-input":{"@type":"PropertyValueSpecification","valueRequired":true,"valueName":"search_term_string"}}],"inLanguage":"es"},{"@type":"Organization","@id":"https:\/\/www.augmentir.com\/#organization","name":"Augmentir, Inc.","url":"https:\/\/www.augmentir.com\/","logo":{"@type":"ImageObject","inLanguage":"es","@id":"https:\/\/www.augmentir.com\/#\/schema\/logo\/image\/","url":"https:\/\/www.augmentir.com\/wp-content\/uploads\/2021\/10\/Augmentir_Logo.svg","contentUrl":"https:\/\/www.augmentir.com\/wp-content\/uploads\/2021\/10\/Augmentir_Logo.svg","width":"1200","height":"1200","caption":"Augmentir, Inc."},"image":{"@id":"https:\/\/www.augmentir.com\/#\/schema\/logo\/image\/"},"sameAs":["https:\/\/x.com\/augmentir","https:\/\/www.linkedin.com\/company\/augmentir"]}]}},"_links":{"self":[{"href":"https:\/\/www.augmentir.com\/es\/wp-json\/wp\/v2\/pages\/11494","targetHints":{"allow":["GET"]}}],"collection":[{"href":"https:\/\/www.augmentir.com\/es\/wp-json\/wp\/v2\/pages"}],"about":[{"href":"https:\/\/www.augmentir.com\/es\/wp-json\/wp\/v2\/types\/page"}],"author":[{"embeddable":true,"href":"https:\/\/www.augmentir.com\/es\/wp-json\/wp\/v2\/users\/1"}],"replies":[{"embeddable":true,"href":"https:\/\/www.augmentir.com\/es\/wp-json\/wp\/v2\/comments?post=11494"}],"version-history":[{"count":0,"href":"https:\/\/www.augmentir.com\/es\/wp-json\/wp\/v2\/pages\/11494\/revisions"}],"up":[{"embeddable":true,"href":"https:\/\/www.augmentir.com\/es\/wp-json\/wp\/v2\/pages\/11482"}],"wp:attachment":[{"href":"https:\/\/www.augmentir.com\/es\/wp-json\/wp\/v2\/media?parent=11494"}],"curies":[{"name":"wp","href":"https:\/\/api.w.org\/{rel}","templated":true}]}}