{"id":10269,"date":"2021-06-11T15:37:24","date_gmt":"2021-06-11T15:37:24","guid":{"rendered":"https:\/\/augmentir.com\/?page_id=10269"},"modified":"2025-11-25T17:09:11","modified_gmt":"2025-11-25T17:09:11","slug":"accelerate-your-digital-transformation-journey-with-a-connected-workforce-ebook","status":"publish","type":"page","link":"https:\/\/www.augmentir.com\/es\/accelerate-your-digital-transformation-journey-with-a-connected-workforce-ebook","title":{"rendered":"Acelere su transformaci\u00f3n digital con una fuerza laboral conectada"},"content":{"rendered":"<div id='top-section'  class='avia-section main_color avia-section-default avia-no-border-styling avia-bg-style-scroll  avia-builder-el-0  avia-builder-el-no-sibling   container_wrap sidebar_right' style='background-repeat: repeat-y; background-image: url(https:\/\/www.augmentir.com\/wp-content\/uploads\/2021\/10\/page-half-background.png);background-attachment: scroll; background-position: center center;  '  data-section-bg-repeat='repeat-y'><div class='container' ><main  role=\"main\" itemprop=\"mainContentOfPage\"  class='template-page content  av-content-small alpha units'><div class='post-entry post-entry-type-page post-entry-10269'><div class='entry-content-wrapper clearfix'>\n<div class=\"flex_column av_one_half  av-break-at-tablet flex_column_div first  avia-builder-el-1  el_before_av_one_half  avia-builder-el-first\" style='padding:0px 30px 0px 0px ; border-radius:0px; '><p><section class=\"av_textblock_section\"  itemscope=\"itemscope\" itemtype=\"https:\/\/schema.org\/CreativeWork\" ><div class='avia_textblock eyebrow-headline av_inherit_color'   itemprop=\"text\" ><p>Libro electr\u00f3nico<\/p>\n<\/div><\/section><br \/>\n<div  style='padding-bottom:20px; margin-top:30px; font-size:40px;' class='av-special-heading av-special-heading-h1  blockquote modern-quote  avia-builder-el-3  el_after_av_textblock  el_before_av_textblock  h1-page-title av-inherit-size'><h1 class='av-special-heading-tag'  itemprop=\"headline\"  >La transformaci\u00f3n digital comienza con una fuerza laboral conectada<\/h1><div class='special-heading-border'><div class='special-heading-inner-border' ><\/div><\/div><\/div><br \/>\n<section class=\"av_textblock_section\"  itemscope=\"itemscope\" itemtype=\"https:\/\/schema.org\/CreativeWork\" ><div class='avia_textblock'   itemprop=\"text\" ><p>Aprenda c\u00f3mo acelerar sus esfuerzos de transformaci\u00f3n digital con soluciones de trabajadores conectados impulsadas por IA.<\/p>\n<\/div><\/section><br \/>\n<div  class='avia-image-container  av-styling-    avia-builder-el-5  el_after_av_textblock  el_before_av_hr  avia-align-center'  itemprop=\"image\" itemscope=\"itemscope\" itemtype=\"https:\/\/schema.org\/ImageObject\"  ><div class='avia-image-container-inner'><div class='avia-image-overlay-wrap'><img class='avia_image' src='https:\/\/www.augmentir.com\/wp-content\/uploads\/2023\/06\/ebook-cover.webp' alt='Libro electr\u00f3nico &quot;El futuro del trabajo industrial&quot; de Augmentir que cubre la transformaci\u00f3n digital y la tecnolog\u00eda del trabajador conectado.' title='' height=\"585\" width=\"900\"  itemprop=\"thumbnailUrl\"  \/><\/div><\/div><\/div><br \/>\n<div  style='height:30px' class='hr hr-invisible  av-small-hide av-mini-hide  avia-builder-el-6  el_after_av_image  el_before_av_textblock'><span class='hr-inner' ><span class='hr-inner-style'><\/span><\/span><\/div><br \/>\n<section class=\"av_textblock_section  av-small-hide av-mini-hide\"  itemscope=\"itemscope\" itemtype=\"https:\/\/schema.org\/CreativeWork\" ><div class='avia_textblock'  style='font-size:16px; '  itemprop=\"text\" ><p>La pandemia mundial ha cambiado la forma en que trabajamos y, para muchas empresas, el cambio ser\u00e1 permanente.<\/p>\n<p>El impacto de la COVID-19 y los cambios subsiguientes en c\u00f3mo se ubican, se dotan de personal, se gestionan y se digitalizan las f\u00e1bricas, y c\u00f3mo se apoya a los clientes, est\u00e1n ejerciendo presi\u00f3n sobre los l\u00edderes de operaciones.<\/p>\n<p>La colaboraci\u00f3n y el acceso a informaci\u00f3n precisa siguen siendo cruciales para que los trabajadores de primera l\u00ednea resuelvan problemas y aumenten la productividad. Sin embargo, muchos l\u00edderes se enfrentan ahora a la realidad de una fuerza laboral distribuida y remota. La mayor\u00eda de los trabajadores industriales son trabajadores de primera l\u00ednea o de campo, cuyas tareas diarias requieren la presencia f\u00edsica en sus puestos de trabajo. La mayor\u00eda de estos trabajos de primera l\u00ednea no pueden realizarse de forma remota, pero estos trabajadores a\u00fan necesitan acceso a informaci\u00f3n digital, orientaci\u00f3n, capacitaci\u00f3n y apoyo, que antes se brindaban presencialmente.<\/p>\n<p>Empresas industriales de todos los tama\u00f1os priorizan sus iniciativas de transformaci\u00f3n digital para mantener sus operaciones y la continuidad del negocio. Tecnolog\u00edas como la inteligencia artificial (IA) y la realidad aumentada (RA) son ahora fundamentales en la cartera de innovaci\u00f3n corporativa de cualquier l\u00edder empresarial y cruciales para acelerar los esfuerzos de transformaci\u00f3n digital en un momento en que las empresas m\u00e1s lo necesitan.<\/p>\n<p>En este libro electr\u00f3nico gratuito, aprenda c\u00f3mo las soluciones de trabajadores conectados industriales que aprovechan la IA y la RA est\u00e1n ayudando a las empresas a acelerar sus esfuerzos de transformaci\u00f3n digital.<\/p>\n<\/div><\/section><\/p><\/div><div class=\"flex_column av_one_half  av-break-at-tablet flex_column_div   avia-builder-el-8  el_after_av_one_half  avia-builder-el-last  form-container-column\" style='padding:0px 0px 0px 30px ; border-radius:0px; '><p><section class=\"av_textblock_section\"  itemscope=\"itemscope\" itemtype=\"https:\/\/schema.org\/CreativeWork\" ><div class='avia_textblock eyebrow-headline av_inherit_color'  style='color:#ffffff; '  itemprop=\"text\" ><p>Obtenga su libro electr\u00f3nico gratuito<\/p>\n<\/div><\/section><br \/>\n<div  style='padding-bottom:20px; margin-top:30px; color:#ffffff;font-size:32px;' class='av-special-heading av-special-heading-h2 custom-color-heading blockquote modern-quote  avia-builder-el-10  el_after_av_textblock  el_before_av_codeblock  av-inherit-size'><h2 class='av-special-heading-tag'  itemprop=\"headline\"  >Acelere su viaje digital con una fuerza laboral conectada<\/h2><div class='special-heading-border'><div class='special-heading-inner-border' style='border-color:#ffffff'><\/div><\/div><\/div><br \/>\n<br \/>\n<div  style='height:20px' class='hr hr-invisible   avia-builder-el-12  el_after_av_codeblock  el_before_av_image'><span class='hr-inner' ><span class='hr-inner-style'><\/span><\/span><\/div><br \/>\n<div  class='avia-image-container  av-styling-    avia-builder-el-13  el_after_av_hr  avia-builder-el-last  avia-align-center'  itemprop=\"image\" itemscope=\"itemscope\" itemtype=\"https:\/\/schema.org\/ImageObject\"  ><div class='avia-image-container-inner'><div class='avia-image-overlay-wrap'><img class='avia_image' src='https:\/\/www.augmentir.com\/wp-content\/uploads\/2023\/06\/foiw-ebook-special-v5.png' alt='' title='' height=\"302\" width=\"596\"  itemprop=\"thumbnailUrl\"  \/><\/div><\/div><\/div><\/p><\/div><\/div><\/div><\/main><!-- close content main element --><\/div><\/div><div id='after_section_1'  class='main_color av_default_container_wrap container_wrap sidebar_right' style=' '  ><div class='container' ><div class='template-page content  av-content-small alpha units'><div class='post-entry post-entry-type-page post-entry-10269'><div class='entry-content-wrapper clearfix'>","protected":false},"excerpt":{"rendered":"","protected":false},"author":1,"featured_media":11437,"parent":0,"menu_order":0,"comment_status":"closed","ping_status":"closed","template":"","meta":{"inline_featured_image":false,"_lmt_disableupdate":"no","_lmt_disable":"","footnotes":""},"class_list":["post-10269","page","type-page","status-publish","has-post-thumbnail","hentry"],"yoast_head":"<!-- This site is optimized with the Yoast SEO plugin v27.2 - https:\/\/yoast.com\/product\/yoast-seo-wordpress\/ -->\n<title>Accelerate Your Digital Transformation Journey with a Connected Workforce - Augmentir<\/title>\n<meta name=\"description\" content=\"Learn how to accelerate your digital transformation efforts with AI-powered connected worker solutions.\" \/>\n<meta name=\"robots\" content=\"index, follow, max-snippet:-1, max-image-preview:large, max-video-preview:-1\" \/>\n<link rel=\"canonical\" href=\"https:\/\/www.augmentir.com\/es\/accelerate-your-digital-transformation-journey-with-a-connected-workforce-ebook\" \/>\n<meta property=\"og:locale\" content=\"es_ES\" \/>\n<meta property=\"og:type\" content=\"article\" \/>\n<meta property=\"og:title\" content=\"Accelerate Your Digital Transformation Journey with a Connected Workforce - Augmentir\" \/>\n<meta property=\"og:description\" content=\"Learn how to accelerate your digital transformation efforts with AI-powered connected worker solutions.\" \/>\n<meta property=\"og:url\" content=\"https:\/\/www.augmentir.com\/es\/accelerate-your-digital-transformation-journey-with-a-connected-workforce-ebook\" \/>\n<meta property=\"og:site_name\" content=\"Augmentir\" \/>\n<meta property=\"article:modified_time\" content=\"2025-11-25T17:09:11+00:00\" \/>\n<meta property=\"og:image\" content=\"https:\/\/www.augmentir.com\/wp-content\/uploads\/2021\/10\/augmentir-webinar.png\" \/>\n\t<meta property=\"og:image:width\" content=\"1200\" \/>\n\t<meta property=\"og:image:height\" content=\"630\" \/>\n\t<meta property=\"og:image:type\" content=\"image\/png\" \/>\n<meta name=\"twitter:card\" content=\"summary_large_image\" \/>\n<meta name=\"twitter:site\" content=\"@augmentir\" \/>\n<script type=\"application\/ld+json\" class=\"yoast-schema-graph\">{\"@context\":\"https:\/\/schema.org\",\"@graph\":[{\"@type\":\"WebPage\",\"@id\":\"https:\/\/www.augmentir.com\/accelerate-your-digital-transformation-journey-with-a-connected-workforce-ebook\",\"url\":\"https:\/\/www.augmentir.com\/accelerate-your-digital-transformation-journey-with-a-connected-workforce-ebook\",\"name\":\"Accelerate Your Digital Transformation Journey with a Connected Workforce - Augmentir\",\"isPartOf\":{\"@id\":\"https:\/\/www.augmentir.com\/#website\"},\"primaryImageOfPage\":{\"@id\":\"https:\/\/www.augmentir.com\/accelerate-your-digital-transformation-journey-with-a-connected-workforce-ebook#primaryimage\"},\"image\":{\"@id\":\"https:\/\/www.augmentir.com\/accelerate-your-digital-transformation-journey-with-a-connected-workforce-ebook#primaryimage\"},\"thumbnailUrl\":\"https:\/\/www.augmentir.com\/wp-content\/uploads\/2021\/10\/augmentir-webinar.png\",\"datePublished\":\"2021-06-11T15:37:24+00:00\",\"dateModified\":\"2025-11-25T17:09:11+00:00\",\"description\":\"Learn how to accelerate your digital transformation efforts with AI-powered connected worker solutions.\",\"breadcrumb\":{\"@id\":\"https:\/\/www.augmentir.com\/accelerate-your-digital-transformation-journey-with-a-connected-workforce-ebook#breadcrumb\"},\"inLanguage\":\"es\",\"potentialAction\":[{\"@type\":\"ReadAction\",\"target\":[\"https:\/\/www.augmentir.com\/accelerate-your-digital-transformation-journey-with-a-connected-workforce-ebook\"]}]},{\"@type\":\"ImageObject\",\"inLanguage\":\"es\",\"@id\":\"https:\/\/www.augmentir.com\/accelerate-your-digital-transformation-journey-with-a-connected-workforce-ebook#primaryimage\",\"url\":\"https:\/\/www.augmentir.com\/wp-content\/uploads\/2021\/10\/augmentir-webinar.png\",\"contentUrl\":\"https:\/\/www.augmentir.com\/wp-content\/uploads\/2021\/10\/augmentir-webinar.png\",\"width\":1200,\"height\":630},{\"@type\":\"BreadcrumbList\",\"@id\":\"https:\/\/www.augmentir.com\/accelerate-your-digital-transformation-journey-with-a-connected-workforce-ebook#breadcrumb\",\"itemListElement\":[{\"@type\":\"ListItem\",\"position\":1,\"name\":\"Home\",\"item\":\"https:\/\/www.augmentir.com\/\"},{\"@type\":\"ListItem\",\"position\":2,\"name\":\"Accelerate Your Digital Transformation Journey with a Connected Workforce\"}]},{\"@type\":\"WebSite\",\"@id\":\"https:\/\/www.augmentir.com\/#website\",\"url\":\"https:\/\/www.augmentir.com\/\",\"name\":\"Augmentir\",\"description\":\"AI-Powered Connected Worker Platform\",\"publisher\":{\"@id\":\"https:\/\/www.augmentir.com\/#organization\"},\"potentialAction\":[{\"@type\":\"SearchAction\",\"target\":{\"@type\":\"EntryPoint\",\"urlTemplate\":\"https:\/\/www.augmentir.com\/?s={search_term_string}\"},\"query-input\":{\"@type\":\"PropertyValueSpecification\",\"valueRequired\":true,\"valueName\":\"search_term_string\"}}],\"inLanguage\":\"es\"},{\"@type\":\"Organization\",\"@id\":\"https:\/\/www.augmentir.com\/#organization\",\"name\":\"Augmentir, Inc.\",\"url\":\"https:\/\/www.augmentir.com\/\",\"logo\":{\"@type\":\"ImageObject\",\"inLanguage\":\"es\",\"@id\":\"https:\/\/www.augmentir.com\/#\/schema\/logo\/image\/\",\"url\":\"https:\/\/www.augmentir.com\/wp-content\/uploads\/2021\/10\/Augmentir_Logo.svg\",\"contentUrl\":\"https:\/\/www.augmentir.com\/wp-content\/uploads\/2021\/10\/Augmentir_Logo.svg\",\"width\":\"1200\",\"height\":\"1200\",\"caption\":\"Augmentir, Inc.\"},\"image\":{\"@id\":\"https:\/\/www.augmentir.com\/#\/schema\/logo\/image\/\"},\"sameAs\":[\"https:\/\/x.com\/augmentir\",\"https:\/\/www.linkedin.com\/company\/augmentir\"]}]}<\/script>\n<!-- \/ Yoast SEO plugin. -->","yoast_head_json":{"title":"Accelerate Your Digital Transformation Journey with a Connected Workforce - Augmentir","description":"Learn how to accelerate your digital transformation efforts with AI-powered connected worker solutions.","robots":{"index":"index","follow":"follow","max-snippet":"max-snippet:-1","max-image-preview":"max-image-preview:large","max-video-preview":"max-video-preview:-1"},"canonical":"https:\/\/www.augmentir.com\/es\/accelerate-your-digital-transformation-journey-with-a-connected-workforce-ebook","og_locale":"es_ES","og_type":"article","og_title":"Accelerate Your Digital Transformation Journey with a Connected Workforce - Augmentir","og_description":"Learn how to accelerate your digital transformation efforts with AI-powered connected worker solutions.","og_url":"https:\/\/www.augmentir.com\/es\/accelerate-your-digital-transformation-journey-with-a-connected-workforce-ebook","og_site_name":"Augmentir","article_modified_time":"2025-11-25T17:09:11+00:00","og_image":[{"width":1200,"height":630,"url":"https:\/\/www.augmentir.com\/wp-content\/uploads\/2021\/10\/augmentir-webinar.png","type":"image\/png"}],"twitter_card":"summary_large_image","twitter_site":"@augmentir","schema":{"@context":"https:\/\/schema.org","@graph":[{"@type":"WebPage","@id":"https:\/\/www.augmentir.com\/accelerate-your-digital-transformation-journey-with-a-connected-workforce-ebook","url":"https:\/\/www.augmentir.com\/accelerate-your-digital-transformation-journey-with-a-connected-workforce-ebook","name":"Accelerate Your Digital Transformation Journey with a Connected Workforce - Augmentir","isPartOf":{"@id":"https:\/\/www.augmentir.com\/#website"},"primaryImageOfPage":{"@id":"https:\/\/www.augmentir.com\/accelerate-your-digital-transformation-journey-with-a-connected-workforce-ebook#primaryimage"},"image":{"@id":"https:\/\/www.augmentir.com\/accelerate-your-digital-transformation-journey-with-a-connected-workforce-ebook#primaryimage"},"thumbnailUrl":"https:\/\/www.augmentir.com\/wp-content\/uploads\/2021\/10\/augmentir-webinar.png","datePublished":"2021-06-11T15:37:24+00:00","dateModified":"2025-11-25T17:09:11+00:00","description":"Learn how to accelerate your digital transformation efforts with AI-powered connected worker solutions.","breadcrumb":{"@id":"https:\/\/www.augmentir.com\/accelerate-your-digital-transformation-journey-with-a-connected-workforce-ebook#breadcrumb"},"inLanguage":"es","potentialAction":[{"@type":"ReadAction","target":["https:\/\/www.augmentir.com\/accelerate-your-digital-transformation-journey-with-a-connected-workforce-ebook"]}]},{"@type":"ImageObject","inLanguage":"es","@id":"https:\/\/www.augmentir.com\/accelerate-your-digital-transformation-journey-with-a-connected-workforce-ebook#primaryimage","url":"https:\/\/www.augmentir.com\/wp-content\/uploads\/2021\/10\/augmentir-webinar.png","contentUrl":"https:\/\/www.augmentir.com\/wp-content\/uploads\/2021\/10\/augmentir-webinar.png","width":1200,"height":630},{"@type":"BreadcrumbList","@id":"https:\/\/www.augmentir.com\/accelerate-your-digital-transformation-journey-with-a-connected-workforce-ebook#breadcrumb","itemListElement":[{"@type":"ListItem","position":1,"name":"Home","item":"https:\/\/www.augmentir.com\/"},{"@type":"ListItem","position":2,"name":"Accelerate Your Digital Transformation Journey with a Connected Workforce"}]},{"@type":"WebSite","@id":"https:\/\/www.augmentir.com\/#website","url":"https:\/\/www.augmentir.com\/","name":"Augmentir","description":"AI-Powered Connected Worker Platform","publisher":{"@id":"https:\/\/www.augmentir.com\/#organization"},"potentialAction":[{"@type":"SearchAction","target":{"@type":"EntryPoint","urlTemplate":"https:\/\/www.augmentir.com\/?s={search_term_string}"},"query-input":{"@type":"PropertyValueSpecification","valueRequired":true,"valueName":"search_term_string"}}],"inLanguage":"es"},{"@type":"Organization","@id":"https:\/\/www.augmentir.com\/#organization","name":"Augmentir, Inc.","url":"https:\/\/www.augmentir.com\/","logo":{"@type":"ImageObject","inLanguage":"es","@id":"https:\/\/www.augmentir.com\/#\/schema\/logo\/image\/","url":"https:\/\/www.augmentir.com\/wp-content\/uploads\/2021\/10\/Augmentir_Logo.svg","contentUrl":"https:\/\/www.augmentir.com\/wp-content\/uploads\/2021\/10\/Augmentir_Logo.svg","width":"1200","height":"1200","caption":"Augmentir, Inc."},"image":{"@id":"https:\/\/www.augmentir.com\/#\/schema\/logo\/image\/"},"sameAs":["https:\/\/x.com\/augmentir","https:\/\/www.linkedin.com\/company\/augmentir"]}]}},"_links":{"self":[{"href":"https:\/\/www.augmentir.com\/es\/wp-json\/wp\/v2\/pages\/10269","targetHints":{"allow":["GET"]}}],"collection":[{"href":"https:\/\/www.augmentir.com\/es\/wp-json\/wp\/v2\/pages"}],"about":[{"href":"https:\/\/www.augmentir.com\/es\/wp-json\/wp\/v2\/types\/page"}],"author":[{"embeddable":true,"href":"https:\/\/www.augmentir.com\/es\/wp-json\/wp\/v2\/users\/1"}],"replies":[{"embeddable":true,"href":"https:\/\/www.augmentir.com\/es\/wp-json\/wp\/v2\/comments?post=10269"}],"version-history":[{"count":0,"href":"https:\/\/www.augmentir.com\/es\/wp-json\/wp\/v2\/pages\/10269\/revisions"}],"wp:featuredmedia":[{"embeddable":true,"href":"https:\/\/www.augmentir.com\/es\/wp-json\/wp\/v2\/media\/11437"}],"wp:attachment":[{"href":"https:\/\/www.augmentir.com\/es\/wp-json\/wp\/v2\/media?parent=10269"}],"curies":[{"name":"wp","href":"https:\/\/api.w.org\/{rel}","templated":true}]}}