{"id":9684,"date":"2021-03-05T21:25:10","date_gmt":"2021-03-05T21:25:10","guid":{"rendered":"https:\/\/augmentir.com\/?page_id=9684"},"modified":"2022-12-14T12:50:36","modified_gmt":"2022-12-14T12:50:36","slug":"digital-transformation-for-food-beverage-manufacturing-workforce-ebook","status":"publish","type":"page","link":"https:\/\/www.augmentir.com\/de\/digital-transformation-for-food-beverage-manufacturing-workforce-ebook","title":{"rendered":"Digitale Transformation f\u00fcr die Belegschaft der Lebensmittel- und Getr\u00e4nkeherstellung"},"content":{"rendered":"<div id='top-section'  class='avia-section main_color avia-section-default avia-no-border-styling avia-bg-style-scroll  avia-builder-el-0  avia-builder-el-no-sibling   container_wrap sidebar_right' style='background-repeat: repeat-y; background-image: url(https:\/\/www.augmentir.com\/wp-content\/uploads\/2021\/10\/page-half-background.png);background-attachment: scroll; background-position: center center;  '  data-section-bg-repeat='repeat-y'><div class='container' ><main  role=\"main\" itemprop=\"mainContentOfPage\"  class='template-page content  av-content-small alpha units'><div class='post-entry post-entry-type-page post-entry-9684'><div class='entry-content-wrapper clearfix'>\n<div class=\"flex_column av_one_half  flex_column_div first  avia-builder-el-1  el_before_av_one_half  avia-builder-el-first\" style='padding:0px 30px 0px 0px ; border-radius:0px; '><p><section class=\"av_textblock_section\"  itemscope=\"itemscope\" itemtype=\"https:\/\/schema.org\/CreativeWork\" ><div class='avia_textblock eyebrow-headline av_inherit_color'   itemprop=\"text\" ><p>Lebensmittel- und Getr\u00e4nkeherstellung<\/p>\n<\/div><\/section><br \/>\n<div  style='padding-bottom:0px; margin-top:0px; font-size:40px;' class='av-special-heading av-special-heading-h1  blockquote modern-quote  avia-builder-el-3  el_after_av_textblock  el_before_av_textblock  h1-page-title av-inherit-size'><h1 class='av-special-heading-tag'  itemprop=\"headline\"  >Connected Worker-L\u00f6sungen f\u00fcr die Lebensmittel- und Getr\u00e4nkeherstellung<\/h1><div class='special-heading-border'><div class='special-heading-inner-border' ><\/div><\/div><\/div><br \/>\n<section class=\"av_textblock_section\"  itemscope=\"itemscope\" itemtype=\"https:\/\/schema.org\/CreativeWork\" ><div class='avia_textblock'   itemprop=\"text\" ><p>Sorgen Sie mit KI-gest\u00fctzter Connected-Worker-Technologie f\u00fcr maximale Sicherheit, Qualit\u00e4t und Produktivit\u00e4t in der Lebensmittel- und Getr\u00e4nkeherstellung.<\/p>\n<\/div><\/section><br \/>\n<div  class='avia-image-container  av-styling-    avia-builder-el-5  el_after_av_textblock  el_before_av_hr  avia-align-center'  itemprop=\"image\" itemscope=\"itemscope\" itemtype=\"https:\/\/schema.org\/ImageObject\"  ><div class='avia-image-container-inner'><div class='avia-image-overlay-wrap'><img class='avia_image' src='https:\/\/www.augmentir.com\/wp-content\/uploads\/2022\/01\/ebook-digital-transformation-food-beverage-manufacturing.png' alt='ebook Digitale Transformation Food Beverage Manufacturing' title='' height=\"630\" width=\"1200\"  itemprop=\"thumbnailUrl\"  \/><\/div><\/div><\/div><br \/>\n<div  style='height:50px' class='hr hr-invisible   avia-builder-el-6  el_after_av_image  el_before_av_textblock'><span class='hr-inner' ><span class='hr-inner-style'><\/span><\/span><\/div><br \/>\n<section class=\"av_textblock_section  av-small-hide av-mini-hide\"  itemscope=\"itemscope\" itemtype=\"https:\/\/schema.org\/CreativeWork\" ><div class='avia_textblock'  style='font-size:16px; '  itemprop=\"text\" ><p>Die Art und Weise, wie wir arbeiten, hat sich ver\u00e4ndert \u2013 und f\u00fcr die meisten Lebensmittel- und Getr\u00e4nkehersteller wird die Ver\u00e4nderung dauerhaft sein.<\/p>\n<p>Die Auswirkungen von COVID-19 und die nachfolgenden \u00c4nderungen bei der Besetzung und Verwaltung von Fabriken setzen die Betriebsleiter in der Lebensmittel- und Getr\u00e4nkeindustrie unter Druck, das Tempo der Digitalisierung zu beschleunigen. Die Lebensmittelindustrie, die bereits durch eine alternde, in den Ruhestand tretende Belegschaft, zunehmende Qualifikationsl\u00fccken und Arbeitskr\u00e4ftemangel herausgefordert wurde, sieht sich nun einem erh\u00f6hten Druck zur Verbesserung der Produktionseffizienz, \u00c4nderungen der Verbraucheranforderungen und einer erh\u00f6hten Einhaltung gesetzlicher Vorschriften im Zusammenhang mit der Lebensmittelsicherheit gegen\u00fcber.<\/p>\n<p>In diesem eBook erfahren Sie, wie Lebensmittel- und Getr\u00e4nkehersteller digitale Technologie und L\u00f6sungen f\u00fcr vernetzte Mitarbeiter einsetzen, um maximale Sicherheit, Qualit\u00e4t und Produktivit\u00e4t f\u00fcr ihre Mitarbeiter zu bieten.<\/p>\n<\/div><\/section><\/p><\/div><div class=\"flex_column av_one_half  av-hide-on-mobile  flex_column_div   avia-builder-el-8  el_after_av_one_half  avia-builder-el-last  form-container-column\" style='padding:0px 0px 0px 30px ; border-radius:0px; '><p><section class=\"av_textblock_section\"  itemscope=\"itemscope\" itemtype=\"https:\/\/schema.org\/CreativeWork\" ><div class='avia_textblock eyebrow-headline av_inherit_color'  style='color:#ffffff; '  itemprop=\"text\" ><p>Holen Sie sich Ihr kostenloses eBook<\/p>\n<\/div><\/section><br \/>\n<div  style='padding-bottom:0px; margin-top:0px; color:#ffffff;font-size:32px;' class='av-special-heading av-special-heading-h2 custom-color-heading blockquote modern-quote  avia-builder-el-10  el_after_av_textblock  el_before_av_codeblock  av-inherit-size'><h2 class='av-special-heading-tag'  itemprop=\"headline\"  >Digitale Transformation f\u00fcr die Lebensmittel- und Getr\u00e4nkeherstellung<\/h2><div class='special-heading-border'><div class='special-heading-inner-border' style='border-color:#ffffff'><\/div><\/div><\/div><br \/>\n<\/p><\/div><\/div><\/div><\/main><!-- close content main element --><\/div><\/div><div id='after_section_1'  class='main_color av_default_container_wrap container_wrap sidebar_right' style=' '  ><div class='container' ><div class='template-page content  av-content-small alpha units'><div class='post-entry post-entry-type-page post-entry-9684'><div class='entry-content-wrapper clearfix'>","protected":false},"excerpt":{"rendered":"","protected":false},"author":1,"featured_media":12254,"parent":0,"menu_order":0,"comment_status":"closed","ping_status":"closed","template":"","meta":{"inline_featured_image":false,"_lmt_disableupdate":"no","_lmt_disable":"","footnotes":""},"class_list":["post-9684","page","type-page","status-publish","has-post-thumbnail","hentry"],"yoast_head":"<!-- This site is optimized with the Yoast SEO plugin v27.2 - https:\/\/yoast.com\/product\/yoast-seo-wordpress\/ -->\n<title>Digital Transformation for the Food and Beverage Manufacturing Workforce - Augmentir<\/title>\n<meta name=\"description\" content=\"In this eBook, learn how food &amp; beverage manufacturers are using digital technology and connected worker solutions to deliver maximum safety, quality, and productivity for their workforce.\" \/>\n<meta name=\"robots\" content=\"index, follow, max-snippet:-1, max-image-preview:large, max-video-preview:-1\" \/>\n<link rel=\"canonical\" href=\"https:\/\/www.augmentir.com\/de\/digital-transformation-for-food-beverage-manufacturing-workforce-ebook\" \/>\n<meta property=\"og:locale\" content=\"de_DE\" \/>\n<meta property=\"og:type\" content=\"article\" \/>\n<meta property=\"og:title\" content=\"Digital Transformation for the Food and Beverage Manufacturing Workforce - Augmentir\" \/>\n<meta property=\"og:description\" content=\"In this eBook, learn how food &amp; beverage manufacturers are using digital technology and connected worker solutions to deliver maximum safety, quality, and productivity for their workforce.\" \/>\n<meta property=\"og:url\" content=\"https:\/\/www.augmentir.com\/de\/digital-transformation-for-food-beverage-manufacturing-workforce-ebook\" \/>\n<meta property=\"og:site_name\" content=\"Augmentir\" \/>\n<meta property=\"article:modified_time\" content=\"2022-12-14T12:50:36+00:00\" \/>\n<meta property=\"og:image\" content=\"https:\/\/www.augmentir.com\/wp-content\/uploads\/2021\/03\/digital-transformation-food-beverage-manufacturing-ebook.png\" \/>\n\t<meta property=\"og:image:width\" content=\"1024\" \/>\n\t<meta property=\"og:image:height\" content=\"512\" \/>\n\t<meta property=\"og:image:type\" content=\"image\/png\" \/>\n<meta name=\"twitter:card\" content=\"summary_large_image\" \/>\n<meta name=\"twitter:image\" content=\"https:\/\/www.augmentir.com\/wp-content\/uploads\/2021\/03\/digital-transformation-food-beverage-manufacturing-ebook.png\" \/>\n<meta name=\"twitter:site\" content=\"@augmentir\" \/>\n<script type=\"application\/ld+json\" class=\"yoast-schema-graph\">{\"@context\":\"https:\/\/schema.org\",\"@graph\":[{\"@type\":\"WebPage\",\"@id\":\"https:\/\/www.augmentir.com\/digital-transformation-for-food-beverage-manufacturing-workforce-ebook\",\"url\":\"https:\/\/www.augmentir.com\/digital-transformation-for-food-beverage-manufacturing-workforce-ebook\",\"name\":\"Digital Transformation for the Food and Beverage Manufacturing Workforce - Augmentir\",\"isPartOf\":{\"@id\":\"https:\/\/www.augmentir.com\/#website\"},\"primaryImageOfPage\":{\"@id\":\"https:\/\/www.augmentir.com\/digital-transformation-for-food-beverage-manufacturing-workforce-ebook#primaryimage\"},\"image\":{\"@id\":\"https:\/\/www.augmentir.com\/digital-transformation-for-food-beverage-manufacturing-workforce-ebook#primaryimage\"},\"thumbnailUrl\":\"https:\/\/www.augmentir.com\/wp-content\/uploads\/2022\/01\/ebook-digital-transformation-food-beverage-manufacturing.png\",\"datePublished\":\"2021-03-05T21:25:10+00:00\",\"dateModified\":\"2022-12-14T12:50:36+00:00\",\"description\":\"In this eBook, learn how food & beverage manufacturers are using digital technology and connected worker solutions to deliver maximum safety, quality, and productivity for their workforce.\",\"breadcrumb\":{\"@id\":\"https:\/\/www.augmentir.com\/digital-transformation-for-food-beverage-manufacturing-workforce-ebook#breadcrumb\"},\"inLanguage\":\"de-DE\",\"potentialAction\":[{\"@type\":\"ReadAction\",\"target\":[\"https:\/\/www.augmentir.com\/digital-transformation-for-food-beverage-manufacturing-workforce-ebook\"]}]},{\"@type\":\"ImageObject\",\"inLanguage\":\"de-DE\",\"@id\":\"https:\/\/www.augmentir.com\/digital-transformation-for-food-beverage-manufacturing-workforce-ebook#primaryimage\",\"url\":\"https:\/\/www.augmentir.com\/wp-content\/uploads\/2022\/01\/ebook-digital-transformation-food-beverage-manufacturing.png\",\"contentUrl\":\"https:\/\/www.augmentir.com\/wp-content\/uploads\/2022\/01\/ebook-digital-transformation-food-beverage-manufacturing.png\",\"width\":1200,\"height\":630,\"caption\":\"ebook Digital Transformation Food Beverage Manufacturing\"},{\"@type\":\"BreadcrumbList\",\"@id\":\"https:\/\/www.augmentir.com\/digital-transformation-for-food-beverage-manufacturing-workforce-ebook#breadcrumb\",\"itemListElement\":[{\"@type\":\"ListItem\",\"position\":1,\"name\":\"Home\",\"item\":\"https:\/\/www.augmentir.com\/\"},{\"@type\":\"ListItem\",\"position\":2,\"name\":\"Digital Transformation for the Food and Beverage Manufacturing Workforce\"}]},{\"@type\":\"WebSite\",\"@id\":\"https:\/\/www.augmentir.com\/#website\",\"url\":\"https:\/\/www.augmentir.com\/\",\"name\":\"Augmentir\",\"description\":\"AI-Powered Connected Worker Platform\",\"publisher\":{\"@id\":\"https:\/\/www.augmentir.com\/#organization\"},\"potentialAction\":[{\"@type\":\"SearchAction\",\"target\":{\"@type\":\"EntryPoint\",\"urlTemplate\":\"https:\/\/www.augmentir.com\/?s={search_term_string}\"},\"query-input\":{\"@type\":\"PropertyValueSpecification\",\"valueRequired\":true,\"valueName\":\"search_term_string\"}}],\"inLanguage\":\"de-DE\"},{\"@type\":\"Organization\",\"@id\":\"https:\/\/www.augmentir.com\/#organization\",\"name\":\"Augmentir, Inc.\",\"url\":\"https:\/\/www.augmentir.com\/\",\"logo\":{\"@type\":\"ImageObject\",\"inLanguage\":\"de-DE\",\"@id\":\"https:\/\/www.augmentir.com\/#\/schema\/logo\/image\/\",\"url\":\"https:\/\/www.augmentir.com\/wp-content\/uploads\/2021\/10\/Augmentir_Logo.svg\",\"contentUrl\":\"https:\/\/www.augmentir.com\/wp-content\/uploads\/2021\/10\/Augmentir_Logo.svg\",\"width\":\"1200\",\"height\":\"1200\",\"caption\":\"Augmentir, Inc.\"},\"image\":{\"@id\":\"https:\/\/www.augmentir.com\/#\/schema\/logo\/image\/\"},\"sameAs\":[\"https:\/\/x.com\/augmentir\",\"https:\/\/www.linkedin.com\/company\/augmentir\"]}]}<\/script>\n<!-- \/ Yoast SEO plugin. -->","yoast_head_json":{"title":"Digital Transformation for the Food and Beverage Manufacturing Workforce - Augmentir","description":"In this eBook, learn how food & beverage manufacturers are using digital technology and connected worker solutions to deliver maximum safety, quality, and productivity for their workforce.","robots":{"index":"index","follow":"follow","max-snippet":"max-snippet:-1","max-image-preview":"max-image-preview:large","max-video-preview":"max-video-preview:-1"},"canonical":"https:\/\/www.augmentir.com\/de\/digital-transformation-for-food-beverage-manufacturing-workforce-ebook","og_locale":"de_DE","og_type":"article","og_title":"Digital Transformation for the Food and Beverage Manufacturing Workforce - Augmentir","og_description":"In this eBook, learn how food & beverage manufacturers are using digital technology and connected worker solutions to deliver maximum safety, quality, and productivity for their workforce.","og_url":"https:\/\/www.augmentir.com\/de\/digital-transformation-for-food-beverage-manufacturing-workforce-ebook","og_site_name":"Augmentir","article_modified_time":"2022-12-14T12:50:36+00:00","og_image":[{"width":1024,"height":512,"url":"https:\/\/www.augmentir.com\/wp-content\/uploads\/2021\/03\/digital-transformation-food-beverage-manufacturing-ebook.png","type":"image\/png"}],"twitter_card":"summary_large_image","twitter_image":"https:\/\/www.augmentir.com\/wp-content\/uploads\/2021\/03\/digital-transformation-food-beverage-manufacturing-ebook.png","twitter_site":"@augmentir","schema":{"@context":"https:\/\/schema.org","@graph":[{"@type":"WebPage","@id":"https:\/\/www.augmentir.com\/digital-transformation-for-food-beverage-manufacturing-workforce-ebook","url":"https:\/\/www.augmentir.com\/digital-transformation-for-food-beverage-manufacturing-workforce-ebook","name":"Digital Transformation for the Food and Beverage Manufacturing Workforce - Augmentir","isPartOf":{"@id":"https:\/\/www.augmentir.com\/#website"},"primaryImageOfPage":{"@id":"https:\/\/www.augmentir.com\/digital-transformation-for-food-beverage-manufacturing-workforce-ebook#primaryimage"},"image":{"@id":"https:\/\/www.augmentir.com\/digital-transformation-for-food-beverage-manufacturing-workforce-ebook#primaryimage"},"thumbnailUrl":"https:\/\/www.augmentir.com\/wp-content\/uploads\/2022\/01\/ebook-digital-transformation-food-beverage-manufacturing.png","datePublished":"2021-03-05T21:25:10+00:00","dateModified":"2022-12-14T12:50:36+00:00","description":"In this eBook, learn how food & beverage manufacturers are using digital technology and connected worker solutions to deliver maximum safety, quality, and productivity for their workforce.","breadcrumb":{"@id":"https:\/\/www.augmentir.com\/digital-transformation-for-food-beverage-manufacturing-workforce-ebook#breadcrumb"},"inLanguage":"de-DE","potentialAction":[{"@type":"ReadAction","target":["https:\/\/www.augmentir.com\/digital-transformation-for-food-beverage-manufacturing-workforce-ebook"]}]},{"@type":"ImageObject","inLanguage":"de-DE","@id":"https:\/\/www.augmentir.com\/digital-transformation-for-food-beverage-manufacturing-workforce-ebook#primaryimage","url":"https:\/\/www.augmentir.com\/wp-content\/uploads\/2022\/01\/ebook-digital-transformation-food-beverage-manufacturing.png","contentUrl":"https:\/\/www.augmentir.com\/wp-content\/uploads\/2022\/01\/ebook-digital-transformation-food-beverage-manufacturing.png","width":1200,"height":630,"caption":"ebook Digital Transformation Food Beverage Manufacturing"},{"@type":"BreadcrumbList","@id":"https:\/\/www.augmentir.com\/digital-transformation-for-food-beverage-manufacturing-workforce-ebook#breadcrumb","itemListElement":[{"@type":"ListItem","position":1,"name":"Home","item":"https:\/\/www.augmentir.com\/"},{"@type":"ListItem","position":2,"name":"Digital Transformation for the Food and Beverage Manufacturing Workforce"}]},{"@type":"WebSite","@id":"https:\/\/www.augmentir.com\/#website","url":"https:\/\/www.augmentir.com\/","name":"Augmentir","description":"AI-Powered Connected Worker Platform","publisher":{"@id":"https:\/\/www.augmentir.com\/#organization"},"potentialAction":[{"@type":"SearchAction","target":{"@type":"EntryPoint","urlTemplate":"https:\/\/www.augmentir.com\/?s={search_term_string}"},"query-input":{"@type":"PropertyValueSpecification","valueRequired":true,"valueName":"search_term_string"}}],"inLanguage":"de-DE"},{"@type":"Organization","@id":"https:\/\/www.augmentir.com\/#organization","name":"Augmentir, Inc.","url":"https:\/\/www.augmentir.com\/","logo":{"@type":"ImageObject","inLanguage":"de-DE","@id":"https:\/\/www.augmentir.com\/#\/schema\/logo\/image\/","url":"https:\/\/www.augmentir.com\/wp-content\/uploads\/2021\/10\/Augmentir_Logo.svg","contentUrl":"https:\/\/www.augmentir.com\/wp-content\/uploads\/2021\/10\/Augmentir_Logo.svg","width":"1200","height":"1200","caption":"Augmentir, Inc."},"image":{"@id":"https:\/\/www.augmentir.com\/#\/schema\/logo\/image\/"},"sameAs":["https:\/\/x.com\/augmentir","https:\/\/www.linkedin.com\/company\/augmentir"]}]}},"_links":{"self":[{"href":"https:\/\/www.augmentir.com\/de\/wp-json\/wp\/v2\/pages\/9684","targetHints":{"allow":["GET"]}}],"collection":[{"href":"https:\/\/www.augmentir.com\/de\/wp-json\/wp\/v2\/pages"}],"about":[{"href":"https:\/\/www.augmentir.com\/de\/wp-json\/wp\/v2\/types\/page"}],"author":[{"embeddable":true,"href":"https:\/\/www.augmentir.com\/de\/wp-json\/wp\/v2\/users\/1"}],"replies":[{"embeddable":true,"href":"https:\/\/www.augmentir.com\/de\/wp-json\/wp\/v2\/comments?post=9684"}],"version-history":[{"count":0,"href":"https:\/\/www.augmentir.com\/de\/wp-json\/wp\/v2\/pages\/9684\/revisions"}],"wp:featuredmedia":[{"embeddable":true,"href":"https:\/\/www.augmentir.com\/de\/wp-json\/wp\/v2\/media\/12254"}],"wp:attachment":[{"href":"https:\/\/www.augmentir.com\/de\/wp-json\/wp\/v2\/media?parent=9684"}],"curies":[{"name":"wp","href":"https:\/\/api.w.org\/{rel}","templated":true}]}}