{"id":9492,"date":"2021-01-29T15:55:04","date_gmt":"2021-01-29T15:55:04","guid":{"rendered":"https:\/\/augmentir.com\/?page_id=9492"},"modified":"2022-12-14T12:55:25","modified_gmt":"2022-12-14T12:55:25","slug":"remote-assist-for-the-frontline-workforce-buyers-guide","status":"publish","type":"page","link":"https:\/\/www.augmentir.com\/de\/remote-assist-for-the-frontline-workforce-buyers-guide","title":{"rendered":"Augmented-Reality-Fernunterst\u00fctzung f\u00fcr die Mitarbeiter an vorderster Front"},"content":{"rendered":"<div id='white-hero-section'  class='avia-section main_color avia-section-large avia-no-border-styling avia-bg-style-scroll  avia-builder-el-0  el_before_av_section  avia-builder-el-first   container_wrap sidebar_right' style=' '  ><div class='container' ><main  role=\"main\" itemprop=\"mainContentOfPage\"  class='template-page content  av-content-small alpha units'><div class='post-entry post-entry-type-page post-entry-9492'><div class='entry-content-wrapper clearfix'>\n<div class=\"flex_column av_one_half  av-break-at-tablet flex_column_div av-zero-column-padding first  avia-builder-el-1  el_before_av_one_half  avia-builder-el-first  top-left-column\" style='margin-top:0px; margin-bottom:30px; border-radius:0px; '><p><section class=\"av_textblock_section\"  itemscope=\"itemscope\" itemtype=\"https:\/\/schema.org\/CreativeWork\" ><div class='avia_textblock eyebrow-headline'   itemprop=\"text\" ><p>Kostenlose Anleitung<\/p>\n<\/div><\/section><br \/>\n<div  style='padding-bottom:0px; margin-top:0px; font-size:3vw;' class='av-special-heading av-special-heading-h1  blockquote modern-quote  avia-builder-el-3  el_after_av_textblock  el_before_av_textblock  h1-page-title av-inherit-size'><h1 class='av-special-heading-tag'  itemprop=\"headline\"  >Fernunterst\u00fctzung f\u00fcr die Mitarbeiter an vorderster Front<\/h1><div class='special-heading-border'><div class='special-heading-inner-border' ><\/div><\/div><\/div><br \/>\n<section class=\"av_textblock_section  av-medium-hide av-small-hide av-mini-hide\"  itemscope=\"itemscope\" itemtype=\"https:\/\/schema.org\/CreativeWork\" ><div class='avia_textblock'   itemprop=\"text\" ><p>Ein umfassender Leitfaden und eine Checkliste der Anforderungen f\u00fcr die Bewertung und Auswahl von Augmented Reality (AR)-basierten industriellen Remote Assistance-L\u00f6sungen.<\/p>\n<\/div><\/section><br \/>\n<div  class='avia-image-container  av-styling-   av-medium-hide av-small-hide av-mini-hide  avia-builder-el-5  el_after_av_textblock  el_before_av_image  guide-image avia-align-left'  itemprop=\"image\" itemscope=\"itemscope\" itemtype=\"https:\/\/schema.org\/ImageObject\"  ><div class='avia-image-container-inner'><div class='avia-image-overlay-wrap'><img class='avia_image' src='https:\/\/www.augmentir.com\/wp-content\/uploads\/2021\/01\/remote-assist-guide-sm.png' alt='' title='' height=\"452\" width=\"800\"  itemprop=\"thumbnailUrl\"  \/><\/div><\/div><\/div><br \/>\n<div  class='avia-image-container  av-styling-   av-desktop-hide  avia-builder-el-6  el_after_av_image  avia-builder-el-last  guide-image avia-align-center'  itemprop=\"image\" itemscope=\"itemscope\" itemtype=\"https:\/\/schema.org\/ImageObject\"  ><div class='avia-image-container-inner'><div class='avia-image-overlay-wrap'><img class='avia_image' src='https:\/\/www.augmentir.com\/wp-content\/uploads\/2021\/01\/remote-assist-guide-sm.png' alt='' title='' height=\"452\" width=\"800\"  itemprop=\"thumbnailUrl\"  \/><\/div><\/div><\/div><\/p><\/div><div class=\"flex_column av_one_half  av-break-at-tablet flex_column_div av-zero-column-padding   avia-builder-el-7  el_after_av_one_half  avia-builder-el-last  callout-column\" style='margin-top:0px; margin-bottom:30px; border-radius:0px; '><\/div><\/div><\/div><\/main><!-- close content main element --><\/div><\/div><div id='av_section_2'  class='avia-section main_color avia-section-small avia-no-border-styling avia-bg-style-scroll  avia-builder-el-9  el_after_av_section  el_before_av_section   av-desktop-hide container_wrap sidebar_right' style=' '  ><div class='container' ><div class='template-page content  av-content-small alpha units'><div class='post-entry post-entry-type-page post-entry-9492'><div class='entry-content-wrapper clearfix'>\n<div  style='padding-bottom:20px; margin:0px 0px 0px 0px; font-size:30px;' class='av-special-heading av-special-heading-h2  blockquote modern-quote modern-centered  avia-builder-el-10  el_before_av_textblock  avia-builder-el-first  av-inherit-size  av-desktop-hide'><h2 class='av-special-heading-tag'  itemprop=\"headline\"  >Bef\u00e4higen Sie Ihre Teams, in der neuen Normalit\u00e4t von heute erfolgreich zu sein<\/h2><div class='special-heading-border'><div class='special-heading-inner-border' ><\/div><\/div><\/div>\n<section class=\"av_textblock_section\"  itemscope=\"itemscope\" itemtype=\"https:\/\/schema.org\/CreativeWork\" ><div class='avia_textblock'  style='font-size:16px; '  itemprop=\"text\" ><p>Die globale Pandemie hat unsere Arbeitsweise ver\u00e4ndert \u2013 und f\u00fcr viele Hersteller wird die Ver\u00e4nderung dauerhaft sein.<\/p>\n<p>Trotz der Umstellung auf Remote-Arbeit gibt es immer noch fast 2 Milliarden Frontline- oder Au\u00dfendienstmitarbeiter in der weltweiten Belegschaft. Die meisten dieser Frontline-Jobs k\u00f6nnen nicht aus der Ferne erledigt werden, aber diese Mitarbeiter ben\u00f6tigen dennoch Zugang zu digitalen Informationen, Anleitungen, Schulungen und Unterst\u00fctzung, die zuvor pers\u00f6nlich gegeben wurden.<\/p>\n<p>Leider sind typische Tools f\u00fcr Videokonferenzen und virtuelle Zusammenarbeit (z. B. Zoom, Microsoft Teams), die f\u00fcr Desktop-basierte Wissensarbeiter entwickelt wurden, nicht immer f\u00fcr den Arbeitsplatz an vorderster Front geeignet \u2013 Arbeiter in Fabrikhallen oder Gesundheitseinrichtungen, Ingenieure auf Bohrinseln, oder Au\u00dfendiensttechniker im Au\u00dfendienst.<\/p>\n<p>In diesem kostenlosen Leitfaden erfahren Sie, wie industriell vernetzte Worker-L\u00f6sungen, die auf Augmented Reality (AR) basierende Fernunterst\u00fctzung beinhalten, einzigartig f\u00fcr die Mitarbeiter an vorderster Front geeignet sind.<\/p>\n<\/div><\/section>\n<div  style='height:20px' class='hr hr-invisible   avia-builder-el-12  el_after_av_textblock  el_before_av_button'><span class='hr-inner' ><span class='hr-inner-style'><\/span><\/span><\/div>\n<div  class='avia-button-wrap avia-button-center  avia-builder-el-13  el_after_av_hr  el_before_av_hr' ><a href='#top'  class='avia-button   avia-icon_select-no avia-color-custom avia-size-large avia-position-center'  style='background-color:#fc704a; border-color:#fc704a; color:#ffffff; ' ><span class='avia_iconbox_title' >Holen Sie sich Ihren kostenlosen Leitfaden<\/span><\/a><\/div>\n<div  style='height:20px' class='hr hr-invisible   avia-builder-el-14  el_after_av_button  avia-builder-el-last'><span class='hr-inner' ><span class='hr-inner-style'><\/span><\/span><\/div>\n<\/p>\n<\/div><\/div><\/div><!-- close content main div --><\/div><\/div><div id='av_section_3'  class='avia-section main_color avia-section-default avia-no-border-styling avia-bg-style-scroll  avia-builder-el-15  el_after_av_section  avia-builder-el-last   av-medium-hide av-small-hide av-mini-hide container_wrap sidebar_right' style=' '  ><div class='container' ><div class='template-page content  av-content-small alpha units'><div class='post-entry post-entry-type-page post-entry-9492'><div class='entry-content-wrapper clearfix'>\n<div class=\"flex_column av_one_fifth  flex_column_div av-zero-column-padding first  avia-builder-el-16  el_before_av_three_fifth  avia-builder-el-first\" style='border-radius:0px; '><\/div><div class=\"flex_column av_three_fifth  flex_column_div   avia-builder-el-17  el_after_av_one_fifth  el_before_av_one_fifth\" style='padding:0px 40px 0px 40px ; border-radius:0px; '><div  style='padding-bottom:0px; margin-top:20px; margin-bottom:10px; font-size:42px;' class='av-special-heading av-special-heading-h2  blockquote modern-quote modern-centered  avia-builder-el-18  avia-builder-el-no-sibling  av-inherit-size  av-medium-hide av-small-hide av-mini-hide'><h2 class='av-special-heading-tag'  itemprop=\"headline\"  >Bef\u00e4higen Sie Ihre Teams, in der neuen Normalit\u00e4t von heute erfolgreich zu sein<\/h2><div class='special-heading-border'><div class='special-heading-inner-border' ><\/div><\/div><\/div><\/div><div class=\"flex_column av_one_fifth  flex_column_div av-zero-column-padding   avia-builder-el-19  el_after_av_three_fifth  el_before_av_one_half\" style='border-radius:0px; '><\/div><div class=\"flex_column av_one_half  flex_column_div av-zero-column-padding first  avia-builder-el-20  el_after_av_one_fifth  el_before_av_one_half  column-top-margin\" style='border-radius:0px; '><div  class='avia-image-container  av-styling-   av-medium-hide av-small-hide av-mini-hide  avia-builder-el-21  avia-builder-el-no-sibling  inline-image avia-align-left'  itemprop=\"image\" itemscope=\"itemscope\" itemtype=\"https:\/\/schema.org\/ImageObject\"  ><div class='avia-image-container-inner'><div class='avia-image-overlay-wrap'><img class='avia_image' src='https:\/\/www.augmentir.com\/wp-content\/uploads\/2021\/01\/remote-assist-hero2-copy.png' alt='' title='' height=\"653\" width=\"1011\"  itemprop=\"thumbnailUrl\"  \/><\/div><\/div><\/div><\/div><div class=\"flex_column av_one_half  flex_column_div   avia-builder-el-22  el_after_av_one_half  el_before_av_button  column-top-margin\" style='padding:0px 0px 30px 0px ; border-radius:0px; '><section class=\"av_textblock_section\"  itemscope=\"itemscope\" itemtype=\"https:\/\/schema.org\/CreativeWork\" ><div class='avia_textblock'  style='font-size:16px; '  itemprop=\"text\" ><p>Die globale Pandemie hat unsere Arbeitsweise ver\u00e4ndert \u2013 und f\u00fcr viele Hersteller wird die Ver\u00e4nderung dauerhaft sein.<\/p>\n<p>Trotz der Umstellung auf Remote-Arbeit gibt es immer noch fast 2 Milliarden Frontline- oder Au\u00dfendienstmitarbeiter in der weltweiten Belegschaft. Die meisten dieser Frontline-Jobs k\u00f6nnen nicht aus der Ferne erledigt werden, aber diese Mitarbeiter ben\u00f6tigen dennoch Zugang zu digitalen Informationen, Anleitungen, Schulungen und Unterst\u00fctzung, die zuvor pers\u00f6nlich gegeben wurden.<\/p>\n<p>Leider sind typische Tools f\u00fcr Videokonferenzen und virtuelle Zusammenarbeit (z. B. Zoom, Microsoft Teams), die f\u00fcr Desktop-basierte Wissensarbeiter entwickelt wurden, nicht immer f\u00fcr den Arbeitsplatz an vorderster Front geeignet \u2013 Arbeiter in Fabrikhallen oder Gesundheitseinrichtungen, Ingenieure auf Bohrinseln, oder Au\u00dfendiensttechniker im Au\u00dfendienst.<\/p>\n<p>In diesem kostenlosen Leitfaden erfahren Sie, wie industriell vernetzte Worker-L\u00f6sungen, die auf Augmented Reality (AR) basierende Fernunterst\u00fctzung beinhalten, einzigartig f\u00fcr die Mitarbeiter an vorderster Front geeignet sind.<\/p>\n<\/div><\/section><\/div><div  class='avia-button-wrap avia-button-center  avia-builder-el-24  el_after_av_one_half  avia-builder-el-last' ><a href='#top'  class='avia-button   avia-icon_select-no avia-color-custom avia-size-large avia-position-center'  style='background-color:#fc704a; border-color:#fc704a; color:#ffffff; ' ><span class='avia_iconbox_title' >Holen Sie sich Ihren kostenlosen Leitfaden<\/span><\/a><\/div>\n<\/div><\/div><\/div><!-- close content main div --><\/div><\/div><div id='after_section_3'  class='main_color av_default_container_wrap container_wrap sidebar_right' style=' '  ><div class='container' ><div class='template-page content  av-content-small alpha units'><div class='post-entry post-entry-type-page post-entry-9492'><div class='entry-content-wrapper clearfix'>","protected":false},"excerpt":{"rendered":"","protected":false},"author":1,"featured_media":12262,"parent":0,"menu_order":0,"comment_status":"closed","ping_status":"closed","template":"","meta":{"inline_featured_image":false,"_lmt_disableupdate":"no","_lmt_disable":"","footnotes":""},"class_list":["post-9492","page","type-page","status-publish","has-post-thumbnail","hentry"],"yoast_head":"<!-- This site is optimized with the Yoast SEO plugin v27.2 - https:\/\/yoast.com\/product\/yoast-seo-wordpress\/ -->\n<title>Augmented Reality Remote Assistance for the Frontline Workforce - Augmentir<\/title>\n<meta name=\"description\" content=\"A comprehensive guide and checklist of requirements for evaluating and selecting industrial remote assistance solutions.\" \/>\n<meta name=\"robots\" content=\"index, follow, max-snippet:-1, max-image-preview:large, max-video-preview:-1\" \/>\n<link rel=\"canonical\" href=\"https:\/\/www.augmentir.com\/de\/remote-assist-for-the-frontline-workforce-buyers-guide\" \/>\n<meta property=\"og:locale\" content=\"de_DE\" \/>\n<meta property=\"og:type\" content=\"article\" \/>\n<meta property=\"og:title\" content=\"Augmented Reality Remote Assistance for the Frontline Workforce - Augmentir\" \/>\n<meta property=\"og:description\" content=\"A comprehensive guide and checklist of requirements for evaluating and selecting industrial remote assistance solutions.\" \/>\n<meta property=\"og:url\" content=\"https:\/\/www.augmentir.com\/de\/remote-assist-for-the-frontline-workforce-buyers-guide\" \/>\n<meta property=\"og:site_name\" content=\"Augmentir\" \/>\n<meta property=\"article:modified_time\" content=\"2022-12-14T12:55:25+00:00\" \/>\n<meta property=\"og:image\" content=\"https:\/\/www.augmentir.com\/wp-content\/uploads\/2021\/02\/augmentir-remote-assist-guide-social.png\" \/>\n\t<meta property=\"og:image:width\" content=\"1\" \/>\n\t<meta property=\"og:image:height\" content=\"1\" \/>\n\t<meta property=\"og:image:type\" content=\"image\/png\" \/>\n<meta name=\"twitter:card\" content=\"summary_large_image\" \/>\n<meta name=\"twitter:image\" content=\"https:\/\/www.augmentir.com\/wp-content\/uploads\/2021\/02\/augmentir-remote-assist-guide-social.png\" \/>\n<meta name=\"twitter:site\" content=\"@augmentir\" \/>\n<script type=\"application\/ld+json\" class=\"yoast-schema-graph\">{\"@context\":\"https:\/\/schema.org\",\"@graph\":[{\"@type\":\"WebPage\",\"@id\":\"https:\/\/www.augmentir.com\/remote-assist-for-the-frontline-workforce-buyers-guide\",\"url\":\"https:\/\/www.augmentir.com\/remote-assist-for-the-frontline-workforce-buyers-guide\",\"name\":\"Augmented Reality Remote Assistance for the Frontline Workforce - Augmentir\",\"isPartOf\":{\"@id\":\"https:\/\/www.augmentir.com\/#website\"},\"primaryImageOfPage\":{\"@id\":\"https:\/\/www.augmentir.com\/remote-assist-for-the-frontline-workforce-buyers-guide#primaryimage\"},\"image\":{\"@id\":\"https:\/\/www.augmentir.com\/remote-assist-for-the-frontline-workforce-buyers-guide#primaryimage\"},\"thumbnailUrl\":\"https:\/\/www.augmentir.com\/wp-content\/uploads\/2021\/02\/buyers-guide-remote-assistance-for-frontline-workers.png\",\"datePublished\":\"2021-01-29T15:55:04+00:00\",\"dateModified\":\"2022-12-14T12:55:25+00:00\",\"description\":\"A comprehensive guide and checklist of requirements for evaluating and selecting industrial remote assistance solutions.\",\"breadcrumb\":{\"@id\":\"https:\/\/www.augmentir.com\/remote-assist-for-the-frontline-workforce-buyers-guide#breadcrumb\"},\"inLanguage\":\"de-DE\",\"potentialAction\":[{\"@type\":\"ReadAction\",\"target\":[\"https:\/\/www.augmentir.com\/remote-assist-for-the-frontline-workforce-buyers-guide\"]}]},{\"@type\":\"ImageObject\",\"inLanguage\":\"de-DE\",\"@id\":\"https:\/\/www.augmentir.com\/remote-assist-for-the-frontline-workforce-buyers-guide#primaryimage\",\"url\":\"https:\/\/www.augmentir.com\/wp-content\/uploads\/2021\/02\/buyers-guide-remote-assistance-for-frontline-workers.png\",\"contentUrl\":\"https:\/\/www.augmentir.com\/wp-content\/uploads\/2021\/02\/buyers-guide-remote-assistance-for-frontline-workers.png\",\"width\":1200,\"height\":630,\"caption\":\"Buyers Guide - Remote Assistance for Frontline Workers\"},{\"@type\":\"BreadcrumbList\",\"@id\":\"https:\/\/www.augmentir.com\/remote-assist-for-the-frontline-workforce-buyers-guide#breadcrumb\",\"itemListElement\":[{\"@type\":\"ListItem\",\"position\":1,\"name\":\"Home\",\"item\":\"https:\/\/www.augmentir.com\/\"},{\"@type\":\"ListItem\",\"position\":2,\"name\":\"Augmented Reality Remote Assistance for the Frontline Workforce\"}]},{\"@type\":\"WebSite\",\"@id\":\"https:\/\/www.augmentir.com\/#website\",\"url\":\"https:\/\/www.augmentir.com\/\",\"name\":\"Augmentir\",\"description\":\"AI-Powered Connected Worker Platform\",\"publisher\":{\"@id\":\"https:\/\/www.augmentir.com\/#organization\"},\"potentialAction\":[{\"@type\":\"SearchAction\",\"target\":{\"@type\":\"EntryPoint\",\"urlTemplate\":\"https:\/\/www.augmentir.com\/?s={search_term_string}\"},\"query-input\":{\"@type\":\"PropertyValueSpecification\",\"valueRequired\":true,\"valueName\":\"search_term_string\"}}],\"inLanguage\":\"de-DE\"},{\"@type\":\"Organization\",\"@id\":\"https:\/\/www.augmentir.com\/#organization\",\"name\":\"Augmentir, Inc.\",\"url\":\"https:\/\/www.augmentir.com\/\",\"logo\":{\"@type\":\"ImageObject\",\"inLanguage\":\"de-DE\",\"@id\":\"https:\/\/www.augmentir.com\/#\/schema\/logo\/image\/\",\"url\":\"https:\/\/www.augmentir.com\/wp-content\/uploads\/2021\/10\/Augmentir_Logo.svg\",\"contentUrl\":\"https:\/\/www.augmentir.com\/wp-content\/uploads\/2021\/10\/Augmentir_Logo.svg\",\"width\":\"1200\",\"height\":\"1200\",\"caption\":\"Augmentir, Inc.\"},\"image\":{\"@id\":\"https:\/\/www.augmentir.com\/#\/schema\/logo\/image\/\"},\"sameAs\":[\"https:\/\/x.com\/augmentir\",\"https:\/\/www.linkedin.com\/company\/augmentir\"]}]}<\/script>\n<!-- \/ Yoast SEO plugin. -->","yoast_head_json":{"title":"Augmented Reality Remote Assistance for the Frontline Workforce - Augmentir","description":"A comprehensive guide and checklist of requirements for evaluating and selecting industrial remote assistance solutions.","robots":{"index":"index","follow":"follow","max-snippet":"max-snippet:-1","max-image-preview":"max-image-preview:large","max-video-preview":"max-video-preview:-1"},"canonical":"https:\/\/www.augmentir.com\/de\/remote-assist-for-the-frontline-workforce-buyers-guide","og_locale":"de_DE","og_type":"article","og_title":"Augmented Reality Remote Assistance for the Frontline Workforce - Augmentir","og_description":"A comprehensive guide and checklist of requirements for evaluating and selecting industrial remote assistance solutions.","og_url":"https:\/\/www.augmentir.com\/de\/remote-assist-for-the-frontline-workforce-buyers-guide","og_site_name":"Augmentir","article_modified_time":"2022-12-14T12:55:25+00:00","og_image":[{"url":"https:\/\/www.augmentir.com\/wp-content\/uploads\/2021\/02\/augmentir-remote-assist-guide-social.png","width":1,"height":1,"type":"image\/png"}],"twitter_card":"summary_large_image","twitter_image":"https:\/\/www.augmentir.com\/wp-content\/uploads\/2021\/02\/augmentir-remote-assist-guide-social.png","twitter_site":"@augmentir","schema":{"@context":"https:\/\/schema.org","@graph":[{"@type":"WebPage","@id":"https:\/\/www.augmentir.com\/remote-assist-for-the-frontline-workforce-buyers-guide","url":"https:\/\/www.augmentir.com\/remote-assist-for-the-frontline-workforce-buyers-guide","name":"Augmented Reality Remote Assistance for the Frontline Workforce - Augmentir","isPartOf":{"@id":"https:\/\/www.augmentir.com\/#website"},"primaryImageOfPage":{"@id":"https:\/\/www.augmentir.com\/remote-assist-for-the-frontline-workforce-buyers-guide#primaryimage"},"image":{"@id":"https:\/\/www.augmentir.com\/remote-assist-for-the-frontline-workforce-buyers-guide#primaryimage"},"thumbnailUrl":"https:\/\/www.augmentir.com\/wp-content\/uploads\/2021\/02\/buyers-guide-remote-assistance-for-frontline-workers.png","datePublished":"2021-01-29T15:55:04+00:00","dateModified":"2022-12-14T12:55:25+00:00","description":"A comprehensive guide and checklist of requirements for evaluating and selecting industrial remote assistance solutions.","breadcrumb":{"@id":"https:\/\/www.augmentir.com\/remote-assist-for-the-frontline-workforce-buyers-guide#breadcrumb"},"inLanguage":"de-DE","potentialAction":[{"@type":"ReadAction","target":["https:\/\/www.augmentir.com\/remote-assist-for-the-frontline-workforce-buyers-guide"]}]},{"@type":"ImageObject","inLanguage":"de-DE","@id":"https:\/\/www.augmentir.com\/remote-assist-for-the-frontline-workforce-buyers-guide#primaryimage","url":"https:\/\/www.augmentir.com\/wp-content\/uploads\/2021\/02\/buyers-guide-remote-assistance-for-frontline-workers.png","contentUrl":"https:\/\/www.augmentir.com\/wp-content\/uploads\/2021\/02\/buyers-guide-remote-assistance-for-frontline-workers.png","width":1200,"height":630,"caption":"Buyers Guide - Remote Assistance for Frontline Workers"},{"@type":"BreadcrumbList","@id":"https:\/\/www.augmentir.com\/remote-assist-for-the-frontline-workforce-buyers-guide#breadcrumb","itemListElement":[{"@type":"ListItem","position":1,"name":"Home","item":"https:\/\/www.augmentir.com\/"},{"@type":"ListItem","position":2,"name":"Augmented Reality Remote Assistance for the Frontline Workforce"}]},{"@type":"WebSite","@id":"https:\/\/www.augmentir.com\/#website","url":"https:\/\/www.augmentir.com\/","name":"Augmentir","description":"AI-Powered Connected Worker Platform","publisher":{"@id":"https:\/\/www.augmentir.com\/#organization"},"potentialAction":[{"@type":"SearchAction","target":{"@type":"EntryPoint","urlTemplate":"https:\/\/www.augmentir.com\/?s={search_term_string}"},"query-input":{"@type":"PropertyValueSpecification","valueRequired":true,"valueName":"search_term_string"}}],"inLanguage":"de-DE"},{"@type":"Organization","@id":"https:\/\/www.augmentir.com\/#organization","name":"Augmentir, Inc.","url":"https:\/\/www.augmentir.com\/","logo":{"@type":"ImageObject","inLanguage":"de-DE","@id":"https:\/\/www.augmentir.com\/#\/schema\/logo\/image\/","url":"https:\/\/www.augmentir.com\/wp-content\/uploads\/2021\/10\/Augmentir_Logo.svg","contentUrl":"https:\/\/www.augmentir.com\/wp-content\/uploads\/2021\/10\/Augmentir_Logo.svg","width":"1200","height":"1200","caption":"Augmentir, Inc."},"image":{"@id":"https:\/\/www.augmentir.com\/#\/schema\/logo\/image\/"},"sameAs":["https:\/\/x.com\/augmentir","https:\/\/www.linkedin.com\/company\/augmentir"]}]}},"_links":{"self":[{"href":"https:\/\/www.augmentir.com\/de\/wp-json\/wp\/v2\/pages\/9492","targetHints":{"allow":["GET"]}}],"collection":[{"href":"https:\/\/www.augmentir.com\/de\/wp-json\/wp\/v2\/pages"}],"about":[{"href":"https:\/\/www.augmentir.com\/de\/wp-json\/wp\/v2\/types\/page"}],"author":[{"embeddable":true,"href":"https:\/\/www.augmentir.com\/de\/wp-json\/wp\/v2\/users\/1"}],"replies":[{"embeddable":true,"href":"https:\/\/www.augmentir.com\/de\/wp-json\/wp\/v2\/comments?post=9492"}],"version-history":[{"count":0,"href":"https:\/\/www.augmentir.com\/de\/wp-json\/wp\/v2\/pages\/9492\/revisions"}],"wp:featuredmedia":[{"embeddable":true,"href":"https:\/\/www.augmentir.com\/de\/wp-json\/wp\/v2\/media\/12262"}],"wp:attachment":[{"href":"https:\/\/www.augmentir.com\/de\/wp-json\/wp\/v2\/media?parent=9492"}],"curies":[{"name":"wp","href":"https:\/\/api.w.org\/{rel}","templated":true}]}}