{"id":9200,"date":"2020-12-17T17:50:50","date_gmt":"2020-12-17T17:50:50","guid":{"rendered":"https:\/\/augmentir.com\/?page_id=9200"},"modified":"2021-10-21T01:42:27","modified_gmt":"2021-10-21T01:42:27","slug":"solution-overview","status":"publish","type":"page","link":"https:\/\/www.augmentir.com\/de\/solutions\/cisco-webex-expert-on-demand\/solution-overview","title":{"rendered":"L\u00f6sungs\u00fcbersicht \u2013 Augmentir und Cisco Webex Expert on Demand"},"content":{"rendered":"<div id='av_section_1'  class='avia-section main_color avia-section-small avia-no-border-styling avia-bg-style-scroll  avia-builder-el-0  el_before_av_section  avia-builder-el-first   container_wrap sidebar_right' style=' '  ><div class='container' ><main  role=\"main\" itemprop=\"mainContentOfPage\"  class='template-page content  av-content-small alpha units'><div class='post-entry post-entry-type-page post-entry-9200'><div class='entry-content-wrapper clearfix'>\n<section class=\"av_textblock_section\"  itemscope=\"itemscope\" itemtype=\"https:\/\/schema.org\/CreativeWork\" ><div class='avia_textblock eyebrow-headline av_inherit_color'  style='font-size:18px; '  itemprop=\"text\" ><p>L\u00f6sungs\u00fcberblick<\/p>\n<\/div><\/section>\n<div class=\"flex_column av_three_fourth  av-break-at-tablet flex_column_div av-zero-column-padding first  avia-builder-el-2  el_after_av_textblock  el_before_av_one_fourth  column-top-margin\" style='margin-top:0px; margin-bottom:0px; border-radius:0px; '><p><div  style='padding-bottom:10px; margin:10px 0px 0px 0px; color:#222222;font-size:40px;' class='av-special-heading av-special-heading-h1 custom-color-heading blockquote modern-quote  avia-builder-el-3  el_before_av_codeblock  avia-builder-el-first  av-inherit-size'><h1 class='av-special-heading-tag'  itemprop=\"headline\"  >Augmentir und <span style=\"white-space: nowrap;\">Cisco Webex<\/span> <span style=\"white-space: nowrap;\">Experte auf Abruf<\/span><\/h1><div class='special-heading-border'><div class='special-heading-inner-border' style='border-color:#222222'><\/div><\/div><\/div><br \/>\n<br \/>\n<div  style='padding-bottom:10px; ' class='av-special-heading av-special-heading-h2  blockquote modern-quote  avia-builder-el-5  el_after_av_codeblock  el_before_av_textblock'><h2 class='av-special-heading-tag'  itemprop=\"headline\"  >\u00dcberblick<\/h2><div class='special-heading-border'><div class='special-heading-inner-border' ><\/div><\/div><\/div><br \/>\n<section class=\"av_textblock_section\"  itemscope=\"itemscope\" itemtype=\"https:\/\/schema.org\/CreativeWork\" ><div class='avia_textblock'   itemprop=\"text\" ><p><span style=\"font-weight: 400;\">Cisco-Kunden und -Partner k\u00f6nnen jetzt Cisco Webex verbessern und ihren Frontline-Mitarbeitern mit einer vollst\u00e4ndigen L\u00f6sung f\u00fcr vernetzte Mitarbeiter einen Mehrwert bieten.\u00a0<\/span><\/p>\n<p><span style=\"font-weight: 400;\">In Kombination mit der KI-gest\u00fctzten Connected Worker-Plattform von Augmentir liefern Cisco Webex und Expert on Demand zusammen eine leistungsstarke L\u00f6sung, die dabei hilft, Mitarbeiter an vorderster Front intelligent zu f\u00fchren und aus der Ferne zu unterst\u00fctzen, damit sie ihre beste Leistung erbringen k\u00f6nnen.<\/span><\/p>\n<p><span style=\"font-weight: 400;\">Mit der Suite von KI-gest\u00fctzten Softwaretools von Augmentir k\u00f6nnen Fertigungs- und Serviceteams leistungsstarke Cisco-Tools \u00fcber eine einheitliche Schnittstelle nahtlos nutzen und Ihre Mitarbeiter in die Lage versetzen, H\u00f6chstleistungen zu erbringen.<\/span><\/p>\n<\/div><\/section><br \/>\n<br \/>\n<div  style='padding-bottom:10px; ' class='av-special-heading av-special-heading-h2  blockquote modern-quote  avia-builder-el-8  el_after_av_codeblock  el_before_av_image'><h2 class='av-special-heading-tag'  itemprop=\"headline\"  >L\u00f6sungsarchitektur<\/h2><div class='special-heading-border'><div class='special-heading-inner-border' ><\/div><\/div><\/div><br \/>\n<div  class='avia-image-container  av-styling-    avia-builder-el-9  el_after_av_heading  el_before_av_codeblock  solution-architecture avia-align-center'  itemprop=\"image\" itemscope=\"itemscope\" itemtype=\"https:\/\/schema.org\/ImageObject\"  ><div class='avia-image-container-inner'><div class='avia-image-overlay-wrap'><img class='avia_image' src='https:\/\/www.augmentir.com\/wp-content\/uploads\/2020\/12\/augmentir-cisco-solution-architecture.png' alt='' title=''   itemprop=\"thumbnailUrl\"  \/><\/div><\/div><\/div><br \/>\n<br \/>\n<div  style='padding-bottom:10px; ' class='av-special-heading av-special-heading-h2  blockquote modern-quote  avia-builder-el-11  el_after_av_codeblock  el_before_av_textblock'><h2 class='av-special-heading-tag'  itemprop=\"headline\"  >Schl\u00fcsself\u00e4higkeiten<\/h2><div class='special-heading-border'><div class='special-heading-inner-border' ><\/div><\/div><\/div><br \/>\n<section class=\"av_textblock_section\"  itemscope=\"itemscope\" itemtype=\"https:\/\/schema.org\/CreativeWork\" ><div class='avia_textblock'   itemprop=\"text\" ><p><strong>F\u00fchren Sie Ihre Frontline-Mitarbeiter intelligent an<\/strong><br \/>\nDie digitalen Workflow-Tools von Augmentir erm\u00f6glichen die schnelle Erstellung und Bereitstellung erweiterter Arbeitsanweisungen, um die Mitarbeiter bei den t\u00e4glichen Aufgaben zu unterst\u00fctzen.<\/p>\n<p><strong>Freih\u00e4ndiger Zugriff auf Remote-Experten<\/strong><br \/>\nIn Kombination mit Cisco Webex Expert on Demand bietet Augmentir Mitarbeitern die M\u00f6glichkeit, sich schnell mit Remote-Experten zu verbinden und zusammenzuarbeiten, wo immer sie sich befinden. Mit dem RealWear HMT-1, einem tragbaren Industrie-Headset mit Freisprechfunktion, verwandeln Augmentir und Expert on Demand das HMT-1 in ein sprachaktiviertes F\u00fchrungs- und Kollaborationstool f\u00fcr Mitarbeiter an vorderster Front \u2013 alles komplett freih\u00e4ndig.<\/p>\n<p><strong>F\u00f6rdern Sie die kontinuierliche Verbesserung mit Betriebs- und Mitarbeitereinblicken<\/strong><br \/>\nDie KI von Augmentir bietet beispiellose Einblicke in Mitarbeiter und Arbeitsprozesse in Ihrem gesamten Betrieb und hilft Ihnen:<\/p>\n<ul>\n<li>Erh\u00f6hen Sie die Qualit\u00e4t und Sicherheit von Arbeitsabl\u00e4ufen<\/li>\n<li>Verbessern Sie interne Prozesse und Compliance<\/li>\n<li>Steigern Sie die Produktivit\u00e4t und Leistung Ihrer Mitarbeiter<\/li>\n<li>Schulungsbedarf ermitteln<\/li>\n<li>Entdecken Sie Gesch\u00e4ftstrends und M\u00f6glichkeiten<\/li>\n<\/ul>\n<\/div><\/section><br \/>\n<br \/>\n<div  style='padding-bottom:10px; ' class='av-special-heading av-special-heading-h2  blockquote modern-quote  avia-builder-el-14  el_after_av_codeblock  el_before_av_textblock'><h2 class='av-special-heading-tag'  itemprop=\"headline\"  >Leistungen<\/h2><div class='special-heading-border'><div class='special-heading-inner-border' ><\/div><\/div><\/div><br \/>\n<section class=\"av_textblock_section\"  itemscope=\"itemscope\" itemtype=\"https:\/\/schema.org\/CreativeWork\" ><div class='avia_textblock'   itemprop=\"text\" ><p>Webex Expert on Demand und die KI-gest\u00fctzte Connected Worker-Plattform von Augmentir bieten zusammen eine einzigartige Kombination aus Technologie und Werkzeugen, die erforderlich sind, um die Sicherheit, Qualit\u00e4t und Produktivit\u00e4t f\u00fcr Mitarbeiter an vorderster Front zu erh\u00f6hen, die industrielle Jobs in Fertigung und Service ausf\u00fchren.<\/p>\n<p><strong>Verbessern Sie die Auftragsqualit\u00e4t mit digitalisierten Arbeitsanweisungen<\/strong><br \/>\nSteigern Sie die Qualit\u00e4t, indem Sie von papierbasierten zu interaktiven Schritt-f\u00fcr-Schritt-Arbeitsanleitungen wechseln, die mit Rich Media, kontextbezogenen Daten und Mixed-Reality-Erlebnissen angereichert sind.<\/p>\n<p><strong>Erm\u00f6glichen Sie sicheres, selbstst\u00e4ndiges Arbeiten<\/strong><br \/>\nVerfassen und weisen Sie digitale Arbeitsanweisungen bis hin zu Ihren Mitarbeitern an vorderster Front zu, die mit n\u00fctzlichem Referenzmaterial erg\u00e4nzt werden k\u00f6nnen, damit Ihre Mitarbeiter immer die richtigen Informationen vor sich haben, damit sie die richtigen Entscheidungen treffen k\u00f6nnen, was zu sichereren Ergebnissen f\u00fchrt.<\/p>\n<p><strong>F\u00f6rdern Sie die Zusammenarbeit, um die Zeit bis zur L\u00f6sung zu verk\u00fcrzen<\/strong><br \/>\nMit Augmentir und Webex k\u00f6nnen Ihre Teams zusammenarbeiten und jederzeit und von \u00fcberall auf der Welt auf sofortige Hilfe von Experten zugreifen, um Probleme schneller zu l\u00f6sen.<\/p>\n<p><strong>On-Demand-Zugang zu Experten<\/strong><br \/>\nRemote-Expertenf\u00fchrung erm\u00f6glicht es Ihren Remote-Mitarbeitern und Ihren Kunden, virtuell zusammenzuarbeiten und Unterst\u00fctzung von Fachexperten zu erhalten, wo immer sie sich befinden. Die KI von Augmentir erfasst und sammelt Stammeswissen von KMUs und verwandelt es in ein gemeinsam nutzbares Unternehmensgut.<\/p>\n<p><strong>Bieten Sie freih\u00e4ndigen Betrieb<\/strong><br \/>\nAugmentir und Webex Expert on Demand laufen auf jedem mobilen Ger\u00e4t oder jeder tragbaren Technologie, die f\u00fcr den Job geeignet ist. Bieten Sie Ihren Mitarbeitern mit Augmentir auf dem RealWear HMT-1 eine vollst\u00e4ndig freih\u00e4ndige Bedienung.<\/p>\n<p><strong>Reduzieren Sie die Betriebskosten<\/strong><br \/>\nDie KI von Augmentir erfasst Daten von Ihren vernetzten Mitarbeitern und identifiziert Bereiche, in denen die gr\u00f6\u00dften Verbesserungen innerhalb Ihrer Belegschaft und in Ihrer gesamten Organisation vorgenommen werden k\u00f6nnen.<\/p>\n<\/div><\/section><br \/>\n<div  style='height:50px' class='hr hr-invisible   avia-builder-el-16  el_after_av_textblock  avia-builder-el-last'><span class='hr-inner' ><span class='hr-inner-style'><\/span><\/span><\/div><\/p><\/div><div class=\"flex_column av_one_fourth  av-hide-on-mobile  av-break-at-tablet flex_column_div av-zero-column-padding   avia-builder-el-17  el_after_av_three_fourth  avia-builder-el-last  border-column column-top-margin\" style='margin-top:0px; margin-bottom:0px; border-radius:0px; '><p><div  style='padding-bottom:10px; ' class='av-special-heading av-special-heading-h3  blockquote modern-quote  avia-builder-el-18  el_before_av_textblock  avia-builder-el-first'><h3 class='av-special-heading-tag'  itemprop=\"headline\"  >Inhaltsverzeichnis<\/h3><div class='special-heading-border'><div class='special-heading-inner-border' ><\/div><\/div><\/div><br \/>\n<section class=\"av_textblock_section\"  itemscope=\"itemscope\" itemtype=\"https:\/\/schema.org\/CreativeWork\" ><div class='avia_textblock'   itemprop=\"text\" ><p><a href=\"#overview\">\u00dcberblick<\/a><\/p>\n<p><a href=\"#solution-architecture\">L\u00f6sungsarchitektur<\/a><\/p>\n<p><a href=\"#key-capabilities\">Schl\u00fcsself\u00e4higkeiten<\/a><\/p>\n<p><a href=\"#benefits\">Leistungen<\/a><\/p>\n<\/div><\/section><\/p><\/div>\n\n<\/div><\/div><\/main><!-- close content main element --><\/div><\/div><div id='av_section_2'  class='avia-section main_color avia-section-default avia-no-border-styling avia-bg-style-scroll  avia-builder-el-20  el_after_av_section  el_before_av_section   av-desktop-hide av-medium-hide av-small-hide av-mini-hide container_wrap sidebar_right' style=' '  ><div class='container' ><div class='template-page content  av-content-small alpha units'><div class='post-entry post-entry-type-page post-entry-9200'><div class='entry-content-wrapper clearfix'>\n<div class=\"flex_column av_one_full  flex_column_div av-zero-column-padding first  avia-builder-el-21  avia-builder-el-no-sibling  border-column\" style='border-radius:0px; '><p><div  class='avia-button-wrap avia-button-left  avia-builder-el-22  el_before_av_hr  avia-builder-el-first' ><a href=''  class='avia-button   avia-icon_select-yes-left-icon avia-color-custom avia-size-small avia-position-left'  style='background-color:#ffffff; border-color:#ffffff; color:#666666; ' ><span class='avia_button_icon avia_button_icon_left' aria-hidden='true' data-av_icon='\ue82d' data-av_iconfont='entypo-fontello'><\/span><span class='avia_iconbox_title' >PDF Herunterladen<\/span><\/a><\/div><br \/>\n<div  style='height:12px' class='hr hr-invisible   avia-builder-el-23  el_after_av_button  el_before_av_button'><span class='hr-inner' ><span class='hr-inner-style'><\/span><\/span><\/div><br \/>\n<div  class='avia-button-wrap avia-button-left  avia-builder-el-24  el_after_av_hr  el_before_av_hr' ><a href='https:\/\/www.augmentir.com\/solutions\/cisco-webex-expert-on-demand\/faq'  class='avia-button   avia-icon_select-yes-left-icon avia-color-custom avia-size-small avia-position-left'  style='background-color:#ffffff; border-color:#ffffff; color:#666666; ' ><span class='avia_button_icon avia_button_icon_left' aria-hidden='true' data-av_icon='\ue81d' data-av_iconfont='entypo-fontello'><\/span><span class='avia_iconbox_title' >Sehen Sie sich die h\u00e4ufig gestellten Fragen an<\/span><\/a><\/div><br \/>\n<div  style='height:12px' class='hr hr-invisible   avia-builder-el-25  el_after_av_button  el_before_av_button'><span class='hr-inner' ><span class='hr-inner-style'><\/span><\/span><\/div><br \/>\n<div  class='avia-button-wrap avia-button-left  avia-builder-el-26  el_after_av_hr  avia-builder-el-last' ><a href='https:\/\/www.augmentir.com\/contact'  class='avia-button   avia-icon_select-yes-left-icon avia-color-custom avia-size-small avia-position-left'  style='background-color:#ffffff; border-color:#ffffff; color:#666666; ' ><span class='avia_button_icon avia_button_icon_left' aria-hidden='true' data-av_icon='\ue83c' data-av_iconfont='entypo-fontello'><\/span><span class='avia_iconbox_title' >Kontaktiere uns<\/span><\/a><\/div><\/p><\/div>\n\n<\/div><\/div><\/div><!-- close content main div --><\/div><\/div><div id='av_section_3'  class='avia-section main_color avia-section-huge avia-no-border-styling avia-bg-style-scroll  avia-builder-el-27  el_after_av_section  avia-builder-el-last   container_wrap sidebar_right' style='background-color: #efefef;  '  ><div class='container' ><div class='template-page content  av-content-small alpha units'><div class='post-entry post-entry-type-page post-entry-9200'><div class='entry-content-wrapper clearfix'>\n<div class=\"flex_column av_one_full  flex_column_div first  avia-builder-el-28  avia-builder-el-no-sibling\" style='padding:0px 20% 0px 20% ; border-radius:0px; '><p><div  style='padding-bottom:20px; font-size:42px;' class='av-special-heading av-special-heading-h2  blockquote modern-quote modern-centered  avia-builder-el-29  el_before_av_textblock  avia-builder-el-first  av-inherit-size'><h2 class='av-special-heading-tag'  itemprop=\"headline\"  >Interessiert? Lass uns reden<\/h2><div class='special-heading-border'><div class='special-heading-inner-border' ><\/div><\/div><\/div><br \/>\n<section class=\"av_textblock_section\"  itemscope=\"itemscope\" itemtype=\"https:\/\/schema.org\/CreativeWork\" ><div class='avia_textblock'   itemprop=\"text\" ><p style=\"text-align: center;\">St\u00e4rken Sie Ihre Mitarbeiter an vorderster Front mit Augmentir und Cisco Webex Expert on Demand, einer integrierten L\u00f6sung, die Ihre Teams intelligent anleitet und unterst\u00fctzt.<\/p>\n<\/div><\/section><br \/>\n<div  style='height:20px' class='hr hr-invisible   avia-builder-el-31  el_after_av_textblock  el_before_av_textblock'><span class='hr-inner' ><span class='hr-inner-style'><\/span><\/span><\/div><br \/>\n<section class=\"av_textblock_section\"  itemscope=\"itemscope\" itemtype=\"https:\/\/schema.org\/CreativeWork\" ><div class='avia_textblock'   itemprop=\"text\" ><div class=\"avia-button-wrap\" style=\"text-align: center; width: 100%; margin: 0px auto;\"><a class=\"open-popup-link avia-button avia-icon_select-no avia-color-custom avia-size-large no-scroll\" style=\"filter: none !important; background: #FC704A; border: 1px solid #FC704A; color: #ffffff; font-weight: bold; font-size: 14px; cursor: pointer;\" href=\"#contact-form-popup\"><span class=\"avia_iconbox_title\">Kontaktiere uns<\/span><\/a><\/div>\n<\/div><\/section><br \/>\n<\/p><\/div><\/div><\/div><\/div><!-- close content main div --><\/div><\/div><div id='after_section_3'  class='main_color av_default_container_wrap container_wrap sidebar_right' style=' '  ><div class='container' ><div class='template-page content  av-content-small alpha units'><div class='post-entry post-entry-type-page post-entry-9200'><div class='entry-content-wrapper clearfix'>","protected":false},"excerpt":{"rendered":"","protected":false},"author":1,"featured_media":10188,"parent":9089,"menu_order":0,"comment_status":"closed","ping_status":"closed","template":"","meta":{"inline_featured_image":false,"_lmt_disableupdate":"no","_lmt_disable":"","footnotes":""},"class_list":["post-9200","page","type-page","status-publish","has-post-thumbnail","hentry"],"yoast_head":"<!-- This site is optimized with the Yoast SEO plugin v27.2 - https:\/\/yoast.com\/product\/yoast-seo-wordpress\/ -->\n<title>Solution Overview - Augmentir and Cisco Webex Expert on Demand - Augmentir<\/title>\n<meta name=\"robots\" content=\"index, follow, max-snippet:-1, max-image-preview:large, max-video-preview:-1\" \/>\n<link rel=\"canonical\" href=\"https:\/\/www.augmentir.com\/de\/solutions\/cisco-webex-expert-on-demand\/solution-overview\" \/>\n<meta property=\"og:locale\" content=\"de_DE\" \/>\n<meta property=\"og:type\" content=\"article\" \/>\n<meta property=\"og:title\" content=\"Solution Overview - Augmentir and Cisco Webex Expert on Demand - Augmentir\" \/>\n<meta property=\"og:url\" content=\"https:\/\/www.augmentir.com\/de\/solutions\/cisco-webex-expert-on-demand\/solution-overview\" \/>\n<meta property=\"og:site_name\" content=\"Augmentir\" \/>\n<meta property=\"article:modified_time\" content=\"2021-10-21T01:42:27+00:00\" \/>\n<meta property=\"og:image\" content=\"https:\/\/www.augmentir.com\/wp-content\/uploads\/2021\/05\/augmentir-cisco-solution.png\" \/>\n\t<meta property=\"og:image:width\" content=\"1\" \/>\n\t<meta property=\"og:image:height\" content=\"1\" \/>\n\t<meta property=\"og:image:type\" content=\"image\/png\" \/>\n<meta name=\"twitter:card\" content=\"summary_large_image\" \/>\n<meta name=\"twitter:site\" content=\"@augmentir\" \/>\n<script type=\"application\/ld+json\" class=\"yoast-schema-graph\">{\"@context\":\"https:\/\/schema.org\",\"@graph\":[{\"@type\":\"WebPage\",\"@id\":\"https:\/\/www.augmentir.com\/solutions\/cisco-webex-expert-on-demand\/solution-overview\",\"url\":\"https:\/\/www.augmentir.com\/solutions\/cisco-webex-expert-on-demand\/solution-overview\",\"name\":\"Solution Overview - Augmentir and Cisco Webex Expert on Demand - Augmentir\",\"isPartOf\":{\"@id\":\"https:\/\/www.augmentir.com\/#website\"},\"primaryImageOfPage\":{\"@id\":\"https:\/\/www.augmentir.com\/solutions\/cisco-webex-expert-on-demand\/solution-overview#primaryimage\"},\"image\":{\"@id\":\"https:\/\/www.augmentir.com\/solutions\/cisco-webex-expert-on-demand\/solution-overview#primaryimage\"},\"thumbnailUrl\":\"https:\/\/www.augmentir.com\/wp-content\/uploads\/2021\/05\/augmentir-cisco-solution.png\",\"datePublished\":\"2020-12-17T17:50:50+00:00\",\"dateModified\":\"2021-10-21T01:42:27+00:00\",\"breadcrumb\":{\"@id\":\"https:\/\/www.augmentir.com\/solutions\/cisco-webex-expert-on-demand\/solution-overview#breadcrumb\"},\"inLanguage\":\"de-DE\",\"potentialAction\":[{\"@type\":\"ReadAction\",\"target\":[\"https:\/\/www.augmentir.com\/solutions\/cisco-webex-expert-on-demand\/solution-overview\"]}]},{\"@type\":\"ImageObject\",\"inLanguage\":\"de-DE\",\"@id\":\"https:\/\/www.augmentir.com\/solutions\/cisco-webex-expert-on-demand\/solution-overview#primaryimage\",\"url\":\"https:\/\/www.augmentir.com\/wp-content\/uploads\/2021\/05\/augmentir-cisco-solution.png\",\"contentUrl\":\"https:\/\/www.augmentir.com\/wp-content\/uploads\/2021\/05\/augmentir-cisco-solution.png\",\"caption\":\"Augmentir Connected Worker Platform and Cisco Webex for Frontline Workers\"},{\"@type\":\"BreadcrumbList\",\"@id\":\"https:\/\/www.augmentir.com\/solutions\/cisco-webex-expert-on-demand\/solution-overview#breadcrumb\",\"itemListElement\":[{\"@type\":\"ListItem\",\"position\":1,\"name\":\"Home\",\"item\":\"https:\/\/www.augmentir.com\/\"},{\"@type\":\"ListItem\",\"position\":2,\"name\":\"Industry Solutions and Use Cases\",\"item\":\"https:\/\/www.augmentir.com\/solutions\"},{\"@type\":\"ListItem\",\"position\":3,\"name\":\"Cisco Webex Expert on Demand and Augmentir\",\"item\":\"https:\/\/www.augmentir.com\/solutions\/cisco-webex-expert-on-demand\"},{\"@type\":\"ListItem\",\"position\":4,\"name\":\"Solution Overview &#8211; Augmentir and Cisco Webex Expert on Demand\"}]},{\"@type\":\"WebSite\",\"@id\":\"https:\/\/www.augmentir.com\/#website\",\"url\":\"https:\/\/www.augmentir.com\/\",\"name\":\"Augmentir\",\"description\":\"AI-Powered Connected Worker Platform\",\"publisher\":{\"@id\":\"https:\/\/www.augmentir.com\/#organization\"},\"potentialAction\":[{\"@type\":\"SearchAction\",\"target\":{\"@type\":\"EntryPoint\",\"urlTemplate\":\"https:\/\/www.augmentir.com\/?s={search_term_string}\"},\"query-input\":{\"@type\":\"PropertyValueSpecification\",\"valueRequired\":true,\"valueName\":\"search_term_string\"}}],\"inLanguage\":\"de-DE\"},{\"@type\":\"Organization\",\"@id\":\"https:\/\/www.augmentir.com\/#organization\",\"name\":\"Augmentir, Inc.\",\"url\":\"https:\/\/www.augmentir.com\/\",\"logo\":{\"@type\":\"ImageObject\",\"inLanguage\":\"de-DE\",\"@id\":\"https:\/\/www.augmentir.com\/#\/schema\/logo\/image\/\",\"url\":\"https:\/\/www.augmentir.com\/wp-content\/uploads\/2021\/10\/Augmentir_Logo.svg\",\"contentUrl\":\"https:\/\/www.augmentir.com\/wp-content\/uploads\/2021\/10\/Augmentir_Logo.svg\",\"width\":\"1200\",\"height\":\"1200\",\"caption\":\"Augmentir, Inc.\"},\"image\":{\"@id\":\"https:\/\/www.augmentir.com\/#\/schema\/logo\/image\/\"},\"sameAs\":[\"https:\/\/x.com\/augmentir\",\"https:\/\/www.linkedin.com\/company\/augmentir\"]}]}<\/script>\n<!-- \/ Yoast SEO plugin. -->","yoast_head_json":{"title":"Solution Overview - Augmentir and Cisco Webex Expert on Demand - Augmentir","robots":{"index":"index","follow":"follow","max-snippet":"max-snippet:-1","max-image-preview":"max-image-preview:large","max-video-preview":"max-video-preview:-1"},"canonical":"https:\/\/www.augmentir.com\/de\/solutions\/cisco-webex-expert-on-demand\/solution-overview","og_locale":"de_DE","og_type":"article","og_title":"Solution Overview - Augmentir and Cisco Webex Expert on Demand - Augmentir","og_url":"https:\/\/www.augmentir.com\/de\/solutions\/cisco-webex-expert-on-demand\/solution-overview","og_site_name":"Augmentir","article_modified_time":"2021-10-21T01:42:27+00:00","og_image":[{"url":"https:\/\/www.augmentir.com\/wp-content\/uploads\/2021\/05\/augmentir-cisco-solution.png","width":1,"height":1,"type":"image\/png"}],"twitter_card":"summary_large_image","twitter_site":"@augmentir","schema":{"@context":"https:\/\/schema.org","@graph":[{"@type":"WebPage","@id":"https:\/\/www.augmentir.com\/solutions\/cisco-webex-expert-on-demand\/solution-overview","url":"https:\/\/www.augmentir.com\/solutions\/cisco-webex-expert-on-demand\/solution-overview","name":"Solution Overview - Augmentir and Cisco Webex Expert on Demand - Augmentir","isPartOf":{"@id":"https:\/\/www.augmentir.com\/#website"},"primaryImageOfPage":{"@id":"https:\/\/www.augmentir.com\/solutions\/cisco-webex-expert-on-demand\/solution-overview#primaryimage"},"image":{"@id":"https:\/\/www.augmentir.com\/solutions\/cisco-webex-expert-on-demand\/solution-overview#primaryimage"},"thumbnailUrl":"https:\/\/www.augmentir.com\/wp-content\/uploads\/2021\/05\/augmentir-cisco-solution.png","datePublished":"2020-12-17T17:50:50+00:00","dateModified":"2021-10-21T01:42:27+00:00","breadcrumb":{"@id":"https:\/\/www.augmentir.com\/solutions\/cisco-webex-expert-on-demand\/solution-overview#breadcrumb"},"inLanguage":"de-DE","potentialAction":[{"@type":"ReadAction","target":["https:\/\/www.augmentir.com\/solutions\/cisco-webex-expert-on-demand\/solution-overview"]}]},{"@type":"ImageObject","inLanguage":"de-DE","@id":"https:\/\/www.augmentir.com\/solutions\/cisco-webex-expert-on-demand\/solution-overview#primaryimage","url":"https:\/\/www.augmentir.com\/wp-content\/uploads\/2021\/05\/augmentir-cisco-solution.png","contentUrl":"https:\/\/www.augmentir.com\/wp-content\/uploads\/2021\/05\/augmentir-cisco-solution.png","caption":"Augmentir Connected Worker Platform and Cisco Webex for Frontline Workers"},{"@type":"BreadcrumbList","@id":"https:\/\/www.augmentir.com\/solutions\/cisco-webex-expert-on-demand\/solution-overview#breadcrumb","itemListElement":[{"@type":"ListItem","position":1,"name":"Home","item":"https:\/\/www.augmentir.com\/"},{"@type":"ListItem","position":2,"name":"Industry Solutions and Use Cases","item":"https:\/\/www.augmentir.com\/solutions"},{"@type":"ListItem","position":3,"name":"Cisco Webex Expert on Demand and Augmentir","item":"https:\/\/www.augmentir.com\/solutions\/cisco-webex-expert-on-demand"},{"@type":"ListItem","position":4,"name":"Solution Overview &#8211; Augmentir and Cisco Webex Expert on Demand"}]},{"@type":"WebSite","@id":"https:\/\/www.augmentir.com\/#website","url":"https:\/\/www.augmentir.com\/","name":"Augmentir","description":"AI-Powered Connected Worker Platform","publisher":{"@id":"https:\/\/www.augmentir.com\/#organization"},"potentialAction":[{"@type":"SearchAction","target":{"@type":"EntryPoint","urlTemplate":"https:\/\/www.augmentir.com\/?s={search_term_string}"},"query-input":{"@type":"PropertyValueSpecification","valueRequired":true,"valueName":"search_term_string"}}],"inLanguage":"de-DE"},{"@type":"Organization","@id":"https:\/\/www.augmentir.com\/#organization","name":"Augmentir, Inc.","url":"https:\/\/www.augmentir.com\/","logo":{"@type":"ImageObject","inLanguage":"de-DE","@id":"https:\/\/www.augmentir.com\/#\/schema\/logo\/image\/","url":"https:\/\/www.augmentir.com\/wp-content\/uploads\/2021\/10\/Augmentir_Logo.svg","contentUrl":"https:\/\/www.augmentir.com\/wp-content\/uploads\/2021\/10\/Augmentir_Logo.svg","width":"1200","height":"1200","caption":"Augmentir, Inc."},"image":{"@id":"https:\/\/www.augmentir.com\/#\/schema\/logo\/image\/"},"sameAs":["https:\/\/x.com\/augmentir","https:\/\/www.linkedin.com\/company\/augmentir"]}]}},"_links":{"self":[{"href":"https:\/\/www.augmentir.com\/de\/wp-json\/wp\/v2\/pages\/9200","targetHints":{"allow":["GET"]}}],"collection":[{"href":"https:\/\/www.augmentir.com\/de\/wp-json\/wp\/v2\/pages"}],"about":[{"href":"https:\/\/www.augmentir.com\/de\/wp-json\/wp\/v2\/types\/page"}],"author":[{"embeddable":true,"href":"https:\/\/www.augmentir.com\/de\/wp-json\/wp\/v2\/users\/1"}],"replies":[{"embeddable":true,"href":"https:\/\/www.augmentir.com\/de\/wp-json\/wp\/v2\/comments?post=9200"}],"version-history":[{"count":0,"href":"https:\/\/www.augmentir.com\/de\/wp-json\/wp\/v2\/pages\/9200\/revisions"}],"up":[{"embeddable":true,"href":"https:\/\/www.augmentir.com\/de\/wp-json\/wp\/v2\/pages\/9089"}],"wp:featuredmedia":[{"embeddable":true,"href":"https:\/\/www.augmentir.com\/de\/wp-json\/wp\/v2\/media\/10188"}],"wp:attachment":[{"href":"https:\/\/www.augmentir.com\/de\/wp-json\/wp\/v2\/media?parent=9200"}],"curies":[{"name":"wp","href":"https:\/\/api.w.org\/{rel}","templated":true}]}}