{"id":9150,"date":"2020-12-17T14:20:21","date_gmt":"2020-12-17T14:20:21","guid":{"rendered":"https:\/\/augmentir.com\/?page_id=9150"},"modified":"2021-10-21T01:45:38","modified_gmt":"2021-10-21T01:45:38","slug":"faq","status":"publish","type":"page","link":"https:\/\/www.augmentir.com\/de\/solutions\/cisco-webex-expert-on-demand\/faq","title":{"rendered":"H\u00e4ufig gestellte Fragen \u2013 Augmentir und Cisco Webex Expert on Demand"},"content":{"rendered":"<div id='av_section_1'  class='avia-section main_color avia-section-small avia-no-border-styling avia-bg-style-scroll  avia-builder-el-0  el_before_av_section  avia-builder-el-first   container_wrap sidebar_right' style=' '  ><div class='container' ><main  role=\"main\" itemprop=\"mainContentOfPage\"  class='template-page content  av-content-small alpha units'><div class='post-entry post-entry-type-page post-entry-9150'><div class='entry-content-wrapper clearfix'>\n<section class=\"av_textblock_section\"  itemscope=\"itemscope\" itemtype=\"https:\/\/schema.org\/CreativeWork\" ><div class='avia_textblock eyebrow-headline'  style='font-size:18px; '  itemprop=\"text\" ><p>H\u00e4ufig gestellte Fragen<\/p>\n<\/div><\/section>\n<div  style='padding-bottom:10px; margin:10px 0px 0px 0px; color:#222222;font-size:40px;' class='av-special-heading av-special-heading-h1 custom-color-heading blockquote modern-quote  avia-builder-el-2  el_after_av_textblock  avia-builder-el-last  av-inherit-size'><h1 class='av-special-heading-tag'  itemprop=\"headline\"  >Augmentir und <span style=\"white-space: nowrap;\">Cisco Webex<\/span> <span style=\"white-space: nowrap;\">Experte auf Abruf<\/span><\/h1><div class='special-heading-border'><div class='special-heading-inner-border' style='border-color:#222222'><\/div><\/div><\/div>\n<\/div><\/div><\/main><!-- close content main element --><\/div><\/div><div id='av_section_2'  class='avia-section main_color avia-section-small avia-no-border-styling avia-bg-style-scroll  avia-builder-el-3  el_after_av_section  avia-builder-el-last   container_wrap sidebar_right' style=' '  ><div class='container' ><div class='template-page content  av-content-small alpha units'><div class='post-entry post-entry-type-page post-entry-9150'><div class='entry-content-wrapper clearfix'>\n<section class=\"av_textblock_section\"  itemscope=\"itemscope\" itemtype=\"https:\/\/schema.org\/CreativeWork\" ><div class='avia_textblock'   itemprop=\"text\" ><p>Cisco Webex wird in Kombination mit der KI-gest\u00fctzten Connected Worker-Plattform von Augmentir verwendet, um Mitarbeiter an vorderster Front intelligent zu f\u00fchren und aus der Ferne zu unterst\u00fctzen, damit sie ihre beste Leistung erbringen k\u00f6nnen.<\/p>\n<\/div><\/section>\n<div  style='padding-bottom:10px; margin:0px 0px 0px 0px; ' class='av-special-heading av-special-heading-h2  blockquote modern-quote  avia-builder-el-5  el_after_av_textblock  el_before_av_textblock'><h2 class='av-special-heading-tag'  itemprop=\"headline\"  >FAQ<\/h2><div class='special-heading-border'><div class='special-heading-inner-border' ><\/div><\/div><\/div>\n<section class=\"av_textblock_section\"  itemscope=\"itemscope\" itemtype=\"https:\/\/schema.org\/CreativeWork\" ><div class='avia_textblock'   itemprop=\"text\" ><p><b>F: Was ist die kombinierte L\u00f6sung von Augmentir und Cisco?<\/b><\/p>\n<p><b>A: <\/b><span style=\"font-weight: 400;\">Die Augmentir Connected Worker-L\u00f6sung ist eine integrierte, von Cisco zugelassene L\u00f6sung, die nahtlos mit Ihrer Infrastruktur zusammenarbeitet. Die L\u00f6sung kombiniert Cisco Webex mit der KI-gest\u00fctzten Connected Worker-Plattform von Augmentir, um Mitarbeiter an vorderster Front intelligent zu f\u00fchren und aus der Ferne zu unterst\u00fctzen, damit sie ihre beste Leistung erbringen k\u00f6nnen.<\/span><b><\/b><\/p>\n<p><span style=\"font-weight: 400;\">Die L\u00f6sung wurde f\u00fcr den Betrieb mit dem tragbaren Industrie-Headset RealWear HMT-1 entwickelt. Augmentir und Webex Expert on Demand auf RealWear verwandeln das RealWear HMT-1-Produkt in ein sprachaktiviertes Headset f\u00fcr F\u00fchrung und Zusammenarbeit, das den Frontline-Mitarbeiter mit dem Rest der Organisation verbindet. Auf diese Weise k\u00f6nnen Unternehmen erweiterte Arbeitsanweisungen bereitstellen, um die Mitarbeiter bei der Arbeit zu unterst\u00fctzen, und es den Mitarbeitern an vorderster Front erm\u00f6glichen, sich bei Bedarf mit den besten Experten in Verbindung zu setzen.<\/span><\/p>\n<\/div><\/section>\n<section class=\"av_textblock_section\"  itemscope=\"itemscope\" itemtype=\"https:\/\/schema.org\/CreativeWork\" ><div class='avia_textblock'   itemprop=\"text\" ><p><b>F: Wie funktioniert die L\u00f6sung?<\/b><\/p>\n<p><b>A: <\/b><span style=\"font-weight: 400;\">Die L\u00f6sung erm\u00f6glicht es Personen, die RealWear-Ger\u00e4te tragen, die digitale Workflow-Plattform von Augmentir zusammen mit der Webex-Plattform nahtlos zu nutzen.<\/span><b><\/b><\/p>\n<p><span style=\"font-weight: 400;\">Die digitalen Workflow-Tools von Augmentir erm\u00f6glichen die schnelle Erstellung und Bereitstellung erweiterter Arbeitsanweisungen, um die Mitarbeiter bei den t\u00e4glichen Aufgaben zu unterst\u00fctzen. Dieser Wert wird durch Cisco Webex Expert on Demand erweitert, das Mitarbeitern die M\u00f6glichkeit gibt, sich schnell mit Remote-Experten zu verbinden und zusammenzuarbeiten, wo immer sie sich befinden.<\/span><\/p>\n<\/div><\/section>\n<section class=\"av_textblock_section\"  itemscope=\"itemscope\" itemtype=\"https:\/\/schema.org\/CreativeWork\" ><div class='avia_textblock'   itemprop=\"text\" ><p><b>F: Was sind die Schl\u00fcsselindustrien und Anwendungsf\u00e4lle?<\/b><\/p>\n<p><b>A: <span style=\"font-weight: 400;\">Diese L\u00f6sung kann verwendet werden, um die Sicherheit, Qualit\u00e4t und Produktivit\u00e4t der Mitarbeiter an vorderster Front in jedem industriellen Umfeld zu verbessern, in dem Mitarbeiter an vorderster Front f\u00fcr die Wertsch\u00f6pfung von zentraler Bedeutung sind.<\/span><\/b><\/p>\n<table>\n<tbody>\n<tr>\n<td><span style=\"font-weight: 400;\">Industrie<\/span><\/td>\n<td><span style=\"font-weight: 400;\">Anwendungsf\u00e4lle<\/span><\/td>\n<td><span style=\"font-weight: 400;\">Nutzen<\/span><\/td>\n<\/tr>\n<tr>\n<td><span style=\"font-weight: 400;\">Herstellung<\/span><\/td>\n<td>\n<ul>\n<li style=\"font-weight: 400;\"><span style=\"font-weight: 400;\">Vorbeugende Wartung und Inspektion<\/span><\/li>\n<li style=\"font-weight: 400;\"><span style=\"font-weight: 400;\">Unterst\u00fctzung bei Ausf\u00e4llen, Wartung und Reparaturen<\/span><\/li>\n<li style=\"font-weight: 400;\"><span style=\"font-weight: 400;\">Remote-F&amp;E-Produkttests<\/span><\/li>\n<li style=\"font-weight: 400;\"><span style=\"font-weight: 400;\">Unterst\u00fctzen Sie die Remote-Logistik<\/span><\/li>\n<li style=\"font-weight: 400;\"><span style=\"font-weight: 400;\">Fernschulung<\/span><\/li>\n<\/ul>\n<\/td>\n<td>\n<ul>\n<li style=\"font-weight: 400;\"><span style=\"font-weight: 400;\">Verbesserte First-Time-Fix-Raten<\/span><\/li>\n<li style=\"font-weight: 400;\"><span style=\"font-weight: 400;\">Schnellere Aufl\u00f6sung<\/span><\/li>\n<li style=\"font-weight: 400;\"><span style=\"font-weight: 400;\">Verringerte Ausfallzeiten, was zu einer verbesserten Ger\u00e4teauslastung f\u00fchrt<\/span><\/li>\n<li style=\"font-weight: 400;\"><span style=\"font-weight: 400;\">Erh\u00f6hte Produktivit\u00e4t<\/span><\/li>\n<li style=\"font-weight: 400;\"><span style=\"font-weight: 400;\">Niedrigere Betriebskosten<\/span><\/li>\n<li style=\"font-weight: 400;\"><span style=\"font-weight: 400;\">Schnellere Zeit bis zur Produktivit\u00e4t<\/span><\/li>\n<\/ul>\n<\/td>\n<\/tr>\n<tr>\n<td><span style=\"font-weight: 400;\">\u00d6lbenzin<\/span><\/td>\n<td>\n<ul>\n<li style=\"font-weight: 400;\"><span style=\"font-weight: 400;\">Vorbeugende Wartung und Inspektion<\/span><\/li>\n<li style=\"font-weight: 400;\"><span style=\"font-weight: 400;\">Reparaturen und Ausf\u00e4lle in Echtzeit<\/span><\/li>\n<li style=\"font-weight: 400;\"><span style=\"font-weight: 400;\">F\u00e4higkeit, das Lernen an abgelegenen Orten aus der Ferne zu trainieren und zu beschleunigen\u00a0<\/span><\/li>\n<\/ul>\n<\/td>\n<td>\n<ul>\n<li style=\"font-weight: 400;\"><span style=\"font-weight: 400;\">Verbesserte First-Time-Fix-Raten<\/span><\/li>\n<li style=\"font-weight: 400;\"><span style=\"font-weight: 400;\">H\u00f6here Reparaturqualit\u00e4t\u00a0<\/span><\/li>\n<li style=\"font-weight: 400;\"><span style=\"font-weight: 400;\">Reduzierte Reisekosten f\u00fcr Fachexperten<\/span><\/li>\n<li style=\"font-weight: 400;\"><span style=\"font-weight: 400;\">Weniger Arbeitsunf\u00e4lle und verbesserte Sicherheit<\/span><\/li>\n<li style=\"font-weight: 400;\"><span style=\"font-weight: 400;\">Steigerung der Produktausbeute<\/span><\/li>\n<li style=\"font-weight: 400;\"><span style=\"font-weight: 400;\">Schnellere Zeit bis zur Produktivit\u00e4t\u00a0<\/span><\/li>\n<\/ul>\n<\/td>\n<\/tr>\n<tr>\n<td><span style=\"font-weight: 400;\">Energie &amp; Dienstprogramme<\/span><\/td>\n<td>\n<ul>\n<li style=\"font-weight: 400;\"><span style=\"font-weight: 400;\">Geben Sie Au\u00dfendienstmitarbeitern die M\u00f6glichkeit, in immer komplexeren Umgebungen mit Remote-Experten zu kommunizieren<\/span><\/li>\n<li style=\"font-weight: 400;\"><span style=\"font-weight: 400;\">Funktionen zur Vor- und Nachschadensbewertung<\/span><\/li>\n<li style=\"font-weight: 400;\"><span style=\"font-weight: 400;\">Vorbeugende Wartung, Inspektion und Reparatur<\/span><\/li>\n<li style=\"font-weight: 400;\"><span style=\"font-weight: 400;\">Fernschulung<\/span><\/li>\n<\/ul>\n<\/td>\n<td>\n<ul>\n<li style=\"font-weight: 400;\"><span style=\"font-weight: 400;\">Niedrigere Betriebskosten aufgrund der F\u00e4higkeit, mit reduzierten Flotten- und Kraftstoffkosten zu arbeiten<\/span><\/li>\n<li style=\"font-weight: 400;\"><span style=\"font-weight: 400;\">Verbesserte Mitarbeiterproduktivit\u00e4t<\/span><\/li>\n<li style=\"font-weight: 400;\"><span style=\"font-weight: 400;\">Verbesserte Mitarbeiterzufriedenheit<\/span><\/li>\n<li style=\"font-weight: 400;\"><span style=\"font-weight: 400;\">Schnellere Zeit bis zur Produktivit\u00e4t<\/span><\/li>\n<li style=\"font-weight: 400;\"><span style=\"font-weight: 400;\">Schnellere L\u00f6sung<\/span><\/li>\n<\/ul>\n<\/td>\n<\/tr>\n<\/tbody>\n<\/table>\n<\/div><\/section>\n<\/div><\/div><\/div><!-- close content main div --><\/div><\/div><div id='after_section_2'  class='main_color av_default_container_wrap container_wrap sidebar_right' style=' '  ><div class='container' ><div class='template-page content  av-content-small alpha units'><div class='post-entry post-entry-type-page post-entry-9150'><div class='entry-content-wrapper clearfix'><\/p>","protected":false},"excerpt":{"rendered":"","protected":false},"author":1,"featured_media":0,"parent":9089,"menu_order":0,"comment_status":"closed","ping_status":"closed","template":"","meta":{"inline_featured_image":false,"_lmt_disableupdate":"no","_lmt_disable":"","footnotes":""},"class_list":["post-9150","page","type-page","status-publish","hentry"],"yoast_head":"<!-- This site is optimized with the Yoast SEO plugin v27.2 - https:\/\/yoast.com\/product\/yoast-seo-wordpress\/ -->\n<title>FAQ - Augmentir and Cisco Webex Expert on Demand - Augmentir<\/title>\n<meta name=\"robots\" content=\"index, follow, max-snippet:-1, max-image-preview:large, max-video-preview:-1\" \/>\n<link rel=\"canonical\" href=\"https:\/\/www.augmentir.com\/de\/solutions\/cisco-webex-expert-on-demand\/faq\" \/>\n<meta property=\"og:locale\" content=\"de_DE\" \/>\n<meta property=\"og:type\" content=\"article\" \/>\n<meta property=\"og:title\" content=\"FAQ - Augmentir and Cisco Webex Expert on Demand - Augmentir\" \/>\n<meta property=\"og:url\" content=\"https:\/\/www.augmentir.com\/de\/solutions\/cisco-webex-expert-on-demand\/faq\" \/>\n<meta property=\"og:site_name\" content=\"Augmentir\" \/>\n<meta property=\"article:modified_time\" content=\"2021-10-21T01:45:38+00:00\" \/>\n<meta name=\"twitter:card\" content=\"summary_large_image\" \/>\n<meta name=\"twitter:site\" content=\"@augmentir\" \/>\n<script type=\"application\/ld+json\" class=\"yoast-schema-graph\">{\"@context\":\"https:\/\/schema.org\",\"@graph\":[{\"@type\":\"WebPage\",\"@id\":\"https:\/\/www.augmentir.com\/solutions\/cisco-webex-expert-on-demand\/faq\",\"url\":\"https:\/\/www.augmentir.com\/solutions\/cisco-webex-expert-on-demand\/faq\",\"name\":\"FAQ - Augmentir and Cisco Webex Expert on Demand - Augmentir\",\"isPartOf\":{\"@id\":\"https:\/\/www.augmentir.com\/#website\"},\"datePublished\":\"2020-12-17T14:20:21+00:00\",\"dateModified\":\"2021-10-21T01:45:38+00:00\",\"breadcrumb\":{\"@id\":\"https:\/\/www.augmentir.com\/solutions\/cisco-webex-expert-on-demand\/faq#breadcrumb\"},\"inLanguage\":\"de-DE\",\"potentialAction\":[{\"@type\":\"ReadAction\",\"target\":[\"https:\/\/www.augmentir.com\/solutions\/cisco-webex-expert-on-demand\/faq\"]}]},{\"@type\":\"BreadcrumbList\",\"@id\":\"https:\/\/www.augmentir.com\/solutions\/cisco-webex-expert-on-demand\/faq#breadcrumb\",\"itemListElement\":[{\"@type\":\"ListItem\",\"position\":1,\"name\":\"Home\",\"item\":\"https:\/\/www.augmentir.com\/\"},{\"@type\":\"ListItem\",\"position\":2,\"name\":\"Industry Solutions and Use Cases\",\"item\":\"https:\/\/www.augmentir.com\/solutions\"},{\"@type\":\"ListItem\",\"position\":3,\"name\":\"Cisco Webex Expert on Demand and Augmentir\",\"item\":\"https:\/\/www.augmentir.com\/solutions\/cisco-webex-expert-on-demand\"},{\"@type\":\"ListItem\",\"position\":4,\"name\":\"FAQ &#8211; Augmentir and Cisco Webex Expert on Demand\"}]},{\"@type\":\"WebSite\",\"@id\":\"https:\/\/www.augmentir.com\/#website\",\"url\":\"https:\/\/www.augmentir.com\/\",\"name\":\"Augmentir\",\"description\":\"AI-Powered Connected Worker Platform\",\"publisher\":{\"@id\":\"https:\/\/www.augmentir.com\/#organization\"},\"potentialAction\":[{\"@type\":\"SearchAction\",\"target\":{\"@type\":\"EntryPoint\",\"urlTemplate\":\"https:\/\/www.augmentir.com\/?s={search_term_string}\"},\"query-input\":{\"@type\":\"PropertyValueSpecification\",\"valueRequired\":true,\"valueName\":\"search_term_string\"}}],\"inLanguage\":\"de-DE\"},{\"@type\":\"Organization\",\"@id\":\"https:\/\/www.augmentir.com\/#organization\",\"name\":\"Augmentir, Inc.\",\"url\":\"https:\/\/www.augmentir.com\/\",\"logo\":{\"@type\":\"ImageObject\",\"inLanguage\":\"de-DE\",\"@id\":\"https:\/\/www.augmentir.com\/#\/schema\/logo\/image\/\",\"url\":\"https:\/\/www.augmentir.com\/wp-content\/uploads\/2021\/10\/Augmentir_Logo.svg\",\"contentUrl\":\"https:\/\/www.augmentir.com\/wp-content\/uploads\/2021\/10\/Augmentir_Logo.svg\",\"width\":\"1200\",\"height\":\"1200\",\"caption\":\"Augmentir, Inc.\"},\"image\":{\"@id\":\"https:\/\/www.augmentir.com\/#\/schema\/logo\/image\/\"},\"sameAs\":[\"https:\/\/x.com\/augmentir\",\"https:\/\/www.linkedin.com\/company\/augmentir\"]}]}<\/script>\n<!-- \/ Yoast SEO plugin. -->","yoast_head_json":{"title":"FAQ - Augmentir and Cisco Webex Expert on Demand - Augmentir","robots":{"index":"index","follow":"follow","max-snippet":"max-snippet:-1","max-image-preview":"max-image-preview:large","max-video-preview":"max-video-preview:-1"},"canonical":"https:\/\/www.augmentir.com\/de\/solutions\/cisco-webex-expert-on-demand\/faq","og_locale":"de_DE","og_type":"article","og_title":"FAQ - Augmentir and Cisco Webex Expert on Demand - Augmentir","og_url":"https:\/\/www.augmentir.com\/de\/solutions\/cisco-webex-expert-on-demand\/faq","og_site_name":"Augmentir","article_modified_time":"2021-10-21T01:45:38+00:00","twitter_card":"summary_large_image","twitter_site":"@augmentir","schema":{"@context":"https:\/\/schema.org","@graph":[{"@type":"WebPage","@id":"https:\/\/www.augmentir.com\/solutions\/cisco-webex-expert-on-demand\/faq","url":"https:\/\/www.augmentir.com\/solutions\/cisco-webex-expert-on-demand\/faq","name":"FAQ - Augmentir and Cisco Webex Expert on Demand - Augmentir","isPartOf":{"@id":"https:\/\/www.augmentir.com\/#website"},"datePublished":"2020-12-17T14:20:21+00:00","dateModified":"2021-10-21T01:45:38+00:00","breadcrumb":{"@id":"https:\/\/www.augmentir.com\/solutions\/cisco-webex-expert-on-demand\/faq#breadcrumb"},"inLanguage":"de-DE","potentialAction":[{"@type":"ReadAction","target":["https:\/\/www.augmentir.com\/solutions\/cisco-webex-expert-on-demand\/faq"]}]},{"@type":"BreadcrumbList","@id":"https:\/\/www.augmentir.com\/solutions\/cisco-webex-expert-on-demand\/faq#breadcrumb","itemListElement":[{"@type":"ListItem","position":1,"name":"Home","item":"https:\/\/www.augmentir.com\/"},{"@type":"ListItem","position":2,"name":"Industry Solutions and Use Cases","item":"https:\/\/www.augmentir.com\/solutions"},{"@type":"ListItem","position":3,"name":"Cisco Webex Expert on Demand and Augmentir","item":"https:\/\/www.augmentir.com\/solutions\/cisco-webex-expert-on-demand"},{"@type":"ListItem","position":4,"name":"FAQ &#8211; Augmentir and Cisco Webex Expert on Demand"}]},{"@type":"WebSite","@id":"https:\/\/www.augmentir.com\/#website","url":"https:\/\/www.augmentir.com\/","name":"Augmentir","description":"AI-Powered Connected Worker Platform","publisher":{"@id":"https:\/\/www.augmentir.com\/#organization"},"potentialAction":[{"@type":"SearchAction","target":{"@type":"EntryPoint","urlTemplate":"https:\/\/www.augmentir.com\/?s={search_term_string}"},"query-input":{"@type":"PropertyValueSpecification","valueRequired":true,"valueName":"search_term_string"}}],"inLanguage":"de-DE"},{"@type":"Organization","@id":"https:\/\/www.augmentir.com\/#organization","name":"Augmentir, Inc.","url":"https:\/\/www.augmentir.com\/","logo":{"@type":"ImageObject","inLanguage":"de-DE","@id":"https:\/\/www.augmentir.com\/#\/schema\/logo\/image\/","url":"https:\/\/www.augmentir.com\/wp-content\/uploads\/2021\/10\/Augmentir_Logo.svg","contentUrl":"https:\/\/www.augmentir.com\/wp-content\/uploads\/2021\/10\/Augmentir_Logo.svg","width":"1200","height":"1200","caption":"Augmentir, Inc."},"image":{"@id":"https:\/\/www.augmentir.com\/#\/schema\/logo\/image\/"},"sameAs":["https:\/\/x.com\/augmentir","https:\/\/www.linkedin.com\/company\/augmentir"]}]}},"_links":{"self":[{"href":"https:\/\/www.augmentir.com\/de\/wp-json\/wp\/v2\/pages\/9150","targetHints":{"allow":["GET"]}}],"collection":[{"href":"https:\/\/www.augmentir.com\/de\/wp-json\/wp\/v2\/pages"}],"about":[{"href":"https:\/\/www.augmentir.com\/de\/wp-json\/wp\/v2\/types\/page"}],"author":[{"embeddable":true,"href":"https:\/\/www.augmentir.com\/de\/wp-json\/wp\/v2\/users\/1"}],"replies":[{"embeddable":true,"href":"https:\/\/www.augmentir.com\/de\/wp-json\/wp\/v2\/comments?post=9150"}],"version-history":[{"count":0,"href":"https:\/\/www.augmentir.com\/de\/wp-json\/wp\/v2\/pages\/9150\/revisions"}],"up":[{"embeddable":true,"href":"https:\/\/www.augmentir.com\/de\/wp-json\/wp\/v2\/pages\/9089"}],"wp:attachment":[{"href":"https:\/\/www.augmentir.com\/de\/wp-json\/wp\/v2\/media?parent=9150"}],"curies":[{"name":"wp","href":"https:\/\/api.w.org\/{rel}","templated":true}]}}