{"id":8321,"date":"2020-10-20T13:15:36","date_gmt":"2020-10-20T13:15:36","guid":{"rendered":"https:\/\/augmentir.com\/?page_id=8321"},"modified":"2022-11-30T12:44:27","modified_gmt":"2022-11-30T12:44:27","slug":"connected-worker-platform-for-sap","status":"publish","type":"page","link":"https:\/\/www.augmentir.com\/de\/solutions\/connected-worker-platform-for-sap","title":{"rendered":"Connected Worker-Plattform f\u00fcr SAP"},"content":{"rendered":"<div id='av_section_1'  class='avia-section main_color avia-section-small avia-no-border-styling avia-bg-style-scroll  avia-builder-el-0  el_before_av_section  avia-builder-el-first   container_wrap sidebar_right' style='background-repeat: no-repeat; background-image: url(https:\/\/www.augmentir.com\/wp-content\/uploads\/2020\/10\/augmentir-connected-worker-platform-for-sap.jpg);background-attachment: scroll; background-position: top left;  '  data-section-bg-repeat='no-repeat'><div class='container' ><main  role=\"main\" itemprop=\"mainContentOfPage\"  class='template-page content  av-content-small alpha units'><div class='post-entry post-entry-type-page post-entry-8321'><div class='entry-content-wrapper clearfix'>\n<div class=\"flex_column av_one_half  av-break-at-tablet flex_column_div first  avia-builder-el-1  el_before_av_one_half  avia-builder-el-first\" style='padding:0px 0px 0px 0px ; border-radius:0px; '><p><div  class='avia-image-container  av-styling-    avia-builder-el-2  el_before_av_heading  avia-builder-el-first  header-logo avia-align-left'  itemprop=\"image\" itemscope=\"itemscope\" itemtype=\"https:\/\/schema.org\/ImageObject\"  ><div class='avia-image-container-inner'><div class='avia-image-overlay-wrap'><img class='avia_image' src='https:\/\/www.augmentir.com\/wp-content\/uploads\/2021\/10\/Augmentir_Logo_Micro_Ai.png' alt='' title='' height=\"1640\" width=\"8001\"  itemprop=\"thumbnailUrl\"  \/><\/div><\/div><\/div><br \/>\n<div  style='padding-bottom:10px; margin:0px 0px 0px 0px; color:#ffffff;font-size:48px;' class='av-special-heading av-special-heading-h1 custom-color-heading blockquote modern-quote  avia-builder-el-3  el_after_av_image  el_before_av_textblock  header-text av-inherit-size'><h1 class='av-special-heading-tag'  itemprop=\"headline\"  >Connected Worker-Plattform f\u00fcr SAP<\/h1><div class='special-heading-border'><div class='special-heading-inner-border' style='border-color:#ffffff'><\/div><\/div><\/div><br \/>\n<section class=\"av_textblock_section\"  itemscope=\"itemscope\" itemtype=\"https:\/\/schema.org\/CreativeWork\" ><div class='avia_textblock header-copy av_inherit_color'  style='font-size:17px; color:#ffffff; '  itemprop=\"text\" ><p>Optimieren Sie das Wartungs- und Reparaturprogramm Ihrer Anlage mit einer Connected Worker Platform f\u00fcr SAP.<\/p>\n<p>Erhalten Sie eine Bereitschaftsbewertung und erfahren Sie, wie eine Connected-Worker-Plattform dazu beitragen kann, den Wert von SAP PM zu steigern und Mitarbeiter mit den digitalen Tools auszustatten, die sie ben\u00f6tigen, um in modernen Betriebsumgebungen erfolgreich zu sein \u2013 und unerwartete Ausfallzeiten, Produktionsausf\u00e4lle und erh\u00f6hte Betriebskosten zu vermeiden.<\/p>\n<\/div><\/section><\/p><\/div><div class=\"flex_column av_one_half  av-break-at-tablet flex_column_div av-zero-column-padding   avia-builder-el-5  el_after_av_one_half  el_before_av_hr  callout-column\" style='border-radius:px; '><p><div  style='padding-bottom:10px; margin:20 20 20 20; font-size:28px;' class='av-special-heading av-special-heading-h3  blockquote modern-quote modern-centered  avia-builder-el-6  el_before_av_codeblock  avia-builder-el-first  callout-header av-inherit-size'><h3 class='av-special-heading-tag'  itemprop=\"headline\"  >Kontaktieren Sie uns, um mehr zu erfahren<\/h3><div class='special-heading-border'><div class='special-heading-inner-border' ><\/div><\/div><\/div><br \/>\n<\/p><\/div><div  style='height:30px' class='hr hr-invisible   avia-builder-el-8  el_after_av_one_half  avia-builder-el-last'><span class='hr-inner' ><span class='hr-inner-style'><\/span><\/span><\/div>\n<\/div><\/div><\/main><!-- close content main element --><\/div><\/div><div id='av_section_2'  class='avia-section main_color avia-section-large avia-no-border-styling avia-bg-style-scroll  avia-builder-el-9  el_after_av_section  avia-builder-el-last   container_wrap sidebar_right' style='background-color: #ffffff;  '  ><div class='container' ><div class='template-page content  av-content-small alpha units'><div class='post-entry post-entry-type-page post-entry-8321'><div class='entry-content-wrapper clearfix'>\n<div  style='padding-bottom:30px; font-size:36px;' class='av-special-heading av-special-heading-h2  blockquote modern-quote modern-centered  avia-builder-el-10  el_before_av_hr  avia-builder-el-first  section-heading av-inherit-size'><h2 class='av-special-heading-tag'  itemprop=\"headline\"  >Wie die Connected-Worker-Technologie den Wert der SAP-Anlageninstandhaltung steigert<\/h2><div class='special-heading-border'><div class='special-heading-inner-border' ><\/div><\/div><\/div>\n<div  style='height:60px' class='hr hr-invisible   avia-builder-el-11  el_after_av_heading  el_before_av_one_half'><span class='hr-inner' ><span class='hr-inner-style'><\/span><\/span><\/div>\n<div class=\"flex_column av_one_half  flex_column_div av-zero-column-padding first  avia-builder-el-12  el_after_av_hr  el_before_av_one_half\" style='border-radius:0px; '><div  class='avia-image-container  av-styling-    avia-builder-el-13  avia-builder-el-no-sibling  avia-align-center'  itemprop=\"image\" itemscope=\"itemscope\" itemtype=\"https:\/\/schema.org\/ImageObject\"  ><div class='avia-image-container-inner'><div class='avia-image-overlay-wrap'><img class='avia_image' src='https:\/\/www.augmentir.com\/wp-content\/uploads\/2020\/05\/augmentir-connected-worker-platform.png' alt='Digitaler Workflow und Fernunterst\u00fctzung f\u00fcr Frontline-Mitarbeiter, die die Augmentir Connected Worker-Plattform verwenden' title=''   itemprop=\"thumbnailUrl\"  \/><\/div><\/div><\/div><\/div><div class=\"flex_column av_one_half  flex_column_div av-zero-column-padding   avia-builder-el-14  el_after_av_one_half  el_before_av_hr\" style='border-radius:0px; '><div  class='avia-icon-list-container   avia-builder-el-15  avia-builder-el-no-sibling'><ul class='avia-icon-list avia-icon-list-left av-iconlist-big avia_animate_when_almost_visible avia-iconlist-animate'>\n<li><div  style='background-color:#ffffff; border:1px solid #4a90e2; color:#4a90e2; ' class='iconlist_icon  avia-font-entypo-fontello'><span class='iconlist-char' aria-hidden='true' data-av_icon='\ue8c6' data-av_iconfont='entypo-fontello'><\/span><\/div><article class=\"article-icon-entry\"  itemscope=\"itemscope\" itemtype=\"https:\/\/schema.org\/CreativeWork\" ><div class='iconlist_content_wrap'><header class=\"entry-content-header\"><h4 class='av_iconlist_title iconlist_title  av_inherit_color'  itemprop=\"headline\"   style='color:#444444; font-size:18px; '>Erh\u00f6hen Sie Sicherheit, Qualit\u00e4t und Produktivit\u00e4t<\/h4><\/header><div class='iconlist_content av_inherit_color'  itemprop=\"text\"   style='color:#666666; font-size:18px; '><p>Die KI-basierte Connected Worker-Plattform von Augmentir erh\u00f6ht die Sicherheit, Qualit\u00e4t und Produktivit\u00e4t der Mitarbeiter an vorderster Front.<\/p>\n<\/div><\/div><footer class=\"entry-footer\"><\/footer><\/article><div class='iconlist-timeline'><\/div><\/li>\n<li><div  style='background-color:#ffffff; border:1px solid #4a90e2; color:#4a90e2; ' class='iconlist_icon  avia-font-entypo-fontello'><span class='iconlist-char' aria-hidden='true' data-av_icon='\ue856' data-av_iconfont='entypo-fontello'><\/span><\/div><article class=\"article-icon-entry\"  itemscope=\"itemscope\" itemtype=\"https:\/\/schema.org\/CreativeWork\" ><div class='iconlist_content_wrap'><header class=\"entry-content-header\"><h4 class='av_iconlist_title iconlist_title  av_inherit_color'  itemprop=\"headline\"   style='color:#444444; font-size:18px; '>Verbesserte Wartungsausf\u00fchrung<\/h4><\/header><div class='iconlist_content av_inherit_color'  itemprop=\"text\"   style='color:#666666; font-size:18px; '><p>Augmentir und SAP PM zusammen k\u00f6nnen die Wartungsausf\u00fchrung erheblich verbessern, die Schl\u00fcsselzeit erh\u00f6hen und die Genauigkeit und Aktualit\u00e4t von SAP PM-Daten verbessern.<\/p>\n<\/div><\/div><footer class=\"entry-footer\"><\/footer><\/article><div class='iconlist-timeline'><\/div><\/li>\n<li><div  style='background-color:#ffffff; border:1px solid #4a90e2; color:#4a90e2; ' class='iconlist_icon  avia-font-entypo-fontello'><span class='iconlist-char' aria-hidden='true' data-av_icon='\ue8b3' data-av_iconfont='entypo-fontello'><\/span><\/div><article class=\"article-icon-entry\"  itemscope=\"itemscope\" itemtype=\"https:\/\/schema.org\/CreativeWork\" ><div class='iconlist_content_wrap'><header class=\"entry-content-header\"><h4 class='av_iconlist_title iconlist_title  av_inherit_color'  itemprop=\"headline\"   style='color:#444444; font-size:18px; '>Einfach bereitzustellen<\/h4><\/header><div class='iconlist_content av_inherit_color'  itemprop=\"text\"   style='color:#666666; font-size:18px; '><p>Die moderne SaaS-basierte Architektur von Augmentir macht die L\u00f6sung einfach zu implementieren \u2013 in weniger als einer Stunde einsatzbereit!<\/p>\n<\/div><\/div><footer class=\"entry-footer\"><\/footer><\/article><div class='iconlist-timeline'><\/div><\/li>\n<\/ul><\/div><\/div><div  style='height:30px' class='hr hr-invisible   avia-builder-el-16  el_after_av_one_half  el_before_av_textblock'><span class='hr-inner' ><span class='hr-inner-style'><\/span><\/span><\/div>\n<section class=\"av_textblock_section\"  itemscope=\"itemscope\" itemtype=\"https:\/\/schema.org\/CreativeWork\" ><div class='avia_textblock'   itemprop=\"text\" ><div class=\"avia-button-wrap\" style=\"text-align: center; width: 100%; margin: 0px auto;\"><a class=\"open-popup-link avia-button avia-icon_select-no avia-color-custom avia-size-large\" style=\"filter: none !important; background: #FC704A; border: 1px solid #FC704A; color: #ffffff; font-weight: bold; font-size: 14px; cursor: pointer;\" href=\"#contact-form-popup\"><span class=\"avia_iconbox_title\">Kontaktieren Sie uns, um mehr zu erfahren<\/span><\/a><\/div>\n<\/div><\/section>\n\n<\/div><\/div><\/div><!-- close content main div --><\/div><\/div><div id='after_section_2'  class='main_color av_default_container_wrap container_wrap sidebar_right' style=' '  ><div class='container' ><div class='template-page content  av-content-small alpha units'><div class='post-entry post-entry-type-page post-entry-8321'><div class='entry-content-wrapper clearfix'><\/p>","protected":false},"excerpt":{"rendered":"<p>Kostenfreier Download<\/p>","protected":false},"author":1,"featured_media":0,"parent":4697,"menu_order":0,"comment_status":"closed","ping_status":"closed","template":"","meta":{"inline_featured_image":false,"_lmt_disableupdate":"no","_lmt_disable":"","footnotes":""},"class_list":["post-8321","page","type-page","status-publish","hentry"],"yoast_head":"<!-- This site is optimized with the Yoast SEO plugin v27.2 - https:\/\/yoast.com\/product\/yoast-seo-wordpress\/ -->\n<title>Connected Worker Platform for SAP - Augmentir<\/title>\n<meta name=\"robots\" content=\"index, follow, max-snippet:-1, max-image-preview:large, max-video-preview:-1\" \/>\n<link rel=\"canonical\" href=\"https:\/\/www.augmentir.com\/de\/solutions\/connected-worker-platform-for-sap\" \/>\n<meta property=\"og:locale\" content=\"de_DE\" \/>\n<meta property=\"og:type\" content=\"article\" \/>\n<meta property=\"og:title\" content=\"Connected Worker Platform for SAP - Augmentir\" \/>\n<meta property=\"og:description\" content=\"Free Download\" \/>\n<meta property=\"og:url\" content=\"https:\/\/www.augmentir.com\/de\/solutions\/connected-worker-platform-for-sap\" \/>\n<meta property=\"og:site_name\" content=\"Augmentir\" \/>\n<meta property=\"article:modified_time\" content=\"2022-11-30T12:44:27+00:00\" \/>\n<meta name=\"twitter:card\" content=\"summary_large_image\" \/>\n<meta name=\"twitter:site\" content=\"@augmentir\" \/>\n<script type=\"application\/ld+json\" class=\"yoast-schema-graph\">{\"@context\":\"https:\/\/schema.org\",\"@graph\":[{\"@type\":\"WebPage\",\"@id\":\"https:\/\/www.augmentir.com\/solutions\/connected-worker-platform-for-sap\",\"url\":\"https:\/\/www.augmentir.com\/solutions\/connected-worker-platform-for-sap\",\"name\":\"Connected Worker Platform for SAP - Augmentir\",\"isPartOf\":{\"@id\":\"https:\/\/www.augmentir.com\/#website\"},\"datePublished\":\"2020-10-20T13:15:36+00:00\",\"dateModified\":\"2022-11-30T12:44:27+00:00\",\"breadcrumb\":{\"@id\":\"https:\/\/www.augmentir.com\/solutions\/connected-worker-platform-for-sap#breadcrumb\"},\"inLanguage\":\"de-DE\",\"potentialAction\":[{\"@type\":\"ReadAction\",\"target\":[\"https:\/\/www.augmentir.com\/solutions\/connected-worker-platform-for-sap\"]}]},{\"@type\":\"BreadcrumbList\",\"@id\":\"https:\/\/www.augmentir.com\/solutions\/connected-worker-platform-for-sap#breadcrumb\",\"itemListElement\":[{\"@type\":\"ListItem\",\"position\":1,\"name\":\"Home\",\"item\":\"https:\/\/www.augmentir.com\/\"},{\"@type\":\"ListItem\",\"position\":2,\"name\":\"Industry Solutions and Use Cases\",\"item\":\"https:\/\/www.augmentir.com\/solutions\"},{\"@type\":\"ListItem\",\"position\":3,\"name\":\"Connected Worker Platform for SAP\"}]},{\"@type\":\"WebSite\",\"@id\":\"https:\/\/www.augmentir.com\/#website\",\"url\":\"https:\/\/www.augmentir.com\/\",\"name\":\"Augmentir\",\"description\":\"AI-Powered Connected Worker Platform\",\"publisher\":{\"@id\":\"https:\/\/www.augmentir.com\/#organization\"},\"potentialAction\":[{\"@type\":\"SearchAction\",\"target\":{\"@type\":\"EntryPoint\",\"urlTemplate\":\"https:\/\/www.augmentir.com\/?s={search_term_string}\"},\"query-input\":{\"@type\":\"PropertyValueSpecification\",\"valueRequired\":true,\"valueName\":\"search_term_string\"}}],\"inLanguage\":\"de-DE\"},{\"@type\":\"Organization\",\"@id\":\"https:\/\/www.augmentir.com\/#organization\",\"name\":\"Augmentir, Inc.\",\"url\":\"https:\/\/www.augmentir.com\/\",\"logo\":{\"@type\":\"ImageObject\",\"inLanguage\":\"de-DE\",\"@id\":\"https:\/\/www.augmentir.com\/#\/schema\/logo\/image\/\",\"url\":\"https:\/\/www.augmentir.com\/wp-content\/uploads\/2021\/10\/Augmentir_Logo.svg\",\"contentUrl\":\"https:\/\/www.augmentir.com\/wp-content\/uploads\/2021\/10\/Augmentir_Logo.svg\",\"width\":\"1200\",\"height\":\"1200\",\"caption\":\"Augmentir, Inc.\"},\"image\":{\"@id\":\"https:\/\/www.augmentir.com\/#\/schema\/logo\/image\/\"},\"sameAs\":[\"https:\/\/x.com\/augmentir\",\"https:\/\/www.linkedin.com\/company\/augmentir\"]}]}<\/script>\n<!-- \/ Yoast SEO plugin. -->","yoast_head_json":{"title":"Connected Worker Platform for SAP - Augmentir","robots":{"index":"index","follow":"follow","max-snippet":"max-snippet:-1","max-image-preview":"max-image-preview:large","max-video-preview":"max-video-preview:-1"},"canonical":"https:\/\/www.augmentir.com\/de\/solutions\/connected-worker-platform-for-sap","og_locale":"de_DE","og_type":"article","og_title":"Connected Worker Platform for SAP - Augmentir","og_description":"Free Download","og_url":"https:\/\/www.augmentir.com\/de\/solutions\/connected-worker-platform-for-sap","og_site_name":"Augmentir","article_modified_time":"2022-11-30T12:44:27+00:00","twitter_card":"summary_large_image","twitter_site":"@augmentir","schema":{"@context":"https:\/\/schema.org","@graph":[{"@type":"WebPage","@id":"https:\/\/www.augmentir.com\/solutions\/connected-worker-platform-for-sap","url":"https:\/\/www.augmentir.com\/solutions\/connected-worker-platform-for-sap","name":"Connected Worker Platform for SAP - Augmentir","isPartOf":{"@id":"https:\/\/www.augmentir.com\/#website"},"datePublished":"2020-10-20T13:15:36+00:00","dateModified":"2022-11-30T12:44:27+00:00","breadcrumb":{"@id":"https:\/\/www.augmentir.com\/solutions\/connected-worker-platform-for-sap#breadcrumb"},"inLanguage":"de-DE","potentialAction":[{"@type":"ReadAction","target":["https:\/\/www.augmentir.com\/solutions\/connected-worker-platform-for-sap"]}]},{"@type":"BreadcrumbList","@id":"https:\/\/www.augmentir.com\/solutions\/connected-worker-platform-for-sap#breadcrumb","itemListElement":[{"@type":"ListItem","position":1,"name":"Home","item":"https:\/\/www.augmentir.com\/"},{"@type":"ListItem","position":2,"name":"Industry Solutions and Use Cases","item":"https:\/\/www.augmentir.com\/solutions"},{"@type":"ListItem","position":3,"name":"Connected Worker Platform for SAP"}]},{"@type":"WebSite","@id":"https:\/\/www.augmentir.com\/#website","url":"https:\/\/www.augmentir.com\/","name":"Augmentir","description":"AI-Powered Connected Worker Platform","publisher":{"@id":"https:\/\/www.augmentir.com\/#organization"},"potentialAction":[{"@type":"SearchAction","target":{"@type":"EntryPoint","urlTemplate":"https:\/\/www.augmentir.com\/?s={search_term_string}"},"query-input":{"@type":"PropertyValueSpecification","valueRequired":true,"valueName":"search_term_string"}}],"inLanguage":"de-DE"},{"@type":"Organization","@id":"https:\/\/www.augmentir.com\/#organization","name":"Augmentir, Inc.","url":"https:\/\/www.augmentir.com\/","logo":{"@type":"ImageObject","inLanguage":"de-DE","@id":"https:\/\/www.augmentir.com\/#\/schema\/logo\/image\/","url":"https:\/\/www.augmentir.com\/wp-content\/uploads\/2021\/10\/Augmentir_Logo.svg","contentUrl":"https:\/\/www.augmentir.com\/wp-content\/uploads\/2021\/10\/Augmentir_Logo.svg","width":"1200","height":"1200","caption":"Augmentir, Inc."},"image":{"@id":"https:\/\/www.augmentir.com\/#\/schema\/logo\/image\/"},"sameAs":["https:\/\/x.com\/augmentir","https:\/\/www.linkedin.com\/company\/augmentir"]}]}},"_links":{"self":[{"href":"https:\/\/www.augmentir.com\/de\/wp-json\/wp\/v2\/pages\/8321","targetHints":{"allow":["GET"]}}],"collection":[{"href":"https:\/\/www.augmentir.com\/de\/wp-json\/wp\/v2\/pages"}],"about":[{"href":"https:\/\/www.augmentir.com\/de\/wp-json\/wp\/v2\/types\/page"}],"author":[{"embeddable":true,"href":"https:\/\/www.augmentir.com\/de\/wp-json\/wp\/v2\/users\/1"}],"replies":[{"embeddable":true,"href":"https:\/\/www.augmentir.com\/de\/wp-json\/wp\/v2\/comments?post=8321"}],"version-history":[{"count":0,"href":"https:\/\/www.augmentir.com\/de\/wp-json\/wp\/v2\/pages\/8321\/revisions"}],"up":[{"embeddable":true,"href":"https:\/\/www.augmentir.com\/de\/wp-json\/wp\/v2\/pages\/4697"}],"wp:attachment":[{"href":"https:\/\/www.augmentir.com\/de\/wp-json\/wp\/v2\/media?parent=8321"}],"curies":[{"name":"wp","href":"https:\/\/api.w.org\/{rel}","templated":true}]}}