{"id":4209,"date":"2019-09-08T00:18:25","date_gmt":"2019-09-08T00:18:25","guid":{"rendered":"http:\/\/localhost:8888\/augmentir\/?page_id=3562"},"modified":"2022-12-14T13:00:21","modified_gmt":"2022-12-14T13:00:21","slug":"rise-of-the-augmented-worker","status":"publish","type":"page","link":"https:\/\/www.augmentir.com\/de\/rise-of-the-augmented-worker","title":{"rendered":"Aufstieg des Augmented Workers"},"content":{"rendered":"<div id='top-section'  class='avia-section main_color avia-section-large avia-no-border-styling avia-bg-style-scroll  avia-builder-el-0  avia-builder-el-no-sibling   container_wrap sidebar_right' style='background-repeat: repeat-y; background-image: url(https:\/\/www.augmentir.com\/wp-content\/uploads\/2021\/10\/page-half-background.png);background-attachment: scroll; background-position: center center;  '  data-section-bg-repeat='repeat-y'><div class='container' ><main  role=\"main\" itemprop=\"mainContentOfPage\"  class='template-page content  av-content-small alpha units'><div class='post-entry post-entry-type-page post-entry-4209'><div class='entry-content-wrapper clearfix'>\n<div class=\"flex_column av_one_half  av-break-at-tablet flex_column_div first  avia-builder-el-1  el_before_av_one_half  avia-builder-el-first\" style='padding:0px 30px 0px 0px ; border-radius:0px; '><p><div  style='padding-bottom:16px; margin-top:0px; font-size:40px;' class='av-special-heading av-special-heading-h1  blockquote modern-quote  avia-builder-el-2  el_before_av_textblock  avia-builder-el-first  h1-page-title av-inherit-size'><h1 class='av-special-heading-tag'  itemprop=\"headline\"  >Bef\u00e4higen Sie Ihre Mitarbeiter an vorderster Front, ein h\u00f6heres Ma\u00df an Sicherheit, Qualit\u00e4t und Produktivit\u00e4t zu erreichen<\/h1><div class='special-heading-border'><div class='special-heading-inner-border' ><\/div><\/div><\/div><br \/>\n<section class=\"av_textblock_section\"  itemscope=\"itemscope\" itemtype=\"https:\/\/schema.org\/CreativeWork\" ><div class='avia_textblock'   itemprop=\"text\" ><p>Entdecken Sie einen neuen Ansatz zur Nutzung von Augmented Reality, k\u00fcnstlicher Intelligenz und Connected Worker-Software, der Ihre Mitarbeiter an vorderster Front in die Lage versetzt, ein h\u00f6heres Ma\u00df an Sicherheit, Qualit\u00e4t und Produktivit\u00e4t zu erreichen.<\/p>\n<\/div><\/section><br \/>\n<section class=\"av_textblock_section  av-small-hide av-mini-hide\"  itemscope=\"itemscope\" itemtype=\"https:\/\/schema.org\/CreativeWork\" ><div class='avia_textblock'  style='font-size:16px; '  itemprop=\"text\" ><p>In diesem Whitepaper erfahren Sie:<\/p>\n<ul>\n<li>Wie Sie Enterprise Augmented Reality nutzen k\u00f6nnen, um Mitarbeiter an vorderster Front mit erweiterten Arbeitsanweisungen und Remote-Expertenunterst\u00fctzung zu f\u00fchren<\/li>\n<li>Wie Sie k\u00fcnstliche Intelligenz nutzen, um diesen Wert zu steigern und kontinuierliche Verbesserungen in Ihrem Unternehmen voranzutreiben<\/li>\n<li>Wie die \u201eKonsumerisierung von Unternehmenssoftware\u201c Unternehmen den Weg ebnet, auf diesen Technologien basierende L\u00f6sungen einfach auszuprobieren, zu kaufen und zu besitzen<\/li>\n<\/ul>\n<\/div><\/section><\/p><\/div><div class=\"flex_column av_one_half  av-break-at-tablet flex_column_div   avia-builder-el-5  el_after_av_one_half  avia-builder-el-last  form-container-column\" style='padding:0px 0px 0px 30px ; border-radius:0px; '><p><section class=\"av_textblock_section\"  itemscope=\"itemscope\" itemtype=\"https:\/\/schema.org\/CreativeWork\" ><div class='avia_textblock eyebrow-headline av_inherit_color'  style='color:#ffffff; '  itemprop=\"text\" ><p>Holen Sie sich Ihr kostenloses Whitepaper<\/p>\n<\/div><\/section><br \/>\n<div  style='padding-bottom:0px; margin-top:0px; color:#ffffff;font-size:32px;' class='av-special-heading av-special-heading-h2 custom-color-heading blockquote modern-quote  avia-builder-el-7  el_after_av_textblock  el_before_av_codeblock  av-inherit-size'><h2 class='av-special-heading-tag'  itemprop=\"headline\"  >Aufstieg des Augmented Workers<\/h2><div class='special-heading-border'><div class='special-heading-inner-border' style='border-color:#ffffff'><\/div><\/div><\/div><br \/>\n<\/p><\/div><\/div><\/div><\/main><!-- close content main element --><\/div><\/div><div id='after_section_1'  class='main_color av_default_container_wrap container_wrap sidebar_right' style=' '  ><div class='container' ><div class='template-page content  av-content-small alpha units'><div class='post-entry post-entry-type-page post-entry-4209'><div class='entry-content-wrapper clearfix'>","protected":false},"excerpt":{"rendered":"<p>Kostenfreier Download<\/p>","protected":false},"author":1,"featured_media":0,"parent":0,"menu_order":0,"comment_status":"closed","ping_status":"closed","template":"","meta":{"inline_featured_image":false,"_lmt_disableupdate":"no","_lmt_disable":"","footnotes":""},"class_list":["post-4209","page","type-page","status-publish","hentry"],"yoast_head":"<!-- This site is optimized with the Yoast SEO plugin v27.2 - https:\/\/yoast.com\/product\/yoast-seo-wordpress\/ -->\n<title>Rise of the Augmented Worker - Augmentir<\/title>\n<meta name=\"description\" content=\"Discover a new approach to leveraging Augmented Reality, Artificial Intelligence, and Connected Worker software that will empower your frontline workforce to perform at higher levels of safety, quality, and productivity.\" \/>\n<meta name=\"robots\" content=\"index, follow, max-snippet:-1, max-image-preview:large, max-video-preview:-1\" \/>\n<link rel=\"canonical\" href=\"https:\/\/www.augmentir.com\/de\/ebooks\/rise-of-the-augmented-worker\" \/>\n<meta property=\"og:locale\" content=\"de_DE\" \/>\n<meta property=\"og:type\" content=\"article\" \/>\n<meta property=\"og:title\" content=\"Rise of the Augmented Worker - Augmentir\" \/>\n<meta property=\"og:description\" content=\"Discover a new approach to leveraging Augmented Reality, Artificial Intelligence, and Connected Worker software that will empower your frontline workforce to perform at higher levels of safety, quality, and productivity.\" \/>\n<meta property=\"og:url\" content=\"https:\/\/www.augmentir.com\/de\/ebooks\/rise-of-the-augmented-worker\" \/>\n<meta property=\"og:site_name\" content=\"Augmentir\" \/>\n<meta property=\"article:modified_time\" content=\"2022-12-14T13:00:21+00:00\" \/>\n<meta name=\"twitter:card\" content=\"summary_large_image\" \/>\n<meta name=\"twitter:site\" content=\"@augmentir\" \/>\n<script type=\"application\/ld+json\" class=\"yoast-schema-graph\">{\"@context\":\"https:\/\/schema.org\",\"@graph\":[{\"@type\":\"WebPage\",\"@id\":\"https:\/\/www.augmentir.com\/rise-of-the-augmented-worker\",\"url\":\"https:\/\/www.augmentir.com\/rise-of-the-augmented-worker\",\"name\":\"Rise of the Augmented Worker - Augmentir\",\"isPartOf\":{\"@id\":\"https:\/\/www.augmentir.com\/#website\"},\"datePublished\":\"2019-09-08T00:18:25+00:00\",\"dateModified\":\"2022-12-14T13:00:21+00:00\",\"description\":\"Discover a new approach to leveraging Augmented Reality, Artificial Intelligence, and Connected Worker software that will empower your frontline workforce to perform at higher levels of safety, quality, and productivity.\",\"breadcrumb\":{\"@id\":\"https:\/\/www.augmentir.com\/rise-of-the-augmented-worker#breadcrumb\"},\"inLanguage\":\"de-DE\",\"potentialAction\":[{\"@type\":\"ReadAction\",\"target\":[\"https:\/\/www.augmentir.com\/rise-of-the-augmented-worker\"]}]},{\"@type\":\"BreadcrumbList\",\"@id\":\"https:\/\/www.augmentir.com\/rise-of-the-augmented-worker#breadcrumb\",\"itemListElement\":[{\"@type\":\"ListItem\",\"position\":1,\"name\":\"Home\",\"item\":\"https:\/\/www.augmentir.com\/\"},{\"@type\":\"ListItem\",\"position\":2,\"name\":\"Rise of the Augmented Worker\"}]},{\"@type\":\"WebSite\",\"@id\":\"https:\/\/www.augmentir.com\/#website\",\"url\":\"https:\/\/www.augmentir.com\/\",\"name\":\"Augmentir\",\"description\":\"AI-Powered Connected Worker Platform\",\"publisher\":{\"@id\":\"https:\/\/www.augmentir.com\/#organization\"},\"potentialAction\":[{\"@type\":\"SearchAction\",\"target\":{\"@type\":\"EntryPoint\",\"urlTemplate\":\"https:\/\/www.augmentir.com\/?s={search_term_string}\"},\"query-input\":{\"@type\":\"PropertyValueSpecification\",\"valueRequired\":true,\"valueName\":\"search_term_string\"}}],\"inLanguage\":\"de-DE\"},{\"@type\":\"Organization\",\"@id\":\"https:\/\/www.augmentir.com\/#organization\",\"name\":\"Augmentir, Inc.\",\"url\":\"https:\/\/www.augmentir.com\/\",\"logo\":{\"@type\":\"ImageObject\",\"inLanguage\":\"de-DE\",\"@id\":\"https:\/\/www.augmentir.com\/#\/schema\/logo\/image\/\",\"url\":\"https:\/\/www.augmentir.com\/wp-content\/uploads\/2021\/10\/Augmentir_Logo.svg\",\"contentUrl\":\"https:\/\/www.augmentir.com\/wp-content\/uploads\/2021\/10\/Augmentir_Logo.svg\",\"width\":\"1200\",\"height\":\"1200\",\"caption\":\"Augmentir, Inc.\"},\"image\":{\"@id\":\"https:\/\/www.augmentir.com\/#\/schema\/logo\/image\/\"},\"sameAs\":[\"https:\/\/x.com\/augmentir\",\"https:\/\/www.linkedin.com\/company\/augmentir\"]}]}<\/script>\n<!-- \/ Yoast SEO plugin. -->","yoast_head_json":{"title":"Rise of the Augmented Worker - Augmentir","description":"Discover a new approach to leveraging Augmented Reality, Artificial Intelligence, and Connected Worker software that will empower your frontline workforce to perform at higher levels of safety, quality, and productivity.","robots":{"index":"index","follow":"follow","max-snippet":"max-snippet:-1","max-image-preview":"max-image-preview:large","max-video-preview":"max-video-preview:-1"},"canonical":"https:\/\/www.augmentir.com\/de\/ebooks\/rise-of-the-augmented-worker","og_locale":"de_DE","og_type":"article","og_title":"Rise of the Augmented Worker - Augmentir","og_description":"Discover a new approach to leveraging Augmented Reality, Artificial Intelligence, and Connected Worker software that will empower your frontline workforce to perform at higher levels of safety, quality, and productivity.","og_url":"https:\/\/www.augmentir.com\/de\/ebooks\/rise-of-the-augmented-worker","og_site_name":"Augmentir","article_modified_time":"2022-12-14T13:00:21+00:00","twitter_card":"summary_large_image","twitter_site":"@augmentir","schema":{"@context":"https:\/\/schema.org","@graph":[{"@type":"WebPage","@id":"https:\/\/www.augmentir.com\/rise-of-the-augmented-worker","url":"https:\/\/www.augmentir.com\/rise-of-the-augmented-worker","name":"Rise of the Augmented Worker - Augmentir","isPartOf":{"@id":"https:\/\/www.augmentir.com\/#website"},"datePublished":"2019-09-08T00:18:25+00:00","dateModified":"2022-12-14T13:00:21+00:00","description":"Discover a new approach to leveraging Augmented Reality, Artificial Intelligence, and Connected Worker software that will empower your frontline workforce to perform at higher levels of safety, quality, and productivity.","breadcrumb":{"@id":"https:\/\/www.augmentir.com\/rise-of-the-augmented-worker#breadcrumb"},"inLanguage":"de-DE","potentialAction":[{"@type":"ReadAction","target":["https:\/\/www.augmentir.com\/rise-of-the-augmented-worker"]}]},{"@type":"BreadcrumbList","@id":"https:\/\/www.augmentir.com\/rise-of-the-augmented-worker#breadcrumb","itemListElement":[{"@type":"ListItem","position":1,"name":"Home","item":"https:\/\/www.augmentir.com\/"},{"@type":"ListItem","position":2,"name":"Rise of the Augmented Worker"}]},{"@type":"WebSite","@id":"https:\/\/www.augmentir.com\/#website","url":"https:\/\/www.augmentir.com\/","name":"Augmentir","description":"AI-Powered Connected Worker Platform","publisher":{"@id":"https:\/\/www.augmentir.com\/#organization"},"potentialAction":[{"@type":"SearchAction","target":{"@type":"EntryPoint","urlTemplate":"https:\/\/www.augmentir.com\/?s={search_term_string}"},"query-input":{"@type":"PropertyValueSpecification","valueRequired":true,"valueName":"search_term_string"}}],"inLanguage":"de-DE"},{"@type":"Organization","@id":"https:\/\/www.augmentir.com\/#organization","name":"Augmentir, Inc.","url":"https:\/\/www.augmentir.com\/","logo":{"@type":"ImageObject","inLanguage":"de-DE","@id":"https:\/\/www.augmentir.com\/#\/schema\/logo\/image\/","url":"https:\/\/www.augmentir.com\/wp-content\/uploads\/2021\/10\/Augmentir_Logo.svg","contentUrl":"https:\/\/www.augmentir.com\/wp-content\/uploads\/2021\/10\/Augmentir_Logo.svg","width":"1200","height":"1200","caption":"Augmentir, Inc."},"image":{"@id":"https:\/\/www.augmentir.com\/#\/schema\/logo\/image\/"},"sameAs":["https:\/\/x.com\/augmentir","https:\/\/www.linkedin.com\/company\/augmentir"]}]}},"_links":{"self":[{"href":"https:\/\/www.augmentir.com\/de\/wp-json\/wp\/v2\/pages\/4209","targetHints":{"allow":["GET"]}}],"collection":[{"href":"https:\/\/www.augmentir.com\/de\/wp-json\/wp\/v2\/pages"}],"about":[{"href":"https:\/\/www.augmentir.com\/de\/wp-json\/wp\/v2\/types\/page"}],"author":[{"embeddable":true,"href":"https:\/\/www.augmentir.com\/de\/wp-json\/wp\/v2\/users\/1"}],"replies":[{"embeddable":true,"href":"https:\/\/www.augmentir.com\/de\/wp-json\/wp\/v2\/comments?post=4209"}],"version-history":[{"count":0,"href":"https:\/\/www.augmentir.com\/de\/wp-json\/wp\/v2\/pages\/4209\/revisions"}],"wp:attachment":[{"href":"https:\/\/www.augmentir.com\/de\/wp-json\/wp\/v2\/media?parent=4209"}],"curies":[{"name":"wp","href":"https:\/\/api.w.org\/{rel}","templated":true}]}}