{"id":4207,"date":"2019-09-04T02:01:19","date_gmt":"2019-09-04T02:01:19","guid":{"rendered":"http:\/\/localhost:8888\/augmentir\/?page_id=3493"},"modified":"2025-12-23T13:45:25","modified_gmt":"2025-12-23T13:45:25","slug":"contact","status":"publish","type":"page","link":"https:\/\/www.augmentir.com\/de\/contact","title":{"rendered":"Kontakt"},"content":{"rendered":"<div id='top-section'  class='avia-section main_color avia-section-default avia-no-border-styling avia-bg-style-scroll  avia-builder-el-0  avia-builder-el-no-sibling   container_wrap sidebar_right' style='background-repeat: repeat-y; background-image: url(https:\/\/www.augmentir.com\/wp-content\/uploads\/2021\/10\/page-half-background.png);background-attachment: scroll; background-position: center center;  '  data-section-bg-repeat='repeat-y'><div class='container' ><main  role=\"main\" itemprop=\"mainContentOfPage\"  class='template-page content  av-content-small alpha units'><div class='post-entry post-entry-type-page post-entry-4207'><div class='entry-content-wrapper clearfix'>\n<div class=\"flex_column av_one_half  av-break-at-tablet flex_column_div first  avia-builder-el-1  el_before_av_one_half  avia-builder-el-first\" style='padding:0px 30px 0px 0px ; border-radius:0px; '><p><div  style='padding-bottom:20px; margin-top:0px; font-size:40px;' class='av-special-heading av-special-heading-h1  blockquote modern-quote  avia-builder-el-2  el_before_av_textblock  avia-builder-el-first  h1-page-title av-inherit-size'><h1 class='av-special-heading-tag'  itemprop=\"headline\"  >Kontaktiere uns<\/h1><div class='special-heading-border'><div class='special-heading-inner-border' ><\/div><\/div><\/div><br \/>\n<section class=\"av_textblock_section  av-small-hide av-mini-hide\"  itemscope=\"itemscope\" itemtype=\"https:\/\/schema.org\/CreativeWork\" ><div class='avia_textblock'  style='font-size:18px; '  itemprop=\"text\" ><p>Egal, ob Sie mehr \u00fcber Augmentir erfahren m\u00f6chten, eine bestimmte Frage haben oder Hilfe ben\u00f6tigen \u2013 wir sind f\u00fcr Sie da!<\/p>\n<ul>\n<li>Erfahren Sie, wie Augmentir verwendet wird, um die Sicherheit, Qualit\u00e4t und Produktivit\u00e4t von Mitarbeitern an vorderster Front zu verbessern<\/li>\n<li>Preisinformationen erhalten<\/li>\n<li>Diskutieren Sie Anwendungsf\u00e4lle f\u00fcr Ihre Branche<\/li>\n<\/ul>\n<p>F\u00fcllen Sie das Formular aus und wir werden uns in K\u00fcrze bei Ihnen melden, um Ihre Fragen zu beantworten.<\/p>\n<h4><\/h4>\n<\/div><\/section><br \/>\n<section class=\"av_textblock_section  av-desktop-hide av-medium-hide\"  itemscope=\"itemscope\" itemtype=\"https:\/\/schema.org\/CreativeWork\" ><div class='avia_textblock'  style='font-size:18px; '  itemprop=\"text\" ><p>Egal, ob Sie mehr \u00fcber Augmentir erfahren m\u00f6chten, eine bestimmte Frage haben oder Hilfe ben\u00f6tigen \u2013 wir sind f\u00fcr Sie da!<\/p>\n<p>F\u00fcllen Sie das Formular aus und wir werden uns in K\u00fcrze bei Ihnen melden, um Ihre Fragen zu beantworten.<\/p>\n<h4><\/h4>\n<\/div><\/section><br \/>\n<div  style='height:50px' class='hr hr-invisible   avia-builder-el-5  el_after_av_textblock  el_before_av_textblock'><span class='hr-inner' ><span class='hr-inner-style'><\/span><\/span><\/div><br \/>\n<section class=\"av_textblock_section\"  itemscope=\"itemscope\" itemtype=\"https:\/\/schema.org\/CreativeWork\" ><div class='avia_textblock'  style='font-size:18px; '  itemprop=\"text\" ><p>HAUPTQUARTIER:<\/p>\n<p>425 Kardinal Dr<br \/>\nHorsham, Pennsylvania 19044<\/p>\n<\/div><\/section><\/p><\/div><div class=\"flex_column av_one_half  av-break-at-tablet flex_column_div   avia-builder-el-7  el_after_av_one_half  avia-builder-el-last  form-container-column\" style='padding:0px 0px 0px 30px ; border-radius:0px; '><p><section class=\"av_textblock_section\"  itemscope=\"itemscope\" itemtype=\"https:\/\/schema.org\/CreativeWork\" ><div class='avia_textblock eyebrow-headline av_inherit_color'  style='color:#ffffff; '  itemprop=\"text\" ><p>Lassen Sie uns Kontakt aufnehmen<\/p>\n<\/div><\/section><br \/>\n<\/p><\/div><\/div><\/div><\/main><!-- close content main element --><\/div><\/div><div id='after_section_1'  class='main_color av_default_container_wrap container_wrap sidebar_right' style=' '  ><div class='container' ><div class='template-page content  av-content-small alpha units'><div class='post-entry post-entry-type-page post-entry-4207'><div class='entry-content-wrapper clearfix'>","protected":false},"excerpt":{"rendered":"","protected":false},"author":1,"featured_media":0,"parent":0,"menu_order":0,"comment_status":"closed","ping_status":"closed","template":"","meta":{"inline_featured_image":false,"_lmt_disableupdate":"no","_lmt_disable":"","footnotes":""},"class_list":["post-4207","page","type-page","status-publish","hentry"],"yoast_head":"<!-- This site is optimized with the Yoast SEO plugin v27.2 - https:\/\/yoast.com\/product\/yoast-seo-wordpress\/ -->\n<title>Contact - Augmentir<\/title>\n<meta name=\"description\" content=\"Whether you\u2019re interested in learning more about Augmentir, have a specific question, or need help \u2013 we are here for you!\" \/>\n<meta name=\"robots\" content=\"index, follow, max-snippet:-1, max-image-preview:large, max-video-preview:-1\" \/>\n<link rel=\"canonical\" href=\"https:\/\/www.augmentir.com\/de\/contact\" \/>\n<meta property=\"og:locale\" content=\"de_DE\" \/>\n<meta property=\"og:type\" content=\"article\" \/>\n<meta property=\"og:title\" content=\"Contact - Augmentir\" \/>\n<meta property=\"og:description\" content=\"Whether you\u2019re interested in learning more about Augmentir, have a specific question, or need help \u2013 we are here for you!\" \/>\n<meta property=\"og:url\" content=\"https:\/\/www.augmentir.com\/de\/contact\" \/>\n<meta property=\"og:site_name\" content=\"Augmentir\" \/>\n<meta property=\"article:modified_time\" content=\"2025-12-23T13:45:25+00:00\" \/>\n<meta name=\"twitter:card\" content=\"summary_large_image\" \/>\n<meta name=\"twitter:site\" content=\"@augmentir\" \/>\n<script type=\"application\/ld+json\" class=\"yoast-schema-graph\">{\"@context\":\"https:\/\/schema.org\",\"@graph\":[{\"@type\":\"WebPage\",\"@id\":\"https:\/\/www.augmentir.com\/contact\",\"url\":\"https:\/\/www.augmentir.com\/contact\",\"name\":\"Contact - Augmentir\",\"isPartOf\":{\"@id\":\"https:\/\/www.augmentir.com\/#website\"},\"datePublished\":\"2019-09-04T02:01:19+00:00\",\"dateModified\":\"2025-12-23T13:45:25+00:00\",\"description\":\"Whether you\u2019re interested in learning more about Augmentir, have a specific question, or need help \u2013 we are here for you!\",\"breadcrumb\":{\"@id\":\"https:\/\/www.augmentir.com\/contact#breadcrumb\"},\"inLanguage\":\"de-DE\",\"potentialAction\":[{\"@type\":\"ReadAction\",\"target\":[\"https:\/\/www.augmentir.com\/contact\"]}]},{\"@type\":\"BreadcrumbList\",\"@id\":\"https:\/\/www.augmentir.com\/contact#breadcrumb\",\"itemListElement\":[{\"@type\":\"ListItem\",\"position\":1,\"name\":\"Home\",\"item\":\"https:\/\/www.augmentir.com\/\"},{\"@type\":\"ListItem\",\"position\":2,\"name\":\"Contact\"}]},{\"@type\":\"WebSite\",\"@id\":\"https:\/\/www.augmentir.com\/#website\",\"url\":\"https:\/\/www.augmentir.com\/\",\"name\":\"Augmentir\",\"description\":\"AI-Powered Connected Worker Platform\",\"publisher\":{\"@id\":\"https:\/\/www.augmentir.com\/#organization\"},\"potentialAction\":[{\"@type\":\"SearchAction\",\"target\":{\"@type\":\"EntryPoint\",\"urlTemplate\":\"https:\/\/www.augmentir.com\/?s={search_term_string}\"},\"query-input\":{\"@type\":\"PropertyValueSpecification\",\"valueRequired\":true,\"valueName\":\"search_term_string\"}}],\"inLanguage\":\"de-DE\"},{\"@type\":\"Organization\",\"@id\":\"https:\/\/www.augmentir.com\/#organization\",\"name\":\"Augmentir, Inc.\",\"url\":\"https:\/\/www.augmentir.com\/\",\"logo\":{\"@type\":\"ImageObject\",\"inLanguage\":\"de-DE\",\"@id\":\"https:\/\/www.augmentir.com\/#\/schema\/logo\/image\/\",\"url\":\"https:\/\/www.augmentir.com\/wp-content\/uploads\/2021\/10\/Augmentir_Logo.svg\",\"contentUrl\":\"https:\/\/www.augmentir.com\/wp-content\/uploads\/2021\/10\/Augmentir_Logo.svg\",\"width\":\"1200\",\"height\":\"1200\",\"caption\":\"Augmentir, Inc.\"},\"image\":{\"@id\":\"https:\/\/www.augmentir.com\/#\/schema\/logo\/image\/\"},\"sameAs\":[\"https:\/\/x.com\/augmentir\",\"https:\/\/www.linkedin.com\/company\/augmentir\"]}]}<\/script>\n<!-- \/ Yoast SEO plugin. -->","yoast_head_json":{"title":"Contact - Augmentir","description":"Whether you\u2019re interested in learning more about Augmentir, have a specific question, or need help \u2013 we are here for you!","robots":{"index":"index","follow":"follow","max-snippet":"max-snippet:-1","max-image-preview":"max-image-preview:large","max-video-preview":"max-video-preview:-1"},"canonical":"https:\/\/www.augmentir.com\/de\/contact","og_locale":"de_DE","og_type":"article","og_title":"Contact - Augmentir","og_description":"Whether you\u2019re interested in learning more about Augmentir, have a specific question, or need help \u2013 we are here for you!","og_url":"https:\/\/www.augmentir.com\/de\/contact","og_site_name":"Augmentir","article_modified_time":"2025-12-23T13:45:25+00:00","twitter_card":"summary_large_image","twitter_site":"@augmentir","schema":{"@context":"https:\/\/schema.org","@graph":[{"@type":"WebPage","@id":"https:\/\/www.augmentir.com\/contact","url":"https:\/\/www.augmentir.com\/contact","name":"Contact - Augmentir","isPartOf":{"@id":"https:\/\/www.augmentir.com\/#website"},"datePublished":"2019-09-04T02:01:19+00:00","dateModified":"2025-12-23T13:45:25+00:00","description":"Whether you\u2019re interested in learning more about Augmentir, have a specific question, or need help \u2013 we are here for you!","breadcrumb":{"@id":"https:\/\/www.augmentir.com\/contact#breadcrumb"},"inLanguage":"de-DE","potentialAction":[{"@type":"ReadAction","target":["https:\/\/www.augmentir.com\/contact"]}]},{"@type":"BreadcrumbList","@id":"https:\/\/www.augmentir.com\/contact#breadcrumb","itemListElement":[{"@type":"ListItem","position":1,"name":"Home","item":"https:\/\/www.augmentir.com\/"},{"@type":"ListItem","position":2,"name":"Contact"}]},{"@type":"WebSite","@id":"https:\/\/www.augmentir.com\/#website","url":"https:\/\/www.augmentir.com\/","name":"Augmentir","description":"AI-Powered Connected Worker Platform","publisher":{"@id":"https:\/\/www.augmentir.com\/#organization"},"potentialAction":[{"@type":"SearchAction","target":{"@type":"EntryPoint","urlTemplate":"https:\/\/www.augmentir.com\/?s={search_term_string}"},"query-input":{"@type":"PropertyValueSpecification","valueRequired":true,"valueName":"search_term_string"}}],"inLanguage":"de-DE"},{"@type":"Organization","@id":"https:\/\/www.augmentir.com\/#organization","name":"Augmentir, Inc.","url":"https:\/\/www.augmentir.com\/","logo":{"@type":"ImageObject","inLanguage":"de-DE","@id":"https:\/\/www.augmentir.com\/#\/schema\/logo\/image\/","url":"https:\/\/www.augmentir.com\/wp-content\/uploads\/2021\/10\/Augmentir_Logo.svg","contentUrl":"https:\/\/www.augmentir.com\/wp-content\/uploads\/2021\/10\/Augmentir_Logo.svg","width":"1200","height":"1200","caption":"Augmentir, Inc."},"image":{"@id":"https:\/\/www.augmentir.com\/#\/schema\/logo\/image\/"},"sameAs":["https:\/\/x.com\/augmentir","https:\/\/www.linkedin.com\/company\/augmentir"]}]}},"_links":{"self":[{"href":"https:\/\/www.augmentir.com\/de\/wp-json\/wp\/v2\/pages\/4207","targetHints":{"allow":["GET"]}}],"collection":[{"href":"https:\/\/www.augmentir.com\/de\/wp-json\/wp\/v2\/pages"}],"about":[{"href":"https:\/\/www.augmentir.com\/de\/wp-json\/wp\/v2\/types\/page"}],"author":[{"embeddable":true,"href":"https:\/\/www.augmentir.com\/de\/wp-json\/wp\/v2\/users\/1"}],"replies":[{"embeddable":true,"href":"https:\/\/www.augmentir.com\/de\/wp-json\/wp\/v2\/comments?post=4207"}],"version-history":[{"count":0,"href":"https:\/\/www.augmentir.com\/de\/wp-json\/wp\/v2\/pages\/4207\/revisions"}],"wp:attachment":[{"href":"https:\/\/www.augmentir.com\/de\/wp-json\/wp\/v2\/media?parent=4207"}],"curies":[{"name":"wp","href":"https:\/\/api.w.org\/{rel}","templated":true}]}}