{"id":14424,"date":"2025-02-13T19:51:45","date_gmt":"2025-02-13T19:51:45","guid":{"rendered":"https:\/\/www.augmentir.com\/?page_id=14424"},"modified":"2025-05-25T10:31:52","modified_gmt":"2025-05-25T10:31:52","slug":"workforce-management","status":"publish","type":"page","link":"https:\/\/www.augmentir.com\/de\/workforce-management","title":{"rendered":"Themen und Tools zum Workforce Management"},"content":{"rendered":"<div id='hero-section'  class='avia-section main_color avia-section-default avia-no-border-styling avia-bg-style-scroll  avia-builder-el-0  el_before_av_section  avia-builder-el-first   container_wrap sidebar_right' style='background-color: #1d313a;  '  ><div class='container' ><main  role=\"main\" itemprop=\"mainContentOfPage\"  class='template-page content  av-content-small alpha units'><div class='post-entry post-entry-type-page post-entry-14424'><div class='entry-content-wrapper clearfix'>\n<div class=\"flex_column av_one_full  av-break-at-tablet flex_column_div first  avia-builder-el-1  avia-builder-el-no-sibling  header-row\" style='padding:0px 20% 0px 20% ; border-radius:0px; '><section class=\"av_textblock_section\"  itemscope=\"itemscope\" itemtype=\"https:\/\/schema.org\/CreativeWork\" ><div class='avia_textblock eyebrow-headline av_inherit_color'  style='color:#ffffff; '  itemprop=\"text\" ><p style=\"text-align: center;\">Workforce Management Themen<\/p>\n<\/div><\/section><br \/>\n<div  style='padding-bottom:12px; margin-top:26px; color:#ffffff;font-size:53px;' class='av-special-heading av-special-heading-h1 custom-color-heading blockquote modern-quote modern-centered  avia-builder-el-3  el_after_av_textblock  avia-builder-el-last  av-inherit-size'><h1 class='av-special-heading-tag'  itemprop=\"headline\"  >Themen und Tools zum Workforce Management<\/h1><div class='special-heading-border'><div class='special-heading-inner-border' style='border-color:#ffffff'><\/div><\/div><\/div><\/p><\/div>\n\n<\/div><\/div><\/main><!-- close content main element --><\/div><\/div><div id='av_section_2'  class='avia-section main_color avia-section-default avia-no-border-styling avia-bg-style-scroll  avia-builder-el-4  el_after_av_section  avia-builder-el-last   container_wrap sidebar_right' style=' '  ><div class='container' ><div class='template-page content  av-content-small alpha units'><div class='post-entry post-entry-type-page post-entry-14424'><div class='entry-content-wrapper clearfix'>\n<div class=\"flex_column av_one_full  flex_column_div first  avia-builder-el-5  avia-builder-el-no-sibling  header-row\" style='padding:0px 20% 0px 20% ; border-radius:0px; '><div  class='avia-icon-list-container   avia-builder-el-6  avia-builder-el-no-sibling'><ul class='avia-icon-list avia-icon-list-left av-iconlist-big avia_animate_when_almost_visible'>\n<li><a href='https:\/\/www.augmentir.com\/de\/glossary\/what-is-competency-management' title='Kompetenzmanagement'   style='background-color:#ffffff; color:#fc704a; ' class='iconlist_icon  avia-font-entypo-fontello'><span class='iconlist-char' aria-hidden='true' data-av_icon='\ue811' data-av_iconfont='entypo-fontello'><\/span><\/a><article class=\"article-icon-entry\"  itemscope=\"itemscope\" itemtype=\"https:\/\/schema.org\/CreativeWork\" ><div class='iconlist_content_wrap'><header class=\"entry-content-header\"><h4 class='av_iconlist_title iconlist_title'  itemprop=\"headline\"  ><a href='https:\/\/www.augmentir.com\/de\/glossary\/what-is-competency-management' title='Kompetenzmanagement'>Kompetenzmanagement<\/a><\/h4><\/header><div class='iconlist_content'  itemprop=\"text\"  ><p>Erfahren Sie, was eine Kompetenzmanagement-Software ist und welche Vorteile sie f\u00fcr die Verwaltung von F\u00e4higkeiten und die Steigerung der Mitarbeiterproduktivit\u00e4t bietet.<\/p>\n<\/div><\/div><footer class=\"entry-footer\"><\/footer><\/article><div class='iconlist-timeline'><\/div><\/li>\n<li><a href='https:\/\/www.augmentir.com\/de\/workforce-management\/job-cover-matrix' title='Stellenvertretungsmatrix'   style='background-color:#ffffff; color:#fc704a; ' class='iconlist_icon  avia-font-entypo-fontello'><span class='iconlist-char' aria-hidden='true' data-av_icon='\ue811' data-av_iconfont='entypo-fontello'><\/span><\/a><article class=\"article-icon-entry\"  itemscope=\"itemscope\" itemtype=\"https:\/\/schema.org\/CreativeWork\" ><div class='iconlist_content_wrap'><header class=\"entry-content-header\"><h4 class='av_iconlist_title iconlist_title'  itemprop=\"headline\"  ><a href='https:\/\/www.augmentir.com\/de\/workforce-management\/job-cover-matrix' title='Stellenvertretungsmatrix'>Stellenvertretungsmatrix<\/a><\/h4><\/header><div class='iconlist_content'  itemprop=\"text\"  ><p>Erfahren Sie, was eine Stellenvertretungsmatrix ist und wie ein Stellenvertretungsmatrix-Tool bei der Personaleinsatzplanung und im Betriebsmanagement in der Fertigung eingesetzt wird.<\/p>\n<\/div><\/div><footer class=\"entry-footer\"><\/footer><\/article><div class='iconlist-timeline'><\/div><\/li>\n<li><a href='https:\/\/www.augmentir.com\/de\/glossary\/performance-management-software' title='Performance-Management-Software'   style='background-color:#ffffff; color:#fc704a; ' class='iconlist_icon  avia-font-entypo-fontello'><span class='iconlist-char' aria-hidden='true' data-av_icon='\ue811' data-av_iconfont='entypo-fontello'><\/span><\/a><article class=\"article-icon-entry\"  itemscope=\"itemscope\" itemtype=\"https:\/\/schema.org\/CreativeWork\" ><div class='iconlist_content_wrap'><header class=\"entry-content-header\"><h4 class='av_iconlist_title iconlist_title'  itemprop=\"headline\"  ><a href='https:\/\/www.augmentir.com\/de\/glossary\/performance-management-software' title='Performance-Management-Software'>Performance-Management-Software<\/a><\/h4><\/header><div class='iconlist_content'  itemprop=\"text\"  ><p>Erfahren Sie mehr \u00fcber Performance-Management-Software in der Fertigung, ihre Vorteile, Hauptmerkmale und wie Sie sie mit KI-basierter Connected-Worker-Technologie verbessern k\u00f6nnen.<\/p>\n<\/div><\/div><footer class=\"entry-footer\"><\/footer><\/article><div class='iconlist-timeline'><\/div><\/li>\n<li><a href='https:\/\/www.augmentir.com\/de\/glossary\/skills-intelligence' title='F\u00e4higkeiten Intelligenz'   style='background-color:#ffffff; color:#fc704a; ' class='iconlist_icon  avia-font-entypo-fontello'><span class='iconlist-char' aria-hidden='true' data-av_icon='\ue811' data-av_iconfont='entypo-fontello'><\/span><\/a><article class=\"article-icon-entry\"  itemscope=\"itemscope\" itemtype=\"https:\/\/schema.org\/CreativeWork\" ><div class='iconlist_content_wrap'><header class=\"entry-content-header\"><h4 class='av_iconlist_title iconlist_title'  itemprop=\"headline\"  ><a href='https:\/\/www.augmentir.com\/de\/glossary\/skills-intelligence' title='F\u00e4higkeiten Intelligenz'>F\u00e4higkeiten Intelligenz<\/a><\/h4><\/header><div class='iconlist_content'  itemprop=\"text\"  ><p>Erfahren Sie, was Skills Intelligence ist und wie sie dabei helfen kann, Wissens- und Qualifikationsl\u00fccken zu schlie\u00dfen und Fertigungsabl\u00e4ufe zu verbessern.<\/p>\n<\/div><\/div><footer class=\"entry-footer\"><\/footer><\/article><div class='iconlist-timeline'><\/div><\/li>\n<li><a href='https:\/\/www.augmentir.com\/de\/glossary\/what-is-skills-management' title='Kompetenzmanagement'   style='background-color:#ffffff; color:#fc704a; ' class='iconlist_icon  avia-font-entypo-fontello'><span class='iconlist-char' aria-hidden='true' data-av_icon='\ue811' data-av_iconfont='entypo-fontello'><\/span><\/a><article class=\"article-icon-entry\"  itemscope=\"itemscope\" itemtype=\"https:\/\/schema.org\/CreativeWork\" ><div class='iconlist_content_wrap'><header class=\"entry-content-header\"><h4 class='av_iconlist_title iconlist_title'  itemprop=\"headline\"  ><a href='https:\/\/www.augmentir.com\/de\/glossary\/what-is-skills-management' title='Kompetenzmanagement'>Kompetenzmanagement<\/a><\/h4><\/header><div class='iconlist_content'  itemprop=\"text\"  ><p>Erfahren Sie, was Kompetenzmanagement ist und warum es wichtig ist, die F\u00e4higkeiten und F\u00e4higkeiten der Mitarbeiter digital zu verfolgen.<\/p>\n<\/div><\/div><footer class=\"entry-footer\"><\/footer><\/article><div class='iconlist-timeline'><\/div><\/li>\n<li><a href='https:\/\/www.augmentir.com\/de\/glossary\/skills-taxonomy' title='Taxonomie der F\u00e4higkeiten'   style='background-color:#ffffff; color:#fc704a; ' class='iconlist_icon  avia-font-entypo-fontello'><span class='iconlist-char' aria-hidden='true' data-av_icon='\ue811' data-av_iconfont='entypo-fontello'><\/span><\/a><article class=\"article-icon-entry\"  itemscope=\"itemscope\" itemtype=\"https:\/\/schema.org\/CreativeWork\" ><div class='iconlist_content_wrap'><header class=\"entry-content-header\"><h4 class='av_iconlist_title iconlist_title'  itemprop=\"headline\"  ><a href='https:\/\/www.augmentir.com\/de\/glossary\/skills-taxonomy' title='Taxonomie der F\u00e4higkeiten'>Taxonomie der F\u00e4higkeiten<\/a><\/h4><\/header><div class='iconlist_content'  itemprop=\"text\"  ><p>Erfahren Sie, was eine Qualifikationstaxonomie ist und wie sie dazu beitragen kann, die Art und Weise zu ver\u00e4ndern, wie Sie Mitarbeiterqualifikationen klassifizieren und organisieren, um die Produktionsleistung zu maximieren.<\/p>\n<\/div><\/div><footer class=\"entry-footer\"><\/footer><\/article><div class='iconlist-timeline'><\/div><\/li>\n<li><a href='https:\/\/www.augmentir.com\/de\/glossary\/tacit-knowledge' title='Implizites Wissen'   style='background-color:#ffffff; color:#fc704a; ' class='iconlist_icon  avia-font-entypo-fontello'><span class='iconlist-char' aria-hidden='true' data-av_icon='\ue811' data-av_iconfont='entypo-fontello'><\/span><\/a><article class=\"article-icon-entry\"  itemscope=\"itemscope\" itemtype=\"https:\/\/schema.org\/CreativeWork\" ><div class='iconlist_content_wrap'><header class=\"entry-content-header\"><h4 class='av_iconlist_title iconlist_title'  itemprop=\"headline\"  ><a href='https:\/\/www.augmentir.com\/de\/glossary\/tacit-knowledge' title='Implizites Wissen'>Implizites Wissen<\/a><\/h4><\/header><div class='iconlist_content'  itemprop=\"text\"  ><p>Erfahren Sie, was implizites Wissen ist, warum es schwer zu erfassen ist und wie Sie implizites Wissen in der Fertigung mit Augmentir digitalisieren k\u00f6nnen.<\/p>\n<\/div><\/div><footer class=\"entry-footer\"><\/footer><\/article><div class='iconlist-timeline'><\/div><\/li>\n<li><a href='https:\/\/www.augmentir.com\/de\/glossary\/what-is-tribal-knowledge' title='Stammeswissen'   style='background-color:#ffffff; color:#fc704a; ' class='iconlist_icon  avia-font-entypo-fontello'><span class='iconlist-char' aria-hidden='true' data-av_icon='\ue811' data-av_iconfont='entypo-fontello'><\/span><\/a><article class=\"article-icon-entry\"  itemscope=\"itemscope\" itemtype=\"https:\/\/schema.org\/CreativeWork\" ><div class='iconlist_content_wrap'><header class=\"entry-content-header\"><h4 class='av_iconlist_title iconlist_title'  itemprop=\"headline\"  ><a href='https:\/\/www.augmentir.com\/de\/glossary\/what-is-tribal-knowledge' title='Stammeswissen'>Stammeswissen<\/a><\/h4><\/header><div class='iconlist_content'  itemprop=\"text\"  ><p>Erfahren Sie, was Stammeswissen in der Fertigung ist und wie Unternehmen jetzt digitale Technologien einsetzen, um dieses wertvolle Wissen zu erfassen und es in einen gemeinsam nutzbaren Unternehmenswert umzuwandeln.<\/p>\n<\/div><\/div><footer class=\"entry-footer\"><\/footer><\/article><div class='iconlist-timeline'><\/div><\/li>\n<li><a href='https:\/\/www.augmentir.com\/de\/glossary\/workflow-learning' title='Workflow-Lerntechnologie'   style='background-color:#ffffff; color:#fc704a; ' class='iconlist_icon  avia-font-entypo-fontello'><span class='iconlist-char' aria-hidden='true' data-av_icon='\ue811' data-av_iconfont='entypo-fontello'><\/span><\/a><article class=\"article-icon-entry\"  itemscope=\"itemscope\" itemtype=\"https:\/\/schema.org\/CreativeWork\" ><div class='iconlist_content_wrap'><header class=\"entry-content-header\"><h4 class='av_iconlist_title iconlist_title'  itemprop=\"headline\"  ><a href='https:\/\/www.augmentir.com\/de\/glossary\/workflow-learning' title='Workflow-Lerntechnologie'>Workflow-Lerntechnologie<\/a><\/h4><\/header><div class='iconlist_content'  itemprop=\"text\"  ><p>Erfahren Sie mehr \u00fcber die Modernisierung von Lernen und Entwicklung mit Workflow-Lerntechnologie und Connected Worker-L\u00f6sungen in der Fertigung.<\/p>\n<\/div><\/div><footer class=\"entry-footer\"><\/footer><\/article><div class='iconlist-timeline'><\/div><\/li>\n<li><a href='https:\/\/www.augmentir.com\/de\/glossary\/workforce-readiness-in-manufacturing' title='Einsatzbereitschaft der Belegschaft'   style='background-color:#ffffff; color:#fc704a; ' class='iconlist_icon  avia-font-entypo-fontello'><span class='iconlist-char' aria-hidden='true' data-av_icon='\ue811' data-av_iconfont='entypo-fontello'><\/span><\/a><article class=\"article-icon-entry\"  itemscope=\"itemscope\" itemtype=\"https:\/\/schema.org\/CreativeWork\" ><div class='iconlist_content_wrap'><header class=\"entry-content-header\"><h4 class='av_iconlist_title iconlist_title'  itemprop=\"headline\"  ><a href='https:\/\/www.augmentir.com\/de\/glossary\/workforce-readiness-in-manufacturing' title='Einsatzbereitschaft der Belegschaft'>Einsatzbereitschaft der Belegschaft<\/a><\/h4><\/header><div class='iconlist_content'  itemprop=\"text\"  ><p>Informieren Sie sich \u00fcber die Einsatzbereitschaft der Belegschaft und wie KI-gest\u00fctzte Plattformen f\u00fcr vernetzte Mitarbeiter die Einsatzbereitschaft der Belegschaft im Fertigungsbereich verbessern.<\/p>\n<\/div><\/div><footer class=\"entry-footer\"><\/footer><\/article><div class='iconlist-timeline'><\/div><\/li>\n<\/ul><\/div><\/div><\/div><\/div><\/div><!-- close content main div --><\/div><\/div><div id='after_section_2'  class='main_color av_default_container_wrap container_wrap sidebar_right' style=' '  ><div class='container' ><div class='template-page content  av-content-small alpha units'><div class='post-entry post-entry-type-page post-entry-14424'><div class='entry-content-wrapper clearfix'>","protected":false},"excerpt":{"rendered":"","protected":false},"author":1,"featured_media":0,"parent":0,"menu_order":0,"comment_status":"closed","ping_status":"closed","template":"","meta":{"inline_featured_image":false,"_lmt_disableupdate":"no","_lmt_disable":"","footnotes":""},"class_list":["post-14424","page","type-page","status-publish","hentry"],"yoast_head":"<!-- This site is optimized with the Yoast SEO plugin v27.2 - https:\/\/yoast.com\/product\/yoast-seo-wordpress\/ -->\n<title>Workforce Management Topics and Tools - Augmentir<\/title>\n<meta name=\"description\" content=\"Digitize skills tracking, training, and workforce development with Augmentir&#039;s workforce development solution.\" \/>\n<meta name=\"robots\" content=\"index, follow, max-snippet:-1, max-image-preview:large, max-video-preview:-1\" \/>\n<link rel=\"canonical\" href=\"https:\/\/www.augmentir.com\/de\/workforce-management\" \/>\n<meta property=\"og:locale\" content=\"de_DE\" \/>\n<meta property=\"og:type\" content=\"article\" \/>\n<meta property=\"og:title\" content=\"Workforce Management Topics and Tools - Augmentir\" \/>\n<meta property=\"og:description\" content=\"Digitize skills tracking, training, and workforce development with Augmentir&#039;s workforce development solution.\" \/>\n<meta property=\"og:url\" content=\"https:\/\/www.augmentir.com\/de\/workforce-management\" \/>\n<meta property=\"og:site_name\" content=\"Augmentir\" \/>\n<meta property=\"article:modified_time\" content=\"2025-05-25T10:31:52+00:00\" \/>\n<meta name=\"twitter:card\" content=\"summary_large_image\" \/>\n<meta name=\"twitter:site\" content=\"@augmentir\" \/>\n<script type=\"application\/ld+json\" class=\"yoast-schema-graph\">{\"@context\":\"https:\/\/schema.org\",\"@graph\":[{\"@type\":\"WebPage\",\"@id\":\"https:\/\/www.augmentir.com\/workforce-management\",\"url\":\"https:\/\/www.augmentir.com\/workforce-management\",\"name\":\"Workforce Management Topics and Tools - Augmentir\",\"isPartOf\":{\"@id\":\"https:\/\/www.augmentir.com\/#website\"},\"datePublished\":\"2025-02-13T19:51:45+00:00\",\"dateModified\":\"2025-05-25T10:31:52+00:00\",\"description\":\"Digitize skills tracking, training, and workforce development with Augmentir's workforce development solution.\",\"breadcrumb\":{\"@id\":\"https:\/\/www.augmentir.com\/workforce-management#breadcrumb\"},\"inLanguage\":\"de-DE\",\"potentialAction\":[{\"@type\":\"ReadAction\",\"target\":[\"https:\/\/www.augmentir.com\/workforce-management\"]}]},{\"@type\":\"BreadcrumbList\",\"@id\":\"https:\/\/www.augmentir.com\/workforce-management#breadcrumb\",\"itemListElement\":[{\"@type\":\"ListItem\",\"position\":1,\"name\":\"Home\",\"item\":\"https:\/\/www.augmentir.com\/\"},{\"@type\":\"ListItem\",\"position\":2,\"name\":\"Workforce Management Topics and Tools\"}]},{\"@type\":\"WebSite\",\"@id\":\"https:\/\/www.augmentir.com\/#website\",\"url\":\"https:\/\/www.augmentir.com\/\",\"name\":\"Augmentir\",\"description\":\"AI-Powered Connected Worker Platform\",\"publisher\":{\"@id\":\"https:\/\/www.augmentir.com\/#organization\"},\"potentialAction\":[{\"@type\":\"SearchAction\",\"target\":{\"@type\":\"EntryPoint\",\"urlTemplate\":\"https:\/\/www.augmentir.com\/?s={search_term_string}\"},\"query-input\":{\"@type\":\"PropertyValueSpecification\",\"valueRequired\":true,\"valueName\":\"search_term_string\"}}],\"inLanguage\":\"de-DE\"},{\"@type\":\"Organization\",\"@id\":\"https:\/\/www.augmentir.com\/#organization\",\"name\":\"Augmentir, Inc.\",\"url\":\"https:\/\/www.augmentir.com\/\",\"logo\":{\"@type\":\"ImageObject\",\"inLanguage\":\"de-DE\",\"@id\":\"https:\/\/www.augmentir.com\/#\/schema\/logo\/image\/\",\"url\":\"https:\/\/www.augmentir.com\/wp-content\/uploads\/2021\/10\/Augmentir_Logo.svg\",\"contentUrl\":\"https:\/\/www.augmentir.com\/wp-content\/uploads\/2021\/10\/Augmentir_Logo.svg\",\"width\":\"1200\",\"height\":\"1200\",\"caption\":\"Augmentir, Inc.\"},\"image\":{\"@id\":\"https:\/\/www.augmentir.com\/#\/schema\/logo\/image\/\"},\"sameAs\":[\"https:\/\/x.com\/augmentir\",\"https:\/\/www.linkedin.com\/company\/augmentir\"]}]}<\/script>\n<!-- \/ Yoast SEO plugin. -->","yoast_head_json":{"title":"Workforce Management Topics and Tools - Augmentir","description":"Digitize skills tracking, training, and workforce development with Augmentir's workforce development solution.","robots":{"index":"index","follow":"follow","max-snippet":"max-snippet:-1","max-image-preview":"max-image-preview:large","max-video-preview":"max-video-preview:-1"},"canonical":"https:\/\/www.augmentir.com\/de\/workforce-management","og_locale":"de_DE","og_type":"article","og_title":"Workforce Management Topics and Tools - Augmentir","og_description":"Digitize skills tracking, training, and workforce development with Augmentir's workforce development solution.","og_url":"https:\/\/www.augmentir.com\/de\/workforce-management","og_site_name":"Augmentir","article_modified_time":"2025-05-25T10:31:52+00:00","twitter_card":"summary_large_image","twitter_site":"@augmentir","schema":{"@context":"https:\/\/schema.org","@graph":[{"@type":"WebPage","@id":"https:\/\/www.augmentir.com\/workforce-management","url":"https:\/\/www.augmentir.com\/workforce-management","name":"Workforce Management Topics and Tools - Augmentir","isPartOf":{"@id":"https:\/\/www.augmentir.com\/#website"},"datePublished":"2025-02-13T19:51:45+00:00","dateModified":"2025-05-25T10:31:52+00:00","description":"Digitize skills tracking, training, and workforce development with Augmentir's workforce development solution.","breadcrumb":{"@id":"https:\/\/www.augmentir.com\/workforce-management#breadcrumb"},"inLanguage":"de-DE","potentialAction":[{"@type":"ReadAction","target":["https:\/\/www.augmentir.com\/workforce-management"]}]},{"@type":"BreadcrumbList","@id":"https:\/\/www.augmentir.com\/workforce-management#breadcrumb","itemListElement":[{"@type":"ListItem","position":1,"name":"Home","item":"https:\/\/www.augmentir.com\/"},{"@type":"ListItem","position":2,"name":"Workforce Management Topics and Tools"}]},{"@type":"WebSite","@id":"https:\/\/www.augmentir.com\/#website","url":"https:\/\/www.augmentir.com\/","name":"Augmentir","description":"AI-Powered Connected Worker Platform","publisher":{"@id":"https:\/\/www.augmentir.com\/#organization"},"potentialAction":[{"@type":"SearchAction","target":{"@type":"EntryPoint","urlTemplate":"https:\/\/www.augmentir.com\/?s={search_term_string}"},"query-input":{"@type":"PropertyValueSpecification","valueRequired":true,"valueName":"search_term_string"}}],"inLanguage":"de-DE"},{"@type":"Organization","@id":"https:\/\/www.augmentir.com\/#organization","name":"Augmentir, Inc.","url":"https:\/\/www.augmentir.com\/","logo":{"@type":"ImageObject","inLanguage":"de-DE","@id":"https:\/\/www.augmentir.com\/#\/schema\/logo\/image\/","url":"https:\/\/www.augmentir.com\/wp-content\/uploads\/2021\/10\/Augmentir_Logo.svg","contentUrl":"https:\/\/www.augmentir.com\/wp-content\/uploads\/2021\/10\/Augmentir_Logo.svg","width":"1200","height":"1200","caption":"Augmentir, Inc."},"image":{"@id":"https:\/\/www.augmentir.com\/#\/schema\/logo\/image\/"},"sameAs":["https:\/\/x.com\/augmentir","https:\/\/www.linkedin.com\/company\/augmentir"]}]}},"_links":{"self":[{"href":"https:\/\/www.augmentir.com\/de\/wp-json\/wp\/v2\/pages\/14424","targetHints":{"allow":["GET"]}}],"collection":[{"href":"https:\/\/www.augmentir.com\/de\/wp-json\/wp\/v2\/pages"}],"about":[{"href":"https:\/\/www.augmentir.com\/de\/wp-json\/wp\/v2\/types\/page"}],"author":[{"embeddable":true,"href":"https:\/\/www.augmentir.com\/de\/wp-json\/wp\/v2\/users\/1"}],"replies":[{"embeddable":true,"href":"https:\/\/www.augmentir.com\/de\/wp-json\/wp\/v2\/comments?post=14424"}],"version-history":[{"count":0,"href":"https:\/\/www.augmentir.com\/de\/wp-json\/wp\/v2\/pages\/14424\/revisions"}],"wp:attachment":[{"href":"https:\/\/www.augmentir.com\/de\/wp-json\/wp\/v2\/media?parent=14424"}],"curies":[{"name":"wp","href":"https:\/\/api.w.org\/{rel}","templated":true}]}}