{"id":14034,"date":"2024-06-18T01:48:08","date_gmt":"2024-06-18T01:48:08","guid":{"rendered":"https:\/\/www.augmentir.com\/?page_id=14034"},"modified":"2024-06-18T01:48:08","modified_gmt":"2024-06-18T01:48:08","slug":"ccpa-commitment","status":"publish","type":"page","link":"https:\/\/www.augmentir.com\/de\/ccpa-commitment","title":{"rendered":"Erweitern Sie Ihre CCPA-Verpflichtung"},"content":{"rendered":"<h1 style=\"padding-bottom: 24px;\">Erweitern Sie Ihre CCPA-Verpflichtung<\/h1>\n<p style=\"padding-bottom: 24px;\">Zuletzt ge\u00e4ndert: 17. Juni 2024<\/p>\n<p>Augmentir entspricht dem California Consumer Privacy Act (CCPA) und unterst\u00fctzt unsere Kunden bei der Einhaltung des CCPA.<\/p>\n<p>Die Connected Worker-Plattform von Augmentir wird unseren Kunden als Service bereitgestellt. Im Rahmen des CCPA ist Augmentir ein Serviceprovider. Wir werden mit unseren Kunden zusammenarbeiten, um auf alle Anfragen zu Auskunftsrechten, L\u00f6schungsrechten oder Opt-out-Anfragen zu reagieren.<\/p>\n<p>Unsere <a href=\"https:\/\/www.augmentir.com\/privacy\">Datenschutz-Bestimmungen<\/a> beschreibt die Daten, die Augmentir sammelt. Im Allgemeinen sind die Kategorien der gesammelten pers\u00f6nlichen Daten begrenzt. Augmentir verkauft die von uns gesammelten pers\u00f6nlichen Daten nicht.<\/p>\n<h2>Wie Verbraucher in Kalifornien ihre Rechte gem\u00e4\u00df CCPA aus\u00fcben k\u00f6nnen<\/h2>\n<p>Da Augmentir ein Dienstanbieter im Sinne des CCPA ist, sollten Verbraucher in Kalifornien mit ihrem Arbeitgeber, unserem Kunden, zusammenarbeiten, um ihre Rechte auszu\u00fcben. Augmentir kann Ihnen jederzeit bei der Bearbeitung der Anfrage behilflich sein, indem Sie uns unter privacy@augmentir.com kontaktieren. Augmentir wird angemessene Vorkehrungen treffen, um die Identit\u00e4t von Verbrauchern und Kundenadministratoren zu \u00fcberpr\u00fcfen, bevor Anfragen bearbeitet werden. Verbraucheranfragen werden innerhalb der im CCPA festgelegten Fristen bearbeitet.<\/p>\n<h3>Gut zu wissen<\/h3>\n<p>Vorbehaltlich bestimmter Einschr\u00e4nkungen gew\u00e4hrt das CCPA Verbrauchern in Kalifornien das Recht, weitere Einzelheiten zu den Kategorien und spezifischen Teilen der von uns erfassten personenbezogenen Daten anzufordern. Augmentir wird versuchen, den Kunden zu identifizieren, um die Anfrage an den richtigen Kunden weiterzuleiten.<\/p>\n<h3>Recht auf L\u00f6schung<\/h3>\n<p>Vorbehaltlich bestimmter Einschr\u00e4nkungen gew\u00e4hrt das CCPA Verbrauchern in Kalifornien das Recht, ihre pers\u00f6nlichen Daten zu l\u00f6schen. Da Augmentir ein Dienstanbieter ist, arbeitet Augmentir mit dem Kunden zusammen, um festzustellen, ob Profilinformationen gel\u00f6scht werden k\u00f6nnen.<\/p>\n<h3>Antrag auf Widerspruch gegen den Verkauf personenbezogener Daten<\/h3>\n<p>Augmentir verkauft keine personenbezogenen Daten im Sinne des CCPA und wird keine personenbezogenen Daten verkaufen, ohne ein k\u00fcnftiges Widerspruchsrecht gegen einen solchen Verkauf einzur\u00e4umen.<\/p>","protected":false},"excerpt":{"rendered":"<p>Augmentir CCPA-Verpflichtung Letzte \u00c4nderung: 17. Juni 2024 Augmentir entspricht dem California Consumer Privacy Act (CCPA) und unterst\u00fctzt unsere Kunden bei der Einhaltung des CCPA. Augmentirs Plattform f\u00fcr vernetzte Mitarbeiter wird unseren Kunden als Service zur Verf\u00fcgung gestellt. Im Rahmen des CCPA ist Augmentir ein Serviceprovider. Wir werden mit unseren Kunden zusammenarbeiten, um auf alle [\u2026] zu reagieren.<\/p>","protected":false},"author":1,"featured_media":0,"parent":0,"menu_order":0,"comment_status":"closed","ping_status":"closed","template":"","meta":{"inline_featured_image":false,"_lmt_disableupdate":"no","_lmt_disable":"","footnotes":""},"class_list":["post-14034","page","type-page","status-publish","hentry"],"yoast_head":"<!-- This site is optimized with the Yoast SEO plugin v27.2 - https:\/\/yoast.com\/product\/yoast-seo-wordpress\/ -->\n<title>Augmentir CCPA Commitment - Augmentir<\/title>\n<meta name=\"robots\" content=\"index, follow, max-snippet:-1, max-image-preview:large, max-video-preview:-1\" \/>\n<link rel=\"canonical\" href=\"https:\/\/www.augmentir.com\/de\/ccpa-commitment\" \/>\n<meta property=\"og:locale\" content=\"de_DE\" \/>\n<meta property=\"og:type\" content=\"article\" \/>\n<meta property=\"og:title\" content=\"Augmentir CCPA Commitment - Augmentir\" \/>\n<meta property=\"og:description\" content=\"Augmentir CCPA Commitment Last Modified: June 17, 2024 Augmentir complies with the California Consumer Privacy Act (CCPA) and supports our customers compliance with the CCPA. Augmentir\u2019s connected worker platform is provided as a service to our customers. Under the CCPA Augmentir is a service provider. We will work with our customers to respond to any [&hellip;]\" \/>\n<meta property=\"og:url\" content=\"https:\/\/www.augmentir.com\/de\/ccpa-commitment\" \/>\n<meta property=\"og:site_name\" content=\"Augmentir\" \/>\n<meta name=\"twitter:card\" content=\"summary_large_image\" \/>\n<meta name=\"twitter:site\" content=\"@augmentir\" \/>\n<script type=\"application\/ld+json\" class=\"yoast-schema-graph\">{\"@context\":\"https:\/\/schema.org\",\"@graph\":[{\"@type\":\"WebPage\",\"@id\":\"https:\/\/www.augmentir.com\/ccpa-commitment\",\"url\":\"https:\/\/www.augmentir.com\/ccpa-commitment\",\"name\":\"Augmentir CCPA Commitment - Augmentir\",\"isPartOf\":{\"@id\":\"https:\/\/www.augmentir.com\/#website\"},\"datePublished\":\"2024-06-18T01:48:08+00:00\",\"breadcrumb\":{\"@id\":\"https:\/\/www.augmentir.com\/ccpa-commitment#breadcrumb\"},\"inLanguage\":\"de-DE\",\"potentialAction\":[{\"@type\":\"ReadAction\",\"target\":[\"https:\/\/www.augmentir.com\/ccpa-commitment\"]}]},{\"@type\":\"BreadcrumbList\",\"@id\":\"https:\/\/www.augmentir.com\/ccpa-commitment#breadcrumb\",\"itemListElement\":[{\"@type\":\"ListItem\",\"position\":1,\"name\":\"Home\",\"item\":\"https:\/\/www.augmentir.com\/\"},{\"@type\":\"ListItem\",\"position\":2,\"name\":\"Augmentir CCPA Commitment\"}]},{\"@type\":\"WebSite\",\"@id\":\"https:\/\/www.augmentir.com\/#website\",\"url\":\"https:\/\/www.augmentir.com\/\",\"name\":\"Augmentir\",\"description\":\"AI-Powered Connected Worker Platform\",\"publisher\":{\"@id\":\"https:\/\/www.augmentir.com\/#organization\"},\"potentialAction\":[{\"@type\":\"SearchAction\",\"target\":{\"@type\":\"EntryPoint\",\"urlTemplate\":\"https:\/\/www.augmentir.com\/?s={search_term_string}\"},\"query-input\":{\"@type\":\"PropertyValueSpecification\",\"valueRequired\":true,\"valueName\":\"search_term_string\"}}],\"inLanguage\":\"de-DE\"},{\"@type\":\"Organization\",\"@id\":\"https:\/\/www.augmentir.com\/#organization\",\"name\":\"Augmentir, Inc.\",\"url\":\"https:\/\/www.augmentir.com\/\",\"logo\":{\"@type\":\"ImageObject\",\"inLanguage\":\"de-DE\",\"@id\":\"https:\/\/www.augmentir.com\/#\/schema\/logo\/image\/\",\"url\":\"https:\/\/www.augmentir.com\/wp-content\/uploads\/2021\/10\/Augmentir_Logo.svg\",\"contentUrl\":\"https:\/\/www.augmentir.com\/wp-content\/uploads\/2021\/10\/Augmentir_Logo.svg\",\"width\":\"1200\",\"height\":\"1200\",\"caption\":\"Augmentir, Inc.\"},\"image\":{\"@id\":\"https:\/\/www.augmentir.com\/#\/schema\/logo\/image\/\"},\"sameAs\":[\"https:\/\/x.com\/augmentir\",\"https:\/\/www.linkedin.com\/company\/augmentir\"]}]}<\/script>\n<!-- \/ Yoast SEO plugin. -->","yoast_head_json":{"title":"Augmentir CCPA Commitment - Augmentir","robots":{"index":"index","follow":"follow","max-snippet":"max-snippet:-1","max-image-preview":"max-image-preview:large","max-video-preview":"max-video-preview:-1"},"canonical":"https:\/\/www.augmentir.com\/de\/ccpa-commitment","og_locale":"de_DE","og_type":"article","og_title":"Augmentir CCPA Commitment - Augmentir","og_description":"Augmentir CCPA Commitment Last Modified: June 17, 2024 Augmentir complies with the California Consumer Privacy Act (CCPA) and supports our customers compliance with the CCPA. Augmentir\u2019s connected worker platform is provided as a service to our customers. Under the CCPA Augmentir is a service provider. We will work with our customers to respond to any [&hellip;]","og_url":"https:\/\/www.augmentir.com\/de\/ccpa-commitment","og_site_name":"Augmentir","twitter_card":"summary_large_image","twitter_site":"@augmentir","schema":{"@context":"https:\/\/schema.org","@graph":[{"@type":"WebPage","@id":"https:\/\/www.augmentir.com\/ccpa-commitment","url":"https:\/\/www.augmentir.com\/ccpa-commitment","name":"Augmentir CCPA Commitment - Augmentir","isPartOf":{"@id":"https:\/\/www.augmentir.com\/#website"},"datePublished":"2024-06-18T01:48:08+00:00","breadcrumb":{"@id":"https:\/\/www.augmentir.com\/ccpa-commitment#breadcrumb"},"inLanguage":"de-DE","potentialAction":[{"@type":"ReadAction","target":["https:\/\/www.augmentir.com\/ccpa-commitment"]}]},{"@type":"BreadcrumbList","@id":"https:\/\/www.augmentir.com\/ccpa-commitment#breadcrumb","itemListElement":[{"@type":"ListItem","position":1,"name":"Home","item":"https:\/\/www.augmentir.com\/"},{"@type":"ListItem","position":2,"name":"Augmentir CCPA Commitment"}]},{"@type":"WebSite","@id":"https:\/\/www.augmentir.com\/#website","url":"https:\/\/www.augmentir.com\/","name":"Augmentir","description":"AI-Powered Connected Worker Platform","publisher":{"@id":"https:\/\/www.augmentir.com\/#organization"},"potentialAction":[{"@type":"SearchAction","target":{"@type":"EntryPoint","urlTemplate":"https:\/\/www.augmentir.com\/?s={search_term_string}"},"query-input":{"@type":"PropertyValueSpecification","valueRequired":true,"valueName":"search_term_string"}}],"inLanguage":"de-DE"},{"@type":"Organization","@id":"https:\/\/www.augmentir.com\/#organization","name":"Augmentir, Inc.","url":"https:\/\/www.augmentir.com\/","logo":{"@type":"ImageObject","inLanguage":"de-DE","@id":"https:\/\/www.augmentir.com\/#\/schema\/logo\/image\/","url":"https:\/\/www.augmentir.com\/wp-content\/uploads\/2021\/10\/Augmentir_Logo.svg","contentUrl":"https:\/\/www.augmentir.com\/wp-content\/uploads\/2021\/10\/Augmentir_Logo.svg","width":"1200","height":"1200","caption":"Augmentir, Inc."},"image":{"@id":"https:\/\/www.augmentir.com\/#\/schema\/logo\/image\/"},"sameAs":["https:\/\/x.com\/augmentir","https:\/\/www.linkedin.com\/company\/augmentir"]}]}},"_links":{"self":[{"href":"https:\/\/www.augmentir.com\/de\/wp-json\/wp\/v2\/pages\/14034","targetHints":{"allow":["GET"]}}],"collection":[{"href":"https:\/\/www.augmentir.com\/de\/wp-json\/wp\/v2\/pages"}],"about":[{"href":"https:\/\/www.augmentir.com\/de\/wp-json\/wp\/v2\/types\/page"}],"author":[{"embeddable":true,"href":"https:\/\/www.augmentir.com\/de\/wp-json\/wp\/v2\/users\/1"}],"replies":[{"embeddable":true,"href":"https:\/\/www.augmentir.com\/de\/wp-json\/wp\/v2\/comments?post=14034"}],"version-history":[{"count":0,"href":"https:\/\/www.augmentir.com\/de\/wp-json\/wp\/v2\/pages\/14034\/revisions"}],"wp:attachment":[{"href":"https:\/\/www.augmentir.com\/de\/wp-json\/wp\/v2\/media?parent=14034"}],"curies":[{"name":"wp","href":"https:\/\/api.w.org\/{rel}","templated":true}]}}