{"id":13460,"date":"2023-06-04T01:52:13","date_gmt":"2023-06-04T01:52:13","guid":{"rendered":"https:\/\/www.augmentir.com\/?page_id=13460"},"modified":"2025-06-23T13:00:28","modified_gmt":"2025-06-23T13:00:28","slug":"gemba-walk-manufacturing","status":"publish","type":"page","link":"https:\/\/www.augmentir.com\/de\/glossary\/gemba-walk-manufacturing","title":{"rendered":"Gemba Walk in Manufacturing: Was ist das und welche Vorteile bietet es?"},"content":{"rendered":"<div id='av_section_1'  class='avia-section main_color avia-section-small avia-no-border-styling avia-bg-style-scroll  avia-builder-el-0  el_before_av_section  avia-builder-el-first  glossary-container  container_wrap sidebar_right' style=' margin-top:10px; margin-bottom:0px; '  ><div class='container' ><main  role=\"main\" itemprop=\"mainContentOfPage\"  class='template-page content  av-content-small alpha units'><div class='post-entry post-entry-type-page post-entry-13460'><div class='entry-content-wrapper clearfix'>\n<div class=\"flex_column av_one_full  flex_column_div av-zero-column-padding first  avia-builder-el-1  avia-builder-el-no-sibling\" style='border-radius:0px; '><p><div  style='padding-bottom:10px; margin-top:16px; font-size:44px;' class='av-special-heading av-special-heading-h1  blockquote modern-quote  avia-builder-el-2  el_before_av_textblock  avia-builder-el-first  av-inherit-size'><h1 class='av-special-heading-tag'  itemprop=\"headline\"  >Was ist ein Gemba Walk in Manufacturing?<\/h1><div class='special-heading-border'><div class='special-heading-inner-border' ><\/div><\/div><\/div><br \/>\n<section class=\"av_textblock_section\"  itemscope=\"itemscope\" itemtype=\"https:\/\/schema.org\/CreativeWork\" ><div class='avia_textblock'   itemprop=\"text\" ><p>Ein Gemba-Rundgang ist ein Rundgang am Arbeitsplatz, bei dem Mitarbeiter beobachtet werden, wie sie Aufgaben ausf\u00fchren, und Bereiche mit Verbesserungspotenzial identifiziert werden. Es leitet sich vom japanischen Wort Gemba ab, was \u201eechter Ort\u201c bedeutet \u2013 der Bereich, in dem die eigentliche Arbeit stattfindet.<\/p>\n<p>Letztendlich ist ein Gemba-Walk in Manufacturing ein leistungsstarker Lean-Manufacturing-Ansatz, um Verschwendung zu reduzieren und eine kontinuierliche Verbesserung von Mitarbeitern und Maschinen zu f\u00f6rdern.<\/p>\n<p>Erfahren Sie mehr \u00fcber die Schl\u00fcsselelemente eines Gemba-Spaziergangs und wie man ihn durchf\u00fchrt:<\/p>\n<ul>\n<li><a href=\"#gemba-walk-defined-and-its-importance\">Definition des Gemba-Spaziergangs und seine Bedeutung<\/a><\/li>\n<li><a href=\"#key-elements-of-a-gemba-walk\">Schl\u00fcsselelemente eines Gemba-Spaziergangs<\/a><\/li>\n<li><a href=\"#how-to-do-a-gemba-walk\">Wie man einen Gemba-Spaziergang macht<\/a><\/li>\n<li><a href=\"#how-the-manufacturing-industry-can-benefit-from-gemba-walks\">Wie die Fertigungsindustrie von Gemba-Spazierg\u00e4ngen profitieren kann<\/a><\/li>\n<\/ul>\n<\/div><\/section><\/p><\/div>\n\n<\/div><\/div><\/main><!-- close content main element --><\/div><\/div><div id='gemba-walk-defined-and-its-importance'  class='avia-section main_color avia-section-no-padding avia-no-border-styling avia-bg-style-scroll  avia-builder-el-4  el_after_av_section  el_before_av_section  glossary-container  container_wrap sidebar_right' style=' '  ><div class='container' ><div class='template-page content  av-content-small alpha units'><div class='post-entry post-entry-type-page post-entry-13460'><div class='entry-content-wrapper clearfix'>\n<div class=\"flex_column av_one_full  flex_column_div av-zero-column-padding first  avia-builder-el-5  avia-builder-el-no-sibling\" style='border-radius:0px; '><p><div  style='padding-bottom:10px; font-size:32px;' class='av-special-heading av-special-heading-h2  blockquote modern-quote  avia-builder-el-6  el_before_av_textblock  avia-builder-el-first  first-section-header av-inherit-size'><h2 class='av-special-heading-tag'  itemprop=\"headline\"  >Definition des Gemba-Spaziergangs und seine Bedeutung<\/h2><div class='special-heading-border'><div class='special-heading-inner-border' ><\/div><\/div><\/div><br \/>\n<section class=\"av_textblock_section\"  itemscope=\"itemscope\" itemtype=\"https:\/\/schema.org\/CreativeWork\" ><div class='avia_textblock'   itemprop=\"text\" ><p>Bei einem Gemba-Rundgang werden die ausgef\u00fchrten Arbeiten und die Abl\u00e4ufe in der Werkstatt aus erster Hand beobachtet. Durch die Beobachtung und Einbeziehung der Mitarbeiter kann ein Manager oder eine F\u00fchrungskraft den Herstellungsprozess besser verstehen und erkennen, wo Produktionsabf\u00e4lle vermieden werden k\u00f6nnen. Diese Informationen k\u00f6nnen dann zur Erstellung oder Verbesserung von Fertigungsprotokollen verwendet werden.<\/p>\n<p>Gemba-Begehungen in der Fertigung sind \u00e4u\u00dferst wichtig. Sie geben dem Management eine gute Vorstellung davon, wie die Prozesse in der Werkstatt ablaufen. Sie tragen auch dazu bei, fehlerhafte Annahmen \u00fcber die Belegschaft zu reduzieren.<\/p>\n<p>Dadurch bef\u00e4higen diese exemplarischen Vorgehensweisen produzierende Unternehmen, eine kontinuierliche Verbesserung anzustreben und eine Diskrepanz zwischen der F\u00fchrungsvision und der tats\u00e4chlichen Anwendung betrieblicher Prozesse zu verhindern.<\/p>\n<\/div><\/section><br \/>\n<div  class='avia-image-container  av-styling-    avia-builder-el-8  el_after_av_textblock  avia-builder-el-last  avia-align-center'  itemprop=\"image\" itemscope=\"itemscope\" itemtype=\"https:\/\/schema.org\/ImageObject\"  ><div class='avia-image-container-inner'><div class='avia-image-overlay-wrap'><img class='avia_image' src='https:\/\/www.augmentir.com\/wp-content\/uploads\/2023\/06\/gemba-walk-manufacturing.jpg' alt='Gemba-Walk-Herstellung' title='' height=\"630\" width=\"1200\"  itemprop=\"thumbnailUrl\"  \/><\/div><\/div><\/div><\/p><\/div><\/div><\/div><\/div><!-- close content main div --><\/div><\/div><div id='key-elements-of-a-gemba-walk'  class='avia-section main_color avia-section-no-padding avia-no-border-styling avia-bg-style-scroll  avia-builder-el-9  el_after_av_section  el_before_av_section  glossary-container  container_wrap sidebar_right' style=' '  ><div class='container' ><div class='template-page content  av-content-small alpha units'><div class='post-entry post-entry-type-page post-entry-13460'><div class='entry-content-wrapper clearfix'>\n<div class=\"flex_column av_one_full  flex_column_div av-zero-column-padding first  avia-builder-el-10  avia-builder-el-no-sibling\" style='border-radius:0px; '><p><div  style='padding-bottom:10px; font-size:32px;' class='av-special-heading av-special-heading-h2  blockquote modern-quote  avia-builder-el-11  el_before_av_textblock  avia-builder-el-first  av-inherit-size'><h2 class='av-special-heading-tag'  itemprop=\"headline\"  >Schl\u00fcsselelemente eines Gemba-Spaziergangs<\/h2><div class='special-heading-border'><div class='special-heading-inner-border' ><\/div><\/div><\/div><br \/>\n<section class=\"av_textblock_section\"  itemscope=\"itemscope\" itemtype=\"https:\/\/schema.org\/CreativeWork\" ><div class='avia_textblock'   itemprop=\"text\" ><p>Gemba-Spazierg\u00e4nge sind eine M\u00f6glichkeit, die Prinzipien von Gemba praktisch umzusetzen <a href=\"https:\/\/www.augmentir.com\/glossary\/what-is-kaizen-continuous-improvement\">Kaizen<\/a>, die japanische Methode zur Umsetzung kontinuierlicher Verbesserung.<\/p>\n<p>Zu den Schl\u00fcsselelementen von Gemba-Spazierg\u00e4ngen geh\u00f6ren:<\/p>\n<ul>\n<li><strong>Priorisierung von Produktionsbereichen mit L\u00fccken bei wichtigen Leistungsindikatoren (KPI).<\/strong>: Verbesserungsm\u00f6glichkeiten sind leichter zu erkennen, wenn man die Arbeit in der Werkstatt in Echtzeit beobachtet. Bei Spazierg\u00e4ngen ist es unbedingt erforderlich, Daten zu sammeln, um zu erkennen, welche Bereiche Aufmerksamkeit erfordern, und um die L\u00fccke zu schlie\u00dfen.<\/li>\n<li><strong>Integrieren Sie digitale Checklisten<\/strong>: Checklisten f\u00fcr Gemba-Wanderungen dienen als Leitfaden f\u00fcr die Suche und als Ort zum Aufzeichnen aller Beobachtungen.<\/li>\n<li><strong>Planen Sie Gemba-Spazierg\u00e4nge<\/strong>: Es ist immer am besten, einen Gemba-Spaziergang im Voraus zu planen. F\u00fchren Sie niemals Spazierg\u00e4nge an Ort und Stelle durch, da dies dazu f\u00fchren k\u00f6nnte, dass sich die Arbeiter unwohl f\u00fchlen und denken, sie seien in Schwierigkeiten.<\/li>\n<li><strong>Fragen stellen<\/strong>: Durch das Stellen von Fragen, sowohl vorbereiteten als auch Ad-hoc-Fragen, k\u00f6nnen positive Interaktionen mit Mitarbeitern entstehen, die bessere Beziehungen aufbauen und Produktionsl\u00fccken schlie\u00dfen.<\/li>\n<li><strong>Notizen und Bilder sind hilfreich<\/strong>: Es ist wichtig, beobachtete Befunde aufzuschreiben und Fotos zu machen, um eine visuelle Dokumentation zu haben. Dies kann dem Management helfen, Verbesserungsmuster zu erkennen.<\/li>\n<li><strong>Es geht um den Prozess, nicht um die Arbeiter<\/strong>: Bei Gemba-Spazierg\u00e4ngen geht es um die Beobachtung von Herstellungsprozessen, nicht um einzelne Mitarbeiter. Vermeiden Sie es, Vorschl\u00e4ge zu machen oder pers\u00f6nliche Ansichten zu teilen. Es ist besser, zuzuh\u00f6ren, sich \u00fcber jeden Prozess zu informieren und Erkenntnisse von den Mitarbeitern zu gewinnen.<\/li>\n<\/ul>\n<\/div><\/section><\/p><\/div>\n<\/p>\n<\/div><\/div><\/div><!-- close content main div --><\/div><\/div><div id='how-to-do-a-gemba-walk'  class='avia-section main_color avia-section-no-padding avia-no-border-styling avia-bg-style-scroll  avia-builder-el-13  el_after_av_section  el_before_av_section  glossary-container  container_wrap sidebar_right' style=' '  ><div class='container' ><div class='template-page content  av-content-small alpha units'><div class='post-entry post-entry-type-page post-entry-13460'><div class='entry-content-wrapper clearfix'>\n<div class=\"flex_column av_one_full  flex_column_div av-zero-column-padding first  avia-builder-el-14  avia-builder-el-no-sibling\" style='border-radius:0px; '><p><div  style='padding-bottom:10px; font-size:32px;' class='av-special-heading av-special-heading-h2  blockquote modern-quote  avia-builder-el-15  el_before_av_textblock  avia-builder-el-first  av-inherit-size'><h2 class='av-special-heading-tag'  itemprop=\"headline\"  >Wie man einen Gemba-Spaziergang macht<\/h2><div class='special-heading-border'><div class='special-heading-inner-border' ><\/div><\/div><\/div><br \/>\n<section class=\"av_textblock_section\"  itemscope=\"itemscope\" itemtype=\"https:\/\/schema.org\/CreativeWork\" ><div class='avia_textblock'   itemprop=\"text\" ><p>Gemba-Rundg\u00e4nge eignen sich hervorragend, um zu sehen, welche Produktionsbereiche betreut werden m\u00fcssen. Obwohl die Fertigungsprozesse je nach Unternehmen unterschiedlich sind, k\u00f6nnen die folgenden Schritte auf Gemba-Durchg\u00e4nge in der Fertigung angewendet werden.<\/p>\n<h3>Schritt 1: Benachrichtigen Sie die Mitarbeiter<\/h3>\n<p>Es ist wichtig, die Mitarbeiter im Voraus \u00fcber die Durchf\u00fchrung eines Gemba-Spaziergangs zu informieren, um Bedenken oder Fehlverhalten vorzubeugen. Dies minimiert Sorgen und hilft den Arbeitnehmern, ihre Routineaufgaben nat\u00fcrlicher zu erledigen.<\/p>\n<h3>Schritt 2: Bereiten Sie Fragen f\u00fcr die Arbeitnehmer vor<\/h3>\n<p>Durch das Erstellen einer Liste mit Fragen, die den Mitarbeitern w\u00e4hrend eines Gemba-Spaziergangs gestellt werden sollen, wird sichergestellt, dass wichtige Dinge nicht \u00fcbersehen werden. Es k\u00f6nnen weitere Fragen auftauchen, aber eine vorbereitete Liste hilft dem Leiter, besser zu verstehen, wie Vorg\u00e4nge ablaufen und abgewickelt werden.<\/p>\n<h3>Schritt 3: Beobachten, nicht behindern<\/h3>\n<p>Das Ziel besteht darin, die notwendigen Informationen zu beobachten und zu sammeln, und nicht, die Arbeiter vor Ort anzurufen. Beobachter zu sein und eine respektvolle Haltung zu wahren, kann dazu beitragen, Vertrauen und Moral unter den Mitarbeitern aufzubauen.<\/p>\n<h3>Schritt 4: Befunde dokumentieren<\/h3>\n<p>Was auch immer Sie tun, es ist von gr\u00f6\u00dfter Bedeutung, Beobachtungen aufzuzeichnen, um Bereiche mit Erfolg und Verbesserungsbedarf zu ermitteln.<\/p>\n<\/div><\/section><\/p><\/div>\n\n<\/div><\/div><\/div><!-- close content main div --><\/div><\/div><div id='how-the-manufacturing-industry-can-benefit-from-gemba-walks'  class='avia-section main_color avia-section-no-padding avia-no-border-styling avia-bg-style-scroll  avia-builder-el-17  el_after_av_section  el_before_av_section  glossary-container  container_wrap sidebar_right' style=' '  ><div class='container' ><div class='template-page content  av-content-small alpha units'><div class='post-entry post-entry-type-page post-entry-13460'><div class='entry-content-wrapper clearfix'>\n<div class=\"flex_column av_one_full  flex_column_div av-zero-column-padding first  avia-builder-el-18  avia-builder-el-no-sibling\" style='border-radius:0px; '><p><div  style='padding-bottom:10px; font-size:32px;' class='av-special-heading av-special-heading-h2  blockquote modern-quote  avia-builder-el-19  el_before_av_textblock  avia-builder-el-first  av-inherit-size'><h2 class='av-special-heading-tag'  itemprop=\"headline\"  >Wie die Fertigungsindustrie von Gemba-Spazierg\u00e4ngen profitieren kann<\/h2><div class='special-heading-border'><div class='special-heading-inner-border' ><\/div><\/div><\/div><br \/>\n<section class=\"av_textblock_section\"  itemscope=\"itemscope\" itemtype=\"https:\/\/schema.org\/CreativeWork\" ><div class='avia_textblock'   itemprop=\"text\" ><p>Gemba-Rundg\u00e4nge k\u00f6nnen Fertigungsunternehmen dabei helfen, herauszufinden, wo Produktionsinkonsistenzen liegen, und L\u00fccken zu schlie\u00dfen.<\/p>\n<p>Einige, wenn die Vorteile Folgendes umfassen:<\/p>\n<ul>\n<li>Produkte von besserer Qualit\u00e4t<\/li>\n<li>Verbesserte Arbeitsproduktivit\u00e4t und Ger\u00e4teeffizienz<\/li>\n<li>Verbessertes Mitarbeiterengagement<\/li>\n<li>Einsparma\u00dfnahmen<\/li>\n<li>Verbesserte Sicherheitsprotokolle<\/li>\n<\/ul>\n<p>Bedenken Sie, dass die H\u00e4ufigkeit der Gemba-Rundg\u00e4nge von den Gesch\u00e4ftszielen, der Mitarbeitergr\u00f6\u00dfe und der Verf\u00fcgbarkeit von F\u00fchrungskr\u00e4ften abh\u00e4ngt, die die Rundg\u00e4nge durchf\u00fchren k\u00f6nnen. Wenn Ihr Ziel beispielsweise darin besteht, die Erwartungen an die Produktqualit\u00e4t stets zu erf\u00fcllen, k\u00f6nnen Sie einen Gemba-Spaziergang h\u00e4ufiger durchf\u00fchren (z. B. w\u00f6chentlich, monatlich oder viertelj\u00e4hrlich). Gr\u00f6\u00dfere Produktionsst\u00e4tten f\u00fchren aufgrund der Betriebs- und Mitarbeitergr\u00f6\u00dfe m\u00f6glicherweise h\u00e4ufiger Spazierg\u00e4nge durch.<\/p>\n<p>Augmentir kann Herstellern bei der Erstellung ma\u00dfgeschneiderter L\u00f6sungen helfen <a href=\"https:\/\/www.augmentir.com\/glossary\/what-are-digital-work-instructions\">digitale Arbeitsanweisungen<\/a> f\u00fcr die Durchf\u00fchrung von Gemba-Spazierg\u00e4ngen und vielen anderen Prozessen mit unserem <a href=\"https:\/\/www.augmentir.com\/product\">Connected Worker-L\u00f6sung<\/a>. Wir haben es uns zur Aufgabe gemacht, den Betrieb an vorderster Front, die Produktivit\u00e4t der Mitarbeiter und die Maschineneffizienz zu verbessern.<\/p>\n<\/div><\/section><\/p><\/div>\n\n<\/div><\/div><\/div><!-- close content main div --><\/div><\/div><div id='av_section_6'  class='avia-section main_color avia-section-default avia-no-border-styling avia-bg-style-scroll  avia-builder-el-21  el_after_av_section  el_before_av_section   container_wrap sidebar_right' style=' margin-top:20px; margin-bottom:20px; '  ><div class='container' ><div class='template-page content  av-content-small alpha units'><div class='post-entry post-entry-type-page post-entry-13460'><div class='entry-content-wrapper clearfix'>\n\n\n<\/div><\/div><\/div><!-- close content main div --><\/div><\/div><div id='faq'  class='avia-section main_color avia-section-default avia-no-border-styling avia-bg-style-scroll  avia-builder-el-23  el_after_av_section  avia-builder-el-last  glossary-container  container_wrap sidebar_right' style='background-color: #eff2f4;  margin-top:0px; margin-bottom:0px; '  ><div class='container' ><div class='template-page content  av-content-small alpha units'><div class='post-entry post-entry-type-page post-entry-13460'><div class='entry-content-wrapper clearfix'>\n<div class=\"flex_column av_one_full  flex_column_div av-zero-column-padding first  avia-builder-el-24  avia-builder-el-no-sibling\" style='border-radius:0px; '><p><div  style='padding-bottom:36px; font-size:32px;' class='av-special-heading av-special-heading-h2  blockquote modern-quote  avia-builder-el-25  el_before_av_textblock  avia-builder-el-first  av-inherit-size'><h2 class='av-special-heading-tag'  itemprop=\"headline\"  >H\u00e4ufig gestellte Fragen (FAQ)<\/h2><div class='special-heading-border'><div class='special-heading-inner-border' ><\/div><\/div><\/div><br \/>\n<section class=\"av_textblock_section\"  itemscope=\"itemscope\" itemtype=\"https:\/\/schema.org\/CreativeWork\" ><div class='avia_textblock'   itemprop=\"text\" ><\/div><\/section><br \/>\n<\/p><\/div><\/div><\/div><\/div><!-- close content main div --><\/div><\/div><div id='after_section_7'  class='main_color av_default_container_wrap container_wrap sidebar_right' style=' '  ><div class='container' ><div class='template-page content  av-content-small alpha units'><div class='post-entry post-entry-type-page post-entry-13460'><div class='entry-content-wrapper clearfix'>","protected":false},"excerpt":{"rendered":"","protected":false},"author":1,"featured_media":0,"parent":11161,"menu_order":0,"comment_status":"closed","ping_status":"closed","template":"","meta":{"inline_featured_image":false,"_lmt_disableupdate":"no","_lmt_disable":"","footnotes":""},"class_list":["post-13460","page","type-page","status-publish","hentry"],"yoast_head":"<!-- This site is optimized with the Yoast SEO plugin v27.2 - https:\/\/yoast.com\/product\/yoast-seo-wordpress\/ -->\n<title>Gemba Walk in Manufacturing: What is It and What are the Benefits? - Augmentir<\/title>\n<meta name=\"description\" content=\"Learn what a gemba walk in manufacturing is, the steps involved in conducting one, and how to digitize data collection using Augmentir.\" \/>\n<meta name=\"robots\" content=\"index, follow, max-snippet:-1, max-image-preview:large, max-video-preview:-1\" \/>\n<link rel=\"canonical\" href=\"https:\/\/www.augmentir.com\/de\/glossary\/gemba-walk-manufacturing\" \/>\n<meta property=\"og:locale\" content=\"de_DE\" \/>\n<meta property=\"og:type\" content=\"article\" \/>\n<meta property=\"og:title\" content=\"Gemba Walk in Manufacturing: What is It and What are the Benefits? - Augmentir\" \/>\n<meta property=\"og:description\" content=\"Learn what a gemba walk in manufacturing is, the steps involved in conducting one, and how to digitize data collection using Augmentir.\" \/>\n<meta property=\"og:url\" content=\"https:\/\/www.augmentir.com\/de\/glossary\/gemba-walk-manufacturing\" \/>\n<meta property=\"og:site_name\" content=\"Augmentir\" \/>\n<meta property=\"article:modified_time\" content=\"2025-06-23T13:00:28+00:00\" \/>\n<meta name=\"twitter:card\" content=\"summary_large_image\" \/>\n<meta name=\"twitter:site\" content=\"@augmentir\" \/>\n<script type=\"application\/ld+json\" class=\"yoast-schema-graph\">{\"@context\":\"https:\/\/schema.org\",\"@graph\":[{\"@type\":\"WebPage\",\"@id\":\"https:\/\/www.augmentir.com\/glossary\/gemba-walk-manufacturing\",\"url\":\"https:\/\/www.augmentir.com\/glossary\/gemba-walk-manufacturing\",\"name\":\"Gemba Walk in Manufacturing: What is It and What are the Benefits? - Augmentir\",\"isPartOf\":{\"@id\":\"https:\/\/www.augmentir.com\/#website\"},\"datePublished\":\"2023-06-04T01:52:13+00:00\",\"dateModified\":\"2025-06-23T13:00:28+00:00\",\"description\":\"Learn what a gemba walk in manufacturing is, the steps involved in conducting one, and how to digitize data collection using Augmentir.\",\"breadcrumb\":{\"@id\":\"https:\/\/www.augmentir.com\/glossary\/gemba-walk-manufacturing#breadcrumb\"},\"inLanguage\":\"de-DE\",\"potentialAction\":[{\"@type\":\"ReadAction\",\"target\":[\"https:\/\/www.augmentir.com\/glossary\/gemba-walk-manufacturing\"]}]},{\"@type\":\"BreadcrumbList\",\"@id\":\"https:\/\/www.augmentir.com\/glossary\/gemba-walk-manufacturing#breadcrumb\",\"itemListElement\":[{\"@type\":\"ListItem\",\"position\":1,\"name\":\"Home\",\"item\":\"https:\/\/www.augmentir.com\/\"},{\"@type\":\"ListItem\",\"position\":2,\"name\":\"Topics\",\"item\":\"https:\/\/www.augmentir.com\/glossary\"},{\"@type\":\"ListItem\",\"position\":3,\"name\":\"Gemba Walk in Manufacturing: What is It and What are the Benefits?\"}]},{\"@type\":\"WebSite\",\"@id\":\"https:\/\/www.augmentir.com\/#website\",\"url\":\"https:\/\/www.augmentir.com\/\",\"name\":\"Augmentir\",\"description\":\"AI-Powered Connected Worker Platform\",\"publisher\":{\"@id\":\"https:\/\/www.augmentir.com\/#organization\"},\"potentialAction\":[{\"@type\":\"SearchAction\",\"target\":{\"@type\":\"EntryPoint\",\"urlTemplate\":\"https:\/\/www.augmentir.com\/?s={search_term_string}\"},\"query-input\":{\"@type\":\"PropertyValueSpecification\",\"valueRequired\":true,\"valueName\":\"search_term_string\"}}],\"inLanguage\":\"de-DE\"},{\"@type\":\"Organization\",\"@id\":\"https:\/\/www.augmentir.com\/#organization\",\"name\":\"Augmentir, Inc.\",\"url\":\"https:\/\/www.augmentir.com\/\",\"logo\":{\"@type\":\"ImageObject\",\"inLanguage\":\"de-DE\",\"@id\":\"https:\/\/www.augmentir.com\/#\/schema\/logo\/image\/\",\"url\":\"https:\/\/www.augmentir.com\/wp-content\/uploads\/2021\/10\/Augmentir_Logo.svg\",\"contentUrl\":\"https:\/\/www.augmentir.com\/wp-content\/uploads\/2021\/10\/Augmentir_Logo.svg\",\"width\":\"1200\",\"height\":\"1200\",\"caption\":\"Augmentir, Inc.\"},\"image\":{\"@id\":\"https:\/\/www.augmentir.com\/#\/schema\/logo\/image\/\"},\"sameAs\":[\"https:\/\/x.com\/augmentir\",\"https:\/\/www.linkedin.com\/company\/augmentir\"]}]}<\/script>\n<!-- \/ Yoast SEO plugin. -->","yoast_head_json":{"title":"Gemba Walk in Manufacturing: What is It and What are the Benefits? - Augmentir","description":"Learn what a gemba walk in manufacturing is, the steps involved in conducting one, and how to digitize data collection using Augmentir.","robots":{"index":"index","follow":"follow","max-snippet":"max-snippet:-1","max-image-preview":"max-image-preview:large","max-video-preview":"max-video-preview:-1"},"canonical":"https:\/\/www.augmentir.com\/de\/glossary\/gemba-walk-manufacturing","og_locale":"de_DE","og_type":"article","og_title":"Gemba Walk in Manufacturing: What is It and What are the Benefits? - Augmentir","og_description":"Learn what a gemba walk in manufacturing is, the steps involved in conducting one, and how to digitize data collection using Augmentir.","og_url":"https:\/\/www.augmentir.com\/de\/glossary\/gemba-walk-manufacturing","og_site_name":"Augmentir","article_modified_time":"2025-06-23T13:00:28+00:00","twitter_card":"summary_large_image","twitter_site":"@augmentir","schema":{"@context":"https:\/\/schema.org","@graph":[{"@type":"WebPage","@id":"https:\/\/www.augmentir.com\/glossary\/gemba-walk-manufacturing","url":"https:\/\/www.augmentir.com\/glossary\/gemba-walk-manufacturing","name":"Gemba Walk in Manufacturing: What is It and What are the Benefits? - Augmentir","isPartOf":{"@id":"https:\/\/www.augmentir.com\/#website"},"datePublished":"2023-06-04T01:52:13+00:00","dateModified":"2025-06-23T13:00:28+00:00","description":"Learn what a gemba walk in manufacturing is, the steps involved in conducting one, and how to digitize data collection using Augmentir.","breadcrumb":{"@id":"https:\/\/www.augmentir.com\/glossary\/gemba-walk-manufacturing#breadcrumb"},"inLanguage":"de-DE","potentialAction":[{"@type":"ReadAction","target":["https:\/\/www.augmentir.com\/glossary\/gemba-walk-manufacturing"]}]},{"@type":"BreadcrumbList","@id":"https:\/\/www.augmentir.com\/glossary\/gemba-walk-manufacturing#breadcrumb","itemListElement":[{"@type":"ListItem","position":1,"name":"Home","item":"https:\/\/www.augmentir.com\/"},{"@type":"ListItem","position":2,"name":"Topics","item":"https:\/\/www.augmentir.com\/glossary"},{"@type":"ListItem","position":3,"name":"Gemba Walk in Manufacturing: What is It and What are the Benefits?"}]},{"@type":"WebSite","@id":"https:\/\/www.augmentir.com\/#website","url":"https:\/\/www.augmentir.com\/","name":"Augmentir","description":"AI-Powered Connected Worker Platform","publisher":{"@id":"https:\/\/www.augmentir.com\/#organization"},"potentialAction":[{"@type":"SearchAction","target":{"@type":"EntryPoint","urlTemplate":"https:\/\/www.augmentir.com\/?s={search_term_string}"},"query-input":{"@type":"PropertyValueSpecification","valueRequired":true,"valueName":"search_term_string"}}],"inLanguage":"de-DE"},{"@type":"Organization","@id":"https:\/\/www.augmentir.com\/#organization","name":"Augmentir, Inc.","url":"https:\/\/www.augmentir.com\/","logo":{"@type":"ImageObject","inLanguage":"de-DE","@id":"https:\/\/www.augmentir.com\/#\/schema\/logo\/image\/","url":"https:\/\/www.augmentir.com\/wp-content\/uploads\/2021\/10\/Augmentir_Logo.svg","contentUrl":"https:\/\/www.augmentir.com\/wp-content\/uploads\/2021\/10\/Augmentir_Logo.svg","width":"1200","height":"1200","caption":"Augmentir, Inc."},"image":{"@id":"https:\/\/www.augmentir.com\/#\/schema\/logo\/image\/"},"sameAs":["https:\/\/x.com\/augmentir","https:\/\/www.linkedin.com\/company\/augmentir"]}]}},"_links":{"self":[{"href":"https:\/\/www.augmentir.com\/de\/wp-json\/wp\/v2\/pages\/13460","targetHints":{"allow":["GET"]}}],"collection":[{"href":"https:\/\/www.augmentir.com\/de\/wp-json\/wp\/v2\/pages"}],"about":[{"href":"https:\/\/www.augmentir.com\/de\/wp-json\/wp\/v2\/types\/page"}],"author":[{"embeddable":true,"href":"https:\/\/www.augmentir.com\/de\/wp-json\/wp\/v2\/users\/1"}],"replies":[{"embeddable":true,"href":"https:\/\/www.augmentir.com\/de\/wp-json\/wp\/v2\/comments?post=13460"}],"version-history":[{"count":0,"href":"https:\/\/www.augmentir.com\/de\/wp-json\/wp\/v2\/pages\/13460\/revisions"}],"up":[{"embeddable":true,"href":"https:\/\/www.augmentir.com\/de\/wp-json\/wp\/v2\/pages\/11161"}],"wp:attachment":[{"href":"https:\/\/www.augmentir.com\/de\/wp-json\/wp\/v2\/media?parent=13460"}],"curies":[{"name":"wp","href":"https:\/\/api.w.org\/{rel}","templated":true}]}}